{"id":3262,"date":"2024-11-22T08:21:26","date_gmt":"2024-11-22T08:21:26","guid":{"rendered":"https:\/\/xinhaowelding.com\/?post_type=product&#038;p=3262"},"modified":"2025-04-09T01:57:29","modified_gmt":"2025-04-09T01:57:29","slug":"turning-rolls","status":"publish","type":"product","link":"https:\/\/www.xinhaowelding.com\/de\/produkt\/turning-rolls\/","title":{"rendered":"Wenderollen"},"content":{"rendered":"<h2 class=\"wp-block-heading\"><strong><a href=\"https:\/\/www.xinhaowelding.com\/de\/produkt\/turning-rolls\/\" title=\"\u87ba\u9489\u53ef\u8c03\u6eda\u8f6e\u67b6\">\u87ba\u9489\u53ef\u8c03\u6eda\u8f6e\u67b6<\/a><\/strong><\/h2>\n\n\n\n<h2 class=\"wp-block-heading\">Schraube verstellbares Rollengestell<\/h2>\n\n\n\n<h2 class=\"wp-block-heading\"><strong>Verstellbarer Schraubrollenrahmen - Hochwertige Schwei\u00dfhilfsmittel<\/strong><\/h2>\n\n\n\n<p>Der verstellbare Schraubenrollenrahmen ist ein wichtiges Schwei\u00dfhilfsmittel, das in verschiedenen Industriezweigen wie dem Schiffbau, der Petrochemie und der mechanischen Fertigung weit verbreitet ist1.<\/p>\n\n\n\n<h2 class=\"wp-block-heading\"><strong>Breite Palette von Anwendungen<\/strong>: <\/h2>\n\n\n\n<p>Dieser Rollenrahmen wird haupts\u00e4chlich zum Schwei\u00dfen, Polieren, Gummieren und Montieren von zylindrischen Werkst\u00fccken verwendet. Er kann auch in Verbindung mit anderen Vorrichtungen f\u00fcr die Montage und das Schwei\u00dfen von Kegeln und segmentierten Drehk\u00f6rpern mit ungleichem Durchmesser verwendet werden. Sie findet breite Anwendung in Branchen wie Windkraft, Druckbeh\u00e4lter, Petrochemie, Pipelines, Stahlkonstruktionen, Kessel und Schiffbau. <\/p>\n\n\n\n<h2 class=\"wp-block-heading\"><strong>Hervorragende Einstellbarkeit<\/strong>:<\/h2>\n\n\n\n<p>Dieser Rollenrahmen verf\u00fcgt \u00fcber einen schraubbaren Mechanismus, der eine pr\u00e4zise und bequeme Einstellung des Achsabstands zwischen den Rollen erm\u00f6glicht7. Durch einfaches Drehen der Schrauben kann der Benutzer den Rollenrahmen leicht an Werkst\u00fccke mit unterschiedlichen Durchmessern anpassen und so einen perfekten Sitz und eine stabile Drehung des Werkst\u00fccks gew\u00e4hrleisten.<\/p>\n\n\n\n<h2 class=\"wp-block-heading\"><strong>Zuverl\u00e4ssiges Antriebssystem<\/strong>: <\/h2>\n\n\n\n<p>Sie ist mit einem leistungsstarken Antriebssystem ausgestattet. In der Regel wird ein drehzahlgeregelter Motor mit variabler Frequenz eingesetzt, der die Rollen \u00fcber ein Getriebe antreibt6. Dieser Antriebsmodus bietet eine stabile Geschwindigkeitsregelung und erm\u00f6glicht eine stufenlose Geschwindigkeitsregulierung innerhalb eines bestimmten Bereichs, um die Geschwindigkeitsanforderungen verschiedener Schwei\u00dfprozesse zu erf\u00fcllen6. Der Motor verf\u00fcgt \u00fcber ein starkes Drehmoment, das sicherstellt, dass das Werkst\u00fcck auch bei niedrigen Geschwindigkeiten gleichm\u00e4\u00dfig rotieren kann6.<\/p>\n\n\n\n<h2 class=\"wp-block-heading\"><strong>Langlebige und verschlei\u00dffeste Walzen<\/strong>: <\/h2>\n\n\n\n<p>Die Rollen des verstellbaren Schraubrollenrahmens sind aus hochwertigen Materialien gefertigt. In der Regel werden Stahl-Gummi-Kombinationsrollen verwendet, bei denen der Stahlkern f\u00fcr eine ausgezeichnete Festigkeit und Tragf\u00e4higkeit sorgt und die \u00e4u\u00dfere Gummischicht gute Reibungs- und Sto\u00dfd\u00e4mpfungseigenschaften bietet6. Diese Konstruktion erh\u00f6ht nicht nur die Lebensdauer der Rollen, sondern sch\u00fctzt auch die Oberfl\u00e4che des Werkst\u00fccks wirksam vor Kratzern und Sch\u00e4den.<\/p>\n\n\n\n<p>Die von unserem Unternehmen hergestellten Rollengestelle k\u00f6nnen je nach Verstellmethode in drei Formen unterteilt werden: selbsteinstellend, schraubeneinstellend und schraubeneinstellend.<\/p>\n\n\n\n<p> W\u00e4hlen Sie ber\u00fchmte Inverter, verdrahtet oder drahtlos Handheld-Box Drehzahlregelung, digitale Anzeige Geschwindigkeit.<\/p>\n\n\n\n<p> Motor, Wechselrichter kostenlose Garantie f\u00fcr ein Jahr, nationale Fracht.<\/p>\n\n\n\n<figure class=\"wp-block-table\"><table class=\"has-fixed-layout\"><tbody><tr><td><strong>Modellnummer<\/strong><strong><\/strong><\/td><td><strong>laden<\/strong><strong><\/strong><\/td><td><strong>Umfang der Anwendung<\/strong><strong><\/strong><\/td><td><strong>Geschwindigkeit der Walzen<\/strong><strong><\/strong><\/td><td><strong>Gr\u00f6\u00dfe der Walze<\/strong><strong><\/strong><\/td><td><strong>Motorleistung<\/strong><strong><\/strong><\/td><td><strong>Selbstbeherrscht sein<\/strong><strong><\/strong><\/td><\/tr><tr><td>KT-5<\/td><td>5T<\/td><td>350-2500mm<\/td><td>100-1000m\/min<\/td><td>\u03a6220*120<\/td><td>2*0,37KW<\/td><td>450KG<\/td><\/tr><tr><td>KT-10<\/td><td>10T<\/td><td>300-3000mm<\/td><td>100-1000m\/min<\/td><td>\u03a6250*120<\/td><td>2*0,75KW<\/td><td>400KG<\/td><\/tr><tr><td>KT-20<\/td><td>20T<\/td><td>550-4000mm<\/td><td>100-1000m\/min<\/td><td>\u03a6300*140<\/td><td>2*0,75KW<\/td><td>500KG<\/td><\/tr><tr><td>KT-30<\/td><td>30T<\/td><td>600-4500mm<\/td><td>100-1000m\/min<\/td><td>\u03a6350*180<\/td><td>2*1.1KW<\/td><td>700KG<\/td><\/tr><tr><td>KT-50<\/td><td>50T<\/td><td>800-5000mm<\/td><td>100-1000m\/min<\/td><td>\u03a6400*200<\/td><td>2*1,5KW<\/td><td>2100KG<\/td><\/tr><\/tbody><\/table><\/figure>\n\n\n\n<div class=\"wp-block-uagb-container uagb-block-6e1d8b45 alignfull uagb-is-root-container\"><div class=\"uagb-container-inner-blocks-wrap\">\n<div class=\"wp-block-uagb-container uagb-block-5cbf60e0\">\n<figure class=\"wp-block-image size-full\"><img fetchpriority=\"high\" decoding=\"async\" width=\"800\" height=\"800\" src=\"https:\/\/www.xinhaowelding.com\/wp-content\/uploads\/2024\/11\/2.png\" alt=\"\" class=\"wp-image-3962\" srcset=\"https:\/\/www.xinhaowelding.com\/wp-content\/uploads\/2024\/11\/2.png 800w, https:\/\/www.xinhaowelding.com\/wp-content\/uploads\/2024\/11\/2-300x300.png 300w, https:\/\/www.xinhaowelding.com\/wp-content\/uploads\/2024\/11\/2-150x150.png 150w, https:\/\/www.xinhaowelding.com\/wp-content\/uploads\/2024\/11\/2-768x768.png 768w, https:\/\/www.xinhaowelding.com\/wp-content\/uploads\/2024\/11\/2-12x12.png 12w, https:\/\/www.xinhaowelding.com\/wp-content\/uploads\/2024\/11\/2-600x600.png 600w, https:\/\/www.xinhaowelding.com\/wp-content\/uploads\/2024\/11\/2-100x100.png 100w\" sizes=\"(max-width: 800px) 100vw, 800px\" \/><\/figure>\n<\/div>\n\n\n\n<div class=\"wp-block-uagb-container uagb-block-4a9b13c5\">\n<figure class=\"wp-block-image size-full\"><img decoding=\"async\" width=\"800\" height=\"800\" src=\"https:\/\/www.xinhaowelding.com\/wp-content\/uploads\/2024\/11\/1-2.png\" alt=\"\" class=\"wp-image-3961\" srcset=\"https:\/\/www.xinhaowelding.com\/wp-content\/uploads\/2024\/11\/1-2.png 800w, https:\/\/www.xinhaowelding.com\/wp-content\/uploads\/2024\/11\/1-2-300x300.png 300w, https:\/\/www.xinhaowelding.com\/wp-content\/uploads\/2024\/11\/1-2-150x150.png 150w, https:\/\/www.xinhaowelding.com\/wp-content\/uploads\/2024\/11\/1-2-768x768.png 768w, https:\/\/www.xinhaowelding.com\/wp-content\/uploads\/2024\/11\/1-2-12x12.png 12w, https:\/\/www.xinhaowelding.com\/wp-content\/uploads\/2024\/11\/1-2-600x600.png 600w, https:\/\/www.xinhaowelding.com\/wp-content\/uploads\/2024\/11\/1-2-100x100.png 100w\" sizes=\"(max-width: 800px) 100vw, 800px\" \/><\/figure>\n<\/div>\n\n\n\n<div class=\"wp-block-uagb-container uagb-block-3048da7c\">\n<figure class=\"wp-block-image size-full\"><img decoding=\"async\" width=\"800\" height=\"800\" src=\"https:\/\/www.xinhaowelding.com\/wp-content\/uploads\/2024\/11\/4-10.jpg\" alt=\"\" class=\"wp-image-3958\" srcset=\"https:\/\/www.xinhaowelding.com\/wp-content\/uploads\/2024\/11\/4-10.jpg 800w, https:\/\/www.xinhaowelding.com\/wp-content\/uploads\/2024\/11\/4-10-300x300.jpg 300w, https:\/\/www.xinhaowelding.com\/wp-content\/uploads\/2024\/11\/4-10-150x150.jpg 150w, https:\/\/www.xinhaowelding.com\/wp-content\/uploads\/2024\/11\/4-10-768x768.jpg 768w, https:\/\/www.xinhaowelding.com\/wp-content\/uploads\/2024\/11\/4-10-12x12.jpg 12w, https:\/\/www.xinhaowelding.com\/wp-content\/uploads\/2024\/11\/4-10-600x600.jpg 600w, https:\/\/www.xinhaowelding.com\/wp-content\/uploads\/2024\/11\/4-10-100x100.jpg 100w\" sizes=\"(max-width: 800px) 100vw, 800px\" \/><\/figure>\n<\/div>\n<\/div><\/div>\n\n\n\n<h2 class=\"wp-block-heading has-large-font-size\">\u4ea7\u54c1\u7ec6\u8282<\/h2>\n\n\n\n<h2 class=\"wp-block-heading has-large-font-size\"><strong>Einzelheiten zum Produkt<\/strong><strong><\/strong><\/h2>\n\n\n\n<div class=\"wp-block-uagb-container uagb-block-1fc25532 alignfull uagb-is-root-container\"><div class=\"uagb-container-inner-blocks-wrap\">\n<div class=\"wp-block-uagb-container uagb-block-43989657\">\n<figure class=\"wp-block-image size-large\"><img loading=\"lazy\" decoding=\"async\" width=\"1024\" height=\"819\" src=\"https:\/\/www.xinhaowelding.com\/wp-content\/uploads\/2024\/11\/\u7ec6\u82821-7-1024x819.jpg\" alt=\"\" class=\"wp-image-3970\" srcset=\"https:\/\/www.xinhaowelding.com\/wp-content\/uploads\/2024\/11\/\u7ec6\u82821-7-1024x819.jpg 1024w, https:\/\/www.xinhaowelding.com\/wp-content\/uploads\/2024\/11\/\u7ec6\u82821-7-300x240.jpg 300w, https:\/\/www.xinhaowelding.com\/wp-content\/uploads\/2024\/11\/\u7ec6\u82821-7-768x615.jpg 768w, https:\/\/www.xinhaowelding.com\/wp-content\/uploads\/2024\/11\/\u7ec6\u82821-7-1536x1229.jpg 1536w, https:\/\/www.xinhaowelding.com\/wp-content\/uploads\/2024\/11\/\u7ec6\u82821-7-2048x1639.jpg 2048w, https:\/\/www.xinhaowelding.com\/wp-content\/uploads\/2024\/11\/\u7ec6\u82821-7-15x12.jpg 15w, https:\/\/www.xinhaowelding.com\/wp-content\/uploads\/2024\/11\/\u7ec6\u82821-7-600x480.jpg 600w\" sizes=\"(max-width: 1024px) 100vw, 1024px\" \/><\/figure>\n<\/div>\n\n\n\n<div class=\"wp-block-uagb-container uagb-block-879db55f\">\n<p class=\"has-large-font-size\"><strong>Straffe Struktur<\/strong><\/p>\n\n\n\n<div class=\"wp-block-group is-layout-constrained wp-block-group-is-layout-constrained\">\n<p>Die Struktur ist einfach und kompakt<\/p>\n\n\n\n<p>Kleine Gr\u00f6\u00dfe, geringes Gewicht<\/p>\n<\/div>\n<\/div>\n<\/div><\/div>\n\n\n\n<div class=\"wp-block-uagb-container uagb-block-aad389ad alignfull uagb-is-root-container\"><div class=\"uagb-container-inner-blocks-wrap\">\n<div class=\"wp-block-uagb-container uagb-block-50017286\">\n<figure class=\"wp-block-image size-large\"><img loading=\"lazy\" decoding=\"async\" width=\"1024\" height=\"819\" src=\"https:\/\/www.xinhaowelding.com\/wp-content\/uploads\/2024\/11\/\u7ec6\u82822-8-1024x819.jpg\" alt=\"\" class=\"wp-image-3971\" srcset=\"https:\/\/www.xinhaowelding.com\/wp-content\/uploads\/2024\/11\/\u7ec6\u82822-8-1024x819.jpg 1024w, https:\/\/www.xinhaowelding.com\/wp-content\/uploads\/2024\/11\/\u7ec6\u82822-8-300x240.jpg 300w, https:\/\/www.xinhaowelding.com\/wp-content\/uploads\/2024\/11\/\u7ec6\u82822-8-768x615.jpg 768w, https:\/\/www.xinhaowelding.com\/wp-content\/uploads\/2024\/11\/\u7ec6\u82822-8-1536x1229.jpg 1536w, https:\/\/www.xinhaowelding.com\/wp-content\/uploads\/2024\/11\/\u7ec6\u82822-8-2048x1639.jpg 2048w, https:\/\/www.xinhaowelding.com\/wp-content\/uploads\/2024\/11\/\u7ec6\u82822-8-15x12.jpg 15w, https:\/\/www.xinhaowelding.com\/wp-content\/uploads\/2024\/11\/\u7ec6\u82822-8-600x480.jpg 600w\" sizes=\"(max-width: 1024px) 100vw, 1024px\" \/><\/figure>\n<\/div>\n\n\n\n<div class=\"wp-block-uagb-container uagb-block-78d72019\">\n<p class=\"has-large-font-size\"><strong><strong>Starke Belastbarkeit<\/strong><\/strong><\/p>\n\n\n\n<div class=\"wp-block-group is-layout-constrained wp-block-group-is-layout-constrained\">\n<p>Motorantrieb mit konstantem Drehmoment und variabler Frequenzregelung<\/p>\n\n\n\n<p>Hohe Tragf\u00e4higkeit, Stabilit\u00e4t bei niedriger Geschwindigkeit<\/p>\n<\/div>\n<\/div>\n<\/div><\/div>\n\n\n\n<div class=\"wp-block-uagb-container uagb-block-dd7f853c alignfull uagb-is-root-container\"><div class=\"uagb-container-inner-blocks-wrap\">\n<div class=\"wp-block-uagb-container uagb-block-ec60de54\">\n<figure class=\"wp-block-image size-large\"><img loading=\"lazy\" decoding=\"async\" width=\"1024\" height=\"819\" src=\"https:\/\/www.xinhaowelding.com\/wp-content\/uploads\/2024\/11\/\u7ec6\u82823-7-1024x819.jpg\" alt=\"\" class=\"wp-image-3972\" srcset=\"https:\/\/www.xinhaowelding.com\/wp-content\/uploads\/2024\/11\/\u7ec6\u82823-7-1024x819.jpg 1024w, https:\/\/www.xinhaowelding.com\/wp-content\/uploads\/2024\/11\/\u7ec6\u82823-7-300x240.jpg 300w, https:\/\/www.xinhaowelding.com\/wp-content\/uploads\/2024\/11\/\u7ec6\u82823-7-768x615.jpg 768w, https:\/\/www.xinhaowelding.com\/wp-content\/uploads\/2024\/11\/\u7ec6\u82823-7-1536x1229.jpg 1536w, https:\/\/www.xinhaowelding.com\/wp-content\/uploads\/2024\/11\/\u7ec6\u82823-7-2048x1639.jpg 2048w, https:\/\/www.xinhaowelding.com\/wp-content\/uploads\/2024\/11\/\u7ec6\u82823-7-15x12.jpg 15w, https:\/\/www.xinhaowelding.com\/wp-content\/uploads\/2024\/11\/\u7ec6\u82823-7-600x480.jpg 600w\" sizes=\"(max-width: 1024px) 100vw, 1024px\" \/><\/figure>\n<\/div>\n\n\n\n<div class=\"wp-block-uagb-container uagb-block-0c7de1f4\">\n<p class=\"has-large-font-size\"><strong><strong><strong>Einfache Bedienung<\/strong><\/strong><\/strong><\/p>\n\n\n\n<div class=\"wp-block-group is-layout-constrained wp-block-group-is-layout-constrained\">\n<p>Einfach zu bedienen<\/p>\n\n\n\n<p>Bequeme Installation und Handhabung, hohe Praxistauglichkeit<\/p>\n<\/div>\n<\/div>\n<\/div><\/div>\n\n\n\n<div class=\"wp-block-uagb-container uagb-block-38d14bcb alignfull uagb-is-root-container\"><div class=\"uagb-container-inner-blocks-wrap\">\n<div class=\"wp-block-uagb-container uagb-block-7e6fc4a7\">\n<figure class=\"wp-block-image size-large\"><img loading=\"lazy\" decoding=\"async\" width=\"1024\" height=\"819\" src=\"https:\/\/www.xinhaowelding.com\/wp-content\/uploads\/2024\/11\/xijie-4-1024x819.jpg\" alt=\"\" class=\"wp-image-3964\" srcset=\"https:\/\/www.xinhaowelding.com\/wp-content\/uploads\/2024\/11\/xijie-4-1024x819.jpg 1024w, https:\/\/www.xinhaowelding.com\/wp-content\/uploads\/2024\/11\/xijie-4-300x240.jpg 300w, https:\/\/www.xinhaowelding.com\/wp-content\/uploads\/2024\/11\/xijie-4-768x615.jpg 768w, https:\/\/www.xinhaowelding.com\/wp-content\/uploads\/2024\/11\/xijie-4-1536x1229.jpg 1536w, https:\/\/www.xinhaowelding.com\/wp-content\/uploads\/2024\/11\/xijie-4-2048x1639.jpg 2048w, https:\/\/www.xinhaowelding.com\/wp-content\/uploads\/2024\/11\/xijie-4-15x12.jpg 15w, https:\/\/www.xinhaowelding.com\/wp-content\/uploads\/2024\/11\/xijie-4-600x480.jpg 600w\" sizes=\"(max-width: 1024px) 100vw, 1024px\" \/><\/figure>\n<\/div>\n\n\n\n<div class=\"wp-block-uagb-container uagb-block-0205bd1f\">\n<p class=\"has-large-font-size\"><strong><strong><strong><strong>Polyurethan-Rolle<\/strong><\/strong><\/strong><\/strong><\/p>\n\n\n\n<div class=\"wp-block-group is-layout-constrained wp-block-group-is-layout-constrained\">\n<p>Erh\u00f6hung der Reibung zwischen der Rolle und dem Werkst\u00fcck<\/p>\n\n\n\n<p>Abriebfest, feuchtigkeitsbest\u00e4ndig, rutschfest<\/p>\n<\/div>\n<\/div>\n<\/div><\/div>\n\n\n\n<h2 class=\"wp-block-heading has-large-font-size\">\u4ea7\u54c1\u89e3\u6790<\/h2>\n\n\n\n<h2 class=\"wp-block-heading has-large-font-size\">Produktanalyse<\/h2>\n\n\n\n<div class=\"wp-block-uagb-container uagb-block-62a84caa alignfull uagb-is-root-container\"><div class=\"uagb-container-inner-blocks-wrap\">\n<figure class=\"wp-block-image alignfull size-full\"><img loading=\"lazy\" decoding=\"async\" width=\"841\" height=\"568\" src=\"https:\/\/www.xinhaowelding.com\/wp-content\/uploads\/2024\/11\/\u87ba\u9489\u53ef\u8c03\u89e3\u6790.png\" alt=\"\" class=\"wp-image-3965\" srcset=\"https:\/\/www.xinhaowelding.com\/wp-content\/uploads\/2024\/11\/\u87ba\u9489\u53ef\u8c03\u89e3\u6790.png 841w, https:\/\/www.xinhaowelding.com\/wp-content\/uploads\/2024\/11\/\u87ba\u9489\u53ef\u8c03\u89e3\u6790-300x203.png 300w, https:\/\/www.xinhaowelding.com\/wp-content\/uploads\/2024\/11\/\u87ba\u9489\u53ef\u8c03\u89e3\u6790-768x519.png 768w, https:\/\/www.xinhaowelding.com\/wp-content\/uploads\/2024\/11\/\u87ba\u9489\u53ef\u8c03\u89e3\u6790-18x12.png 18w, https:\/\/www.xinhaowelding.com\/wp-content\/uploads\/2024\/11\/\u87ba\u9489\u53ef\u8c03\u89e3\u6790-600x405.png 600w\" sizes=\"(max-width: 841px) 100vw, 841px\" \/><\/figure>\n<\/div><\/div>\n\n\n\n<h2 class=\"wp-block-heading has-large-font-size\">\u73b0\u573a\u5b9e\u62cd<\/h2>\n\n\n\n<h2 class=\"wp-block-heading has-large-font-size\">Live-Dreharbeiten<\/h2>\n\n\n\n<div class=\"wp-block-uagb-container uagb-block-9d786687 alignfull uagb-is-root-container\"><div class=\"uagb-container-inner-blocks-wrap\">\n<div class=\"wp-block-uagb-container uagb-block-f94e2294\">\n<figure class=\"wp-block-image size-full\"><img loading=\"lazy\" decoding=\"async\" width=\"750\" height=\"1000\" src=\"https:\/\/www.xinhaowelding.com\/wp-content\/uploads\/2024\/11\/\u5b9e\u62cd1-1.jpg\" alt=\"\" class=\"wp-image-3966\" srcset=\"https:\/\/www.xinhaowelding.com\/wp-content\/uploads\/2024\/11\/\u5b9e\u62cd1-1.jpg 750w, https:\/\/www.xinhaowelding.com\/wp-content\/uploads\/2024\/11\/\u5b9e\u62cd1-1-225x300.jpg 225w, https:\/\/www.xinhaowelding.com\/wp-content\/uploads\/2024\/11\/\u5b9e\u62cd1-1-9x12.jpg 9w, https:\/\/www.xinhaowelding.com\/wp-content\/uploads\/2024\/11\/\u5b9e\u62cd1-1-600x800.jpg 600w\" sizes=\"(max-width: 750px) 100vw, 750px\" \/><\/figure>\n<\/div>\n\n\n\n<div class=\"wp-block-uagb-container uagb-block-e068a65c\">\n<figure class=\"wp-block-image size-full\"><img loading=\"lazy\" decoding=\"async\" width=\"750\" height=\"1000\" src=\"https:\/\/www.xinhaowelding.com\/wp-content\/uploads\/2024\/11\/\u5b9e\u62cd2-1.jpg\" alt=\"\" class=\"wp-image-3967\" srcset=\"https:\/\/www.xinhaowelding.com\/wp-content\/uploads\/2024\/11\/\u5b9e\u62cd2-1.jpg 750w, https:\/\/www.xinhaowelding.com\/wp-content\/uploads\/2024\/11\/\u5b9e\u62cd2-1-225x300.jpg 225w, https:\/\/www.xinhaowelding.com\/wp-content\/uploads\/2024\/11\/\u5b9e\u62cd2-1-9x12.jpg 9w, https:\/\/www.xinhaowelding.com\/wp-content\/uploads\/2024\/11\/\u5b9e\u62cd2-1-600x800.jpg 600w\" sizes=\"(max-width: 750px) 100vw, 750px\" \/><\/figure>\n<\/div>\n\n\n\n<div class=\"wp-block-uagb-container uagb-block-3b1b07e6\">\n<figure class=\"wp-block-image size-full\"><img loading=\"lazy\" decoding=\"async\" width=\"750\" height=\"1000\" src=\"https:\/\/www.xinhaowelding.com\/wp-content\/uploads\/2024\/11\/\u5b9e\u62cd3.jpg\" alt=\"\" class=\"wp-image-3968\" srcset=\"https:\/\/www.xinhaowelding.com\/wp-content\/uploads\/2024\/11\/\u5b9e\u62cd3.jpg 750w, https:\/\/www.xinhaowelding.com\/wp-content\/uploads\/2024\/11\/\u5b9e\u62cd3-225x300.jpg 225w, https:\/\/www.xinhaowelding.com\/wp-content\/uploads\/2024\/11\/\u5b9e\u62cd3-9x12.jpg 9w, https:\/\/www.xinhaowelding.com\/wp-content\/uploads\/2024\/11\/\u5b9e\u62cd3-600x800.jpg 600w\" sizes=\"(max-width: 750px) 100vw, 750px\" \/><\/figure>\n<\/div>\n\n\n\n<div class=\"wp-block-uagb-container uagb-block-4adb0424\">\n<figure class=\"wp-block-image size-full\"><img loading=\"lazy\" decoding=\"async\" width=\"750\" height=\"1000\" src=\"https:\/\/www.xinhaowelding.com\/wp-content\/uploads\/2024\/11\/\u5b9e\u62cd4-1.jpg\" alt=\"\" class=\"wp-image-3969\" srcset=\"https:\/\/www.xinhaowelding.com\/wp-content\/uploads\/2024\/11\/\u5b9e\u62cd4-1.jpg 750w, https:\/\/www.xinhaowelding.com\/wp-content\/uploads\/2024\/11\/\u5b9e\u62cd4-1-225x300.jpg 225w, https:\/\/www.xinhaowelding.com\/wp-content\/uploads\/2024\/11\/\u5b9e\u62cd4-1-9x12.jpg 9w, https:\/\/www.xinhaowelding.com\/wp-content\/uploads\/2024\/11\/\u5b9e\u62cd4-1-600x800.jpg 600w\" sizes=\"(max-width: 750px) 100vw, 750px\" \/><\/figure>\n<\/div>\n<\/div><\/div>\n\n\n\n<p class=\"has-text-align-center\"><a href=\"http:\/\/www.google.com\" title=\"www.google.com\">www.google.com<\/a><\/p>","protected":false},"excerpt":{"rendered":"<p><strong>Verstellbarer Schwei\u00dfrollenst\u00e4nder mit Schraube - Manuelle H\u00f6henverstellung f\u00fcr das Schwei\u00dfen von Rohren\/Tanks | Robuste Stahlkonstruktion.<\/strong><\/p>","protected":false},"featured_media":3273,"comment_status":"open","ping_status":"closed","template":"","meta":{"om_disable_all_campaigns":false,"_uag_custom_page_level_css":"","_monsterinsights_skip_tracking":false,"_monsterinsights_sitenote_active":false,"_monsterinsights_sitenote_note":"","_monsterinsights_sitenote_category":0,"site-sidebar-layout":"default","site-content-layout":"","ast-site-content-layout":"default","site-content-style":"default","site-sidebar-style":"default","ast-global-header-display":"","ast-banner-title-visibility":"","ast-main-header-display":"","ast-hfb-above-header-display":"","ast-hfb-below-header-display":"","ast-hfb-mobile-header-display":"","site-post-title":"","ast-breadcrumbs-content":"","ast-featured-img":"","footer-sml-layout":"","theme-transparent-header-meta":"default","adv-header-id-meta":"","stick-header-meta":"","header-above-stick-meta":"","header-main-stick-meta":"","header-below-stick-meta":"","astra-migrate-meta-layouts":"set","ast-page-background-enabled":"default","ast-page-background-meta":{"desktop":{"background-color":"","background-image":"","background-repeat":"repeat","background-position":"center center","background-size":"auto","background-attachment":"scroll","background-type":"","background-media":"","overlay-type":"","overlay-color":"","overlay-opacity":"","overlay-gradient":""},"tablet":{"background-color":"","background-image":"","background-repeat":"repeat","background-position":"center center","background-size":"auto","background-attachment":"scroll","background-type":"","background-media":"","overlay-type":"","overlay-color":"","overlay-opacity":"","overlay-gradient":""},"mobile":{"background-color":"","background-image":"","background-repeat":"repeat","background-position":"center center","background-size":"auto","background-attachment":"scroll","background-type":"","background-media":"","overlay-type":"","overlay-color":"","overlay-opacity":"","overlay-gradient":""}},"ast-content-background-meta":{"desktop":{"background-color":"var(--ast-global-color-5)","background-image":"","background-repeat":"repeat","background-position":"center center","background-size":"auto","background-attachment":"scroll","background-type":"","background-media":"","overlay-type":"","overlay-color":"","overlay-opacity":"","overlay-gradient":""},"tablet":{"background-color":"var(--ast-global-color-5)","background-image":"","background-repeat":"repeat","background-position":"center center","background-size":"auto","background-attachment":"scroll","background-type":"","background-media":"","overlay-type":"","overlay-color":"","overlay-opacity":"","overlay-gradient":""},"mobile":{"background-color":"var(--ast-global-color-5)","background-image":"","background-repeat":"repeat","background-position":"center center","background-size":"auto","background-attachment":"scroll","background-type":"","background-media":"","overlay-type":"","overlay-color":"","overlay-opacity":"","overlay-gradient":""}}},"product_brand":[],"product_cat":[71],"product_tag":[],"class_list":{"0":"post-3262","1":"product","2":"type-product","3":"status-publish","4":"has-post-thumbnail","6":"product_cat-big-welding-positioner","7":"desktop-align-left","8":"tablet-align-left","9":"mobile-align-left","11":"first","12":"instock","13":"shipping-taxable","14":"product-type-simple"},"aioseo_notices":[],"uagb_featured_image_src":{"full":["https:\/\/www.xinhaowelding.com\/wp-content\/uploads\/2024\/11\/\u672a\u6807\u9898-1.jpg",800,800,false],"thumbnail":["https:\/\/www.xinhaowelding.com\/wp-content\/uploads\/2024\/11\/\u672a\u6807\u9898-1-150x150.jpg",150,150,true],"medium":["https:\/\/www.xinhaowelding.com\/wp-content\/uploads\/2024\/11\/\u672a\u6807\u9898-1-300x300.jpg",300,300,true],"medium_large":["https:\/\/www.xinhaowelding.com\/wp-content\/uploads\/2024\/11\/\u672a\u6807\u9898-1-768x768.jpg",768,768,true],"large":["https:\/\/www.xinhaowelding.com\/wp-content\/uploads\/2024\/11\/\u672a\u6807\u9898-1.jpg",800,800,false],"1536x1536":["https:\/\/www.xinhaowelding.com\/wp-content\/uploads\/2024\/11\/\u672a\u6807\u9898-1.jpg",800,800,false],"2048x2048":["https:\/\/www.xinhaowelding.com\/wp-content\/uploads\/2024\/11\/\u672a\u6807\u9898-1.jpg",800,800,false],"trp-custom-language-flag":["https:\/\/www.xinhaowelding.com\/wp-content\/uploads\/2024\/11\/\u672a\u6807\u9898-1-12x12.jpg",12,12,true],"woocommerce_thumbnail":["https:\/\/www.xinhaowelding.com\/wp-content\/uploads\/2024\/11\/\u672a\u6807\u9898-1-600x600.jpg",600,600,true],"woocommerce_single":["https:\/\/www.xinhaowelding.com\/wp-content\/uploads\/2024\/11\/\u672a\u6807\u9898-1-600x600.jpg",600,600,true],"woocommerce_gallery_thumbnail":["https:\/\/www.xinhaowelding.com\/wp-content\/uploads\/2024\/11\/\u672a\u6807\u9898-1-100x100.jpg",100,100,true]},"uagb_author_info":{"display_name":"jinxing6611@gmail.com","author_link":"https:\/\/www.xinhaowelding.com\/de\/author\/"},"uagb_comment_info":0,"uagb_excerpt":"Adjustable Screw-Type Welding Roller Stand - Manual Height Control for Pipe\/Tank Welding | Heavy-Duty Steel Construction.","_links":{"self":[{"href":"https:\/\/www.xinhaowelding.com\/de\/wp-json\/wp\/v2\/product\/3262","targetHints":{"allow":["GET"]}}],"collection":[{"href":"https:\/\/www.xinhaowelding.com\/de\/wp-json\/wp\/v2\/product"}],"about":[{"href":"https:\/\/www.xinhaowelding.com\/de\/wp-json\/wp\/v2\/types\/product"}],"replies":[{"embeddable":true,"href":"https:\/\/www.xinhaowelding.com\/de\/wp-json\/wp\/v2\/comments?post=3262"}],"wp:featuredmedia":[{"embeddable":true,"href":"https:\/\/www.xinhaowelding.com\/de\/wp-json\/wp\/v2\/media\/3273"}],"wp:attachment":[{"href":"https:\/\/www.xinhaowelding.com\/de\/wp-json\/wp\/v2\/media?parent=3262"}],"wp:term":[{"taxonomy":"product_brand","embeddable":true,"href":"https:\/\/www.xinhaowelding.com\/de\/wp-json\/wp\/v2\/product_brand?post=3262"},{"taxonomy":"product_cat","embeddable":true,"href":"https:\/\/www.xinhaowelding.com\/de\/wp-json\/wp\/v2\/product_cat?post=3262"},{"taxonomy":"product_tag","embeddable":true,"href":"https:\/\/www.xinhaowelding.com\/de\/wp-json\/wp\/v2\/product_tag?post=3262"}],"curies":[{"name":"wp","href":"https:\/\/api.w.org\/{rel}","templated":true}]}}