{"id":3266,"date":"2024-11-22T08:24:58","date_gmt":"2024-11-22T08:24:58","guid":{"rendered":"https:\/\/xinhaowelding.com\/?post_type=product&#038;p=3266"},"modified":"2025-04-01T03:12:45","modified_gmt":"2025-04-01T03:12:45","slug":"heavy-duty-welding-operator","status":"publish","type":"product","link":"https:\/\/www.xinhaowelding.com\/de\/produkt\/heavy-duty-welding-operator\/","title":{"rendered":"Automatischer Schwerlast-Schwei\u00dfmanipulator - Robuste Konstruktion"},"content":{"rendered":"<h2 class=\"wp-block-heading\"><strong><a href=\"https:\/\/www.xinhaowelding.com\/de\/produkt\/heavy-duty-welding-operator\/\" title=\"\u91cd\u578b\u710a\u63a5\u64cd\u4f5c\u673a\">\u91cd\u578b\u710a\u63a5\u64cd\u4f5c\u673a<\/a><\/strong><\/h2>\n\n\n\n<h2 class=\"wp-block-heading\">Schwei\u00dfer f\u00fcr schwere Arbeiten<\/h2>\n\n\n\n<p>Sie besteht haupts\u00e4chlich aus Tr\u00e4ger, Schleppkette, Hebesystem, S\u00e4ule, F\u00fchrungsschiene, Kopf und Schleppplatte, Handantrieb usw.<\/p>\n\n\n\n<p>Der Maschinenkopf ist an einem Ende des Tr\u00e4gers installiert, der Tr\u00e4ger kann nach oben und unten gehoben und ineinander geschoben werden, und die S\u00e4ule kann \u00fcber die Drehscheibe auf dem Plattformwagen installiert werden. Die Ausdehnungsgeschwindigkeit des Tr\u00e4gers ist stabil, ohne zu kriechen, und die Durchbiegung nach unten nach dem Ausfahren ist gering.<\/p>\n\n\n\n<p>\u25c6Kette: Das Anheben des Balkens erfolgt durch Ziehen der Kette. Das Ger\u00e4t verwendet eine hochwertige Kette mit hoher Tragf\u00e4higkeit.<\/p>\n\n\n\n<p>\u25c6Sicherheitskralle: Im Notfall, wenn die Kette pl\u00f6tzlich rei\u00dft. Die Sicherheitsklaue kann schnell hochgedreht und im quadratischen Fallloch der S\u00e4ule befestigt werden, um ein weiteres Herabfallen des Tr\u00e4gers zu verhindern und die Sicherheit zu erh\u00f6hen.<\/p>\n\n\n\n<p>\u25c6 Breiter Anwendungsbereich, kann f\u00fcr das Zweischutzschwei\u00dfen\/Argonschwei\u00dfen\/Unterpulverschwei\u00dfen und andere Schwei\u00dfverfahren geeignet sein.<\/p>\n\n\n\n<figure class=\"wp-block-table\"><table><tbody><tr><td rowspan=\"2\"><\/td><td rowspan=\"2\"><strong>Modellnummer<\/strong><strong><\/strong><\/td><td rowspan=\"2\"><strong>Geschwindigkeit der Strahlausdehnung<\/strong><strong><\/strong><\/td><td rowspan=\"2\"><strong>Dimension des Tr\u00e4gers<\/strong><strong><\/strong><\/td><td rowspan=\"2\"><strong>Abmessung des S\u00e4ulenquerschnitts<\/strong><strong><\/strong><\/td><td colspan=\"3\"><strong>Gesamtabmessungen<\/strong><strong>:m<\/strong><strong>\/Gewicht<\/strong><strong>:kg<\/strong><strong><\/strong><\/td><\/tr><tr><td><strong>station\u00e4r<\/strong><strong><\/strong><\/td><td><strong>Rotierend (manuell\/elektrisch)<\/strong><strong><\/strong><\/td><td><strong>Laufwagen Typ<\/strong><strong><\/strong><\/td><\/tr><tr><td rowspan=\"2\">minitype<\/td><td>ZDH-1,5*1,5<\/td><td>140-1400mm\/min<\/td><td>150*100*6mm<\/td><td>200*150*6mm<\/td><td>2.3*0.4*2.8(200kg)<\/td><td>2.3*0.6*2.9(300kg)<\/td><td>Weniger Gebrauch<\/td><\/tr><tr><td>ZDH-2*2<\/td><td>140-1400mm\/min<\/td><td>150*100*6mm<\/td><td>200*150*6mm<\/td><td>2.8*0.4*3.3(250kg)<\/td><td>2.8*0.6*3.4(350kg)<\/td><td>Weniger Gebrauch<\/td><\/tr><tr><td rowspan=\"3\">f\u00fcr leichte Aufgaben<\/td><td>ZDH-2*2<\/td><td>140-1400mm\/min<\/td><td>250*100*6mm<\/td><td>400*300*6mm<\/td><td>4*0.6*4(1500kg)<\/td><td>4*1. 3*4.2 (1700kg)<\/td><td>4*2.5*4.6(2500kg)<\/td><\/tr><tr><td>ZDH-3*3<\/td><td>140-1400mm\/min<\/td><td>250*100*6mm<\/td><td>400*300*6mm<\/td><td>5*0.6*5(1700kg)<\/td><td>5*1.3*5.2(1900kg)<\/td><td>5*2.5*5.6(2700kg)<\/td><\/tr><tr><td>ZDH-4*4<\/td><td>140-1400mm\/min<\/td><td>250*100*6mm<\/td><td>400*300*6mm<\/td><td>6*0,6*6(2000kg)<\/td><td>6*1.3*6.2(2200kg)<\/td><td>6*2.5*6.6(3000kg)<\/td><\/tr><tr><td rowspan=\"4\">Schwerer Typ<\/td><td>ZDH-4*4<\/td><td>140-1400mm\/min<\/td><td>300*200*6mm<\/td><td>500*300*6mm<\/td><td>6.2*0.7*6.2(3200kg)<\/td><td>6.2*1.3*6.4(3400kg)<\/td><td>6.2*2.5*6.8(4400kg)<\/td><\/tr><tr><td>ZDH-5*5<\/td><td>140-1400mm\/min<\/td><td>300*200*6mm<\/td><td>500*300*6mm<\/td><td>7.2*0.7*7.2(3500kg)<\/td><td>7.2*1. 3*7.4(3700kg)<\/td><td>7.2*2.5*7.8(4700kg)<\/td><\/tr><tr><td>ZDH-6*6<\/td><td>140-1400mm\/min<\/td><td>300*200*6mm<\/td><td>500*300*6mm<\/td><td>8.2*0.7*8.2(3800kg)<\/td><td>8.2*1.3*8.4(4000kg)<\/td><td>8.2*2.5*8.8(5000kg)<\/td><\/tr><tr><td>ZDH-7*7<\/td><td>140-1400mm\/min<\/td><td>300*200*6mm<\/td><td>500*300*6mm<\/td><td>9.2*0.7*9.2(4100kg)<\/td><td>9.2*1.3*9.4(4300kg)<\/td><td>9.2*2.5*9 8(5300kg)<\/td><\/tr><\/tbody><\/table><\/figure>\n\n\n\n<h2 class=\"wp-block-heading has-large-font-size\"><strong>\u4ea7\u54c1\u7ec6\u8282<\/strong><\/h2>\n\n\n\n<h2 class=\"wp-block-heading has-large-font-size\"><strong>Einzelheiten zum Produkt<\/strong><strong><\/strong><\/h2>\n\n\n\n<div class=\"wp-block-uagb-container uagb-block-d4432a7c alignfull uagb-is-root-container\"><div class=\"uagb-container-inner-blocks-wrap\">\n<div class=\"wp-block-uagb-container uagb-block-d7b0c61a\">\n<figure class=\"wp-block-image size-large\"><img fetchpriority=\"high\" decoding=\"async\" width=\"1024\" height=\"768\" src=\"https:\/\/www.xinhaowelding.com\/wp-content\/uploads\/2024\/11\/\u7ec6\u82821-5-1024x768.jpg\" alt=\"\" class=\"wp-image-3917\" srcset=\"https:\/\/www.xinhaowelding.com\/wp-content\/uploads\/2024\/11\/\u7ec6\u82821-5-1024x768.jpg 1024w, https:\/\/www.xinhaowelding.com\/wp-content\/uploads\/2024\/11\/\u7ec6\u82821-5-300x225.jpg 300w, https:\/\/www.xinhaowelding.com\/wp-content\/uploads\/2024\/11\/\u7ec6\u82821-5-768x576.jpg 768w, https:\/\/www.xinhaowelding.com\/wp-content\/uploads\/2024\/11\/\u7ec6\u82821-5-1536x1152.jpg 1536w, https:\/\/www.xinhaowelding.com\/wp-content\/uploads\/2024\/11\/\u7ec6\u82821-5-16x12.jpg 16w, https:\/\/www.xinhaowelding.com\/wp-content\/uploads\/2024\/11\/\u7ec6\u82821-5-600x450.jpg 600w, https:\/\/www.xinhaowelding.com\/wp-content\/uploads\/2024\/11\/\u7ec6\u82821-5.jpg 1600w\" sizes=\"(max-width: 1024px) 100vw, 1024px\" \/><\/figure>\n<\/div>\n\n\n\n<div class=\"wp-block-uagb-container uagb-block-561ccc9c\">\n<p class=\"has-large-font-size\"><strong>Seiko-Qualit\u00e4t<\/strong><\/p>\n\n\n\n<div class=\"wp-block-group is-layout-constrained wp-block-group-is-layout-constrained\">\n<p>Die Ausr\u00fcstung besteht haupts\u00e4chlich aus St\u00e4ndern<\/p>\n\n\n\n<p>Querarm, F\u00fchrungsvorrichtung<\/p>\n\n\n\n<p>Der Hebemechanismus besteht aus<\/p>\n<\/div>\n<\/div>\n<\/div><\/div>\n\n\n\n<div class=\"wp-block-uagb-container uagb-block-f780644b alignfull uagb-is-root-container\"><div class=\"uagb-container-inner-blocks-wrap\">\n<div class=\"wp-block-uagb-container uagb-block-2aeb67d6\">\n<figure class=\"wp-block-image size-large\"><img decoding=\"async\" width=\"1024\" height=\"768\" src=\"https:\/\/www.xinhaowelding.com\/wp-content\/uploads\/2024\/11\/\u7ec6\u82822-6-1024x768.jpg\" alt=\"\" class=\"wp-image-3918\" srcset=\"https:\/\/www.xinhaowelding.com\/wp-content\/uploads\/2024\/11\/\u7ec6\u82822-6-1024x768.jpg 1024w, https:\/\/www.xinhaowelding.com\/wp-content\/uploads\/2024\/11\/\u7ec6\u82822-6-300x225.jpg 300w, https:\/\/www.xinhaowelding.com\/wp-content\/uploads\/2024\/11\/\u7ec6\u82822-6-768x576.jpg 768w, https:\/\/www.xinhaowelding.com\/wp-content\/uploads\/2024\/11\/\u7ec6\u82822-6-1536x1152.jpg 1536w, https:\/\/www.xinhaowelding.com\/wp-content\/uploads\/2024\/11\/\u7ec6\u82822-6-16x12.jpg 16w, https:\/\/www.xinhaowelding.com\/wp-content\/uploads\/2024\/11\/\u7ec6\u82822-6-600x450.jpg 600w, https:\/\/www.xinhaowelding.com\/wp-content\/uploads\/2024\/11\/\u7ec6\u82822-6.jpg 1600w\" sizes=\"(max-width: 1024px) 100vw, 1024px\" \/><\/figure>\n<\/div>\n\n\n\n<div class=\"wp-block-uagb-container uagb-block-323f1462\">\n<p class=\"has-large-font-size\"><strong><strong>Mehrdimensionale Anpassung<\/strong><\/strong><\/p>\n\n\n\n<div class=\"wp-block-group is-layout-constrained wp-block-group-is-layout-constrained\">\n<p>Erm\u00f6glicht die Einstellung des Schwei\u00dfbrenners in den Richtungen oben-unten, links-rechts und vorne-hinten<\/p>\n<\/div>\n<\/div>\n<\/div><\/div>\n\n\n\n<div class=\"wp-block-uagb-container uagb-block-06eed615 alignfull uagb-is-root-container\"><div class=\"uagb-container-inner-blocks-wrap\">\n<div class=\"wp-block-uagb-container uagb-block-d7ee8dc7\">\n<figure class=\"wp-block-image size-large\"><img decoding=\"async\" width=\"1024\" height=\"768\" src=\"https:\/\/www.xinhaowelding.com\/wp-content\/uploads\/2024\/11\/\u7ec6\u82823-5-1024x768.jpg\" alt=\"\" class=\"wp-image-3919\" srcset=\"https:\/\/www.xinhaowelding.com\/wp-content\/uploads\/2024\/11\/\u7ec6\u82823-5-1024x768.jpg 1024w, https:\/\/www.xinhaowelding.com\/wp-content\/uploads\/2024\/11\/\u7ec6\u82823-5-300x225.jpg 300w, https:\/\/www.xinhaowelding.com\/wp-content\/uploads\/2024\/11\/\u7ec6\u82823-5-768x576.jpg 768w, https:\/\/www.xinhaowelding.com\/wp-content\/uploads\/2024\/11\/\u7ec6\u82823-5-1536x1152.jpg 1536w, https:\/\/www.xinhaowelding.com\/wp-content\/uploads\/2024\/11\/\u7ec6\u82823-5-16x12.jpg 16w, https:\/\/www.xinhaowelding.com\/wp-content\/uploads\/2024\/11\/\u7ec6\u82823-5-600x450.jpg 600w, https:\/\/www.xinhaowelding.com\/wp-content\/uploads\/2024\/11\/\u7ec6\u82823-5.jpg 1600w\" sizes=\"(max-width: 1024px) 100vw, 1024px\" \/><\/figure>\n<\/div>\n\n\n\n<div class=\"wp-block-uagb-container uagb-block-deae9e10\">\n<p class=\"has-large-font-size\"><strong><strong><strong>Stabiler Betrieb<\/strong><\/strong><\/strong><\/p>\n\n\n\n<div class=\"wp-block-group is-layout-constrained wp-block-group-is-layout-constrained\">\n<p>Der Querarm ist ebenfalls durch ein Rechteckrohr geformt<\/p>\n\n\n\n<p>Rechteckige doppelte F\u00fchrungsschienenstruktur<\/p>\n\n\n\n<p>Kann die F\u00fchrungsschiene nach der Bearbeitung sicherstellen<\/p>\n\n\n\n<p>Geradlinigkeit und Stabilit\u00e4t des Ger\u00e4tebetriebs<\/p>\n<\/div>\n<\/div>\n<\/div><\/div>\n\n\n\n<div class=\"wp-block-uagb-container uagb-block-4e884e41 alignfull uagb-is-root-container\"><div class=\"uagb-container-inner-blocks-wrap\">\n<div class=\"wp-block-uagb-container uagb-block-b828165b\">\n<figure class=\"wp-block-image size-large\"><img loading=\"lazy\" decoding=\"async\" width=\"1024\" height=\"768\" src=\"https:\/\/www.xinhaowelding.com\/wp-content\/uploads\/2024\/11\/\u7ec6\u82824-5-1024x768.jpg\" alt=\"\" class=\"wp-image-3920\" srcset=\"https:\/\/www.xinhaowelding.com\/wp-content\/uploads\/2024\/11\/\u7ec6\u82824-5-1024x768.jpg 1024w, https:\/\/www.xinhaowelding.com\/wp-content\/uploads\/2024\/11\/\u7ec6\u82824-5-300x225.jpg 300w, https:\/\/www.xinhaowelding.com\/wp-content\/uploads\/2024\/11\/\u7ec6\u82824-5-768x576.jpg 768w, https:\/\/www.xinhaowelding.com\/wp-content\/uploads\/2024\/11\/\u7ec6\u82824-5-1536x1152.jpg 1536w, https:\/\/www.xinhaowelding.com\/wp-content\/uploads\/2024\/11\/\u7ec6\u82824-5-16x12.jpg 16w, https:\/\/www.xinhaowelding.com\/wp-content\/uploads\/2024\/11\/\u7ec6\u82824-5-600x450.jpg 600w, https:\/\/www.xinhaowelding.com\/wp-content\/uploads\/2024\/11\/\u7ec6\u82824-5.jpg 1600w\" sizes=\"(max-width: 1024px) 100vw, 1024px\" \/><\/figure>\n<\/div>\n\n\n\n<div class=\"wp-block-uagb-container uagb-block-30eeac05\">\n<p class=\"has-large-font-size\"><strong><strong><strong><strong>Ausgezeichnete Leistung<\/strong><\/strong><\/strong><\/strong><\/p>\n\n\n\n<div class=\"wp-block-group is-layout-constrained wp-block-group-is-layout-constrained\">\n<p>Eine Vielzahl von Spezifikationen ist verf\u00fcgbar<\/p>\n\n\n\n<p>Die Struktur zwischen dem Querarm und dem Tr\u00e4ger und der S\u00e4ule ist stark<\/p>\n\n\n\n<p>Erforderlich, um genaues Schwei\u00dfen zu gew\u00e4hrleisten<\/p>\n\n\n\n<p>Pr\u00e4ziser Halt und Stabilit\u00e4t<\/p>\n<\/div>\n<\/div>\n<\/div><\/div>\n\n\n\n<h2 class=\"wp-block-heading has-large-font-size\"><strong>\u4ea7\u54c1\u89e3\u6790<\/strong><\/h2>\n\n\n\n<h2 class=\"wp-block-heading has-large-font-size\"><strong>Produktanalyse<\/strong><\/h2>\n\n\n\n<div class=\"wp-block-uagb-container uagb-block-38bc0b7c alignfull uagb-is-root-container\"><div class=\"uagb-container-inner-blocks-wrap\">\n<figure class=\"wp-block-image size-full\"><img loading=\"lazy\" decoding=\"async\" width=\"1006\" height=\"820\" src=\"https:\/\/www.xinhaowelding.com\/wp-content\/uploads\/2024\/11\/\u91cd\u578b\u710a\u63a5\u64cd\u4f5c\u673a\u89e3\u6790.png\" alt=\"\" class=\"wp-image-3921\" srcset=\"https:\/\/www.xinhaowelding.com\/wp-content\/uploads\/2024\/11\/\u91cd\u578b\u710a\u63a5\u64cd\u4f5c\u673a\u89e3\u6790.png 1006w, https:\/\/www.xinhaowelding.com\/wp-content\/uploads\/2024\/11\/\u91cd\u578b\u710a\u63a5\u64cd\u4f5c\u673a\u89e3\u6790-300x245.png 300w, https:\/\/www.xinhaowelding.com\/wp-content\/uploads\/2024\/11\/\u91cd\u578b\u710a\u63a5\u64cd\u4f5c\u673a\u89e3\u6790-768x626.png 768w, https:\/\/www.xinhaowelding.com\/wp-content\/uploads\/2024\/11\/\u91cd\u578b\u710a\u63a5\u64cd\u4f5c\u673a\u89e3\u6790-15x12.png 15w, https:\/\/www.xinhaowelding.com\/wp-content\/uploads\/2024\/11\/\u91cd\u578b\u710a\u63a5\u64cd\u4f5c\u673a\u89e3\u6790-600x489.png 600w\" sizes=\"(max-width: 1006px) 100vw, 1006px\" \/><\/figure>\n<\/div><\/div>\n\n\n\n<h2 class=\"wp-block-heading has-large-font-size\"><strong>\u73b0\u573a\u5b9e\u62cd<\/strong><\/h2>\n\n\n\n<h2 class=\"wp-block-heading has-large-font-size\"><strong>Live-Dreharbeiten<\/strong><\/h2>\n\n\n\n<div class=\"wp-block-uagb-container uagb-block-f4ddac65 alignfull uagb-is-root-container\"><div class=\"uagb-container-inner-blocks-wrap\">\n<div class=\"wp-block-uagb-container uagb-block-0f081d05\">\n<figure class=\"wp-block-image size-large\"><img loading=\"lazy\" decoding=\"async\" width=\"494\" height=\"1024\" src=\"https:\/\/www.xinhaowelding.com\/wp-content\/uploads\/2024\/11\/\u5b9e\u62cd1-494x1024.jpg\" alt=\"\" class=\"wp-image-3922\" srcset=\"https:\/\/www.xinhaowelding.com\/wp-content\/uploads\/2024\/11\/\u5b9e\u62cd1-494x1024.jpg 494w, https:\/\/www.xinhaowelding.com\/wp-content\/uploads\/2024\/11\/\u5b9e\u62cd1-145x300.jpg 145w, https:\/\/www.xinhaowelding.com\/wp-content\/uploads\/2024\/11\/\u5b9e\u62cd1-741x1536.jpg 741w, https:\/\/www.xinhaowelding.com\/wp-content\/uploads\/2024\/11\/\u5b9e\u62cd1-6x12.jpg 6w, https:\/\/www.xinhaowelding.com\/wp-content\/uploads\/2024\/11\/\u5b9e\u62cd1-600x1243.jpg 600w, https:\/\/www.xinhaowelding.com\/wp-content\/uploads\/2024\/11\/\u5b9e\u62cd1.jpg 750w\" sizes=\"(max-width: 494px) 100vw, 494px\" \/><\/figure>\n<\/div>\n\n\n\n<div class=\"wp-block-uagb-container uagb-block-c0cd9ac9\">\n<figure class=\"wp-block-image size-large\"><img loading=\"lazy\" decoding=\"async\" width=\"494\" height=\"1024\" src=\"https:\/\/www.xinhaowelding.com\/wp-content\/uploads\/2024\/11\/\u5b9e\u62cd2-494x1024.jpg\" alt=\"\" class=\"wp-image-3923\" srcset=\"https:\/\/www.xinhaowelding.com\/wp-content\/uploads\/2024\/11\/\u5b9e\u62cd2-494x1024.jpg 494w, https:\/\/www.xinhaowelding.com\/wp-content\/uploads\/2024\/11\/\u5b9e\u62cd2-145x300.jpg 145w, https:\/\/www.xinhaowelding.com\/wp-content\/uploads\/2024\/11\/\u5b9e\u62cd2-741x1536.jpg 741w, https:\/\/www.xinhaowelding.com\/wp-content\/uploads\/2024\/11\/\u5b9e\u62cd2-6x12.jpg 6w, https:\/\/www.xinhaowelding.com\/wp-content\/uploads\/2024\/11\/\u5b9e\u62cd2-600x1243.jpg 600w, https:\/\/www.xinhaowelding.com\/wp-content\/uploads\/2024\/11\/\u5b9e\u62cd2.jpg 750w\" sizes=\"(max-width: 494px) 100vw, 494px\" \/><\/figure>\n<\/div>\n<\/div><\/div>\n\n\n\n<p><a href=\"http:\/\/www.google.com\" title=\"www.google.com\">www.google.com<\/a><\/p>","protected":false},"excerpt":{"rendered":"<p><strong>Automatischer Schwerlast-Schwei\u00dfmanipulator - Industrieller Schwei\u00dfroboter f\u00fcr die Gro\u00dfserienfertigung mit pr\u00e4ziser CNC-Steuerung und hoher Tragf\u00e4higkeit.<\/strong><\/p>","protected":false},"featured_media":3267,"comment_status":"open","ping_status":"closed","template":"","meta":{"om_disable_all_campaigns":false,"_uag_custom_page_level_css":"","_monsterinsights_skip_tracking":false,"_monsterinsights_sitenote_active":false,"_monsterinsights_sitenote_note":"","_monsterinsights_sitenote_category":0,"site-sidebar-layout":"default","site-content-layout":"","ast-site-content-layout":"default","site-content-style":"default","site-sidebar-style":"default","ast-global-header-display":"","ast-banner-title-visibility":"","ast-main-header-display":"","ast-hfb-above-header-display":"","ast-hfb-below-header-display":"","ast-hfb-mobile-header-display":"","site-post-title":"","ast-breadcrumbs-content":"","ast-featured-img":"","footer-sml-layout":"","theme-transparent-header-meta":"default","adv-header-id-meta":"","stick-header-meta":"","header-above-stick-meta":"","header-main-stick-meta":"","header-below-stick-meta":"","astra-migrate-meta-layouts":"set","ast-page-background-enabled":"default","ast-page-background-meta":{"desktop":{"background-color":"","background-image":"","background-repeat":"repeat","background-position":"center center","background-size":"auto","background-attachment":"scroll","background-type":"","background-media":"","overlay-type":"","overlay-color":"","overlay-opacity":"","overlay-gradient":""},"tablet":{"background-color":"","background-image":"","background-repeat":"repeat","background-position":"center center","background-size":"auto","background-attachment":"scroll","background-type":"","background-media":"","overlay-type":"","overlay-color":"","overlay-opacity":"","overlay-gradient":""},"mobile":{"background-color":"","background-image":"","background-repeat":"repeat","background-position":"center center","background-size":"auto","background-attachment":"scroll","background-type":"","background-media":"","overlay-type":"","overlay-color":"","overlay-opacity":"","overlay-gradient":""}},"ast-content-background-meta":{"desktop":{"background-color":"var(--ast-global-color-5)","background-image":"","background-repeat":"repeat","background-position":"center center","background-size":"auto","background-attachment":"scroll","background-type":"","background-media":"","overlay-type":"","overlay-color":"","overlay-opacity":"","overlay-gradient":""},"tablet":{"background-color":"var(--ast-global-color-5)","background-image":"","background-repeat":"repeat","background-position":"center center","background-size":"auto","background-attachment":"scroll","background-type":"","background-media":"","overlay-type":"","overlay-color":"","overlay-opacity":"","overlay-gradient":""},"mobile":{"background-color":"var(--ast-global-color-5)","background-image":"","background-repeat":"repeat","background-position":"center center","background-size":"auto","background-attachment":"scroll","background-type":"","background-media":"","overlay-type":"","overlay-color":"","overlay-opacity":"","overlay-gradient":""}}},"product_brand":[],"product_cat":[77,78],"product_tag":[],"class_list":{"0":"post-3266","1":"product","2":"type-product","3":"status-publish","4":"has-post-thumbnail","6":"product_cat-heavy-operator","7":"product_cat-submerged-arc-welding-operator","8":"desktop-align-left","9":"tablet-align-left","10":"mobile-align-left","12":"first","13":"instock","14":"shipping-taxable","15":"product-type-simple"},"aioseo_notices":[],"uagb_featured_image_src":{"full":["https:\/\/www.xinhaowelding.com\/wp-content\/uploads\/2024\/11\/\u753b\u677f-1-1.png",800,800,false],"thumbnail":["https:\/\/www.xinhaowelding.com\/wp-content\/uploads\/2024\/11\/\u753b\u677f-1-1-150x150.png",150,150,true],"medium":["https:\/\/www.xinhaowelding.com\/wp-content\/uploads\/2024\/11\/\u753b\u677f-1-1-300x300.png",300,300,true],"medium_large":["https:\/\/www.xinhaowelding.com\/wp-content\/uploads\/2024\/11\/\u753b\u677f-1-1-768x768.png",768,768,true],"large":["https:\/\/www.xinhaowelding.com\/wp-content\/uploads\/2024\/11\/\u753b\u677f-1-1.png",800,800,false],"1536x1536":["https:\/\/www.xinhaowelding.com\/wp-content\/uploads\/2024\/11\/\u753b\u677f-1-1.png",800,800,false],"2048x2048":["https:\/\/www.xinhaowelding.com\/wp-content\/uploads\/2024\/11\/\u753b\u677f-1-1.png",800,800,false],"trp-custom-language-flag":["https:\/\/www.xinhaowelding.com\/wp-content\/uploads\/2024\/11\/\u753b\u677f-1-1-12x12.png",12,12,true],"woocommerce_thumbnail":["https:\/\/www.xinhaowelding.com\/wp-content\/uploads\/2024\/11\/\u753b\u677f-1-1-600x600.png",600,600,true],"woocommerce_single":["https:\/\/www.xinhaowelding.com\/wp-content\/uploads\/2024\/11\/\u753b\u677f-1-1-600x600.png",600,600,true],"woocommerce_gallery_thumbnail":["https:\/\/www.xinhaowelding.com\/wp-content\/uploads\/2024\/11\/\u753b\u677f-1-1-100x100.png",100,100,true]},"uagb_author_info":{"display_name":"jinxing6611@gmail.com","author_link":"https:\/\/www.xinhaowelding.com\/de\/author\/"},"uagb_comment_info":0,"uagb_excerpt":"Heavy Duty Automatic Welding Manipulator - Industrial-grade robotic welder for large-scale fabrication with precision CNC control and high load capacity.","_links":{"self":[{"href":"https:\/\/www.xinhaowelding.com\/de\/wp-json\/wp\/v2\/product\/3266","targetHints":{"allow":["GET"]}}],"collection":[{"href":"https:\/\/www.xinhaowelding.com\/de\/wp-json\/wp\/v2\/product"}],"about":[{"href":"https:\/\/www.xinhaowelding.com\/de\/wp-json\/wp\/v2\/types\/product"}],"replies":[{"embeddable":true,"href":"https:\/\/www.xinhaowelding.com\/de\/wp-json\/wp\/v2\/comments?post=3266"}],"wp:featuredmedia":[{"embeddable":true,"href":"https:\/\/www.xinhaowelding.com\/de\/wp-json\/wp\/v2\/media\/3267"}],"wp:attachment":[{"href":"https:\/\/www.xinhaowelding.com\/de\/wp-json\/wp\/v2\/media?parent=3266"}],"wp:term":[{"taxonomy":"product_brand","embeddable":true,"href":"https:\/\/www.xinhaowelding.com\/de\/wp-json\/wp\/v2\/product_brand?post=3266"},{"taxonomy":"product_cat","embeddable":true,"href":"https:\/\/www.xinhaowelding.com\/de\/wp-json\/wp\/v2\/product_cat?post=3266"},{"taxonomy":"product_tag","embeddable":true,"href":"https:\/\/www.xinhaowelding.com\/de\/wp-json\/wp\/v2\/product_tag?post=3266"}],"curies":[{"name":"wp","href":"https:\/\/api.w.org\/{rel}","templated":true}]}}