{"id":4205,"date":"2024-12-07T02:31:48","date_gmt":"2024-12-07T02:31:48","guid":{"rendered":"https:\/\/www.xinhaowelding.com\/?post_type=product&#038;p=4205"},"modified":"2025-04-07T07:26:37","modified_gmt":"2025-04-07T07:26:37","slug":"screw-rod-adjustable-roller-stand","status":"publish","type":"product","link":"https:\/\/www.xinhaowelding.com\/de\/produkt\/screw-rod-adjustable-roller-stand\/","title":{"rendered":"Verstellbarer Rollenst\u00e4nder mit Schraubstange | Schwei\u00dfpositionierer"},"content":{"rendered":"<h2 class=\"wp-block-heading\"><strong><a href=\"https:\/\/www.xinhaowelding.com\/de\/produkt\/screw-rod-adjustable-roller-stand\/\" title=\"\u4e1d\u6746\u53ef\u8c03\u6eda\u8f6e\u67b6\">\u4e1d\u6746\u53ef\u8c03\u6eda\u8f6e\u67b6<\/a><\/strong><\/h2>\n\n\n\n<h2 class=\"wp-block-heading\">Schraubenstange verstellbares Rollengestell<\/h2>\n\n\n\n<p> Der schraubenangepasste Rollenrahmen ist ein unverzichtbares Ger\u00e4t in verschiedenen industriellen Anwendungen, insbesondere im Bereich des Schwei\u00dfens und der Fertigung.<\/p>\n\n\n\n<h2 class=\"wp-block-heading\">Arbeitsprinzip<\/h2>\n\n\n\n<p>Das Funktionsprinzip des schraubengesteuerten Rollenrahmens beruht auf der Reibung zwischen dem Werkst\u00fcck und den aktiven Rollen. Angetrieben von der \u00dcbertragungsvorrichtung drehen sich die aktiven Rollen und nutzen die Reibungskraft, um das zylindrische oder konische Werkst\u00fcck in Drehung zu versetzen. So kann beispielsweise beim Schwei\u00dfen die Drehung des Werkst\u00fccks die Gleichm\u00e4\u00dfigkeit und Qualit\u00e4t der Schwei\u00dfnaht gew\u00e4hrleisten.<\/p>\n\n\n\n<p>Die von unserem Unternehmen hergestellten Rollengestelle k\u00f6nnen je nach Verstellmethode in drei Formen unterteilt werden: selbsteinstellend, schraubeneinstellend und schraubeneinstellend.<\/p>\n\n\n\n<p> W\u00e4hlen Sie ber\u00fchmte Inverter, verdrahtet oder drahtlos Handheld-Box Drehzahlregelung, digitale Anzeige Geschwindigkeit.<\/p>\n\n\n\n<p> Motor, Wechselrichter kostenlose Garantie f\u00fcr ein Jahr, nationale Fracht.<\/p>\n\n\n\n<p>Der schraubbare Rollenrahmen ist ein vielseitiges Industrieger\u00e4t. Er verwendet Schrauben, um den Rollenabstand f\u00fcr unterschiedlich gro\u00dfe Werkst\u00fccke einzustellen. Mit stabiler Kraft\u00fcbertragung und oft stufenloser Geschwindigkeitsregulierung wird er h\u00e4ufig beim Schwei\u00dfen, in der Fertigung usw. eingesetzt. Er steigert die Effizienz und Qualit\u00e4t und reduziert die Arbeitsintensit\u00e4t.<\/p>\n\n\n\n<h2 class=\"wp-block-heading\">Anwendungsbereiche<\/h2>\n\n\n\n<p>Der schraubenangepasste Rollenrahmen ist in vielen Branchen weit verbreitet. <\/p>\n\n\n\n<p>In der Windkraftindustrie wird es f\u00fcr das Schwei\u00dfen und die Montage von zylindrischen Bauteilen, wie z. B. Windkraftt\u00fcrmen, verwendet. <\/p>\n\n\n\n<p>In der Druckbeh\u00e4lterindustrie hilft es bei der Herstellung verschiedener Druckbeh\u00e4lter und gew\u00e4hrleistet die Qualit\u00e4t der Schwei\u00dfn\u00e4hte. <\/p>\n\n\n\n<p>In der petrochemischen Industrie wird es f\u00fcr die Bearbeitung von Rohrleitungen und Lagertanks verwendet. <\/p>\n\n\n\n<p>Dar\u00fcber hinaus hat es auch wichtige Anwendungen in den Bereichen Stahlbau, Kessel und Schiffbau. <\/p>\n\n\n\n<p>Es kann gesagt werden, dass \u00fcberall dort, wo zylindrische Werkst\u00fccke bearbeitet werden m\u00fcssen, der schraubenangepasste Rollenrahmen eine wichtige Rolle spielen kann.<\/p>\n\n\n\n<p>Zusammenfassend l\u00e4sst sich sagen, dass der schraubenverstellbare Rollenrahmen ein leistungsstarkes, zuverl\u00e4ssiges und vielseitiges Industrieger\u00e4t ist. Sein einzigartiges Design und seine hervorragende Leistung machen ihn zu einem unverzichtbaren Werkzeug in der modernen Fertigungs- und Verarbeitungsindustrie, das die Produktionseffizienz und Produktqualit\u00e4t verbessern und die Arbeitsintensit\u00e4t reduzieren kann.<\/p>\n\n\n\n<figure class=\"wp-block-table\"><table class=\"has-fixed-layout\"><tbody><tr><td><strong>Modellnummer<\/strong><strong><\/strong><\/td><td><strong>laden<\/strong><strong><\/strong><\/td><td><strong>Umfang der Anwendung<\/strong><strong><\/strong><\/td><td><strong>Gr\u00f6\u00dfe der Walze<\/strong><strong><\/strong><\/td><td><strong>Motorleistung<\/strong><strong><\/strong><\/td><td><strong>Selbstbeherrscht sein<\/strong><strong><\/strong><\/td><\/tr><tr><td>KT-5S<\/td><td>5T<\/td><td>250-2500mm<\/td><td>\u03a6220*120<\/td><td>2*0,37KW<\/td><td>510KG<\/td><\/tr><tr><td>KT-10S<\/td><td>10T<\/td><td>350-3800mm<\/td><td>\u03a6250*120<\/td><td>2*0,55KW<\/td><td>700KG<\/td><\/tr><tr><td>KT-20S<\/td><td>20T<\/td><td>350-3800mm<\/td><td>\u03a6300*140<\/td><td>2*0,75KW<\/td><td>950KG<\/td><\/tr><\/tbody><\/table><\/figure>\n\n\n\n<h2 class=\"wp-block-heading has-large-font-size\"><strong><u><strong>\u4ea7\u54c1\u7ec6\u8282<\/strong><\/u><\/strong><strong><u><strong><\/strong><\/u><\/strong><\/h2>\n\n\n\n<h2 class=\"wp-block-heading has-large-font-size\"><strong>Einzelheiten zum Produkt<\/strong><strong><\/strong><\/h2>\n\n\n\n<div class=\"wp-block-uagb-container uagb-block-61439211 alignfull uagb-is-root-container\"><div class=\"uagb-container-inner-blocks-wrap\">\n<div class=\"wp-block-uagb-container uagb-block-6679b4f2\">\n<figure class=\"wp-block-image size-large\"><img fetchpriority=\"high\" decoding=\"async\" width=\"1024\" height=\"819\" src=\"https:\/\/www.xinhaowelding.com\/wp-content\/uploads\/2024\/11\/\u7ec6\u82821-7-1024x819.jpg\" alt=\"\" class=\"wp-image-3970\" srcset=\"https:\/\/www.xinhaowelding.com\/wp-content\/uploads\/2024\/11\/\u7ec6\u82821-7-1024x819.jpg 1024w, https:\/\/www.xinhaowelding.com\/wp-content\/uploads\/2024\/11\/\u7ec6\u82821-7-300x240.jpg 300w, https:\/\/www.xinhaowelding.com\/wp-content\/uploads\/2024\/11\/\u7ec6\u82821-7-768x615.jpg 768w, https:\/\/www.xinhaowelding.com\/wp-content\/uploads\/2024\/11\/\u7ec6\u82821-7-1536x1229.jpg 1536w, https:\/\/www.xinhaowelding.com\/wp-content\/uploads\/2024\/11\/\u7ec6\u82821-7-2048x1639.jpg 2048w, https:\/\/www.xinhaowelding.com\/wp-content\/uploads\/2024\/11\/\u7ec6\u82821-7-15x12.jpg 15w, https:\/\/www.xinhaowelding.com\/wp-content\/uploads\/2024\/11\/\u7ec6\u82821-7-600x480.jpg 600w\" sizes=\"(max-width: 1024px) 100vw, 1024px\" \/><\/figure>\n<\/div>\n\n\n\n<div class=\"wp-block-uagb-container uagb-block-f00c14aa\">\n<p class=\"has-large-font-size\"><strong>Straffe Struktur<\/strong><\/p>\n\n\n\n<div class=\"wp-block-group is-layout-constrained wp-block-group-is-layout-constrained\">\n<p>Die Struktur ist einfach und kompakt<\/p>\n\n\n\n<p>Kleine Gr\u00f6\u00dfe, geringes Gewicht<\/p>\n<\/div>\n<\/div>\n<\/div><\/div>\n\n\n\n<div class=\"wp-block-uagb-container uagb-block-0d4ba97f alignfull uagb-is-root-container\"><div class=\"uagb-container-inner-blocks-wrap\">\n<div class=\"wp-block-uagb-container uagb-block-dd71335e\">\n<figure class=\"wp-block-image size-full\"><img decoding=\"async\" width=\"1000\" height=\"800\" src=\"https:\/\/www.xinhaowelding.com\/wp-content\/uploads\/2024\/12\/\u7ec6\u82822-2.jpg\" alt=\"\" class=\"wp-image-4192\" srcset=\"https:\/\/www.xinhaowelding.com\/wp-content\/uploads\/2024\/12\/\u7ec6\u82822-2.jpg 1000w, https:\/\/www.xinhaowelding.com\/wp-content\/uploads\/2024\/12\/\u7ec6\u82822-2-300x240.jpg 300w, https:\/\/www.xinhaowelding.com\/wp-content\/uploads\/2024\/12\/\u7ec6\u82822-2-768x614.jpg 768w, https:\/\/www.xinhaowelding.com\/wp-content\/uploads\/2024\/12\/\u7ec6\u82822-2-15x12.jpg 15w, https:\/\/www.xinhaowelding.com\/wp-content\/uploads\/2024\/12\/\u7ec6\u82822-2-600x480.jpg 600w\" sizes=\"(max-width: 1000px) 100vw, 1000px\" \/><\/figure>\n<\/div>\n\n\n\n<div class=\"wp-block-uagb-container uagb-block-46590eab\">\n<p class=\"has-large-font-size\"><strong><strong>Starke Belastbarkeit<\/strong><\/strong><\/p>\n\n\n\n<div class=\"wp-block-group is-layout-constrained wp-block-group-is-layout-constrained\">\n<p>Motorantrieb mit konstantem Drehmoment und variabler Frequenzregelung<\/p>\n\n\n\n<p>Hohe Tragf\u00e4higkeit, Stabilit\u00e4t bei niedriger Geschwindigkeit<\/p>\n<\/div>\n<\/div>\n<\/div><\/div>\n\n\n\n<div class=\"wp-block-uagb-container uagb-block-9771caea alignfull uagb-is-root-container\"><div class=\"uagb-container-inner-blocks-wrap\">\n<div class=\"wp-block-uagb-container uagb-block-e9cc5670\">\n<figure class=\"wp-block-image size-full\"><img decoding=\"async\" width=\"1000\" height=\"800\" src=\"https:\/\/www.xinhaowelding.com\/wp-content\/uploads\/2024\/12\/\u7ec6\u82823-2.jpg\" alt=\"\" class=\"wp-image-4193\" srcset=\"https:\/\/www.xinhaowelding.com\/wp-content\/uploads\/2024\/12\/\u7ec6\u82823-2.jpg 1000w, https:\/\/www.xinhaowelding.com\/wp-content\/uploads\/2024\/12\/\u7ec6\u82823-2-300x240.jpg 300w, https:\/\/www.xinhaowelding.com\/wp-content\/uploads\/2024\/12\/\u7ec6\u82823-2-768x614.jpg 768w, https:\/\/www.xinhaowelding.com\/wp-content\/uploads\/2024\/12\/\u7ec6\u82823-2-15x12.jpg 15w, https:\/\/www.xinhaowelding.com\/wp-content\/uploads\/2024\/12\/\u7ec6\u82823-2-600x480.jpg 600w\" sizes=\"(max-width: 1000px) 100vw, 1000px\" \/><\/figure>\n<\/div>\n\n\n\n<div class=\"wp-block-uagb-container uagb-block-bd47a889\">\n<p class=\"has-large-font-size\"><strong><strong><strong>Einfache Bedienung<\/strong><\/strong><\/strong><\/p>\n\n\n\n<div class=\"wp-block-group is-layout-constrained wp-block-group-is-layout-constrained\">\n<p>Einfach zu bedienen<\/p>\n\n\n\n<p>Bequeme Installation und Handhabung, hohe Praxistauglichkeit<\/p>\n<\/div>\n<\/div>\n<\/div><\/div>\n\n\n\n<div class=\"wp-block-uagb-container uagb-block-8614db85 alignfull uagb-is-root-container\"><div class=\"uagb-container-inner-blocks-wrap\">\n<div class=\"wp-block-uagb-container uagb-block-7bb4ac33\">\n<figure class=\"wp-block-image size-large\"><img loading=\"lazy\" decoding=\"async\" width=\"1024\" height=\"819\" src=\"https:\/\/www.xinhaowelding.com\/wp-content\/uploads\/2024\/11\/xijie-4-1024x819.jpg\" alt=\"\" class=\"wp-image-3964\" srcset=\"https:\/\/www.xinhaowelding.com\/wp-content\/uploads\/2024\/11\/xijie-4-1024x819.jpg 1024w, https:\/\/www.xinhaowelding.com\/wp-content\/uploads\/2024\/11\/xijie-4-300x240.jpg 300w, https:\/\/www.xinhaowelding.com\/wp-content\/uploads\/2024\/11\/xijie-4-768x615.jpg 768w, https:\/\/www.xinhaowelding.com\/wp-content\/uploads\/2024\/11\/xijie-4-1536x1229.jpg 1536w, https:\/\/www.xinhaowelding.com\/wp-content\/uploads\/2024\/11\/xijie-4-2048x1639.jpg 2048w, https:\/\/www.xinhaowelding.com\/wp-content\/uploads\/2024\/11\/xijie-4-15x12.jpg 15w, https:\/\/www.xinhaowelding.com\/wp-content\/uploads\/2024\/11\/xijie-4-600x480.jpg 600w\" sizes=\"(max-width: 1024px) 100vw, 1024px\" \/><\/figure>\n<\/div>\n\n\n\n<div class=\"wp-block-uagb-container uagb-block-2070aa06\">\n<p class=\"has-large-font-size\"><strong><strong><strong><strong>Polyurethan-Rolle<\/strong><\/strong><\/strong><\/strong><\/p>\n\n\n\n<div class=\"wp-block-group is-layout-constrained wp-block-group-is-layout-constrained\">\n<p>Erh\u00f6hung der Reibung zwischen der Rolle und dem Werkst\u00fcck<\/p>\n\n\n\n<p>Abriebfest, feuchtigkeitsbest\u00e4ndig, rutschfest<\/p>\n<\/div>\n<\/div>\n<\/div><\/div>\n\n\n\n<h2 class=\"wp-block-heading has-large-font-size\">\u4ea7\u54c1\u89e3\u6790<\/h2>\n\n\n\n<h2 class=\"wp-block-heading has-large-font-size\">Produktanalyse<\/h2>\n\n\n\n<div class=\"wp-block-uagb-container uagb-block-901054a5 alignfull uagb-is-root-container\"><div class=\"uagb-container-inner-blocks-wrap\">\n<figure class=\"wp-block-image aligncenter size-full\"><img loading=\"lazy\" decoding=\"async\" width=\"747\" height=\"533\" src=\"https:\/\/www.xinhaowelding.com\/wp-content\/uploads\/2024\/12\/\u4e1d\u6746\u53ef\u8c03.png\" alt=\"\" class=\"wp-image-4210\" srcset=\"https:\/\/www.xinhaowelding.com\/wp-content\/uploads\/2024\/12\/\u4e1d\u6746\u53ef\u8c03.png 747w, https:\/\/www.xinhaowelding.com\/wp-content\/uploads\/2024\/12\/\u4e1d\u6746\u53ef\u8c03-300x214.png 300w, https:\/\/www.xinhaowelding.com\/wp-content\/uploads\/2024\/12\/\u4e1d\u6746\u53ef\u8c03-18x12.png 18w, https:\/\/www.xinhaowelding.com\/wp-content\/uploads\/2024\/12\/\u4e1d\u6746\u53ef\u8c03-600x428.png 600w\" sizes=\"(max-width: 747px) 100vw, 747px\" \/><\/figure>\n<\/div><\/div>\n\n\n\n<h2 class=\"wp-block-heading has-large-font-size\">\u73b0\u573a\u5b9e\u62cd<\/h2>\n\n\n\n<h2 class=\"wp-block-heading has-large-font-size\">Live-Dreharbeiten<\/h2>\n\n\n\n<div class=\"wp-block-uagb-container uagb-block-8095a016 alignfull uagb-is-root-container\"><div class=\"uagb-container-inner-blocks-wrap\">\n<div class=\"wp-block-uagb-container uagb-block-d74f2cdd\">\n<figure class=\"wp-block-image size-full\"><img loading=\"lazy\" decoding=\"async\" width=\"750\" height=\"1000\" src=\"https:\/\/www.xinhaowelding.com\/wp-content\/uploads\/2024\/12\/\u5b9e\u62cd3-5.jpg\" alt=\"\" class=\"wp-image-4208\" srcset=\"https:\/\/www.xinhaowelding.com\/wp-content\/uploads\/2024\/12\/\u5b9e\u62cd3-5.jpg 750w, https:\/\/www.xinhaowelding.com\/wp-content\/uploads\/2024\/12\/\u5b9e\u62cd3-5-225x300.jpg 225w, https:\/\/www.xinhaowelding.com\/wp-content\/uploads\/2024\/12\/\u5b9e\u62cd3-5-9x12.jpg 9w, https:\/\/www.xinhaowelding.com\/wp-content\/uploads\/2024\/12\/\u5b9e\u62cd3-5-600x800.jpg 600w\" sizes=\"(max-width: 750px) 100vw, 750px\" \/><\/figure>\n<\/div>\n\n\n\n<div class=\"wp-block-uagb-container uagb-block-e1fb5568\">\n<figure class=\"wp-block-image size-full\"><img loading=\"lazy\" decoding=\"async\" width=\"750\" height=\"1000\" src=\"https:\/\/www.xinhaowelding.com\/wp-content\/uploads\/2024\/12\/\u5b9e\u62cd4-5.jpg\" alt=\"\" class=\"wp-image-4209\" srcset=\"https:\/\/www.xinhaowelding.com\/wp-content\/uploads\/2024\/12\/\u5b9e\u62cd4-5.jpg 750w, https:\/\/www.xinhaowelding.com\/wp-content\/uploads\/2024\/12\/\u5b9e\u62cd4-5-225x300.jpg 225w, https:\/\/www.xinhaowelding.com\/wp-content\/uploads\/2024\/12\/\u5b9e\u62cd4-5-9x12.jpg 9w, https:\/\/www.xinhaowelding.com\/wp-content\/uploads\/2024\/12\/\u5b9e\u62cd4-5-600x800.jpg 600w\" sizes=\"(max-width: 750px) 100vw, 750px\" \/><\/figure>\n<\/div>\n\n\n\n<div class=\"wp-block-uagb-container uagb-block-626730d6\">\n<figure class=\"wp-block-image size-full\"><img loading=\"lazy\" decoding=\"async\" width=\"750\" height=\"1000\" src=\"https:\/\/www.xinhaowelding.com\/wp-content\/uploads\/2024\/12\/\u5b9e\u62cd2-4.jpg\" alt=\"\" class=\"wp-image-4207\" srcset=\"https:\/\/www.xinhaowelding.com\/wp-content\/uploads\/2024\/12\/\u5b9e\u62cd2-4.jpg 750w, https:\/\/www.xinhaowelding.com\/wp-content\/uploads\/2024\/12\/\u5b9e\u62cd2-4-225x300.jpg 225w, https:\/\/www.xinhaowelding.com\/wp-content\/uploads\/2024\/12\/\u5b9e\u62cd2-4-9x12.jpg 9w, https:\/\/www.xinhaowelding.com\/wp-content\/uploads\/2024\/12\/\u5b9e\u62cd2-4-600x800.jpg 600w\" sizes=\"(max-width: 750px) 100vw, 750px\" \/><\/figure>\n<\/div>\n\n\n\n<div class=\"wp-block-uagb-container uagb-block-ea3ea4df\">\n<figure class=\"wp-block-image size-full\"><img loading=\"lazy\" decoding=\"async\" width=\"750\" height=\"1000\" src=\"https:\/\/www.xinhaowelding.com\/wp-content\/uploads\/2024\/12\/\u5b9e\u62cd1-4.jpg\" alt=\"\" class=\"wp-image-4206\" srcset=\"https:\/\/www.xinhaowelding.com\/wp-content\/uploads\/2024\/12\/\u5b9e\u62cd1-4.jpg 750w, https:\/\/www.xinhaowelding.com\/wp-content\/uploads\/2024\/12\/\u5b9e\u62cd1-4-225x300.jpg 225w, https:\/\/www.xinhaowelding.com\/wp-content\/uploads\/2024\/12\/\u5b9e\u62cd1-4-9x12.jpg 9w, https:\/\/www.xinhaowelding.com\/wp-content\/uploads\/2024\/12\/\u5b9e\u62cd1-4-600x800.jpg 600w\" sizes=\"(max-width: 750px) 100vw, 750px\" \/><\/figure>\n<\/div>\n<\/div><\/div>\n\n\n\n<p><a href=\"http:\/\/www.google.com\" title=\"www.google.com\">www.google.com<\/a><\/p>","protected":false},"excerpt":{"rendered":"<p><strong>Verstellbarer Rollenst\u00e4nder zum Schwei\u00dfen - Pr\u00e4zisionspositionierung, hochbelastbare St\u00fctze und gleichm\u00e4\u00dfige Drehung f\u00fcr die Rohr-\/Blechbearbeitung.<\/strong><\/p>","protected":false},"featured_media":4211,"comment_status":"open","ping_status":"closed","template":"","meta":{"om_disable_all_campaigns":false,"_uag_custom_page_level_css":"","_monsterinsights_skip_tracking":false,"_monsterinsights_sitenote_active":false,"_monsterinsights_sitenote_note":"","_monsterinsights_sitenote_category":0,"site-sidebar-layout":"default","site-content-layout":"","ast-site-content-layout":"default","site-content-style":"default","site-sidebar-style":"default","ast-global-header-display":"","ast-banner-title-visibility":"","ast-main-header-display":"","ast-hfb-above-header-display":"","ast-hfb-below-header-display":"","ast-hfb-mobile-header-display":"","site-post-title":"","ast-breadcrumbs-content":"","ast-featured-img":"","footer-sml-layout":"","theme-transparent-header-meta":"","adv-header-id-meta":"","stick-header-meta":"","header-above-stick-meta":"","header-main-stick-meta":"","header-below-stick-meta":"","astra-migrate-meta-layouts":"set","ast-page-background-enabled":"default","ast-page-background-meta":{"desktop":{"background-color":"","background-image":"","background-repeat":"repeat","background-position":"center center","background-size":"auto","background-attachment":"scroll","background-type":"","background-media":"","overlay-type":"","overlay-color":"","overlay-opacity":"","overlay-gradient":""},"tablet":{"background-color":"","background-image":"","background-repeat":"repeat","background-position":"center center","background-size":"auto","background-attachment":"scroll","background-type":"","background-media":"","overlay-type":"","overlay-color":"","overlay-opacity":"","overlay-gradient":""},"mobile":{"background-color":"","background-image":"","background-repeat":"repeat","background-position":"center center","background-size":"auto","background-attachment":"scroll","background-type":"","background-media":"","overlay-type":"","overlay-color":"","overlay-opacity":"","overlay-gradient":""}},"ast-content-background-meta":{"desktop":{"background-color":"var(--ast-global-color-5)","background-image":"","background-repeat":"repeat","background-position":"center center","background-size":"auto","background-attachment":"scroll","background-type":"","background-media":"","overlay-type":"","overlay-color":"","overlay-opacity":"","overlay-gradient":""},"tablet":{"background-color":"var(--ast-global-color-5)","background-image":"","background-repeat":"repeat","background-position":"center center","background-size":"auto","background-attachment":"scroll","background-type":"","background-media":"","overlay-type":"","overlay-color":"","overlay-opacity":"","overlay-gradient":""},"mobile":{"background-color":"var(--ast-global-color-5)","background-image":"","background-repeat":"repeat","background-position":"center center","background-size":"auto","background-attachment":"scroll","background-type":"","background-media":"","overlay-type":"","overlay-color":"","overlay-opacity":"","overlay-gradient":""}}},"product_brand":[],"product_cat":[75,59],"product_tag":[],"class_list":{"0":"post-4205","1":"product","2":"type-product","3":"status-publish","4":"has-post-thumbnail","6":"product_cat-lead-screw-adiustable-rotator","7":"product_cat-welding-rotator","8":"desktop-align-left","9":"tablet-align-left","10":"mobile-align-left","12":"first","13":"instock","14":"shipping-taxable","15":"product-type-simple"},"aioseo_notices":[],"uagb_featured_image_src":{"full":["https:\/\/www.xinhaowelding.com\/wp-content\/uploads\/2024\/12\/1-4.jpg",800,800,false],"thumbnail":["https:\/\/www.xinhaowelding.com\/wp-content\/uploads\/2024\/12\/1-4-150x150.jpg",150,150,true],"medium":["https:\/\/www.xinhaowelding.com\/wp-content\/uploads\/2024\/12\/1-4-300x300.jpg",300,300,true],"medium_large":["https:\/\/www.xinhaowelding.com\/wp-content\/uploads\/2024\/12\/1-4-768x768.jpg",768,768,true],"large":["https:\/\/www.xinhaowelding.com\/wp-content\/uploads\/2024\/12\/1-4.jpg",800,800,false],"1536x1536":["https:\/\/www.xinhaowelding.com\/wp-content\/uploads\/2024\/12\/1-4.jpg",800,800,false],"2048x2048":["https:\/\/www.xinhaowelding.com\/wp-content\/uploads\/2024\/12\/1-4.jpg",800,800,false],"trp-custom-language-flag":["https:\/\/www.xinhaowelding.com\/wp-content\/uploads\/2024\/12\/1-4-12x12.jpg",12,12,true],"woocommerce_thumbnail":["https:\/\/www.xinhaowelding.com\/wp-content\/uploads\/2024\/12\/1-4-600x600.jpg",600,600,true],"woocommerce_single":["https:\/\/www.xinhaowelding.com\/wp-content\/uploads\/2024\/12\/1-4-600x600.jpg",600,600,true],"woocommerce_gallery_thumbnail":["https:\/\/www.xinhaowelding.com\/wp-content\/uploads\/2024\/12\/1-4-100x100.jpg",100,100,true]},"uagb_author_info":{"display_name":"jinxing6611@gmail.com","author_link":"https:\/\/www.xinhaowelding.com\/de\/author\/"},"uagb_comment_info":0,"uagb_excerpt":"Adjustable Screw-Rod Roller Stand for Welding - Precision Positioning, Heavy-Duty Support, &amp; Smooth Rotation for Pipe\/Sheet Metal Fabrication.","_links":{"self":[{"href":"https:\/\/www.xinhaowelding.com\/de\/wp-json\/wp\/v2\/product\/4205","targetHints":{"allow":["GET"]}}],"collection":[{"href":"https:\/\/www.xinhaowelding.com\/de\/wp-json\/wp\/v2\/product"}],"about":[{"href":"https:\/\/www.xinhaowelding.com\/de\/wp-json\/wp\/v2\/types\/product"}],"replies":[{"embeddable":true,"href":"https:\/\/www.xinhaowelding.com\/de\/wp-json\/wp\/v2\/comments?post=4205"}],"wp:featuredmedia":[{"embeddable":true,"href":"https:\/\/www.xinhaowelding.com\/de\/wp-json\/wp\/v2\/media\/4211"}],"wp:attachment":[{"href":"https:\/\/www.xinhaowelding.com\/de\/wp-json\/wp\/v2\/media?parent=4205"}],"wp:term":[{"taxonomy":"product_brand","embeddable":true,"href":"https:\/\/www.xinhaowelding.com\/de\/wp-json\/wp\/v2\/product_brand?post=4205"},{"taxonomy":"product_cat","embeddable":true,"href":"https:\/\/www.xinhaowelding.com\/de\/wp-json\/wp\/v2\/product_cat?post=4205"},{"taxonomy":"product_tag","embeddable":true,"href":"https:\/\/www.xinhaowelding.com\/de\/wp-json\/wp\/v2\/product_tag?post=4205"}],"curies":[{"name":"wp","href":"https:\/\/api.w.org\/{rel}","templated":true}]}}