{"id":4295,"date":"2024-12-07T06:16:02","date_gmt":"2024-12-07T06:16:02","guid":{"rendered":"https:\/\/www.xinhaowelding.com\/?post_type=product&#038;p=4295"},"modified":"2025-04-02T01:41:21","modified_gmt":"2025-04-02T01:41:21","slug":"horizontal-autoatic-welding","status":"publish","type":"product","link":"https:\/\/www.xinhaowelding.com\/de\/produkt\/horizontal-autoatic-welding\/","title":{"rendered":"Horizontale Schwei\u00dfautomaten | Beh\u00e4lterbau"},"content":{"rendered":"<h2 class=\"wp-block-heading\"><strong><a href=\"https:\/\/www.xinhaowelding.com\/de\/produkt\/horizontal-autoatic-welding\/\" title=\"\u5367\u5f0f\u81ea\u52a8\u710a\">\u5367\u5f0f\u81ea\u52a8\u710a<\/a><\/strong><\/h2>\n\n\n\n<h2 class=\"wp-block-heading\">Horizontales autonomes Schwei\u00dfen<\/h2>\n\n\n\n<ul class=\"wp-block-list\">\n<li><strong>Pr\u00e4zise Bewegungssteuerung<\/strong>: Der Rahmen ist mit einem hochpr\u00e4zisen Bewegungssteuerungssystem ausgestattet, das die Bewegung der Schwei\u00dfausr\u00fcstung in horizontaler Richtung genau steuern kann. Dadurch wird sichergestellt, dass der Schwei\u00dfbrenner dem gew\u00fcnschten Schwei\u00dfweg mit hoher Genauigkeit folgt, was zu einer hervorragenden Schwei\u00dfqualit\u00e4t f\u00fchrt.<\/li>\n\n\n\n<li><strong>Leistungsstarkes Antriebssystem<\/strong>: Ein leistungsstarkes Antriebssystem sorgt f\u00fcr die n\u00f6tige Kraft, um das Schwei\u00dfger\u00e4t gleichm\u00e4\u00dfig und schnell zu bewegen. Das System bietet eine variable Geschwindigkeitsregelung, so dass unterschiedliche Schwei\u00dfgeschwindigkeiten je nach Schwei\u00dfprozess und Materialanforderungen eingestellt werden k\u00f6nnen.<\/li>\n\n\n\n<li><strong>Sicherheit Schutz<\/strong>: Der Rahmen ist mit einem umfassenden Sicherheitssystem ausgestattet, einschlie\u00dflich Not-Aus-Tasten, Schutzvorrichtungen und \u00dcberlastungsschutz. Diese Funktionen gew\u00e4hrleisten die Sicherheit der Bediener und der Ausr\u00fcstung w\u00e4hrend des Schwei\u00dfvorgangs.<\/li>\n<\/ul>\n\n\n\n<p>Das Bett ist aus rechteckigem Rohr geschwei\u00dft, und das Aussehen ist lackiert. Der Getriebeteil ist Schrittmotor-Getriebeantrieb, langlebig; Die bewegliche Vorrichtung ist eine F\u00fchrungsschiene und ein Schlitten, mit glatter Bewegung und hoher Pr\u00e4zision. Es ist mit einem schwingenden Mechanismus, zweidimensionalen beweglichen Gelenken ausgestattet und kann den Winkel des Schwei\u00dfbrenners einstellen. Es ist geeignet f\u00fcr das automatische Schwei\u00dfen von Ringnaht C02, und 2 S\u00e4tze von Schwei\u00dfbrenner Ger\u00e4te k\u00f6nnen konfiguriert werden.<\/p>\n\n\n\n<p> Standardkonfiguration: Hauptmotor, Sockel, Hebeb\u00fcgel, pneumatischer Heckaufsatz, Schiebebalken, pneumatische Unterpistole, Autec-Schwei\u00dfmaschine, PLC-Touchscreen-Steuerger\u00e4t\/Handsteuerger\u00e4t, Fu\u00dfschalter usw.<\/p>\n\n\n\n<p> Die gesamte Maschine kostenlose Garantie f\u00fcr ein Jahr, kostenlose Installation und Fehlerbehebung, Schwei\u00dfprozess Anleitung, Personalschulung.<\/p>\n\n\n\n<p>Unterst\u00fctzung von Anpassungen.<\/p>\n\n\n\n<figure class=\"wp-block-table\"><table class=\"has-fixed-layout\"><tbody><tr><td><strong>Modellnummer<\/strong><strong><\/strong><\/td><td><strong>Horizontales autonomes Schwei\u00dfen<\/strong><strong><\/strong><\/td><\/tr><tr><td>laden<\/td><td>300KG<\/td><\/tr><tr><td>Rotationsgeschwindigkeit<\/td><td>0,5-5r\/M<\/td><\/tr><tr><td>Kutschenfahrten<\/td><td>200mm<\/td><\/tr><tr><td>H\u00f6he der S\u00e4ule<\/td><td>1000mm<\/td><\/tr><tr><td>Einspanndurchmesser<\/td><td>20-500mm<\/td><\/tr><tr><td>Gewicht der Ausr\u00fcstung<\/td><td>680KG<\/td><\/tr><tr><td>Auf- und Abw\u00e4rtsbewegung des Schwei\u00dfbrenners<\/td><td>100mm<\/td><\/tr><tr><td>Pneumatischer Heckhub oben<\/td><td>150mm<\/td><\/tr><tr><td>Eingangsspannung<\/td><td>AC22V 50HZ<\/td><\/tr><tr><td>Rotierende Maschine<\/td><td>86 Schrittmotor<\/td><\/tr><\/tbody><\/table><\/figure>\n\n\n\n<div class=\"wp-block-uagb-container uagb-block-e5f1db80 alignfull uagb-is-root-container\"><div class=\"uagb-container-inner-blocks-wrap\">\n<figure class=\"wp-block-image size-large is-resized\"><img fetchpriority=\"high\" decoding=\"async\" width=\"1024\" height=\"521\" src=\"https:\/\/www.xinhaowelding.com\/wp-content\/uploads\/2024\/12\/\u5c55\u793a-1024x521.png\" alt=\"\" class=\"wp-image-4305\" style=\"width:1200px;height:auto\" srcset=\"https:\/\/www.xinhaowelding.com\/wp-content\/uploads\/2024\/12\/\u5c55\u793a-1024x521.png 1024w, https:\/\/www.xinhaowelding.com\/wp-content\/uploads\/2024\/12\/\u5c55\u793a-300x153.png 300w, https:\/\/www.xinhaowelding.com\/wp-content\/uploads\/2024\/12\/\u5c55\u793a-768x390.png 768w, https:\/\/www.xinhaowelding.com\/wp-content\/uploads\/2024\/12\/\u5c55\u793a-1536x781.png 1536w, https:\/\/www.xinhaowelding.com\/wp-content\/uploads\/2024\/12\/\u5c55\u793a-18x9.png 18w, https:\/\/www.xinhaowelding.com\/wp-content\/uploads\/2024\/12\/\u5c55\u793a-600x305.png 600w, https:\/\/www.xinhaowelding.com\/wp-content\/uploads\/2024\/12\/\u5c55\u793a.png 1957w\" sizes=\"(max-width: 1024px) 100vw, 1024px\" \/><\/figure>\n<\/div><\/div>\n\n\n\n<h2 class=\"wp-block-heading has-large-font-size\"><strong><u><strong>\u4ea7\u54c1\u7ec6\u8282<\/strong><\/u><\/strong><strong><u><strong><\/strong><\/u><\/strong><\/h2>\n\n\n\n<h2 class=\"wp-block-heading has-large-font-size\"><strong>Einzelheiten zum Produkt<\/strong><strong><\/strong><\/h2>\n\n\n\n<div class=\"wp-block-uagb-container uagb-block-71941ccb alignfull uagb-is-root-container\"><div class=\"uagb-container-inner-blocks-wrap\">\n<div class=\"wp-block-uagb-container uagb-block-129d47e6\">\n<figure class=\"wp-block-image size-full\"><img decoding=\"async\" width=\"1000\" height=\"800\" src=\"https:\/\/www.xinhaowelding.com\/wp-content\/uploads\/2024\/12\/\u7ec6\u82821-6.jpg\" alt=\"\" class=\"wp-image-4301\" srcset=\"https:\/\/www.xinhaowelding.com\/wp-content\/uploads\/2024\/12\/\u7ec6\u82821-6.jpg 1000w, https:\/\/www.xinhaowelding.com\/wp-content\/uploads\/2024\/12\/\u7ec6\u82821-6-300x240.jpg 300w, https:\/\/www.xinhaowelding.com\/wp-content\/uploads\/2024\/12\/\u7ec6\u82821-6-768x614.jpg 768w, https:\/\/www.xinhaowelding.com\/wp-content\/uploads\/2024\/12\/\u7ec6\u82821-6-15x12.jpg 15w, https:\/\/www.xinhaowelding.com\/wp-content\/uploads\/2024\/12\/\u7ec6\u82821-6-600x480.jpg 600w\" sizes=\"(max-width: 1000px) 100vw, 1000px\" \/><\/figure>\n<\/div>\n\n\n\n<div class=\"wp-block-uagb-container uagb-block-3c5ef77e\">\n<p class=\"has-large-font-size\"><strong>PLC-Kontrollbox<\/strong><\/p>\n\n\n\n<div class=\"wp-block-group is-layout-constrained wp-block-group-is-layout-constrained\">\n<p>Optionaler vertikaler Schaltschrank<\/p>\n\n\n\n<p>Intelligente numerische Steuerung, stabiler Betrieb<\/p>\n<\/div>\n<\/div>\n<\/div><\/div>\n\n\n\n<div class=\"wp-block-uagb-container uagb-block-af7526e4 alignfull uagb-is-root-container\"><div class=\"uagb-container-inner-blocks-wrap\">\n<div class=\"wp-block-uagb-container uagb-block-e6e7afab\">\n<figure class=\"wp-block-image size-full\"><img decoding=\"async\" width=\"1000\" height=\"800\" src=\"https:\/\/www.xinhaowelding.com\/wp-content\/uploads\/2024\/12\/\u7ec6\u82822.1-1.jpg\" alt=\"\" class=\"wp-image-4307\" srcset=\"https:\/\/www.xinhaowelding.com\/wp-content\/uploads\/2024\/12\/\u7ec6\u82822.1-1.jpg 1000w, https:\/\/www.xinhaowelding.com\/wp-content\/uploads\/2024\/12\/\u7ec6\u82822.1-1-300x240.jpg 300w, https:\/\/www.xinhaowelding.com\/wp-content\/uploads\/2024\/12\/\u7ec6\u82822.1-1-768x614.jpg 768w, https:\/\/www.xinhaowelding.com\/wp-content\/uploads\/2024\/12\/\u7ec6\u82822.1-1-15x12.jpg 15w, https:\/\/www.xinhaowelding.com\/wp-content\/uploads\/2024\/12\/\u7ec6\u82822.1-1-600x480.jpg 600w\" sizes=\"(max-width: 1000px) 100vw, 1000px\" \/><\/figure>\n<\/div>\n\n\n\n<div class=\"wp-block-uagb-container uagb-block-dc3ca5b0\">\n<p class=\"has-large-font-size\"><strong><strong>Durchgangsloch-Positionierer<\/strong><\/strong><\/p>\n\n\n\n<div class=\"wp-block-group is-layout-constrained wp-block-group-is-layout-constrained\">\n<p>Er kann Werkst\u00fccke mit verschiedenen Durchmessern aufnehmen<\/p>\n\n\n\n<p>Die Klemmung ist stabil und genau<\/p>\n<\/div>\n<\/div>\n<\/div><\/div>\n\n\n\n<div class=\"wp-block-uagb-container uagb-block-a97b0d20 alignfull uagb-is-root-container\"><div class=\"uagb-container-inner-blocks-wrap\">\n<div class=\"wp-block-uagb-container uagb-block-ea8e798e\">\n<figure class=\"wp-block-image size-full\"><img loading=\"lazy\" decoding=\"async\" width=\"1000\" height=\"800\" src=\"https:\/\/www.xinhaowelding.com\/wp-content\/uploads\/2024\/12\/\u7ec6\u82823-6.jpg\" alt=\"\" class=\"wp-image-4303\" srcset=\"https:\/\/www.xinhaowelding.com\/wp-content\/uploads\/2024\/12\/\u7ec6\u82823-6.jpg 1000w, https:\/\/www.xinhaowelding.com\/wp-content\/uploads\/2024\/12\/\u7ec6\u82823-6-300x240.jpg 300w, https:\/\/www.xinhaowelding.com\/wp-content\/uploads\/2024\/12\/\u7ec6\u82823-6-768x614.jpg 768w, https:\/\/www.xinhaowelding.com\/wp-content\/uploads\/2024\/12\/\u7ec6\u82823-6-15x12.jpg 15w, https:\/\/www.xinhaowelding.com\/wp-content\/uploads\/2024\/12\/\u7ec6\u82823-6-600x480.jpg 600w\" sizes=\"(max-width: 1000px) 100vw, 1000px\" \/><\/figure>\n<\/div>\n\n\n\n<div class=\"wp-block-uagb-container uagb-block-c9893407\">\n<p class=\"has-large-font-size\"><strong><strong><strong>86 Stufen Drahtvorschub<\/strong><\/strong><\/strong><\/p>\n\n\n\n<div class=\"wp-block-group is-layout-constrained wp-block-group-is-layout-constrained\">\n<p>Automatischer Drahtvorschub<\/p>\n\n\n\n<p>Einfaches Schwei\u00dfen<\/p>\n<\/div>\n<\/div>\n<\/div><\/div>\n\n\n\n<div class=\"wp-block-uagb-container uagb-block-ec443b08 alignfull uagb-is-root-container\"><div class=\"uagb-container-inner-blocks-wrap\">\n<div class=\"wp-block-uagb-container uagb-block-cd182961\">\n<figure class=\"wp-block-image size-full\"><img loading=\"lazy\" decoding=\"async\" width=\"1000\" height=\"800\" src=\"https:\/\/www.xinhaowelding.com\/wp-content\/uploads\/2024\/12\/\u7ec6\u82824-5.jpg\" alt=\"\" class=\"wp-image-4304\" srcset=\"https:\/\/www.xinhaowelding.com\/wp-content\/uploads\/2024\/12\/\u7ec6\u82824-5.jpg 1000w, https:\/\/www.xinhaowelding.com\/wp-content\/uploads\/2024\/12\/\u7ec6\u82824-5-300x240.jpg 300w, https:\/\/www.xinhaowelding.com\/wp-content\/uploads\/2024\/12\/\u7ec6\u82824-5-768x614.jpg 768w, https:\/\/www.xinhaowelding.com\/wp-content\/uploads\/2024\/12\/\u7ec6\u82824-5-15x12.jpg 15w, https:\/\/www.xinhaowelding.com\/wp-content\/uploads\/2024\/12\/\u7ec6\u82824-5-600x480.jpg 600w\" sizes=\"(max-width: 1000px) 100vw, 1000px\" \/><\/figure>\n<\/div>\n\n\n\n<div class=\"wp-block-uagb-container uagb-block-d5cd0891\">\n<p class=\"has-large-font-size\"><strong><strong><strong><strong>Schwei\u00dffutter<\/strong><\/strong><\/strong><\/strong><\/p>\n\n\n\n<div class=\"wp-block-group is-layout-constrained wp-block-group-is-layout-constrained\">\n<p>Selbstzentrierend d\u00fcnn<\/p>\n\n\n\n<p>Konzentrische Rotation<\/p>\n\n\n\n<p>Schnelles Anziehen<\/p>\n\n\n\n<p>Gro\u00dfes Loch<\/p>\n<\/div>\n<\/div>\n<\/div><\/div>\n\n\n\n<h2 class=\"wp-block-heading has-large-font-size\">\u4ea7\u54c1\u89e3\u6790<\/h2>\n\n\n\n<h2 class=\"wp-block-heading has-large-font-size\">Produktanalyse<\/h2>\n\n\n\n<div class=\"wp-block-uagb-container uagb-block-3a94d245 alignfull uagb-is-root-container\"><div class=\"uagb-container-inner-blocks-wrap\">\n<figure class=\"wp-block-image size-full is-resized\"><img loading=\"lazy\" decoding=\"async\" width=\"1000\" height=\"750\" src=\"https:\/\/www.xinhaowelding.com\/wp-content\/uploads\/2024\/12\/\u5367\u5f0f\u53cc\u67aa\u81ea\u52a8\u710a\u89e3\u6790.png\" alt=\"\" class=\"wp-image-4300\" style=\"width:1200px;height:auto\" srcset=\"https:\/\/www.xinhaowelding.com\/wp-content\/uploads\/2024\/12\/\u5367\u5f0f\u53cc\u67aa\u81ea\u52a8\u710a\u89e3\u6790.png 1000w, https:\/\/www.xinhaowelding.com\/wp-content\/uploads\/2024\/12\/\u5367\u5f0f\u53cc\u67aa\u81ea\u52a8\u710a\u89e3\u6790-300x225.png 300w, https:\/\/www.xinhaowelding.com\/wp-content\/uploads\/2024\/12\/\u5367\u5f0f\u53cc\u67aa\u81ea\u52a8\u710a\u89e3\u6790-768x576.png 768w, https:\/\/www.xinhaowelding.com\/wp-content\/uploads\/2024\/12\/\u5367\u5f0f\u53cc\u67aa\u81ea\u52a8\u710a\u89e3\u6790-16x12.png 16w, https:\/\/www.xinhaowelding.com\/wp-content\/uploads\/2024\/12\/\u5367\u5f0f\u53cc\u67aa\u81ea\u52a8\u710a\u89e3\u6790-600x450.png 600w\" sizes=\"(max-width: 1000px) 100vw, 1000px\" \/><\/figure>\n<\/div><\/div>\n\n\n\n<h2 class=\"wp-block-heading has-large-font-size\">\u73b0\u573a\u5b9e\u62cd<\/h2>\n\n\n\n<h2 class=\"wp-block-heading has-large-font-size\">Live-Dreharbeiten<\/h2>\n\n\n\n<div class=\"wp-block-uagb-container uagb-block-c353cc48 alignfull uagb-is-root-container\"><div class=\"uagb-container-inner-blocks-wrap\">\n<div class=\"wp-block-uagb-container uagb-block-fd9261dc\">\n<figure class=\"wp-block-image size-full\"><img loading=\"lazy\" decoding=\"async\" width=\"1000\" height=\"750\" src=\"https:\/\/www.xinhaowelding.com\/wp-content\/uploads\/2024\/12\/\u5b9e\u62cd1-9.jpg\" alt=\"\" class=\"wp-image-4296\" srcset=\"https:\/\/www.xinhaowelding.com\/wp-content\/uploads\/2024\/12\/\u5b9e\u62cd1-9.jpg 1000w, https:\/\/www.xinhaowelding.com\/wp-content\/uploads\/2024\/12\/\u5b9e\u62cd1-9-300x225.jpg 300w, https:\/\/www.xinhaowelding.com\/wp-content\/uploads\/2024\/12\/\u5b9e\u62cd1-9-768x576.jpg 768w, https:\/\/www.xinhaowelding.com\/wp-content\/uploads\/2024\/12\/\u5b9e\u62cd1-9-16x12.jpg 16w, https:\/\/www.xinhaowelding.com\/wp-content\/uploads\/2024\/12\/\u5b9e\u62cd1-9-600x450.jpg 600w\" sizes=\"(max-width: 1000px) 100vw, 1000px\" \/><\/figure>\n<\/div>\n\n\n\n<div class=\"wp-block-uagb-container uagb-block-e8136135\">\n<figure class=\"wp-block-image size-full\"><img loading=\"lazy\" decoding=\"async\" width=\"1000\" height=\"750\" src=\"https:\/\/www.xinhaowelding.com\/wp-content\/uploads\/2024\/12\/\u5b9e\u62cd2-9.jpg\" alt=\"\" class=\"wp-image-4297\" srcset=\"https:\/\/www.xinhaowelding.com\/wp-content\/uploads\/2024\/12\/\u5b9e\u62cd2-9.jpg 1000w, https:\/\/www.xinhaowelding.com\/wp-content\/uploads\/2024\/12\/\u5b9e\u62cd2-9-300x225.jpg 300w, https:\/\/www.xinhaowelding.com\/wp-content\/uploads\/2024\/12\/\u5b9e\u62cd2-9-768x576.jpg 768w, https:\/\/www.xinhaowelding.com\/wp-content\/uploads\/2024\/12\/\u5b9e\u62cd2-9-16x12.jpg 16w, https:\/\/www.xinhaowelding.com\/wp-content\/uploads\/2024\/12\/\u5b9e\u62cd2-9-600x450.jpg 600w\" sizes=\"(max-width: 1000px) 100vw, 1000px\" \/><\/figure>\n<\/div>\n\n\n\n<div class=\"wp-block-uagb-container uagb-block-2159fc2a\">\n<figure class=\"wp-block-image size-full\"><img loading=\"lazy\" decoding=\"async\" width=\"1000\" height=\"750\" src=\"https:\/\/www.xinhaowelding.com\/wp-content\/uploads\/2024\/12\/\u5b9e\u62cd3-10.jpg\" alt=\"\" class=\"wp-image-4298\" srcset=\"https:\/\/www.xinhaowelding.com\/wp-content\/uploads\/2024\/12\/\u5b9e\u62cd3-10.jpg 1000w, https:\/\/www.xinhaowelding.com\/wp-content\/uploads\/2024\/12\/\u5b9e\u62cd3-10-300x225.jpg 300w, https:\/\/www.xinhaowelding.com\/wp-content\/uploads\/2024\/12\/\u5b9e\u62cd3-10-768x576.jpg 768w, https:\/\/www.xinhaowelding.com\/wp-content\/uploads\/2024\/12\/\u5b9e\u62cd3-10-16x12.jpg 16w, https:\/\/www.xinhaowelding.com\/wp-content\/uploads\/2024\/12\/\u5b9e\u62cd3-10-600x450.jpg 600w\" sizes=\"(max-width: 1000px) 100vw, 1000px\" \/><\/figure>\n<\/div>\n\n\n\n<div class=\"wp-block-uagb-container uagb-block-bfcc4543\">\n<figure class=\"wp-block-image size-full\"><img loading=\"lazy\" decoding=\"async\" width=\"1000\" height=\"750\" src=\"https:\/\/www.xinhaowelding.com\/wp-content\/uploads\/2024\/12\/\u5b9e\u62cd4-10.jpg\" alt=\"\" class=\"wp-image-4299\" srcset=\"https:\/\/www.xinhaowelding.com\/wp-content\/uploads\/2024\/12\/\u5b9e\u62cd4-10.jpg 1000w, https:\/\/www.xinhaowelding.com\/wp-content\/uploads\/2024\/12\/\u5b9e\u62cd4-10-300x225.jpg 300w, https:\/\/www.xinhaowelding.com\/wp-content\/uploads\/2024\/12\/\u5b9e\u62cd4-10-768x576.jpg 768w, https:\/\/www.xinhaowelding.com\/wp-content\/uploads\/2024\/12\/\u5b9e\u62cd4-10-16x12.jpg 16w, https:\/\/www.xinhaowelding.com\/wp-content\/uploads\/2024\/12\/\u5b9e\u62cd4-10-600x450.jpg 600w\" sizes=\"(max-width: 1000px) 100vw, 1000px\" \/><\/figure>\n<\/div>\n<\/div><\/div>\n\n\n\n<p><a href=\"http:\/\/www.google.com\" title=\"www.google.com\">www.google.com<\/a><\/p>","protected":false},"excerpt":{"rendered":"<p>Horizontale Doppelpistole automatische Schwei\u00dfmaschine Argon Lichtbogenschwei\u00dfen zwei Schutz Schwei\u00dfen automatische Schwei\u00dfen Ringschwei\u00dfen pneumatische Ausr\u00fcstung<\/p>","protected":false},"featured_media":4320,"comment_status":"open","ping_status":"closed","template":"","meta":{"om_disable_all_campaigns":false,"_uag_custom_page_level_css":"","_monsterinsights_skip_tracking":false,"_monsterinsights_sitenote_active":false,"_monsterinsights_sitenote_note":"","_monsterinsights_sitenote_category":0,"site-sidebar-layout":"default","site-content-layout":"","ast-site-content-layout":"default","site-content-style":"default","site-sidebar-style":"default","ast-global-header-display":"","ast-banner-title-visibility":"","ast-main-header-display":"","ast-hfb-above-header-display":"","ast-hfb-below-header-display":"","ast-hfb-mobile-header-display":"","site-post-title":"","ast-breadcrumbs-content":"","ast-featured-img":"","footer-sml-layout":"","theme-transparent-header-meta":"","adv-header-id-meta":"","stick-header-meta":"","header-above-stick-meta":"","header-main-stick-meta":"","header-below-stick-meta":"","astra-migrate-meta-layouts":"set","ast-page-background-enabled":"default","ast-page-background-meta":{"desktop":{"background-color":"","background-image":"","background-repeat":"repeat","background-position":"center center","background-size":"auto","background-attachment":"scroll","background-type":"","background-media":"","overlay-type":"","overlay-color":"","overlay-opacity":"","overlay-gradient":""},"tablet":{"background-color":"","background-image":"","background-repeat":"repeat","background-position":"center center","background-size":"auto","background-attachment":"scroll","background-type":"","background-media":"","overlay-type":"","overlay-color":"","overlay-opacity":"","overlay-gradient":""},"mobile":{"background-color":"","background-image":"","background-repeat":"repeat","background-position":"center center","background-size":"auto","background-attachment":"scroll","background-type":"","background-media":"","overlay-type":"","overlay-color":"","overlay-opacity":"","overlay-gradient":""}},"ast-content-background-meta":{"desktop":{"background-color":"var(--ast-global-color-5)","background-image":"","background-repeat":"repeat","background-position":"center center","background-size":"auto","background-attachment":"scroll","background-type":"","background-media":"","overlay-type":"","overlay-color":"","overlay-opacity":"","overlay-gradient":""},"tablet":{"background-color":"var(--ast-global-color-5)","background-image":"","background-repeat":"repeat","background-position":"center center","background-size":"auto","background-attachment":"scroll","background-type":"","background-media":"","overlay-type":"","overlay-color":"","overlay-opacity":"","overlay-gradient":""},"mobile":{"background-color":"var(--ast-global-color-5)","background-image":"","background-repeat":"repeat","background-position":"center center","background-size":"auto","background-attachment":"scroll","background-type":"","background-media":"","overlay-type":"","overlay-color":"","overlay-opacity":"","overlay-gradient":""}}},"product_brand":[],"product_cat":[67,57],"product_tag":[],"class_list":{"0":"post-4295","1":"product","2":"type-product","3":"status-publish","4":"has-post-thumbnail","6":"product_cat-argon-arc-automatic-welding","7":"product_cat-automatic-welding-equipment","8":"desktop-align-left","9":"tablet-align-left","10":"mobile-align-left","12":"first","13":"instock","14":"shipping-taxable","15":"product-type-simple"},"aioseo_notices":[],"uagb_featured_image_src":{"full":["https:\/\/www.xinhaowelding.com\/wp-content\/uploads\/2024\/12\/1-9.jpg",800,800,false],"thumbnail":["https:\/\/www.xinhaowelding.com\/wp-content\/uploads\/2024\/12\/1-9-150x150.jpg",150,150,true],"medium":["https:\/\/www.xinhaowelding.com\/wp-content\/uploads\/2024\/12\/1-9-300x300.jpg",300,300,true],"medium_large":["https:\/\/www.xinhaowelding.com\/wp-content\/uploads\/2024\/12\/1-9-768x768.jpg",768,768,true],"large":["https:\/\/www.xinhaowelding.com\/wp-content\/uploads\/2024\/12\/1-9.jpg",800,800,false],"1536x1536":["https:\/\/www.xinhaowelding.com\/wp-content\/uploads\/2024\/12\/1-9.jpg",800,800,false],"2048x2048":["https:\/\/www.xinhaowelding.com\/wp-content\/uploads\/2024\/12\/1-9.jpg",800,800,false],"trp-custom-language-flag":["https:\/\/www.xinhaowelding.com\/wp-content\/uploads\/2024\/12\/1-9-12x12.jpg",12,12,true],"woocommerce_thumbnail":["https:\/\/www.xinhaowelding.com\/wp-content\/uploads\/2024\/12\/1-9-600x600.jpg",600,600,true],"woocommerce_single":["https:\/\/www.xinhaowelding.com\/wp-content\/uploads\/2024\/12\/1-9-600x600.jpg",600,600,true],"woocommerce_gallery_thumbnail":["https:\/\/www.xinhaowelding.com\/wp-content\/uploads\/2024\/12\/1-9-100x100.jpg",100,100,true]},"uagb_author_info":{"display_name":"jinxing6611@gmail.com","author_link":"https:\/\/www.xinhaowelding.com\/de\/author\/"},"uagb_comment_info":0,"uagb_excerpt":"Horizontal double gun automatic welding machine argon arc welding two protection welding automatic welding ring welding pneumatic equipment","_links":{"self":[{"href":"https:\/\/www.xinhaowelding.com\/de\/wp-json\/wp\/v2\/product\/4295","targetHints":{"allow":["GET"]}}],"collection":[{"href":"https:\/\/www.xinhaowelding.com\/de\/wp-json\/wp\/v2\/product"}],"about":[{"href":"https:\/\/www.xinhaowelding.com\/de\/wp-json\/wp\/v2\/types\/product"}],"replies":[{"embeddable":true,"href":"https:\/\/www.xinhaowelding.com\/de\/wp-json\/wp\/v2\/comments?post=4295"}],"wp:featuredmedia":[{"embeddable":true,"href":"https:\/\/www.xinhaowelding.com\/de\/wp-json\/wp\/v2\/media\/4320"}],"wp:attachment":[{"href":"https:\/\/www.xinhaowelding.com\/de\/wp-json\/wp\/v2\/media?parent=4295"}],"wp:term":[{"taxonomy":"product_brand","embeddable":true,"href":"https:\/\/www.xinhaowelding.com\/de\/wp-json\/wp\/v2\/product_brand?post=4295"},{"taxonomy":"product_cat","embeddable":true,"href":"https:\/\/www.xinhaowelding.com\/de\/wp-json\/wp\/v2\/product_cat?post=4295"},{"taxonomy":"product_tag","embeddable":true,"href":"https:\/\/www.xinhaowelding.com\/de\/wp-json\/wp\/v2\/product_tag?post=4295"}],"curies":[{"name":"wp","href":"https:\/\/api.w.org\/{rel}","templated":true}]}}