{"id":4367,"date":"2024-12-10T02:35:57","date_gmt":"2024-12-10T02:35:57","guid":{"rendered":"https:\/\/www.xinhaowelding.com\/?post_type=product&#038;p=4367"},"modified":"2025-04-03T02:36:41","modified_gmt":"2025-04-03T02:36:41","slug":"straight-seam-welding-machine","status":"publish","type":"product","link":"https:\/\/www.xinhaowelding.com\/de\/produkt\/straight-seam-welding-machine\/","title":{"rendered":"L\u00e4ngsnaht-Schwei\u00dfmaschinen | Hochpr\u00e4zise"},"content":{"rendered":"<h2 class=\"wp-block-heading\"><strong><a href=\"https:\/\/www.xinhaowelding.com\/de\/produkt\/straight-seam-welding-machine\/\" title=\"\u76f4\u7f1d\u710a\u63a5\u4e13\u673a\">\u76f4\u7f1d\u710a\u63a5\u4e13\u673a<\/a><\/strong><\/h2>\n\n\n\n<h2 class=\"wp-block-heading\">Gerade Nahtschwei\u00dfmaschine<\/h2>\n\n\n\n<p>Gerade Naht automatisches Schwei\u00dfen ist f\u00fcr das Schwei\u00dfen von Zylinder gerade Naht und flache Splei\u00df gerade Naht verwendet; Anwendbare Schwei\u00dfen Teile Bereich: vor allem in Aluminium, Kohlenstoffstahl, Edelstahl Materialien verwendet; Platte stumpf, dicke Platte V-f\u00f6rmige Nut, einseitige Schwei\u00dfen (kann auf beiden Seiten gebildet werden), kleine Schwei\u00dfverformung, saubere Schwei\u00dfnaht, sch\u00f6n. Die Schwei\u00dfpistole wird durch zwei Dimensionen angetrieben, das Werkst\u00fcck ist fixiert, und die Schwei\u00dfpistole wird bewegt, um das Schwei\u00dfen abzuschlie\u00dfen.<\/p>\n\n\n\n<p>Die Hauptmaschine hat eine freitragende Struktur, eine pneumatische Kompressionsstruktur vom Typ Tastatur, die eng entlang beider Seiten der geraden Naht angeordnet ist, um sicherzustellen, dass die Stumpfschwei\u00dfnaht \u00fcber die gesamte Schwei\u00dfl\u00e4nge gleichm\u00e4\u00dfig komprimiert wird; der Abstand der Druckfinger der linken und rechten Tasten kann an das Schwei\u00dfen verschiedener Werkst\u00fccke angepasst werden.<\/p>\n\n\n\n<p>Der Kupferheber ist in der Welle des Schwei\u00dfkerns installiert, der beim Argon-Lichtbogenschwei\u00dfen die Funktion des R\u00fcckluftschutzes bietet und den Schwei\u00dfeffekt des einseitigen Schwei\u00dfens und des doppelseitigen Formens erzielen kann.<\/p>\n\n\n\n<p>\u25c6 Der Gehmechanismus wird von einem Servomotor angetrieben, die Steuerung erfolgt \u00fcber einen PLC-Touchscreen und ist einfach zu bedienen.<\/p>\n\n\n\n<p>Optional Otai WSM-400 Argon-Lichtbogenschwei\u00dfmaschine, K\u00fchlwassertank, Argon-Lichtbogenschwei\u00dfpistole, CNC-Drahtzuf\u00fchrungsmaschine, f\u00fcr relativ dicke Werkst\u00fccke, um einen automatischen Drahtf\u00fcllschwei\u00dfprozess zu erreichen.<\/p>\n\n\n\n<figure class=\"wp-block-table\"><table class=\"has-fixed-layout\"><tbody><tr><td><strong>Modellnummer<\/strong><strong><\/strong><\/td><td><strong>ZFH-500<\/strong><strong><\/strong><\/td><td><strong>ZFH-800<\/strong><strong><\/strong><\/td><td><strong>ZFH-1200<\/strong><strong><\/strong><\/td><td><strong>ZFH-1500<\/strong><strong><\/strong><\/td><td><strong>ZFH-2000<\/strong><strong><\/strong><\/td><\/tr><tr><td>L\u00e4nge der schwei\u00dfbaren Teile<\/td><td>500mm<\/td><td>800mm<\/td><td>1200mm<\/td><td>1500mm<\/td><td>2000mm<\/td><\/tr><tr><td>Minimaler Innendurchmesser des Werkst\u00fccks<\/td><td>80mm<\/td><td>120mm<\/td><td>150mm<\/td><td>200mm<\/td><td>200mm<\/td><\/tr><tr><td>Dicke der Schwei\u00dferplatte<\/td><td colspan=\"5\">0,3-5 mm<\/td><\/tr><tr><td>Fahrgeschwindigkeit des Kopfes<\/td><td colspan=\"5\">500-150mm\/min<\/td><\/tr><tr><td>Hub des Brenners<\/td><td colspan=\"5\">100<\/td><\/tr><tr><td>Feiner Hub der Schwei\u00dfpistole<\/td><td colspan=\"5\">Y-100\u3001Z=100<\/td><\/tr><\/tbody><\/table><\/figure>\n\n\n\n<div class=\"wp-block-uagb-container uagb-block-b20bf430 alignfull uagb-is-root-container\"><div class=\"uagb-container-inner-blocks-wrap\">\n<div class=\"wp-block-uagb-container uagb-block-27a5eff0\">\n<figure class=\"wp-block-image size-full\"><img fetchpriority=\"high\" decoding=\"async\" width=\"1000\" height=\"750\" src=\"https:\/\/www.xinhaowelding.com\/wp-content\/uploads\/2024\/12\/\u5c55\u793a1-1.jpg\" alt=\"\" class=\"wp-image-4378\" srcset=\"https:\/\/www.xinhaowelding.com\/wp-content\/uploads\/2024\/12\/\u5c55\u793a1-1.jpg 1000w, https:\/\/www.xinhaowelding.com\/wp-content\/uploads\/2024\/12\/\u5c55\u793a1-1-300x225.jpg 300w, https:\/\/www.xinhaowelding.com\/wp-content\/uploads\/2024\/12\/\u5c55\u793a1-1-768x576.jpg 768w, https:\/\/www.xinhaowelding.com\/wp-content\/uploads\/2024\/12\/\u5c55\u793a1-1-16x12.jpg 16w, https:\/\/www.xinhaowelding.com\/wp-content\/uploads\/2024\/12\/\u5c55\u793a1-1-600x450.jpg 600w\" sizes=\"(max-width: 1000px) 100vw, 1000px\" \/><\/figure>\n<\/div>\n\n\n\n<div class=\"wp-block-uagb-container uagb-block-0224679c\">\n<figure class=\"wp-block-image size-full\"><img decoding=\"async\" width=\"1000\" height=\"750\" src=\"https:\/\/www.xinhaowelding.com\/wp-content\/uploads\/2024\/12\/\u5c55\u793a2-1.jpg\" alt=\"\" class=\"wp-image-4379\" srcset=\"https:\/\/www.xinhaowelding.com\/wp-content\/uploads\/2024\/12\/\u5c55\u793a2-1.jpg 1000w, https:\/\/www.xinhaowelding.com\/wp-content\/uploads\/2024\/12\/\u5c55\u793a2-1-300x225.jpg 300w, https:\/\/www.xinhaowelding.com\/wp-content\/uploads\/2024\/12\/\u5c55\u793a2-1-768x576.jpg 768w, https:\/\/www.xinhaowelding.com\/wp-content\/uploads\/2024\/12\/\u5c55\u793a2-1-16x12.jpg 16w, https:\/\/www.xinhaowelding.com\/wp-content\/uploads\/2024\/12\/\u5c55\u793a2-1-600x450.jpg 600w\" sizes=\"(max-width: 1000px) 100vw, 1000px\" \/><\/figure>\n<\/div>\n<\/div><\/div>\n\n\n\n<h2 class=\"wp-block-heading has-large-font-size\"><strong><u><strong>\u4ea7\u54c1\u7ec6\u8282<\/strong><\/u><\/strong><strong><u><strong><\/strong><\/u><\/strong><\/h2>\n\n\n\n<h2 class=\"wp-block-heading has-large-font-size\"><strong>Einzelheiten zum Produkt<\/strong><strong><\/strong><\/h2>\n\n\n\n<div class=\"wp-block-uagb-container uagb-block-682b912f alignfull uagb-is-root-container\"><div class=\"uagb-container-inner-blocks-wrap\">\n<div class=\"wp-block-uagb-container uagb-block-1215dc1b\">\n<figure class=\"wp-block-image size-full\"><img decoding=\"async\" width=\"1000\" height=\"800\" src=\"https:\/\/www.xinhaowelding.com\/wp-content\/uploads\/2024\/12\/\u7ec6\u82821-7.jpg\" alt=\"\" class=\"wp-image-4375\" srcset=\"https:\/\/www.xinhaowelding.com\/wp-content\/uploads\/2024\/12\/\u7ec6\u82821-7.jpg 1000w, https:\/\/www.xinhaowelding.com\/wp-content\/uploads\/2024\/12\/\u7ec6\u82821-7-300x240.jpg 300w, https:\/\/www.xinhaowelding.com\/wp-content\/uploads\/2024\/12\/\u7ec6\u82821-7-768x614.jpg 768w, https:\/\/www.xinhaowelding.com\/wp-content\/uploads\/2024\/12\/\u7ec6\u82821-7-15x12.jpg 15w, https:\/\/www.xinhaowelding.com\/wp-content\/uploads\/2024\/12\/\u7ec6\u82821-7-600x480.jpg 600w\" sizes=\"(max-width: 1000px) 100vw, 1000px\" \/><\/figure>\n<\/div>\n\n\n\n<div class=\"wp-block-uagb-container uagb-block-61e88b04\">\n<p class=\"has-large-font-size\"><strong>SPS-Steuerung<\/strong><\/p>\n\n\n\n<div class=\"wp-block-group is-layout-constrained wp-block-group-is-layout-constrained\">\n<p>Mit CNC-Touchscreen, Materialsicherheitsabstand.<\/p>\n\n\n\n<p>Benutzerfreundliche Bedienoberfl\u00e4che, einfach zu bedienen, guter Betrieb!<\/p>\n<\/div>\n<\/div>\n<\/div><\/div>\n\n\n\n<div class=\"wp-block-uagb-container uagb-block-5d965e32 alignfull uagb-is-root-container\"><div class=\"uagb-container-inner-blocks-wrap\">\n<div class=\"wp-block-uagb-container uagb-block-ffbbc89c\">\n<figure class=\"wp-block-image size-full\"><img loading=\"lazy\" decoding=\"async\" width=\"1000\" height=\"800\" src=\"https:\/\/www.xinhaowelding.com\/wp-content\/uploads\/2024\/12\/\u672a\u6807\u9898-1-2.jpg\" alt=\"\" class=\"wp-image-4382\" srcset=\"https:\/\/www.xinhaowelding.com\/wp-content\/uploads\/2024\/12\/\u672a\u6807\u9898-1-2.jpg 1000w, https:\/\/www.xinhaowelding.com\/wp-content\/uploads\/2024\/12\/\u672a\u6807\u9898-1-2-300x240.jpg 300w, https:\/\/www.xinhaowelding.com\/wp-content\/uploads\/2024\/12\/\u672a\u6807\u9898-1-2-768x614.jpg 768w, https:\/\/www.xinhaowelding.com\/wp-content\/uploads\/2024\/12\/\u672a\u6807\u9898-1-2-15x12.jpg 15w, https:\/\/www.xinhaowelding.com\/wp-content\/uploads\/2024\/12\/\u672a\u6807\u9898-1-2-600x480.jpg 600w\" sizes=\"(max-width: 1000px) 100vw, 1000px\" \/><\/figure>\n<\/div>\n\n\n\n<div class=\"wp-block-uagb-container uagb-block-b15c46bd\">\n<p class=\"has-large-font-size\"><strong>Servomotor<\/strong><\/p>\n\n\n\n<div class=\"wp-block-group is-layout-constrained wp-block-group-is-layout-constrained\">\n<p>Gleichstrom-Servomotor-Antrieb, Zahnstangen- und Ritzelantrieb,<\/p>\n\n\n\n<p>Die Gleisoberfl\u00e4che ist geschliffen und stabil verschwei\u00dft<\/p>\n<\/div>\n<\/div>\n<\/div><\/div>\n\n\n\n<div class=\"wp-block-uagb-container uagb-block-fdc79714 alignfull uagb-is-root-container\"><div class=\"uagb-container-inner-blocks-wrap\">\n<div class=\"wp-block-uagb-container uagb-block-176f945a\">\n<figure class=\"wp-block-image size-full\"><img loading=\"lazy\" decoding=\"async\" width=\"1000\" height=\"800\" src=\"https:\/\/www.xinhaowelding.com\/wp-content\/uploads\/2024\/12\/\u7ec6\u82823-7.jpg\" alt=\"\" class=\"wp-image-4377\" srcset=\"https:\/\/www.xinhaowelding.com\/wp-content\/uploads\/2024\/12\/\u7ec6\u82823-7.jpg 1000w, https:\/\/www.xinhaowelding.com\/wp-content\/uploads\/2024\/12\/\u7ec6\u82823-7-300x240.jpg 300w, https:\/\/www.xinhaowelding.com\/wp-content\/uploads\/2024\/12\/\u7ec6\u82823-7-768x614.jpg 768w, https:\/\/www.xinhaowelding.com\/wp-content\/uploads\/2024\/12\/\u7ec6\u82823-7-15x12.jpg 15w, https:\/\/www.xinhaowelding.com\/wp-content\/uploads\/2024\/12\/\u7ec6\u82823-7-600x480.jpg 600w\" sizes=\"(max-width: 1000px) 100vw, 1000px\" \/><\/figure>\n<\/div>\n\n\n\n<div class=\"wp-block-uagb-container uagb-block-54f8d805\">\n<p class=\"has-large-font-size\"><strong>Schwei\u00dfvorrichtungen<\/strong><\/p>\n\n\n\n<div class=\"wp-block-group is-layout-constrained wp-block-group-is-layout-constrained\">\n<p>Die Schwei\u00dfschablone h\u00e4lt die Schwei\u00dfpistole fest, verhindert das Wackeln der Schwei\u00dfpistole und ist anpassungsf\u00e4hig<\/p>\n\n\n\n<p>Linear-\/Pendelschwinger sind effektiv bei der Erledigung von Schwei\u00dfaufgaben und k\u00f6nnen geschwei\u00dft werden<\/p>\n\n\n\n<p>Schwei\u00dfen mit Kohlenstoffstahl, rostfreiem Stahl, Kohlenstofflegierungen, Aluminiumlegierungen und anderen Materialien<\/p>\n<\/div>\n<\/div>\n<\/div><\/div>\n\n\n\n<h2 class=\"wp-block-heading has-large-font-size\">\u4ea7\u54c1\u89e3\u6790<\/h2>\n\n\n\n<h2 class=\"wp-block-heading has-large-font-size\">Produktanalyse<\/h2>\n\n\n\n<div class=\"wp-block-uagb-container uagb-block-84d47ff0 alignfull uagb-is-root-container\"><div class=\"uagb-container-inner-blocks-wrap\">\n<figure class=\"wp-block-image size-large\"><img loading=\"lazy\" decoding=\"async\" width=\"1024\" height=\"648\" src=\"https:\/\/www.xinhaowelding.com\/wp-content\/uploads\/2024\/12\/\u89e3\u6790-2-1024x648.png\" alt=\"\" class=\"wp-image-4368\" srcset=\"https:\/\/www.xinhaowelding.com\/wp-content\/uploads\/2024\/12\/\u89e3\u6790-2-1024x648.png 1024w, https:\/\/www.xinhaowelding.com\/wp-content\/uploads\/2024\/12\/\u89e3\u6790-2-300x190.png 300w, https:\/\/www.xinhaowelding.com\/wp-content\/uploads\/2024\/12\/\u89e3\u6790-2-768x486.png 768w, https:\/\/www.xinhaowelding.com\/wp-content\/uploads\/2024\/12\/\u89e3\u6790-2-1536x973.png 1536w, https:\/\/www.xinhaowelding.com\/wp-content\/uploads\/2024\/12\/\u89e3\u6790-2-18x12.png 18w, https:\/\/www.xinhaowelding.com\/wp-content\/uploads\/2024\/12\/\u89e3\u6790-2-600x380.png 600w, https:\/\/www.xinhaowelding.com\/wp-content\/uploads\/2024\/12\/\u89e3\u6790-2.png 1723w\" sizes=\"(max-width: 1024px) 100vw, 1024px\" \/><\/figure>\n<\/div><\/div>\n\n\n\n<h2 class=\"wp-block-heading has-large-font-size\">\u73b0\u573a\u5b9e\u62cd<\/h2>\n\n\n\n<h2 class=\"wp-block-heading has-large-font-size\">Live-Dreharbeiten<\/h2>\n\n\n\n<div class=\"wp-block-uagb-container uagb-block-5d815de2 alignfull uagb-is-root-container\"><div class=\"uagb-container-inner-blocks-wrap\">\n<div class=\"wp-block-uagb-container uagb-block-48ee2401\">\n<figure class=\"wp-block-image size-full\"><img loading=\"lazy\" decoding=\"async\" width=\"800\" height=\"800\" src=\"https:\/\/www.xinhaowelding.com\/wp-content\/uploads\/2024\/12\/\u5b9e\u62cd1-11.jpg\" alt=\"\" class=\"wp-image-4369\" srcset=\"https:\/\/www.xinhaowelding.com\/wp-content\/uploads\/2024\/12\/\u5b9e\u62cd1-11.jpg 800w, https:\/\/www.xinhaowelding.com\/wp-content\/uploads\/2024\/12\/\u5b9e\u62cd1-11-300x300.jpg 300w, https:\/\/www.xinhaowelding.com\/wp-content\/uploads\/2024\/12\/\u5b9e\u62cd1-11-150x150.jpg 150w, https:\/\/www.xinhaowelding.com\/wp-content\/uploads\/2024\/12\/\u5b9e\u62cd1-11-768x768.jpg 768w, https:\/\/www.xinhaowelding.com\/wp-content\/uploads\/2024\/12\/\u5b9e\u62cd1-11-12x12.jpg 12w, https:\/\/www.xinhaowelding.com\/wp-content\/uploads\/2024\/12\/\u5b9e\u62cd1-11-600x600.jpg 600w, https:\/\/www.xinhaowelding.com\/wp-content\/uploads\/2024\/12\/\u5b9e\u62cd1-11-100x100.jpg 100w\" sizes=\"(max-width: 800px) 100vw, 800px\" \/><\/figure>\n<\/div>\n\n\n\n<div class=\"wp-block-uagb-container uagb-block-7adf55dd\">\n<figure class=\"wp-block-image size-full\"><img loading=\"lazy\" decoding=\"async\" width=\"800\" height=\"800\" src=\"https:\/\/www.xinhaowelding.com\/wp-content\/uploads\/2024\/12\/\u5b9e\u62cd2-11.jpg\" alt=\"\" class=\"wp-image-4370\" srcset=\"https:\/\/www.xinhaowelding.com\/wp-content\/uploads\/2024\/12\/\u5b9e\u62cd2-11.jpg 800w, https:\/\/www.xinhaowelding.com\/wp-content\/uploads\/2024\/12\/\u5b9e\u62cd2-11-300x300.jpg 300w, https:\/\/www.xinhaowelding.com\/wp-content\/uploads\/2024\/12\/\u5b9e\u62cd2-11-150x150.jpg 150w, https:\/\/www.xinhaowelding.com\/wp-content\/uploads\/2024\/12\/\u5b9e\u62cd2-11-768x768.jpg 768w, https:\/\/www.xinhaowelding.com\/wp-content\/uploads\/2024\/12\/\u5b9e\u62cd2-11-12x12.jpg 12w, https:\/\/www.xinhaowelding.com\/wp-content\/uploads\/2024\/12\/\u5b9e\u62cd2-11-600x600.jpg 600w, https:\/\/www.xinhaowelding.com\/wp-content\/uploads\/2024\/12\/\u5b9e\u62cd2-11-100x100.jpg 100w\" sizes=\"(max-width: 800px) 100vw, 800px\" \/><\/figure>\n<\/div>\n\n\n\n<div class=\"wp-block-uagb-container uagb-block-b400b6d3\">\n<figure class=\"wp-block-image size-full\"><img loading=\"lazy\" decoding=\"async\" width=\"800\" height=\"800\" src=\"https:\/\/www.xinhaowelding.com\/wp-content\/uploads\/2024\/12\/\u5b9e\u62cd3-12.jpg\" alt=\"\" class=\"wp-image-4371\" srcset=\"https:\/\/www.xinhaowelding.com\/wp-content\/uploads\/2024\/12\/\u5b9e\u62cd3-12.jpg 800w, https:\/\/www.xinhaowelding.com\/wp-content\/uploads\/2024\/12\/\u5b9e\u62cd3-12-300x300.jpg 300w, https:\/\/www.xinhaowelding.com\/wp-content\/uploads\/2024\/12\/\u5b9e\u62cd3-12-150x150.jpg 150w, https:\/\/www.xinhaowelding.com\/wp-content\/uploads\/2024\/12\/\u5b9e\u62cd3-12-768x768.jpg 768w, https:\/\/www.xinhaowelding.com\/wp-content\/uploads\/2024\/12\/\u5b9e\u62cd3-12-12x12.jpg 12w, https:\/\/www.xinhaowelding.com\/wp-content\/uploads\/2024\/12\/\u5b9e\u62cd3-12-600x600.jpg 600w, https:\/\/www.xinhaowelding.com\/wp-content\/uploads\/2024\/12\/\u5b9e\u62cd3-12-100x100.jpg 100w\" sizes=\"(max-width: 800px) 100vw, 800px\" \/><\/figure>\n<\/div>\n\n\n\n<div class=\"wp-block-uagb-container uagb-block-bd217ab4\">\n<figure class=\"wp-block-image size-full\"><img loading=\"lazy\" decoding=\"async\" width=\"800\" height=\"800\" src=\"https:\/\/www.xinhaowelding.com\/wp-content\/uploads\/2024\/12\/\u5b9e\u62cd4-12.jpg\" alt=\"\" class=\"wp-image-4372\" srcset=\"https:\/\/www.xinhaowelding.com\/wp-content\/uploads\/2024\/12\/\u5b9e\u62cd4-12.jpg 800w, https:\/\/www.xinhaowelding.com\/wp-content\/uploads\/2024\/12\/\u5b9e\u62cd4-12-300x300.jpg 300w, https:\/\/www.xinhaowelding.com\/wp-content\/uploads\/2024\/12\/\u5b9e\u62cd4-12-150x150.jpg 150w, https:\/\/www.xinhaowelding.com\/wp-content\/uploads\/2024\/12\/\u5b9e\u62cd4-12-768x768.jpg 768w, https:\/\/www.xinhaowelding.com\/wp-content\/uploads\/2024\/12\/\u5b9e\u62cd4-12-12x12.jpg 12w, https:\/\/www.xinhaowelding.com\/wp-content\/uploads\/2024\/12\/\u5b9e\u62cd4-12-600x600.jpg 600w, https:\/\/www.xinhaowelding.com\/wp-content\/uploads\/2024\/12\/\u5b9e\u62cd4-12-100x100.jpg 100w\" sizes=\"(max-width: 800px) 100vw, 800px\" \/><\/figure>\n<\/div>\n\n\n\n<div class=\"wp-block-uagb-container uagb-block-7120a1e7\">\n<figure class=\"wp-block-image size-full\"><img loading=\"lazy\" decoding=\"async\" width=\"800\" height=\"800\" src=\"https:\/\/www.xinhaowelding.com\/wp-content\/uploads\/2024\/12\/\u5b9e\u62cd5.jpg\" alt=\"\" class=\"wp-image-4373\" srcset=\"https:\/\/www.xinhaowelding.com\/wp-content\/uploads\/2024\/12\/\u5b9e\u62cd5.jpg 800w, https:\/\/www.xinhaowelding.com\/wp-content\/uploads\/2024\/12\/\u5b9e\u62cd5-300x300.jpg 300w, https:\/\/www.xinhaowelding.com\/wp-content\/uploads\/2024\/12\/\u5b9e\u62cd5-150x150.jpg 150w, https:\/\/www.xinhaowelding.com\/wp-content\/uploads\/2024\/12\/\u5b9e\u62cd5-768x768.jpg 768w, https:\/\/www.xinhaowelding.com\/wp-content\/uploads\/2024\/12\/\u5b9e\u62cd5-12x12.jpg 12w, https:\/\/www.xinhaowelding.com\/wp-content\/uploads\/2024\/12\/\u5b9e\u62cd5-600x600.jpg 600w, https:\/\/www.xinhaowelding.com\/wp-content\/uploads\/2024\/12\/\u5b9e\u62cd5-100x100.jpg 100w\" sizes=\"(max-width: 800px) 100vw, 800px\" \/><\/figure>\n<\/div>\n\n\n\n<div class=\"wp-block-uagb-container uagb-block-995d7c78\">\n<figure class=\"wp-block-image size-full\"><img loading=\"lazy\" decoding=\"async\" width=\"800\" height=\"800\" src=\"https:\/\/www.xinhaowelding.com\/wp-content\/uploads\/2024\/12\/\u5b9e\u62cd6.jpg\" alt=\"\" class=\"wp-image-4374\" srcset=\"https:\/\/www.xinhaowelding.com\/wp-content\/uploads\/2024\/12\/\u5b9e\u62cd6.jpg 800w, https:\/\/www.xinhaowelding.com\/wp-content\/uploads\/2024\/12\/\u5b9e\u62cd6-300x300.jpg 300w, https:\/\/www.xinhaowelding.com\/wp-content\/uploads\/2024\/12\/\u5b9e\u62cd6-150x150.jpg 150w, https:\/\/www.xinhaowelding.com\/wp-content\/uploads\/2024\/12\/\u5b9e\u62cd6-768x768.jpg 768w, https:\/\/www.xinhaowelding.com\/wp-content\/uploads\/2024\/12\/\u5b9e\u62cd6-12x12.jpg 12w, https:\/\/www.xinhaowelding.com\/wp-content\/uploads\/2024\/12\/\u5b9e\u62cd6-600x600.jpg 600w, https:\/\/www.xinhaowelding.com\/wp-content\/uploads\/2024\/12\/\u5b9e\u62cd6-100x100.jpg 100w\" sizes=\"(max-width: 800px) 100vw, 800px\" \/><\/figure>\n<\/div>\n<\/div><\/div>\n\n\n\n<p><a href=\"http:\/\/www.google.com\" title=\"www.google.com\">www.google.com<\/a><\/p>","protected":false},"excerpt":{"rendered":"<p>Gerade Linie Schwei\u00dfmaschine spezielle Argon Lichtbogen zwei Schutz Schwei\u00dfen gerade Linie Schwei\u00dfmaschine gerade Naht Schwei\u00dfen Tabelle<\/p>","protected":false},"featured_media":4383,"comment_status":"open","ping_status":"closed","template":"","meta":{"om_disable_all_campaigns":false,"_uag_custom_page_level_css":"","_monsterinsights_skip_tracking":false,"_monsterinsights_sitenote_active":false,"_monsterinsights_sitenote_note":"","_monsterinsights_sitenote_category":0,"site-sidebar-layout":"default","site-content-layout":"","ast-site-content-layout":"default","site-content-style":"default","site-sidebar-style":"default","ast-global-header-display":"","ast-banner-title-visibility":"","ast-main-header-display":"","ast-hfb-above-header-display":"","ast-hfb-below-header-display":"","ast-hfb-mobile-header-display":"","site-post-title":"","ast-breadcrumbs-content":"","ast-featured-img":"","footer-sml-layout":"","theme-transparent-header-meta":"","adv-header-id-meta":"","stick-header-meta":"","header-above-stick-meta":"","header-main-stick-meta":"","header-below-stick-meta":"","astra-migrate-meta-layouts":"set","ast-page-background-enabled":"default","ast-page-background-meta":{"desktop":{"background-color":"","background-image":"","background-repeat":"repeat","background-position":"center center","background-size":"auto","background-attachment":"scroll","background-type":"","background-media":"","overlay-type":"","overlay-color":"","overlay-opacity":"","overlay-gradient":""},"tablet":{"background-color":"","background-image":"","background-repeat":"repeat","background-position":"center center","background-size":"auto","background-attachment":"scroll","background-type":"","background-media":"","overlay-type":"","overlay-color":"","overlay-opacity":"","overlay-gradient":""},"mobile":{"background-color":"","background-image":"","background-repeat":"repeat","background-position":"center center","background-size":"auto","background-attachment":"scroll","background-type":"","background-media":"","overlay-type":"","overlay-color":"","overlay-opacity":"","overlay-gradient":""}},"ast-content-background-meta":{"desktop":{"background-color":"var(--ast-global-color-5)","background-image":"","background-repeat":"repeat","background-position":"center center","background-size":"auto","background-attachment":"scroll","background-type":"","background-media":"","overlay-type":"","overlay-color":"","overlay-opacity":"","overlay-gradient":""},"tablet":{"background-color":"var(--ast-global-color-5)","background-image":"","background-repeat":"repeat","background-position":"center center","background-size":"auto","background-attachment":"scroll","background-type":"","background-media":"","overlay-type":"","overlay-color":"","overlay-opacity":"","overlay-gradient":""},"mobile":{"background-color":"var(--ast-global-color-5)","background-image":"","background-repeat":"repeat","background-position":"center center","background-size":"auto","background-attachment":"scroll","background-type":"","background-media":"","overlay-type":"","overlay-color":"","overlay-opacity":"","overlay-gradient":""}}},"product_brand":[],"product_cat":[57,68],"product_tag":[],"class_list":{"0":"post-4367","1":"product","2":"type-product","3":"status-publish","4":"has-post-thumbnail","6":"product_cat-automatic-welding-equipment","7":"product_cat-straight-seam-automatic-welding","8":"desktop-align-left","9":"tablet-align-left","10":"mobile-align-left","12":"first","13":"instock","14":"shipping-taxable","15":"product-type-simple"},"aioseo_notices":[],"uagb_featured_image_src":{"full":["https:\/\/www.xinhaowelding.com\/wp-content\/uploads\/2024\/12\/1-11.jpg",800,800,false],"thumbnail":["https:\/\/www.xinhaowelding.com\/wp-content\/uploads\/2024\/12\/1-11-150x150.jpg",150,150,true],"medium":["https:\/\/www.xinhaowelding.com\/wp-content\/uploads\/2024\/12\/1-11-300x300.jpg",300,300,true],"medium_large":["https:\/\/www.xinhaowelding.com\/wp-content\/uploads\/2024\/12\/1-11-768x768.jpg",768,768,true],"large":["https:\/\/www.xinhaowelding.com\/wp-content\/uploads\/2024\/12\/1-11.jpg",800,800,false],"1536x1536":["https:\/\/www.xinhaowelding.com\/wp-content\/uploads\/2024\/12\/1-11.jpg",800,800,false],"2048x2048":["https:\/\/www.xinhaowelding.com\/wp-content\/uploads\/2024\/12\/1-11.jpg",800,800,false],"trp-custom-language-flag":["https:\/\/www.xinhaowelding.com\/wp-content\/uploads\/2024\/12\/1-11-12x12.jpg",12,12,true],"woocommerce_thumbnail":["https:\/\/www.xinhaowelding.com\/wp-content\/uploads\/2024\/12\/1-11-600x600.jpg",600,600,true],"woocommerce_single":["https:\/\/www.xinhaowelding.com\/wp-content\/uploads\/2024\/12\/1-11-600x600.jpg",600,600,true],"woocommerce_gallery_thumbnail":["https:\/\/www.xinhaowelding.com\/wp-content\/uploads\/2024\/12\/1-11-100x100.jpg",100,100,true]},"uagb_author_info":{"display_name":"jinxing6611@gmail.com","author_link":"https:\/\/www.xinhaowelding.com\/de\/author\/"},"uagb_comment_info":0,"uagb_excerpt":"Straight line welding machine special argon arc two protection welding straight line welding machine straight seam welding table","_links":{"self":[{"href":"https:\/\/www.xinhaowelding.com\/de\/wp-json\/wp\/v2\/product\/4367","targetHints":{"allow":["GET"]}}],"collection":[{"href":"https:\/\/www.xinhaowelding.com\/de\/wp-json\/wp\/v2\/product"}],"about":[{"href":"https:\/\/www.xinhaowelding.com\/de\/wp-json\/wp\/v2\/types\/product"}],"replies":[{"embeddable":true,"href":"https:\/\/www.xinhaowelding.com\/de\/wp-json\/wp\/v2\/comments?post=4367"}],"wp:featuredmedia":[{"embeddable":true,"href":"https:\/\/www.xinhaowelding.com\/de\/wp-json\/wp\/v2\/media\/4383"}],"wp:attachment":[{"href":"https:\/\/www.xinhaowelding.com\/de\/wp-json\/wp\/v2\/media?parent=4367"}],"wp:term":[{"taxonomy":"product_brand","embeddable":true,"href":"https:\/\/www.xinhaowelding.com\/de\/wp-json\/wp\/v2\/product_brand?post=4367"},{"taxonomy":"product_cat","embeddable":true,"href":"https:\/\/www.xinhaowelding.com\/de\/wp-json\/wp\/v2\/product_cat?post=4367"},{"taxonomy":"product_tag","embeddable":true,"href":"https:\/\/www.xinhaowelding.com\/de\/wp-json\/wp\/v2\/product_tag?post=4367"}],"curies":[{"name":"wp","href":"https:\/\/api.w.org\/{rel}","templated":true}]}}