{"id":4565,"date":"2025-04-09T06:44:36","date_gmt":"2025-04-09T06:44:36","guid":{"rendered":"https:\/\/www.xinhaowelding.com\/?post_type=product&#038;p=4565"},"modified":"2025-04-09T06:46:02","modified_gmt":"2025-04-09T06:46:02","slug":"zdh-1140-6-axis-cnc-tig-welder-auto-argon-arc-welding","status":"publish","type":"product","link":"https:\/\/www.xinhaowelding.com\/de\/produkt\/zdh-1140-6-axis-cnc-tig-welder-auto-argon-arc-welding\/","title":{"rendered":"ZDH-1140 6-Achsen CNC WIG-Schwei\u00dfger\u00e4t | Auto Argon Arc Welding"},"content":{"rendered":"<h2 class=\"wp-block-heading\"><a href=\"https:\/\/www.xinhaowelding.com\/de\/produkt\/zdh-1140-6-axis-cnc-tig-welder-auto-argon-arc-welding\/\" title=\"\u6c29\u5f27\u81ea\u52a8\u710a1140\uff08\u516d\u8f74\uff09\">\u6c29\u5f27\u81ea\u52a8\u710a1140\uff08\u516d\u8f74\uff09<\/a><\/h2>\n\n\n\n<h3 class=\"wp-block-heading\">ZDH - 1140 Sechs-Achs-Automatische WIG-Schwei\u00dfmaschine<\/h3>\n\n\n\n<p>Geeignet f\u00fcr das Schwei\u00dfen von Rohren, Rohrb\u00f6gen, Rohrflanschen mit hohem Hals, Flachnahtschwei\u00dfen und Rohrflanscheckenschwei\u00dfen.<\/p>\n\n\n\n<p>Geeignet f\u00fcr das Schwei\u00dfen von Kohlenstoffstahl und rostfreiem Stahl.<\/p>\n\n\n\n<p>Standard Autai WSM-400C Argon-Schwei\u00dfger\u00e4t, Panasonic YC-400TX4 Argon-Schwei\u00dfger\u00e4t kann gew\u00e4hlt werden.<\/p>\n\n\n\n<p>\u25c6Integriertes Design, kompakte Struktur, ausgereift und zuverl\u00e4ssig; Dreibacken-Spannfutter mit selbstzentrierender Drehung, genaue Positionierung.<\/p>\n\n\n\n<p>\u25c63D manuelles Schwei\u00dfkreuz + Durchgangsloch-Positionierer + Schwei\u00dfpistole Winkelverstellmechanismus, um die Schwei\u00dfpistole Multi-Position, Multi-Winkel-Umstellung zu gew\u00e4hrleisten.<\/p>\n\n\n\n<p>\u25c6Control System nimmt gro\u00dfen Bildschirm Touchscreen Mensch-Maschine-Schnittstelle, einfache Bedienung, integrierte Steuerung der Positionierer Parameter, Swing-Parameter, Schwei\u00dfmaschine Strom, Drahtvorschub Parameter, Lichtbogen Spannung Parameter.<\/p>\n\n\n\n<p>Die Speicherkapazit\u00e4t des Schwei\u00dfprozesses betr\u00e4gt 50 S\u00e4tze, und der entsprechende Schwei\u00dfprozess kann direkt nach den Schwei\u00dfspezifikationen und -nummern aufgerufen werden.<\/p>\n\n\n\n<p>\u25c6Standard-Lichtbogenl\u00e4ngenverfolgungssystem (AVC) und Schwei\u00dfzangen-Giersystem (OSC).<\/p>\n\n\n\n<p>\u25c6CNC automatische Drahtvorschubmaschine, mit automatischer R\u00fcckw\u00e4rtsdrahtziehfunktion und pulsierender Drahtvorschubfunktion, hohe Drahtvorschubpr\u00e4zision, unterst\u00fctzende Drahtvorschubvorrichtung.<\/p>\n\n\n\n<p>\u25c6Shanghai Zhengte 10L Wassertank, Zwangsumlauf Wasserk\u00fchlung, um die Maschine f\u00fcr eine lange Zeit zuverl\u00e4ssigen Betrieb zu gew\u00e4hrleisten.<\/p>\n\n\n\n<p>\u25c6Standard 5 Meter WP27 wassergek\u00fchlte Argon-Lichtbogenschwei\u00dfpistole, Gitterabdeckung Str\u00f6mungsf\u00fchrung, einheitliche Gasschutz.<\/p>\n\n\n\n<p>\u25c6Drahtlose Fernbedienung Ein-Knopf-Bedienung, automatischer Abschluss des gesamten Schwei\u00dfprozesses; Echtzeit-Eingriff der Schwei\u00dfparameter kann auch nach Bedarf durchgef\u00fchrt werden.<\/p>\n\n\n\n<p>\u25c6Unterst\u00fctzung von Anpassungen.<\/p>\n\n\n\n<figure class=\"wp-block-table\"><table class=\"has-fixed-layout\"><tbody><tr><td><strong>Modellnummer<\/strong><strong><\/strong><\/td><td><strong>ZDH-1140<\/strong><strong><\/strong><\/td><\/tr><tr><td>Umschlagswinkel<\/td><td>0-90\u00b0<\/td><\/tr><tr><td>Einspanndurchmesser<\/td><td>20-550mm<\/td><\/tr><tr><td>Durchmesser des Durchgangslochs<\/td><td>140\/170 mm<\/td><\/tr><tr><td>Argon-Lichtbogen-Schwei\u00dfmaschine<\/td><td>Aotai WSM-400<\/td><\/tr><tr><td>K\u00fchlwassertank<\/td><td>CT-10<\/td><\/tr><tr><td>Automatische Schwei\u00dfzange<\/td><td>WP-27\/Wasserk\u00fchlung<\/td><\/tr><tr><td>Geeigneter Drahtdurchmesser<\/td><td>0.8\/1.0\/1.2\/1.6<\/td><\/tr><tr><td>Dreidimensionale Regelbildung<\/td><td>500*500*500mm<\/td><\/tr><tr><td>Gesamtgr\u00f6\u00dfe<\/td><td>1250*1000*1600mm<\/td><\/tr><\/tbody><\/table><\/figure>\n\n\n\n<h2 class=\"wp-block-heading\"><strong><u><strong>\u4ea7\u54c1\u7ec6\u8282<\/strong><\/u><\/strong><\/h2>\n\n\n\n<p><strong>Einzelheiten zum Produkt<\/strong><\/p>\n\n\n\n<div class=\"wp-block-uagb-container uagb-block-f62404cb alignfull uagb-is-root-container\"><div class=\"uagb-container-inner-blocks-wrap\">\n<div class=\"wp-block-uagb-container uagb-block-911b9a19\">\n<figure class=\"wp-block-image size-full\"><img fetchpriority=\"high\" decoding=\"async\" width=\"1000\" height=\"750\" src=\"https:\/\/www.xinhaowelding.com\/wp-content\/uploads\/2025\/04\/\u7ec6\u82821.jpg\" alt=\"\" class=\"wp-image-4575\" srcset=\"https:\/\/www.xinhaowelding.com\/wp-content\/uploads\/2025\/04\/\u7ec6\u82821.jpg 1000w, https:\/\/www.xinhaowelding.com\/wp-content\/uploads\/2025\/04\/\u7ec6\u82821-300x225.jpg 300w, https:\/\/www.xinhaowelding.com\/wp-content\/uploads\/2025\/04\/\u7ec6\u82821-768x576.jpg 768w, https:\/\/www.xinhaowelding.com\/wp-content\/uploads\/2025\/04\/\u7ec6\u82821-16x12.jpg 16w, https:\/\/www.xinhaowelding.com\/wp-content\/uploads\/2025\/04\/\u7ec6\u82821-600x450.jpg 600w\" sizes=\"(max-width: 1000px) 100vw, 1000px\" \/><\/figure>\n<\/div>\n\n\n\n<div class=\"wp-block-uagb-container uagb-block-81203862\">\n<h2 class=\"wp-block-heading has-large-font-size\">PLC-Kontrollbox<\/h2>\n\n\n\n<div class=\"wp-block-group is-layout-constrained wp-block-group-is-layout-constrained\">\n<p>Die Speicherkapazit\u00e4t der Schwei\u00dfverfahren betr\u00e4gt 50 S\u00e4tze. <\/p>\n\n\n\n<p>Entsprechend den Spezifikationen der geschwei\u00dften Teile,<\/p>\n\n\n\n<p> k\u00f6nnen die entsprechenden Schwei\u00dfprozesse direkt per Nummer aufgerufen werden.<\/p>\n<\/div>\n<\/div>\n<\/div><\/div>\n\n\n\n<div class=\"wp-block-uagb-container uagb-block-8a84bf10 alignfull uagb-is-root-container\"><div class=\"uagb-container-inner-blocks-wrap\">\n<div class=\"wp-block-uagb-container uagb-block-9e39a3de\">\n<figure class=\"wp-block-image size-full\"><img decoding=\"async\" width=\"1000\" height=\"750\" src=\"https:\/\/www.xinhaowelding.com\/wp-content\/uploads\/2025\/04\/\u7ec6\u82822.jpg\" alt=\"\" class=\"wp-image-4576\" srcset=\"https:\/\/www.xinhaowelding.com\/wp-content\/uploads\/2025\/04\/\u7ec6\u82822.jpg 1000w, https:\/\/www.xinhaowelding.com\/wp-content\/uploads\/2025\/04\/\u7ec6\u82822-300x225.jpg 300w, https:\/\/www.xinhaowelding.com\/wp-content\/uploads\/2025\/04\/\u7ec6\u82822-768x576.jpg 768w, https:\/\/www.xinhaowelding.com\/wp-content\/uploads\/2025\/04\/\u7ec6\u82822-16x12.jpg 16w, https:\/\/www.xinhaowelding.com\/wp-content\/uploads\/2025\/04\/\u7ec6\u82822-600x450.jpg 600w\" sizes=\"(max-width: 1000px) 100vw, 1000px\" \/><\/figure>\n<\/div>\n\n\n\n<div class=\"wp-block-uagb-container uagb-block-479a5f09\">\n<h2 class=\"wp-block-heading has-large-font-size\">Elektrische Einstellung<\/h2>\n\n\n\n<div class=\"wp-block-group is-layout-constrained wp-block-group-is-layout-constrained\">\n<p>Elektrische Verstellung nach oben und unten, links und rechts. <\/p>\n\n\n\n<p>Verbessern Sie die Effizienz und sorgen Sie f\u00fcr eine einfache Bedienung.<\/p>\n<\/div>\n<\/div>\n<\/div><\/div>\n\n\n\n<div class=\"wp-block-uagb-container uagb-block-92ba1ac9 alignfull uagb-is-root-container\"><div class=\"uagb-container-inner-blocks-wrap\">\n<div class=\"wp-block-uagb-container uagb-block-6593c9b9\">\n<figure class=\"wp-block-image size-full\"><img decoding=\"async\" width=\"1000\" height=\"750\" src=\"https:\/\/www.xinhaowelding.com\/wp-content\/uploads\/2025\/04\/\u7ec6\u82823.jpg\" alt=\"\" class=\"wp-image-4577\" srcset=\"https:\/\/www.xinhaowelding.com\/wp-content\/uploads\/2025\/04\/\u7ec6\u82823.jpg 1000w, https:\/\/www.xinhaowelding.com\/wp-content\/uploads\/2025\/04\/\u7ec6\u82823-300x225.jpg 300w, https:\/\/www.xinhaowelding.com\/wp-content\/uploads\/2025\/04\/\u7ec6\u82823-768x576.jpg 768w, https:\/\/www.xinhaowelding.com\/wp-content\/uploads\/2025\/04\/\u7ec6\u82823-16x12.jpg 16w, https:\/\/www.xinhaowelding.com\/wp-content\/uploads\/2025\/04\/\u7ec6\u82823-600x450.jpg 600w\" sizes=\"(max-width: 1000px) 100vw, 1000px\" \/><\/figure>\n<\/div>\n\n\n\n<div class=\"wp-block-uagb-container uagb-block-f3925901\">\n<h2 class=\"wp-block-heading has-large-font-size\">Durchgangsloch-Positionierer<\/h2>\n\n\n\n<div class=\"wp-block-group is-layout-constrained wp-block-group-is-layout-constrained\">\n<p>Sie kann Werkst\u00fccke in verschiedenen Durchmesserbereichen spannen.<\/p>\n\n\n\n<p>Die Klemmung ist stabil und die Pr\u00e4zision ist genau.<\/p>\n\n\n\n<p>Anpassungen werden unterst\u00fctzt.<\/p>\n<\/div>\n<\/div>\n<\/div><\/div>\n\n\n\n<div class=\"wp-block-uagb-container uagb-block-e2fb2cea alignfull uagb-is-root-container\"><div class=\"uagb-container-inner-blocks-wrap\">\n<div class=\"wp-block-uagb-container uagb-block-69d78821\">\n<figure class=\"wp-block-image size-full\"><img loading=\"lazy\" decoding=\"async\" width=\"1000\" height=\"750\" src=\"https:\/\/www.xinhaowelding.com\/wp-content\/uploads\/2025\/04\/\u7ec6\u82824.jpg\" alt=\"\" class=\"wp-image-4578\" srcset=\"https:\/\/www.xinhaowelding.com\/wp-content\/uploads\/2025\/04\/\u7ec6\u82824.jpg 1000w, https:\/\/www.xinhaowelding.com\/wp-content\/uploads\/2025\/04\/\u7ec6\u82824-300x225.jpg 300w, https:\/\/www.xinhaowelding.com\/wp-content\/uploads\/2025\/04\/\u7ec6\u82824-768x576.jpg 768w, https:\/\/www.xinhaowelding.com\/wp-content\/uploads\/2025\/04\/\u7ec6\u82824-16x12.jpg 16w, https:\/\/www.xinhaowelding.com\/wp-content\/uploads\/2025\/04\/\u7ec6\u82824-600x450.jpg 600w\" sizes=\"(max-width: 1000px) 100vw, 1000px\" \/><\/figure>\n<\/div>\n\n\n\n<div class=\"wp-block-uagb-container uagb-block-628dba77\">\n<h2 class=\"wp-block-heading has-large-font-size\">Handrad f\u00fcr die Einstellung<\/h2>\n\n\n\n<div class=\"wp-block-group is-layout-constrained wp-block-group-is-layout-constrained\">\n<p>Stellen Sie den Neigungswinkel des Positionierers manuell ein. <\/p>\n\n\n\n<p>F\u00fcr das Schwei\u00dfen in jedem Winkel einstellbar.<\/p>\n<\/div>\n<\/div>\n<\/div><\/div>\n\n\n\n<h2 class=\"wp-block-heading\">\u4ea7\u54c1\u89e3\u6790<\/h2>\n\n\n\n<p>Produktanalyse<\/p>\n\n\n\n<p><\/p>\n\n\n\n<div class=\"wp-block-uagb-image uagb-block-9fb81ade wp-block-uagb-image--layout-default wp-block-uagb-image--effect-static wp-block-uagb-image--align-none\"><figure class=\"wp-block-uagb-image__figure\"><img loading=\"lazy\" decoding=\"async\" srcset=\"https:\/\/www.xinhaowelding.com\/wp-content\/uploads\/2025\/04\/\u82f1\u6587\u8bbe\u5907\u6807\u6ce8-1024x796.png ,https:\/\/www.xinhaowelding.com\/wp-content\/uploads\/2025\/04\/\u82f1\u6587\u8bbe\u5907\u6807\u6ce8.png 780w, https:\/\/www.xinhaowelding.com\/wp-content\/uploads\/2025\/04\/\u82f1\u6587\u8bbe\u5907\u6807\u6ce8.png 360w\" sizes=\"auto, (max-width: 480px) 150px\" src=\"https:\/\/www.xinhaowelding.com\/wp-content\/uploads\/2025\/04\/\u82f1\u6587\u8bbe\u5907\u6807\u6ce8-1024x796.png\" alt=\"\" class=\"uag-image-4579\" width=\"1024\" height=\"796\" title=\"\u82f1\u6587\u8bbe\u5907\u6807\u6ce8\" role=\"img\"\/><\/figure><\/div>\n\n\n\n<h2 class=\"wp-block-heading\">\u73b0\u573a\u5b9e\u62cd<\/h2>\n\n\n\n<p>Live-Dreharbeiten<\/p>\n\n\n\n<p><\/p>\n\n\n\n<div class=\"wp-block-uagb-container uagb-block-758dfea8 alignfull uagb-is-root-container\"><div class=\"uagb-container-inner-blocks-wrap\">\n<div class=\"wp-block-uagb-container uagb-block-880eb709\">\n<figure class=\"wp-block-image size-full\"><img loading=\"lazy\" decoding=\"async\" width=\"750\" height=\"1000\" src=\"https:\/\/www.xinhaowelding.com\/wp-content\/uploads\/2025\/04\/9803.jpg\" alt=\"\" class=\"wp-image-4571\" srcset=\"https:\/\/www.xinhaowelding.com\/wp-content\/uploads\/2025\/04\/9803.jpg 750w, https:\/\/www.xinhaowelding.com\/wp-content\/uploads\/2025\/04\/9803-225x300.jpg 225w, https:\/\/www.xinhaowelding.com\/wp-content\/uploads\/2025\/04\/9803-9x12.jpg 9w, https:\/\/www.xinhaowelding.com\/wp-content\/uploads\/2025\/04\/9803-600x800.jpg 600w\" sizes=\"(max-width: 750px) 100vw, 750px\" \/><\/figure>\n<\/div>\n\n\n\n<div class=\"wp-block-uagb-container uagb-block-74ad9c80\">\n<figure class=\"wp-block-image size-full\"><img loading=\"lazy\" decoding=\"async\" width=\"750\" height=\"1000\" src=\"https:\/\/www.xinhaowelding.com\/wp-content\/uploads\/2025\/04\/9806.jpg\" alt=\"\" class=\"wp-image-4573\" srcset=\"https:\/\/www.xinhaowelding.com\/wp-content\/uploads\/2025\/04\/9806.jpg 750w, https:\/\/www.xinhaowelding.com\/wp-content\/uploads\/2025\/04\/9806-225x300.jpg 225w, https:\/\/www.xinhaowelding.com\/wp-content\/uploads\/2025\/04\/9806-9x12.jpg 9w, https:\/\/www.xinhaowelding.com\/wp-content\/uploads\/2025\/04\/9806-600x800.jpg 600w\" sizes=\"(max-width: 750px) 100vw, 750px\" \/><\/figure>\n<\/div>\n\n\n\n<div class=\"wp-block-uagb-container uagb-block-c4811df2\">\n<figure class=\"wp-block-image size-full\"><img loading=\"lazy\" decoding=\"async\" width=\"750\" height=\"1000\" src=\"https:\/\/www.xinhaowelding.com\/wp-content\/uploads\/2025\/04\/9826.jpg\" alt=\"\" class=\"wp-image-4574\" srcset=\"https:\/\/www.xinhaowelding.com\/wp-content\/uploads\/2025\/04\/9826.jpg 750w, https:\/\/www.xinhaowelding.com\/wp-content\/uploads\/2025\/04\/9826-225x300.jpg 225w, https:\/\/www.xinhaowelding.com\/wp-content\/uploads\/2025\/04\/9826-9x12.jpg 9w, https:\/\/www.xinhaowelding.com\/wp-content\/uploads\/2025\/04\/9826-600x800.jpg 600w\" sizes=\"(max-width: 750px) 100vw, 750px\" \/><\/figure>\n<\/div>\n\n\n\n<div class=\"wp-block-uagb-container uagb-block-80de2b8a\">\n<figure class=\"wp-block-image size-full\"><img loading=\"lazy\" decoding=\"async\" width=\"750\" height=\"1000\" src=\"https:\/\/www.xinhaowelding.com\/wp-content\/uploads\/2025\/04\/9804.jpg\" alt=\"\" class=\"wp-image-4572\" srcset=\"https:\/\/www.xinhaowelding.com\/wp-content\/uploads\/2025\/04\/9804.jpg 750w, https:\/\/www.xinhaowelding.com\/wp-content\/uploads\/2025\/04\/9804-225x300.jpg 225w, https:\/\/www.xinhaowelding.com\/wp-content\/uploads\/2025\/04\/9804-9x12.jpg 9w, https:\/\/www.xinhaowelding.com\/wp-content\/uploads\/2025\/04\/9804-600x800.jpg 600w\" sizes=\"(max-width: 750px) 100vw, 750px\" \/><\/figure>\n<\/div>\n<\/div><\/div>\n\n\n\n<p class=\"has-text-align-center\"><a href=\"http:\/\/www.google.com\" title=\"www.google.com\">www.google.com<\/a><\/p>","protected":false},"excerpt":{"rendered":"<p><strong>ZDH-1140 6-Achsen Auto WIG-Schwei\u00dfger\u00e4t | Pr\u00e4zisions-Argonbogenschwei\u00dfen f\u00fcr Luft- und Raumfahrt &amp; Pr\u00e4zisionsteile | CNC-gesteuerte Stabilit\u00e4t.<\/strong><\/p>","protected":false},"featured_media":4566,"comment_status":"open","ping_status":"closed","template":"","meta":{"om_disable_all_campaigns":false,"_uag_custom_page_level_css":"","_monsterinsights_skip_tracking":false,"_monsterinsights_sitenote_active":false,"_monsterinsights_sitenote_note":"","_monsterinsights_sitenote_category":0,"site-sidebar-layout":"default","site-content-layout":"","ast-site-content-layout":"default","site-content-style":"default","site-sidebar-style":"default","ast-global-header-display":"","ast-banner-title-visibility":"","ast-main-header-display":"","ast-hfb-above-header-display":"","ast-hfb-below-header-display":"","ast-hfb-mobile-header-display":"","site-post-title":"","ast-breadcrumbs-content":"","ast-featured-img":"","footer-sml-layout":"","theme-transparent-header-meta":"","adv-header-id-meta":"","stick-header-meta":"","header-above-stick-meta":"","header-main-stick-meta":"","header-below-stick-meta":"","astra-migrate-meta-layouts":"set","ast-page-background-enabled":"default","ast-page-background-meta":{"desktop":{"background-color":"","background-image":"","background-repeat":"repeat","background-position":"center center","background-size":"auto","background-attachment":"scroll","background-type":"","background-media":"","overlay-type":"","overlay-color":"","overlay-opacity":"","overlay-gradient":""},"tablet":{"background-color":"","background-image":"","background-repeat":"repeat","background-position":"center center","background-size":"auto","background-attachment":"scroll","background-type":"","background-media":"","overlay-type":"","overlay-color":"","overlay-opacity":"","overlay-gradient":""},"mobile":{"background-color":"","background-image":"","background-repeat":"repeat","background-position":"center center","background-size":"auto","background-attachment":"scroll","background-type":"","background-media":"","overlay-type":"","overlay-color":"","overlay-opacity":"","overlay-gradient":""}},"ast-content-background-meta":{"desktop":{"background-color":"var(--ast-global-color-5)","background-image":"","background-repeat":"repeat","background-position":"center center","background-size":"auto","background-attachment":"scroll","background-type":"","background-media":"","overlay-type":"","overlay-color":"","overlay-opacity":"","overlay-gradient":""},"tablet":{"background-color":"var(--ast-global-color-5)","background-image":"","background-repeat":"repeat","background-position":"center center","background-size":"auto","background-attachment":"scroll","background-type":"","background-media":"","overlay-type":"","overlay-color":"","overlay-opacity":"","overlay-gradient":""},"mobile":{"background-color":"var(--ast-global-color-5)","background-image":"","background-repeat":"repeat","background-position":"center center","background-size":"auto","background-attachment":"scroll","background-type":"","background-media":"","overlay-type":"","overlay-color":"","overlay-opacity":"","overlay-gradient":""}}},"product_brand":[],"product_cat":[57,56],"product_tag":[],"class_list":{"0":"post-4565","1":"product","2":"type-product","3":"status-publish","4":"has-post-thumbnail","6":"product_cat-automatic-welding-equipment","7":"product_cat-products","8":"desktop-align-left","9":"tablet-align-left","10":"mobile-align-left","12":"first","13":"instock","14":"shipping-taxable","15":"product-type-simple"},"aioseo_notices":[],"uagb_featured_image_src":{"full":["https:\/\/www.xinhaowelding.com\/wp-content\/uploads\/2025\/04\/1.jpg",800,800,false],"thumbnail":["https:\/\/www.xinhaowelding.com\/wp-content\/uploads\/2025\/04\/1-150x150.jpg",150,150,true],"medium":["https:\/\/www.xinhaowelding.com\/wp-content\/uploads\/2025\/04\/1-300x300.jpg",300,300,true],"medium_large":["https:\/\/www.xinhaowelding.com\/wp-content\/uploads\/2025\/04\/1-768x768.jpg",768,768,true],"large":["https:\/\/www.xinhaowelding.com\/wp-content\/uploads\/2025\/04\/1.jpg",800,800,false],"1536x1536":["https:\/\/www.xinhaowelding.com\/wp-content\/uploads\/2025\/04\/1.jpg",800,800,false],"2048x2048":["https:\/\/www.xinhaowelding.com\/wp-content\/uploads\/2025\/04\/1.jpg",800,800,false],"trp-custom-language-flag":["https:\/\/www.xinhaowelding.com\/wp-content\/uploads\/2025\/04\/1-12x12.jpg",12,12,true],"woocommerce_thumbnail":["https:\/\/www.xinhaowelding.com\/wp-content\/uploads\/2025\/04\/1-600x600.jpg",600,600,true],"woocommerce_single":["https:\/\/www.xinhaowelding.com\/wp-content\/uploads\/2025\/04\/1-600x600.jpg",600,600,true],"woocommerce_gallery_thumbnail":["https:\/\/www.xinhaowelding.com\/wp-content\/uploads\/2025\/04\/1-100x100.jpg",100,100,true]},"uagb_author_info":{"display_name":"jinxing6611@gmail.com","author_link":"https:\/\/www.xinhaowelding.com\/de\/author\/"},"uagb_comment_info":0,"uagb_excerpt":"ZDH-1140 6-Axis Auto TIG Welder | Precision Argon Arc Welding for Aerospace &amp; Precision Parts | CNC-Controlled Stability.","_links":{"self":[{"href":"https:\/\/www.xinhaowelding.com\/de\/wp-json\/wp\/v2\/product\/4565","targetHints":{"allow":["GET"]}}],"collection":[{"href":"https:\/\/www.xinhaowelding.com\/de\/wp-json\/wp\/v2\/product"}],"about":[{"href":"https:\/\/www.xinhaowelding.com\/de\/wp-json\/wp\/v2\/types\/product"}],"replies":[{"embeddable":true,"href":"https:\/\/www.xinhaowelding.com\/de\/wp-json\/wp\/v2\/comments?post=4565"}],"wp:featuredmedia":[{"embeddable":true,"href":"https:\/\/www.xinhaowelding.com\/de\/wp-json\/wp\/v2\/media\/4566"}],"wp:attachment":[{"href":"https:\/\/www.xinhaowelding.com\/de\/wp-json\/wp\/v2\/media?parent=4565"}],"wp:term":[{"taxonomy":"product_brand","embeddable":true,"href":"https:\/\/www.xinhaowelding.com\/de\/wp-json\/wp\/v2\/product_brand?post=4565"},{"taxonomy":"product_cat","embeddable":true,"href":"https:\/\/www.xinhaowelding.com\/de\/wp-json\/wp\/v2\/product_cat?post=4565"},{"taxonomy":"product_tag","embeddable":true,"href":"https:\/\/www.xinhaowelding.com\/de\/wp-json\/wp\/v2\/product_tag?post=4565"}],"curies":[{"name":"wp","href":"https:\/\/api.w.org\/{rel}","templated":true}]}}