{"id":4597,"date":"2025-04-24T02:52:14","date_gmt":"2025-04-24T02:52:14","guid":{"rendered":"https:\/\/www.xinhaowelding.com\/?post_type=product&#038;p=4597"},"modified":"2025-04-24T02:52:38","modified_gmt":"2025-04-24T02:52:38","slug":"dual-axis-rotating-welder-jinan-xinhao-solution","status":"publish","type":"product","link":"https:\/\/www.xinhaowelding.com\/de\/produkt\/dual-axis-rotating-welder-jinan-xinhao-solution\/","title":{"rendered":"Zweiachsiger Rotationsschwei\u00dfer - Jinan Xinhao Solution<font _mstmutation=\"1\"><\/font>"},"content":{"rendered":"<h2 class=\"wp-block-heading\"><a href=\"https:\/\/www.xinhaowelding.com\/de\/produkt\/dual-axis-rotating-welder-jinan-xinhao-solution\/\" title=\"Automatisches Zangenschwei\u00dfen\">Automatisches Zangenschwei\u00dfen<\/a><\/h2>\n\n\n\n<p>Der Einstellmechanismus kann die Position der Schwei\u00dfpistole einstellen. Die Positionierung des oberen Kegels ist genau und die Schwei\u00dfnahtbildung ist sch\u00f6n.<\/p>\n\n\n\n<p>\u25c6Drive mit Schrittmotor (Single-Achse) oder Servomotor (Doppel-Achse) Antrieb, SPS-Touchscreen-Steuerung, kann 10 Gruppen von Schwei\u00dfprozess-Parameter zu speichern, mit einfacher Bedienung, benutzerfreundliche Schnittstelle und andere Funktionen.<\/p>\n\n\n\n<p>Wenn das Schwei\u00dfst\u00fcck positioniert ist, dr\u00fcckt der Zylinder das Werkst\u00fcck nach dem Einsetzen oder Punktschwei\u00dfen zusammen. Die Schwei\u00dfzange der Ringnahtschwei\u00dfmaschine bewegt sich mit der oberen Kegelstruktur vor und zur\u00fcck, und der Winkel und der Abstand der Schwei\u00dfnaht sollten im Voraus manuell eingestellt werden; Die Anzahl der Umdrehungen des Brennerrings hat die Ursprungsinduktion und kehrt nach Abschluss in die Position zur\u00fcck.<\/p>\n\n\n\n<p><strong>Mobiler Ringschwei\u00dfmanipulator mit rotierender Zange und horizontale Sattelschwei\u00dfmaschine<\/strong><\/p>\n\n\n\n<p>\u25c6 Haupts\u00e4chlich f\u00fcr die automatische Mehrschicht-Schwenkschwei\u00dfen von vertikalen Ringschwei\u00dfung verwendet; Die Ausr\u00fcstung nimmt die Trolley-Faltarm-Struktur, SPS-Touchscreen-Steuerung, nach den tats\u00e4chlichen Bed\u00fcrfnissen der verschiedenen Benutzer k\u00f6nnen schwingende Schwei\u00dfpistole Schwei\u00dfen, Schwei\u00dfnaht bilden sch\u00f6n, einheitlich, Schmelztiefe, Schmelzen Breite, um die Anforderungen zu erf\u00fcllen; Die Schwei\u00dfmaschine ist flexibel und einfach in der Bedienung, bequem in Werkst\u00fcckpositionierung, zuverl\u00e4ssig in der Leistung, hohe Automatisierung und geringe Arbeitsintensit\u00e4t. Weit verbreitet im Fahrzeugbau, Hebemaschinen, Baumaschinen und anderen Industrien.<\/p>\n\n\n\n<p>\u25c6Unterst\u00fctzung von Anpassungen.<\/p>\n\n\n\n<h3 class=\"wp-block-heading\"><strong>Zweiachsige Rotationszangenschwei\u00dfger\u00e4te - Jinan Xinhao Welding Technology Co.<\/strong><\/h3>\n\n\n\n<p><strong>Innovative Pr\u00e4zision f\u00fcr \u00fcberragende Schwei\u00dfleistung<\/strong><\/p>\n\n\n\n<p>Jinan Xinhao Welding Technology Co., Ltd. ist ein f\u00fchrender Hersteller fortschrittlicher Schwei\u00dfl\u00f6sungen, der sich auf hocheffiziente&nbsp;<strong>Zweiachsige Rotationszangenschwei\u00dfger\u00e4te<\/strong>. Unsere auf Pr\u00e4zision und Langlebigkeit ausgelegten Ger\u00e4te sind ideal f\u00fcr industrielle Anwendungen, die gleichbleibende, hochwertige Schwei\u00dfn\u00e4hte in komplexen Geometrien erfordern.<\/p>\n\n\n\n<h4 class=\"wp-block-heading\"><strong>Hauptmerkmale:<\/strong><\/h4>\n\n\n\n<ul class=\"wp-block-list\">\n<li><strong>Zweiachsige Rotation<\/strong>: Erm\u00f6glicht 360\u00b0 flexible Schwei\u00dfwinkel und sorgt f\u00fcr gleichm\u00e4\u00dfige Schwei\u00dfn\u00e4hte an zylindrischen oder gebogenen Werkst\u00fccken.<\/li>\n\n\n\n<li><strong>Hohe Stabilit\u00e4t<\/strong>: Die robuste Struktur minimiert Vibrationen und verbessert die Genauigkeit und Wiederholbarkeit.<\/li>\n\n\n\n<li><strong>Automatisierter Betrieb<\/strong>: Kompatibel mit Robotersystemen zur Steigerung der Produktivit\u00e4t und Senkung der Arbeitskosten.<\/li>\n\n\n\n<li><strong>Breite Kompatibilit\u00e4t<\/strong>: Unterst\u00fctzt MIG\/MAG-, TIG- und andere Schwei\u00dfverfahren f\u00fcr verschiedene Materialien (Stahl, Aluminium, Legierungen).<\/li>\n\n\n\n<li><strong>Benutzerfreundliches Interface<\/strong>: Intuitive Bedienelemente und programmierbare Einstellungen f\u00fcr einen reibungslosen Betrieb.<\/li>\n<\/ul>\n\n\n\n<figure class=\"wp-block-table\"><table class=\"has-fixed-layout\"><tbody><tr><td><strong>Modellnummer<\/strong><strong><\/strong><\/td><td><strong>ZQH-<\/strong>50<\/td><\/tr><tr><td>Passender Arbeitsbereich<\/td><td>20-50mm<\/td><\/tr><tr><td>Der Hub des Luftzylinders ist einstellbar<\/td><td>200mm<\/td><\/tr><tr><td>Gesamtgr\u00f6\u00dfe<\/td><td>540*720*2160mm<\/td><\/tr><\/tbody><\/table><\/figure>\n\n\n\n<h2 class=\"wp-block-heading\"><strong><u><strong>\u4ea7\u54c1\u7ec6\u8282<\/strong><\/u><\/strong><strong><u><strong><\/strong><\/u><\/strong><\/h2>\n\n\n\n<h2 class=\"wp-block-heading\"><strong>Einzelheiten zum Produkt<\/strong><\/h2>\n\n\n\n<div class=\"wp-block-uagb-container uagb-block-70c0ba06 alignfull uagb-is-root-container\"><div class=\"uagb-container-inner-blocks-wrap\">\n<div class=\"wp-block-uagb-container uagb-block-ae04c474\">\n<figure class=\"wp-block-image size-full\"><img fetchpriority=\"high\" decoding=\"async\" width=\"1000\" height=\"750\" src=\"https:\/\/www.xinhaowelding.com\/wp-content\/uploads\/2025\/04\/\u7ec6\u82821-1.jpg\" alt=\"\" class=\"wp-image-4605\" srcset=\"https:\/\/www.xinhaowelding.com\/wp-content\/uploads\/2025\/04\/\u7ec6\u82821-1.jpg 1000w, https:\/\/www.xinhaowelding.com\/wp-content\/uploads\/2025\/04\/\u7ec6\u82821-1-300x225.jpg 300w, https:\/\/www.xinhaowelding.com\/wp-content\/uploads\/2025\/04\/\u7ec6\u82821-1-768x576.jpg 768w, https:\/\/www.xinhaowelding.com\/wp-content\/uploads\/2025\/04\/\u7ec6\u82821-1-16x12.jpg 16w, https:\/\/www.xinhaowelding.com\/wp-content\/uploads\/2025\/04\/\u7ec6\u82821-1-600x450.jpg 600w\" sizes=\"(max-width: 1000px) 100vw, 1000px\" \/><\/figure>\n<\/div>\n\n\n\n<div class=\"wp-block-uagb-container uagb-block-ec07f264\">\n<h2 class=\"wp-block-heading has-large-font-size\">PLC Intelligent Control Box<\/h2>\n\n\n\n<div class=\"wp-block-group is-layout-constrained wp-block-group-is-layout-constrained\">\n<p>PLC-Touchscreen-Steuerungsbox <\/p>\n\n\n\n<p>Umfassende Kontrolle mit Ein-Tasten-Bedienung<\/p>\n<\/div>\n<\/div>\n<\/div><\/div>\n\n\n\n<div class=\"wp-block-uagb-container uagb-block-9f6c001b alignfull uagb-is-root-container\"><div class=\"uagb-container-inner-blocks-wrap\">\n<div class=\"wp-block-uagb-container uagb-block-07cbf944\">\n<figure class=\"wp-block-image size-full\"><img decoding=\"async\" width=\"1000\" height=\"750\" src=\"https:\/\/www.xinhaowelding.com\/wp-content\/uploads\/2025\/04\/\u7ec6\u82822-1.jpg\" alt=\"\" class=\"wp-image-4606\" srcset=\"https:\/\/www.xinhaowelding.com\/wp-content\/uploads\/2025\/04\/\u7ec6\u82822-1.jpg 1000w, https:\/\/www.xinhaowelding.com\/wp-content\/uploads\/2025\/04\/\u7ec6\u82822-1-300x225.jpg 300w, https:\/\/www.xinhaowelding.com\/wp-content\/uploads\/2025\/04\/\u7ec6\u82822-1-768x576.jpg 768w, https:\/\/www.xinhaowelding.com\/wp-content\/uploads\/2025\/04\/\u7ec6\u82822-1-16x12.jpg 16w, https:\/\/www.xinhaowelding.com\/wp-content\/uploads\/2025\/04\/\u7ec6\u82822-1-600x450.jpg 600w\" sizes=\"(max-width: 1000px) 100vw, 1000px\" \/><\/figure>\n<\/div>\n\n\n\n<div class=\"wp-block-uagb-container uagb-block-626bb416\">\n<h2 class=\"wp-block-heading has-large-font-size\">Die Mitte ist fest gepresst<\/h2>\n\n\n\n<div class=\"wp-block-group is-layout-constrained wp-block-group-is-layout-constrained\">\n<p>Wenn das zu schwei\u00dfende Werkst\u00fcck richtig positioniert ist, dr\u00fcckt der Druckluftzylinder auf das eingelegte oder geschwei\u00dfte Werkst\u00fcck. Der Schwei\u00dfbrenner der Rundnahtschwei\u00dfmaschine bewegt sich zusammen mit der ansto\u00dfenden Struktur vorw\u00e4rts und r\u00fcckw\u00e4rts. Die Winkelposition und der Abstand des Schwei\u00dfbrenners zur Schwei\u00dfnaht sollten im Voraus manuell eingestellt werden. Die Anzahl der Umdrehungen des Schwei\u00dfbrenners wird durch den Nullpunktsensor erfasst, und er kehrt nach Abschluss des Schwei\u00dfvorgangs in seine urspr\u00fcngliche Position zur\u00fcck.<\/p>\n<\/div>\n<\/div>\n<\/div><\/div>\n\n\n\n<div class=\"wp-block-uagb-container uagb-block-462ad840 alignfull uagb-is-root-container\"><div class=\"uagb-container-inner-blocks-wrap\">\n<div class=\"wp-block-uagb-container uagb-block-a3bded57\">\n<figure class=\"wp-block-image size-full\"><img decoding=\"async\" width=\"1000\" height=\"750\" src=\"https:\/\/www.xinhaowelding.com\/wp-content\/uploads\/2025\/04\/\u7ec6\u82823-1.jpg\" alt=\"\" class=\"wp-image-4607\" srcset=\"https:\/\/www.xinhaowelding.com\/wp-content\/uploads\/2025\/04\/\u7ec6\u82823-1.jpg 1000w, https:\/\/www.xinhaowelding.com\/wp-content\/uploads\/2025\/04\/\u7ec6\u82823-1-300x225.jpg 300w, https:\/\/www.xinhaowelding.com\/wp-content\/uploads\/2025\/04\/\u7ec6\u82823-1-768x576.jpg 768w, https:\/\/www.xinhaowelding.com\/wp-content\/uploads\/2025\/04\/\u7ec6\u82823-1-16x12.jpg 16w, https:\/\/www.xinhaowelding.com\/wp-content\/uploads\/2025\/04\/\u7ec6\u82823-1-600x450.jpg 600w\" sizes=\"(max-width: 1000px) 100vw, 1000px\" \/><\/figure>\n<\/div>\n\n\n\n<div class=\"wp-block-uagb-container uagb-block-9ac1c2ea\">\n<h2 class=\"wp-block-heading has-large-font-size\">Schwei\u00dferplattform<\/h2>\n\n\n\n<div class=\"wp-block-group is-layout-constrained wp-block-group-is-layout-constrained\">\n<p>Die Konstruktion des gesamten Antriebssystems der Horizontal-Rundnahtschwei\u00dfmaschine nimmt vor allem in L\u00e4ngsrichtung mehr Raum ein, so dass mehr Platz f\u00fcr die Aufnahme der Schwei\u00dfteile bleibt. Daher verf\u00fcgt sie \u00fcber eine relativ gro\u00dfe Flexibilit\u00e4t in Bezug auf die Volumenanforderungen der Schwei\u00dfwerkst\u00fccke.<\/p>\n<\/div>\n<\/div>\n<\/div><\/div>\n\n\n\n<div class=\"wp-block-uagb-container uagb-block-d8c314b6 alignfull uagb-is-root-container\"><div class=\"uagb-container-inner-blocks-wrap\">\n<div class=\"wp-block-uagb-container uagb-block-29ab696a\">\n<figure class=\"wp-block-image size-full\"><img loading=\"lazy\" decoding=\"async\" width=\"1000\" height=\"750\" src=\"https:\/\/www.xinhaowelding.com\/wp-content\/uploads\/2025\/04\/\u7ec6\u82824-1.jpg\" alt=\"\" class=\"wp-image-4608\" srcset=\"https:\/\/www.xinhaowelding.com\/wp-content\/uploads\/2025\/04\/\u7ec6\u82824-1.jpg 1000w, https:\/\/www.xinhaowelding.com\/wp-content\/uploads\/2025\/04\/\u7ec6\u82824-1-300x225.jpg 300w, https:\/\/www.xinhaowelding.com\/wp-content\/uploads\/2025\/04\/\u7ec6\u82824-1-768x576.jpg 768w, https:\/\/www.xinhaowelding.com\/wp-content\/uploads\/2025\/04\/\u7ec6\u82824-1-16x12.jpg 16w, https:\/\/www.xinhaowelding.com\/wp-content\/uploads\/2025\/04\/\u7ec6\u82824-1-600x450.jpg 600w\" sizes=\"(max-width: 1000px) 100vw, 1000px\" \/><\/figure>\n<\/div>\n\n\n\n<div class=\"wp-block-uagb-container uagb-block-0de313b1\">\n<h2 class=\"wp-block-heading has-large-font-size\">Unterst\u00fctzung beim Heben<\/h2>\n\n\n\n<div class=\"wp-block-group is-layout-constrained wp-block-group-is-layout-constrained\">\n<p>Beim vertikalen Schwei\u00dfen ist das Schwei\u00dfgut auf der Auflage zu fixieren. Ebenso kann die Feststellposition der von Hand verstellbaren Mutter zur Begrenzung des Hebens und Senkens verwendet werden; bringen Sie die St\u00fctze in die Feststellposition auf dem Sockel, um Schwei\u00dfwerkst\u00fccke mit unterschiedlichen Durchmessern aufzunehmen.<\/p>\n<\/div>\n<\/div>\n<\/div><\/div>\n\n\n\n<h2 class=\"wp-block-heading\"><strong>\u4ea7\u54c1\u89e3\u6790\/\u5c3a\u5bf8<\/strong><\/h2>\n\n\n\n<h2 class=\"wp-block-heading has-medium-font-size\"><strong>Produktanalyse\/Abmessungen<\/strong><\/h2>\n\n\n\n<div class=\"wp-block-uagb-container uagb-block-1bec2e6d alignfull uagb-is-root-container\"><div class=\"uagb-container-inner-blocks-wrap\">\n<div class=\"wp-block-uagb-container uagb-block-08c96a75\">\n<figure class=\"wp-block-image size-full\"><img loading=\"lazy\" decoding=\"async\" width=\"504\" height=\"965\" src=\"https:\/\/www.xinhaowelding.com\/wp-content\/uploads\/2025\/04\/\u5c3a\u5bf8.png\" alt=\"\" class=\"wp-image-4603\" srcset=\"https:\/\/www.xinhaowelding.com\/wp-content\/uploads\/2025\/04\/\u5c3a\u5bf8.png 504w, https:\/\/www.xinhaowelding.com\/wp-content\/uploads\/2025\/04\/\u5c3a\u5bf8-157x300.png 157w, https:\/\/www.xinhaowelding.com\/wp-content\/uploads\/2025\/04\/\u5c3a\u5bf8-6x12.png 6w\" sizes=\"(max-width: 504px) 100vw, 504px\" \/><\/figure>\n<\/div>\n\n\n\n<div class=\"wp-block-uagb-container uagb-block-fb049ce5\">\n<figure class=\"wp-block-image size-large\"><img loading=\"lazy\" decoding=\"async\" width=\"590\" height=\"1024\" src=\"https:\/\/www.xinhaowelding.com\/wp-content\/uploads\/2025\/04\/\u89e3\u6790-590x1024.png\" alt=\"\" class=\"wp-image-4604\" srcset=\"https:\/\/www.xinhaowelding.com\/wp-content\/uploads\/2025\/04\/\u89e3\u6790-590x1024.png 590w, https:\/\/www.xinhaowelding.com\/wp-content\/uploads\/2025\/04\/\u89e3\u6790-173x300.png 173w, https:\/\/www.xinhaowelding.com\/wp-content\/uploads\/2025\/04\/\u89e3\u6790-768x1333.png 768w, https:\/\/www.xinhaowelding.com\/wp-content\/uploads\/2025\/04\/\u89e3\u6790-7x12.png 7w, https:\/\/www.xinhaowelding.com\/wp-content\/uploads\/2025\/04\/\u89e3\u6790-600x1041.png 600w, https:\/\/www.xinhaowelding.com\/wp-content\/uploads\/2025\/04\/\u89e3\u6790.png 809w\" sizes=\"(max-width: 590px) 100vw, 590px\" \/><\/figure>\n<\/div>\n<\/div><\/div>\n\n\n\n<h2 class=\"wp-block-heading\"><strong>\u73b0\u573a\u5b9e\u62cd<\/strong><\/h2>\n\n\n\n<h2 class=\"wp-block-heading has-medium-font-size\"><strong>Live-Dreharbeiten<\/strong><\/h2>\n\n\n\n<div class=\"wp-block-uagb-container uagb-block-1346c36e alignfull uagb-is-root-container\"><div class=\"uagb-container-inner-blocks-wrap\">\n<div class=\"wp-block-uagb-container uagb-block-71b330e0\">\n<figure class=\"wp-block-image size-full\"><img loading=\"lazy\" decoding=\"async\" width=\"750\" height=\"1000\" src=\"https:\/\/www.xinhaowelding.com\/wp-content\/uploads\/2025\/04\/\u5c55\u793a1.jpg\" alt=\"\" class=\"wp-image-4609\" srcset=\"https:\/\/www.xinhaowelding.com\/wp-content\/uploads\/2025\/04\/\u5c55\u793a1.jpg 750w, https:\/\/www.xinhaowelding.com\/wp-content\/uploads\/2025\/04\/\u5c55\u793a1-225x300.jpg 225w, https:\/\/www.xinhaowelding.com\/wp-content\/uploads\/2025\/04\/\u5c55\u793a1-9x12.jpg 9w, https:\/\/www.xinhaowelding.com\/wp-content\/uploads\/2025\/04\/\u5c55\u793a1-600x800.jpg 600w\" sizes=\"(max-width: 750px) 100vw, 750px\" \/><\/figure>\n<\/div>\n\n\n\n<div class=\"wp-block-uagb-container uagb-block-6d61f12d\">\n<figure class=\"wp-block-image size-full\"><img loading=\"lazy\" decoding=\"async\" width=\"750\" height=\"1000\" src=\"https:\/\/www.xinhaowelding.com\/wp-content\/uploads\/2025\/04\/\u5c55\u793a3.jpg\" alt=\"\" class=\"wp-image-4611\" srcset=\"https:\/\/www.xinhaowelding.com\/wp-content\/uploads\/2025\/04\/\u5c55\u793a3.jpg 750w, https:\/\/www.xinhaowelding.com\/wp-content\/uploads\/2025\/04\/\u5c55\u793a3-225x300.jpg 225w, https:\/\/www.xinhaowelding.com\/wp-content\/uploads\/2025\/04\/\u5c55\u793a3-9x12.jpg 9w, https:\/\/www.xinhaowelding.com\/wp-content\/uploads\/2025\/04\/\u5c55\u793a3-600x800.jpg 600w\" sizes=\"(max-width: 750px) 100vw, 750px\" \/><\/figure>\n<\/div>\n\n\n\n<div class=\"wp-block-uagb-container uagb-block-b2cd1388\">\n<figure class=\"wp-block-image size-full\"><img loading=\"lazy\" decoding=\"async\" width=\"750\" height=\"1000\" src=\"https:\/\/www.xinhaowelding.com\/wp-content\/uploads\/2025\/04\/\u5c55\u793a2.jpg\" alt=\"\" class=\"wp-image-4610\" srcset=\"https:\/\/www.xinhaowelding.com\/wp-content\/uploads\/2025\/04\/\u5c55\u793a2.jpg 750w, https:\/\/www.xinhaowelding.com\/wp-content\/uploads\/2025\/04\/\u5c55\u793a2-225x300.jpg 225w, https:\/\/www.xinhaowelding.com\/wp-content\/uploads\/2025\/04\/\u5c55\u793a2-9x12.jpg 9w, https:\/\/www.xinhaowelding.com\/wp-content\/uploads\/2025\/04\/\u5c55\u793a2-600x800.jpg 600w\" sizes=\"(max-width: 750px) 100vw, 750px\" \/><\/figure>\n<\/div>\n\n\n\n<div class=\"wp-block-uagb-container uagb-block-2bf43244\">\n<figure class=\"wp-block-image size-full\"><img loading=\"lazy\" decoding=\"async\" width=\"750\" height=\"1000\" src=\"https:\/\/www.xinhaowelding.com\/wp-content\/uploads\/2025\/04\/\u5c55\u793a4.jpg\" alt=\"\" class=\"wp-image-4612\" srcset=\"https:\/\/www.xinhaowelding.com\/wp-content\/uploads\/2025\/04\/\u5c55\u793a4.jpg 750w, https:\/\/www.xinhaowelding.com\/wp-content\/uploads\/2025\/04\/\u5c55\u793a4-225x300.jpg 225w, https:\/\/www.xinhaowelding.com\/wp-content\/uploads\/2025\/04\/\u5c55\u793a4-9x12.jpg 9w, https:\/\/www.xinhaowelding.com\/wp-content\/uploads\/2025\/04\/\u5c55\u793a4-600x800.jpg 600w\" sizes=\"(max-width: 750px) 100vw, 750px\" \/><\/figure>\n<\/div>\n<\/div><\/div>\n\n\n\n<p class=\"has-text-align-center\"><a href=\"http:\/\/www.google.com\" title=\"www.google.com\">www.google.com<\/a><\/p>","protected":false},"excerpt":{"rendered":"<p>Automatic gun welding \u25c6 The adjustment mechanism can adjust the position of the welding gun. The top cone positioning is accurate and the welding seam forming is beautiful. \u25c6Drive using stepper motor (single axis) or servo motor (double axis) drive, PLC touch screen control system, can store 10 groups of welding process parameters, with simple [&hellip;]<\/p>","protected":false},"featured_media":4598,"comment_status":"open","ping_status":"closed","template":"","meta":{"om_disable_all_campaigns":false,"_uag_custom_page_level_css":"","_monsterinsights_skip_tracking":false,"_monsterinsights_sitenote_active":false,"_monsterinsights_sitenote_note":"","_monsterinsights_sitenote_category":0,"site-sidebar-layout":"default","site-content-layout":"","ast-site-content-layout":"default","site-content-style":"default","site-sidebar-style":"default","ast-global-header-display":"","ast-banner-title-visibility":"","ast-main-header-display":"","ast-hfb-above-header-display":"","ast-hfb-below-header-display":"","ast-hfb-mobile-header-display":"","site-post-title":"","ast-breadcrumbs-content":"","ast-featured-img":"","footer-sml-layout":"","theme-transparent-header-meta":"","adv-header-id-meta":"","stick-header-meta":"","header-above-stick-meta":"","header-main-stick-meta":"","header-below-stick-meta":"","astra-migrate-meta-layouts":"set","ast-page-background-enabled":"default","ast-page-background-meta":{"desktop":{"background-color":"","background-image":"","background-repeat":"repeat","background-position":"center center","background-size":"auto","background-attachment":"scroll","background-type":"","background-media":"","overlay-type":"","overlay-color":"","overlay-opacity":"","overlay-gradient":""},"tablet":{"background-color":"","background-image":"","background-repeat":"repeat","background-position":"center center","background-size":"auto","background-attachment":"scroll","background-type":"","background-media":"","overlay-type":"","overlay-color":"","overlay-opacity":"","overlay-gradient":""},"mobile":{"background-color":"","background-image":"","background-repeat":"repeat","background-position":"center center","background-size":"auto","background-attachment":"scroll","background-type":"","background-media":"","overlay-type":"","overlay-color":"","overlay-opacity":"","overlay-gradient":""}},"ast-content-background-meta":{"desktop":{"background-color":"var(--ast-global-color-5)","background-image":"","background-repeat":"repeat","background-position":"center center","background-size":"auto","background-attachment":"scroll","background-type":"","background-media":"","overlay-type":"","overlay-color":"","overlay-opacity":"","overlay-gradient":""},"tablet":{"background-color":"var(--ast-global-color-5)","background-image":"","background-repeat":"repeat","background-position":"center center","background-size":"auto","background-attachment":"scroll","background-type":"","background-media":"","overlay-type":"","overlay-color":"","overlay-opacity":"","overlay-gradient":""},"mobile":{"background-color":"var(--ast-global-color-5)","background-image":"","background-repeat":"repeat","background-position":"center center","background-size":"auto","background-attachment":"scroll","background-type":"","background-media":"","overlay-type":"","overlay-color":"","overlay-opacity":"","overlay-gradient":""}}},"product_brand":[],"product_cat":[67],"product_tag":[],"class_list":{"0":"post-4597","1":"product","2":"type-product","3":"status-publish","4":"has-post-thumbnail","6":"product_cat-argon-arc-automatic-welding","7":"desktop-align-left","8":"tablet-align-left","9":"mobile-align-left","11":"first","12":"instock","13":"shipping-taxable","14":"product-type-simple"},"aioseo_notices":[],"uagb_featured_image_src":{"full":["https:\/\/www.xinhaowelding.com\/wp-content\/uploads\/2025\/04\/1-1.jpg",800,800,false],"thumbnail":["https:\/\/www.xinhaowelding.com\/wp-content\/uploads\/2025\/04\/1-1-150x150.jpg",150,150,true],"medium":["https:\/\/www.xinhaowelding.com\/wp-content\/uploads\/2025\/04\/1-1-300x300.jpg",300,300,true],"medium_large":["https:\/\/www.xinhaowelding.com\/wp-content\/uploads\/2025\/04\/1-1-768x768.jpg",768,768,true],"large":["https:\/\/www.xinhaowelding.com\/wp-content\/uploads\/2025\/04\/1-1.jpg",800,800,false],"1536x1536":["https:\/\/www.xinhaowelding.com\/wp-content\/uploads\/2025\/04\/1-1.jpg",800,800,false],"2048x2048":["https:\/\/www.xinhaowelding.com\/wp-content\/uploads\/2025\/04\/1-1.jpg",800,800,false],"trp-custom-language-flag":["https:\/\/www.xinhaowelding.com\/wp-content\/uploads\/2025\/04\/1-1-12x12.jpg",12,12,true],"woocommerce_thumbnail":["https:\/\/www.xinhaowelding.com\/wp-content\/uploads\/2025\/04\/1-1-600x600.jpg",600,600,true],"woocommerce_single":["https:\/\/www.xinhaowelding.com\/wp-content\/uploads\/2025\/04\/1-1-600x600.jpg",600,600,true],"woocommerce_gallery_thumbnail":["https:\/\/www.xinhaowelding.com\/wp-content\/uploads\/2025\/04\/1-1-100x100.jpg",100,100,true]},"uagb_author_info":{"display_name":"jinxing6611@gmail.com","author_link":"https:\/\/www.xinhaowelding.com\/de\/author\/"},"uagb_comment_info":0,"uagb_excerpt":"Automatic gun welding \u25c6 The adjustment mechanism can adjust the position of the welding gun. The top cone positioning is accurate and the welding seam forming is beautiful. \u25c6Drive using stepper motor (single axis) or servo motor (double axis) drive, PLC touch screen control system, can store 10 groups of welding process parameters, with simple&hellip;","_links":{"self":[{"href":"https:\/\/www.xinhaowelding.com\/de\/wp-json\/wp\/v2\/product\/4597","targetHints":{"allow":["GET"]}}],"collection":[{"href":"https:\/\/www.xinhaowelding.com\/de\/wp-json\/wp\/v2\/product"}],"about":[{"href":"https:\/\/www.xinhaowelding.com\/de\/wp-json\/wp\/v2\/types\/product"}],"replies":[{"embeddable":true,"href":"https:\/\/www.xinhaowelding.com\/de\/wp-json\/wp\/v2\/comments?post=4597"}],"wp:featuredmedia":[{"embeddable":true,"href":"https:\/\/www.xinhaowelding.com\/de\/wp-json\/wp\/v2\/media\/4598"}],"wp:attachment":[{"href":"https:\/\/www.xinhaowelding.com\/de\/wp-json\/wp\/v2\/media?parent=4597"}],"wp:term":[{"taxonomy":"product_brand","embeddable":true,"href":"https:\/\/www.xinhaowelding.com\/de\/wp-json\/wp\/v2\/product_brand?post=4597"},{"taxonomy":"product_cat","embeddable":true,"href":"https:\/\/www.xinhaowelding.com\/de\/wp-json\/wp\/v2\/product_cat?post=4597"},{"taxonomy":"product_tag","embeddable":true,"href":"https:\/\/www.xinhaowelding.com\/de\/wp-json\/wp\/v2\/product_tag?post=4597"}],"curies":[{"name":"wp","href":"https:\/\/api.w.org\/{rel}","templated":true}]}}