{"id":4625,"date":"2025-05-07T06:02:07","date_gmt":"2025-05-07T06:02:07","guid":{"rendered":"https:\/\/www.xinhaowelding.com\/?post_type=product&#038;p=4625"},"modified":"2025-05-07T06:05:32","modified_gmt":"2025-05-07T06:05:32","slug":"jinan-xinhao-1-ton-welding-roller-stand-durable-portable","status":"publish","type":"product","link":"https:\/\/www.xinhaowelding.com\/de\/produkt\/jinan-xinhao-1-ton-welding-roller-stand-durable-portable\/","title":{"rendered":"Jinan Xinhao 1-Tonnen-Schwei\u00dfrollenst\u00e4nder | Langlebig &amp; tragbar"},"content":{"rendered":"<h1 class=\"wp-block-heading has-large-font-size\"><strong><a href=\"https:\/\/www.xinhaowelding.com\/de\/produkt\/jinan-xinhao-1-ton-welding-roller-stand-durable-portable\/\" title=\"Innovativer 1-Tonnen-Schwei\u00dfrollenrahmen von Jinan Xinhao Welding Technology\">Innovativer 1-Tonnen-Schwei\u00dfrollenrahmen von Jinan Xinhao Welding Technology<\/a><\/strong><\/h1>\n\n\n\n<p><strong>Jinan Xinhao Welding Technology Co, Ltd.<\/strong>ein f\u00fchrender Hersteller von Schwei\u00dfger\u00e4ten in China, hat seine fortschrittliche&nbsp;<strong>1-Tonnen-Schwei\u00dfrollengestell<\/strong>zur Verbesserung von Effizienz, Pr\u00e4zision und Stabilit\u00e4t bei industriellen Schwei\u00dfanwendungen.<\/p>\n\n\n\n<h2 class=\"wp-block-heading\"><strong>Hauptmerkmale des neuen 1-Tonnen-Schwei\u00dfrollengestells<\/strong><\/h2>\n\n\n\n<ol start=\"1\" class=\"wp-block-list\">\n<li><strong>Hohe Tragf\u00e4higkeit<\/strong>\u00a0- Unterst\u00fctzt bis zu\u00a0<strong>1 Tonne (1000 kg)<\/strong>und ist damit ideal f\u00fcr mittlere bis schwere Schwei\u00dfaufgaben.<\/li>\n\n\n\n<li><strong>Einstellbare Geschwindigkeitskontrolle<\/strong>\u00a0- Ausgestattet mit einem Antrieb mit variabler Frequenz (VFD) f\u00fcr eine gleichm\u00e4\u00dfige Geschwindigkeitsregelung, die eine optimale Schwei\u00dfqualit\u00e4t gew\u00e4hrleistet.<\/li>\n\n\n\n<li><strong>Robuste Konstruktion<\/strong>\u00a0- Hergestellt aus hochfestem Stahl mit Rostschutzbehandlung, die eine lange Lebensdauer in rauer Industrieumgebung gew\u00e4hrleistet.<\/li>\n\n\n\n<li><strong>Pr\u00e4zisionsausrichtung<\/strong>\u00a0- Selbstausrichtende Rollen minimieren die Werkst\u00fcckabweichung und verbessern die Schwei\u00dfgenauigkeit.<\/li>\n\n\n\n<li><strong>Benutzerfreundliches Design<\/strong>\u00a0- Einfach zu bedienende Steuerungen und geringer Wartungsaufwand reduzieren die Ausfallzeiten.<\/li>\n<\/ol>\n\n\n\n<h2 class=\"wp-block-heading\"><strong>Anwendungen<\/strong><\/h2>\n\n\n\n<p>Dieser Schwei\u00dfrollenrahmen ist weit verbreitet in:<\/p>\n\n\n\n<ul class=\"wp-block-list\">\n<li><strong>Schwei\u00dfen von Rohren<\/strong>\u00a0(\u00d6l und Gas, Wasserleitungen)<\/li>\n\n\n\n<li><strong>Kessel- und Druckbeh\u00e4lterbau<\/strong><\/li>\n\n\n\n<li><strong>Schiffbau und Automobilindustrie<\/strong><\/li>\n\n\n\n<li><strong>Allgemeine Fabrikationswerkst\u00e4tten<\/strong><\/li>\n<\/ul>\n\n\n\n<h2 class=\"wp-block-heading\"><strong>Warum Jinan Xinhao Welding Technology w\u00e4hlen?<\/strong><\/h2>\n\n\n\n<ul class=\"wp-block-list\">\n<li><strong>Mehr als 20 Jahre Erfahrung<\/strong>\u00a0- Weltweite Kunden vertrauen auf unsere hochwertigen Schwei\u00dfl\u00f6sungen.<\/li>\n\n\n\n<li><strong>Anpassbare Optionen<\/strong>\u00a0- Erh\u00e4ltlich in motorisierten, nicht-motorisierten und kundenspezifischen Konfigurationen.<\/li>\n\n\n\n<li><strong>Konkurrenzf\u00e4hige Preisgestaltung<\/strong>\u00a0- Kosteng\u00fcnstig ohne Leistungseinbu\u00dfen.<\/li>\n\n\n\n<li><strong>Globale Exporterfahrung<\/strong>\u00a0- Zuverl\u00e4ssige Logistik und After-Sales-Support.<\/li>\n<\/ul>\n\n\n\n<figure class=\"wp-block-table\"><table class=\"has-fixed-layout\"><tbody><tr><td><strong>Modellnummer<\/strong><strong><\/strong><\/td><td><strong>XH-1T<\/strong><strong><\/strong><\/td><\/tr><tr><td>laden<\/td><td>1000KG<\/td><\/tr><tr><td>Gewicht<\/td><td>46KG<\/td><\/tr><tr><td>Lineare Geschwindigkeit<\/td><td>150-1100mm\/M<\/td><\/tr><tr><td>Motorleistung<\/td><td>120W<\/td><\/tr><tr><td>Gr\u00f6\u00dfe der Walze<\/td><td>200mm<\/td><\/tr><tr><td>Durchmesser<\/td><td>20-600mm<\/td><\/tr><tr><td>Gesamtgr\u00f6\u00dfe<\/td><td>560*460*380mm<\/td><\/tr><\/tbody><\/table><\/figure>\n\n\n\n<h2 class=\"wp-block-heading\"><strong><u><strong>\u4ea7\u54c1\u7ec6\u8282<\/strong><\/u><\/strong><strong><u><strong><\/strong><\/u><\/strong><\/h2>\n\n\n\n<h2 class=\"wp-block-heading\"><strong>Einzelheiten zum Produkt<\/strong><\/h2>\n\n\n\n<div class=\"wp-block-uagb-container uagb-block-2030fc20 alignfull uagb-is-root-container\"><div class=\"uagb-container-inner-blocks-wrap\">\n<div class=\"wp-block-uagb-container uagb-block-6f903d3a\">\n<figure class=\"wp-block-image size-full\"><img fetchpriority=\"high\" decoding=\"async\" width=\"1000\" height=\"750\" src=\"https:\/\/www.xinhaowelding.com\/wp-content\/uploads\/2025\/05\/\u7ec6\u82821.jpg\" alt=\"\" class=\"wp-image-4633\" srcset=\"https:\/\/www.xinhaowelding.com\/wp-content\/uploads\/2025\/05\/\u7ec6\u82821.jpg 1000w, https:\/\/www.xinhaowelding.com\/wp-content\/uploads\/2025\/05\/\u7ec6\u82821-300x225.jpg 300w, https:\/\/www.xinhaowelding.com\/wp-content\/uploads\/2025\/05\/\u7ec6\u82821-768x576.jpg 768w, https:\/\/www.xinhaowelding.com\/wp-content\/uploads\/2025\/05\/\u7ec6\u82821-16x12.jpg 16w, https:\/\/www.xinhaowelding.com\/wp-content\/uploads\/2025\/05\/\u7ec6\u82821-600x450.jpg 600w\" sizes=\"(max-width: 1000px) 100vw, 1000px\" \/><\/figure>\n<\/div>\n\n\n\n<div class=\"wp-block-uagb-container uagb-block-3547eb7e\">\n<div class=\"wp-block-group is-layout-constrained wp-block-group-is-layout-constrained\">\n<h2 class=\"wp-block-heading has-large-font-size\">Polyurethan-Rad<\/h2>\n\n\n\n<p>Es kann die Reibungskraft zwischen der Rolle und dem Werkst\u00fcck erh\u00f6hen. Es ist verschlei\u00dffest, hitzebest\u00e4ndig und rutscht nicht.<\/p>\n<\/div>\n<\/div>\n<\/div><\/div>\n\n\n\n<div class=\"wp-block-uagb-container uagb-block-dcbd1cea alignfull uagb-is-root-container\"><div class=\"uagb-container-inner-blocks-wrap\">\n<div class=\"wp-block-uagb-container uagb-block-cba843e8\">\n<figure class=\"wp-block-image size-full\"><img decoding=\"async\" width=\"1000\" height=\"750\" src=\"https:\/\/www.xinhaowelding.com\/wp-content\/uploads\/2025\/05\/\u7ec6\u82822.jpg\" alt=\"\" class=\"wp-image-4634\" srcset=\"https:\/\/www.xinhaowelding.com\/wp-content\/uploads\/2025\/05\/\u7ec6\u82822.jpg 1000w, https:\/\/www.xinhaowelding.com\/wp-content\/uploads\/2025\/05\/\u7ec6\u82822-300x225.jpg 300w, https:\/\/www.xinhaowelding.com\/wp-content\/uploads\/2025\/05\/\u7ec6\u82822-768x576.jpg 768w, https:\/\/www.xinhaowelding.com\/wp-content\/uploads\/2025\/05\/\u7ec6\u82822-16x12.jpg 16w, https:\/\/www.xinhaowelding.com\/wp-content\/uploads\/2025\/05\/\u7ec6\u82822-600x450.jpg 600w\" sizes=\"(max-width: 1000px) 100vw, 1000px\" \/><\/figure>\n<\/div>\n\n\n\n<div class=\"wp-block-uagb-container uagb-block-a04d247b\">\n<div class=\"wp-block-group is-layout-constrained wp-block-group-is-layout-constrained\">\n<h2 class=\"wp-block-heading has-large-font-size\">Einstellbare Radabst\u00e4nde<\/h2>\n\n\n\n<p>Der Radabstand kann frei eingestellt werden, um Werkst\u00fccke unterschiedlicher Gr\u00f6\u00dfe zu bearbeiten.<\/p>\n<\/div>\n<\/div>\n<\/div><\/div>\n\n\n\n<div class=\"wp-block-uagb-container uagb-block-aa213162 alignfull uagb-is-root-container\"><div class=\"uagb-container-inner-blocks-wrap\">\n<div class=\"wp-block-uagb-container uagb-block-be07ee8c\">\n<figure class=\"wp-block-image size-full\"><img decoding=\"async\" width=\"1000\" height=\"750\" src=\"https:\/\/www.xinhaowelding.com\/wp-content\/uploads\/2025\/05\/\u7ec6\u82823.jpg\" alt=\"\" class=\"wp-image-4635\" srcset=\"https:\/\/www.xinhaowelding.com\/wp-content\/uploads\/2025\/05\/\u7ec6\u82823.jpg 1000w, https:\/\/www.xinhaowelding.com\/wp-content\/uploads\/2025\/05\/\u7ec6\u82823-300x225.jpg 300w, https:\/\/www.xinhaowelding.com\/wp-content\/uploads\/2025\/05\/\u7ec6\u82823-768x576.jpg 768w, https:\/\/www.xinhaowelding.com\/wp-content\/uploads\/2025\/05\/\u7ec6\u82823-16x12.jpg 16w, https:\/\/www.xinhaowelding.com\/wp-content\/uploads\/2025\/05\/\u7ec6\u82823-600x450.jpg 600w\" sizes=\"(max-width: 1000px) 100vw, 1000px\" \/><\/figure>\n<\/div>\n\n\n\n<div class=\"wp-block-uagb-container uagb-block-7d69718a\">\n<div class=\"wp-block-group is-layout-constrained wp-block-group-is-layout-constrained\">\n<h2 class=\"wp-block-heading has-large-font-size\">Permanentmagnet-Synchronmotor (PMSM)<\/h2>\n\n\n\n<p>Antrieb durch einen DC-Regelmotor \/ stufenlose Drehzahlregelung<\/p>\n\n\n\n<p>Hohe Belastbarkeit<\/p>\n\n\n\n<p>Gute Stabilit\u00e4t bei niedrigen Geschwindigkeiten<\/p>\n<\/div>\n<\/div>\n<\/div><\/div>\n\n\n\n<div class=\"wp-block-uagb-container uagb-block-88ab9097 alignfull uagb-is-root-container\"><div class=\"uagb-container-inner-blocks-wrap\">\n<div class=\"wp-block-uagb-container uagb-block-2815b0af\">\n<figure class=\"wp-block-image size-full\"><img loading=\"lazy\" decoding=\"async\" width=\"1000\" height=\"750\" src=\"https:\/\/www.xinhaowelding.com\/wp-content\/uploads\/2025\/05\/\u7ec6\u82824.jpg\" alt=\"\" class=\"wp-image-4636\" srcset=\"https:\/\/www.xinhaowelding.com\/wp-content\/uploads\/2025\/05\/\u7ec6\u82824.jpg 1000w, https:\/\/www.xinhaowelding.com\/wp-content\/uploads\/2025\/05\/\u7ec6\u82824-300x225.jpg 300w, https:\/\/www.xinhaowelding.com\/wp-content\/uploads\/2025\/05\/\u7ec6\u82824-768x576.jpg 768w, https:\/\/www.xinhaowelding.com\/wp-content\/uploads\/2025\/05\/\u7ec6\u82824-16x12.jpg 16w, https:\/\/www.xinhaowelding.com\/wp-content\/uploads\/2025\/05\/\u7ec6\u82824-600x450.jpg 600w\" sizes=\"(max-width: 1000px) 100vw, 1000px\" \/><\/figure>\n<\/div>\n\n\n\n<div class=\"wp-block-uagb-container uagb-block-1154c47c\">\n<div class=\"wp-block-group is-layout-constrained wp-block-group-is-layout-constrained\">\n<h2 class=\"wp-block-heading has-large-font-size\">Fu\u00dfpedalschalter<\/h2>\n\n\n\n<p>Ausgestattet mit einem Fu\u00dfpedalschalter.<\/p>\n\n\n\n<p> Es kann zwischen dem Fu\u00dfpedalbetrieb und der freien Drehung umgeschaltet werden.<\/p>\n<\/div>\n<\/div>\n<\/div><\/div>\n\n\n\n<h2 class=\"wp-block-heading\"><strong><u><strong>\u4ea7\u54c1\u89e3\u6790<\/strong><\/u><\/strong><strong><u><strong><\/strong><\/u><\/strong><\/h2>\n\n\n\n<h2 class=\"wp-block-heading\"><strong>Produktanalyse<\/strong><\/h2>\n\n\n\n<div class=\"wp-block-uagb-container uagb-block-541e0365 alignfull uagb-is-root-container\"><div class=\"uagb-container-inner-blocks-wrap\">\n<figure class=\"wp-block-image aligncenter size-full\"><img loading=\"lazy\" decoding=\"async\" width=\"790\" height=\"733\" src=\"https:\/\/www.xinhaowelding.com\/wp-content\/uploads\/2025\/05\/\u89e3\u6790.png\" alt=\"\" class=\"wp-image-4632\" srcset=\"https:\/\/www.xinhaowelding.com\/wp-content\/uploads\/2025\/05\/\u89e3\u6790.png 790w, https:\/\/www.xinhaowelding.com\/wp-content\/uploads\/2025\/05\/\u89e3\u6790-300x278.png 300w, https:\/\/www.xinhaowelding.com\/wp-content\/uploads\/2025\/05\/\u89e3\u6790-768x713.png 768w, https:\/\/www.xinhaowelding.com\/wp-content\/uploads\/2025\/05\/\u89e3\u6790-13x12.png 13w, https:\/\/www.xinhaowelding.com\/wp-content\/uploads\/2025\/05\/\u89e3\u6790-600x557.png 600w\" sizes=\"(max-width: 790px) 100vw, 790px\" \/><\/figure>\n<\/div><\/div>\n\n\n\n<h2 class=\"wp-block-heading\"><strong><u><strong>\u4ea7\u54c1\u5c3a\u5bf8<\/strong><\/u><\/strong><strong><u><strong><\/strong><\/u><\/strong><\/h2>\n\n\n\n<h2 class=\"wp-block-heading\"><strong>Gr\u00f6\u00dfe des Produkts<\/strong><\/h2>\n\n\n\n<div class=\"wp-block-uagb-container uagb-block-26d9d148 alignfull uagb-is-root-container\"><div class=\"uagb-container-inner-blocks-wrap\">\n<figure class=\"wp-block-image size-full\"><img loading=\"lazy\" decoding=\"async\" width=\"724\" height=\"645\" src=\"https:\/\/www.xinhaowelding.com\/wp-content\/uploads\/2025\/05\/\u5c3a\u5bf8.png\" alt=\"\" class=\"wp-image-4631\" srcset=\"https:\/\/www.xinhaowelding.com\/wp-content\/uploads\/2025\/05\/\u5c3a\u5bf8.png 724w, https:\/\/www.xinhaowelding.com\/wp-content\/uploads\/2025\/05\/\u5c3a\u5bf8-300x267.png 300w, https:\/\/www.xinhaowelding.com\/wp-content\/uploads\/2025\/05\/\u5c3a\u5bf8-13x12.png 13w, https:\/\/www.xinhaowelding.com\/wp-content\/uploads\/2025\/05\/\u5c3a\u5bf8-600x535.png 600w\" sizes=\"(max-width: 724px) 100vw, 724px\" \/><\/figure>\n<\/div><\/div>\n\n\n\n<h2 class=\"wp-block-heading\">\u73b0\u573a\u5b9e\u62cd<\/h2>\n\n\n\n<h2 class=\"wp-block-heading\">Live-Dreharbeiten<\/h2>\n\n\n\n<div class=\"wp-block-uagb-container uagb-block-fb853095 alignfull uagb-is-root-container\"><div class=\"uagb-container-inner-blocks-wrap\">\n<div class=\"wp-block-uagb-container uagb-block-1a180799\">\n<figure class=\"wp-block-image size-full\"><img loading=\"lazy\" decoding=\"async\" width=\"750\" height=\"1000\" src=\"https:\/\/www.xinhaowelding.com\/wp-content\/uploads\/2025\/05\/\u5c55\u793a1.jpg\" alt=\"\" class=\"wp-image-4637\" srcset=\"https:\/\/www.xinhaowelding.com\/wp-content\/uploads\/2025\/05\/\u5c55\u793a1.jpg 750w, https:\/\/www.xinhaowelding.com\/wp-content\/uploads\/2025\/05\/\u5c55\u793a1-225x300.jpg 225w, https:\/\/www.xinhaowelding.com\/wp-content\/uploads\/2025\/05\/\u5c55\u793a1-9x12.jpg 9w, https:\/\/www.xinhaowelding.com\/wp-content\/uploads\/2025\/05\/\u5c55\u793a1-600x800.jpg 600w\" sizes=\"(max-width: 750px) 100vw, 750px\" \/><\/figure>\n<\/div>\n\n\n\n<div class=\"wp-block-uagb-container uagb-block-7003caa3\">\n<figure class=\"wp-block-image size-full\"><img loading=\"lazy\" decoding=\"async\" width=\"750\" height=\"1000\" src=\"https:\/\/www.xinhaowelding.com\/wp-content\/uploads\/2025\/05\/\u5c55\u793a2.jpg\" alt=\"\" class=\"wp-image-4638\" srcset=\"https:\/\/www.xinhaowelding.com\/wp-content\/uploads\/2025\/05\/\u5c55\u793a2.jpg 750w, https:\/\/www.xinhaowelding.com\/wp-content\/uploads\/2025\/05\/\u5c55\u793a2-225x300.jpg 225w, https:\/\/www.xinhaowelding.com\/wp-content\/uploads\/2025\/05\/\u5c55\u793a2-9x12.jpg 9w, https:\/\/www.xinhaowelding.com\/wp-content\/uploads\/2025\/05\/\u5c55\u793a2-600x800.jpg 600w\" sizes=\"(max-width: 750px) 100vw, 750px\" \/><\/figure>\n<\/div>\n<\/div><\/div>\n\n\n\n<div class=\"wp-block-uagb-container uagb-block-e6dc22dc alignfull uagb-is-root-container\"><div class=\"uagb-container-inner-blocks-wrap\">\n<div class=\"wp-block-uagb-container uagb-block-dbb4a73c\">\n<figure class=\"wp-block-image size-full\"><img loading=\"lazy\" decoding=\"async\" width=\"1000\" height=\"750\" src=\"https:\/\/www.xinhaowelding.com\/wp-content\/uploads\/2025\/05\/\u5c55\u793a3.jpg\" alt=\"\" class=\"wp-image-4639\" srcset=\"https:\/\/www.xinhaowelding.com\/wp-content\/uploads\/2025\/05\/\u5c55\u793a3.jpg 1000w, https:\/\/www.xinhaowelding.com\/wp-content\/uploads\/2025\/05\/\u5c55\u793a3-300x225.jpg 300w, https:\/\/www.xinhaowelding.com\/wp-content\/uploads\/2025\/05\/\u5c55\u793a3-768x576.jpg 768w, https:\/\/www.xinhaowelding.com\/wp-content\/uploads\/2025\/05\/\u5c55\u793a3-16x12.jpg 16w, https:\/\/www.xinhaowelding.com\/wp-content\/uploads\/2025\/05\/\u5c55\u793a3-600x450.jpg 600w\" sizes=\"(max-width: 1000px) 100vw, 1000px\" \/><\/figure>\n<\/div>\n\n\n\n<div class=\"wp-block-uagb-container uagb-block-444e15ac\">\n<figure class=\"wp-block-image size-full\"><img loading=\"lazy\" decoding=\"async\" width=\"1000\" height=\"750\" src=\"https:\/\/www.xinhaowelding.com\/wp-content\/uploads\/2025\/05\/\u5c55\u793a4.jpg\" alt=\"\" class=\"wp-image-4640\" srcset=\"https:\/\/www.xinhaowelding.com\/wp-content\/uploads\/2025\/05\/\u5c55\u793a4.jpg 1000w, https:\/\/www.xinhaowelding.com\/wp-content\/uploads\/2025\/05\/\u5c55\u793a4-300x225.jpg 300w, https:\/\/www.xinhaowelding.com\/wp-content\/uploads\/2025\/05\/\u5c55\u793a4-768x576.jpg 768w, https:\/\/www.xinhaowelding.com\/wp-content\/uploads\/2025\/05\/\u5c55\u793a4-16x12.jpg 16w, https:\/\/www.xinhaowelding.com\/wp-content\/uploads\/2025\/05\/\u5c55\u793a4-600x450.jpg 600w\" sizes=\"(max-width: 1000px) 100vw, 1000px\" \/><\/figure>\n<\/div>\n<\/div><\/div>\n\n\n\n<p class=\"has-text-align-center\"><a href=\"http:\/\/www.google.com\" title=\"www.google.com\">www.google.com<\/a><\/p>","protected":false},"excerpt":{"rendered":"<p><strong>Jinan Xinhao 1-Ton Welding Roller Stand - Durable Steel Construction, Adjustable Speed &amp; Height for Pipe\/Tank Fabrication. Steigern Sie die Effizienz noch heute!<\/strong><\/p>","protected":false},"featured_media":4629,"comment_status":"open","ping_status":"closed","template":"","meta":{"om_disable_all_campaigns":false,"_uag_custom_page_level_css":"","_monsterinsights_skip_tracking":false,"_monsterinsights_sitenote_active":false,"_monsterinsights_sitenote_note":"","_monsterinsights_sitenote_category":0,"site-sidebar-layout":"default","site-content-layout":"","ast-site-content-layout":"default","site-content-style":"default","site-sidebar-style":"default","ast-global-header-display":"","ast-banner-title-visibility":"","ast-main-header-display":"","ast-hfb-above-header-display":"","ast-hfb-below-header-display":"","ast-hfb-mobile-header-display":"","site-post-title":"","ast-breadcrumbs-content":"","ast-featured-img":"","footer-sml-layout":"","theme-transparent-header-meta":"","adv-header-id-meta":"","stick-header-meta":"","header-above-stick-meta":"","header-main-stick-meta":"","header-below-stick-meta":"","astra-migrate-meta-layouts":"set","ast-page-background-enabled":"default","ast-page-background-meta":{"desktop":{"background-color":"","background-image":"","background-repeat":"repeat","background-position":"center center","background-size":"auto","background-attachment":"scroll","background-type":"","background-media":"","overlay-type":"","overlay-color":"","overlay-opacity":"","overlay-gradient":""},"tablet":{"background-color":"","background-image":"","background-repeat":"repeat","background-position":"center center","background-size":"auto","background-attachment":"scroll","background-type":"","background-media":"","overlay-type":"","overlay-color":"","overlay-opacity":"","overlay-gradient":""},"mobile":{"background-color":"","background-image":"","background-repeat":"repeat","background-position":"center center","background-size":"auto","background-attachment":"scroll","background-type":"","background-media":"","overlay-type":"","overlay-color":"","overlay-opacity":"","overlay-gradient":""}},"ast-content-background-meta":{"desktop":{"background-color":"var(--ast-global-color-5)","background-image":"","background-repeat":"repeat","background-position":"center center","background-size":"auto","background-attachment":"scroll","background-type":"","background-media":"","overlay-type":"","overlay-color":"","overlay-opacity":"","overlay-gradient":""},"tablet":{"background-color":"var(--ast-global-color-5)","background-image":"","background-repeat":"repeat","background-position":"center center","background-size":"auto","background-attachment":"scroll","background-type":"","background-media":"","overlay-type":"","overlay-color":"","overlay-opacity":"","overlay-gradient":""},"mobile":{"background-color":"var(--ast-global-color-5)","background-image":"","background-repeat":"repeat","background-position":"center center","background-size":"auto","background-attachment":"scroll","background-type":"","background-media":"","overlay-type":"","overlay-color":"","overlay-opacity":"","overlay-gradient":""}}},"product_brand":[],"product_cat":[72],"product_tag":[],"class_list":{"0":"post-4625","1":"product","2":"type-product","3":"status-publish","4":"has-post-thumbnail","6":"product_cat-light-weight-rotator","7":"desktop-align-left","8":"tablet-align-left","9":"mobile-align-left","11":"first","12":"instock","13":"shipping-taxable","14":"product-type-simple"},"aioseo_notices":[],"uagb_featured_image_src":{"full":["https:\/\/www.xinhaowelding.com\/wp-content\/uploads\/2025\/05\/4.jpg",800,800,false],"thumbnail":["https:\/\/www.xinhaowelding.com\/wp-content\/uploads\/2025\/05\/4-150x150.jpg",150,150,true],"medium":["https:\/\/www.xinhaowelding.com\/wp-content\/uploads\/2025\/05\/4-300x300.jpg",300,300,true],"medium_large":["https:\/\/www.xinhaowelding.com\/wp-content\/uploads\/2025\/05\/4-768x768.jpg",768,768,true],"large":["https:\/\/www.xinhaowelding.com\/wp-content\/uploads\/2025\/05\/4.jpg",800,800,false],"1536x1536":["https:\/\/www.xinhaowelding.com\/wp-content\/uploads\/2025\/05\/4.jpg",800,800,false],"2048x2048":["https:\/\/www.xinhaowelding.com\/wp-content\/uploads\/2025\/05\/4.jpg",800,800,false],"trp-custom-language-flag":["https:\/\/www.xinhaowelding.com\/wp-content\/uploads\/2025\/05\/4-12x12.jpg",12,12,true],"woocommerce_thumbnail":["https:\/\/www.xinhaowelding.com\/wp-content\/uploads\/2025\/05\/4-600x600.jpg",600,600,true],"woocommerce_single":["https:\/\/www.xinhaowelding.com\/wp-content\/uploads\/2025\/05\/4-600x600.jpg",600,600,true],"woocommerce_gallery_thumbnail":["https:\/\/www.xinhaowelding.com\/wp-content\/uploads\/2025\/05\/4-100x100.jpg",100,100,true]},"uagb_author_info":{"display_name":"jinxing6611@gmail.com","author_link":"https:\/\/www.xinhaowelding.com\/de\/author\/"},"uagb_comment_info":0,"uagb_excerpt":"Jinan Xinhao 1-Ton Welding Roller Stand - Durable Steel Construction, Adjustable Speed &amp; Height for Pipe\/Tank Fabrication. Boost Efficiency Today!","_links":{"self":[{"href":"https:\/\/www.xinhaowelding.com\/de\/wp-json\/wp\/v2\/product\/4625","targetHints":{"allow":["GET"]}}],"collection":[{"href":"https:\/\/www.xinhaowelding.com\/de\/wp-json\/wp\/v2\/product"}],"about":[{"href":"https:\/\/www.xinhaowelding.com\/de\/wp-json\/wp\/v2\/types\/product"}],"replies":[{"embeddable":true,"href":"https:\/\/www.xinhaowelding.com\/de\/wp-json\/wp\/v2\/comments?post=4625"}],"wp:featuredmedia":[{"embeddable":true,"href":"https:\/\/www.xinhaowelding.com\/de\/wp-json\/wp\/v2\/media\/4629"}],"wp:attachment":[{"href":"https:\/\/www.xinhaowelding.com\/de\/wp-json\/wp\/v2\/media?parent=4625"}],"wp:term":[{"taxonomy":"product_brand","embeddable":true,"href":"https:\/\/www.xinhaowelding.com\/de\/wp-json\/wp\/v2\/product_brand?post=4625"},{"taxonomy":"product_cat","embeddable":true,"href":"https:\/\/www.xinhaowelding.com\/de\/wp-json\/wp\/v2\/product_cat?post=4625"},{"taxonomy":"product_tag","embeddable":true,"href":"https:\/\/www.xinhaowelding.com\/de\/wp-json\/wp\/v2\/product_tag?post=4625"}],"curies":[{"name":"wp","href":"https:\/\/api.w.org\/{rel}","templated":true}]}}