{"id":3036,"date":"2024-11-21T11:34:25","date_gmt":"2024-11-21T11:34:25","guid":{"rendered":"https:\/\/xinhaowelding.com\/?post_type=product&#038;p=3036"},"modified":"2025-03-27T06:00:26","modified_gmt":"2025-03-27T06:00:26","slug":"2-ton-welding-positioner","status":"publish","type":"product","link":"https:\/\/www.xinhaowelding.com\/es\/producto\/2-ton-welding-positioner\/","title":{"rendered":"Posicionador de soldadura de 2 toneladas | Equipo de rotaci\u00f3n de alta capacidad"},"content":{"rendered":"<h2 class=\"wp-block-heading\"><strong><a href=\"https:\/\/www.xinhaowelding.com\/es\/producto\/2-ton-welding-positioner\/\" title=\"1-2\u5428\u91cd\u578b\u53d8\u4f4d\u673a\">1-2\u5428\u91cd\u578b\u53d8\u4f4d\u673a<\/a><\/strong><\/h2>\n\n\n\n<h2 class=\"wp-block-heading\">Posicionador pesado de 1-2 toneladas<\/h2>\n\n\n\n<p>\u25c6 Ponga la pieza de trabajo en el mandril, el mandril se sujeta r\u00e1pidamente, y un \u00e1ngulo de la mesa basculante el\u00e9ctrica hace que la soldadura en una posici\u00f3n de soldadura plana, a fin de lograr una buena fusi\u00f3n del ba\u00f1o de soldadura y hermosa formaci\u00f3n de la soldadura.<\/p>\n\n\n\n<p>\u25c6 Generalmente opcional XH600\/XH750 mandril redondo o XH1000\/XH1200\/XH1600 tri\u00e1ngulo pesado mandril, caja de control elegir famoso convertidor de frecuencia control de velocidad, con caja de mano control de velocidad f\u00e1cil de usar.<\/p>\n\n\n\n<figure class=\"wp-block-table\"><table class=\"has-fixed-layout\"><tbody><tr><td><strong>N\u00famero de modelo<\/strong><strong><\/strong><\/td><td><strong>BWJ-1T<\/strong><strong><\/strong><\/td><td><strong>BWJ-1.2T<\/strong><strong><\/strong><\/td><td><strong>BWJ-2T<\/strong><strong><\/strong><\/td><td><strong>BWJ-3T<\/strong><strong><\/strong><\/td><td><strong>BWJ-5T<\/strong><strong><\/strong><\/td><td><strong>BWJ-10T<\/strong><strong><\/strong><\/td><td><strong>BWJ-15T<\/strong><strong><\/strong><\/td><td><strong>BWJ-20T<\/strong><strong><\/strong><\/td><\/tr><tr><td>soporte de carga<\/td><td>1T<\/td><td>1.2T<\/td><td>2T<\/td><td>3T<\/td><td>5T<\/td><td>10T<\/td><td>15T<\/td><td>20T<\/td><\/tr><tr><td>Motor reversible<\/td><td>0,75 KW<\/td><td>0,75 KW<\/td><td>1,5 KW<\/td><td>1,5 KW<\/td><td>3KW<\/td><td>4KW<\/td><td>5,5 KW<\/td><td>7,5 KW<\/td><\/tr><tr><td>Motor rotativo<\/td><td>0,75 KW<\/td><td>0,75 KW<\/td><td>1,5 KW<\/td><td>1,5 KW<\/td><td>2,2 KW<\/td><td>4KW<\/td><td>4KW<\/td><td>5,5 KW<\/td><\/tr><tr><td>Velocidad de rotaci\u00f3n<\/td><td>0,1-1r\/M<\/td><td>0,1-1r\/M<\/td><td>0,1-1r\/M<\/td><td>0,06-0,6r\/M<\/td><td>0,05-0,5r\/M<\/td><td>0,05-0,5r\/M<\/td><td>0,05-0,5r\/M<\/td><td>0,026-0,26r\/M<\/td><\/tr><tr><td>Di\u00e1metro de la mesa<\/td><td>1000 mm<\/td><td>1000 mm<\/td><td>1200 mm<\/td><td>1400 mm<\/td><td>1600mm<\/td><td>2000mm<\/td><td>2000mm<\/td><td>2500mm<\/td><\/tr><tr><td>Distancia del centro de gravedad<\/td><td>250 mm<\/td><td>250 mm<\/td><td>250 mm<\/td><td>300 mm<\/td><td>300 mm<\/td><td>400 mm<\/td><td>500 mm<\/td><td>630 mm<\/td><\/tr><tr><td>Excentricidad<\/td><td>150 mm<\/td><td>150 mm<\/td><td>150 mm<\/td><td>200 mm<\/td><td>200 mm<\/td><td>200 mm<\/td><td>200 mm<\/td><td>200 mm<\/td><\/tr><tr><td>peso<\/td><td>1000kg<\/td><td>1000kg<\/td><td>1400kg<\/td><td>2000kg<\/td><td>3400kg<\/td><td>5800kg<\/td><td>7500kg<\/td><td>12000kg<\/td><\/tr><tr><td>Dimensiones generales<\/td><td>1200*1100*1100mm<\/td><td>1200*1100*1100mm<\/td><td>1550*1440*1000mm<br>(M\u00e1s ancho de oreja colgante 1550 en ambos lados)<\/td><td>1600*1500*1250mm<br>(M\u00e1s ancho de oreja colgante 1650 en ambos lados)<\/td><td>2300*1950*1550mm<br>(M\u00e1s ancho de oreja colgante 2200 en ambos lados)<\/td><td>3000*2000*1900mm<br>(M\u00e1s ancho de oreja colgante 2150 en ambos lados)<\/td><td>3100*2000*2050mm<br>(M\u00e1s ancho de oreja colgante 2150 en ambos lados)<\/td><td>3900*2350*2100mm<br>(M\u00e1s ancho de oreja colgante 2450 en ambos lados)<\/td><\/tr><tr><td>Di\u00e1metro m\u00e1ximo de giro a 90<\/td><td>\u03a61300<\/td><td>\u03a61300<\/td><td>\u03a61780<\/td><td>\u03a62100<\/td><td>\u03a62400<\/td><td>\u03a62900<\/td><td>\u03a62900<\/td><td>\u03a63200<\/td><\/tr><\/tbody><\/table><\/figure>\n\n\n\n<div class=\"wp-block-uagb-container uagb-block-ed677dfd alignfull uagb-is-root-container\"><div class=\"uagb-container-inner-blocks-wrap\">\n<div class=\"wp-block-uagb-container uagb-block-9c7d1cc7\">\n<figure class=\"wp-block-image size-full\"><img fetchpriority=\"high\" decoding=\"async\" width=\"800\" height=\"800\" src=\"https:\/\/www.xinhaowelding.com\/wp-content\/uploads\/2024\/11\/1\u5428\u53d8\u4f4d\u673a.png\" alt=\"\" class=\"wp-image-4077\" srcset=\"https:\/\/www.xinhaowelding.com\/wp-content\/uploads\/2024\/11\/1\u5428\u53d8\u4f4d\u673a.png 800w, https:\/\/www.xinhaowelding.com\/wp-content\/uploads\/2024\/11\/1\u5428\u53d8\u4f4d\u673a-300x300.png 300w, https:\/\/www.xinhaowelding.com\/wp-content\/uploads\/2024\/11\/1\u5428\u53d8\u4f4d\u673a-150x150.png 150w, https:\/\/www.xinhaowelding.com\/wp-content\/uploads\/2024\/11\/1\u5428\u53d8\u4f4d\u673a-768x768.png 768w, https:\/\/www.xinhaowelding.com\/wp-content\/uploads\/2024\/11\/1\u5428\u53d8\u4f4d\u673a-12x12.png 12w, https:\/\/www.xinhaowelding.com\/wp-content\/uploads\/2024\/11\/1\u5428\u53d8\u4f4d\u673a-600x600.png 600w, https:\/\/www.xinhaowelding.com\/wp-content\/uploads\/2024\/11\/1\u5428\u53d8\u4f4d\u673a-100x100.png 100w\" sizes=\"(max-width: 800px) 100vw, 800px\" \/><\/figure>\n<\/div>\n\n\n\n<div class=\"wp-block-uagb-container uagb-block-1fc6ba16\">\n<figure class=\"wp-block-image size-full\"><img decoding=\"async\" width=\"538\" height=\"538\" src=\"https:\/\/www.xinhaowelding.com\/wp-content\/uploads\/2024\/11\/2\u5428\u53d8\u4f4d\u673a.png\" alt=\"\" class=\"wp-image-4079\" srcset=\"https:\/\/www.xinhaowelding.com\/wp-content\/uploads\/2024\/11\/2\u5428\u53d8\u4f4d\u673a.png 538w, https:\/\/www.xinhaowelding.com\/wp-content\/uploads\/2024\/11\/2\u5428\u53d8\u4f4d\u673a-300x300.png 300w, https:\/\/www.xinhaowelding.com\/wp-content\/uploads\/2024\/11\/2\u5428\u53d8\u4f4d\u673a-150x150.png 150w, https:\/\/www.xinhaowelding.com\/wp-content\/uploads\/2024\/11\/2\u5428\u53d8\u4f4d\u673a-12x12.png 12w, https:\/\/www.xinhaowelding.com\/wp-content\/uploads\/2024\/11\/2\u5428\u53d8\u4f4d\u673a-100x100.png 100w\" sizes=\"(max-width: 538px) 100vw, 538px\" \/><\/figure>\n<\/div>\n\n\n\n<div class=\"wp-block-uagb-container uagb-block-3e691f2c\">\n<p class=\"has-text-align-center\">Posicionador de soldadura de 1 tonelada<\/p>\n<\/div>\n\n\n\n<div class=\"wp-block-uagb-container uagb-block-f4ea2698\">\n<p class=\"has-text-align-center\">Posicionador de soldadura de 2 toneladas<\/p>\n<\/div>\n<\/div><\/div>\n\n\n\n<h2 class=\"wp-block-heading has-large-font-size\"><strong><u><strong>\u4ea7\u54c1\u7ec6\u8282<\/strong><\/u><\/strong><strong><u><strong><\/strong><\/u><\/strong><\/h2>\n\n\n\n<h2 class=\"wp-block-heading has-large-font-size\"><strong>Detalles del producto<\/strong><strong><\/strong><\/h2>\n\n\n\n<div class=\"wp-block-uagb-container uagb-block-5dae6f4b alignfull uagb-is-root-container\"><div class=\"uagb-container-inner-blocks-wrap\">\n<div class=\"wp-block-uagb-container uagb-block-fe966f8e\">\n<figure class=\"wp-block-image size-large\"><img decoding=\"async\" width=\"1024\" height=\"819\" src=\"https:\/\/www.xinhaowelding.com\/wp-content\/uploads\/2024\/11\/\u7ec6\u82821-1024x819.png\" alt=\"\" class=\"wp-image-4091\" srcset=\"https:\/\/www.xinhaowelding.com\/wp-content\/uploads\/2024\/11\/\u7ec6\u82821-1024x819.png 1024w, https:\/\/www.xinhaowelding.com\/wp-content\/uploads\/2024\/11\/\u7ec6\u82821-300x240.png 300w, https:\/\/www.xinhaowelding.com\/wp-content\/uploads\/2024\/11\/\u7ec6\u82821-768x615.png 768w, https:\/\/www.xinhaowelding.com\/wp-content\/uploads\/2024\/11\/\u7ec6\u82821-1536x1229.png 1536w, https:\/\/www.xinhaowelding.com\/wp-content\/uploads\/2024\/11\/\u7ec6\u82821-2048x1639.png 2048w, https:\/\/www.xinhaowelding.com\/wp-content\/uploads\/2024\/11\/\u7ec6\u82821-15x12.png 15w, https:\/\/www.xinhaowelding.com\/wp-content\/uploads\/2024\/11\/\u7ec6\u82821-600x480.png 600w\" sizes=\"(max-width: 1024px) 100vw, 1024px\" \/><\/figure>\n<\/div>\n\n\n\n<div class=\"wp-block-uagb-container uagb-block-1d9a06bd\">\n<p class=\"has-large-font-size\"><strong>M\u00e1quina rotativa<\/strong><\/p>\n\n\n\n<div class=\"wp-block-group is-layout-constrained wp-block-group-is-layout-constrained\">\n<p>Elija motores de alta calidad de fabricantes nacionales de renombre<\/p>\n\n\n\n<p>Puede realizar la regulaci\u00f3n continua de la velocidad de conversi\u00f3n de frecuencia<\/p>\n<\/div>\n<\/div>\n<\/div><\/div>\n\n\n\n<div class=\"wp-block-uagb-container uagb-block-86d8cfa9 alignfull uagb-is-root-container\"><div class=\"uagb-container-inner-blocks-wrap\">\n<div class=\"wp-block-uagb-container uagb-block-b7ba20f3\">\n<figure class=\"wp-block-image size-large\"><img loading=\"lazy\" decoding=\"async\" width=\"1024\" height=\"819\" src=\"https:\/\/www.xinhaowelding.com\/wp-content\/uploads\/2024\/11\/\u7ec6\u82822-1024x819.png\" alt=\"\" class=\"wp-image-4092\" srcset=\"https:\/\/www.xinhaowelding.com\/wp-content\/uploads\/2024\/11\/\u7ec6\u82822-1024x819.png 1024w, https:\/\/www.xinhaowelding.com\/wp-content\/uploads\/2024\/11\/\u7ec6\u82822-300x240.png 300w, https:\/\/www.xinhaowelding.com\/wp-content\/uploads\/2024\/11\/\u7ec6\u82822-768x615.png 768w, https:\/\/www.xinhaowelding.com\/wp-content\/uploads\/2024\/11\/\u7ec6\u82822-1536x1229.png 1536w, https:\/\/www.xinhaowelding.com\/wp-content\/uploads\/2024\/11\/\u7ec6\u82822-2048x1639.png 2048w, https:\/\/www.xinhaowelding.com\/wp-content\/uploads\/2024\/11\/\u7ec6\u82822-15x12.png 15w, https:\/\/www.xinhaowelding.com\/wp-content\/uploads\/2024\/11\/\u7ec6\u82822-600x480.png 600w\" sizes=\"(max-width: 1024px) 100vw, 1024px\" \/><\/figure>\n<\/div>\n\n\n\n<div class=\"wp-block-uagb-container uagb-block-e4f7ec57\">\n<p class=\"has-large-font-size\"><strong><strong>Escobilla de carb\u00f3n de varilla de cobre<\/strong><\/strong><\/p>\n\n\n\n<div class=\"wp-block-group is-layout-constrained wp-block-group-is-layout-constrained\">\n<p>Dise\u00f1o de varilla de cobre con material de alto cobre<\/p>\n\n\n\n<p>El motor se voltea para conectar el cable de tierra<\/p>\n\n\n\n<p>La conductividad ultra alta es m\u00e1s segura de usar<\/p>\n<\/div>\n<\/div>\n<\/div><\/div>\n\n\n\n<div class=\"wp-block-uagb-container uagb-block-758e8711 alignfull uagb-is-root-container\"><div class=\"uagb-container-inner-blocks-wrap\">\n<div class=\"wp-block-uagb-container uagb-block-a84e749e\">\n<figure class=\"wp-block-image size-large\"><img loading=\"lazy\" decoding=\"async\" width=\"1024\" height=\"819\" src=\"https:\/\/www.xinhaowelding.com\/wp-content\/uploads\/2024\/11\/\u7ec6\u82823-1024x819.png\" alt=\"\" class=\"wp-image-4093\" srcset=\"https:\/\/www.xinhaowelding.com\/wp-content\/uploads\/2024\/11\/\u7ec6\u82823-1024x819.png 1024w, https:\/\/www.xinhaowelding.com\/wp-content\/uploads\/2024\/11\/\u7ec6\u82823-300x240.png 300w, https:\/\/www.xinhaowelding.com\/wp-content\/uploads\/2024\/11\/\u7ec6\u82823-768x615.png 768w, https:\/\/www.xinhaowelding.com\/wp-content\/uploads\/2024\/11\/\u7ec6\u82823-1536x1229.png 1536w, https:\/\/www.xinhaowelding.com\/wp-content\/uploads\/2024\/11\/\u7ec6\u82823-2048x1639.png 2048w, https:\/\/www.xinhaowelding.com\/wp-content\/uploads\/2024\/11\/\u7ec6\u82823-15x12.png 15w, https:\/\/www.xinhaowelding.com\/wp-content\/uploads\/2024\/11\/\u7ec6\u82823-600x480.png 600w\" sizes=\"(max-width: 1024px) 100vw, 1024px\" \/><\/figure>\n<\/div>\n\n\n\n<div class=\"wp-block-uagb-container uagb-block-3d32e4a0\">\n<p class=\"has-large-font-size\"><strong><strong>Motor abatible<\/strong><\/strong><\/p>\n\n\n\n<div class=\"wp-block-group is-layout-constrained wp-block-group-is-layout-constrained\">\n<p>Motor nacional de marca conocida<\/p>\n\n\n\n<p>La precisi\u00f3n del control es alta y la fiabilidad es elevada<\/p>\n\n\n\n<p>Larga vida \u00fatil y otras caracter\u00edsticas<\/p>\n<\/div>\n<\/div>\n<\/div><\/div>\n\n\n\n<div class=\"wp-block-uagb-container uagb-block-1ee72868 alignfull uagb-is-root-container\"><div class=\"uagb-container-inner-blocks-wrap\">\n<div class=\"wp-block-uagb-container uagb-block-22fb1ecf\">\n<figure class=\"wp-block-image size-large\"><img loading=\"lazy\" decoding=\"async\" width=\"1024\" height=\"819\" src=\"https:\/\/www.xinhaowelding.com\/wp-content\/uploads\/2024\/11\/\u7ec6\u82824-1024x819.png\" alt=\"\" class=\"wp-image-4094\" srcset=\"https:\/\/www.xinhaowelding.com\/wp-content\/uploads\/2024\/11\/\u7ec6\u82824-1024x819.png 1024w, https:\/\/www.xinhaowelding.com\/wp-content\/uploads\/2024\/11\/\u7ec6\u82824-300x240.png 300w, https:\/\/www.xinhaowelding.com\/wp-content\/uploads\/2024\/11\/\u7ec6\u82824-768x615.png 768w, https:\/\/www.xinhaowelding.com\/wp-content\/uploads\/2024\/11\/\u7ec6\u82824-1536x1229.png 1536w, https:\/\/www.xinhaowelding.com\/wp-content\/uploads\/2024\/11\/\u7ec6\u82824-2048x1639.png 2048w, https:\/\/www.xinhaowelding.com\/wp-content\/uploads\/2024\/11\/\u7ec6\u82824-15x12.png 15w, https:\/\/www.xinhaowelding.com\/wp-content\/uploads\/2024\/11\/\u7ec6\u82824-600x480.png 600w\" sizes=\"(max-width: 1024px) 100vw, 1024px\" \/><\/figure>\n<\/div>\n\n\n\n<div class=\"wp-block-uagb-container uagb-block-927d2e71\">\n<p class=\"has-large-font-size\"><strong><strong><strong>Grabado en \u00e1ngulo<\/strong><\/strong><\/strong><\/p>\n\n\n\n<div class=\"wp-block-group is-layout-constrained wp-block-group-is-layout-constrained\">\n<p>Grabado angular claro y n\u00edtido<\/p>\n\n\n\n<p>Puede hacer que los usuarios dominen m\u00e1s c\u00f3modamente<\/p>\n\n\n\n<p>\u00c1ngulo de giro de la pieza<\/p>\n\n\n\n<p>Hacer la operaci\u00f3n m\u00e1s precisa y fiable<\/p>\n<\/div>\n<\/div>\n<\/div><\/div>\n\n\n\n<h2 class=\"wp-block-heading has-large-font-size\">\u4ea7\u54c1\u89e3\u6790\/\u5c3a\u5bf8<\/h2>\n\n\n\n<h2 class=\"wp-block-heading has-large-font-size\">An\u00e1lisis\/dimensiones del producto<\/h2>\n\n\n\n<div class=\"wp-block-uagb-container uagb-block-05736911 alignfull uagb-is-root-container\"><div class=\"uagb-container-inner-blocks-wrap\">\n<div class=\"wp-block-uagb-container uagb-block-a6e546c6\">\n<figure class=\"wp-block-image size-full\"><img loading=\"lazy\" decoding=\"async\" width=\"682\" height=\"533\" src=\"https:\/\/www.xinhaowelding.com\/wp-content\/uploads\/2024\/11\/\u4ea7\u54c1\u89e3\u67901-1.png\" alt=\"\" class=\"wp-image-4081\" srcset=\"https:\/\/www.xinhaowelding.com\/wp-content\/uploads\/2024\/11\/\u4ea7\u54c1\u89e3\u67901-1.png 682w, https:\/\/www.xinhaowelding.com\/wp-content\/uploads\/2024\/11\/\u4ea7\u54c1\u89e3\u67901-1-300x234.png 300w, https:\/\/www.xinhaowelding.com\/wp-content\/uploads\/2024\/11\/\u4ea7\u54c1\u89e3\u67901-1-15x12.png 15w, https:\/\/www.xinhaowelding.com\/wp-content\/uploads\/2024\/11\/\u4ea7\u54c1\u89e3\u67901-1-600x469.png 600w\" sizes=\"(max-width: 682px) 100vw, 682px\" \/><\/figure>\n<\/div>\n\n\n\n<div class=\"wp-block-uagb-container uagb-block-619241db\">\n<figure class=\"wp-block-image size-full\"><img loading=\"lazy\" decoding=\"async\" width=\"567\" height=\"512\" src=\"https:\/\/www.xinhaowelding.com\/wp-content\/uploads\/2024\/11\/\u4ea7\u54c1\u89e3\u67902.png\" alt=\"\" class=\"wp-image-4082\" srcset=\"https:\/\/www.xinhaowelding.com\/wp-content\/uploads\/2024\/11\/\u4ea7\u54c1\u89e3\u67902.png 567w, https:\/\/www.xinhaowelding.com\/wp-content\/uploads\/2024\/11\/\u4ea7\u54c1\u89e3\u67902-300x271.png 300w, https:\/\/www.xinhaowelding.com\/wp-content\/uploads\/2024\/11\/\u4ea7\u54c1\u89e3\u67902-13x12.png 13w\" sizes=\"(max-width: 567px) 100vw, 567px\" \/><\/figure>\n<\/div>\n\n\n\n<div class=\"wp-block-uagb-container uagb-block-da791036\">\n<figure class=\"wp-block-image size-full\"><img loading=\"lazy\" decoding=\"async\" width=\"663\" height=\"644\" src=\"https:\/\/www.xinhaowelding.com\/wp-content\/uploads\/2024\/11\/2\u5428\u5c3a\u5bf8.png\" alt=\"\" class=\"wp-image-4080\" srcset=\"https:\/\/www.xinhaowelding.com\/wp-content\/uploads\/2024\/11\/2\u5428\u5c3a\u5bf8.png 663w, https:\/\/www.xinhaowelding.com\/wp-content\/uploads\/2024\/11\/2\u5428\u5c3a\u5bf8-300x291.png 300w, https:\/\/www.xinhaowelding.com\/wp-content\/uploads\/2024\/11\/2\u5428\u5c3a\u5bf8-12x12.png 12w, https:\/\/www.xinhaowelding.com\/wp-content\/uploads\/2024\/11\/2\u5428\u5c3a\u5bf8-600x583.png 600w\" sizes=\"(max-width: 663px) 100vw, 663px\" \/><\/figure>\n<\/div>\n<\/div><\/div>\n\n\n\n<h2 class=\"wp-block-heading has-large-font-size\">\u73b0\u573a\u5b9e\u62cd<\/h2>\n\n\n\n<h2 class=\"wp-block-heading has-large-font-size\">Tomas en directo<\/h2>\n\n\n\n<div class=\"wp-block-uagb-container uagb-block-27bffc2e alignfull uagb-is-root-container\"><div class=\"uagb-container-inner-blocks-wrap\">\n<div class=\"wp-block-uagb-container uagb-block-fd80306b\">\n<figure class=\"wp-block-image size-full\"><img loading=\"lazy\" decoding=\"async\" width=\"750\" height=\"1000\" src=\"https:\/\/www.xinhaowelding.com\/wp-content\/uploads\/2024\/11\/\u5b9e\u62cd1-5.jpg\" alt=\"\" class=\"wp-image-4084\" srcset=\"https:\/\/www.xinhaowelding.com\/wp-content\/uploads\/2024\/11\/\u5b9e\u62cd1-5.jpg 750w, https:\/\/www.xinhaowelding.com\/wp-content\/uploads\/2024\/11\/\u5b9e\u62cd1-5-225x300.jpg 225w, https:\/\/www.xinhaowelding.com\/wp-content\/uploads\/2024\/11\/\u5b9e\u62cd1-5-9x12.jpg 9w, https:\/\/www.xinhaowelding.com\/wp-content\/uploads\/2024\/11\/\u5b9e\u62cd1-5-600x800.jpg 600w\" sizes=\"(max-width: 750px) 100vw, 750px\" \/><\/figure>\n<\/div>\n\n\n\n<div class=\"wp-block-uagb-container uagb-block-aae99db5\">\n<figure class=\"wp-block-image size-full\"><img loading=\"lazy\" decoding=\"async\" width=\"750\" height=\"1000\" src=\"https:\/\/www.xinhaowelding.com\/wp-content\/uploads\/2024\/11\/\u5b9e\u62cd3-4.jpg\" alt=\"\" class=\"wp-image-4086\" srcset=\"https:\/\/www.xinhaowelding.com\/wp-content\/uploads\/2024\/11\/\u5b9e\u62cd3-4.jpg 750w, https:\/\/www.xinhaowelding.com\/wp-content\/uploads\/2024\/11\/\u5b9e\u62cd3-4-225x300.jpg 225w, https:\/\/www.xinhaowelding.com\/wp-content\/uploads\/2024\/11\/\u5b9e\u62cd3-4-9x12.jpg 9w, https:\/\/www.xinhaowelding.com\/wp-content\/uploads\/2024\/11\/\u5b9e\u62cd3-4-600x800.jpg 600w\" sizes=\"(max-width: 750px) 100vw, 750px\" \/><\/figure>\n<\/div>\n\n\n\n<div class=\"wp-block-uagb-container uagb-block-e89ac721\">\n<figure class=\"wp-block-image size-full\"><img loading=\"lazy\" decoding=\"async\" width=\"750\" height=\"1000\" src=\"https:\/\/www.xinhaowelding.com\/wp-content\/uploads\/2024\/11\/\u5b9e\u62cd2-5.jpg\" alt=\"\" class=\"wp-image-4085\" srcset=\"https:\/\/www.xinhaowelding.com\/wp-content\/uploads\/2024\/11\/\u5b9e\u62cd2-5.jpg 750w, https:\/\/www.xinhaowelding.com\/wp-content\/uploads\/2024\/11\/\u5b9e\u62cd2-5-225x300.jpg 225w, https:\/\/www.xinhaowelding.com\/wp-content\/uploads\/2024\/11\/\u5b9e\u62cd2-5-9x12.jpg 9w, https:\/\/www.xinhaowelding.com\/wp-content\/uploads\/2024\/11\/\u5b9e\u62cd2-5-600x800.jpg 600w\" sizes=\"(max-width: 750px) 100vw, 750px\" \/><\/figure>\n<\/div>\n\n\n\n<div class=\"wp-block-uagb-container uagb-block-45efd309\">\n<figure class=\"wp-block-image size-full\"><img loading=\"lazy\" decoding=\"async\" width=\"750\" height=\"1000\" src=\"https:\/\/www.xinhaowelding.com\/wp-content\/uploads\/2024\/11\/\u5b9e\u62cd0.jpg\" alt=\"\" class=\"wp-image-4083\" srcset=\"https:\/\/www.xinhaowelding.com\/wp-content\/uploads\/2024\/11\/\u5b9e\u62cd0.jpg 750w, https:\/\/www.xinhaowelding.com\/wp-content\/uploads\/2024\/11\/\u5b9e\u62cd0-225x300.jpg 225w, https:\/\/www.xinhaowelding.com\/wp-content\/uploads\/2024\/11\/\u5b9e\u62cd0-9x12.jpg 9w, https:\/\/www.xinhaowelding.com\/wp-content\/uploads\/2024\/11\/\u5b9e\u62cd0-600x800.jpg 600w\" sizes=\"(max-width: 750px) 100vw, 750px\" \/><\/figure>\n<\/div>\n<\/div><\/div>\n\n\n\n<p><a href=\"http:\/\/www.google.com\" title=\"www.google.com\">www.google.com<\/a><font _mstmutation=\"1\"><\/font><\/p>\n\n\n\n<p><\/p>","protected":false},"excerpt":{"rendered":"<p>Posicionador de soldadura de 2 toneladas para una soldadura precisa y eficaz. Resistente, ideal para piezas grandes. Aumente la productividad con un rendimiento estable y de gran capacidad.<\/p>","protected":false},"featured_media":3037,"comment_status":"open","ping_status":"closed","template":"","meta":{"om_disable_all_campaigns":false,"_uag_custom_page_level_css":"","_monsterinsights_skip_tracking":false,"_monsterinsights_sitenote_active":false,"_monsterinsights_sitenote_note":"","_monsterinsights_sitenote_category":0,"site-sidebar-layout":"default","site-content-layout":"","ast-site-content-layout":"default","site-content-style":"default","site-sidebar-style":"default","ast-global-header-display":"","ast-banner-title-visibility":"","ast-main-header-display":"","ast-hfb-above-header-display":"","ast-hfb-below-header-display":"","ast-hfb-mobile-header-display":"","site-post-title":"","ast-breadcrumbs-content":"","ast-featured-img":"","footer-sml-layout":"","theme-transparent-header-meta":"default","adv-header-id-meta":"","stick-header-meta":"","header-above-stick-meta":"","header-main-stick-meta":"","header-below-stick-meta":"","astra-migrate-meta-layouts":"set","ast-page-background-enabled":"default","ast-page-background-meta":{"desktop":{"background-color":"","background-image":"","background-repeat":"repeat","background-position":"center center","background-size":"auto","background-attachment":"scroll","background-type":"","background-media":"","overlay-type":"","overlay-color":"","overlay-opacity":"","overlay-gradient":""},"tablet":{"background-color":"","background-image":"","background-repeat":"repeat","background-position":"center center","background-size":"auto","background-attachment":"scroll","background-type":"","background-media":"","overlay-type":"","overlay-color":"","overlay-opacity":"","overlay-gradient":""},"mobile":{"background-color":"","background-image":"","background-repeat":"repeat","background-position":"center center","background-size":"auto","background-attachment":"scroll","background-type":"","background-media":"","overlay-type":"","overlay-color":"","overlay-opacity":"","overlay-gradient":""}},"ast-content-background-meta":{"desktop":{"background-color":"var(--ast-global-color-5)","background-image":"","background-repeat":"repeat","background-position":"center center","background-size":"auto","background-attachment":"scroll","background-type":"","background-media":"","overlay-type":"","overlay-color":"","overlay-opacity":"","overlay-gradient":""},"tablet":{"background-color":"var(--ast-global-color-5)","background-image":"","background-repeat":"repeat","background-position":"center center","background-size":"auto","background-attachment":"scroll","background-type":"","background-media":"","overlay-type":"","overlay-color":"","overlay-opacity":"","overlay-gradient":""},"mobile":{"background-color":"var(--ast-global-color-5)","background-image":"","background-repeat":"repeat","background-position":"center center","background-size":"auto","background-attachment":"scroll","background-type":"","background-media":"","overlay-type":"","overlay-color":"","overlay-opacity":"","overlay-gradient":""}}},"product_brand":[],"product_cat":[58],"product_tag":[],"class_list":{"0":"post-3036","1":"product","2":"type-product","3":"status-publish","4":"has-post-thumbnail","6":"product_cat-welding-positioner","7":"desktop-align-left","8":"tablet-align-left","9":"mobile-align-left","11":"first","12":"instock","13":"shipping-taxable","14":"product-type-simple"},"aioseo_notices":[],"uagb_featured_image_src":{"full":["https:\/\/www.xinhaowelding.com\/wp-content\/uploads\/2024\/11\/3-1.png",800,800,false],"thumbnail":["https:\/\/www.xinhaowelding.com\/wp-content\/uploads\/2024\/11\/3-1-150x150.png",150,150,true],"medium":["https:\/\/www.xinhaowelding.com\/wp-content\/uploads\/2024\/11\/3-1-300x300.png",300,300,true],"medium_large":["https:\/\/www.xinhaowelding.com\/wp-content\/uploads\/2024\/11\/3-1-768x768.png",768,768,true],"large":["https:\/\/www.xinhaowelding.com\/wp-content\/uploads\/2024\/11\/3-1.png",800,800,false],"1536x1536":["https:\/\/www.xinhaowelding.com\/wp-content\/uploads\/2024\/11\/3-1.png",800,800,false],"2048x2048":["https:\/\/www.xinhaowelding.com\/wp-content\/uploads\/2024\/11\/3-1.png",800,800,false],"trp-custom-language-flag":["https:\/\/www.xinhaowelding.com\/wp-content\/uploads\/2024\/11\/3-1-12x12.png",12,12,true],"woocommerce_thumbnail":["https:\/\/www.xinhaowelding.com\/wp-content\/uploads\/2024\/11\/3-1-600x600.png",600,600,true],"woocommerce_single":["https:\/\/www.xinhaowelding.com\/wp-content\/uploads\/2024\/11\/3-1-600x600.png",600,600,true],"woocommerce_gallery_thumbnail":["https:\/\/www.xinhaowelding.com\/wp-content\/uploads\/2024\/11\/3-1-100x100.png",100,100,true]},"uagb_author_info":{"display_name":"jinxing6611@gmail.com","author_link":"https:\/\/www.xinhaowelding.com\/es\/author\/"},"uagb_comment_info":0,"uagb_excerpt":"2-ton welding positioner for precise, efficient welding. Heavy-duty, ideal for large workpieces. Boost productivity with stable, high-capacity performance.","_links":{"self":[{"href":"https:\/\/www.xinhaowelding.com\/es\/wp-json\/wp\/v2\/product\/3036","targetHints":{"allow":["GET"]}}],"collection":[{"href":"https:\/\/www.xinhaowelding.com\/es\/wp-json\/wp\/v2\/product"}],"about":[{"href":"https:\/\/www.xinhaowelding.com\/es\/wp-json\/wp\/v2\/types\/product"}],"replies":[{"embeddable":true,"href":"https:\/\/www.xinhaowelding.com\/es\/wp-json\/wp\/v2\/comments?post=3036"}],"wp:featuredmedia":[{"embeddable":true,"href":"https:\/\/www.xinhaowelding.com\/es\/wp-json\/wp\/v2\/media\/3037"}],"wp:attachment":[{"href":"https:\/\/www.xinhaowelding.com\/es\/wp-json\/wp\/v2\/media?parent=3036"}],"wp:term":[{"taxonomy":"product_brand","embeddable":true,"href":"https:\/\/www.xinhaowelding.com\/es\/wp-json\/wp\/v2\/product_brand?post=3036"},{"taxonomy":"product_cat","embeddable":true,"href":"https:\/\/www.xinhaowelding.com\/es\/wp-json\/wp\/v2\/product_cat?post=3036"},{"taxonomy":"product_tag","embeddable":true,"href":"https:\/\/www.xinhaowelding.com\/es\/wp-json\/wp\/v2\/product_tag?post=3036"}],"curies":[{"name":"wp","href":"https:\/\/api.w.org\/{rel}","templated":true}]}}