{"id":3262,"date":"2024-11-22T08:21:26","date_gmt":"2024-11-22T08:21:26","guid":{"rendered":"https:\/\/xinhaowelding.com\/?post_type=product&#038;p=3262"},"modified":"2025-04-09T01:57:29","modified_gmt":"2025-04-09T01:57:29","slug":"turning-rolls","status":"publish","type":"product","link":"https:\/\/www.xinhaowelding.com\/es\/producto\/turning-rolls\/","title":{"rendered":"rollos de torneado"},"content":{"rendered":"<h2 class=\"wp-block-heading\"><strong><a href=\"https:\/\/www.xinhaowelding.com\/es\/producto\/turning-rolls\/\" title=\"\u87ba\u9489\u53ef\u8c03\u6eda\u8f6e\u67b6\">\u87ba\u9489\u53ef\u8c03\u6eda\u8f6e\u67b6<\/a><\/strong><\/h2>\n\n\n\n<h2 class=\"wp-block-heading\">Cremallera ajustable<\/h2>\n\n\n\n<h2 class=\"wp-block-heading\"><strong>Bastidor de rodillos de tornillo ajustable - Equipos auxiliares de soldadura de alta calidad<\/strong><\/h2>\n\n\n\n<p>El bastidor de rodillos de tornillo ajustable es un dispositivo auxiliar de soldadura esencial ampliamente utilizado en diversos campos industriales como la construcci\u00f3n naval, la petroqu\u00edmica y la fabricaci\u00f3n mec\u00e1nica1.<\/p>\n\n\n\n<h2 class=\"wp-block-heading\"><strong>Amplia gama de aplicaciones<\/strong>: <\/h2>\n\n\n\n<p>Este bastidor de rodillos se utiliza principalmente para la soldadura, el pulido, el revestimiento de goma y el montaje de piezas cil\u00edndricas. Tambi\u00e9n puede utilizarse junto con otros dispositivos para el ensamblaje y la soldadura de conos y cuerpos giratorios segmentados de di\u00e1metro desigual. Es ampliamente aplicable en industrias como la energ\u00eda e\u00f3lica, recipientes a presi\u00f3n, petroqu\u00edmica, tuber\u00edas, estructuras de acero, calderas y construcci\u00f3n naval. <\/p>\n\n\n\n<h2 class=\"wp-block-heading\"><strong>Ajuste superior<\/strong>:<\/h2>\n\n\n\n<p>Este bastidor de rodillos cuenta con un mecanismo ajustable mediante tornillos, que permite ajustar con precisi\u00f3n y comodidad la distancia central entre los rodillos7. Simplemente girando los tornillos, los usuarios pueden adaptar f\u00e1cilmente el bastidor de rodillos a piezas de trabajo de diferentes di\u00e1metros, garantizando un ajuste perfecto y una rotaci\u00f3n estable de la pieza de trabajo.<\/p>\n\n\n\n<h2 class=\"wp-block-heading\"><strong>Sistema de accionamiento fiable<\/strong>: <\/h2>\n\n\n\n<p>Est\u00e1 equipado con un sistema de accionamiento de alto rendimiento. Normalmente, se utiliza un motor regulador de velocidad de frecuencia variable que acciona los rodillos a trav\u00e9s de un reductor6. Este modo de accionamiento proporciona un control de velocidad estable y permite la regulaci\u00f3n continua de la velocidad dentro de un cierto rango, cumpliendo los requisitos de velocidad de los diferentes procesos de soldadura6. El motor tiene un fuerte par, lo que garantiza que la pieza de trabajo pueda girar suavemente incluso a bajas velocidades6.<\/p>\n\n\n\n<h2 class=\"wp-block-heading\"><strong>Rodillos duraderos y resistentes al desgaste<\/strong>: <\/h2>\n\n\n\n<p>Los rodillos del bastidor de rodillos de tornillo ajustable est\u00e1n fabricados con materiales de alta calidad. Por lo general, se utilizan ruedas combinadas de acero y caucho, en las que el n\u00facleo de acero proporciona una excelente resistencia y capacidad de carga, y la capa exterior de caucho ofrece un buen rendimiento de fricci\u00f3n y absorci\u00f3n de impactos6. Este dise\u00f1o no s\u00f3lo aumenta la vida \u00fatil de los rodillos, sino que tambi\u00e9n protege eficazmente la superficie de la pieza de trabajo de ara\u00f1azos y da\u00f1os.<\/p>\n\n\n\n<p>El bastidor de rodillos producido por nuestra empresa puede dividirse en tres formas de autoajuste, ajuste por tornillo y ajuste por tornillo seg\u00fan el m\u00e9todo de ajuste.<\/p>\n\n\n\n<p> Elija famoso inversor, con cable o inal\u00e1mbrica caja de control de velocidad, la velocidad de visualizaci\u00f3n digital.<\/p>\n\n\n\n<p> Motor, inversor garant\u00eda gratuita por un a\u00f1o, flete nacional.<\/p>\n\n\n\n<figure class=\"wp-block-table\"><table class=\"has-fixed-layout\"><tbody><tr><td><strong>N\u00famero de modelo<\/strong><strong><\/strong><\/td><td><strong>carga<\/strong><strong><\/strong><\/td><td><strong>\u00c1mbito de aplicaci\u00f3n<\/strong><strong><\/strong><\/td><td><strong>Velocidad del rodillo<\/strong><strong><\/strong><\/td><td><strong>Tama\u00f1o del rodillo<\/strong><strong><\/strong><\/td><td><strong>Potencia del motor<\/strong><strong><\/strong><\/td><td><strong>Ser due\u00f1o de s\u00ed mismo<\/strong><strong><\/strong><\/td><\/tr><tr><td>KT-5<\/td><td>5T<\/td><td>350-2500 mm<\/td><td>100-1000 m\/min<\/td><td>\u03a6220*120<\/td><td>2*0,37KW<\/td><td>450KG<\/td><\/tr><tr><td>KT-10<\/td><td>10T<\/td><td>300-3000 mm<\/td><td>100-1000 m\/min<\/td><td>\u03a6250*120<\/td><td>2*0,75KW<\/td><td>400KG<\/td><\/tr><tr><td>KT-20<\/td><td>20T<\/td><td>550-4000 mm<\/td><td>100-1000 m\/min<\/td><td>\u03a6300*140<\/td><td>2*0,75KW<\/td><td>500KG<\/td><\/tr><tr><td>KT-30<\/td><td>30T<\/td><td>600-4500 mm<\/td><td>100-1000 m\/min<\/td><td>\u03a6350*180<\/td><td>2*1,1KW<\/td><td>700KG<\/td><\/tr><tr><td>KT-50<\/td><td>50T<\/td><td>800-5000 mm<\/td><td>100-1000 m\/min<\/td><td>\u03a6400*200<\/td><td>2*1,5KW<\/td><td>2100KG<\/td><\/tr><\/tbody><\/table><\/figure>\n\n\n\n<div class=\"wp-block-uagb-container uagb-block-6e1d8b45 alignfull uagb-is-root-container\"><div class=\"uagb-container-inner-blocks-wrap\">\n<div class=\"wp-block-uagb-container uagb-block-5cbf60e0\">\n<figure class=\"wp-block-image size-full\"><img fetchpriority=\"high\" decoding=\"async\" width=\"800\" height=\"800\" src=\"https:\/\/www.xinhaowelding.com\/wp-content\/uploads\/2024\/11\/2.png\" alt=\"\" class=\"wp-image-3962\" srcset=\"https:\/\/www.xinhaowelding.com\/wp-content\/uploads\/2024\/11\/2.png 800w, https:\/\/www.xinhaowelding.com\/wp-content\/uploads\/2024\/11\/2-300x300.png 300w, https:\/\/www.xinhaowelding.com\/wp-content\/uploads\/2024\/11\/2-150x150.png 150w, https:\/\/www.xinhaowelding.com\/wp-content\/uploads\/2024\/11\/2-768x768.png 768w, https:\/\/www.xinhaowelding.com\/wp-content\/uploads\/2024\/11\/2-12x12.png 12w, https:\/\/www.xinhaowelding.com\/wp-content\/uploads\/2024\/11\/2-600x600.png 600w, https:\/\/www.xinhaowelding.com\/wp-content\/uploads\/2024\/11\/2-100x100.png 100w\" sizes=\"(max-width: 800px) 100vw, 800px\" \/><\/figure>\n<\/div>\n\n\n\n<div class=\"wp-block-uagb-container uagb-block-4a9b13c5\">\n<figure class=\"wp-block-image size-full\"><img decoding=\"async\" width=\"800\" height=\"800\" src=\"https:\/\/www.xinhaowelding.com\/wp-content\/uploads\/2024\/11\/1-2.png\" alt=\"\" class=\"wp-image-3961\" srcset=\"https:\/\/www.xinhaowelding.com\/wp-content\/uploads\/2024\/11\/1-2.png 800w, https:\/\/www.xinhaowelding.com\/wp-content\/uploads\/2024\/11\/1-2-300x300.png 300w, https:\/\/www.xinhaowelding.com\/wp-content\/uploads\/2024\/11\/1-2-150x150.png 150w, https:\/\/www.xinhaowelding.com\/wp-content\/uploads\/2024\/11\/1-2-768x768.png 768w, https:\/\/www.xinhaowelding.com\/wp-content\/uploads\/2024\/11\/1-2-12x12.png 12w, https:\/\/www.xinhaowelding.com\/wp-content\/uploads\/2024\/11\/1-2-600x600.png 600w, https:\/\/www.xinhaowelding.com\/wp-content\/uploads\/2024\/11\/1-2-100x100.png 100w\" sizes=\"(max-width: 800px) 100vw, 800px\" \/><\/figure>\n<\/div>\n\n\n\n<div class=\"wp-block-uagb-container uagb-block-3048da7c\">\n<figure class=\"wp-block-image size-full\"><img decoding=\"async\" width=\"800\" height=\"800\" src=\"https:\/\/www.xinhaowelding.com\/wp-content\/uploads\/2024\/11\/4-10.jpg\" alt=\"\" class=\"wp-image-3958\" srcset=\"https:\/\/www.xinhaowelding.com\/wp-content\/uploads\/2024\/11\/4-10.jpg 800w, https:\/\/www.xinhaowelding.com\/wp-content\/uploads\/2024\/11\/4-10-300x300.jpg 300w, https:\/\/www.xinhaowelding.com\/wp-content\/uploads\/2024\/11\/4-10-150x150.jpg 150w, https:\/\/www.xinhaowelding.com\/wp-content\/uploads\/2024\/11\/4-10-768x768.jpg 768w, https:\/\/www.xinhaowelding.com\/wp-content\/uploads\/2024\/11\/4-10-12x12.jpg 12w, https:\/\/www.xinhaowelding.com\/wp-content\/uploads\/2024\/11\/4-10-600x600.jpg 600w, https:\/\/www.xinhaowelding.com\/wp-content\/uploads\/2024\/11\/4-10-100x100.jpg 100w\" sizes=\"(max-width: 800px) 100vw, 800px\" \/><\/figure>\n<\/div>\n<\/div><\/div>\n\n\n\n<h2 class=\"wp-block-heading has-large-font-size\">\u4ea7\u54c1\u7ec6\u8282<\/h2>\n\n\n\n<h2 class=\"wp-block-heading has-large-font-size\"><strong>Detalles del producto<\/strong><strong><\/strong><\/h2>\n\n\n\n<div class=\"wp-block-uagb-container uagb-block-1fc25532 alignfull uagb-is-root-container\"><div class=\"uagb-container-inner-blocks-wrap\">\n<div class=\"wp-block-uagb-container uagb-block-43989657\">\n<figure class=\"wp-block-image size-large\"><img loading=\"lazy\" decoding=\"async\" width=\"1024\" height=\"819\" src=\"https:\/\/www.xinhaowelding.com\/wp-content\/uploads\/2024\/11\/\u7ec6\u82821-7-1024x819.jpg\" alt=\"\" class=\"wp-image-3970\" srcset=\"https:\/\/www.xinhaowelding.com\/wp-content\/uploads\/2024\/11\/\u7ec6\u82821-7-1024x819.jpg 1024w, https:\/\/www.xinhaowelding.com\/wp-content\/uploads\/2024\/11\/\u7ec6\u82821-7-300x240.jpg 300w, https:\/\/www.xinhaowelding.com\/wp-content\/uploads\/2024\/11\/\u7ec6\u82821-7-768x615.jpg 768w, https:\/\/www.xinhaowelding.com\/wp-content\/uploads\/2024\/11\/\u7ec6\u82821-7-1536x1229.jpg 1536w, https:\/\/www.xinhaowelding.com\/wp-content\/uploads\/2024\/11\/\u7ec6\u82821-7-2048x1639.jpg 2048w, https:\/\/www.xinhaowelding.com\/wp-content\/uploads\/2024\/11\/\u7ec6\u82821-7-15x12.jpg 15w, https:\/\/www.xinhaowelding.com\/wp-content\/uploads\/2024\/11\/\u7ec6\u82821-7-600x480.jpg 600w\" sizes=\"(max-width: 1024px) 100vw, 1024px\" \/><\/figure>\n<\/div>\n\n\n\n<div class=\"wp-block-uagb-container uagb-block-879db55f\">\n<p class=\"has-large-font-size\"><strong>Estructura ajustada<\/strong><\/p>\n\n\n\n<div class=\"wp-block-group is-layout-constrained wp-block-group-is-layout-constrained\">\n<p>El dise\u00f1o de la estructura es sencillo y compacto<\/p>\n\n\n\n<p>Tama\u00f1o peque\u00f1o, peso ligero<\/p>\n<\/div>\n<\/div>\n<\/div><\/div>\n\n\n\n<div class=\"wp-block-uagb-container uagb-block-aad389ad alignfull uagb-is-root-container\"><div class=\"uagb-container-inner-blocks-wrap\">\n<div class=\"wp-block-uagb-container uagb-block-50017286\">\n<figure class=\"wp-block-image size-large\"><img loading=\"lazy\" decoding=\"async\" width=\"1024\" height=\"819\" src=\"https:\/\/www.xinhaowelding.com\/wp-content\/uploads\/2024\/11\/\u7ec6\u82822-8-1024x819.jpg\" alt=\"\" class=\"wp-image-3971\" srcset=\"https:\/\/www.xinhaowelding.com\/wp-content\/uploads\/2024\/11\/\u7ec6\u82822-8-1024x819.jpg 1024w, https:\/\/www.xinhaowelding.com\/wp-content\/uploads\/2024\/11\/\u7ec6\u82822-8-300x240.jpg 300w, https:\/\/www.xinhaowelding.com\/wp-content\/uploads\/2024\/11\/\u7ec6\u82822-8-768x615.jpg 768w, https:\/\/www.xinhaowelding.com\/wp-content\/uploads\/2024\/11\/\u7ec6\u82822-8-1536x1229.jpg 1536w, https:\/\/www.xinhaowelding.com\/wp-content\/uploads\/2024\/11\/\u7ec6\u82822-8-2048x1639.jpg 2048w, https:\/\/www.xinhaowelding.com\/wp-content\/uploads\/2024\/11\/\u7ec6\u82822-8-15x12.jpg 15w, https:\/\/www.xinhaowelding.com\/wp-content\/uploads\/2024\/11\/\u7ec6\u82822-8-600x480.jpg 600w\" sizes=\"(max-width: 1024px) 100vw, 1024px\" \/><\/figure>\n<\/div>\n\n\n\n<div class=\"wp-block-uagb-container uagb-block-78d72019\">\n<p class=\"has-large-font-size\"><strong><strong>Gran capacidad de carga<\/strong><\/strong><\/p>\n\n\n\n<div class=\"wp-block-group is-layout-constrained wp-block-group-is-layout-constrained\">\n<p>Accionamiento de motor con control de frecuencia variable y par constante<\/p>\n\n\n\n<p>Gran capacidad de carga, estabilidad a baja velocidad<\/p>\n<\/div>\n<\/div>\n<\/div><\/div>\n\n\n\n<div class=\"wp-block-uagb-container uagb-block-dd7f853c alignfull uagb-is-root-container\"><div class=\"uagb-container-inner-blocks-wrap\">\n<div class=\"wp-block-uagb-container uagb-block-ec60de54\">\n<figure class=\"wp-block-image size-large\"><img loading=\"lazy\" decoding=\"async\" width=\"1024\" height=\"819\" src=\"https:\/\/www.xinhaowelding.com\/wp-content\/uploads\/2024\/11\/\u7ec6\u82823-7-1024x819.jpg\" alt=\"\" class=\"wp-image-3972\" srcset=\"https:\/\/www.xinhaowelding.com\/wp-content\/uploads\/2024\/11\/\u7ec6\u82823-7-1024x819.jpg 1024w, https:\/\/www.xinhaowelding.com\/wp-content\/uploads\/2024\/11\/\u7ec6\u82823-7-300x240.jpg 300w, https:\/\/www.xinhaowelding.com\/wp-content\/uploads\/2024\/11\/\u7ec6\u82823-7-768x615.jpg 768w, https:\/\/www.xinhaowelding.com\/wp-content\/uploads\/2024\/11\/\u7ec6\u82823-7-1536x1229.jpg 1536w, https:\/\/www.xinhaowelding.com\/wp-content\/uploads\/2024\/11\/\u7ec6\u82823-7-2048x1639.jpg 2048w, https:\/\/www.xinhaowelding.com\/wp-content\/uploads\/2024\/11\/\u7ec6\u82823-7-15x12.jpg 15w, https:\/\/www.xinhaowelding.com\/wp-content\/uploads\/2024\/11\/\u7ec6\u82823-7-600x480.jpg 600w\" sizes=\"(max-width: 1024px) 100vw, 1024px\" \/><\/figure>\n<\/div>\n\n\n\n<div class=\"wp-block-uagb-container uagb-block-0c7de1f4\">\n<p class=\"has-large-font-size\"><strong><strong><strong>Funcionamiento sencillo<\/strong><\/strong><\/strong><\/p>\n\n\n\n<div class=\"wp-block-group is-layout-constrained wp-block-group-is-layout-constrained\">\n<p>F\u00e1cil de manejar<\/p>\n\n\n\n<p>Instalaci\u00f3n y manejo c\u00f3modos, gran viabilidad<\/p>\n<\/div>\n<\/div>\n<\/div><\/div>\n\n\n\n<div class=\"wp-block-uagb-container uagb-block-38d14bcb alignfull uagb-is-root-container\"><div class=\"uagb-container-inner-blocks-wrap\">\n<div class=\"wp-block-uagb-container uagb-block-7e6fc4a7\">\n<figure class=\"wp-block-image size-large\"><img loading=\"lazy\" decoding=\"async\" width=\"1024\" height=\"819\" src=\"https:\/\/www.xinhaowelding.com\/wp-content\/uploads\/2024\/11\/xijie-4-1024x819.jpg\" alt=\"\" class=\"wp-image-3964\" srcset=\"https:\/\/www.xinhaowelding.com\/wp-content\/uploads\/2024\/11\/xijie-4-1024x819.jpg 1024w, https:\/\/www.xinhaowelding.com\/wp-content\/uploads\/2024\/11\/xijie-4-300x240.jpg 300w, https:\/\/www.xinhaowelding.com\/wp-content\/uploads\/2024\/11\/xijie-4-768x615.jpg 768w, https:\/\/www.xinhaowelding.com\/wp-content\/uploads\/2024\/11\/xijie-4-1536x1229.jpg 1536w, https:\/\/www.xinhaowelding.com\/wp-content\/uploads\/2024\/11\/xijie-4-2048x1639.jpg 2048w, https:\/\/www.xinhaowelding.com\/wp-content\/uploads\/2024\/11\/xijie-4-15x12.jpg 15w, https:\/\/www.xinhaowelding.com\/wp-content\/uploads\/2024\/11\/xijie-4-600x480.jpg 600w\" sizes=\"(max-width: 1024px) 100vw, 1024px\" \/><\/figure>\n<\/div>\n\n\n\n<div class=\"wp-block-uagb-container uagb-block-0205bd1f\">\n<p class=\"has-large-font-size\"><strong><strong><strong><strong>Rodillo de poliuretano<\/strong><\/strong><\/strong><\/strong><\/p>\n\n\n\n<div class=\"wp-block-group is-layout-constrained wp-block-group-is-layout-constrained\">\n<p>Aumentar la fricci\u00f3n entre el rodillo y la pieza de trabajo<\/p>\n\n\n\n<p>Resistente al desgaste, a la humedad y antideslizante<\/p>\n<\/div>\n<\/div>\n<\/div><\/div>\n\n\n\n<h2 class=\"wp-block-heading has-large-font-size\">\u4ea7\u54c1\u89e3\u6790<\/h2>\n\n\n\n<h2 class=\"wp-block-heading has-large-font-size\">An\u00e1lisis de productos<\/h2>\n\n\n\n<div class=\"wp-block-uagb-container uagb-block-62a84caa alignfull uagb-is-root-container\"><div class=\"uagb-container-inner-blocks-wrap\">\n<figure class=\"wp-block-image alignfull size-full\"><img loading=\"lazy\" decoding=\"async\" width=\"841\" height=\"568\" src=\"https:\/\/www.xinhaowelding.com\/wp-content\/uploads\/2024\/11\/\u87ba\u9489\u53ef\u8c03\u89e3\u6790.png\" alt=\"\" class=\"wp-image-3965\" srcset=\"https:\/\/www.xinhaowelding.com\/wp-content\/uploads\/2024\/11\/\u87ba\u9489\u53ef\u8c03\u89e3\u6790.png 841w, https:\/\/www.xinhaowelding.com\/wp-content\/uploads\/2024\/11\/\u87ba\u9489\u53ef\u8c03\u89e3\u6790-300x203.png 300w, https:\/\/www.xinhaowelding.com\/wp-content\/uploads\/2024\/11\/\u87ba\u9489\u53ef\u8c03\u89e3\u6790-768x519.png 768w, https:\/\/www.xinhaowelding.com\/wp-content\/uploads\/2024\/11\/\u87ba\u9489\u53ef\u8c03\u89e3\u6790-18x12.png 18w, https:\/\/www.xinhaowelding.com\/wp-content\/uploads\/2024\/11\/\u87ba\u9489\u53ef\u8c03\u89e3\u6790-600x405.png 600w\" sizes=\"(max-width: 841px) 100vw, 841px\" \/><\/figure>\n<\/div><\/div>\n\n\n\n<h2 class=\"wp-block-heading has-large-font-size\">\u73b0\u573a\u5b9e\u62cd<\/h2>\n\n\n\n<h2 class=\"wp-block-heading has-large-font-size\">Tomas en directo<\/h2>\n\n\n\n<div class=\"wp-block-uagb-container uagb-block-9d786687 alignfull uagb-is-root-container\"><div class=\"uagb-container-inner-blocks-wrap\">\n<div class=\"wp-block-uagb-container uagb-block-f94e2294\">\n<figure class=\"wp-block-image size-full\"><img loading=\"lazy\" decoding=\"async\" width=\"750\" height=\"1000\" src=\"https:\/\/www.xinhaowelding.com\/wp-content\/uploads\/2024\/11\/\u5b9e\u62cd1-1.jpg\" alt=\"\" class=\"wp-image-3966\" srcset=\"https:\/\/www.xinhaowelding.com\/wp-content\/uploads\/2024\/11\/\u5b9e\u62cd1-1.jpg 750w, https:\/\/www.xinhaowelding.com\/wp-content\/uploads\/2024\/11\/\u5b9e\u62cd1-1-225x300.jpg 225w, https:\/\/www.xinhaowelding.com\/wp-content\/uploads\/2024\/11\/\u5b9e\u62cd1-1-9x12.jpg 9w, https:\/\/www.xinhaowelding.com\/wp-content\/uploads\/2024\/11\/\u5b9e\u62cd1-1-600x800.jpg 600w\" sizes=\"(max-width: 750px) 100vw, 750px\" \/><\/figure>\n<\/div>\n\n\n\n<div class=\"wp-block-uagb-container uagb-block-e068a65c\">\n<figure class=\"wp-block-image size-full\"><img loading=\"lazy\" decoding=\"async\" width=\"750\" height=\"1000\" src=\"https:\/\/www.xinhaowelding.com\/wp-content\/uploads\/2024\/11\/\u5b9e\u62cd2-1.jpg\" alt=\"\" class=\"wp-image-3967\" srcset=\"https:\/\/www.xinhaowelding.com\/wp-content\/uploads\/2024\/11\/\u5b9e\u62cd2-1.jpg 750w, https:\/\/www.xinhaowelding.com\/wp-content\/uploads\/2024\/11\/\u5b9e\u62cd2-1-225x300.jpg 225w, https:\/\/www.xinhaowelding.com\/wp-content\/uploads\/2024\/11\/\u5b9e\u62cd2-1-9x12.jpg 9w, https:\/\/www.xinhaowelding.com\/wp-content\/uploads\/2024\/11\/\u5b9e\u62cd2-1-600x800.jpg 600w\" sizes=\"(max-width: 750px) 100vw, 750px\" \/><\/figure>\n<\/div>\n\n\n\n<div class=\"wp-block-uagb-container uagb-block-3b1b07e6\">\n<figure class=\"wp-block-image size-full\"><img loading=\"lazy\" decoding=\"async\" width=\"750\" height=\"1000\" src=\"https:\/\/www.xinhaowelding.com\/wp-content\/uploads\/2024\/11\/\u5b9e\u62cd3.jpg\" alt=\"\" class=\"wp-image-3968\" srcset=\"https:\/\/www.xinhaowelding.com\/wp-content\/uploads\/2024\/11\/\u5b9e\u62cd3.jpg 750w, https:\/\/www.xinhaowelding.com\/wp-content\/uploads\/2024\/11\/\u5b9e\u62cd3-225x300.jpg 225w, https:\/\/www.xinhaowelding.com\/wp-content\/uploads\/2024\/11\/\u5b9e\u62cd3-9x12.jpg 9w, https:\/\/www.xinhaowelding.com\/wp-content\/uploads\/2024\/11\/\u5b9e\u62cd3-600x800.jpg 600w\" sizes=\"(max-width: 750px) 100vw, 750px\" \/><\/figure>\n<\/div>\n\n\n\n<div class=\"wp-block-uagb-container uagb-block-4adb0424\">\n<figure class=\"wp-block-image size-full\"><img loading=\"lazy\" decoding=\"async\" width=\"750\" height=\"1000\" src=\"https:\/\/www.xinhaowelding.com\/wp-content\/uploads\/2024\/11\/\u5b9e\u62cd4-1.jpg\" alt=\"\" class=\"wp-image-3969\" srcset=\"https:\/\/www.xinhaowelding.com\/wp-content\/uploads\/2024\/11\/\u5b9e\u62cd4-1.jpg 750w, https:\/\/www.xinhaowelding.com\/wp-content\/uploads\/2024\/11\/\u5b9e\u62cd4-1-225x300.jpg 225w, https:\/\/www.xinhaowelding.com\/wp-content\/uploads\/2024\/11\/\u5b9e\u62cd4-1-9x12.jpg 9w, https:\/\/www.xinhaowelding.com\/wp-content\/uploads\/2024\/11\/\u5b9e\u62cd4-1-600x800.jpg 600w\" sizes=\"(max-width: 750px) 100vw, 750px\" \/><\/figure>\n<\/div>\n<\/div><\/div>\n\n\n\n<p class=\"has-text-align-center\"><a href=\"http:\/\/www.google.com\" title=\"www.google.com\">www.google.com<\/a><\/p>","protected":false},"excerpt":{"rendered":"<p><strong>Soporte de rodillo de soldadura ajustable tipo tornillo - Control de altura manual para soldadura de tuber\u00edas\/tanques | Construcci\u00f3n de acero resistente.<\/strong><\/p>","protected":false},"featured_media":3273,"comment_status":"open","ping_status":"closed","template":"","meta":{"om_disable_all_campaigns":false,"_uag_custom_page_level_css":"","_monsterinsights_skip_tracking":false,"_monsterinsights_sitenote_active":false,"_monsterinsights_sitenote_note":"","_monsterinsights_sitenote_category":0,"site-sidebar-layout":"default","site-content-layout":"","ast-site-content-layout":"default","site-content-style":"default","site-sidebar-style":"default","ast-global-header-display":"","ast-banner-title-visibility":"","ast-main-header-display":"","ast-hfb-above-header-display":"","ast-hfb-below-header-display":"","ast-hfb-mobile-header-display":"","site-post-title":"","ast-breadcrumbs-content":"","ast-featured-img":"","footer-sml-layout":"","theme-transparent-header-meta":"default","adv-header-id-meta":"","stick-header-meta":"","header-above-stick-meta":"","header-main-stick-meta":"","header-below-stick-meta":"","astra-migrate-meta-layouts":"set","ast-page-background-enabled":"default","ast-page-background-meta":{"desktop":{"background-color":"","background-image":"","background-repeat":"repeat","background-position":"center center","background-size":"auto","background-attachment":"scroll","background-type":"","background-media":"","overlay-type":"","overlay-color":"","overlay-opacity":"","overlay-gradient":""},"tablet":{"background-color":"","background-image":"","background-repeat":"repeat","background-position":"center center","background-size":"auto","background-attachment":"scroll","background-type":"","background-media":"","overlay-type":"","overlay-color":"","overlay-opacity":"","overlay-gradient":""},"mobile":{"background-color":"","background-image":"","background-repeat":"repeat","background-position":"center center","background-size":"auto","background-attachment":"scroll","background-type":"","background-media":"","overlay-type":"","overlay-color":"","overlay-opacity":"","overlay-gradient":""}},"ast-content-background-meta":{"desktop":{"background-color":"var(--ast-global-color-5)","background-image":"","background-repeat":"repeat","background-position":"center center","background-size":"auto","background-attachment":"scroll","background-type":"","background-media":"","overlay-type":"","overlay-color":"","overlay-opacity":"","overlay-gradient":""},"tablet":{"background-color":"var(--ast-global-color-5)","background-image":"","background-repeat":"repeat","background-position":"center center","background-size":"auto","background-attachment":"scroll","background-type":"","background-media":"","overlay-type":"","overlay-color":"","overlay-opacity":"","overlay-gradient":""},"mobile":{"background-color":"var(--ast-global-color-5)","background-image":"","background-repeat":"repeat","background-position":"center center","background-size":"auto","background-attachment":"scroll","background-type":"","background-media":"","overlay-type":"","overlay-color":"","overlay-opacity":"","overlay-gradient":""}}},"product_brand":[],"product_cat":[71],"product_tag":[],"class_list":{"0":"post-3262","1":"product","2":"type-product","3":"status-publish","4":"has-post-thumbnail","6":"product_cat-big-welding-positioner","7":"desktop-align-left","8":"tablet-align-left","9":"mobile-align-left","11":"first","12":"instock","13":"shipping-taxable","14":"product-type-simple"},"aioseo_notices":[],"uagb_featured_image_src":{"full":["https:\/\/www.xinhaowelding.com\/wp-content\/uploads\/2024\/11\/\u672a\u6807\u9898-1.jpg",800,800,false],"thumbnail":["https:\/\/www.xinhaowelding.com\/wp-content\/uploads\/2024\/11\/\u672a\u6807\u9898-1-150x150.jpg",150,150,true],"medium":["https:\/\/www.xinhaowelding.com\/wp-content\/uploads\/2024\/11\/\u672a\u6807\u9898-1-300x300.jpg",300,300,true],"medium_large":["https:\/\/www.xinhaowelding.com\/wp-content\/uploads\/2024\/11\/\u672a\u6807\u9898-1-768x768.jpg",768,768,true],"large":["https:\/\/www.xinhaowelding.com\/wp-content\/uploads\/2024\/11\/\u672a\u6807\u9898-1.jpg",800,800,false],"1536x1536":["https:\/\/www.xinhaowelding.com\/wp-content\/uploads\/2024\/11\/\u672a\u6807\u9898-1.jpg",800,800,false],"2048x2048":["https:\/\/www.xinhaowelding.com\/wp-content\/uploads\/2024\/11\/\u672a\u6807\u9898-1.jpg",800,800,false],"trp-custom-language-flag":["https:\/\/www.xinhaowelding.com\/wp-content\/uploads\/2024\/11\/\u672a\u6807\u9898-1-12x12.jpg",12,12,true],"woocommerce_thumbnail":["https:\/\/www.xinhaowelding.com\/wp-content\/uploads\/2024\/11\/\u672a\u6807\u9898-1-600x600.jpg",600,600,true],"woocommerce_single":["https:\/\/www.xinhaowelding.com\/wp-content\/uploads\/2024\/11\/\u672a\u6807\u9898-1-600x600.jpg",600,600,true],"woocommerce_gallery_thumbnail":["https:\/\/www.xinhaowelding.com\/wp-content\/uploads\/2024\/11\/\u672a\u6807\u9898-1-100x100.jpg",100,100,true]},"uagb_author_info":{"display_name":"jinxing6611@gmail.com","author_link":"https:\/\/www.xinhaowelding.com\/es\/author\/"},"uagb_comment_info":0,"uagb_excerpt":"Adjustable Screw-Type Welding Roller Stand - Manual Height Control for Pipe\/Tank Welding | Heavy-Duty Steel Construction.","_links":{"self":[{"href":"https:\/\/www.xinhaowelding.com\/es\/wp-json\/wp\/v2\/product\/3262","targetHints":{"allow":["GET"]}}],"collection":[{"href":"https:\/\/www.xinhaowelding.com\/es\/wp-json\/wp\/v2\/product"}],"about":[{"href":"https:\/\/www.xinhaowelding.com\/es\/wp-json\/wp\/v2\/types\/product"}],"replies":[{"embeddable":true,"href":"https:\/\/www.xinhaowelding.com\/es\/wp-json\/wp\/v2\/comments?post=3262"}],"wp:featuredmedia":[{"embeddable":true,"href":"https:\/\/www.xinhaowelding.com\/es\/wp-json\/wp\/v2\/media\/3273"}],"wp:attachment":[{"href":"https:\/\/www.xinhaowelding.com\/es\/wp-json\/wp\/v2\/media?parent=3262"}],"wp:term":[{"taxonomy":"product_brand","embeddable":true,"href":"https:\/\/www.xinhaowelding.com\/es\/wp-json\/wp\/v2\/product_brand?post=3262"},{"taxonomy":"product_cat","embeddable":true,"href":"https:\/\/www.xinhaowelding.com\/es\/wp-json\/wp\/v2\/product_cat?post=3262"},{"taxonomy":"product_tag","embeddable":true,"href":"https:\/\/www.xinhaowelding.com\/es\/wp-json\/wp\/v2\/product_tag?post=3262"}],"curies":[{"name":"wp","href":"https:\/\/api.w.org\/{rel}","templated":true}]}}