{"id":3277,"date":"2024-11-22T08:35:38","date_gmt":"2024-11-22T08:35:38","guid":{"rendered":"https:\/\/xinhaowelding.com\/?post_type=product&#038;p=3277"},"modified":"2025-04-01T02:15:47","modified_gmt":"2025-04-01T02:15:47","slug":"automatic-flange-welding","status":"publish","type":"product","link":"https:\/\/www.xinhaowelding.com\/es\/producto\/automatic-flange-welding\/","title":{"rendered":"Equipos de soldadura de bridas de tuber\u00edas - Alta precisi\u00f3n y durabilidad"},"content":{"rendered":"<h2 class=\"wp-block-heading\"><strong><a href=\"https:\/\/www.xinhaowelding.com\/es\/producto\/automatic-flange-welding\/\" title=\"\u7ba1\u6cd5\u5170\u81ea\u52a8\u710a\">\u7ba1\u6cd5\u5170\u81ea\u52a8\u710a<\/a><\/strong><\/h2>\n\n\n\n<p class=\"has-x-large-font-size\"><strong>Soldadura autom\u00e1tica de bridas<\/strong><\/p>\n\n\n\n<p><strong>M\u00e1quina autom\u00e1tica de soldadura de tuber\u00edas tipo voladizo<\/strong><\/p>\n\n\n\n<p>La m\u00e1quina autom\u00e1tica de soldadura de tuber\u00edas tipo voladizo es un equipo avanzado de soldadura para bridas de tuber\u00edas4.<\/p>\n\n\n\n<p><strong>\u00c1mbito de aplicaci\u00f3n<\/strong>4: Es adecuado para la soldadura autom\u00e1tica de tuber\u00edas con m\u00faltiples soldaduras y segmentos largos de tuber\u00edas, y se puede utilizar para la soldadura continua de m\u00faltiples soldaduras. No s\u00f3lo puede realizar soldadura tubo - tubo y soldadura tubo - brida, sino tambi\u00e9n soldadura tubo - codo. Admite varios m\u00e9todos de soldadura, como la soldadura por arco de arg\u00f3n, la soldadura con protecci\u00f3n de di\u00f3xido de carbono y la soldadura por arco sumergido, con una buena flexibilidad en la selecci\u00f3n de la soldadura.<\/p>\n\n\n\n<p><strong>Caracter\u00edsticas del producto<\/strong>: La m\u00e1quina consiste en una m\u00e1quina autom\u00e1tica de soldadura de tuber\u00edas, un posicionador, un carro de soldadura m\u00f3vil, y un carro de soldadura de apoyo4. Tiene las caracter\u00edsticas de ser capaz de realizar soldadura multi - secci\u00f3n sin necesidad de movimiento frecuente de tuber\u00edas y accesorios, y puede soldar bridas, codos, tes, y otros accesorios de tuber\u00eda, que es un soldador autom\u00e1tico de tuber\u00edas multifuncional4. La fuente de potencia de soldadura de la soldadora autom\u00e1tica de tuber\u00edas se puede personalizar de acuerdo a las necesidades4.<\/p>\n\n\n\n<p>\u25c6 Brida equipo de soldadura autom\u00e1tica se considera principalmente en tres aspectos, uno es si el anfitri\u00f3n se puede cambiar, si la rotaci\u00f3n puede ser de baja velocidad y suave, especialmente el gran di\u00e1metro, el segundo es la estabilidad de la pistola de soldadura, incluyendo el \u00c1ngulo de la pistola de soldadura se puede ajustar de forma flexible, se puede levantar de forma autom\u00e1tica, conveniente de carga y descarga de piezas, si el ancho de soldadura est\u00e1 equipado con un wobbler, y el \u00faltimo es la m\u00e1quina de soldadura. La formaci\u00f3n de la soldadura, el tama\u00f1o de salpicaduras, ahorro de energ\u00eda, protecci\u00f3n post-venta, etc, nuestra empresa es est\u00e1ndar con Aotai o Shanghai General m\u00e1quina de soldar.<\/p>\n\n\n\n<p>\u25c6 De acuerdo con el tama\u00f1o de la tuber\u00eda y la brida, la cantidad de procesamiento por d\u00eda, el grado de operaci\u00f3n calificada de los trabajadores tienen las siguientes formas para elegir.<\/p>\n\n\n\n<figure class=\"wp-block-table\"><table class=\"has-fixed-layout\"><tbody><tr><td><strong>N\u00famero de modelo<\/strong><strong><\/strong><\/td><td><strong>ZDH-300<\/strong><strong><\/strong><\/td><\/tr><tr><td>Apoyo a Chuck<\/td><td>20-500mm<\/td><\/tr><tr><td>Carga horizontal del posicionador<\/td><td>300KG<\/td><\/tr><tr><td>El posicionador soporta la carga vertical<\/td><td>150KG<\/td><\/tr><tr><td>\u00c1ngulo de giro<\/td><td>0-90\u00b0<\/td><\/tr><tr><td>Recorrido neum\u00e1tico de la corredera<\/td><td>100 mm<\/td><\/tr><tr><td>Ajuste manual<\/td><td>60 mm<\/td><\/tr><tr><td>Golpe de efecto<\/td><td>80 mm<\/td><\/tr><tr><td>Trazo izquierdo y derecho<\/td><td>600 mm<\/td><\/tr><tr><td>Accidente cerebrovascular anteroposterior<\/td><td>600 mm<\/td><\/tr><tr><td>Carrera ascendente y descendente<\/td><td>600 mm<\/td><\/tr><tr><td>Dimensiones generales<\/td><td>1200*1000*1700mm<\/td><\/tr><\/tbody><\/table><\/figure>\n\n\n\n<h2 class=\"wp-block-heading has-large-font-size\"><strong>\u4ea7\u54c1\u7ec6\u8282<\/strong><\/h2>\n\n\n\n<h2 class=\"wp-block-heading has-large-font-size\"><strong>Detalles del producto<\/strong><strong><\/strong><\/h2>\n\n\n\n<div class=\"wp-block-uagb-container uagb-block-11ea3c9c alignfull uagb-is-root-container\"><div class=\"uagb-container-inner-blocks-wrap\">\n<div class=\"wp-block-uagb-container uagb-block-a6bf6c10\">\n<figure class=\"wp-block-image size-large\"><img fetchpriority=\"high\" decoding=\"async\" width=\"1024\" height=\"768\" src=\"https:\/\/www.xinhaowelding.com\/wp-content\/uploads\/2024\/11\/\u7ec6\u82821-4-1024x768.jpg\" alt=\"\" class=\"wp-image-3900\" srcset=\"https:\/\/www.xinhaowelding.com\/wp-content\/uploads\/2024\/11\/\u7ec6\u82821-4-1024x768.jpg 1024w, https:\/\/www.xinhaowelding.com\/wp-content\/uploads\/2024\/11\/\u7ec6\u82821-4-300x225.jpg 300w, https:\/\/www.xinhaowelding.com\/wp-content\/uploads\/2024\/11\/\u7ec6\u82821-4-768x576.jpg 768w, https:\/\/www.xinhaowelding.com\/wp-content\/uploads\/2024\/11\/\u7ec6\u82821-4-1536x1152.jpg 1536w, https:\/\/www.xinhaowelding.com\/wp-content\/uploads\/2024\/11\/\u7ec6\u82821-4-16x12.jpg 16w, https:\/\/www.xinhaowelding.com\/wp-content\/uploads\/2024\/11\/\u7ec6\u82821-4-600x450.jpg 600w, https:\/\/www.xinhaowelding.com\/wp-content\/uploads\/2024\/11\/\u7ec6\u82821-4.jpg 1600w\" sizes=\"(max-width: 1024px) 100vw, 1024px\" \/><\/figure>\n<\/div>\n\n\n\n<div class=\"wp-block-uagb-container uagb-block-dfe54b4b\">\n<p class=\"has-large-font-size\"><strong>Caja de control PLC<\/strong><\/p>\n\n\n\n<div class=\"wp-block-group is-layout-constrained wp-block-group-is-layout-constrained\">\n<p>Caja de control con pantalla t\u00e1ctil PLC<\/p>\n\n\n\n<p>Control general con una sola tecla<\/p>\n<\/div>\n<\/div>\n<\/div><\/div>\n\n\n\n<div class=\"wp-block-uagb-container uagb-block-56a5652b alignfull uagb-is-root-container\"><div class=\"uagb-container-inner-blocks-wrap\">\n<div class=\"wp-block-uagb-container uagb-block-7cf71d78\">\n<figure class=\"wp-block-image size-large\"><img decoding=\"async\" width=\"1024\" height=\"768\" src=\"https:\/\/www.xinhaowelding.com\/wp-content\/uploads\/2024\/11\/\u7ec6\u82822-5-1024x768.jpg\" alt=\"\" class=\"wp-image-3901\" srcset=\"https:\/\/www.xinhaowelding.com\/wp-content\/uploads\/2024\/11\/\u7ec6\u82822-5-1024x768.jpg 1024w, https:\/\/www.xinhaowelding.com\/wp-content\/uploads\/2024\/11\/\u7ec6\u82822-5-300x225.jpg 300w, https:\/\/www.xinhaowelding.com\/wp-content\/uploads\/2024\/11\/\u7ec6\u82822-5-768x576.jpg 768w, https:\/\/www.xinhaowelding.com\/wp-content\/uploads\/2024\/11\/\u7ec6\u82822-5-1536x1152.jpg 1536w, https:\/\/www.xinhaowelding.com\/wp-content\/uploads\/2024\/11\/\u7ec6\u82822-5-16x12.jpg 16w, https:\/\/www.xinhaowelding.com\/wp-content\/uploads\/2024\/11\/\u7ec6\u82822-5-600x450.jpg 600w, https:\/\/www.xinhaowelding.com\/wp-content\/uploads\/2024\/11\/\u7ec6\u82822-5.jpg 1600w\" sizes=\"(max-width: 1024px) 100vw, 1024px\" \/><\/figure>\n<\/div>\n\n\n\n<div class=\"wp-block-uagb-container uagb-block-e0b346a4\">\n<p class=\"has-large-font-size\"><strong>Volante regulador<\/strong><\/p>\n\n\n\n<div class=\"wp-block-group is-layout-constrained wp-block-group-is-layout-constrained\">\n<p>Posici\u00f3n de la pistola de soldadura hacia arriba y hacia abajo, ajuste del volante delantero y trasero (adecuado para diferentes tama\u00f1os de piezas de trabajo)<\/p>\n<\/div>\n<\/div>\n<\/div><\/div>\n\n\n\n<div class=\"wp-block-uagb-container uagb-block-01492319 alignfull uagb-is-root-container\"><div class=\"uagb-container-inner-blocks-wrap\">\n<div class=\"wp-block-uagb-container uagb-block-453a3594\">\n<figure class=\"wp-block-image size-large\"><img decoding=\"async\" width=\"1024\" height=\"768\" src=\"https:\/\/www.xinhaowelding.com\/wp-content\/uploads\/2024\/11\/\u7ec6\u82823-4-1024x768.jpg\" alt=\"\" class=\"wp-image-3902\" srcset=\"https:\/\/www.xinhaowelding.com\/wp-content\/uploads\/2024\/11\/\u7ec6\u82823-4-1024x768.jpg 1024w, https:\/\/www.xinhaowelding.com\/wp-content\/uploads\/2024\/11\/\u7ec6\u82823-4-300x225.jpg 300w, https:\/\/www.xinhaowelding.com\/wp-content\/uploads\/2024\/11\/\u7ec6\u82823-4-768x576.jpg 768w, https:\/\/www.xinhaowelding.com\/wp-content\/uploads\/2024\/11\/\u7ec6\u82823-4-1536x1152.jpg 1536w, https:\/\/www.xinhaowelding.com\/wp-content\/uploads\/2024\/11\/\u7ec6\u82823-4-16x12.jpg 16w, https:\/\/www.xinhaowelding.com\/wp-content\/uploads\/2024\/11\/\u7ec6\u82823-4-600x450.jpg 600w, https:\/\/www.xinhaowelding.com\/wp-content\/uploads\/2024\/11\/\u7ec6\u82823-4.jpg 1600w\" sizes=\"(max-width: 1024px) 100vw, 1024px\" \/><\/figure>\n<\/div>\n\n\n\n<div class=\"wp-block-uagb-container uagb-block-4bc7860e\">\n<p class=\"has-large-font-size\"><strong>Corredera neum\u00e1tica de precisi\u00f3n<\/strong><\/p>\n\n\n\n<div class=\"wp-block-group is-layout-constrained wp-block-group-is-layout-constrained\">\n<p>El trabajo de carga y descarga es c\u00f3modo<\/p>\n\n\n\n<p>Flujo de aire regulable<\/p>\n\n\n\n<p>Precisi\u00f3n de posicionamiento repetido<\/p>\n<\/div>\n<\/div>\n<\/div><\/div>\n\n\n\n<div class=\"wp-block-uagb-container uagb-block-2b10606d alignfull uagb-is-root-container\"><div class=\"uagb-container-inner-blocks-wrap\">\n<div class=\"wp-block-uagb-container uagb-block-00544f1e\">\n<figure class=\"wp-block-image size-large\"><img loading=\"lazy\" decoding=\"async\" width=\"1024\" height=\"768\" src=\"https:\/\/www.xinhaowelding.com\/wp-content\/uploads\/2024\/11\/\u7ec6\u82824-4-1024x768.jpg\" alt=\"\" class=\"wp-image-3903\" srcset=\"https:\/\/www.xinhaowelding.com\/wp-content\/uploads\/2024\/11\/\u7ec6\u82824-4-1024x768.jpg 1024w, https:\/\/www.xinhaowelding.com\/wp-content\/uploads\/2024\/11\/\u7ec6\u82824-4-300x225.jpg 300w, https:\/\/www.xinhaowelding.com\/wp-content\/uploads\/2024\/11\/\u7ec6\u82824-4-768x576.jpg 768w, https:\/\/www.xinhaowelding.com\/wp-content\/uploads\/2024\/11\/\u7ec6\u82824-4-1536x1152.jpg 1536w, https:\/\/www.xinhaowelding.com\/wp-content\/uploads\/2024\/11\/\u7ec6\u82824-4-16x12.jpg 16w, https:\/\/www.xinhaowelding.com\/wp-content\/uploads\/2024\/11\/\u7ec6\u82824-4-600x450.jpg 600w, https:\/\/www.xinhaowelding.com\/wp-content\/uploads\/2024\/11\/\u7ec6\u82824-4.jpg 1600w\" sizes=\"(max-width: 1024px) 100vw, 1024px\" \/><\/figure>\n<\/div>\n\n\n\n<div class=\"wp-block-uagb-container uagb-block-ee2edb7d\">\n<p class=\"has-large-font-size\"><strong>Mesa corredera transversal<\/strong><\/p>\n\n\n\n<div class=\"wp-block-group is-layout-constrained wp-block-group-is-layout-constrained\">\n<p>Ajuste manual<\/p>\n\n\n\n<p>Altura de la antorcha<\/p>\n\n\n\n<p>Se puede ajustar manualmente hacia arriba y hacia abajo<\/p>\n<\/div>\n<\/div>\n<\/div><\/div>\n\n\n\n<div class=\"wp-block-uagb-container uagb-block-a6e11ec9 alignfull uagb-is-root-container\"><div class=\"uagb-container-inner-blocks-wrap\">\n<div class=\"wp-block-uagb-container uagb-block-179229fc\">\n<figure class=\"wp-block-image size-large\"><img loading=\"lazy\" decoding=\"async\" width=\"1024\" height=\"768\" src=\"https:\/\/www.xinhaowelding.com\/wp-content\/uploads\/2024\/11\/\u7ec6\u82825-1-1024x768.jpg\" alt=\"\" class=\"wp-image-3904\" srcset=\"https:\/\/www.xinhaowelding.com\/wp-content\/uploads\/2024\/11\/\u7ec6\u82825-1-1024x768.jpg 1024w, https:\/\/www.xinhaowelding.com\/wp-content\/uploads\/2024\/11\/\u7ec6\u82825-1-300x225.jpg 300w, https:\/\/www.xinhaowelding.com\/wp-content\/uploads\/2024\/11\/\u7ec6\u82825-1-768x576.jpg 768w, https:\/\/www.xinhaowelding.com\/wp-content\/uploads\/2024\/11\/\u7ec6\u82825-1-1536x1152.jpg 1536w, https:\/\/www.xinhaowelding.com\/wp-content\/uploads\/2024\/11\/\u7ec6\u82825-1-16x12.jpg 16w, https:\/\/www.xinhaowelding.com\/wp-content\/uploads\/2024\/11\/\u7ec6\u82825-1-600x450.jpg 600w, https:\/\/www.xinhaowelding.com\/wp-content\/uploads\/2024\/11\/\u7ec6\u82825-1.jpg 1600w\" sizes=\"(max-width: 1024px) 100vw, 1024px\" \/><\/figure>\n<\/div>\n\n\n\n<div class=\"wp-block-uagb-container uagb-block-0e900807\">\n<p class=\"has-large-font-size\"><strong>Oscilador de soldadura<\/strong><\/p>\n\n\n\n<div class=\"wp-block-group is-layout-constrained wp-block-group-is-layout-constrained\">\n<p>Configurar el wiggler de soldadura<\/p>\n\n\n\n<p>Soldar escamas de pescado<\/p>\n<\/div>\n<\/div>\n<\/div><\/div>\n\n\n\n<div class=\"wp-block-uagb-container uagb-block-f40775b4 alignfull uagb-is-root-container\"><div class=\"uagb-container-inner-blocks-wrap\">\n<div class=\"wp-block-uagb-container uagb-block-d76d2771\">\n<figure class=\"wp-block-image size-large\"><img loading=\"lazy\" decoding=\"async\" width=\"1024\" height=\"768\" src=\"https:\/\/www.xinhaowelding.com\/wp-content\/uploads\/2024\/11\/\u7ec6\u82826-1-1024x768.jpg\" alt=\"\" class=\"wp-image-3905\" srcset=\"https:\/\/www.xinhaowelding.com\/wp-content\/uploads\/2024\/11\/\u7ec6\u82826-1-1024x768.jpg 1024w, https:\/\/www.xinhaowelding.com\/wp-content\/uploads\/2024\/11\/\u7ec6\u82826-1-300x225.jpg 300w, https:\/\/www.xinhaowelding.com\/wp-content\/uploads\/2024\/11\/\u7ec6\u82826-1-768x576.jpg 768w, https:\/\/www.xinhaowelding.com\/wp-content\/uploads\/2024\/11\/\u7ec6\u82826-1-1536x1152.jpg 1536w, https:\/\/www.xinhaowelding.com\/wp-content\/uploads\/2024\/11\/\u7ec6\u82826-1-16x12.jpg 16w, https:\/\/www.xinhaowelding.com\/wp-content\/uploads\/2024\/11\/\u7ec6\u82826-1-600x450.jpg 600w, https:\/\/www.xinhaowelding.com\/wp-content\/uploads\/2024\/11\/\u7ec6\u82826-1.jpg 1600w\" sizes=\"(max-width: 1024px) 100vw, 1024px\" \/><\/figure>\n<\/div>\n\n\n\n<div class=\"wp-block-uagb-container uagb-block-20a3cf2e\">\n<p class=\"has-large-font-size\"><strong>Carril de precisi\u00f3n<\/strong><\/p>\n\n\n\n<div class=\"wp-block-group is-layout-constrained wp-block-group-is-layout-constrained\">\n<p>F\u00e1cil de mover<\/p>\n\n\n\n<p>Bloqueo fijo<\/p>\n<\/div>\n<\/div>\n<\/div><\/div>\n\n\n\n<h2 class=\"wp-block-heading has-large-font-size\"><strong>\u4ea7\u54c1\u89e3\u6790\/\u5c3a\u5bf8<\/strong><\/h2>\n\n\n\n<h2 class=\"wp-block-heading has-large-font-size\"><strong>An\u00e1lisis\/dimensiones del producto<\/strong><\/h2>\n\n\n\n<div class=\"wp-block-uagb-container uagb-block-214b9280 alignfull uagb-is-root-container\"><div class=\"uagb-container-inner-blocks-wrap\">\n<div class=\"wp-block-uagb-container uagb-block-5b79b97a\">\n<figure class=\"wp-block-image size-full\"><img loading=\"lazy\" decoding=\"async\" width=\"1004\" height=\"979\" src=\"https:\/\/www.xinhaowelding.com\/wp-content\/uploads\/2024\/11\/\u6cd5\u5170\u81ea\u52a8\u710a\u89e3\u6790.png\" alt=\"\" class=\"wp-image-3907\" srcset=\"https:\/\/www.xinhaowelding.com\/wp-content\/uploads\/2024\/11\/\u6cd5\u5170\u81ea\u52a8\u710a\u89e3\u6790.png 1004w, https:\/\/www.xinhaowelding.com\/wp-content\/uploads\/2024\/11\/\u6cd5\u5170\u81ea\u52a8\u710a\u89e3\u6790-300x293.png 300w, https:\/\/www.xinhaowelding.com\/wp-content\/uploads\/2024\/11\/\u6cd5\u5170\u81ea\u52a8\u710a\u89e3\u6790-768x749.png 768w, https:\/\/www.xinhaowelding.com\/wp-content\/uploads\/2024\/11\/\u6cd5\u5170\u81ea\u52a8\u710a\u89e3\u6790-12x12.png 12w, https:\/\/www.xinhaowelding.com\/wp-content\/uploads\/2024\/11\/\u6cd5\u5170\u81ea\u52a8\u710a\u89e3\u6790-600x585.png 600w\" sizes=\"(max-width: 1004px) 100vw, 1004px\" \/><\/figure>\n<\/div>\n\n\n\n<div class=\"wp-block-uagb-container uagb-block-05d43b23\">\n<figure class=\"wp-block-image size-large\"><img loading=\"lazy\" decoding=\"async\" width=\"964\" height=\"1024\" src=\"https:\/\/www.xinhaowelding.com\/wp-content\/uploads\/2024\/11\/\u5c3a\u5bf8-964x1024.png\" alt=\"\" class=\"wp-image-3906\" srcset=\"https:\/\/www.xinhaowelding.com\/wp-content\/uploads\/2024\/11\/\u5c3a\u5bf8-964x1024.png 964w, https:\/\/www.xinhaowelding.com\/wp-content\/uploads\/2024\/11\/\u5c3a\u5bf8-283x300.png 283w, https:\/\/www.xinhaowelding.com\/wp-content\/uploads\/2024\/11\/\u5c3a\u5bf8-768x816.png 768w, https:\/\/www.xinhaowelding.com\/wp-content\/uploads\/2024\/11\/\u5c3a\u5bf8-11x12.png 11w, https:\/\/www.xinhaowelding.com\/wp-content\/uploads\/2024\/11\/\u5c3a\u5bf8-600x637.png 600w, https:\/\/www.xinhaowelding.com\/wp-content\/uploads\/2024\/11\/\u5c3a\u5bf8.png 1115w\" sizes=\"(max-width: 964px) 100vw, 964px\" \/><\/figure>\n<\/div>\n<\/div><\/div>\n\n\n\n<h2 class=\"wp-block-heading has-large-font-size\"><strong>\u73b0\u573a\u5b9e\u62cd<\/strong><\/h2>\n\n\n\n<h2 class=\"wp-block-heading has-large-font-size\"><strong>Tomas en directo<\/strong><\/h2>\n\n\n\n<div class=\"wp-block-uagb-container uagb-block-31b8a30a alignfull uagb-is-root-container\"><div class=\"uagb-container-inner-blocks-wrap\">\n<div class=\"wp-block-uagb-container uagb-block-b57b1a26\">\n<figure class=\"wp-block-image size-full\"><img loading=\"lazy\" decoding=\"async\" width=\"800\" height=\"800\" src=\"https:\/\/www.xinhaowelding.com\/wp-content\/uploads\/2024\/11\/\u753b\u677f-1-3.png\" alt=\"\" class=\"wp-image-3908\" srcset=\"https:\/\/www.xinhaowelding.com\/wp-content\/uploads\/2024\/11\/\u753b\u677f-1-3.png 800w, https:\/\/www.xinhaowelding.com\/wp-content\/uploads\/2024\/11\/\u753b\u677f-1-3-300x300.png 300w, https:\/\/www.xinhaowelding.com\/wp-content\/uploads\/2024\/11\/\u753b\u677f-1-3-150x150.png 150w, https:\/\/www.xinhaowelding.com\/wp-content\/uploads\/2024\/11\/\u753b\u677f-1-3-768x768.png 768w, https:\/\/www.xinhaowelding.com\/wp-content\/uploads\/2024\/11\/\u753b\u677f-1-3-12x12.png 12w, https:\/\/www.xinhaowelding.com\/wp-content\/uploads\/2024\/11\/\u753b\u677f-1-3-600x600.png 600w, https:\/\/www.xinhaowelding.com\/wp-content\/uploads\/2024\/11\/\u753b\u677f-1-3-100x100.png 100w\" sizes=\"(max-width: 800px) 100vw, 800px\" \/><\/figure>\n<\/div>\n\n\n\n<div class=\"wp-block-uagb-container uagb-block-0a7a2a75\">\n<figure class=\"wp-block-image size-full\"><img loading=\"lazy\" decoding=\"async\" width=\"800\" height=\"800\" src=\"https:\/\/www.xinhaowelding.com\/wp-content\/uploads\/2024\/11\/\u753b\u677f-2-2.png\" alt=\"\" class=\"wp-image-3909\" srcset=\"https:\/\/www.xinhaowelding.com\/wp-content\/uploads\/2024\/11\/\u753b\u677f-2-2.png 800w, https:\/\/www.xinhaowelding.com\/wp-content\/uploads\/2024\/11\/\u753b\u677f-2-2-300x300.png 300w, https:\/\/www.xinhaowelding.com\/wp-content\/uploads\/2024\/11\/\u753b\u677f-2-2-150x150.png 150w, https:\/\/www.xinhaowelding.com\/wp-content\/uploads\/2024\/11\/\u753b\u677f-2-2-768x768.png 768w, https:\/\/www.xinhaowelding.com\/wp-content\/uploads\/2024\/11\/\u753b\u677f-2-2-12x12.png 12w, https:\/\/www.xinhaowelding.com\/wp-content\/uploads\/2024\/11\/\u753b\u677f-2-2-600x600.png 600w, https:\/\/www.xinhaowelding.com\/wp-content\/uploads\/2024\/11\/\u753b\u677f-2-2-100x100.png 100w\" sizes=\"(max-width: 800px) 100vw, 800px\" \/><\/figure>\n<\/div>\n\n\n\n<div class=\"wp-block-uagb-container uagb-block-4859bea0\">\n<figure class=\"wp-block-image size-full\"><img loading=\"lazy\" decoding=\"async\" width=\"800\" height=\"800\" src=\"https:\/\/www.xinhaowelding.com\/wp-content\/uploads\/2024\/11\/\u753b\u677f-3-2.png\" alt=\"\" class=\"wp-image-3910\" srcset=\"https:\/\/www.xinhaowelding.com\/wp-content\/uploads\/2024\/11\/\u753b\u677f-3-2.png 800w, https:\/\/www.xinhaowelding.com\/wp-content\/uploads\/2024\/11\/\u753b\u677f-3-2-300x300.png 300w, https:\/\/www.xinhaowelding.com\/wp-content\/uploads\/2024\/11\/\u753b\u677f-3-2-150x150.png 150w, https:\/\/www.xinhaowelding.com\/wp-content\/uploads\/2024\/11\/\u753b\u677f-3-2-768x768.png 768w, https:\/\/www.xinhaowelding.com\/wp-content\/uploads\/2024\/11\/\u753b\u677f-3-2-12x12.png 12w, https:\/\/www.xinhaowelding.com\/wp-content\/uploads\/2024\/11\/\u753b\u677f-3-2-600x600.png 600w, https:\/\/www.xinhaowelding.com\/wp-content\/uploads\/2024\/11\/\u753b\u677f-3-2-100x100.png 100w\" sizes=\"(max-width: 800px) 100vw, 800px\" \/><\/figure>\n<\/div>\n\n\n\n<div class=\"wp-block-uagb-container uagb-block-9cec5c65\">\n<figure class=\"wp-block-image size-full\"><img loading=\"lazy\" decoding=\"async\" width=\"800\" height=\"800\" src=\"https:\/\/www.xinhaowelding.com\/wp-content\/uploads\/2024\/11\/\u753b\u677f-4-3.png\" alt=\"\" class=\"wp-image-3911\" srcset=\"https:\/\/www.xinhaowelding.com\/wp-content\/uploads\/2024\/11\/\u753b\u677f-4-3.png 800w, https:\/\/www.xinhaowelding.com\/wp-content\/uploads\/2024\/11\/\u753b\u677f-4-3-300x300.png 300w, https:\/\/www.xinhaowelding.com\/wp-content\/uploads\/2024\/11\/\u753b\u677f-4-3-150x150.png 150w, https:\/\/www.xinhaowelding.com\/wp-content\/uploads\/2024\/11\/\u753b\u677f-4-3-768x768.png 768w, https:\/\/www.xinhaowelding.com\/wp-content\/uploads\/2024\/11\/\u753b\u677f-4-3-12x12.png 12w, https:\/\/www.xinhaowelding.com\/wp-content\/uploads\/2024\/11\/\u753b\u677f-4-3-600x600.png 600w, https:\/\/www.xinhaowelding.com\/wp-content\/uploads\/2024\/11\/\u753b\u677f-4-3-100x100.png 100w\" sizes=\"(max-width: 800px) 100vw, 800px\" \/><\/figure>\n<\/div>\n<\/div><\/div>\n\n\n\n<p><a href=\"http:\/\/www.google.com\" title=\"www.google.com\">www.google.com<\/a><\/p>","protected":false},"excerpt":{"rendered":"<p>Arco de arg\u00f3n soldadura autom\u00e1tica brida de tuber\u00eda fuelle autom\u00e1tico de llenado de alambre oscilante arco de arg\u00f3n equipo de soldadura autom\u00e1tica<\/p>","protected":false},"featured_media":3278,"comment_status":"open","ping_status":"closed","template":"","meta":{"om_disable_all_campaigns":false,"_uag_custom_page_level_css":"","_monsterinsights_skip_tracking":false,"_monsterinsights_sitenote_active":false,"_monsterinsights_sitenote_note":"","_monsterinsights_sitenote_category":0,"site-sidebar-layout":"default","site-content-layout":"","ast-site-content-layout":"default","site-content-style":"default","site-sidebar-style":"default","ast-global-header-display":"","ast-banner-title-visibility":"","ast-main-header-display":"","ast-hfb-above-header-display":"","ast-hfb-below-header-display":"","ast-hfb-mobile-header-display":"","site-post-title":"","ast-breadcrumbs-content":"","ast-featured-img":"","footer-sml-layout":"","theme-transparent-header-meta":"default","adv-header-id-meta":"","stick-header-meta":"","header-above-stick-meta":"","header-main-stick-meta":"","header-below-stick-meta":"","astra-migrate-meta-layouts":"set","ast-page-background-enabled":"default","ast-page-background-meta":{"desktop":{"background-color":"","background-image":"","background-repeat":"repeat","background-position":"center center","background-size":"auto","background-attachment":"scroll","background-type":"","background-media":"","overlay-type":"","overlay-color":"","overlay-opacity":"","overlay-gradient":""},"tablet":{"background-color":"","background-image":"","background-repeat":"repeat","background-position":"center center","background-size":"auto","background-attachment":"scroll","background-type":"","background-media":"","overlay-type":"","overlay-color":"","overlay-opacity":"","overlay-gradient":""},"mobile":{"background-color":"","background-image":"","background-repeat":"repeat","background-position":"center center","background-size":"auto","background-attachment":"scroll","background-type":"","background-media":"","overlay-type":"","overlay-color":"","overlay-opacity":"","overlay-gradient":""}},"ast-content-background-meta":{"desktop":{"background-color":"var(--ast-global-color-5)","background-image":"","background-repeat":"repeat","background-position":"center center","background-size":"auto","background-attachment":"scroll","background-type":"","background-media":"","overlay-type":"","overlay-color":"","overlay-opacity":"","overlay-gradient":""},"tablet":{"background-color":"var(--ast-global-color-5)","background-image":"","background-repeat":"repeat","background-position":"center center","background-size":"auto","background-attachment":"scroll","background-type":"","background-media":"","overlay-type":"","overlay-color":"","overlay-opacity":"","overlay-gradient":""},"mobile":{"background-color":"var(--ast-global-color-5)","background-image":"","background-repeat":"repeat","background-position":"center center","background-size":"auto","background-attachment":"scroll","background-type":"","background-media":"","overlay-type":"","overlay-color":"","overlay-opacity":"","overlay-gradient":""}}},"product_brand":[],"product_cat":[66],"product_tag":[],"class_list":{"0":"post-3277","1":"product","2":"type-product","3":"status-publish","4":"has-post-thumbnail","6":"product_cat-automatic-flange-welding","7":"desktop-align-left","8":"tablet-align-left","9":"mobile-align-left","11":"first","12":"instock","13":"shipping-taxable","14":"product-type-simple"},"aioseo_notices":[],"uagb_featured_image_src":{"full":["https:\/\/www.xinhaowelding.com\/wp-content\/uploads\/2024\/11\/\u56fe\u5c42-4.jpg",532,517,false],"thumbnail":["https:\/\/www.xinhaowelding.com\/wp-content\/uploads\/2024\/11\/\u56fe\u5c42-4-150x150.jpg",150,150,true],"medium":["https:\/\/www.xinhaowelding.com\/wp-content\/uploads\/2024\/11\/\u56fe\u5c42-4-300x292.jpg",300,292,true],"medium_large":["https:\/\/www.xinhaowelding.com\/wp-content\/uploads\/2024\/11\/\u56fe\u5c42-4.jpg",532,517,false],"large":["https:\/\/www.xinhaowelding.com\/wp-content\/uploads\/2024\/11\/\u56fe\u5c42-4.jpg",532,517,false],"1536x1536":["https:\/\/www.xinhaowelding.com\/wp-content\/uploads\/2024\/11\/\u56fe\u5c42-4.jpg",532,517,false],"2048x2048":["https:\/\/www.xinhaowelding.com\/wp-content\/uploads\/2024\/11\/\u56fe\u5c42-4.jpg",532,517,false],"trp-custom-language-flag":["https:\/\/www.xinhaowelding.com\/wp-content\/uploads\/2024\/11\/\u56fe\u5c42-4-12x12.jpg",12,12,true],"woocommerce_thumbnail":["https:\/\/www.xinhaowelding.com\/wp-content\/uploads\/2024\/11\/\u56fe\u5c42-4.jpg",532,517,false],"woocommerce_single":["https:\/\/www.xinhaowelding.com\/wp-content\/uploads\/2024\/11\/\u56fe\u5c42-4.jpg",532,517,false],"woocommerce_gallery_thumbnail":["https:\/\/www.xinhaowelding.com\/wp-content\/uploads\/2024\/11\/\u56fe\u5c42-4-100x100.jpg",100,100,true]},"uagb_author_info":{"display_name":"jinxing6611@gmail.com","author_link":"https:\/\/www.xinhaowelding.com\/es\/author\/"},"uagb_comment_info":0,"uagb_excerpt":"Argon arc automatic welding pipe flange bellows automatic wire filling oscillating argon arc automatic welding equipment","_links":{"self":[{"href":"https:\/\/www.xinhaowelding.com\/es\/wp-json\/wp\/v2\/product\/3277","targetHints":{"allow":["GET"]}}],"collection":[{"href":"https:\/\/www.xinhaowelding.com\/es\/wp-json\/wp\/v2\/product"}],"about":[{"href":"https:\/\/www.xinhaowelding.com\/es\/wp-json\/wp\/v2\/types\/product"}],"replies":[{"embeddable":true,"href":"https:\/\/www.xinhaowelding.com\/es\/wp-json\/wp\/v2\/comments?post=3277"}],"wp:featuredmedia":[{"embeddable":true,"href":"https:\/\/www.xinhaowelding.com\/es\/wp-json\/wp\/v2\/media\/3278"}],"wp:attachment":[{"href":"https:\/\/www.xinhaowelding.com\/es\/wp-json\/wp\/v2\/media?parent=3277"}],"wp:term":[{"taxonomy":"product_brand","embeddable":true,"href":"https:\/\/www.xinhaowelding.com\/es\/wp-json\/wp\/v2\/product_brand?post=3277"},{"taxonomy":"product_cat","embeddable":true,"href":"https:\/\/www.xinhaowelding.com\/es\/wp-json\/wp\/v2\/product_cat?post=3277"},{"taxonomy":"product_tag","embeddable":true,"href":"https:\/\/www.xinhaowelding.com\/es\/wp-json\/wp\/v2\/product_tag?post=3277"}],"curies":[{"name":"wp","href":"https:\/\/api.w.org\/{rel}","templated":true}]}}