{"id":3283,"date":"2024-11-22T08:38:21","date_gmt":"2024-11-22T08:38:21","guid":{"rendered":"https:\/\/xinhaowelding.com\/?post_type=product&#038;p=3283"},"modified":"2025-04-02T04:32:09","modified_gmt":"2025-04-02T04:32:09","slug":"laser-automatic-welding","status":"publish","type":"product","link":"https:\/\/www.xinhaowelding.com\/es\/producto\/laser-automatic-welding\/","title":{"rendered":"Sistemas robotizados de soldadura l\u00e1ser | Uni\u00f3n automatizada de metales"},"content":{"rendered":"<h1 class=\"wp-block-heading\"><strong><b><a href=\"https:\/\/www.xinhaowelding.com\/es\/producto\/laser-automatic-welding\/\" title=\"\u6fc0\u5149\u81ea\u52a8\u710a\">\u6fc0\u5149\u81ea\u52a8\u710a<\/a><\/b><\/strong><\/h1>\n\n\n\n<h1 class=\"wp-block-heading\">Soldadura autom\u00e1tica por l\u00e1ser<\/h1>\n\n\n\n<p>&nbsp;<\/p>\n\n\n\n<p>La soldadura autom\u00e1tica por l\u00e1ser utiliza la alta densidad de energ\u00eda del l\u00e1ser y su capacidad de control preciso para enfocar el haz l\u00e1ser en la parte soldada de la pieza de trabajo, de modo que el metal se calienta y funde instant\u00e1neamente, formando una soldadura. La energ\u00eda del rayo l\u00e1ser puede controlarse con precisi\u00f3n, lo que permite una soldadura de alta calidad.<\/p>\n\n\n\n<p>\u25c6Puede adaptarse a una variedad de diferentes formas, diferentes materiales de la soldadura de la pieza de trabajo, con una fuerte flexibilidad y versatilidad.<\/p>\n\n\n\n<p>\u25c6Puede soldar acero inoxidable\/acero al carbono\/aleaci\u00f3n de aluminio y otras soldaduras de formas complejas.<\/p>\n\n\n\n<p>\u25c6Se utiliza para soldar en diversos campos.<\/p>\n\n\n\n<p>\u25c6La m\u00e1quina entera es dise\u00f1o integrado, estructura compacta, equipada del gabinete de control del PLC, posicionador completo del \u00e1ngulo, mecanismo del ajuste de la pistola de soldadura, para asegurarse de que la pistola de soldadura multi-posici\u00f3n, soldadura del multi-\u00e1ngulo.<\/p>\n\n\n\n<figure class=\"wp-block-table\"><table class=\"has-fixed-layout\"><tbody><tr><td colspan=\"2\"><strong><b>N\u00famero de modelo<\/b><\/strong><\/td><td colspan=\"2\"><strong><b>ZDH-1240<\/b><\/strong><\/td><\/tr><tr><td colspan=\"2\">Par\u00e1metros del posicionador<\/td><td colspan=\"2\">Par\u00e1metro del manipulador<\/td><\/tr><tr><td>Carga horizontal<\/td><td>600KG<\/td><td>Golpe de mano arriba y abajo<\/td><td>600 mm<\/td><\/tr><tr><td>M\u00e1quina rotativa<\/td><td>86 motor paso a paso<\/td><td>Recorrido manual delantero y trasero<\/td><td>600 mm<\/td><\/tr><tr><td>Tensi\u00f3n de entrada<\/td><td>220V<\/td><td>Golpe con la mano izquierda<\/td><td>600 mm<\/td><\/tr><tr><td>Velocidad de rotaci\u00f3n<\/td><td>0,1-2r\/M<\/td><td>Carrera pendular de soldadura<\/td><td>80 mm<\/td><\/tr><tr><td>Di\u00e1metro del orificio pasante<\/td><td>240 mm<\/td><td>Velocidad de oscilaci\u00f3n<\/td><td>0-1000mm\/M<\/td><\/tr><tr><td>\u00c1ngulo de giro<\/td><td>0-90\u00b0<\/td><td>Potencia del soldador<\/td><td>1500Kw<\/td><\/tr><tr><td colspan=\"2\">Dimensiones generales<\/td><td colspan=\"2\">1500*1200*1960mm<\/td><\/tr><\/tbody><\/table><\/figure>\n\n\n\n<h2 class=\"wp-block-heading\"><strong><u><b>\u4ea7\u54c1\u7ec6\u8282<\/b><\/u><\/strong><\/h2>\n\n\n\n<h2 class=\"wp-block-heading\"><strong><b>Detalles del producto<\/b><\/strong><\/h2>\n\n\n\n<p>&nbsp;<\/p>\n\n\n\n<div class=\"wp-block-uagb-container uagb-block-63a169f7 alignfull uagb-is-root-container\"><div class=\"uagb-container-inner-blocks-wrap\">\n<div class=\"wp-block-uagb-container uagb-block-30c48eee\">\n<figure class=\"wp-block-image size-large\"><img fetchpriority=\"high\" decoding=\"async\" width=\"1024\" height=\"768\" src=\"https:\/\/www.xinhaowelding.com\/wp-content\/uploads\/2024\/11\/\u7ec6\u82821-3-1024x768.jpg\" alt=\"\" class=\"wp-image-3893\" srcset=\"https:\/\/www.xinhaowelding.com\/wp-content\/uploads\/2024\/11\/\u7ec6\u82821-3-1024x768.jpg 1024w, https:\/\/www.xinhaowelding.com\/wp-content\/uploads\/2024\/11\/\u7ec6\u82821-3-300x225.jpg 300w, https:\/\/www.xinhaowelding.com\/wp-content\/uploads\/2024\/11\/\u7ec6\u82821-3-768x576.jpg 768w, https:\/\/www.xinhaowelding.com\/wp-content\/uploads\/2024\/11\/\u7ec6\u82821-3-1536x1152.jpg 1536w, https:\/\/www.xinhaowelding.com\/wp-content\/uploads\/2024\/11\/\u7ec6\u82821-3-16x12.jpg 16w, https:\/\/www.xinhaowelding.com\/wp-content\/uploads\/2024\/11\/\u7ec6\u82821-3-600x450.jpg 600w, https:\/\/www.xinhaowelding.com\/wp-content\/uploads\/2024\/11\/\u7ec6\u82821-3.jpg 1600w\" sizes=\"(max-width: 1024px) 100vw, 1024px\" \/><\/figure>\n<\/div>\n\n\n\n<div class=\"wp-block-uagb-container uagb-block-471143b6\">\n<p class=\"has-large-font-size\"><strong>Pistola de soldadura l\u00e1ser<\/strong><\/p>\n\n\n\n<div class=\"wp-block-group is-layout-constrained wp-block-group-is-layout-constrained\">\n<p>En comparaci\u00f3n con el m\u00e9todo de soldadura tradicional, la pistola de soldadura l\u00e1ser tiene las ventajas de la concentraci\u00f3n de energ\u00eda y la velocidad de soldadura r\u00e1pida<\/p>\n\n\n\n<p>La soldadura puede completarse en poco tiempo y debido a la peque\u00f1a zona afectada por el calor<\/p>\n\n\n\n<p>La calidad de la soldadura es alta, la soldadura es estrecha y profunda, y se puede lograr una soldadura de alta precisi\u00f3n.<\/p>\n<\/div>\n<\/div>\n<\/div><\/div>\n\n\n\n<div class=\"wp-block-uagb-container uagb-block-334f646e alignfull uagb-is-root-container\"><div class=\"uagb-container-inner-blocks-wrap\">\n<div class=\"wp-block-uagb-container uagb-block-382a921e\">\n<figure class=\"wp-block-image size-large\"><img decoding=\"async\" width=\"1024\" height=\"768\" src=\"https:\/\/www.xinhaowelding.com\/wp-content\/uploads\/2024\/11\/\u7ec6\u82822-4-1024x768.jpg\" alt=\"\" class=\"wp-image-3894\" srcset=\"https:\/\/www.xinhaowelding.com\/wp-content\/uploads\/2024\/11\/\u7ec6\u82822-4-1024x768.jpg 1024w, https:\/\/www.xinhaowelding.com\/wp-content\/uploads\/2024\/11\/\u7ec6\u82822-4-300x225.jpg 300w, https:\/\/www.xinhaowelding.com\/wp-content\/uploads\/2024\/11\/\u7ec6\u82822-4-768x576.jpg 768w, https:\/\/www.xinhaowelding.com\/wp-content\/uploads\/2024\/11\/\u7ec6\u82822-4-1536x1152.jpg 1536w, https:\/\/www.xinhaowelding.com\/wp-content\/uploads\/2024\/11\/\u7ec6\u82822-4-16x12.jpg 16w, https:\/\/www.xinhaowelding.com\/wp-content\/uploads\/2024\/11\/\u7ec6\u82822-4-600x450.jpg 600w, https:\/\/www.xinhaowelding.com\/wp-content\/uploads\/2024\/11\/\u7ec6\u82822-4.jpg 1600w\" sizes=\"(max-width: 1024px) 100vw, 1024px\" \/><\/figure>\n<\/div>\n\n\n\n<div class=\"wp-block-uagb-container uagb-block-d07a2934\">\n<p class=\"has-large-font-size\"><strong>Oscilador de soldadura<\/strong><\/p>\n\n\n\n<p>Configurar el wiggler de soldadura<br>Soldar escamas de pescado<\/p>\n<\/div>\n<\/div><\/div>\n\n\n\n<div class=\"wp-block-uagb-container uagb-block-f0e0a04d alignfull uagb-is-root-container\"><div class=\"uagb-container-inner-blocks-wrap\">\n<div class=\"wp-block-uagb-container uagb-block-3d1da400\">\n<figure class=\"wp-block-image size-large\"><img decoding=\"async\" width=\"1024\" height=\"768\" src=\"https:\/\/www.xinhaowelding.com\/wp-content\/uploads\/2024\/11\/\u7ec6\u82823-3-1024x768.jpg\" alt=\"\" class=\"wp-image-3895\" srcset=\"https:\/\/www.xinhaowelding.com\/wp-content\/uploads\/2024\/11\/\u7ec6\u82823-3-1024x768.jpg 1024w, https:\/\/www.xinhaowelding.com\/wp-content\/uploads\/2024\/11\/\u7ec6\u82823-3-300x225.jpg 300w, https:\/\/www.xinhaowelding.com\/wp-content\/uploads\/2024\/11\/\u7ec6\u82823-3-768x576.jpg 768w, https:\/\/www.xinhaowelding.com\/wp-content\/uploads\/2024\/11\/\u7ec6\u82823-3-1536x1152.jpg 1536w, https:\/\/www.xinhaowelding.com\/wp-content\/uploads\/2024\/11\/\u7ec6\u82823-3-16x12.jpg 16w, https:\/\/www.xinhaowelding.com\/wp-content\/uploads\/2024\/11\/\u7ec6\u82823-3-600x450.jpg 600w, https:\/\/www.xinhaowelding.com\/wp-content\/uploads\/2024\/11\/\u7ec6\u82823-3.jpg 1600w\" sizes=\"(max-width: 1024px) 100vw, 1024px\" \/><\/figure>\n<\/div>\n\n\n\n<div class=\"wp-block-uagb-container uagb-block-84069cf8\">\n<p class=\"has-large-font-size\"><strong>Caja de control PLC<\/strong><\/p>\n\n\n\n<div class=\"wp-block-group is-layout-constrained wp-block-group-is-layout-constrained\">\n<p>Caja de control con pantalla t\u00e1ctil PLC<\/p>\n\n\n\n<p>Control general con una sola tecla<\/p>\n<\/div>\n<\/div>\n<\/div><\/div>\n\n\n\n<div class=\"wp-block-uagb-container uagb-block-5536a3f1 alignfull uagb-is-root-container\"><div class=\"uagb-container-inner-blocks-wrap\">\n<div class=\"wp-block-uagb-container uagb-block-53c6b4da\">\n<figure class=\"wp-block-image size-large\"><img loading=\"lazy\" decoding=\"async\" width=\"1024\" height=\"768\" src=\"https:\/\/www.xinhaowelding.com\/wp-content\/uploads\/2024\/11\/\u7ec6\u82824-3-1024x768.jpg\" alt=\"\" class=\"wp-image-3896\" srcset=\"https:\/\/www.xinhaowelding.com\/wp-content\/uploads\/2024\/11\/\u7ec6\u82824-3-1024x768.jpg 1024w, https:\/\/www.xinhaowelding.com\/wp-content\/uploads\/2024\/11\/\u7ec6\u82824-3-300x225.jpg 300w, https:\/\/www.xinhaowelding.com\/wp-content\/uploads\/2024\/11\/\u7ec6\u82824-3-768x576.jpg 768w, https:\/\/www.xinhaowelding.com\/wp-content\/uploads\/2024\/11\/\u7ec6\u82824-3-1536x1152.jpg 1536w, https:\/\/www.xinhaowelding.com\/wp-content\/uploads\/2024\/11\/\u7ec6\u82824-3-16x12.jpg 16w, https:\/\/www.xinhaowelding.com\/wp-content\/uploads\/2024\/11\/\u7ec6\u82824-3-600x450.jpg 600w, https:\/\/www.xinhaowelding.com\/wp-content\/uploads\/2024\/11\/\u7ec6\u82824-3.jpg 1600w\" sizes=\"(max-width: 1024px) 100vw, 1024px\" \/><\/figure>\n<\/div>\n\n\n\n<div class=\"wp-block-uagb-container uagb-block-836f1ab5\">\n<p class=\"has-large-font-size\"><strong>Posicionador de orificios pasantes<\/strong><\/p>\n\n\n\n<div class=\"wp-block-group is-layout-constrained wp-block-group-is-layout-constrained\">\n<p>Velocidad constante y uniforme<\/p>\n\n\n\n<p>Posicionamiento preciso<\/p>\n\n\n\n<p>Soldadura autom\u00e1tica<\/p>\n<\/div>\n<\/div>\n<\/div><\/div>\n\n\n\n<div class=\"wp-block-uagb-container uagb-block-7fb2d3de alignfull uagb-is-root-container\"><div class=\"uagb-container-inner-blocks-wrap\">\n<div class=\"wp-block-uagb-container uagb-block-4982a311\">\n<figure class=\"wp-block-image size-large\"><img loading=\"lazy\" decoding=\"async\" width=\"1024\" height=\"768\" src=\"https:\/\/www.xinhaowelding.com\/wp-content\/uploads\/2024\/11\/\u7ec6\u82825-1024x768.jpg\" alt=\"\" class=\"wp-image-3897\" srcset=\"https:\/\/www.xinhaowelding.com\/wp-content\/uploads\/2024\/11\/\u7ec6\u82825-1024x768.jpg 1024w, https:\/\/www.xinhaowelding.com\/wp-content\/uploads\/2024\/11\/\u7ec6\u82825-300x225.jpg 300w, https:\/\/www.xinhaowelding.com\/wp-content\/uploads\/2024\/11\/\u7ec6\u82825-768x576.jpg 768w, https:\/\/www.xinhaowelding.com\/wp-content\/uploads\/2024\/11\/\u7ec6\u82825-1536x1152.jpg 1536w, https:\/\/www.xinhaowelding.com\/wp-content\/uploads\/2024\/11\/\u7ec6\u82825-16x12.jpg 16w, https:\/\/www.xinhaowelding.com\/wp-content\/uploads\/2024\/11\/\u7ec6\u82825-600x450.jpg 600w, https:\/\/www.xinhaowelding.com\/wp-content\/uploads\/2024\/11\/\u7ec6\u82825.jpg 1600w\" sizes=\"(max-width: 1024px) 100vw, 1024px\" \/><\/figure>\n<\/div>\n\n\n\n<div class=\"wp-block-uagb-container uagb-block-b474638c\">\n<p class=\"has-large-font-size\"><strong>Mandril de soldadura<\/strong><\/p>\n\n\n\n<div class=\"wp-block-group is-layout-constrained wp-block-group-is-layout-constrained\">\n<p>Plato fino autocentrante<\/p>\n\n\n\n<p>Rotaci\u00f3n conc\u00e9ntrica<\/p>\n\n\n\n<p>Apriete r\u00e1pido, dise\u00f1o de orificio grande<\/p>\n<\/div>\n<\/div>\n<\/div><\/div>\n\n\n\n<div class=\"wp-block-uagb-container uagb-block-9fafb4d2 alignfull uagb-is-root-container\"><div class=\"uagb-container-inner-blocks-wrap\">\n<div class=\"wp-block-uagb-container uagb-block-89ae736a\">\n<figure class=\"wp-block-image size-large\"><img loading=\"lazy\" decoding=\"async\" width=\"1024\" height=\"768\" src=\"https:\/\/www.xinhaowelding.com\/wp-content\/uploads\/2024\/11\/\u7ec6\u82826-1024x768.jpg\" alt=\"\" class=\"wp-image-3898\" srcset=\"https:\/\/www.xinhaowelding.com\/wp-content\/uploads\/2024\/11\/\u7ec6\u82826-1024x768.jpg 1024w, https:\/\/www.xinhaowelding.com\/wp-content\/uploads\/2024\/11\/\u7ec6\u82826-300x225.jpg 300w, https:\/\/www.xinhaowelding.com\/wp-content\/uploads\/2024\/11\/\u7ec6\u82826-768x576.jpg 768w, https:\/\/www.xinhaowelding.com\/wp-content\/uploads\/2024\/11\/\u7ec6\u82826-1536x1152.jpg 1536w, https:\/\/www.xinhaowelding.com\/wp-content\/uploads\/2024\/11\/\u7ec6\u82826-16x12.jpg 16w, https:\/\/www.xinhaowelding.com\/wp-content\/uploads\/2024\/11\/\u7ec6\u82826-600x450.jpg 600w, https:\/\/www.xinhaowelding.com\/wp-content\/uploads\/2024\/11\/\u7ec6\u82826.jpg 1600w\" sizes=\"(max-width: 1024px) 100vw, 1024px\" \/><\/figure>\n<\/div>\n\n\n\n<div class=\"wp-block-uagb-container uagb-block-6ed872a7\">\n<p class=\"has-large-font-size\"><strong>Interruptor de pedal<\/strong><\/p>\n\n\n\n<div class=\"wp-block-group is-layout-constrained wp-block-group-is-layout-constrained\">\n<p>Interruptor de pedal Mingde<\/p>\n\n\n\n<p>Cable de alimentaci\u00f3n internacional, garant\u00eda de seguridad<\/p>\n<\/div>\n<\/div>\n<\/div><\/div>\n\n\n\n<p>&nbsp;<\/p>\n\n\n\n<h2 class=\"wp-block-heading\"><u>\u4ea7\u54c1\u89e3\u6790<\/u><\/h2>\n\n\n\n<h2 class=\"wp-block-heading\">An\u00e1lisis de productos<\/h2>\n\n\n\n<figure class=\"wp-block-image aligncenter\"><img loading=\"lazy\" decoding=\"async\" width=\"1001\" height=\"1024\" src=\"https:\/\/www.xinhaowelding.com\/wp-content\/uploads\/2024\/11\/\u89e3\u6790\u6587\u4ef6-1001x1024.png\" alt=\"\" class=\"wp-image-3845\" srcset=\"https:\/\/www.xinhaowelding.com\/wp-content\/uploads\/2024\/11\/\u89e3\u6790\u6587\u4ef6-1001x1024.png 1001w, https:\/\/www.xinhaowelding.com\/wp-content\/uploads\/2024\/11\/\u89e3\u6790\u6587\u4ef6-293x300.png 293w, https:\/\/www.xinhaowelding.com\/wp-content\/uploads\/2024\/11\/\u89e3\u6790\u6587\u4ef6-768x786.png 768w, https:\/\/www.xinhaowelding.com\/wp-content\/uploads\/2024\/11\/\u89e3\u6790\u6587\u4ef6-1501x1536.png 1501w, https:\/\/www.xinhaowelding.com\/wp-content\/uploads\/2024\/11\/\u89e3\u6790\u6587\u4ef6-2001x2048.png 2001w, https:\/\/www.xinhaowelding.com\/wp-content\/uploads\/2024\/11\/\u89e3\u6790\u6587\u4ef6-12x12.png 12w, https:\/\/www.xinhaowelding.com\/wp-content\/uploads\/2024\/11\/\u89e3\u6790\u6587\u4ef6-600x614.png 600w\" sizes=\"(max-width: 1001px) 100vw, 1001px\" \/><\/figure>\n\n\n\n<p><\/p>\n\n\n\n<figure class=\"wp-block-table\"><table class=\"has-fixed-layout\"><tbody><tr><td>1<\/td><td>Armario de control soldado por l\u00e1ser<\/td><td>8<\/td><td>Alimentador de hilo de soldadura<\/td><\/tr><tr><td>2<\/td><td>Posicionador de soldadura<\/td><td>9<\/td><td>Caja de control PLC<\/td><\/tr><tr><td>3<\/td><td>Mandril de soldadura<\/td><td>10<\/td><td>turboworm<\/td><\/tr><tr><td>4<\/td><td>Pistola de soldadura l\u00e1ser<\/td><td>11<\/td><td>Motorreductor<\/td><\/tr><tr><td>5<\/td><td>Oscilador de soldadura<\/td><td>12<\/td><td>vertical<\/td><\/tr><tr><td>6<\/td><td>Recorte manual hacia arriba y hacia abajo<\/td><td>13<\/td><td>Base fija deslizante<\/td><\/tr><tr><td>7<\/td><td>Viga de proa y popa<\/td><td>14<\/td><td>Base de la m\u00e1quina<\/td><\/tr><\/tbody><\/table><\/figure>\n\n\n\n<h2 class=\"wp-block-heading\"><u>\u73b0\u573a\u5b9e\u62cd<\/u><\/h2>\n\n\n\n<h2 class=\"wp-block-heading\">Tomas en directo<\/h2>\n\n\n\n<figure class=\"wp-block-image\"><img loading=\"lazy\" decoding=\"async\" width=\"1600\" height=\"2204\" src=\"https:\/\/www.xinhaowelding.com\/wp-content\/uploads\/2024\/11\/\u5c55\u793a-3.png\" alt=\"\" class=\"wp-image-3848\" srcset=\"https:\/\/www.xinhaowelding.com\/wp-content\/uploads\/2024\/11\/\u5c55\u793a-3.png 1600w, https:\/\/www.xinhaowelding.com\/wp-content\/uploads\/2024\/11\/\u5c55\u793a-3-218x300.png 218w, https:\/\/www.xinhaowelding.com\/wp-content\/uploads\/2024\/11\/\u5c55\u793a-3-743x1024.png 743w, https:\/\/www.xinhaowelding.com\/wp-content\/uploads\/2024\/11\/\u5c55\u793a-3-768x1058.png 768w, https:\/\/www.xinhaowelding.com\/wp-content\/uploads\/2024\/11\/\u5c55\u793a-3-1115x1536.png 1115w, https:\/\/www.xinhaowelding.com\/wp-content\/uploads\/2024\/11\/\u5c55\u793a-3-1487x2048.png 1487w, https:\/\/www.xinhaowelding.com\/wp-content\/uploads\/2024\/11\/\u5c55\u793a-3-9x12.png 9w, https:\/\/www.xinhaowelding.com\/wp-content\/uploads\/2024\/11\/\u5c55\u793a-3-600x827.png 600w\" sizes=\"(max-width: 1600px) 100vw, 1600px\" \/><\/figure>\n\n\n\n<p><a href=\"http:\/\/www.google.com\" title=\"www.google.com\">www.google.com<\/a><\/p>\n\n\n\n<h2 class=\"wp-block-heading\">&nbsp;<\/h2>","protected":false},"excerpt":{"rendered":"<p><strong>Soldadoras l\u00e1ser robotizadas con control CNC: perfectas para la soldadura de acero inoxidable, aluminio y aleaciones. Costuras uniformes y de alta calidad con una distorsi\u00f3n t\u00e9rmica m\u00ednima.<\/strong><\/p>","protected":false},"featured_media":3284,"comment_status":"open","ping_status":"closed","template":"","meta":{"om_disable_all_campaigns":false,"_uag_custom_page_level_css":"","_monsterinsights_skip_tracking":false,"_monsterinsights_sitenote_active":false,"_monsterinsights_sitenote_note":"","_monsterinsights_sitenote_category":0,"site-sidebar-layout":"default","site-content-layout":"","ast-site-content-layout":"default","site-content-style":"default","site-sidebar-style":"default","ast-global-header-display":"","ast-banner-title-visibility":"","ast-main-header-display":"","ast-hfb-above-header-display":"","ast-hfb-below-header-display":"","ast-hfb-mobile-header-display":"","site-post-title":"","ast-breadcrumbs-content":"","ast-featured-img":"","footer-sml-layout":"","theme-transparent-header-meta":"default","adv-header-id-meta":"","stick-header-meta":"","header-above-stick-meta":"","header-main-stick-meta":"","header-below-stick-meta":"","astra-migrate-meta-layouts":"set","ast-page-background-enabled":"default","ast-page-background-meta":{"desktop":{"background-color":"","background-image":"","background-repeat":"repeat","background-position":"center center","background-size":"auto","background-attachment":"scroll","background-type":"","background-media":"","overlay-type":"","overlay-color":"","overlay-opacity":"","overlay-gradient":""},"tablet":{"background-color":"","background-image":"","background-repeat":"repeat","background-position":"center center","background-size":"auto","background-attachment":"scroll","background-type":"","background-media":"","overlay-type":"","overlay-color":"","overlay-opacity":"","overlay-gradient":""},"mobile":{"background-color":"","background-image":"","background-repeat":"repeat","background-position":"center center","background-size":"auto","background-attachment":"scroll","background-type":"","background-media":"","overlay-type":"","overlay-color":"","overlay-opacity":"","overlay-gradient":""}},"ast-content-background-meta":{"desktop":{"background-color":"var(--ast-global-color-5)","background-image":"","background-repeat":"repeat","background-position":"center center","background-size":"auto","background-attachment":"scroll","background-type":"","background-media":"","overlay-type":"","overlay-color":"","overlay-opacity":"","overlay-gradient":""},"tablet":{"background-color":"var(--ast-global-color-5)","background-image":"","background-repeat":"repeat","background-position":"center center","background-size":"auto","background-attachment":"scroll","background-type":"","background-media":"","overlay-type":"","overlay-color":"","overlay-opacity":"","overlay-gradient":""},"mobile":{"background-color":"var(--ast-global-color-5)","background-image":"","background-repeat":"repeat","background-position":"center center","background-size":"auto","background-attachment":"scroll","background-type":"","background-media":"","overlay-type":"","overlay-color":"","overlay-opacity":"","overlay-gradient":""}}},"product_brand":[],"product_cat":[70],"product_tag":[],"class_list":{"0":"post-3283","1":"product","2":"type-product","3":"status-publish","4":"has-post-thumbnail","6":"product_cat-automatic-laser-welding","7":"desktop-align-left","8":"tablet-align-left","9":"mobile-align-left","11":"first","12":"instock","13":"shipping-taxable","14":"product-type-simple"},"aioseo_notices":[],"uagb_featured_image_src":{"full":["https:\/\/www.xinhaowelding.com\/wp-content\/uploads\/2024\/11\/\u672a\u6807\u9898-1-1.jpg",800,800,false],"thumbnail":["https:\/\/www.xinhaowelding.com\/wp-content\/uploads\/2024\/11\/\u672a\u6807\u9898-1-1-150x150.jpg",150,150,true],"medium":["https:\/\/www.xinhaowelding.com\/wp-content\/uploads\/2024\/11\/\u672a\u6807\u9898-1-1-300x300.jpg",300,300,true],"medium_large":["https:\/\/www.xinhaowelding.com\/wp-content\/uploads\/2024\/11\/\u672a\u6807\u9898-1-1-768x768.jpg",768,768,true],"large":["https:\/\/www.xinhaowelding.com\/wp-content\/uploads\/2024\/11\/\u672a\u6807\u9898-1-1.jpg",800,800,false],"1536x1536":["https:\/\/www.xinhaowelding.com\/wp-content\/uploads\/2024\/11\/\u672a\u6807\u9898-1-1.jpg",800,800,false],"2048x2048":["https:\/\/www.xinhaowelding.com\/wp-content\/uploads\/2024\/11\/\u672a\u6807\u9898-1-1.jpg",800,800,false],"trp-custom-language-flag":["https:\/\/www.xinhaowelding.com\/wp-content\/uploads\/2024\/11\/\u672a\u6807\u9898-1-1-12x12.jpg",12,12,true],"woocommerce_thumbnail":["https:\/\/www.xinhaowelding.com\/wp-content\/uploads\/2024\/11\/\u672a\u6807\u9898-1-1-600x600.jpg",600,600,true],"woocommerce_single":["https:\/\/www.xinhaowelding.com\/wp-content\/uploads\/2024\/11\/\u672a\u6807\u9898-1-1-600x600.jpg",600,600,true],"woocommerce_gallery_thumbnail":["https:\/\/www.xinhaowelding.com\/wp-content\/uploads\/2024\/11\/\u672a\u6807\u9898-1-1-100x100.jpg",100,100,true]},"uagb_author_info":{"display_name":"jinxing6611@gmail.com","author_link":"https:\/\/www.xinhaowelding.com\/es\/author\/"},"uagb_comment_info":0,"uagb_excerpt":"Robotic laser welders with CNC control - perfect for stainless steel, aluminum &amp; alloy welding. Consistent, high-quality seams with minimal heat distortion.","_links":{"self":[{"href":"https:\/\/www.xinhaowelding.com\/es\/wp-json\/wp\/v2\/product\/3283","targetHints":{"allow":["GET"]}}],"collection":[{"href":"https:\/\/www.xinhaowelding.com\/es\/wp-json\/wp\/v2\/product"}],"about":[{"href":"https:\/\/www.xinhaowelding.com\/es\/wp-json\/wp\/v2\/types\/product"}],"replies":[{"embeddable":true,"href":"https:\/\/www.xinhaowelding.com\/es\/wp-json\/wp\/v2\/comments?post=3283"}],"wp:featuredmedia":[{"embeddable":true,"href":"https:\/\/www.xinhaowelding.com\/es\/wp-json\/wp\/v2\/media\/3284"}],"wp:attachment":[{"href":"https:\/\/www.xinhaowelding.com\/es\/wp-json\/wp\/v2\/media?parent=3283"}],"wp:term":[{"taxonomy":"product_brand","embeddable":true,"href":"https:\/\/www.xinhaowelding.com\/es\/wp-json\/wp\/v2\/product_brand?post=3283"},{"taxonomy":"product_cat","embeddable":true,"href":"https:\/\/www.xinhaowelding.com\/es\/wp-json\/wp\/v2\/product_cat?post=3283"},{"taxonomy":"product_tag","embeddable":true,"href":"https:\/\/www.xinhaowelding.com\/es\/wp-json\/wp\/v2\/product_tag?post=3283"}],"curies":[{"name":"wp","href":"https:\/\/api.w.org\/{rel}","templated":true}]}}