{"id":4205,"date":"2024-12-07T02:31:48","date_gmt":"2024-12-07T02:31:48","guid":{"rendered":"https:\/\/www.xinhaowelding.com\/?post_type=product&#038;p=4205"},"modified":"2025-04-07T07:26:37","modified_gmt":"2025-04-07T07:26:37","slug":"screw-rod-adjustable-roller-stand","status":"publish","type":"product","link":"https:\/\/www.xinhaowelding.com\/es\/producto\/screw-rod-adjustable-roller-stand\/","title":{"rendered":"Soporte de rodillo ajustable con varilla roscada | Posicionador de soldadura"},"content":{"rendered":"<h2 class=\"wp-block-heading\"><strong><a href=\"https:\/\/www.xinhaowelding.com\/es\/producto\/screw-rod-adjustable-roller-stand\/\" title=\"\u4e1d\u6746\u53ef\u8c03\u6eda\u8f6e\u67b6\">\u4e1d\u6746\u53ef\u8c03\u6eda\u8f6e\u67b6<\/a><\/strong><\/h2>\n\n\n\n<h2 class=\"wp-block-heading\">Soporte de rodillo ajustable con varilla roscada<\/h2>\n\n\n\n<p> El bastidor de rodillos con ajuste por tornillo es un dispositivo esencial en diversas aplicaciones industriales, especialmente en el campo de la soldadura y la fabricaci\u00f3n.<\/p>\n\n\n\n<h2 class=\"wp-block-heading\">Principio de funcionamiento<\/h2>\n\n\n\n<p>El principio de funcionamiento del bastidor de rodillos atornillados se basa en la fricci\u00f3n entre la pieza de trabajo y los rodillos activos. Accionados por el dispositivo de transmisi\u00f3n, los rodillos activos giran y utilizan la fuerza de fricci\u00f3n para hacer girar la pieza de trabajo cil\u00edndrica o c\u00f3nica. Por ejemplo, en el proceso de soldadura, la rotaci\u00f3n de la pieza de trabajo puede garantizar la uniformidad y la calidad del cord\u00f3n de soldadura.<\/p>\n\n\n\n<p>El bastidor de rodillos producido por nuestra empresa puede dividirse en tres formas de autoajuste, ajuste por tornillo y ajuste por tornillo seg\u00fan el m\u00e9todo de ajuste.<\/p>\n\n\n\n<p> Elija famoso inversor, con cable o inal\u00e1mbrica caja de control de velocidad, la velocidad de visualizaci\u00f3n digital.<\/p>\n\n\n\n<p> Motor, inversor garant\u00eda gratuita por un a\u00f1o, flete nacional.<\/p>\n\n\n\n<p>El bastidor de rodillos con ajuste por tornillo es un dispositivo industrial vers\u00e1til. Utiliza tornillos para ajustar la distancia entre rodillos a piezas de diferentes tama\u00f1os. Con transmisi\u00f3n estable y regulaci\u00f3n de velocidad a menudo continua, se aplica ampliamente en soldadura, fabricaci\u00f3n, etc. Aumenta la eficiencia y la calidad, reduciendo la intensidad de la mano de obra.<\/p>\n\n\n\n<h2 class=\"wp-block-heading\">Campos de aplicaci\u00f3n<\/h2>\n\n\n\n<p>El bastidor de rodillos con ajuste por tornillo se utiliza ampliamente en muchas industrias. <\/p>\n\n\n\n<p>En la industria e\u00f3lica, se utiliza para soldar y ensamblar componentes cil\u00edndricos como torres de aerogeneradores. <\/p>\n\n\n\n<p>En la industria de recipientes a presi\u00f3n, ayuda en la producci\u00f3n de diversos recipientes a presi\u00f3n, garantizando la calidad de los cordones de soldadura. <\/p>\n\n\n\n<p>En la industria petroqu\u00edmica, se utiliza para el tratamiento de tuber\u00edas y tanques de almacenamiento. <\/p>\n\n\n\n<p>Adem\u00e1s, tambi\u00e9n tiene importantes aplicaciones en los campos de las estructuras de acero, las calderas y la construcci\u00f3n naval. <\/p>\n\n\n\n<p>Puede decirse que siempre que sea necesario procesar piezas cil\u00edndricas, el bastidor de rodillos ajustado por husillo puede desempe\u00f1ar un papel importante.<\/p>\n\n\n\n<p>En conclusi\u00f3n, el bastidor de rodillos con ajuste por tornillo es un dispositivo industrial de alto rendimiento, fiable y vers\u00e1til. Su dise\u00f1o \u00fanico y excelente rendimiento lo convierten en una herramienta indispensable en las industrias modernas de fabricaci\u00f3n y procesamiento, que puede mejorar la eficiencia de la producci\u00f3n, la calidad del producto y reducir la intensidad de mano de obra.<\/p>\n\n\n\n<figure class=\"wp-block-table\"><table class=\"has-fixed-layout\"><tbody><tr><td><strong>N\u00famero de modelo<\/strong><strong><\/strong><\/td><td><strong>carga<\/strong><strong><\/strong><\/td><td><strong>\u00c1mbito de aplicaci\u00f3n<\/strong><strong><\/strong><\/td><td><strong>Tama\u00f1o del rodillo<\/strong><strong><\/strong><\/td><td><strong>Potencia del motor<\/strong><strong><\/strong><\/td><td><strong>Ser due\u00f1o de s\u00ed mismo<\/strong><strong><\/strong><\/td><\/tr><tr><td>KT-5S<\/td><td>5T<\/td><td>250-2500 mm<\/td><td>\u03a6220*120<\/td><td>2*0,37KW<\/td><td>510KG<\/td><\/tr><tr><td>KT-10S<\/td><td>10T<\/td><td>350-3800 mm<\/td><td>\u03a6250*120<\/td><td>2*0,55KW<\/td><td>700KG<\/td><\/tr><tr><td>KT-20S<\/td><td>20T<\/td><td>350-3800 mm<\/td><td>\u03a6300*140<\/td><td>2*0,75KW<\/td><td>950KG<\/td><\/tr><\/tbody><\/table><\/figure>\n\n\n\n<h2 class=\"wp-block-heading has-large-font-size\"><strong><u><strong>\u4ea7\u54c1\u7ec6\u8282<\/strong><\/u><\/strong><strong><u><strong><\/strong><\/u><\/strong><\/h2>\n\n\n\n<h2 class=\"wp-block-heading has-large-font-size\"><strong>Detalles del producto<\/strong><strong><\/strong><\/h2>\n\n\n\n<div class=\"wp-block-uagb-container uagb-block-61439211 alignfull uagb-is-root-container\"><div class=\"uagb-container-inner-blocks-wrap\">\n<div class=\"wp-block-uagb-container uagb-block-6679b4f2\">\n<figure class=\"wp-block-image size-large\"><img fetchpriority=\"high\" decoding=\"async\" width=\"1024\" height=\"819\" src=\"https:\/\/www.xinhaowelding.com\/wp-content\/uploads\/2024\/11\/\u7ec6\u82821-7-1024x819.jpg\" alt=\"\" class=\"wp-image-3970\" srcset=\"https:\/\/www.xinhaowelding.com\/wp-content\/uploads\/2024\/11\/\u7ec6\u82821-7-1024x819.jpg 1024w, https:\/\/www.xinhaowelding.com\/wp-content\/uploads\/2024\/11\/\u7ec6\u82821-7-300x240.jpg 300w, https:\/\/www.xinhaowelding.com\/wp-content\/uploads\/2024\/11\/\u7ec6\u82821-7-768x615.jpg 768w, https:\/\/www.xinhaowelding.com\/wp-content\/uploads\/2024\/11\/\u7ec6\u82821-7-1536x1229.jpg 1536w, https:\/\/www.xinhaowelding.com\/wp-content\/uploads\/2024\/11\/\u7ec6\u82821-7-2048x1639.jpg 2048w, https:\/\/www.xinhaowelding.com\/wp-content\/uploads\/2024\/11\/\u7ec6\u82821-7-15x12.jpg 15w, https:\/\/www.xinhaowelding.com\/wp-content\/uploads\/2024\/11\/\u7ec6\u82821-7-600x480.jpg 600w\" sizes=\"(max-width: 1024px) 100vw, 1024px\" \/><\/figure>\n<\/div>\n\n\n\n<div class=\"wp-block-uagb-container uagb-block-f00c14aa\">\n<p class=\"has-large-font-size\"><strong>Estructura ajustada<\/strong><\/p>\n\n\n\n<div class=\"wp-block-group is-layout-constrained wp-block-group-is-layout-constrained\">\n<p>El dise\u00f1o de la estructura es sencillo y compacto<\/p>\n\n\n\n<p>Tama\u00f1o peque\u00f1o, peso ligero<\/p>\n<\/div>\n<\/div>\n<\/div><\/div>\n\n\n\n<div class=\"wp-block-uagb-container uagb-block-0d4ba97f alignfull uagb-is-root-container\"><div class=\"uagb-container-inner-blocks-wrap\">\n<div class=\"wp-block-uagb-container uagb-block-dd71335e\">\n<figure class=\"wp-block-image size-full\"><img decoding=\"async\" width=\"1000\" height=\"800\" src=\"https:\/\/www.xinhaowelding.com\/wp-content\/uploads\/2024\/12\/\u7ec6\u82822-2.jpg\" alt=\"\" class=\"wp-image-4192\" srcset=\"https:\/\/www.xinhaowelding.com\/wp-content\/uploads\/2024\/12\/\u7ec6\u82822-2.jpg 1000w, https:\/\/www.xinhaowelding.com\/wp-content\/uploads\/2024\/12\/\u7ec6\u82822-2-300x240.jpg 300w, https:\/\/www.xinhaowelding.com\/wp-content\/uploads\/2024\/12\/\u7ec6\u82822-2-768x614.jpg 768w, https:\/\/www.xinhaowelding.com\/wp-content\/uploads\/2024\/12\/\u7ec6\u82822-2-15x12.jpg 15w, https:\/\/www.xinhaowelding.com\/wp-content\/uploads\/2024\/12\/\u7ec6\u82822-2-600x480.jpg 600w\" sizes=\"(max-width: 1000px) 100vw, 1000px\" \/><\/figure>\n<\/div>\n\n\n\n<div class=\"wp-block-uagb-container uagb-block-46590eab\">\n<p class=\"has-large-font-size\"><strong><strong>Gran capacidad de carga<\/strong><\/strong><\/p>\n\n\n\n<div class=\"wp-block-group is-layout-constrained wp-block-group-is-layout-constrained\">\n<p>Accionamiento de motor con control de frecuencia variable y par constante<\/p>\n\n\n\n<p>Gran capacidad de carga, estabilidad a baja velocidad<\/p>\n<\/div>\n<\/div>\n<\/div><\/div>\n\n\n\n<div class=\"wp-block-uagb-container uagb-block-9771caea alignfull uagb-is-root-container\"><div class=\"uagb-container-inner-blocks-wrap\">\n<div class=\"wp-block-uagb-container uagb-block-e9cc5670\">\n<figure class=\"wp-block-image size-full\"><img decoding=\"async\" width=\"1000\" height=\"800\" src=\"https:\/\/www.xinhaowelding.com\/wp-content\/uploads\/2024\/12\/\u7ec6\u82823-2.jpg\" alt=\"\" class=\"wp-image-4193\" srcset=\"https:\/\/www.xinhaowelding.com\/wp-content\/uploads\/2024\/12\/\u7ec6\u82823-2.jpg 1000w, https:\/\/www.xinhaowelding.com\/wp-content\/uploads\/2024\/12\/\u7ec6\u82823-2-300x240.jpg 300w, https:\/\/www.xinhaowelding.com\/wp-content\/uploads\/2024\/12\/\u7ec6\u82823-2-768x614.jpg 768w, https:\/\/www.xinhaowelding.com\/wp-content\/uploads\/2024\/12\/\u7ec6\u82823-2-15x12.jpg 15w, https:\/\/www.xinhaowelding.com\/wp-content\/uploads\/2024\/12\/\u7ec6\u82823-2-600x480.jpg 600w\" sizes=\"(max-width: 1000px) 100vw, 1000px\" \/><\/figure>\n<\/div>\n\n\n\n<div class=\"wp-block-uagb-container uagb-block-bd47a889\">\n<p class=\"has-large-font-size\"><strong><strong><strong>Funcionamiento sencillo<\/strong><\/strong><\/strong><\/p>\n\n\n\n<div class=\"wp-block-group is-layout-constrained wp-block-group-is-layout-constrained\">\n<p>F\u00e1cil de manejar<\/p>\n\n\n\n<p>Instalaci\u00f3n y manejo c\u00f3modos, gran viabilidad<\/p>\n<\/div>\n<\/div>\n<\/div><\/div>\n\n\n\n<div class=\"wp-block-uagb-container uagb-block-8614db85 alignfull uagb-is-root-container\"><div class=\"uagb-container-inner-blocks-wrap\">\n<div class=\"wp-block-uagb-container uagb-block-7bb4ac33\">\n<figure class=\"wp-block-image size-large\"><img loading=\"lazy\" decoding=\"async\" width=\"1024\" height=\"819\" src=\"https:\/\/www.xinhaowelding.com\/wp-content\/uploads\/2024\/11\/xijie-4-1024x819.jpg\" alt=\"\" class=\"wp-image-3964\" srcset=\"https:\/\/www.xinhaowelding.com\/wp-content\/uploads\/2024\/11\/xijie-4-1024x819.jpg 1024w, https:\/\/www.xinhaowelding.com\/wp-content\/uploads\/2024\/11\/xijie-4-300x240.jpg 300w, https:\/\/www.xinhaowelding.com\/wp-content\/uploads\/2024\/11\/xijie-4-768x615.jpg 768w, https:\/\/www.xinhaowelding.com\/wp-content\/uploads\/2024\/11\/xijie-4-1536x1229.jpg 1536w, https:\/\/www.xinhaowelding.com\/wp-content\/uploads\/2024\/11\/xijie-4-2048x1639.jpg 2048w, https:\/\/www.xinhaowelding.com\/wp-content\/uploads\/2024\/11\/xijie-4-15x12.jpg 15w, https:\/\/www.xinhaowelding.com\/wp-content\/uploads\/2024\/11\/xijie-4-600x480.jpg 600w\" sizes=\"(max-width: 1024px) 100vw, 1024px\" \/><\/figure>\n<\/div>\n\n\n\n<div class=\"wp-block-uagb-container uagb-block-2070aa06\">\n<p class=\"has-large-font-size\"><strong><strong><strong><strong>Rodillo de poliuretano<\/strong><\/strong><\/strong><\/strong><\/p>\n\n\n\n<div class=\"wp-block-group is-layout-constrained wp-block-group-is-layout-constrained\">\n<p>Aumentar la fricci\u00f3n entre el rodillo y la pieza de trabajo<\/p>\n\n\n\n<p>Resistente al desgaste, a la humedad y antideslizante<\/p>\n<\/div>\n<\/div>\n<\/div><\/div>\n\n\n\n<h2 class=\"wp-block-heading has-large-font-size\">\u4ea7\u54c1\u89e3\u6790<\/h2>\n\n\n\n<h2 class=\"wp-block-heading has-large-font-size\">An\u00e1lisis de productos<\/h2>\n\n\n\n<div class=\"wp-block-uagb-container uagb-block-901054a5 alignfull uagb-is-root-container\"><div class=\"uagb-container-inner-blocks-wrap\">\n<figure class=\"wp-block-image aligncenter size-full\"><img loading=\"lazy\" decoding=\"async\" width=\"747\" height=\"533\" src=\"https:\/\/www.xinhaowelding.com\/wp-content\/uploads\/2024\/12\/\u4e1d\u6746\u53ef\u8c03.png\" alt=\"\" class=\"wp-image-4210\" srcset=\"https:\/\/www.xinhaowelding.com\/wp-content\/uploads\/2024\/12\/\u4e1d\u6746\u53ef\u8c03.png 747w, https:\/\/www.xinhaowelding.com\/wp-content\/uploads\/2024\/12\/\u4e1d\u6746\u53ef\u8c03-300x214.png 300w, https:\/\/www.xinhaowelding.com\/wp-content\/uploads\/2024\/12\/\u4e1d\u6746\u53ef\u8c03-18x12.png 18w, https:\/\/www.xinhaowelding.com\/wp-content\/uploads\/2024\/12\/\u4e1d\u6746\u53ef\u8c03-600x428.png 600w\" sizes=\"(max-width: 747px) 100vw, 747px\" \/><\/figure>\n<\/div><\/div>\n\n\n\n<h2 class=\"wp-block-heading has-large-font-size\">\u73b0\u573a\u5b9e\u62cd<\/h2>\n\n\n\n<h2 class=\"wp-block-heading has-large-font-size\">Tomas en directo<\/h2>\n\n\n\n<div class=\"wp-block-uagb-container uagb-block-8095a016 alignfull uagb-is-root-container\"><div class=\"uagb-container-inner-blocks-wrap\">\n<div class=\"wp-block-uagb-container uagb-block-d74f2cdd\">\n<figure class=\"wp-block-image size-full\"><img loading=\"lazy\" decoding=\"async\" width=\"750\" height=\"1000\" src=\"https:\/\/www.xinhaowelding.com\/wp-content\/uploads\/2024\/12\/\u5b9e\u62cd3-5.jpg\" alt=\"\" class=\"wp-image-4208\" srcset=\"https:\/\/www.xinhaowelding.com\/wp-content\/uploads\/2024\/12\/\u5b9e\u62cd3-5.jpg 750w, https:\/\/www.xinhaowelding.com\/wp-content\/uploads\/2024\/12\/\u5b9e\u62cd3-5-225x300.jpg 225w, https:\/\/www.xinhaowelding.com\/wp-content\/uploads\/2024\/12\/\u5b9e\u62cd3-5-9x12.jpg 9w, https:\/\/www.xinhaowelding.com\/wp-content\/uploads\/2024\/12\/\u5b9e\u62cd3-5-600x800.jpg 600w\" sizes=\"(max-width: 750px) 100vw, 750px\" \/><\/figure>\n<\/div>\n\n\n\n<div class=\"wp-block-uagb-container uagb-block-e1fb5568\">\n<figure class=\"wp-block-image size-full\"><img loading=\"lazy\" decoding=\"async\" width=\"750\" height=\"1000\" src=\"https:\/\/www.xinhaowelding.com\/wp-content\/uploads\/2024\/12\/\u5b9e\u62cd4-5.jpg\" alt=\"\" class=\"wp-image-4209\" srcset=\"https:\/\/www.xinhaowelding.com\/wp-content\/uploads\/2024\/12\/\u5b9e\u62cd4-5.jpg 750w, https:\/\/www.xinhaowelding.com\/wp-content\/uploads\/2024\/12\/\u5b9e\u62cd4-5-225x300.jpg 225w, https:\/\/www.xinhaowelding.com\/wp-content\/uploads\/2024\/12\/\u5b9e\u62cd4-5-9x12.jpg 9w, https:\/\/www.xinhaowelding.com\/wp-content\/uploads\/2024\/12\/\u5b9e\u62cd4-5-600x800.jpg 600w\" sizes=\"(max-width: 750px) 100vw, 750px\" \/><\/figure>\n<\/div>\n\n\n\n<div class=\"wp-block-uagb-container uagb-block-626730d6\">\n<figure class=\"wp-block-image size-full\"><img loading=\"lazy\" decoding=\"async\" width=\"750\" height=\"1000\" src=\"https:\/\/www.xinhaowelding.com\/wp-content\/uploads\/2024\/12\/\u5b9e\u62cd2-4.jpg\" alt=\"\" class=\"wp-image-4207\" srcset=\"https:\/\/www.xinhaowelding.com\/wp-content\/uploads\/2024\/12\/\u5b9e\u62cd2-4.jpg 750w, https:\/\/www.xinhaowelding.com\/wp-content\/uploads\/2024\/12\/\u5b9e\u62cd2-4-225x300.jpg 225w, https:\/\/www.xinhaowelding.com\/wp-content\/uploads\/2024\/12\/\u5b9e\u62cd2-4-9x12.jpg 9w, https:\/\/www.xinhaowelding.com\/wp-content\/uploads\/2024\/12\/\u5b9e\u62cd2-4-600x800.jpg 600w\" sizes=\"(max-width: 750px) 100vw, 750px\" \/><\/figure>\n<\/div>\n\n\n\n<div class=\"wp-block-uagb-container uagb-block-ea3ea4df\">\n<figure class=\"wp-block-image size-full\"><img loading=\"lazy\" decoding=\"async\" width=\"750\" height=\"1000\" src=\"https:\/\/www.xinhaowelding.com\/wp-content\/uploads\/2024\/12\/\u5b9e\u62cd1-4.jpg\" alt=\"\" class=\"wp-image-4206\" srcset=\"https:\/\/www.xinhaowelding.com\/wp-content\/uploads\/2024\/12\/\u5b9e\u62cd1-4.jpg 750w, https:\/\/www.xinhaowelding.com\/wp-content\/uploads\/2024\/12\/\u5b9e\u62cd1-4-225x300.jpg 225w, https:\/\/www.xinhaowelding.com\/wp-content\/uploads\/2024\/12\/\u5b9e\u62cd1-4-9x12.jpg 9w, https:\/\/www.xinhaowelding.com\/wp-content\/uploads\/2024\/12\/\u5b9e\u62cd1-4-600x800.jpg 600w\" sizes=\"(max-width: 750px) 100vw, 750px\" \/><\/figure>\n<\/div>\n<\/div><\/div>\n\n\n\n<p><a href=\"http:\/\/www.google.com\" title=\"www.google.com\">www.google.com<\/a><\/p>","protected":false},"excerpt":{"rendered":"<p><strong>Soporte de rodillo de varilla roscada ajustable para soldadura - Posicionamiento de precisi\u00f3n, soporte resistente y rotaci\u00f3n suave para fabricaci\u00f3n de tuber\u00edas\/chapas met\u00e1licas.<\/strong><\/p>","protected":false},"featured_media":4211,"comment_status":"open","ping_status":"closed","template":"","meta":{"om_disable_all_campaigns":false,"_uag_custom_page_level_css":"","_monsterinsights_skip_tracking":false,"_monsterinsights_sitenote_active":false,"_monsterinsights_sitenote_note":"","_monsterinsights_sitenote_category":0,"site-sidebar-layout":"default","site-content-layout":"","ast-site-content-layout":"default","site-content-style":"default","site-sidebar-style":"default","ast-global-header-display":"","ast-banner-title-visibility":"","ast-main-header-display":"","ast-hfb-above-header-display":"","ast-hfb-below-header-display":"","ast-hfb-mobile-header-display":"","site-post-title":"","ast-breadcrumbs-content":"","ast-featured-img":"","footer-sml-layout":"","theme-transparent-header-meta":"","adv-header-id-meta":"","stick-header-meta":"","header-above-stick-meta":"","header-main-stick-meta":"","header-below-stick-meta":"","astra-migrate-meta-layouts":"set","ast-page-background-enabled":"default","ast-page-background-meta":{"desktop":{"background-color":"","background-image":"","background-repeat":"repeat","background-position":"center center","background-size":"auto","background-attachment":"scroll","background-type":"","background-media":"","overlay-type":"","overlay-color":"","overlay-opacity":"","overlay-gradient":""},"tablet":{"background-color":"","background-image":"","background-repeat":"repeat","background-position":"center center","background-size":"auto","background-attachment":"scroll","background-type":"","background-media":"","overlay-type":"","overlay-color":"","overlay-opacity":"","overlay-gradient":""},"mobile":{"background-color":"","background-image":"","background-repeat":"repeat","background-position":"center center","background-size":"auto","background-attachment":"scroll","background-type":"","background-media":"","overlay-type":"","overlay-color":"","overlay-opacity":"","overlay-gradient":""}},"ast-content-background-meta":{"desktop":{"background-color":"var(--ast-global-color-5)","background-image":"","background-repeat":"repeat","background-position":"center center","background-size":"auto","background-attachment":"scroll","background-type":"","background-media":"","overlay-type":"","overlay-color":"","overlay-opacity":"","overlay-gradient":""},"tablet":{"background-color":"var(--ast-global-color-5)","background-image":"","background-repeat":"repeat","background-position":"center center","background-size":"auto","background-attachment":"scroll","background-type":"","background-media":"","overlay-type":"","overlay-color":"","overlay-opacity":"","overlay-gradient":""},"mobile":{"background-color":"var(--ast-global-color-5)","background-image":"","background-repeat":"repeat","background-position":"center center","background-size":"auto","background-attachment":"scroll","background-type":"","background-media":"","overlay-type":"","overlay-color":"","overlay-opacity":"","overlay-gradient":""}}},"product_brand":[],"product_cat":[75,59],"product_tag":[],"class_list":{"0":"post-4205","1":"product","2":"type-product","3":"status-publish","4":"has-post-thumbnail","6":"product_cat-lead-screw-adiustable-rotator","7":"product_cat-welding-rotator","8":"desktop-align-left","9":"tablet-align-left","10":"mobile-align-left","12":"first","13":"instock","14":"shipping-taxable","15":"product-type-simple"},"aioseo_notices":[],"uagb_featured_image_src":{"full":["https:\/\/www.xinhaowelding.com\/wp-content\/uploads\/2024\/12\/1-4.jpg",800,800,false],"thumbnail":["https:\/\/www.xinhaowelding.com\/wp-content\/uploads\/2024\/12\/1-4-150x150.jpg",150,150,true],"medium":["https:\/\/www.xinhaowelding.com\/wp-content\/uploads\/2024\/12\/1-4-300x300.jpg",300,300,true],"medium_large":["https:\/\/www.xinhaowelding.com\/wp-content\/uploads\/2024\/12\/1-4-768x768.jpg",768,768,true],"large":["https:\/\/www.xinhaowelding.com\/wp-content\/uploads\/2024\/12\/1-4.jpg",800,800,false],"1536x1536":["https:\/\/www.xinhaowelding.com\/wp-content\/uploads\/2024\/12\/1-4.jpg",800,800,false],"2048x2048":["https:\/\/www.xinhaowelding.com\/wp-content\/uploads\/2024\/12\/1-4.jpg",800,800,false],"trp-custom-language-flag":["https:\/\/www.xinhaowelding.com\/wp-content\/uploads\/2024\/12\/1-4-12x12.jpg",12,12,true],"woocommerce_thumbnail":["https:\/\/www.xinhaowelding.com\/wp-content\/uploads\/2024\/12\/1-4-600x600.jpg",600,600,true],"woocommerce_single":["https:\/\/www.xinhaowelding.com\/wp-content\/uploads\/2024\/12\/1-4-600x600.jpg",600,600,true],"woocommerce_gallery_thumbnail":["https:\/\/www.xinhaowelding.com\/wp-content\/uploads\/2024\/12\/1-4-100x100.jpg",100,100,true]},"uagb_author_info":{"display_name":"jinxing6611@gmail.com","author_link":"https:\/\/www.xinhaowelding.com\/es\/author\/"},"uagb_comment_info":0,"uagb_excerpt":"Adjustable Screw-Rod Roller Stand for Welding - Precision Positioning, Heavy-Duty Support, &amp; Smooth Rotation for Pipe\/Sheet Metal Fabrication.","_links":{"self":[{"href":"https:\/\/www.xinhaowelding.com\/es\/wp-json\/wp\/v2\/product\/4205","targetHints":{"allow":["GET"]}}],"collection":[{"href":"https:\/\/www.xinhaowelding.com\/es\/wp-json\/wp\/v2\/product"}],"about":[{"href":"https:\/\/www.xinhaowelding.com\/es\/wp-json\/wp\/v2\/types\/product"}],"replies":[{"embeddable":true,"href":"https:\/\/www.xinhaowelding.com\/es\/wp-json\/wp\/v2\/comments?post=4205"}],"wp:featuredmedia":[{"embeddable":true,"href":"https:\/\/www.xinhaowelding.com\/es\/wp-json\/wp\/v2\/media\/4211"}],"wp:attachment":[{"href":"https:\/\/www.xinhaowelding.com\/es\/wp-json\/wp\/v2\/media?parent=4205"}],"wp:term":[{"taxonomy":"product_brand","embeddable":true,"href":"https:\/\/www.xinhaowelding.com\/es\/wp-json\/wp\/v2\/product_brand?post=4205"},{"taxonomy":"product_cat","embeddable":true,"href":"https:\/\/www.xinhaowelding.com\/es\/wp-json\/wp\/v2\/product_cat?post=4205"},{"taxonomy":"product_tag","embeddable":true,"href":"https:\/\/www.xinhaowelding.com\/es\/wp-json\/wp\/v2\/product_tag?post=4205"}],"curies":[{"name":"wp","href":"https:\/\/api.w.org\/{rel}","templated":true}]}}