{"id":4234,"date":"2024-12-07T03:32:10","date_gmt":"2024-12-07T03:32:10","guid":{"rendered":"https:\/\/www.xinhaowelding.com\/?post_type=product&#038;p=4234"},"modified":"2025-04-08T01:52:28","modified_gmt":"2025-04-08T01:52:28","slug":"tig-autoatic-welding-2","status":"publish","type":"product","link":"https:\/\/www.xinhaowelding.com\/es\/producto\/tig-autoatic-welding-2\/","title":{"rendered":"ZDH-1140 Auto TIG soldador | m\u00e1quina de soldadura por arco de arg\u00f3n"},"content":{"rendered":"<h2 class=\"wp-block-heading\"><strong><a href=\"https:\/\/www.xinhaowelding.com\/es\/producto\/tig-autoatic-welding-2\/\" title=\"\u6c29\u5f27\u81ea\u52a8\u710a1140\">\u6c29\u5f27\u81ea\u52a8\u710a1140<\/a><\/strong><\/h2>\n\n\n\n<h2 class=\"wp-block-heading\">Soldadura TIG autoatica<\/h2>\n\n\n\n<p>\u25c6Suitable para el tubo del tubo, la curva del tubo, la soldadura plana de la costura del reborde del cuello alto del tubo y la soldadura de la costura de la esquina del reborde del tubo.<\/p>\n\n\n\n<p>\u25c6Adecuado para la soldadura de acero al carbono y acero inoxidable.<\/p>\n\n\n\n<p>\u25c6Standard Autai WSM-400C m\u00e1quina de soldadura por arco de arg\u00f3n, Panasonic YC-400TX4 m\u00e1quina de soldadura por arco de arg\u00f3n se puede seleccionar.<\/p>\n\n\n\n<p>\u25c6Dise\u00f1o integrado, estructura compacta, madura y fiable; posicionamiento preciso de rotaci\u00f3n del mandril de tres mordazas autocentrante.<\/p>\n\n\n\n<p>\u25c63D cruz de soldadura manual + a trav\u00e9s de posicionador de agujero + pistola de soldadura Mecanismo de ajuste de \u00e1ngulo, para asegurar la pistola de soldadura multi-posici\u00f3n, multi-\u00e1ngulo de conversi\u00f3n.<\/p>\n\n\n\n<p>\u25c6Sistema de control adopta la interfaz hombre-m\u00e1quina de pantalla t\u00e1ctil grande, f\u00e1cil operaci\u00f3n, control integrado de los par\u00e1metros del posicionador, par\u00e1metros de oscilaci\u00f3n, corriente de la m\u00e1quina de soldadura, par\u00e1metros de alimentaci\u00f3n de alambre, par\u00e1metros de voltaje de arco.<\/p>\n\n\n\n<p>\u25c6La capacidad de almacenamiento del proceso de soldadura es de 50 conjuntos, y se puede invocar directamente el proceso de soldadura correspondiente seg\u00fan las especificaciones y los n\u00fameros de soldadura.<\/p>\n\n\n\n<p>\u25c6Sistema est\u00e1ndar de seguimiento de la longitud del arco (AVC) y sistema de gui\u00f1ada de la pistola de soldadura (OSC).<\/p>\n\n\n\n<p>\u25c6CNC m\u00e1quina autom\u00e1tica de alimentaci\u00f3n de alambre, con la funci\u00f3n de dibujo de alambre inversa autom\u00e1tica y la funci\u00f3n de alimentaci\u00f3n de alambre pulsante, alta precisi\u00f3n de alimentaci\u00f3n de alambre, el apoyo a la fijaci\u00f3n de alimentaci\u00f3n de alambre.<\/p>\n\n\n\n<p>\u25c6Shanghai Zhengte 10L tanque de agua, sistema de refrigeraci\u00f3n por agua de circulaci\u00f3n forzada, para asegurar la m\u00e1quina durante mucho tiempo un funcionamiento fiable.<\/p>\n\n\n\n<p>\u25c6Standard 5 metros WP27 pistola de soldadura por arco de arg\u00f3n refrigerado por agua, gu\u00eda de flujo de cubierta de malla, protecci\u00f3n uniforme de gas.<\/p>\n\n\n\n<p>\u25c6Control remoto inal\u00e1mbrico operaci\u00f3n de un bot\u00f3n, la finalizaci\u00f3n autom\u00e1tica de todo el proceso de soldadura; La intervenci\u00f3n en tiempo real de los par\u00e1metros de soldadura tambi\u00e9n se puede realizar seg\u00fan sea necesario.<\/p>\n\n\n\n<p>\u25c6Soporte de personalizaci\u00f3n.<\/p>\n\n\n\n<figure class=\"wp-block-table\"><table class=\"has-fixed-layout\"><tbody><tr><td><strong>N\u00famero de modelo<\/strong><strong><\/strong><\/td><td><strong>ZDH-1140<\/strong><strong><\/strong><\/td><\/tr><tr><td>\u00c1ngulo de giro<\/td><td>0-90\u00b0<\/td><\/tr><tr><td>Di\u00e1metro de sujeci\u00f3n<\/td><td>20-550 mm<\/td><\/tr><tr><td>Di\u00e1metro del orificio pasante<\/td><td>140\/170 mm<\/td><\/tr><tr><td>M\u00e1quina de soldadura por arco de arg\u00f3n<\/td><td>Aotai WSM-400<\/td><\/tr><tr><td>Dep\u00f3sito de agua de refrigeraci\u00f3n<\/td><td>CT-10<\/td><\/tr><tr><td>Pistola de soldadura autom\u00e1tica<\/td><td>WP-27\/refrigeraci\u00f3n por agua<\/td><\/tr><tr><td>Di\u00e1metro de alambre adecuado<\/td><td>0.8\/1.0\/1.2\/1.6<\/td><\/tr><tr><td>Formaci\u00f3n de regulaci\u00f3n tridimensional<\/td><td>600*600*600mm<\/td><\/tr><tr><td>Dimensiones generales<\/td><td>1200*1000*2000mm<\/td><\/tr><\/tbody><\/table><\/figure>\n\n\n\n<div class=\"wp-block-uagb-container uagb-block-9b00fc5e alignfull uagb-is-root-container\"><div class=\"uagb-container-inner-blocks-wrap\">\n<div class=\"wp-block-uagb-container uagb-block-2c88fbd5\">\n<figure class=\"wp-block-image size-full\"><img fetchpriority=\"high\" decoding=\"async\" width=\"1000\" height=\"750\" src=\"https:\/\/www.xinhaowelding.com\/wp-content\/uploads\/2024\/12\/\u8868\u683c\u4e0b\u710a\u7f1d\u5c55\u793a.jpg\" alt=\"\" class=\"wp-image-4236\" srcset=\"https:\/\/www.xinhaowelding.com\/wp-content\/uploads\/2024\/12\/\u8868\u683c\u4e0b\u710a\u7f1d\u5c55\u793a.jpg 1000w, https:\/\/www.xinhaowelding.com\/wp-content\/uploads\/2024\/12\/\u8868\u683c\u4e0b\u710a\u7f1d\u5c55\u793a-300x225.jpg 300w, https:\/\/www.xinhaowelding.com\/wp-content\/uploads\/2024\/12\/\u8868\u683c\u4e0b\u710a\u7f1d\u5c55\u793a-768x576.jpg 768w, https:\/\/www.xinhaowelding.com\/wp-content\/uploads\/2024\/12\/\u8868\u683c\u4e0b\u710a\u7f1d\u5c55\u793a-16x12.jpg 16w, https:\/\/www.xinhaowelding.com\/wp-content\/uploads\/2024\/12\/\u8868\u683c\u4e0b\u710a\u7f1d\u5c55\u793a-600x450.jpg 600w\" sizes=\"(max-width: 1000px) 100vw, 1000px\" \/><\/figure>\n<\/div>\n\n\n\n<div class=\"wp-block-uagb-container uagb-block-45574e07\">\n<figure class=\"wp-block-image size-full\"><img decoding=\"async\" width=\"1000\" height=\"750\" src=\"https:\/\/www.xinhaowelding.com\/wp-content\/uploads\/2024\/12\/\u8868\u683c\u4e0b\u710a\u7f1d\u5c55\u793a1.jpg\" alt=\"\" class=\"wp-image-4237\" srcset=\"https:\/\/www.xinhaowelding.com\/wp-content\/uploads\/2024\/12\/\u8868\u683c\u4e0b\u710a\u7f1d\u5c55\u793a1.jpg 1000w, https:\/\/www.xinhaowelding.com\/wp-content\/uploads\/2024\/12\/\u8868\u683c\u4e0b\u710a\u7f1d\u5c55\u793a1-300x225.jpg 300w, https:\/\/www.xinhaowelding.com\/wp-content\/uploads\/2024\/12\/\u8868\u683c\u4e0b\u710a\u7f1d\u5c55\u793a1-768x576.jpg 768w, https:\/\/www.xinhaowelding.com\/wp-content\/uploads\/2024\/12\/\u8868\u683c\u4e0b\u710a\u7f1d\u5c55\u793a1-16x12.jpg 16w, https:\/\/www.xinhaowelding.com\/wp-content\/uploads\/2024\/12\/\u8868\u683c\u4e0b\u710a\u7f1d\u5c55\u793a1-600x450.jpg 600w\" sizes=\"(max-width: 1000px) 100vw, 1000px\" \/><\/figure>\n<\/div>\n\n\n\n<div class=\"wp-block-uagb-container uagb-block-35cbd7a8\">\n<figure class=\"wp-block-image size-full\"><img decoding=\"async\" width=\"1000\" height=\"750\" src=\"https:\/\/www.xinhaowelding.com\/wp-content\/uploads\/2024\/12\/\u8868\u683c\u4e0b\u710a\u7f1d\u5c55\u793a2.jpg\" alt=\"\" class=\"wp-image-4238\" srcset=\"https:\/\/www.xinhaowelding.com\/wp-content\/uploads\/2024\/12\/\u8868\u683c\u4e0b\u710a\u7f1d\u5c55\u793a2.jpg 1000w, https:\/\/www.xinhaowelding.com\/wp-content\/uploads\/2024\/12\/\u8868\u683c\u4e0b\u710a\u7f1d\u5c55\u793a2-300x225.jpg 300w, https:\/\/www.xinhaowelding.com\/wp-content\/uploads\/2024\/12\/\u8868\u683c\u4e0b\u710a\u7f1d\u5c55\u793a2-768x576.jpg 768w, https:\/\/www.xinhaowelding.com\/wp-content\/uploads\/2024\/12\/\u8868\u683c\u4e0b\u710a\u7f1d\u5c55\u793a2-16x12.jpg 16w, https:\/\/www.xinhaowelding.com\/wp-content\/uploads\/2024\/12\/\u8868\u683c\u4e0b\u710a\u7f1d\u5c55\u793a2-600x450.jpg 600w\" sizes=\"(max-width: 1000px) 100vw, 1000px\" \/><\/figure>\n<\/div>\n\n\n\n<div class=\"wp-block-uagb-container uagb-block-6b2889e2\">\n<figure class=\"wp-block-image size-full\"><img loading=\"lazy\" decoding=\"async\" width=\"1000\" height=\"750\" src=\"https:\/\/www.xinhaowelding.com\/wp-content\/uploads\/2024\/12\/\u8868\u683c\u4e0b\u710a\u7f1d\u5c55\u793a3.jpg\" alt=\"\" class=\"wp-image-4239\" srcset=\"https:\/\/www.xinhaowelding.com\/wp-content\/uploads\/2024\/12\/\u8868\u683c\u4e0b\u710a\u7f1d\u5c55\u793a3.jpg 1000w, https:\/\/www.xinhaowelding.com\/wp-content\/uploads\/2024\/12\/\u8868\u683c\u4e0b\u710a\u7f1d\u5c55\u793a3-300x225.jpg 300w, https:\/\/www.xinhaowelding.com\/wp-content\/uploads\/2024\/12\/\u8868\u683c\u4e0b\u710a\u7f1d\u5c55\u793a3-768x576.jpg 768w, https:\/\/www.xinhaowelding.com\/wp-content\/uploads\/2024\/12\/\u8868\u683c\u4e0b\u710a\u7f1d\u5c55\u793a3-16x12.jpg 16w, https:\/\/www.xinhaowelding.com\/wp-content\/uploads\/2024\/12\/\u8868\u683c\u4e0b\u710a\u7f1d\u5c55\u793a3-600x450.jpg 600w\" sizes=\"(max-width: 1000px) 100vw, 1000px\" \/><\/figure>\n<\/div>\n<\/div><\/div>\n\n\n\n<h2 class=\"wp-block-heading has-large-font-size\"><strong><u><strong>\u4ea7\u54c1\u7ec6\u8282<\/strong><\/u><\/strong><strong><u><strong><\/strong><\/u><\/strong><\/h2>\n\n\n\n<h2 class=\"wp-block-heading has-large-font-size\"><strong>Detalles del producto<\/strong><strong><\/strong><\/h2>\n\n\n\n<div class=\"wp-block-uagb-container uagb-block-234febd0 alignfull uagb-is-root-container\"><div class=\"uagb-container-inner-blocks-wrap\">\n<div class=\"wp-block-uagb-container uagb-block-e2bdd873\">\n<figure class=\"wp-block-image size-full\"><img loading=\"lazy\" decoding=\"async\" width=\"1000\" height=\"800\" src=\"https:\/\/www.xinhaowelding.com\/wp-content\/uploads\/2024\/12\/\u7ec6\u82821-3.jpg\" alt=\"\" class=\"wp-image-4244\" srcset=\"https:\/\/www.xinhaowelding.com\/wp-content\/uploads\/2024\/12\/\u7ec6\u82821-3.jpg 1000w, https:\/\/www.xinhaowelding.com\/wp-content\/uploads\/2024\/12\/\u7ec6\u82821-3-300x240.jpg 300w, https:\/\/www.xinhaowelding.com\/wp-content\/uploads\/2024\/12\/\u7ec6\u82821-3-768x614.jpg 768w, https:\/\/www.xinhaowelding.com\/wp-content\/uploads\/2024\/12\/\u7ec6\u82821-3-15x12.jpg 15w, https:\/\/www.xinhaowelding.com\/wp-content\/uploads\/2024\/12\/\u7ec6\u82821-3-600x480.jpg 600w\" sizes=\"(max-width: 1000px) 100vw, 1000px\" \/><\/figure>\n<\/div>\n\n\n\n<div class=\"wp-block-uagb-container uagb-block-dab1cc3b\">\n<p class=\"has-large-font-size\"><strong>Posicionador de orificios pasantes<\/strong><\/p>\n\n\n\n<div class=\"wp-block-group is-layout-constrained wp-block-group-is-layout-constrained\">\n<p>Velocidad constante y uniforme<\/p>\n\n\n\n<p>Posicionamiento preciso<\/p>\n\n\n\n<p>Soldadura autom\u00e1tica<\/p>\n<\/div>\n<\/div>\n<\/div><\/div>\n\n\n\n<div class=\"wp-block-uagb-container uagb-block-58119f91 alignfull uagb-is-root-container\"><div class=\"uagb-container-inner-blocks-wrap\">\n<div class=\"wp-block-uagb-container uagb-block-551064b1\">\n<figure class=\"wp-block-image size-full\"><img loading=\"lazy\" decoding=\"async\" width=\"1000\" height=\"800\" src=\"https:\/\/www.xinhaowelding.com\/wp-content\/uploads\/2024\/12\/\u7ec6\u82822-4.jpg\" alt=\"\" class=\"wp-image-4245\" srcset=\"https:\/\/www.xinhaowelding.com\/wp-content\/uploads\/2024\/12\/\u7ec6\u82822-4.jpg 1000w, https:\/\/www.xinhaowelding.com\/wp-content\/uploads\/2024\/12\/\u7ec6\u82822-4-300x240.jpg 300w, https:\/\/www.xinhaowelding.com\/wp-content\/uploads\/2024\/12\/\u7ec6\u82822-4-768x614.jpg 768w, https:\/\/www.xinhaowelding.com\/wp-content\/uploads\/2024\/12\/\u7ec6\u82822-4-15x12.jpg 15w, https:\/\/www.xinhaowelding.com\/wp-content\/uploads\/2024\/12\/\u7ec6\u82822-4-600x480.jpg 600w\" sizes=\"(max-width: 1000px) 100vw, 1000px\" \/><\/figure>\n<\/div>\n\n\n\n<div class=\"wp-block-uagb-container uagb-block-e5a2bc34\">\n<p class=\"has-large-font-size\"><strong><strong>Alimentador de alambre de doble accionamiento<\/strong><\/strong><\/p>\n\n\n\n<div class=\"wp-block-group is-layout-constrained wp-block-group-is-layout-constrained\">\n<p>Antiinterferencias de alta frecuencia<\/p>\n\n\n\n<p>Prestore 50 conjuntos de par\u00e1metros de soldadura<\/p>\n\n\n\n<p>Funcionamiento estable<\/p>\n<\/div>\n<\/div>\n<\/div><\/div>\n\n\n\n<div class=\"wp-block-uagb-container uagb-block-3a4075f4 alignfull uagb-is-root-container\"><div class=\"uagb-container-inner-blocks-wrap\">\n<div class=\"wp-block-uagb-container uagb-block-b80ebdf7\">\n<figure class=\"wp-block-image size-full\"><img loading=\"lazy\" decoding=\"async\" width=\"1000\" height=\"800\" src=\"https:\/\/www.xinhaowelding.com\/wp-content\/uploads\/2024\/12\/\u7ec6\u82823-4.jpg\" alt=\"\" class=\"wp-image-4246\" srcset=\"https:\/\/www.xinhaowelding.com\/wp-content\/uploads\/2024\/12\/\u7ec6\u82823-4.jpg 1000w, https:\/\/www.xinhaowelding.com\/wp-content\/uploads\/2024\/12\/\u7ec6\u82823-4-300x240.jpg 300w, https:\/\/www.xinhaowelding.com\/wp-content\/uploads\/2024\/12\/\u7ec6\u82823-4-768x614.jpg 768w, https:\/\/www.xinhaowelding.com\/wp-content\/uploads\/2024\/12\/\u7ec6\u82823-4-15x12.jpg 15w, https:\/\/www.xinhaowelding.com\/wp-content\/uploads\/2024\/12\/\u7ec6\u82823-4-600x480.jpg 600w\" sizes=\"(max-width: 1000px) 100vw, 1000px\" \/><\/figure>\n<\/div>\n\n\n\n<div class=\"wp-block-uagb-container uagb-block-2e13b767\">\n<p class=\"has-large-font-size\"><strong><strong><strong>Mandril de soldadura<\/strong><\/strong><\/strong><\/p>\n\n\n\n<div class=\"wp-block-group is-layout-constrained wp-block-group-is-layout-constrained\">\n<p>Autocentrado fino<\/p>\n\n\n\n<p>Rotaci\u00f3n conc\u00e9ntrica<\/p>\n\n\n\n<p>Apriete r\u00e1pido<\/p>\n\n\n\n<p>Agujero grande<\/p>\n<\/div>\n<\/div>\n<\/div><\/div>\n\n\n\n<div class=\"wp-block-uagb-container uagb-block-1303ea19 alignfull uagb-is-root-container\"><div class=\"uagb-container-inner-blocks-wrap\">\n<div class=\"wp-block-uagb-container uagb-block-0b226f29\">\n<figure class=\"wp-block-image size-full\"><img loading=\"lazy\" decoding=\"async\" width=\"1000\" height=\"800\" src=\"https:\/\/www.xinhaowelding.com\/wp-content\/uploads\/2024\/12\/\u7ec6\u82824-3.jpg\" alt=\"\" class=\"wp-image-4247\" srcset=\"https:\/\/www.xinhaowelding.com\/wp-content\/uploads\/2024\/12\/\u7ec6\u82824-3.jpg 1000w, https:\/\/www.xinhaowelding.com\/wp-content\/uploads\/2024\/12\/\u7ec6\u82824-3-300x240.jpg 300w, https:\/\/www.xinhaowelding.com\/wp-content\/uploads\/2024\/12\/\u7ec6\u82824-3-768x614.jpg 768w, https:\/\/www.xinhaowelding.com\/wp-content\/uploads\/2024\/12\/\u7ec6\u82824-3-15x12.jpg 15w, https:\/\/www.xinhaowelding.com\/wp-content\/uploads\/2024\/12\/\u7ec6\u82824-3-600x480.jpg 600w\" sizes=\"(max-width: 1000px) 100vw, 1000px\" \/><\/figure>\n<\/div>\n\n\n\n<div class=\"wp-block-uagb-container uagb-block-4f425b30\">\n<p class=\"has-large-font-size\"><strong><strong><strong><strong>Caja de control PLC<\/strong><\/strong><\/strong><\/strong><\/p>\n\n\n\n<div class=\"wp-block-group is-layout-constrained wp-block-group-is-layout-constrained\">\n<p>Control inteligente<\/p>\n\n\n\n<p>Funcionamiento de la pantalla t\u00e1ctil<\/p>\n\n\n\n<p>Pomo de parada de emergencia<\/p>\n<\/div>\n<\/div>\n<\/div><\/div>\n\n\n\n<h2 class=\"wp-block-heading has-large-font-size\">\u4ea7\u54c1\u89e3\u6790<\/h2>\n\n\n\n<h2 class=\"wp-block-heading has-large-font-size\">An\u00e1lisis de productos<\/h2>\n\n\n\n<div class=\"wp-block-uagb-container uagb-block-502be6a2 alignfull uagb-is-root-container\"><div class=\"uagb-container-inner-blocks-wrap\">\n<figure class=\"wp-block-image size-large\"><img loading=\"lazy\" decoding=\"async\" width=\"1024\" height=\"930\" src=\"https:\/\/www.xinhaowelding.com\/wp-content\/uploads\/2024\/12\/\u82f1\u6587\u8bbe\u5907\u6807\u6ce8-1-1024x930.png\" alt=\"\" class=\"wp-image-4541\" srcset=\"https:\/\/www.xinhaowelding.com\/wp-content\/uploads\/2024\/12\/\u82f1\u6587\u8bbe\u5907\u6807\u6ce8-1-1024x930.png 1024w, https:\/\/www.xinhaowelding.com\/wp-content\/uploads\/2024\/12\/\u82f1\u6587\u8bbe\u5907\u6807\u6ce8-1-300x272.png 300w, https:\/\/www.xinhaowelding.com\/wp-content\/uploads\/2024\/12\/\u82f1\u6587\u8bbe\u5907\u6807\u6ce8-1-768x697.png 768w, https:\/\/www.xinhaowelding.com\/wp-content\/uploads\/2024\/12\/\u82f1\u6587\u8bbe\u5907\u6807\u6ce8-1-1536x1395.png 1536w, https:\/\/www.xinhaowelding.com\/wp-content\/uploads\/2024\/12\/\u82f1\u6587\u8bbe\u5907\u6807\u6ce8-1-2048x1859.png 2048w, https:\/\/www.xinhaowelding.com\/wp-content\/uploads\/2024\/12\/\u82f1\u6587\u8bbe\u5907\u6807\u6ce8-1-13x12.png 13w, https:\/\/www.xinhaowelding.com\/wp-content\/uploads\/2024\/12\/\u82f1\u6587\u8bbe\u5907\u6807\u6ce8-1-600x545.png 600w\" sizes=\"(max-width: 1024px) 100vw, 1024px\" \/><\/figure>\n<\/div><\/div>\n\n\n\n<h2 class=\"wp-block-heading has-large-font-size\">\u73b0\u573a\u5b9e\u62cd<\/h2>\n\n\n\n<h2 class=\"wp-block-heading has-large-font-size\">Tomas en directo<\/h2>\n\n\n\n<div class=\"wp-block-uagb-container uagb-block-d0f483db alignfull uagb-is-root-container\"><div class=\"uagb-container-inner-blocks-wrap\">\n<div class=\"wp-block-uagb-container uagb-block-3772c1c9\">\n<figure class=\"wp-block-image size-large\"><img loading=\"lazy\" decoding=\"async\" width=\"768\" height=\"1024\" src=\"https:\/\/www.xinhaowelding.com\/wp-content\/uploads\/2024\/12\/IMG_2824-768x1024.jpg\" alt=\"\" class=\"wp-image-4538\" srcset=\"https:\/\/www.xinhaowelding.com\/wp-content\/uploads\/2024\/12\/IMG_2824-768x1024.jpg 768w, https:\/\/www.xinhaowelding.com\/wp-content\/uploads\/2024\/12\/IMG_2824-225x300.jpg 225w, https:\/\/www.xinhaowelding.com\/wp-content\/uploads\/2024\/12\/IMG_2824-1152x1536.jpg 1152w, https:\/\/www.xinhaowelding.com\/wp-content\/uploads\/2024\/12\/IMG_2824-1536x2048.jpg 1536w, https:\/\/www.xinhaowelding.com\/wp-content\/uploads\/2024\/12\/IMG_2824-9x12.jpg 9w, https:\/\/www.xinhaowelding.com\/wp-content\/uploads\/2024\/12\/IMG_2824-600x800.jpg 600w, https:\/\/www.xinhaowelding.com\/wp-content\/uploads\/2024\/12\/IMG_2824-scaled.jpg 1920w\" sizes=\"(max-width: 768px) 100vw, 768px\" \/><\/figure>\n<\/div>\n\n\n\n<div class=\"wp-block-uagb-container uagb-block-cff1d532\">\n<figure class=\"wp-block-image size-large\"><img loading=\"lazy\" decoding=\"async\" width=\"768\" height=\"1024\" src=\"https:\/\/www.xinhaowelding.com\/wp-content\/uploads\/2024\/12\/IMG_2825-768x1024.jpg\" alt=\"\" class=\"wp-image-4539\" srcset=\"https:\/\/www.xinhaowelding.com\/wp-content\/uploads\/2024\/12\/IMG_2825-768x1024.jpg 768w, https:\/\/www.xinhaowelding.com\/wp-content\/uploads\/2024\/12\/IMG_2825-225x300.jpg 225w, https:\/\/www.xinhaowelding.com\/wp-content\/uploads\/2024\/12\/IMG_2825-1152x1536.jpg 1152w, https:\/\/www.xinhaowelding.com\/wp-content\/uploads\/2024\/12\/IMG_2825-1536x2048.jpg 1536w, https:\/\/www.xinhaowelding.com\/wp-content\/uploads\/2024\/12\/IMG_2825-9x12.jpg 9w, https:\/\/www.xinhaowelding.com\/wp-content\/uploads\/2024\/12\/IMG_2825-600x800.jpg 600w, https:\/\/www.xinhaowelding.com\/wp-content\/uploads\/2024\/12\/IMG_2825-scaled.jpg 1920w\" sizes=\"(max-width: 768px) 100vw, 768px\" \/><\/figure>\n<\/div>\n\n\n\n<div class=\"wp-block-uagb-container uagb-block-d8a93748\">\n<figure class=\"wp-block-image size-large\"><img loading=\"lazy\" decoding=\"async\" width=\"768\" height=\"1024\" src=\"https:\/\/www.xinhaowelding.com\/wp-content\/uploads\/2024\/12\/IMG_2823-768x1024.jpg\" alt=\"\" class=\"wp-image-4537\" srcset=\"https:\/\/www.xinhaowelding.com\/wp-content\/uploads\/2024\/12\/IMG_2823-768x1024.jpg 768w, https:\/\/www.xinhaowelding.com\/wp-content\/uploads\/2024\/12\/IMG_2823-225x300.jpg 225w, https:\/\/www.xinhaowelding.com\/wp-content\/uploads\/2024\/12\/IMG_2823-1152x1536.jpg 1152w, https:\/\/www.xinhaowelding.com\/wp-content\/uploads\/2024\/12\/IMG_2823-1536x2048.jpg 1536w, https:\/\/www.xinhaowelding.com\/wp-content\/uploads\/2024\/12\/IMG_2823-9x12.jpg 9w, https:\/\/www.xinhaowelding.com\/wp-content\/uploads\/2024\/12\/IMG_2823-600x800.jpg 600w, https:\/\/www.xinhaowelding.com\/wp-content\/uploads\/2024\/12\/IMG_2823-scaled.jpg 1920w\" sizes=\"(max-width: 768px) 100vw, 768px\" \/><\/figure>\n<\/div>\n\n\n\n<div class=\"wp-block-uagb-container uagb-block-97c7cbe4\">\n<figure class=\"wp-block-image size-large\"><img loading=\"lazy\" decoding=\"async\" width=\"768\" height=\"1024\" src=\"https:\/\/www.xinhaowelding.com\/wp-content\/uploads\/2024\/12\/IMG_2814-1-768x1024.jpg\" alt=\"\" class=\"wp-image-4535\" srcset=\"https:\/\/www.xinhaowelding.com\/wp-content\/uploads\/2024\/12\/IMG_2814-1-768x1024.jpg 768w, https:\/\/www.xinhaowelding.com\/wp-content\/uploads\/2024\/12\/IMG_2814-1-225x300.jpg 225w, https:\/\/www.xinhaowelding.com\/wp-content\/uploads\/2024\/12\/IMG_2814-1-1152x1536.jpg 1152w, https:\/\/www.xinhaowelding.com\/wp-content\/uploads\/2024\/12\/IMG_2814-1-1536x2048.jpg 1536w, https:\/\/www.xinhaowelding.com\/wp-content\/uploads\/2024\/12\/IMG_2814-1-9x12.jpg 9w, https:\/\/www.xinhaowelding.com\/wp-content\/uploads\/2024\/12\/IMG_2814-1-600x800.jpg 600w, https:\/\/www.xinhaowelding.com\/wp-content\/uploads\/2024\/12\/IMG_2814-1-scaled.jpg 1920w\" sizes=\"(max-width: 768px) 100vw, 768px\" \/><\/figure>\n<\/div>\n<\/div><\/div>\n\n\n\n<p><a href=\"http:\/\/www.google.com\" title=\"www.google.com\">www.google.com<\/a><\/p>","protected":false},"excerpt":{"rendered":"<p><strong>ZDH-1140 Soldadora Autom\u00e1tica de Arco de Arg\u00f3n | Soldadora TIG de Precisi\u00f3n para Fabricaci\u00f3n Industrial | Alta Velocidad y Rendimiento Fiable<\/strong><\/p>","protected":false},"featured_media":4542,"comment_status":"open","ping_status":"closed","template":"","meta":{"om_disable_all_campaigns":false,"_uag_custom_page_level_css":"","_monsterinsights_skip_tracking":false,"_monsterinsights_sitenote_active":false,"_monsterinsights_sitenote_note":"","_monsterinsights_sitenote_category":0,"site-sidebar-layout":"default","site-content-layout":"","ast-site-content-layout":"default","site-content-style":"default","site-sidebar-style":"default","ast-global-header-display":"","ast-banner-title-visibility":"","ast-main-header-display":"","ast-hfb-above-header-display":"","ast-hfb-below-header-display":"","ast-hfb-mobile-header-display":"","site-post-title":"","ast-breadcrumbs-content":"","ast-featured-img":"","footer-sml-layout":"","theme-transparent-header-meta":"","adv-header-id-meta":"","stick-header-meta":"","header-above-stick-meta":"","header-main-stick-meta":"","header-below-stick-meta":"","astra-migrate-meta-layouts":"set","ast-page-background-enabled":"default","ast-page-background-meta":{"desktop":{"background-color":"","background-image":"","background-repeat":"repeat","background-position":"center center","background-size":"auto","background-attachment":"scroll","background-type":"","background-media":"","overlay-type":"","overlay-color":"","overlay-opacity":"","overlay-gradient":""},"tablet":{"background-color":"","background-image":"","background-repeat":"repeat","background-position":"center center","background-size":"auto","background-attachment":"scroll","background-type":"","background-media":"","overlay-type":"","overlay-color":"","overlay-opacity":"","overlay-gradient":""},"mobile":{"background-color":"","background-image":"","background-repeat":"repeat","background-position":"center center","background-size":"auto","background-attachment":"scroll","background-type":"","background-media":"","overlay-type":"","overlay-color":"","overlay-opacity":"","overlay-gradient":""}},"ast-content-background-meta":{"desktop":{"background-color":"var(--ast-global-color-5)","background-image":"","background-repeat":"repeat","background-position":"center center","background-size":"auto","background-attachment":"scroll","background-type":"","background-media":"","overlay-type":"","overlay-color":"","overlay-opacity":"","overlay-gradient":""},"tablet":{"background-color":"var(--ast-global-color-5)","background-image":"","background-repeat":"repeat","background-position":"center center","background-size":"auto","background-attachment":"scroll","background-type":"","background-media":"","overlay-type":"","overlay-color":"","overlay-opacity":"","overlay-gradient":""},"mobile":{"background-color":"var(--ast-global-color-5)","background-image":"","background-repeat":"repeat","background-position":"center center","background-size":"auto","background-attachment":"scroll","background-type":"","background-media":"","overlay-type":"","overlay-color":"","overlay-opacity":"","overlay-gradient":""}}},"product_brand":[],"product_cat":[67,57],"product_tag":[],"class_list":{"0":"post-4234","1":"product","2":"type-product","3":"status-publish","4":"has-post-thumbnail","6":"product_cat-argon-arc-automatic-welding","7":"product_cat-automatic-welding-equipment","8":"desktop-align-left","9":"tablet-align-left","10":"mobile-align-left","12":"first","13":"instock","14":"shipping-taxable","15":"product-type-simple"},"aioseo_notices":[],"uagb_featured_image_src":{"full":["https:\/\/www.xinhaowelding.com\/wp-content\/uploads\/2024\/12\/1-15.jpg",800,800,false],"thumbnail":["https:\/\/www.xinhaowelding.com\/wp-content\/uploads\/2024\/12\/1-15-150x150.jpg",150,150,true],"medium":["https:\/\/www.xinhaowelding.com\/wp-content\/uploads\/2024\/12\/1-15-300x300.jpg",300,300,true],"medium_large":["https:\/\/www.xinhaowelding.com\/wp-content\/uploads\/2024\/12\/1-15-768x768.jpg",768,768,true],"large":["https:\/\/www.xinhaowelding.com\/wp-content\/uploads\/2024\/12\/1-15.jpg",800,800,false],"1536x1536":["https:\/\/www.xinhaowelding.com\/wp-content\/uploads\/2024\/12\/1-15.jpg",800,800,false],"2048x2048":["https:\/\/www.xinhaowelding.com\/wp-content\/uploads\/2024\/12\/1-15.jpg",800,800,false],"trp-custom-language-flag":["https:\/\/www.xinhaowelding.com\/wp-content\/uploads\/2024\/12\/1-15-12x12.jpg",12,12,true],"woocommerce_thumbnail":["https:\/\/www.xinhaowelding.com\/wp-content\/uploads\/2024\/12\/1-15-600x600.jpg",600,600,true],"woocommerce_single":["https:\/\/www.xinhaowelding.com\/wp-content\/uploads\/2024\/12\/1-15-600x600.jpg",600,600,true],"woocommerce_gallery_thumbnail":["https:\/\/www.xinhaowelding.com\/wp-content\/uploads\/2024\/12\/1-15-100x100.jpg",100,100,true]},"uagb_author_info":{"display_name":"jinxing6611@gmail.com","author_link":"https:\/\/www.xinhaowelding.com\/es\/author\/"},"uagb_comment_info":0,"uagb_excerpt":"ZDH-1140 Automatic Argon Arc Welder | Precision TIG Welding Machine for Industrial Fabrication | High-Speed &amp; Reliable Performance","_links":{"self":[{"href":"https:\/\/www.xinhaowelding.com\/es\/wp-json\/wp\/v2\/product\/4234","targetHints":{"allow":["GET"]}}],"collection":[{"href":"https:\/\/www.xinhaowelding.com\/es\/wp-json\/wp\/v2\/product"}],"about":[{"href":"https:\/\/www.xinhaowelding.com\/es\/wp-json\/wp\/v2\/types\/product"}],"replies":[{"embeddable":true,"href":"https:\/\/www.xinhaowelding.com\/es\/wp-json\/wp\/v2\/comments?post=4234"}],"wp:featuredmedia":[{"embeddable":true,"href":"https:\/\/www.xinhaowelding.com\/es\/wp-json\/wp\/v2\/media\/4542"}],"wp:attachment":[{"href":"https:\/\/www.xinhaowelding.com\/es\/wp-json\/wp\/v2\/media?parent=4234"}],"wp:term":[{"taxonomy":"product_brand","embeddable":true,"href":"https:\/\/www.xinhaowelding.com\/es\/wp-json\/wp\/v2\/product_brand?post=4234"},{"taxonomy":"product_cat","embeddable":true,"href":"https:\/\/www.xinhaowelding.com\/es\/wp-json\/wp\/v2\/product_cat?post=4234"},{"taxonomy":"product_tag","embeddable":true,"href":"https:\/\/www.xinhaowelding.com\/es\/wp-json\/wp\/v2\/product_tag?post=4234"}],"curies":[{"name":"wp","href":"https:\/\/api.w.org\/{rel}","templated":true}]}}