{"id":4388,"date":"2024-12-11T03:38:01","date_gmt":"2024-12-11T03:38:01","guid":{"rendered":"https:\/\/www.xinhaowelding.com\/?post_type=product&#038;p=4388"},"modified":"2025-04-02T02:44:37","modified_gmt":"2025-04-02T02:44:37","slug":"laser-automatic-welding-2","status":"publish","type":"product","link":"https:\/\/www.xinhaowelding.com\/es\/producto\/laser-automatic-welding-2\/","title":{"rendered":"Equipo de soldadura autom\u00e1tica CO2\/MIG | Industrial Grade"},"content":{"rendered":"<h2 class=\"wp-block-heading\"><strong><a href=\"https:\/\/www.xinhaowelding.com\/es\/producto\/laser-automatic-welding-2\/\" title=\"CO2\u81ea\u52a8\u710a\">CO2\u81ea\u52a8\u710a<\/a><\/strong><\/h2>\n\n\n\n<h2 class=\"wp-block-heading\">Soldadura autom\u00e1tica por l\u00e1ser<\/h2>\n\n\n\n<h4 class=\"wp-block-heading\">Caracter\u00edsticas estructurales<\/h4>\n\n\n\n<ul class=\"wp-block-list\">\n<li><strong>Bastidor de alta resistencia<\/strong>: El bastidor est\u00e1 construido con un robusto armaz\u00f3n de acero que puede soportar el peso de la fuente de potencia de soldadura, el alimentador de alambre y otros equipos asociados. Est\u00e1 dise\u00f1ado para tener una alta capacidad de carga, lo que garantiza la estabilidad durante el funcionamiento.<\/li>\n\n\n\n<li><strong>Altura ajustable<\/strong>: La altura del bastidor del equipo puede ajustarse f\u00e1cilmente para satisfacer los requisitos espec\u00edficos de las distintas tareas de soldadura y las preferencias del operario. Esta ajustabilidad ayuda a mejorar la ergonom\u00eda de la estaci\u00f3n de trabajo de soldadura, reduciendo la fatiga del operario.<\/li>\n\n\n\n<li><strong>Montaje integrado del alimentador de alambre<\/strong>: Existe un soporte espec\u00edfico para el alimentador de alambre, dise\u00f1ado para mantenerlo en una posici\u00f3n estable y garantizar una alimentaci\u00f3n suave del alambre. El soporte permite acceder f\u00e1cilmente al alimentador de alambre para su mantenimiento y ajuste.<\/li>\n\n\n\n<li><strong>Soporte para bombonas de gas<\/strong>: El bastidor est\u00e1 equipado con un soporte para bombonas de gas que puede sujetar con seguridad la bombona de CO\u2082. Dispone de un mecanismo de bloqueo de seguridad que impide que la bombona vuelque, garantizando as\u00ed la seguridad de la operaci\u00f3n de soldadura.<\/li>\n<\/ul>\n\n\n\n<p>La m\u00e1quina de soldadura producida por nuestra empresa se utiliza ampliamente en C02 \/ soldadura por plasma \/ l\u00e1ser \/ arco de arg\u00f3n \/ soldadura por arco sumergido<\/p>\n\n\n\n<p>La soldadura autom\u00e1tica por arco de arg\u00f3n est\u00e1 equipada con un sistema de ajuste autom\u00e1tico de la tensi\u00f3n del arco, un sistema de alimentaci\u00f3n del alambre de soldadura por arco de arg\u00f3n, etc. Todo el control de la m\u00e1quina realiza la soldadura autom\u00e1tica<\/p>\n\n\n\n<p>Puede combinarse con el posicionador de soldadura\/la mesa giratoria de soldadura\/el bastidor de rodillos de soldadura para lograr el control del varillaje.<\/p>\n\n\n\n<figure class=\"wp-block-table\"><table><tbody><tr><td rowspan=\"2\"><\/td><td rowspan=\"2\"><strong>N\u00famero de modelo<\/strong><strong><\/strong><\/td><td rowspan=\"2\"><strong>Velocidad de expansi\u00f3n del haz<\/strong><strong><\/strong><\/td><td rowspan=\"2\"><strong>Dimensi\u00f3n de la viga<\/strong><strong><\/strong><\/td><td rowspan=\"2\"><strong>Dimensi\u00f3n de la secci\u00f3n de la columna<\/strong><strong><\/strong><\/td><td colspan=\"3\"><strong>Dimensiones generales<\/strong><strong>:m<\/strong><strong>\/peso<\/strong><strong>:kg<\/strong><strong><\/strong><\/td><\/tr><tr><td><strong>estacionario<\/strong><strong><\/strong><\/td><td><strong>Rotativa (manual\/el\u00e9ctrica)<\/strong><strong><\/strong><\/td><td><strong>Carretilla tipo andador<\/strong><strong><\/strong><\/td><\/tr><tr><td rowspan=\"2\">minitype<\/td><td>ZDH-1,5*1,5<\/td><td>140-1400 mm\/min<\/td><td>150*100*6mm<\/td><td>200*150*6mm<\/td><td>2,3*0,4*2,8(200kg)<\/td><td>2,3*0,6*2,9(300kg)<\/td><td>Menos uso<\/td><\/tr><tr><td>ZDH-2*2<\/td><td>140-1400 mm\/min<\/td><td>150*100*6mm<\/td><td>200*150*6mm<\/td><td>2.8*0.4*3.3(250kg)<\/td><td>2.8*0.6*3.4(350kg)<\/td><td>Menos uso<\/td><\/tr><tr><td rowspan=\"3\">servicio ligero<\/td><td>ZDH-2*2<\/td><td>140-1400 mm\/min<\/td><td>250*100*6mm<\/td><td>400*300*6mm<\/td><td>4*0.6*4(1500kg)<\/td><td>4*1. 3*4.2 (1700kg)<\/td><td>4*2.5*4.6(2500kg)<\/td><\/tr><tr><td>ZDH-3*3<\/td><td>140-1400 mm\/min<\/td><td>250*100*6mm<\/td><td>400*300*6mm<\/td><td>5*0.6*5(1700kg)<\/td><td>5*1,3*5,2(1900kg)<\/td><td>5*2.5*5.6(2700kg)<\/td><\/tr><tr><td>ZDH-4*4<\/td><td>140-1400 mm\/min<\/td><td>250*100*6mm<\/td><td>400*300*6mm<\/td><td>6*0.6*6(2000kg)<\/td><td>6*1.3*6.2(2200kg)<\/td><td>6*2.5*6.6(3000kg)<\/td><\/tr><tr><td rowspan=\"4\">Tipo pesado<\/td><td>ZDH-4*4<\/td><td>140-1400 mm\/min<\/td><td>300*200*6mm<\/td><td>500*300*6mm<\/td><td>6.2*0.7*6.2(3200kg)<\/td><td>6.2*1.3*6.4(3400kg)<\/td><td>6.2*2.5*6.8(4400kg)<\/td><\/tr><tr><td>ZDH-5*5<\/td><td>140-1400 mm\/min<\/td><td>300*200*6mm<\/td><td>500*300*6mm<\/td><td>7.2*0.7*7.2(3500kg)<\/td><td>7.2*1. 3*7.4(3700kg)<\/td><td>7.2*2.5*7.8(4700kg)<\/td><\/tr><tr><td>ZDH-6*6<\/td><td>140-1400 mm\/min<\/td><td>300*200*6mm<\/td><td>500*300*6mm<\/td><td>8.2*0.7*8.2(3800kg)<\/td><td>8.2*1.3*8.4(4000kg)<\/td><td>8.2*2.5*8.8(5000kg)<\/td><\/tr><tr><td>ZDH-7*7<\/td><td>140-1400 mm\/min<\/td><td>300*200*6mm<\/td><td>500*300*6mm<\/td><td>9.2*0.7*9.2(4100kg)<\/td><td>9.2*1.3*9.4(4300kg)<\/td><td>9.2*2.5*9 8(5300kg)<\/td><\/tr><\/tbody><\/table><\/figure>\n\n\n\n<h2 class=\"wp-block-heading has-large-font-size\"><strong><u><strong>\u4ea7\u54c1\u7ec6\u8282<\/strong><\/u><\/strong><strong><u><strong><\/strong><\/u><\/strong><\/h2>\n\n\n\n<h2 class=\"wp-block-heading has-large-font-size\"><strong>Detalles del producto<\/strong><strong><\/strong><\/h2>\n\n\n\n<div class=\"wp-block-uagb-container uagb-block-edcc93f9 alignfull uagb-is-root-container\"><div class=\"uagb-container-inner-blocks-wrap\">\n<div class=\"wp-block-uagb-container uagb-block-473f55ad\">\n<figure class=\"wp-block-image size-large\"><img fetchpriority=\"high\" decoding=\"async\" width=\"1024\" height=\"768\" src=\"https:\/\/www.xinhaowelding.com\/wp-content\/uploads\/2024\/12\/\u7ec6\u82821-8-1024x768.jpg\" alt=\"\" class=\"wp-image-4390\" srcset=\"https:\/\/www.xinhaowelding.com\/wp-content\/uploads\/2024\/12\/\u7ec6\u82821-8-1024x768.jpg 1024w, https:\/\/www.xinhaowelding.com\/wp-content\/uploads\/2024\/12\/\u7ec6\u82821-8-300x225.jpg 300w, https:\/\/www.xinhaowelding.com\/wp-content\/uploads\/2024\/12\/\u7ec6\u82821-8-768x576.jpg 768w, https:\/\/www.xinhaowelding.com\/wp-content\/uploads\/2024\/12\/\u7ec6\u82821-8-1536x1152.jpg 1536w, https:\/\/www.xinhaowelding.com\/wp-content\/uploads\/2024\/12\/\u7ec6\u82821-8-16x12.jpg 16w, https:\/\/www.xinhaowelding.com\/wp-content\/uploads\/2024\/12\/\u7ec6\u82821-8-600x450.jpg 600w, https:\/\/www.xinhaowelding.com\/wp-content\/uploads\/2024\/12\/\u7ec6\u82821-8.jpg 1600w\" sizes=\"(max-width: 1024px) 100vw, 1024px\" \/><\/figure>\n<\/div>\n\n\n\n<div class=\"wp-block-uagb-container uagb-block-d6510c1a\">\n<p class=\"has-large-font-size\"><strong>Caja de control PLC<\/strong><\/p>\n\n\n\n<div class=\"wp-block-group is-layout-constrained wp-block-group-is-layout-constrained\">\n<p>Control num\u00e9rico inteligente<\/p>\n\n\n\n<p>Realizar soldaduras autom\u00e1ticas<\/p>\n<\/div>\n<\/div>\n<\/div><\/div>\n\n\n\n<div class=\"wp-block-uagb-container uagb-block-441daf2f alignfull uagb-is-root-container\"><div class=\"uagb-container-inner-blocks-wrap\">\n<div class=\"wp-block-uagb-container uagb-block-b88c67cc\">\n<figure class=\"wp-block-image size-large\"><img decoding=\"async\" width=\"1024\" height=\"768\" src=\"https:\/\/www.xinhaowelding.com\/wp-content\/uploads\/2024\/12\/\u7ec6\u82822-6-1024x768.jpg\" alt=\"\" class=\"wp-image-4391\" srcset=\"https:\/\/www.xinhaowelding.com\/wp-content\/uploads\/2024\/12\/\u7ec6\u82822-6-1024x768.jpg 1024w, https:\/\/www.xinhaowelding.com\/wp-content\/uploads\/2024\/12\/\u7ec6\u82822-6-300x225.jpg 300w, https:\/\/www.xinhaowelding.com\/wp-content\/uploads\/2024\/12\/\u7ec6\u82822-6-768x576.jpg 768w, https:\/\/www.xinhaowelding.com\/wp-content\/uploads\/2024\/12\/\u7ec6\u82822-6-1536x1152.jpg 1536w, https:\/\/www.xinhaowelding.com\/wp-content\/uploads\/2024\/12\/\u7ec6\u82822-6-16x12.jpg 16w, https:\/\/www.xinhaowelding.com\/wp-content\/uploads\/2024\/12\/\u7ec6\u82822-6-600x450.jpg 600w, https:\/\/www.xinhaowelding.com\/wp-content\/uploads\/2024\/12\/\u7ec6\u82822-6.jpg 1600w\" sizes=\"(max-width: 1024px) 100vw, 1024px\" \/><\/figure>\n<\/div>\n\n\n\n<div class=\"wp-block-uagb-container uagb-block-d7104a25\">\n<p class=\"has-large-font-size\"><strong><strong>Soplete de CO2<\/strong><\/strong><\/p>\n\n\n\n<div class=\"wp-block-group is-layout-constrained wp-block-group-is-layout-constrained\">\n<p>La velocidad de soldadura con pistola de CO\u2082 es mucho m\u00e1s r\u00e1pida que la soldadura por arco manual tradicional<\/p>\n\n\n\n<p>El gas CO\u2082 desempe\u00f1a una funci\u00f3n protectora en el proceso de soldadura, y la calidad de la soldadura es buena<\/p>\n<\/div>\n<\/div>\n<\/div><\/div>\n\n\n\n<div class=\"wp-block-uagb-container uagb-block-253accc1 alignfull uagb-is-root-container\"><div class=\"uagb-container-inner-blocks-wrap\">\n<div class=\"wp-block-uagb-container uagb-block-56d2f163\">\n<figure class=\"wp-block-image size-large\"><img decoding=\"async\" width=\"1024\" height=\"768\" src=\"https:\/\/www.xinhaowelding.com\/wp-content\/uploads\/2024\/12\/\u7ec6\u82823-8-1024x768.jpg\" alt=\"\" class=\"wp-image-4392\" srcset=\"https:\/\/www.xinhaowelding.com\/wp-content\/uploads\/2024\/12\/\u7ec6\u82823-8-1024x768.jpg 1024w, https:\/\/www.xinhaowelding.com\/wp-content\/uploads\/2024\/12\/\u7ec6\u82823-8-300x225.jpg 300w, https:\/\/www.xinhaowelding.com\/wp-content\/uploads\/2024\/12\/\u7ec6\u82823-8-768x576.jpg 768w, https:\/\/www.xinhaowelding.com\/wp-content\/uploads\/2024\/12\/\u7ec6\u82823-8-1536x1152.jpg 1536w, https:\/\/www.xinhaowelding.com\/wp-content\/uploads\/2024\/12\/\u7ec6\u82823-8-16x12.jpg 16w, https:\/\/www.xinhaowelding.com\/wp-content\/uploads\/2024\/12\/\u7ec6\u82823-8-600x450.jpg 600w, https:\/\/www.xinhaowelding.com\/wp-content\/uploads\/2024\/12\/\u7ec6\u82823-8.jpg 1600w\" sizes=\"(max-width: 1024px) 100vw, 1024px\" \/><\/figure>\n<\/div>\n\n\n\n<div class=\"wp-block-uagb-container uagb-block-9d7d371d\">\n<p class=\"has-large-font-size\"><strong><strong><strong>Alimentador de hilo de soldadura<\/strong><\/strong><\/strong><\/p>\n\n\n\n<div class=\"wp-block-group is-layout-constrained wp-block-group-is-layout-constrained\">\n<p>Alimentaci\u00f3n autom\u00e1tica de alambre<\/p>\n\n\n\n<p>F\u00e1cil soldadura<strong><\/strong><\/p>\n<\/div>\n<\/div>\n<\/div><\/div>\n\n\n\n<div class=\"wp-block-uagb-container uagb-block-e3d9d83e alignfull uagb-is-root-container\"><div class=\"uagb-container-inner-blocks-wrap\">\n<div class=\"wp-block-uagb-container uagb-block-3a2ae5f7\">\n<figure class=\"wp-block-image size-large\"><img loading=\"lazy\" decoding=\"async\" width=\"1024\" height=\"768\" src=\"https:\/\/www.xinhaowelding.com\/wp-content\/uploads\/2024\/12\/\u7ec6\u82824-6-1024x768.jpg\" alt=\"\" class=\"wp-image-4393\" srcset=\"https:\/\/www.xinhaowelding.com\/wp-content\/uploads\/2024\/12\/\u7ec6\u82824-6-1024x768.jpg 1024w, https:\/\/www.xinhaowelding.com\/wp-content\/uploads\/2024\/12\/\u7ec6\u82824-6-300x225.jpg 300w, https:\/\/www.xinhaowelding.com\/wp-content\/uploads\/2024\/12\/\u7ec6\u82824-6-768x576.jpg 768w, https:\/\/www.xinhaowelding.com\/wp-content\/uploads\/2024\/12\/\u7ec6\u82824-6-1536x1152.jpg 1536w, https:\/\/www.xinhaowelding.com\/wp-content\/uploads\/2024\/12\/\u7ec6\u82824-6-16x12.jpg 16w, https:\/\/www.xinhaowelding.com\/wp-content\/uploads\/2024\/12\/\u7ec6\u82824-6-600x450.jpg 600w, https:\/\/www.xinhaowelding.com\/wp-content\/uploads\/2024\/12\/\u7ec6\u82824-6.jpg 1600w\" sizes=\"(max-width: 1024px) 100vw, 1024px\" \/><\/figure>\n<\/div>\n\n\n\n<div class=\"wp-block-uagb-container uagb-block-6742424c\">\n<p class=\"has-large-font-size\"><strong><strong><strong><strong>Antorcha de soldadura wiggler<\/strong><\/strong><\/strong><\/strong><\/p>\n\n\n\n<div class=\"wp-block-group is-layout-constrained wp-block-group-is-layout-constrained\">\n<p>Carrera libre ajustable<\/p>\n\n\n\n<p>Conveniente para soldar a diferentes alturas<\/p>\n<\/div>\n<\/div>\n<\/div><\/div>\n\n\n\n<h2 class=\"wp-block-heading has-large-font-size\">\u4ea7\u54c1\u89e3\u6790<\/h2>\n\n\n\n<h2 class=\"wp-block-heading has-large-font-size\">An\u00e1lisis de productos<\/h2>\n\n\n\n<div class=\"wp-block-uagb-container uagb-block-8d458b83 alignfull uagb-is-root-container\"><div class=\"uagb-container-inner-blocks-wrap\">\n<figure class=\"wp-block-image size-large is-resized\"><img loading=\"lazy\" decoding=\"async\" width=\"1024\" height=\"768\" src=\"https:\/\/www.xinhaowelding.com\/wp-content\/uploads\/2024\/12\/\u89e3\u6790-3-1024x768.png\" alt=\"\" class=\"wp-image-4389\" style=\"width:1200px;height:auto\" srcset=\"https:\/\/www.xinhaowelding.com\/wp-content\/uploads\/2024\/12\/\u89e3\u6790-3-1024x768.png 1024w, https:\/\/www.xinhaowelding.com\/wp-content\/uploads\/2024\/12\/\u89e3\u6790-3-300x225.png 300w, https:\/\/www.xinhaowelding.com\/wp-content\/uploads\/2024\/12\/\u89e3\u6790-3-768x576.png 768w, https:\/\/www.xinhaowelding.com\/wp-content\/uploads\/2024\/12\/\u89e3\u6790-3-1536x1152.png 1536w, https:\/\/www.xinhaowelding.com\/wp-content\/uploads\/2024\/12\/\u89e3\u6790-3-2048x1536.png 2048w, https:\/\/www.xinhaowelding.com\/wp-content\/uploads\/2024\/12\/\u89e3\u6790-3-16x12.png 16w, https:\/\/www.xinhaowelding.com\/wp-content\/uploads\/2024\/12\/\u89e3\u6790-3-600x450.png 600w\" sizes=\"(max-width: 1024px) 100vw, 1024px\" \/><\/figure>\n<\/div><\/div>\n\n\n\n<h2 class=\"wp-block-heading has-large-font-size\">\u73b0\u573a\u5b9e\u62cd<\/h2>\n\n\n\n<h2 class=\"wp-block-heading has-large-font-size\">Tomas en directo<\/h2>\n\n\n\n<p><\/p>\n\n\n\n<div class=\"wp-block-uagb-container uagb-block-9117cdbd alignfull uagb-is-root-container\"><div class=\"uagb-container-inner-blocks-wrap\">\n<div class=\"wp-block-uagb-container uagb-block-a9f27640\">\n<figure class=\"wp-block-image size-full\"><img loading=\"lazy\" decoding=\"async\" width=\"750\" height=\"1000\" src=\"https:\/\/www.xinhaowelding.com\/wp-content\/uploads\/2024\/12\/\u5c55\u793a4.jpg\" alt=\"\" class=\"wp-image-4397\" srcset=\"https:\/\/www.xinhaowelding.com\/wp-content\/uploads\/2024\/12\/\u5c55\u793a4.jpg 750w, https:\/\/www.xinhaowelding.com\/wp-content\/uploads\/2024\/12\/\u5c55\u793a4-225x300.jpg 225w, https:\/\/www.xinhaowelding.com\/wp-content\/uploads\/2024\/12\/\u5c55\u793a4-9x12.jpg 9w, https:\/\/www.xinhaowelding.com\/wp-content\/uploads\/2024\/12\/\u5c55\u793a4-600x800.jpg 600w\" sizes=\"(max-width: 750px) 100vw, 750px\" \/><\/figure>\n<\/div>\n\n\n\n<div class=\"wp-block-uagb-container uagb-block-0286623a\">\n<figure class=\"wp-block-image size-full\"><img loading=\"lazy\" decoding=\"async\" width=\"750\" height=\"1000\" src=\"https:\/\/www.xinhaowelding.com\/wp-content\/uploads\/2024\/12\/\u5c55\u793a2-2.jpg\" alt=\"\" class=\"wp-image-4395\" srcset=\"https:\/\/www.xinhaowelding.com\/wp-content\/uploads\/2024\/12\/\u5c55\u793a2-2.jpg 750w, https:\/\/www.xinhaowelding.com\/wp-content\/uploads\/2024\/12\/\u5c55\u793a2-2-225x300.jpg 225w, https:\/\/www.xinhaowelding.com\/wp-content\/uploads\/2024\/12\/\u5c55\u793a2-2-9x12.jpg 9w, https:\/\/www.xinhaowelding.com\/wp-content\/uploads\/2024\/12\/\u5c55\u793a2-2-600x800.jpg 600w\" sizes=\"(max-width: 750px) 100vw, 750px\" \/><\/figure>\n<\/div>\n<\/div><\/div>\n\n\n\n<p><a href=\"http:\/\/www.google.com\" title=\"www.google.com\">www.google.com<\/a><\/p>","protected":false},"excerpt":{"rendered":"<p><strong>Rotador de soldadura CO2 para tuber\u00edas y dep\u00f3sitos: los rodillos autoalineables garantizan una rotaci\u00f3n suave con soldadura MIG\/MAG, ideal para una fabricaci\u00f3n de alta eficiencia.<\/strong><\/p>","protected":false},"featured_media":4398,"comment_status":"open","ping_status":"closed","template":"","meta":{"om_disable_all_campaigns":false,"_uag_custom_page_level_css":"","_monsterinsights_skip_tracking":false,"_monsterinsights_sitenote_active":false,"_monsterinsights_sitenote_note":"","_monsterinsights_sitenote_category":0,"site-sidebar-layout":"default","site-content-layout":"","ast-site-content-layout":"default","site-content-style":"default","site-sidebar-style":"default","ast-global-header-display":"","ast-banner-title-visibility":"","ast-main-header-display":"","ast-hfb-above-header-display":"","ast-hfb-below-header-display":"","ast-hfb-mobile-header-display":"","site-post-title":"","ast-breadcrumbs-content":"","ast-featured-img":"","footer-sml-layout":"","theme-transparent-header-meta":"","adv-header-id-meta":"","stick-header-meta":"","header-above-stick-meta":"","header-main-stick-meta":"","header-below-stick-meta":"","astra-migrate-meta-layouts":"set","ast-page-background-enabled":"default","ast-page-background-meta":{"desktop":{"background-color":"","background-image":"","background-repeat":"repeat","background-position":"center center","background-size":"auto","background-attachment":"scroll","background-type":"","background-media":"","overlay-type":"","overlay-color":"","overlay-opacity":"","overlay-gradient":""},"tablet":{"background-color":"","background-image":"","background-repeat":"repeat","background-position":"center center","background-size":"auto","background-attachment":"scroll","background-type":"","background-media":"","overlay-type":"","overlay-color":"","overlay-opacity":"","overlay-gradient":""},"mobile":{"background-color":"","background-image":"","background-repeat":"repeat","background-position":"center center","background-size":"auto","background-attachment":"scroll","background-type":"","background-media":"","overlay-type":"","overlay-color":"","overlay-opacity":"","overlay-gradient":""}},"ast-content-background-meta":{"desktop":{"background-color":"var(--ast-global-color-5)","background-image":"","background-repeat":"repeat","background-position":"center center","background-size":"auto","background-attachment":"scroll","background-type":"","background-media":"","overlay-type":"","overlay-color":"","overlay-opacity":"","overlay-gradient":""},"tablet":{"background-color":"var(--ast-global-color-5)","background-image":"","background-repeat":"repeat","background-position":"center center","background-size":"auto","background-attachment":"scroll","background-type":"","background-media":"","overlay-type":"","overlay-color":"","overlay-opacity":"","overlay-gradient":""},"mobile":{"background-color":"var(--ast-global-color-5)","background-image":"","background-repeat":"repeat","background-position":"center center","background-size":"auto","background-attachment":"scroll","background-type":"","background-media":"","overlay-type":"","overlay-color":"","overlay-opacity":"","overlay-gradient":""}}},"product_brand":[],"product_cat":[57,69],"product_tag":[],"class_list":{"0":"post-4388","1":"product","2":"type-product","3":"status-publish","4":"has-post-thumbnail","6":"product_cat-automatic-welding-equipment","7":"product_cat-co2-automatic-welding","8":"desktop-align-left","9":"tablet-align-left","10":"mobile-align-left","12":"first","13":"instock","14":"shipping-taxable","15":"product-type-simple"},"aioseo_notices":[],"uagb_featured_image_src":{"full":["https:\/\/www.xinhaowelding.com\/wp-content\/uploads\/2024\/12\/1-12.jpg",800,800,false],"thumbnail":["https:\/\/www.xinhaowelding.com\/wp-content\/uploads\/2024\/12\/1-12-150x150.jpg",150,150,true],"medium":["https:\/\/www.xinhaowelding.com\/wp-content\/uploads\/2024\/12\/1-12-300x300.jpg",300,300,true],"medium_large":["https:\/\/www.xinhaowelding.com\/wp-content\/uploads\/2024\/12\/1-12-768x768.jpg",768,768,true],"large":["https:\/\/www.xinhaowelding.com\/wp-content\/uploads\/2024\/12\/1-12.jpg",800,800,false],"1536x1536":["https:\/\/www.xinhaowelding.com\/wp-content\/uploads\/2024\/12\/1-12.jpg",800,800,false],"2048x2048":["https:\/\/www.xinhaowelding.com\/wp-content\/uploads\/2024\/12\/1-12.jpg",800,800,false],"trp-custom-language-flag":["https:\/\/www.xinhaowelding.com\/wp-content\/uploads\/2024\/12\/1-12-12x12.jpg",12,12,true],"woocommerce_thumbnail":["https:\/\/www.xinhaowelding.com\/wp-content\/uploads\/2024\/12\/1-12-600x600.jpg",600,600,true],"woocommerce_single":["https:\/\/www.xinhaowelding.com\/wp-content\/uploads\/2024\/12\/1-12-600x600.jpg",600,600,true],"woocommerce_gallery_thumbnail":["https:\/\/www.xinhaowelding.com\/wp-content\/uploads\/2024\/12\/1-12-100x100.jpg",100,100,true]},"uagb_author_info":{"display_name":"jinxing6611@gmail.com","author_link":"https:\/\/www.xinhaowelding.com\/es\/author\/"},"uagb_comment_info":0,"uagb_excerpt":"CO2 welding rotator for pipes &amp; tanks \u2013 self-aligning rollers ensure smooth rotation with MIG\/MAG welding, ideal for high-efficiency fabrication.","_links":{"self":[{"href":"https:\/\/www.xinhaowelding.com\/es\/wp-json\/wp\/v2\/product\/4388","targetHints":{"allow":["GET"]}}],"collection":[{"href":"https:\/\/www.xinhaowelding.com\/es\/wp-json\/wp\/v2\/product"}],"about":[{"href":"https:\/\/www.xinhaowelding.com\/es\/wp-json\/wp\/v2\/types\/product"}],"replies":[{"embeddable":true,"href":"https:\/\/www.xinhaowelding.com\/es\/wp-json\/wp\/v2\/comments?post=4388"}],"wp:featuredmedia":[{"embeddable":true,"href":"https:\/\/www.xinhaowelding.com\/es\/wp-json\/wp\/v2\/media\/4398"}],"wp:attachment":[{"href":"https:\/\/www.xinhaowelding.com\/es\/wp-json\/wp\/v2\/media?parent=4388"}],"wp:term":[{"taxonomy":"product_brand","embeddable":true,"href":"https:\/\/www.xinhaowelding.com\/es\/wp-json\/wp\/v2\/product_brand?post=4388"},{"taxonomy":"product_cat","embeddable":true,"href":"https:\/\/www.xinhaowelding.com\/es\/wp-json\/wp\/v2\/product_cat?post=4388"},{"taxonomy":"product_tag","embeddable":true,"href":"https:\/\/www.xinhaowelding.com\/es\/wp-json\/wp\/v2\/product_tag?post=4388"}],"curies":[{"name":"wp","href":"https:\/\/api.w.org\/{rel}","templated":true}]}}