{"id":4565,"date":"2025-04-09T06:44:36","date_gmt":"2025-04-09T06:44:36","guid":{"rendered":"https:\/\/www.xinhaowelding.com\/?post_type=product&#038;p=4565"},"modified":"2025-04-09T06:46:02","modified_gmt":"2025-04-09T06:46:02","slug":"zdh-1140-6-axis-cnc-tig-welder-auto-argon-arc-welding","status":"publish","type":"product","link":"https:\/\/www.xinhaowelding.com\/es\/producto\/zdh-1140-6-axis-cnc-tig-welder-auto-argon-arc-welding\/","title":{"rendered":"Soldador TIG CNC de 6 ejes ZDH-1140 | Soldadura por arco de arg\u00f3n autom\u00e1tico"},"content":{"rendered":"<h2 class=\"wp-block-heading\"><a href=\"https:\/\/www.xinhaowelding.com\/es\/producto\/zdh-1140-6-axis-cnc-tig-welder-auto-argon-arc-welding\/\" title=\"\u6c29\u5f27\u81ea\u52a8\u710a1140\uff08\u516d\u8f74\uff09\">\u6c29\u5f27\u81ea\u52a8\u710a1140\uff08\u516d\u8f74\uff09<\/a><\/h2>\n\n\n\n<h3 class=\"wp-block-heading\">ZDH - 1140 M\u00e1quina autom\u00e1tica de soldadura TIG de seis ejes<\/h3>\n\n\n\n<p>\u25c6Suitable para el tubo del tubo, la curva del tubo, la soldadura plana de la costura del reborde del cuello alto del tubo y la soldadura de la costura de la esquina del reborde del tubo.<\/p>\n\n\n\n<p>\u25c6Adecuado para la soldadura de acero al carbono y acero inoxidable.<\/p>\n\n\n\n<p>\u25c6Standard Autai WSM-400C m\u00e1quina de soldadura por arco de arg\u00f3n, Panasonic YC-400TX4 m\u00e1quina de soldadura por arco de arg\u00f3n se puede seleccionar.<\/p>\n\n\n\n<p>\u25c6Dise\u00f1o integrado, estructura compacta, madura y fiable; posicionamiento preciso de rotaci\u00f3n del mandril de tres mordazas autocentrante.<\/p>\n\n\n\n<p>\u25c63D cruz de soldadura manual + a trav\u00e9s de posicionador de agujero + pistola de soldadura Mecanismo de ajuste de \u00e1ngulo, para asegurar la pistola de soldadura multi-posici\u00f3n, multi-\u00e1ngulo de conversi\u00f3n.<\/p>\n\n\n\n<p>\u25c6Sistema de control adopta la interfaz hombre-m\u00e1quina de pantalla t\u00e1ctil grande, f\u00e1cil operaci\u00f3n, control integrado de los par\u00e1metros del posicionador, par\u00e1metros de oscilaci\u00f3n, corriente de la m\u00e1quina de soldadura, par\u00e1metros de alimentaci\u00f3n de alambre, par\u00e1metros de voltaje de arco.<\/p>\n\n\n\n<p>\u25c6La capacidad de almacenamiento del proceso de soldadura es de 50 conjuntos, y se puede invocar directamente el proceso de soldadura correspondiente seg\u00fan las especificaciones y los n\u00fameros de soldadura.<\/p>\n\n\n\n<p>\u25c6Sistema est\u00e1ndar de seguimiento de la longitud del arco (AVC) y sistema de gui\u00f1ada de la pistola de soldadura (OSC).<\/p>\n\n\n\n<p>\u25c6CNC m\u00e1quina autom\u00e1tica de alimentaci\u00f3n de alambre, con la funci\u00f3n de dibujo de alambre inversa autom\u00e1tica y la funci\u00f3n de alimentaci\u00f3n de alambre pulsante, alta precisi\u00f3n de alimentaci\u00f3n de alambre, el apoyo a la fijaci\u00f3n de alimentaci\u00f3n de alambre.<\/p>\n\n\n\n<p>\u25c6Shanghai Zhengte 10L tanque de agua, sistema de refrigeraci\u00f3n por agua de circulaci\u00f3n forzada, para asegurar la m\u00e1quina durante mucho tiempo un funcionamiento fiable.<\/p>\n\n\n\n<p>\u25c6Standard 5 metros WP27 pistola de soldadura por arco de arg\u00f3n refrigerado por agua, gu\u00eda de flujo de cubierta de malla, protecci\u00f3n uniforme de gas.<\/p>\n\n\n\n<p>\u25c6Control remoto inal\u00e1mbrico operaci\u00f3n de un bot\u00f3n, la finalizaci\u00f3n autom\u00e1tica de todo el proceso de soldadura; La intervenci\u00f3n en tiempo real de los par\u00e1metros de soldadura tambi\u00e9n se puede realizar seg\u00fan sea necesario.<\/p>\n\n\n\n<p>\u25c6Soporte de personalizaci\u00f3n.<\/p>\n\n\n\n<figure class=\"wp-block-table\"><table class=\"has-fixed-layout\"><tbody><tr><td><strong>N\u00famero de modelo<\/strong><strong><\/strong><\/td><td><strong>ZDH-1140<\/strong><strong><\/strong><\/td><\/tr><tr><td>\u00c1ngulo de giro<\/td><td>0-90\u00b0<\/td><\/tr><tr><td>Di\u00e1metro de sujeci\u00f3n<\/td><td>20-550 mm<\/td><\/tr><tr><td>Di\u00e1metro del orificio pasante<\/td><td>140\/170 mm<\/td><\/tr><tr><td>M\u00e1quina de soldadura por arco de arg\u00f3n<\/td><td>Aotai WSM-400<\/td><\/tr><tr><td>Dep\u00f3sito de agua de refrigeraci\u00f3n<\/td><td>CT-10<\/td><\/tr><tr><td>Pistola de soldadura autom\u00e1tica<\/td><td>WP-27\/refrigeraci\u00f3n por agua<\/td><\/tr><tr><td>Di\u00e1metro de alambre adecuado<\/td><td>0.8\/1.0\/1.2\/1.6<\/td><\/tr><tr><td>Formaci\u00f3n de regulaci\u00f3n tridimensional<\/td><td>500*500*500mm<\/td><\/tr><tr><td>Dimensiones generales<\/td><td>1250*1000*1600mm<\/td><\/tr><\/tbody><\/table><\/figure>\n\n\n\n<h2 class=\"wp-block-heading\"><strong><u><strong>\u4ea7\u54c1\u7ec6\u8282<\/strong><\/u><\/strong><\/h2>\n\n\n\n<p><strong>Detalles del producto<\/strong><\/p>\n\n\n\n<div class=\"wp-block-uagb-container uagb-block-f62404cb alignfull uagb-is-root-container\"><div class=\"uagb-container-inner-blocks-wrap\">\n<div class=\"wp-block-uagb-container uagb-block-911b9a19\">\n<figure class=\"wp-block-image size-full\"><img fetchpriority=\"high\" decoding=\"async\" width=\"1000\" height=\"750\" src=\"https:\/\/www.xinhaowelding.com\/wp-content\/uploads\/2025\/04\/\u7ec6\u82821.jpg\" alt=\"\" class=\"wp-image-4575\" srcset=\"https:\/\/www.xinhaowelding.com\/wp-content\/uploads\/2025\/04\/\u7ec6\u82821.jpg 1000w, https:\/\/www.xinhaowelding.com\/wp-content\/uploads\/2025\/04\/\u7ec6\u82821-300x225.jpg 300w, https:\/\/www.xinhaowelding.com\/wp-content\/uploads\/2025\/04\/\u7ec6\u82821-768x576.jpg 768w, https:\/\/www.xinhaowelding.com\/wp-content\/uploads\/2025\/04\/\u7ec6\u82821-16x12.jpg 16w, https:\/\/www.xinhaowelding.com\/wp-content\/uploads\/2025\/04\/\u7ec6\u82821-600x450.jpg 600w\" sizes=\"(max-width: 1000px) 100vw, 1000px\" \/><\/figure>\n<\/div>\n\n\n\n<div class=\"wp-block-uagb-container uagb-block-81203862\">\n<h2 class=\"wp-block-heading has-large-font-size\">Caja de control PLC<\/h2>\n\n\n\n<div class=\"wp-block-group is-layout-constrained wp-block-group-is-layout-constrained\">\n<p>La capacidad de almacenamiento de los procesos de soldadura es de 50 juegos. <\/p>\n\n\n\n<p>Seg\u00fan las especificaciones de las piezas soldadas,<\/p>\n\n\n\n<p> los procesos de soldadura correspondientes pueden llamarse directamente por n\u00famero.<\/p>\n<\/div>\n<\/div>\n<\/div><\/div>\n\n\n\n<div class=\"wp-block-uagb-container uagb-block-8a84bf10 alignfull uagb-is-root-container\"><div class=\"uagb-container-inner-blocks-wrap\">\n<div class=\"wp-block-uagb-container uagb-block-9e39a3de\">\n<figure class=\"wp-block-image size-full\"><img decoding=\"async\" width=\"1000\" height=\"750\" src=\"https:\/\/www.xinhaowelding.com\/wp-content\/uploads\/2025\/04\/\u7ec6\u82822.jpg\" alt=\"\" class=\"wp-image-4576\" srcset=\"https:\/\/www.xinhaowelding.com\/wp-content\/uploads\/2025\/04\/\u7ec6\u82822.jpg 1000w, https:\/\/www.xinhaowelding.com\/wp-content\/uploads\/2025\/04\/\u7ec6\u82822-300x225.jpg 300w, https:\/\/www.xinhaowelding.com\/wp-content\/uploads\/2025\/04\/\u7ec6\u82822-768x576.jpg 768w, https:\/\/www.xinhaowelding.com\/wp-content\/uploads\/2025\/04\/\u7ec6\u82822-16x12.jpg 16w, https:\/\/www.xinhaowelding.com\/wp-content\/uploads\/2025\/04\/\u7ec6\u82822-600x450.jpg 600w\" sizes=\"(max-width: 1000px) 100vw, 1000px\" \/><\/figure>\n<\/div>\n\n\n\n<div class=\"wp-block-uagb-container uagb-block-479a5f09\">\n<h2 class=\"wp-block-heading has-large-font-size\">Ajuste el\u00e9ctrico<\/h2>\n\n\n\n<div class=\"wp-block-group is-layout-constrained wp-block-group-is-layout-constrained\">\n<p>Ajuste el\u00e9ctrico arriba y abajo, izquierda y derecha. <\/p>\n\n\n\n<p>Mejorar la eficacia y garantizar un funcionamiento sencillo.<\/p>\n<\/div>\n<\/div>\n<\/div><\/div>\n\n\n\n<div class=\"wp-block-uagb-container uagb-block-92ba1ac9 alignfull uagb-is-root-container\"><div class=\"uagb-container-inner-blocks-wrap\">\n<div class=\"wp-block-uagb-container uagb-block-6593c9b9\">\n<figure class=\"wp-block-image size-full\"><img decoding=\"async\" width=\"1000\" height=\"750\" src=\"https:\/\/www.xinhaowelding.com\/wp-content\/uploads\/2025\/04\/\u7ec6\u82823.jpg\" alt=\"\" class=\"wp-image-4577\" srcset=\"https:\/\/www.xinhaowelding.com\/wp-content\/uploads\/2025\/04\/\u7ec6\u82823.jpg 1000w, https:\/\/www.xinhaowelding.com\/wp-content\/uploads\/2025\/04\/\u7ec6\u82823-300x225.jpg 300w, https:\/\/www.xinhaowelding.com\/wp-content\/uploads\/2025\/04\/\u7ec6\u82823-768x576.jpg 768w, https:\/\/www.xinhaowelding.com\/wp-content\/uploads\/2025\/04\/\u7ec6\u82823-16x12.jpg 16w, https:\/\/www.xinhaowelding.com\/wp-content\/uploads\/2025\/04\/\u7ec6\u82823-600x450.jpg 600w\" sizes=\"(max-width: 1000px) 100vw, 1000px\" \/><\/figure>\n<\/div>\n\n\n\n<div class=\"wp-block-uagb-container uagb-block-f3925901\">\n<h2 class=\"wp-block-heading has-large-font-size\">Posicionador de taladros pasantes<\/h2>\n\n\n\n<div class=\"wp-block-group is-layout-constrained wp-block-group-is-layout-constrained\">\n<p>Puede sujetar piezas de diferentes di\u00e1metros.<\/p>\n\n\n\n<p>La sujeci\u00f3n es estable y la precisi\u00f3n exacta.<\/p>\n\n\n\n<p>Se admite la personalizaci\u00f3n.<\/p>\n<\/div>\n<\/div>\n<\/div><\/div>\n\n\n\n<div class=\"wp-block-uagb-container uagb-block-e2fb2cea alignfull uagb-is-root-container\"><div class=\"uagb-container-inner-blocks-wrap\">\n<div class=\"wp-block-uagb-container uagb-block-69d78821\">\n<figure class=\"wp-block-image size-full\"><img loading=\"lazy\" decoding=\"async\" width=\"1000\" height=\"750\" src=\"https:\/\/www.xinhaowelding.com\/wp-content\/uploads\/2025\/04\/\u7ec6\u82824.jpg\" alt=\"\" class=\"wp-image-4578\" srcset=\"https:\/\/www.xinhaowelding.com\/wp-content\/uploads\/2025\/04\/\u7ec6\u82824.jpg 1000w, https:\/\/www.xinhaowelding.com\/wp-content\/uploads\/2025\/04\/\u7ec6\u82824-300x225.jpg 300w, https:\/\/www.xinhaowelding.com\/wp-content\/uploads\/2025\/04\/\u7ec6\u82824-768x576.jpg 768w, https:\/\/www.xinhaowelding.com\/wp-content\/uploads\/2025\/04\/\u7ec6\u82824-16x12.jpg 16w, https:\/\/www.xinhaowelding.com\/wp-content\/uploads\/2025\/04\/\u7ec6\u82824-600x450.jpg 600w\" sizes=\"(max-width: 1000px) 100vw, 1000px\" \/><\/figure>\n<\/div>\n\n\n\n<div class=\"wp-block-uagb-container uagb-block-628dba77\">\n<h2 class=\"wp-block-heading has-large-font-size\">Volante de ajuste<\/h2>\n\n\n\n<div class=\"wp-block-group is-layout-constrained wp-block-group-is-layout-constrained\">\n<p>Ajuste manualmente el \u00e1ngulo de inclinaci\u00f3n del posicionador. <\/p>\n\n\n\n<p>Ajuste para soldar en cualquier \u00e1ngulo.<\/p>\n<\/div>\n<\/div>\n<\/div><\/div>\n\n\n\n<h2 class=\"wp-block-heading\">\u4ea7\u54c1\u89e3\u6790<\/h2>\n\n\n\n<p>An\u00e1lisis de productos<\/p>\n\n\n\n<p><\/p>\n\n\n\n<div class=\"wp-block-uagb-image uagb-block-9fb81ade wp-block-uagb-image--layout-default wp-block-uagb-image--effect-static wp-block-uagb-image--align-none\"><figure class=\"wp-block-uagb-image__figure\"><img loading=\"lazy\" decoding=\"async\" srcset=\"https:\/\/www.xinhaowelding.com\/wp-content\/uploads\/2025\/04\/\u82f1\u6587\u8bbe\u5907\u6807\u6ce8-1024x796.png ,https:\/\/www.xinhaowelding.com\/wp-content\/uploads\/2025\/04\/\u82f1\u6587\u8bbe\u5907\u6807\u6ce8.png 780w, https:\/\/www.xinhaowelding.com\/wp-content\/uploads\/2025\/04\/\u82f1\u6587\u8bbe\u5907\u6807\u6ce8.png 360w\" sizes=\"auto, (max-width: 480px) 150px\" src=\"https:\/\/www.xinhaowelding.com\/wp-content\/uploads\/2025\/04\/\u82f1\u6587\u8bbe\u5907\u6807\u6ce8-1024x796.png\" alt=\"\" class=\"uag-image-4579\" width=\"1024\" height=\"796\" title=\"\u82f1\u6587\u8bbe\u5907\u6807\u6ce8\" role=\"img\"\/><\/figure><\/div>\n\n\n\n<h2 class=\"wp-block-heading\">\u73b0\u573a\u5b9e\u62cd<\/h2>\n\n\n\n<p>Tomas en directo<\/p>\n\n\n\n<p><\/p>\n\n\n\n<div class=\"wp-block-uagb-container uagb-block-758dfea8 alignfull uagb-is-root-container\"><div class=\"uagb-container-inner-blocks-wrap\">\n<div class=\"wp-block-uagb-container uagb-block-880eb709\">\n<figure class=\"wp-block-image size-full\"><img loading=\"lazy\" decoding=\"async\" width=\"750\" height=\"1000\" src=\"https:\/\/www.xinhaowelding.com\/wp-content\/uploads\/2025\/04\/9803.jpg\" alt=\"\" class=\"wp-image-4571\" srcset=\"https:\/\/www.xinhaowelding.com\/wp-content\/uploads\/2025\/04\/9803.jpg 750w, https:\/\/www.xinhaowelding.com\/wp-content\/uploads\/2025\/04\/9803-225x300.jpg 225w, https:\/\/www.xinhaowelding.com\/wp-content\/uploads\/2025\/04\/9803-9x12.jpg 9w, https:\/\/www.xinhaowelding.com\/wp-content\/uploads\/2025\/04\/9803-600x800.jpg 600w\" sizes=\"(max-width: 750px) 100vw, 750px\" \/><\/figure>\n<\/div>\n\n\n\n<div class=\"wp-block-uagb-container uagb-block-74ad9c80\">\n<figure class=\"wp-block-image size-full\"><img loading=\"lazy\" decoding=\"async\" width=\"750\" height=\"1000\" src=\"https:\/\/www.xinhaowelding.com\/wp-content\/uploads\/2025\/04\/9806.jpg\" alt=\"\" class=\"wp-image-4573\" srcset=\"https:\/\/www.xinhaowelding.com\/wp-content\/uploads\/2025\/04\/9806.jpg 750w, https:\/\/www.xinhaowelding.com\/wp-content\/uploads\/2025\/04\/9806-225x300.jpg 225w, https:\/\/www.xinhaowelding.com\/wp-content\/uploads\/2025\/04\/9806-9x12.jpg 9w, https:\/\/www.xinhaowelding.com\/wp-content\/uploads\/2025\/04\/9806-600x800.jpg 600w\" sizes=\"(max-width: 750px) 100vw, 750px\" \/><\/figure>\n<\/div>\n\n\n\n<div class=\"wp-block-uagb-container uagb-block-c4811df2\">\n<figure class=\"wp-block-image size-full\"><img loading=\"lazy\" decoding=\"async\" width=\"750\" height=\"1000\" src=\"https:\/\/www.xinhaowelding.com\/wp-content\/uploads\/2025\/04\/9826.jpg\" alt=\"\" class=\"wp-image-4574\" srcset=\"https:\/\/www.xinhaowelding.com\/wp-content\/uploads\/2025\/04\/9826.jpg 750w, https:\/\/www.xinhaowelding.com\/wp-content\/uploads\/2025\/04\/9826-225x300.jpg 225w, https:\/\/www.xinhaowelding.com\/wp-content\/uploads\/2025\/04\/9826-9x12.jpg 9w, https:\/\/www.xinhaowelding.com\/wp-content\/uploads\/2025\/04\/9826-600x800.jpg 600w\" sizes=\"(max-width: 750px) 100vw, 750px\" \/><\/figure>\n<\/div>\n\n\n\n<div class=\"wp-block-uagb-container uagb-block-80de2b8a\">\n<figure class=\"wp-block-image size-full\"><img loading=\"lazy\" decoding=\"async\" width=\"750\" height=\"1000\" src=\"https:\/\/www.xinhaowelding.com\/wp-content\/uploads\/2025\/04\/9804.jpg\" alt=\"\" class=\"wp-image-4572\" srcset=\"https:\/\/www.xinhaowelding.com\/wp-content\/uploads\/2025\/04\/9804.jpg 750w, https:\/\/www.xinhaowelding.com\/wp-content\/uploads\/2025\/04\/9804-225x300.jpg 225w, https:\/\/www.xinhaowelding.com\/wp-content\/uploads\/2025\/04\/9804-9x12.jpg 9w, https:\/\/www.xinhaowelding.com\/wp-content\/uploads\/2025\/04\/9804-600x800.jpg 600w\" sizes=\"(max-width: 750px) 100vw, 750px\" \/><\/figure>\n<\/div>\n<\/div><\/div>\n\n\n\n<p class=\"has-text-align-center\"><a href=\"http:\/\/www.google.com\" title=\"www.google.com\">www.google.com<\/a><\/p>","protected":false},"excerpt":{"rendered":"<p><strong>ZDH-1140 Soldador TIG Auto 6-Ejes | Soldadura de Arco de Arg\u00f3n de Precisi\u00f3n para Piezas Aeroespaciales y de Precisi\u00f3n | Estabilidad Controlada por CNC.<\/strong><\/p>","protected":false},"featured_media":4566,"comment_status":"open","ping_status":"closed","template":"","meta":{"om_disable_all_campaigns":false,"_uag_custom_page_level_css":"","_monsterinsights_skip_tracking":false,"_monsterinsights_sitenote_active":false,"_monsterinsights_sitenote_note":"","_monsterinsights_sitenote_category":0,"site-sidebar-layout":"default","site-content-layout":"","ast-site-content-layout":"default","site-content-style":"default","site-sidebar-style":"default","ast-global-header-display":"","ast-banner-title-visibility":"","ast-main-header-display":"","ast-hfb-above-header-display":"","ast-hfb-below-header-display":"","ast-hfb-mobile-header-display":"","site-post-title":"","ast-breadcrumbs-content":"","ast-featured-img":"","footer-sml-layout":"","theme-transparent-header-meta":"","adv-header-id-meta":"","stick-header-meta":"","header-above-stick-meta":"","header-main-stick-meta":"","header-below-stick-meta":"","astra-migrate-meta-layouts":"set","ast-page-background-enabled":"default","ast-page-background-meta":{"desktop":{"background-color":"","background-image":"","background-repeat":"repeat","background-position":"center center","background-size":"auto","background-attachment":"scroll","background-type":"","background-media":"","overlay-type":"","overlay-color":"","overlay-opacity":"","overlay-gradient":""},"tablet":{"background-color":"","background-image":"","background-repeat":"repeat","background-position":"center center","background-size":"auto","background-attachment":"scroll","background-type":"","background-media":"","overlay-type":"","overlay-color":"","overlay-opacity":"","overlay-gradient":""},"mobile":{"background-color":"","background-image":"","background-repeat":"repeat","background-position":"center center","background-size":"auto","background-attachment":"scroll","background-type":"","background-media":"","overlay-type":"","overlay-color":"","overlay-opacity":"","overlay-gradient":""}},"ast-content-background-meta":{"desktop":{"background-color":"var(--ast-global-color-5)","background-image":"","background-repeat":"repeat","background-position":"center center","background-size":"auto","background-attachment":"scroll","background-type":"","background-media":"","overlay-type":"","overlay-color":"","overlay-opacity":"","overlay-gradient":""},"tablet":{"background-color":"var(--ast-global-color-5)","background-image":"","background-repeat":"repeat","background-position":"center center","background-size":"auto","background-attachment":"scroll","background-type":"","background-media":"","overlay-type":"","overlay-color":"","overlay-opacity":"","overlay-gradient":""},"mobile":{"background-color":"var(--ast-global-color-5)","background-image":"","background-repeat":"repeat","background-position":"center center","background-size":"auto","background-attachment":"scroll","background-type":"","background-media":"","overlay-type":"","overlay-color":"","overlay-opacity":"","overlay-gradient":""}}},"product_brand":[],"product_cat":[57,56],"product_tag":[],"class_list":{"0":"post-4565","1":"product","2":"type-product","3":"status-publish","4":"has-post-thumbnail","6":"product_cat-automatic-welding-equipment","7":"product_cat-products","8":"desktop-align-left","9":"tablet-align-left","10":"mobile-align-left","12":"first","13":"instock","14":"shipping-taxable","15":"product-type-simple"},"aioseo_notices":[],"uagb_featured_image_src":{"full":["https:\/\/www.xinhaowelding.com\/wp-content\/uploads\/2025\/04\/1.jpg",800,800,false],"thumbnail":["https:\/\/www.xinhaowelding.com\/wp-content\/uploads\/2025\/04\/1-150x150.jpg",150,150,true],"medium":["https:\/\/www.xinhaowelding.com\/wp-content\/uploads\/2025\/04\/1-300x300.jpg",300,300,true],"medium_large":["https:\/\/www.xinhaowelding.com\/wp-content\/uploads\/2025\/04\/1-768x768.jpg",768,768,true],"large":["https:\/\/www.xinhaowelding.com\/wp-content\/uploads\/2025\/04\/1.jpg",800,800,false],"1536x1536":["https:\/\/www.xinhaowelding.com\/wp-content\/uploads\/2025\/04\/1.jpg",800,800,false],"2048x2048":["https:\/\/www.xinhaowelding.com\/wp-content\/uploads\/2025\/04\/1.jpg",800,800,false],"trp-custom-language-flag":["https:\/\/www.xinhaowelding.com\/wp-content\/uploads\/2025\/04\/1-12x12.jpg",12,12,true],"woocommerce_thumbnail":["https:\/\/www.xinhaowelding.com\/wp-content\/uploads\/2025\/04\/1-600x600.jpg",600,600,true],"woocommerce_single":["https:\/\/www.xinhaowelding.com\/wp-content\/uploads\/2025\/04\/1-600x600.jpg",600,600,true],"woocommerce_gallery_thumbnail":["https:\/\/www.xinhaowelding.com\/wp-content\/uploads\/2025\/04\/1-100x100.jpg",100,100,true]},"uagb_author_info":{"display_name":"jinxing6611@gmail.com","author_link":"https:\/\/www.xinhaowelding.com\/es\/author\/"},"uagb_comment_info":0,"uagb_excerpt":"ZDH-1140 6-Axis Auto TIG Welder | Precision Argon Arc Welding for Aerospace &amp; Precision Parts | CNC-Controlled Stability.","_links":{"self":[{"href":"https:\/\/www.xinhaowelding.com\/es\/wp-json\/wp\/v2\/product\/4565","targetHints":{"allow":["GET"]}}],"collection":[{"href":"https:\/\/www.xinhaowelding.com\/es\/wp-json\/wp\/v2\/product"}],"about":[{"href":"https:\/\/www.xinhaowelding.com\/es\/wp-json\/wp\/v2\/types\/product"}],"replies":[{"embeddable":true,"href":"https:\/\/www.xinhaowelding.com\/es\/wp-json\/wp\/v2\/comments?post=4565"}],"wp:featuredmedia":[{"embeddable":true,"href":"https:\/\/www.xinhaowelding.com\/es\/wp-json\/wp\/v2\/media\/4566"}],"wp:attachment":[{"href":"https:\/\/www.xinhaowelding.com\/es\/wp-json\/wp\/v2\/media?parent=4565"}],"wp:term":[{"taxonomy":"product_brand","embeddable":true,"href":"https:\/\/www.xinhaowelding.com\/es\/wp-json\/wp\/v2\/product_brand?post=4565"},{"taxonomy":"product_cat","embeddable":true,"href":"https:\/\/www.xinhaowelding.com\/es\/wp-json\/wp\/v2\/product_cat?post=4565"},{"taxonomy":"product_tag","embeddable":true,"href":"https:\/\/www.xinhaowelding.com\/es\/wp-json\/wp\/v2\/product_tag?post=4565"}],"curies":[{"name":"wp","href":"https:\/\/api.w.org\/{rel}","templated":true}]}}