{"id":4597,"date":"2025-04-24T02:52:14","date_gmt":"2025-04-24T02:52:14","guid":{"rendered":"https:\/\/www.xinhaowelding.com\/?post_type=product&#038;p=4597"},"modified":"2025-04-24T02:52:38","modified_gmt":"2025-04-24T02:52:38","slug":"dual-axis-rotating-welder-jinan-xinhao-solution","status":"publish","type":"product","link":"https:\/\/www.xinhaowelding.com\/es\/producto\/dual-axis-rotating-welder-jinan-xinhao-solution\/","title":{"rendered":"Soldadora rotativa de doble eje - Jinan Xinhao Solution<font _mstmutation=\"1\"><\/font>"},"content":{"rendered":"<h2 class=\"wp-block-heading\"><a href=\"https:\/\/www.xinhaowelding.com\/es\/producto\/dual-axis-rotating-welder-jinan-xinhao-solution\/\" title=\"Soldadura autom\u00e1tica con pistola\">Soldadura autom\u00e1tica con pistola<\/a><\/h2>\n\n\n\n<p>\u25c6 El mecanismo de ajuste puede ajustar la posici\u00f3n de la pistola de soldadura. El posicionamiento del cono superior es preciso y la formaci\u00f3n de la costura de soldadura es hermosa.<\/p>\n\n\n\n<p>\u25c6Drive usando el motor de pasos (solo eje) o la impulsi\u00f3n del motor servo (eje doble), sistema de control de la pantalla t\u00e1ctil del PLC, puede almacenar 10 grupos de par\u00e1metros de proceso de la soldadura, con la operaci\u00f3n simple, el interfaz f\u00e1cil de usar y otras caracter\u00edsticas.<\/p>\n\n\n\n<p>\u25c6Cuando se coloca la soldadura, el cilindro comprime la pieza de trabajo despu\u00e9s de la inserci\u00f3n o la soldadura por puntos. El arma de la soldadura de la m\u00e1quina de soldadura de la costura del anillo avanza y avanza con la estructura superior del cono, y el \u00e1ngulo y la distancia de la soldadura se deben ajustar manualmente por adelantado; El n\u00famero de vueltas del anillo de la antorcha tiene la inducci\u00f3n del origen y vuelve a la posici\u00f3n despu\u00e9s de la terminaci\u00f3n.<\/p>\n\n\n\n<p><strong>Manipulador m\u00f3vil de soldadura por costura anular con pistola giratoria y m\u00e1quina horizontal de soldadura por silla de montar<\/strong><\/p>\n\n\n\n<p>El equipo adopta la estructura plegable del brazo del carro, sistema de control de la pantalla t\u00e1ctil del PLC, seg\u00fan las necesidades reales de diversos usuarios puede ser que hace pivotar la soldadura del arma de la soldadura, soldadura que forma hermoso, uniforme, derritiendo profundidad, derritiendo anchura para cumplir los requisitos; La soldadora es flexible y simple en la operaci\u00f3n, conveniente en la colocaci\u00f3n del objeto, confiable en funcionamiento, alto en la automatizaci\u00f3n y bajo en intensidad de trabajo. Ampliamente utilizado en la fabricaci\u00f3n de veh\u00edculos, maquinaria de elevaci\u00f3n, maquinaria de construcci\u00f3n y otras industrias.<\/p>\n\n\n\n<p>\u25c6Soporte de personalizaci\u00f3n.<\/p>\n\n\n\n<h3 class=\"wp-block-heading\"><strong>Equipo de soldadura con pistola rotativa de doble eje - Jinan Xinhao Welding Technology Co.<\/strong><\/h3>\n\n\n\n<p><strong>Precisi\u00f3n innovadora para un rendimiento de soldadura superior<\/strong><\/p>\n\n\n\n<p>Jinan Xinhao Welding Technology Co., Ltd. es un fabricante l\u00edder de soluciones avanzadas de soldadura, especializado en alta eficiencia&nbsp;<strong>Equipo de soldadura con pistola giratoria de doble eje<\/strong>. Dise\u00f1ados para ofrecer precisi\u00f3n y durabilidad, nuestros equipos son ideales para aplicaciones industriales que requieren soldaduras uniformes y de alta calidad en geometr\u00edas complejas.<\/p>\n\n\n\n<h4 class=\"wp-block-heading\"><strong>Caracter\u00edsticas principales:<\/strong><\/h4>\n\n\n\n<ul class=\"wp-block-list\">\n<li><strong>Rotaci\u00f3n de doble eje<\/strong>: Permite \u00e1ngulos de soldadura flexibles de 360\u00b0, garantizando cordones de soldadura uniformes en piezas cil\u00edndricas o curvas.<\/li>\n\n\n\n<li><strong>Alta estabilidad<\/strong>: Su robusta estructura minimiza las vibraciones, mejorando la precisi\u00f3n y la repetibilidad.<\/li>\n\n\n\n<li><strong>Funcionamiento automatizado<\/strong>: Compatible con sistemas robotizados para mejorar la productividad y reducir los costes de mano de obra.<\/li>\n\n\n\n<li><strong>Amplia compatibilidad<\/strong>: Soporta procesos de soldadura MIG\/MAG, TIG y otros para diversos materiales (acero, aluminio, aleaciones).<\/li>\n\n\n\n<li><strong>Interfaz f\u00e1cil de usar<\/strong>: Controles intuitivos y ajustes programables para un funcionamiento perfecto.<\/li>\n<\/ul>\n\n\n\n<figure class=\"wp-block-table\"><table class=\"has-fixed-layout\"><tbody><tr><td><strong>N\u00famero de modelo<\/strong><strong><\/strong><\/td><td><strong>ZQH-<\/strong>50<\/td><\/tr><tr><td>Rango de trabajo adecuado<\/td><td>20-50 mm<\/td><\/tr><tr><td>La carrera del cilindro neum\u00e1tico es ajustable<\/td><td>200 mm<\/td><\/tr><tr><td>Dimensiones generales<\/td><td>540*720*2160mm<\/td><\/tr><\/tbody><\/table><\/figure>\n\n\n\n<h2 class=\"wp-block-heading\"><strong><u><strong>\u4ea7\u54c1\u7ec6\u8282<\/strong><\/u><\/strong><strong><u><strong><\/strong><\/u><\/strong><\/h2>\n\n\n\n<h2 class=\"wp-block-heading\"><strong>Detalles del producto<\/strong><\/h2>\n\n\n\n<div class=\"wp-block-uagb-container uagb-block-70c0ba06 alignfull uagb-is-root-container\"><div class=\"uagb-container-inner-blocks-wrap\">\n<div class=\"wp-block-uagb-container uagb-block-ae04c474\">\n<figure class=\"wp-block-image size-full\"><img fetchpriority=\"high\" decoding=\"async\" width=\"1000\" height=\"750\" src=\"https:\/\/www.xinhaowelding.com\/wp-content\/uploads\/2025\/04\/\u7ec6\u82821-1.jpg\" alt=\"\" class=\"wp-image-4605\" srcset=\"https:\/\/www.xinhaowelding.com\/wp-content\/uploads\/2025\/04\/\u7ec6\u82821-1.jpg 1000w, https:\/\/www.xinhaowelding.com\/wp-content\/uploads\/2025\/04\/\u7ec6\u82821-1-300x225.jpg 300w, https:\/\/www.xinhaowelding.com\/wp-content\/uploads\/2025\/04\/\u7ec6\u82821-1-768x576.jpg 768w, https:\/\/www.xinhaowelding.com\/wp-content\/uploads\/2025\/04\/\u7ec6\u82821-1-16x12.jpg 16w, https:\/\/www.xinhaowelding.com\/wp-content\/uploads\/2025\/04\/\u7ec6\u82821-1-600x450.jpg 600w\" sizes=\"(max-width: 1000px) 100vw, 1000px\" \/><\/figure>\n<\/div>\n\n\n\n<div class=\"wp-block-uagb-container uagb-block-ec07f264\">\n<h2 class=\"wp-block-heading has-large-font-size\">Caja de control inteligente PLC<\/h2>\n\n\n\n<div class=\"wp-block-group is-layout-constrained wp-block-group-is-layout-constrained\">\n<p>Caja de control con pantalla t\u00e1ctil PLC <\/p>\n\n\n\n<p>Control integral con una sola tecla<\/p>\n<\/div>\n<\/div>\n<\/div><\/div>\n\n\n\n<div class=\"wp-block-uagb-container uagb-block-9f6c001b alignfull uagb-is-root-container\"><div class=\"uagb-container-inner-blocks-wrap\">\n<div class=\"wp-block-uagb-container uagb-block-07cbf944\">\n<figure class=\"wp-block-image size-full\"><img decoding=\"async\" width=\"1000\" height=\"750\" src=\"https:\/\/www.xinhaowelding.com\/wp-content\/uploads\/2025\/04\/\u7ec6\u82822-1.jpg\" alt=\"\" class=\"wp-image-4606\" srcset=\"https:\/\/www.xinhaowelding.com\/wp-content\/uploads\/2025\/04\/\u7ec6\u82822-1.jpg 1000w, https:\/\/www.xinhaowelding.com\/wp-content\/uploads\/2025\/04\/\u7ec6\u82822-1-300x225.jpg 300w, https:\/\/www.xinhaowelding.com\/wp-content\/uploads\/2025\/04\/\u7ec6\u82822-1-768x576.jpg 768w, https:\/\/www.xinhaowelding.com\/wp-content\/uploads\/2025\/04\/\u7ec6\u82822-1-16x12.jpg 16w, https:\/\/www.xinhaowelding.com\/wp-content\/uploads\/2025\/04\/\u7ec6\u82822-1-600x450.jpg 600w\" sizes=\"(max-width: 1000px) 100vw, 1000px\" \/><\/figure>\n<\/div>\n\n\n\n<div class=\"wp-block-uagb-container uagb-block-626bb416\">\n<h2 class=\"wp-block-heading has-large-font-size\">El centro se aprieta con fuerza<\/h2>\n\n\n\n<div class=\"wp-block-group is-layout-constrained wp-block-group-is-layout-constrained\">\n<p>Cuando la pieza de soldadura est\u00e1 colocada correctamente, el cilindro de aire presiona la pieza insertada o soldada. La antorcha de soldadura de la m\u00e1quina de soldadura de costura circunferencial se mueve hacia adelante y hacia atr\u00e1s junto con la estructura de tope. La posici\u00f3n angular y la distancia de la antorcha con respecto al cord\u00f3n de soldadura deben ajustarse manualmente con antelaci\u00f3n. El n\u00famero de revoluciones de la antorcha de soldadura es detectado por el sensor de origen, y volver\u00e1 a su posici\u00f3n original una vez finalizada la soldadura.<\/p>\n<\/div>\n<\/div>\n<\/div><\/div>\n\n\n\n<div class=\"wp-block-uagb-container uagb-block-462ad840 alignfull uagb-is-root-container\"><div class=\"uagb-container-inner-blocks-wrap\">\n<div class=\"wp-block-uagb-container uagb-block-a3bded57\">\n<figure class=\"wp-block-image size-full\"><img decoding=\"async\" width=\"1000\" height=\"750\" src=\"https:\/\/www.xinhaowelding.com\/wp-content\/uploads\/2025\/04\/\u7ec6\u82823-1.jpg\" alt=\"\" class=\"wp-image-4607\" srcset=\"https:\/\/www.xinhaowelding.com\/wp-content\/uploads\/2025\/04\/\u7ec6\u82823-1.jpg 1000w, https:\/\/www.xinhaowelding.com\/wp-content\/uploads\/2025\/04\/\u7ec6\u82823-1-300x225.jpg 300w, https:\/\/www.xinhaowelding.com\/wp-content\/uploads\/2025\/04\/\u7ec6\u82823-1-768x576.jpg 768w, https:\/\/www.xinhaowelding.com\/wp-content\/uploads\/2025\/04\/\u7ec6\u82823-1-16x12.jpg 16w, https:\/\/www.xinhaowelding.com\/wp-content\/uploads\/2025\/04\/\u7ec6\u82823-1-600x450.jpg 600w\" sizes=\"(max-width: 1000px) 100vw, 1000px\" \/><\/figure>\n<\/div>\n\n\n\n<div class=\"wp-block-uagb-container uagb-block-9ac1c2ea\">\n<h2 class=\"wp-block-heading has-large-font-size\">Plataforma de soldadura<\/h2>\n\n\n\n<div class=\"wp-block-group is-layout-constrained wp-block-group-is-layout-constrained\">\n<p>El dise\u00f1o de todo el sistema de potencia de la m\u00e1quina de soldadura de costura circunferencial horizontal ocupa principalmente m\u00e1s espacio en la direcci\u00f3n longitudinal, dejando m\u00e1s espacio para acomodar las piezas de trabajo de soldadura. Por lo tanto, tiene una flexibilidad relativamente amplia en cuanto a los requisitos de volumen de las piezas de trabajo de soldadura.<\/p>\n<\/div>\n<\/div>\n<\/div><\/div>\n\n\n\n<div class=\"wp-block-uagb-container uagb-block-d8c314b6 alignfull uagb-is-root-container\"><div class=\"uagb-container-inner-blocks-wrap\">\n<div class=\"wp-block-uagb-container uagb-block-29ab696a\">\n<figure class=\"wp-block-image size-full\"><img loading=\"lazy\" decoding=\"async\" width=\"1000\" height=\"750\" src=\"https:\/\/www.xinhaowelding.com\/wp-content\/uploads\/2025\/04\/\u7ec6\u82824-1.jpg\" alt=\"\" class=\"wp-image-4608\" srcset=\"https:\/\/www.xinhaowelding.com\/wp-content\/uploads\/2025\/04\/\u7ec6\u82824-1.jpg 1000w, https:\/\/www.xinhaowelding.com\/wp-content\/uploads\/2025\/04\/\u7ec6\u82824-1-300x225.jpg 300w, https:\/\/www.xinhaowelding.com\/wp-content\/uploads\/2025\/04\/\u7ec6\u82824-1-768x576.jpg 768w, https:\/\/www.xinhaowelding.com\/wp-content\/uploads\/2025\/04\/\u7ec6\u82824-1-16x12.jpg 16w, https:\/\/www.xinhaowelding.com\/wp-content\/uploads\/2025\/04\/\u7ec6\u82824-1-600x450.jpg 600w\" sizes=\"(max-width: 1000px) 100vw, 1000px\" \/><\/figure>\n<\/div>\n\n\n\n<div class=\"wp-block-uagb-container uagb-block-0de313b1\">\n<h2 class=\"wp-block-heading has-large-font-size\">Soporte de elevaci\u00f3n<\/h2>\n\n\n\n<div class=\"wp-block-group is-layout-constrained wp-block-group-is-layout-constrained\">\n<p>Al soldar en vertical, fije la pieza de trabajo de soldadura en el soporte. Del mismo modo, la posici\u00f3n de bloqueo de la tuerca ajustable manualmente puede utilizarse para limitar la elevaci\u00f3n y el descenso; mueva el soporte a la posici\u00f3n de bloqueo en el pedestal para acomodar piezas de soldadura de diferentes di\u00e1metros.<\/p>\n<\/div>\n<\/div>\n<\/div><\/div>\n\n\n\n<h2 class=\"wp-block-heading\"><strong>\u4ea7\u54c1\u89e3\u6790\/\u5c3a\u5bf8<\/strong><\/h2>\n\n\n\n<h2 class=\"wp-block-heading has-medium-font-size\"><strong>An\u00e1lisis\/dimensiones del producto<\/strong><\/h2>\n\n\n\n<div class=\"wp-block-uagb-container uagb-block-1bec2e6d alignfull uagb-is-root-container\"><div class=\"uagb-container-inner-blocks-wrap\">\n<div class=\"wp-block-uagb-container uagb-block-08c96a75\">\n<figure class=\"wp-block-image size-full\"><img loading=\"lazy\" decoding=\"async\" width=\"504\" height=\"965\" src=\"https:\/\/www.xinhaowelding.com\/wp-content\/uploads\/2025\/04\/\u5c3a\u5bf8.png\" alt=\"\" class=\"wp-image-4603\" srcset=\"https:\/\/www.xinhaowelding.com\/wp-content\/uploads\/2025\/04\/\u5c3a\u5bf8.png 504w, https:\/\/www.xinhaowelding.com\/wp-content\/uploads\/2025\/04\/\u5c3a\u5bf8-157x300.png 157w, https:\/\/www.xinhaowelding.com\/wp-content\/uploads\/2025\/04\/\u5c3a\u5bf8-6x12.png 6w\" sizes=\"(max-width: 504px) 100vw, 504px\" \/><\/figure>\n<\/div>\n\n\n\n<div class=\"wp-block-uagb-container uagb-block-fb049ce5\">\n<figure class=\"wp-block-image size-large\"><img loading=\"lazy\" decoding=\"async\" width=\"590\" height=\"1024\" src=\"https:\/\/www.xinhaowelding.com\/wp-content\/uploads\/2025\/04\/\u89e3\u6790-590x1024.png\" alt=\"\" class=\"wp-image-4604\" srcset=\"https:\/\/www.xinhaowelding.com\/wp-content\/uploads\/2025\/04\/\u89e3\u6790-590x1024.png 590w, https:\/\/www.xinhaowelding.com\/wp-content\/uploads\/2025\/04\/\u89e3\u6790-173x300.png 173w, https:\/\/www.xinhaowelding.com\/wp-content\/uploads\/2025\/04\/\u89e3\u6790-768x1333.png 768w, https:\/\/www.xinhaowelding.com\/wp-content\/uploads\/2025\/04\/\u89e3\u6790-7x12.png 7w, https:\/\/www.xinhaowelding.com\/wp-content\/uploads\/2025\/04\/\u89e3\u6790-600x1041.png 600w, https:\/\/www.xinhaowelding.com\/wp-content\/uploads\/2025\/04\/\u89e3\u6790.png 809w\" sizes=\"(max-width: 590px) 100vw, 590px\" \/><\/figure>\n<\/div>\n<\/div><\/div>\n\n\n\n<h2 class=\"wp-block-heading\"><strong>\u73b0\u573a\u5b9e\u62cd<\/strong><\/h2>\n\n\n\n<h2 class=\"wp-block-heading has-medium-font-size\"><strong>Tomas en directo<\/strong><\/h2>\n\n\n\n<div class=\"wp-block-uagb-container uagb-block-1346c36e alignfull uagb-is-root-container\"><div class=\"uagb-container-inner-blocks-wrap\">\n<div class=\"wp-block-uagb-container uagb-block-71b330e0\">\n<figure class=\"wp-block-image size-full\"><img loading=\"lazy\" decoding=\"async\" width=\"750\" height=\"1000\" src=\"https:\/\/www.xinhaowelding.com\/wp-content\/uploads\/2025\/04\/\u5c55\u793a1.jpg\" alt=\"\" class=\"wp-image-4609\" srcset=\"https:\/\/www.xinhaowelding.com\/wp-content\/uploads\/2025\/04\/\u5c55\u793a1.jpg 750w, https:\/\/www.xinhaowelding.com\/wp-content\/uploads\/2025\/04\/\u5c55\u793a1-225x300.jpg 225w, https:\/\/www.xinhaowelding.com\/wp-content\/uploads\/2025\/04\/\u5c55\u793a1-9x12.jpg 9w, https:\/\/www.xinhaowelding.com\/wp-content\/uploads\/2025\/04\/\u5c55\u793a1-600x800.jpg 600w\" sizes=\"(max-width: 750px) 100vw, 750px\" \/><\/figure>\n<\/div>\n\n\n\n<div class=\"wp-block-uagb-container uagb-block-6d61f12d\">\n<figure class=\"wp-block-image size-full\"><img loading=\"lazy\" decoding=\"async\" width=\"750\" height=\"1000\" src=\"https:\/\/www.xinhaowelding.com\/wp-content\/uploads\/2025\/04\/\u5c55\u793a3.jpg\" alt=\"\" class=\"wp-image-4611\" srcset=\"https:\/\/www.xinhaowelding.com\/wp-content\/uploads\/2025\/04\/\u5c55\u793a3.jpg 750w, https:\/\/www.xinhaowelding.com\/wp-content\/uploads\/2025\/04\/\u5c55\u793a3-225x300.jpg 225w, https:\/\/www.xinhaowelding.com\/wp-content\/uploads\/2025\/04\/\u5c55\u793a3-9x12.jpg 9w, https:\/\/www.xinhaowelding.com\/wp-content\/uploads\/2025\/04\/\u5c55\u793a3-600x800.jpg 600w\" sizes=\"(max-width: 750px) 100vw, 750px\" \/><\/figure>\n<\/div>\n\n\n\n<div class=\"wp-block-uagb-container uagb-block-b2cd1388\">\n<figure class=\"wp-block-image size-full\"><img loading=\"lazy\" decoding=\"async\" width=\"750\" height=\"1000\" src=\"https:\/\/www.xinhaowelding.com\/wp-content\/uploads\/2025\/04\/\u5c55\u793a2.jpg\" alt=\"\" class=\"wp-image-4610\" srcset=\"https:\/\/www.xinhaowelding.com\/wp-content\/uploads\/2025\/04\/\u5c55\u793a2.jpg 750w, https:\/\/www.xinhaowelding.com\/wp-content\/uploads\/2025\/04\/\u5c55\u793a2-225x300.jpg 225w, https:\/\/www.xinhaowelding.com\/wp-content\/uploads\/2025\/04\/\u5c55\u793a2-9x12.jpg 9w, https:\/\/www.xinhaowelding.com\/wp-content\/uploads\/2025\/04\/\u5c55\u793a2-600x800.jpg 600w\" sizes=\"(max-width: 750px) 100vw, 750px\" \/><\/figure>\n<\/div>\n\n\n\n<div class=\"wp-block-uagb-container uagb-block-2bf43244\">\n<figure class=\"wp-block-image size-full\"><img loading=\"lazy\" decoding=\"async\" width=\"750\" height=\"1000\" src=\"https:\/\/www.xinhaowelding.com\/wp-content\/uploads\/2025\/04\/\u5c55\u793a4.jpg\" alt=\"\" class=\"wp-image-4612\" srcset=\"https:\/\/www.xinhaowelding.com\/wp-content\/uploads\/2025\/04\/\u5c55\u793a4.jpg 750w, https:\/\/www.xinhaowelding.com\/wp-content\/uploads\/2025\/04\/\u5c55\u793a4-225x300.jpg 225w, https:\/\/www.xinhaowelding.com\/wp-content\/uploads\/2025\/04\/\u5c55\u793a4-9x12.jpg 9w, https:\/\/www.xinhaowelding.com\/wp-content\/uploads\/2025\/04\/\u5c55\u793a4-600x800.jpg 600w\" sizes=\"(max-width: 750px) 100vw, 750px\" \/><\/figure>\n<\/div>\n<\/div><\/div>\n\n\n\n<p class=\"has-text-align-center\"><a href=\"http:\/\/www.google.com\" title=\"www.google.com\">www.google.com<\/a><\/p>","protected":false},"excerpt":{"rendered":"<p>Soldadura autom\u00e1tica de la pistola \u25c6 El mecanismo de ajuste puede ajustar la posici\u00f3n de la pistola de soldadura. El posicionamiento del cono superior es preciso y la formaci\u00f3n de la costura de soldadura es hermosa. \u25c6Drive usando el motor de pasos (solo eje) o la impulsi\u00f3n del motor servo (eje doble), sistema de control de la pantalla t\u00e1ctil del PLC, puede almacenar 10 grupos de par\u00e1metros de proceso de la soldadura, con simple [...]<\/p>","protected":false},"featured_media":4598,"comment_status":"open","ping_status":"closed","template":"","meta":{"om_disable_all_campaigns":false,"_uag_custom_page_level_css":"","_monsterinsights_skip_tracking":false,"_monsterinsights_sitenote_active":false,"_monsterinsights_sitenote_note":"","_monsterinsights_sitenote_category":0,"site-sidebar-layout":"default","site-content-layout":"","ast-site-content-layout":"default","site-content-style":"default","site-sidebar-style":"default","ast-global-header-display":"","ast-banner-title-visibility":"","ast-main-header-display":"","ast-hfb-above-header-display":"","ast-hfb-below-header-display":"","ast-hfb-mobile-header-display":"","site-post-title":"","ast-breadcrumbs-content":"","ast-featured-img":"","footer-sml-layout":"","theme-transparent-header-meta":"","adv-header-id-meta":"","stick-header-meta":"","header-above-stick-meta":"","header-main-stick-meta":"","header-below-stick-meta":"","astra-migrate-meta-layouts":"set","ast-page-background-enabled":"default","ast-page-background-meta":{"desktop":{"background-color":"","background-image":"","background-repeat":"repeat","background-position":"center center","background-size":"auto","background-attachment":"scroll","background-type":"","background-media":"","overlay-type":"","overlay-color":"","overlay-opacity":"","overlay-gradient":""},"tablet":{"background-color":"","background-image":"","background-repeat":"repeat","background-position":"center center","background-size":"auto","background-attachment":"scroll","background-type":"","background-media":"","overlay-type":"","overlay-color":"","overlay-opacity":"","overlay-gradient":""},"mobile":{"background-color":"","background-image":"","background-repeat":"repeat","background-position":"center center","background-size":"auto","background-attachment":"scroll","background-type":"","background-media":"","overlay-type":"","overlay-color":"","overlay-opacity":"","overlay-gradient":""}},"ast-content-background-meta":{"desktop":{"background-color":"var(--ast-global-color-5)","background-image":"","background-repeat":"repeat","background-position":"center center","background-size":"auto","background-attachment":"scroll","background-type":"","background-media":"","overlay-type":"","overlay-color":"","overlay-opacity":"","overlay-gradient":""},"tablet":{"background-color":"var(--ast-global-color-5)","background-image":"","background-repeat":"repeat","background-position":"center center","background-size":"auto","background-attachment":"scroll","background-type":"","background-media":"","overlay-type":"","overlay-color":"","overlay-opacity":"","overlay-gradient":""},"mobile":{"background-color":"var(--ast-global-color-5)","background-image":"","background-repeat":"repeat","background-position":"center center","background-size":"auto","background-attachment":"scroll","background-type":"","background-media":"","overlay-type":"","overlay-color":"","overlay-opacity":"","overlay-gradient":""}}},"product_brand":[],"product_cat":[67],"product_tag":[],"class_list":{"0":"post-4597","1":"product","2":"type-product","3":"status-publish","4":"has-post-thumbnail","6":"product_cat-argon-arc-automatic-welding","7":"desktop-align-left","8":"tablet-align-left","9":"mobile-align-left","11":"first","12":"instock","13":"shipping-taxable","14":"product-type-simple"},"aioseo_notices":[],"uagb_featured_image_src":{"full":["https:\/\/www.xinhaowelding.com\/wp-content\/uploads\/2025\/04\/1-1.jpg",800,800,false],"thumbnail":["https:\/\/www.xinhaowelding.com\/wp-content\/uploads\/2025\/04\/1-1-150x150.jpg",150,150,true],"medium":["https:\/\/www.xinhaowelding.com\/wp-content\/uploads\/2025\/04\/1-1-300x300.jpg",300,300,true],"medium_large":["https:\/\/www.xinhaowelding.com\/wp-content\/uploads\/2025\/04\/1-1-768x768.jpg",768,768,true],"large":["https:\/\/www.xinhaowelding.com\/wp-content\/uploads\/2025\/04\/1-1.jpg",800,800,false],"1536x1536":["https:\/\/www.xinhaowelding.com\/wp-content\/uploads\/2025\/04\/1-1.jpg",800,800,false],"2048x2048":["https:\/\/www.xinhaowelding.com\/wp-content\/uploads\/2025\/04\/1-1.jpg",800,800,false],"trp-custom-language-flag":["https:\/\/www.xinhaowelding.com\/wp-content\/uploads\/2025\/04\/1-1-12x12.jpg",12,12,true],"woocommerce_thumbnail":["https:\/\/www.xinhaowelding.com\/wp-content\/uploads\/2025\/04\/1-1-600x600.jpg",600,600,true],"woocommerce_single":["https:\/\/www.xinhaowelding.com\/wp-content\/uploads\/2025\/04\/1-1-600x600.jpg",600,600,true],"woocommerce_gallery_thumbnail":["https:\/\/www.xinhaowelding.com\/wp-content\/uploads\/2025\/04\/1-1-100x100.jpg",100,100,true]},"uagb_author_info":{"display_name":"jinxing6611@gmail.com","author_link":"https:\/\/www.xinhaowelding.com\/es\/author\/"},"uagb_comment_info":0,"uagb_excerpt":"Automatic gun welding \u25c6 The adjustment mechanism can adjust the position of the welding gun. The top cone positioning is accurate and the welding seam forming is beautiful. \u25c6Drive using stepper motor (single axis) or servo motor (double axis) drive, PLC touch screen control system, can store 10 groups of welding process parameters, with simple&hellip;","_links":{"self":[{"href":"https:\/\/www.xinhaowelding.com\/es\/wp-json\/wp\/v2\/product\/4597","targetHints":{"allow":["GET"]}}],"collection":[{"href":"https:\/\/www.xinhaowelding.com\/es\/wp-json\/wp\/v2\/product"}],"about":[{"href":"https:\/\/www.xinhaowelding.com\/es\/wp-json\/wp\/v2\/types\/product"}],"replies":[{"embeddable":true,"href":"https:\/\/www.xinhaowelding.com\/es\/wp-json\/wp\/v2\/comments?post=4597"}],"wp:featuredmedia":[{"embeddable":true,"href":"https:\/\/www.xinhaowelding.com\/es\/wp-json\/wp\/v2\/media\/4598"}],"wp:attachment":[{"href":"https:\/\/www.xinhaowelding.com\/es\/wp-json\/wp\/v2\/media?parent=4597"}],"wp:term":[{"taxonomy":"product_brand","embeddable":true,"href":"https:\/\/www.xinhaowelding.com\/es\/wp-json\/wp\/v2\/product_brand?post=4597"},{"taxonomy":"product_cat","embeddable":true,"href":"https:\/\/www.xinhaowelding.com\/es\/wp-json\/wp\/v2\/product_cat?post=4597"},{"taxonomy":"product_tag","embeddable":true,"href":"https:\/\/www.xinhaowelding.com\/es\/wp-json\/wp\/v2\/product_tag?post=4597"}],"curies":[{"name":"wp","href":"https:\/\/api.w.org\/{rel}","templated":true}]}}