{"id":4715,"date":"2025-06-18T07:44:19","date_gmt":"2025-06-18T07:44:19","guid":{"rendered":"https:\/\/www.xinhaowelding.com\/?post_type=product&#038;p=4715"},"modified":"2025-06-18T07:44:38","modified_gmt":"2025-06-18T07:44:38","slug":"auto-tig-welder-zdh-2365j-with-argon-protection","status":"publish","type":"product","link":"https:\/\/www.xinhaowelding.com\/es\/producto\/auto-tig-welder-zdh-2365j-with-argon-protection\/","title":{"rendered":"Soldador TIG autom\u00e1tico ZDH-2365J con protecci\u00f3n de arg\u00f3n"},"content":{"rendered":"<p><strong><a href=\"https:\/\/www.xinhaowelding.com\/es\/producto\/auto-tig-welder-zdh-2365j-with-argon-protection\/\" title=\"Presentamos la soldadora TIG autom\u00e1tica ZDH-2365J: precisi\u00f3n, potencia y rendimiento\">Presentamos la soldadora TIG autom\u00e1tica ZDH-2365J: precisi\u00f3n, potencia y rendimiento<\/a><\/strong><\/p>\n\n\n\n<p><strong>Revolucione su proceso de soldadura con el ZDH-2365J<\/strong><\/p>\n\n\n\n<p>En&nbsp;<strong>Soldadora TIG autom\u00e1tica ZDH-2365J<\/strong>&nbsp;es la \u00faltima innovaci\u00f3n en tecnolog\u00eda de soldadura de alta precisi\u00f3n, dise\u00f1ada para ofrecer una eficacia, durabilidad y facilidad de uso inigualables. Tanto si trabaja en componentes aeroespaciales, piezas de automoci\u00f3n o fabricaci\u00f3n de metales complejos, la ZDH-2365J garantiza soldaduras impecables con una estabilidad y un control del arco superiores.<\/p>\n\n\n\n<h3 class=\"wp-block-heading\"><strong>Caracter\u00edsticas principales:<\/strong><\/h3>\n\n\n\n<p>1.\u00a0<strong>Tecnolog\u00eda avanzada Pulse TIG<\/strong>\u00a0- Garantiza soldaduras limpias y sin salpicaduras con una distorsi\u00f3n t\u00e9rmica reducida.<br>2.\u00a0<strong>Arranque de alta frecuencia<\/strong>\u00a0- Encendido por arco fiable para un rendimiento constante.<br>3.\u00a0<strong>Corriente de ajuste autom\u00e1tico y control de gas<\/strong>\u00a0- Optimiza los par\u00e1metros de soldadura para distintos materiales.<br>4.\u00a0<strong>Dise\u00f1o industrial robusto<\/strong>\u00a0- Fabricado para entornos exigentes con refrigeraci\u00f3n y durabilidad mejoradas.<br>5.\u00a0<strong>Interfaz f\u00e1cil de usar<\/strong>\u00a0- Controles intuitivos tanto para principiantes como para profesionales.<\/p>\n\n\n\n<h3 class=\"wp-block-heading\"><strong>\u00bfPor qu\u00e9 elegir el ZDH-2365J?<\/strong><\/h3>\n\n\n\n<ol class=\"wp-block-list\">\n<li><strong>Soldadura de precisi\u00f3n<\/strong>\u00a0- Ideal para metales finos, acero inoxidable, aluminio, etc.<\/li>\n\n\n\n<li><strong>Eficiencia energ\u00e9tica<\/strong>\u00a0- Reduce el consumo de energ\u00eda sin comprometer el rendimiento.<\/li>\n\n\n\n<li><strong>Aplicaciones vers\u00e1tiles<\/strong>\u00a0- Perfecta para fabricaci\u00f3n, reparaci\u00f3n y fabricaci\u00f3n a medida.<\/li>\n<\/ol>\n\n\n\n<p>Mejore sus capacidades de soldadura con el&nbsp;<strong>Soldadora TIG autom\u00e1tica ZDH-2365J<\/strong>&nbsp;- donde la innovaci\u00f3n se une a la fuerza industrial.<\/p>\n\n\n\n<p><strong>Ya est\u00e1 disponible.<\/strong>&nbsp;P\u00f3ngase en contacto con nosotros para pedidos y opciones de personalizaci\u00f3n.<\/p>\n\n\n\n<figure class=\"wp-block-table\"><table class=\"has-fixed-layout\"><tbody><tr><td><strong>N\u00famero de modelo<\/strong><strong><\/strong><\/td><td><strong>ZDH-2365J<\/strong><\/td><\/tr><tr><td>El di\u00e1metro de la mesa de trabajo<\/td><td>750 mm<\/td><\/tr><tr><td>Di\u00e1metro del orificio pasante<\/td><td>365 mm<\/td><\/tr><tr><td>\u00c1ngulo de giro<\/td><td>0-90\u00b0<\/td><\/tr><tr><td>Di\u00e1metro de soldadura<\/td><td>950 mm<\/td><\/tr><tr><td>Radio de giro<\/td><td>800 mm<\/td><\/tr><tr><td>Modo oscilante<\/td><td>\u00c1ngulo de giro<\/td><\/tr><tr><td>Longitud efectiva de soldadura<\/td><td>3000 mm<\/td><\/tr><tr><td>Dimensiones totales de la m\u00e1quina<\/td><td>3500*1820*2500mm<\/td><\/tr><\/tbody><\/table><\/figure>\n\n\n\n<div class=\"wp-block-uagb-container uagb-block-19c74d43 alignfull uagb-is-root-container\"><div class=\"uagb-container-inner-blocks-wrap\">\n<div class=\"wp-block-uagb-container uagb-block-5923db6f\">\n<figure class=\"wp-block-image size-large\"><img fetchpriority=\"high\" decoding=\"async\" width=\"1024\" height=\"768\" src=\"https:\/\/www.xinhaowelding.com\/wp-content\/uploads\/2025\/06\/IMG_3954-1024x768.png\" alt=\"\" class=\"wp-image-4716\" srcset=\"https:\/\/www.xinhaowelding.com\/wp-content\/uploads\/2025\/06\/IMG_3954-1024x768.png 1024w, https:\/\/www.xinhaowelding.com\/wp-content\/uploads\/2025\/06\/IMG_3954-300x225.png 300w, https:\/\/www.xinhaowelding.com\/wp-content\/uploads\/2025\/06\/IMG_3954-768x576.png 768w, https:\/\/www.xinhaowelding.com\/wp-content\/uploads\/2025\/06\/IMG_3954-1536x1152.png 1536w, https:\/\/www.xinhaowelding.com\/wp-content\/uploads\/2025\/06\/IMG_3954-2048x1536.png 2048w, https:\/\/www.xinhaowelding.com\/wp-content\/uploads\/2025\/06\/IMG_3954-16x12.png 16w, https:\/\/www.xinhaowelding.com\/wp-content\/uploads\/2025\/06\/IMG_3954-600x450.png 600w\" sizes=\"(max-width: 1024px) 100vw, 1024px\" \/><\/figure>\n<\/div>\n\n\n\n<div class=\"wp-block-uagb-container uagb-block-6258c8a8\">\n<figure class=\"wp-block-image size-large\"><img decoding=\"async\" width=\"1024\" height=\"768\" src=\"https:\/\/www.xinhaowelding.com\/wp-content\/uploads\/2025\/06\/IMG_3957-1024x768.png\" alt=\"\" class=\"wp-image-4717\" srcset=\"https:\/\/www.xinhaowelding.com\/wp-content\/uploads\/2025\/06\/IMG_3957-1024x768.png 1024w, https:\/\/www.xinhaowelding.com\/wp-content\/uploads\/2025\/06\/IMG_3957-300x225.png 300w, https:\/\/www.xinhaowelding.com\/wp-content\/uploads\/2025\/06\/IMG_3957-768x576.png 768w, https:\/\/www.xinhaowelding.com\/wp-content\/uploads\/2025\/06\/IMG_3957-1536x1152.png 1536w, https:\/\/www.xinhaowelding.com\/wp-content\/uploads\/2025\/06\/IMG_3957-2048x1536.png 2048w, https:\/\/www.xinhaowelding.com\/wp-content\/uploads\/2025\/06\/IMG_3957-16x12.png 16w, https:\/\/www.xinhaowelding.com\/wp-content\/uploads\/2025\/06\/IMG_3957-600x450.png 600w\" sizes=\"(max-width: 1024px) 100vw, 1024px\" \/><\/figure>\n<\/div>\n<\/div><\/div>\n\n\n\n<h2 class=\"wp-block-heading\"><strong><u><strong>\u4ea7\u54c1\u7ec6\u8282<\/strong><\/u><\/strong><strong><u><strong><\/strong><\/u><\/strong><\/h2>\n\n\n\n<h2 class=\"wp-block-heading\"><strong>Detalles del producto<\/strong><\/h2>\n\n\n\n<div class=\"wp-block-uagb-container uagb-block-a557925d alignfull uagb-is-root-container\"><div class=\"uagb-container-inner-blocks-wrap\">\n<div class=\"wp-block-uagb-container uagb-block-b25a7312\">\n<figure class=\"wp-block-image size-full\"><img decoding=\"async\" width=\"1000\" height=\"750\" src=\"https:\/\/www.xinhaowelding.com\/wp-content\/uploads\/2025\/06\/\u7ec6\u82821-1.jpg\" alt=\"\" class=\"wp-image-4718\" srcset=\"https:\/\/www.xinhaowelding.com\/wp-content\/uploads\/2025\/06\/\u7ec6\u82821-1.jpg 1000w, https:\/\/www.xinhaowelding.com\/wp-content\/uploads\/2025\/06\/\u7ec6\u82821-1-300x225.jpg 300w, https:\/\/www.xinhaowelding.com\/wp-content\/uploads\/2025\/06\/\u7ec6\u82821-1-768x576.jpg 768w, https:\/\/www.xinhaowelding.com\/wp-content\/uploads\/2025\/06\/\u7ec6\u82821-1-16x12.jpg 16w, https:\/\/www.xinhaowelding.com\/wp-content\/uploads\/2025\/06\/\u7ec6\u82821-1-600x450.jpg 600w\" sizes=\"(max-width: 1000px) 100vw, 1000px\" \/><\/figure>\n<\/div>\n\n\n\n<div class=\"wp-block-uagb-container uagb-block-58dc0f73\">\n<h2 class=\"wp-block-heading has-large-font-size\">Armario de control PLC<\/h2>\n\n\n\n<div class=\"wp-block-group is-layout-constrained wp-block-group-is-layout-constrained\">\n<p>Los par\u00e1metros de soldadura pueden ajustarse en tiempo real seg\u00fan sea necesario. <\/p>\n\n\n\n<p>Funcionamiento con un solo bot\u00f3n para completar autom\u00e1ticamente el proceso de soldadura.<\/p>\n<\/div>\n<\/div>\n<\/div><\/div>\n\n\n\n<div class=\"wp-block-uagb-container uagb-block-99bfef0b alignfull uagb-is-root-container\"><div class=\"uagb-container-inner-blocks-wrap\">\n<div class=\"wp-block-uagb-container uagb-block-b2606bbd\">\n<figure class=\"wp-block-image size-full\"><img loading=\"lazy\" decoding=\"async\" width=\"1000\" height=\"750\" src=\"https:\/\/www.xinhaowelding.com\/wp-content\/uploads\/2025\/06\/\u7ec6\u82822-1.jpg\" alt=\"\" class=\"wp-image-4719\" srcset=\"https:\/\/www.xinhaowelding.com\/wp-content\/uploads\/2025\/06\/\u7ec6\u82822-1.jpg 1000w, https:\/\/www.xinhaowelding.com\/wp-content\/uploads\/2025\/06\/\u7ec6\u82822-1-300x225.jpg 300w, https:\/\/www.xinhaowelding.com\/wp-content\/uploads\/2025\/06\/\u7ec6\u82822-1-768x576.jpg 768w, https:\/\/www.xinhaowelding.com\/wp-content\/uploads\/2025\/06\/\u7ec6\u82822-1-16x12.jpg 16w, https:\/\/www.xinhaowelding.com\/wp-content\/uploads\/2025\/06\/\u7ec6\u82822-1-600x450.jpg 600w\" sizes=\"(max-width: 1000px) 100vw, 1000px\" \/><\/figure>\n<\/div>\n\n\n\n<div class=\"wp-block-uagb-container uagb-block-42e1d553\">\n<h2 class=\"wp-block-heading has-large-font-size\">Posicionador de taladros pasantes<\/h2>\n\n\n\n<div class=\"wp-block-group is-layout-constrained wp-block-group-is-layout-constrained\">\n<p>Puede sujetar piezas de diferentes di\u00e1metros. <\/p>\n\n\n\n<p>La sujeci\u00f3n es estable y la precisi\u00f3n exacta.<\/p>\n<\/div>\n<\/div>\n<\/div><\/div>\n\n\n\n<div class=\"wp-block-uagb-container uagb-block-3464e075 alignfull uagb-is-root-container\"><div class=\"uagb-container-inner-blocks-wrap\">\n<div class=\"wp-block-uagb-container uagb-block-7f0d4c45\">\n<figure class=\"wp-block-image size-full\"><img loading=\"lazy\" decoding=\"async\" width=\"1000\" height=\"750\" src=\"https:\/\/www.xinhaowelding.com\/wp-content\/uploads\/2025\/06\/\u7ec6\u82823-1.jpg\" alt=\"\" class=\"wp-image-4720\" srcset=\"https:\/\/www.xinhaowelding.com\/wp-content\/uploads\/2025\/06\/\u7ec6\u82823-1.jpg 1000w, https:\/\/www.xinhaowelding.com\/wp-content\/uploads\/2025\/06\/\u7ec6\u82823-1-300x225.jpg 300w, https:\/\/www.xinhaowelding.com\/wp-content\/uploads\/2025\/06\/\u7ec6\u82823-1-768x576.jpg 768w, https:\/\/www.xinhaowelding.com\/wp-content\/uploads\/2025\/06\/\u7ec6\u82823-1-16x12.jpg 16w, https:\/\/www.xinhaowelding.com\/wp-content\/uploads\/2025\/06\/\u7ec6\u82823-1-600x450.jpg 600w\" sizes=\"(max-width: 1000px) 100vw, 1000px\" \/><\/figure>\n<\/div>\n\n\n\n<div class=\"wp-block-uagb-container uagb-block-a1fb708a\">\n<h2 class=\"wp-block-heading has-large-font-size\"><strong>Mandril de soldadura<\/strong><\/h2>\n\n\n\n<div class=\"wp-block-group is-layout-constrained wp-block-group-is-layout-constrained\">\n<p>Agujero pasante opcional.<\/p>\n\n\n\n<p>Adecuada para soldar piezas de tubo largo.<\/p>\n\n\n\n<p>Motor de primera marca.<\/p>\n<\/div>\n<\/div>\n<\/div><\/div>\n\n\n\n<div class=\"wp-block-uagb-container uagb-block-c45e50a6 alignfull uagb-is-root-container\"><div class=\"uagb-container-inner-blocks-wrap\">\n<div class=\"wp-block-uagb-container uagb-block-e3eb2b9c\">\n<figure class=\"wp-block-image size-full\"><img loading=\"lazy\" decoding=\"async\" width=\"1000\" height=\"750\" src=\"https:\/\/www.xinhaowelding.com\/wp-content\/uploads\/2025\/06\/\u7ec6\u82824-1.jpg\" alt=\"\" class=\"wp-image-4721\" srcset=\"https:\/\/www.xinhaowelding.com\/wp-content\/uploads\/2025\/06\/\u7ec6\u82824-1.jpg 1000w, https:\/\/www.xinhaowelding.com\/wp-content\/uploads\/2025\/06\/\u7ec6\u82824-1-300x225.jpg 300w, https:\/\/www.xinhaowelding.com\/wp-content\/uploads\/2025\/06\/\u7ec6\u82824-1-768x576.jpg 768w, https:\/\/www.xinhaowelding.com\/wp-content\/uploads\/2025\/06\/\u7ec6\u82824-1-16x12.jpg 16w, https:\/\/www.xinhaowelding.com\/wp-content\/uploads\/2025\/06\/\u7ec6\u82824-1-600x450.jpg 600w\" sizes=\"(max-width: 1000px) 100vw, 1000px\" \/><\/figure>\n<\/div>\n\n\n\n<div class=\"wp-block-uagb-container uagb-block-29d232a7\">\n<h2 class=\"wp-block-heading has-large-font-size\"><strong>Ajuste el\u00e9ctrico<\/strong><\/h2>\n\n\n\n<div class=\"wp-block-group is-layout-constrained wp-block-group-is-layout-constrained\">\n<p>Posicionamiento preciso.<\/p>\n\n\n\n<p>Soldadura en \u00e1ngulo.<\/p>\n<\/div>\n<\/div>\n<\/div><\/div>\n\n\n\n<div class=\"wp-block-uagb-container uagb-block-6e74e6b5 alignfull uagb-is-root-container\"><div class=\"uagb-container-inner-blocks-wrap\">\n<div class=\"wp-block-uagb-container uagb-block-0257bbeb\">\n<figure class=\"wp-block-image size-full\"><img loading=\"lazy\" decoding=\"async\" width=\"1000\" height=\"750\" src=\"https:\/\/www.xinhaowelding.com\/wp-content\/uploads\/2025\/06\/\u7ec6\u82825-1.jpg\" alt=\"\" class=\"wp-image-4722\" srcset=\"https:\/\/www.xinhaowelding.com\/wp-content\/uploads\/2025\/06\/\u7ec6\u82825-1.jpg 1000w, https:\/\/www.xinhaowelding.com\/wp-content\/uploads\/2025\/06\/\u7ec6\u82825-1-300x225.jpg 300w, https:\/\/www.xinhaowelding.com\/wp-content\/uploads\/2025\/06\/\u7ec6\u82825-1-768x576.jpg 768w, https:\/\/www.xinhaowelding.com\/wp-content\/uploads\/2025\/06\/\u7ec6\u82825-1-16x12.jpg 16w, https:\/\/www.xinhaowelding.com\/wp-content\/uploads\/2025\/06\/\u7ec6\u82825-1-600x450.jpg 600w\" sizes=\"(max-width: 1000px) 100vw, 1000px\" \/><\/figure>\n<\/div>\n\n\n\n<div class=\"wp-block-uagb-container uagb-block-990d6b46\">\n<h2 class=\"wp-block-heading has-large-font-size\"><strong>Soporte de rodillo de soldadura<\/strong><\/h2>\n\n\n\n<div class=\"wp-block-group is-layout-constrained wp-block-group-is-layout-constrained\">\n<p>Gran capacidad de carga para sujetar piezas.<\/p>\n\n\n\n<p>Ayudar en la soldadura.<\/p>\n<\/div>\n<\/div>\n<\/div><\/div>\n\n\n\n<h2 class=\"wp-block-heading\">\u4ea7\u54c1\u89e3\u6790<\/h2>\n\n\n\n<h2 class=\"wp-block-heading\">An\u00e1lisis de productos<\/h2>\n\n\n\n<div class=\"wp-block-uagb-container uagb-block-1bc3b6fd alignfull uagb-is-root-container\"><div class=\"uagb-container-inner-blocks-wrap\">\n<figure class=\"wp-block-image size-full\"><img loading=\"lazy\" decoding=\"async\" width=\"1000\" height=\"750\" src=\"https:\/\/www.xinhaowelding.com\/wp-content\/uploads\/2025\/06\/\u89e3\u6790.png\" alt=\"\" class=\"wp-image-4723\" srcset=\"https:\/\/www.xinhaowelding.com\/wp-content\/uploads\/2025\/06\/\u89e3\u6790.png 1000w, https:\/\/www.xinhaowelding.com\/wp-content\/uploads\/2025\/06\/\u89e3\u6790-300x225.png 300w, https:\/\/www.xinhaowelding.com\/wp-content\/uploads\/2025\/06\/\u89e3\u6790-768x576.png 768w, https:\/\/www.xinhaowelding.com\/wp-content\/uploads\/2025\/06\/\u89e3\u6790-16x12.png 16w, https:\/\/www.xinhaowelding.com\/wp-content\/uploads\/2025\/06\/\u89e3\u6790-600x450.png 600w\" sizes=\"(max-width: 1000px) 100vw, 1000px\" \/><\/figure>\n<\/div><\/div>\n\n\n\n<figure class=\"wp-block-table\"><table class=\"has-fixed-layout\"><tbody><tr><td class=\"has-text-align-center\" data-align=\"center\"><strong>N\u00famero de serie<\/strong><\/td><td class=\"has-text-align-center\" data-align=\"center\"><strong>Nombre<\/strong><\/td><td class=\"has-text-align-center\" data-align=\"center\"><strong>N\u00famero de serie<\/strong><\/td><td class=\"has-text-align-center\" data-align=\"center\"><strong>Nombre<\/strong><\/td><\/tr><tr><td class=\"has-text-align-center\" data-align=\"center\">1<\/td><td class=\"has-text-align-center\" data-align=\"center\">Armario de control PLC<\/td><td class=\"has-text-align-center\" data-align=\"center\">6<\/td><td class=\"has-text-align-center\" data-align=\"center\">Alimentador de hilo de soldadura<\/td><\/tr><tr><td class=\"has-text-align-center\" data-align=\"center\">2<\/td><td class=\"has-text-align-center\" data-align=\"center\">Posicionador de soldadura<\/td><td class=\"has-text-align-center\" data-align=\"center\">7<\/td><td class=\"has-text-align-center\" data-align=\"center\">Columna<\/td><\/tr><tr><td class=\"has-text-align-center\" data-align=\"center\">3<\/td><td class=\"has-text-align-center\" data-align=\"center\">Mandril de soldadura<\/td><td class=\"has-text-align-center\" data-align=\"center\">8<\/td><td class=\"has-text-align-center\" data-align=\"center\">Base m\u00f3vil<\/td><\/tr><tr><td class=\"has-text-align-center\" data-align=\"center\">4<\/td><td class=\"has-text-align-center\" data-align=\"center\">Antorcha de soldadura TIG<\/td><td class=\"has-text-align-center\" data-align=\"center\">9<\/td><td class=\"has-text-align-center\" data-align=\"center\">Soporte de soldadura<\/td><\/tr><tr><td class=\"has-text-align-center\" data-align=\"center\">5<\/td><td class=\"has-text-align-center\" data-align=\"center\">Regulaci\u00f3n el\u00e9ctrica de la altura<\/td><td class=\"has-text-align-center\" data-align=\"center\">10<\/td><td class=\"has-text-align-center\" data-align=\"center\">Base fija<\/td><\/tr><\/tbody><\/table><\/figure>\n\n\n\n<h2 class=\"wp-block-heading\">\u4ea7\u54c1\u5c3a\u5bf8<\/h2>\n\n\n\n<h2 class=\"wp-block-heading\">Dimensiones del producto<\/h2>\n\n\n\n<div class=\"wp-block-uagb-container uagb-block-3287ac1a alignfull uagb-is-root-container\"><div class=\"uagb-container-inner-blocks-wrap\">\n<figure class=\"wp-block-image size-full\"><img loading=\"lazy\" decoding=\"async\" width=\"1000\" height=\"750\" src=\"https:\/\/www.xinhaowelding.com\/wp-content\/uploads\/2025\/06\/\u5c3a\u5bf8-1.png\" alt=\"\" class=\"wp-image-4724\" srcset=\"https:\/\/www.xinhaowelding.com\/wp-content\/uploads\/2025\/06\/\u5c3a\u5bf8-1.png 1000w, https:\/\/www.xinhaowelding.com\/wp-content\/uploads\/2025\/06\/\u5c3a\u5bf8-1-300x225.png 300w, https:\/\/www.xinhaowelding.com\/wp-content\/uploads\/2025\/06\/\u5c3a\u5bf8-1-768x576.png 768w, https:\/\/www.xinhaowelding.com\/wp-content\/uploads\/2025\/06\/\u5c3a\u5bf8-1-16x12.png 16w, https:\/\/www.xinhaowelding.com\/wp-content\/uploads\/2025\/06\/\u5c3a\u5bf8-1-600x450.png 600w\" sizes=\"(max-width: 1000px) 100vw, 1000px\" \/><\/figure>\n<\/div><\/div>\n\n\n\n<h2 class=\"wp-block-heading\">\u73b0\u573a\u5b9e\u62cd<\/h2>\n\n\n\n<h2 class=\"wp-block-heading\">Tomas en directo<\/h2>\n\n\n\n<div class=\"wp-block-uagb-container uagb-block-8e1bee22 alignfull uagb-is-root-container\"><div class=\"uagb-container-inner-blocks-wrap\">\n<div class=\"wp-block-uagb-container uagb-block-aa1ecfe4\">\n<figure class=\"wp-block-image size-full\"><img loading=\"lazy\" decoding=\"async\" width=\"750\" height=\"1000\" src=\"https:\/\/www.xinhaowelding.com\/wp-content\/uploads\/2025\/06\/10.jpg\" alt=\"\" class=\"wp-image-4725\" srcset=\"https:\/\/www.xinhaowelding.com\/wp-content\/uploads\/2025\/06\/10.jpg 750w, https:\/\/www.xinhaowelding.com\/wp-content\/uploads\/2025\/06\/10-225x300.jpg 225w, https:\/\/www.xinhaowelding.com\/wp-content\/uploads\/2025\/06\/10-9x12.jpg 9w, https:\/\/www.xinhaowelding.com\/wp-content\/uploads\/2025\/06\/10-600x800.jpg 600w\" sizes=\"(max-width: 750px) 100vw, 750px\" \/><\/figure>\n<\/div>\n\n\n\n<div class=\"wp-block-uagb-container uagb-block-9ad33068\">\n<figure class=\"wp-block-image size-full\"><img loading=\"lazy\" decoding=\"async\" width=\"750\" height=\"1002\" src=\"https:\/\/www.xinhaowelding.com\/wp-content\/uploads\/2025\/06\/5-1.jpg\" alt=\"\" class=\"wp-image-4726\" srcset=\"https:\/\/www.xinhaowelding.com\/wp-content\/uploads\/2025\/06\/5-1.jpg 750w, https:\/\/www.xinhaowelding.com\/wp-content\/uploads\/2025\/06\/5-1-225x300.jpg 225w, https:\/\/www.xinhaowelding.com\/wp-content\/uploads\/2025\/06\/5-1-9x12.jpg 9w, https:\/\/www.xinhaowelding.com\/wp-content\/uploads\/2025\/06\/5-1-600x802.jpg 600w\" sizes=\"(max-width: 750px) 100vw, 750px\" \/><\/figure>\n<\/div>\n<\/div><\/div>\n\n\n\n<p class=\"has-text-align-center\"><a href=\"http:\/\/www.google.com\" title=\"www.google.com\">www.google.com<\/a><\/p>","protected":false},"excerpt":{"rendered":"<p><strong>ZDH-2365J Soldador autom\u00e1tico de arco de arg\u00f3n<\/strong>\u00a0- Soldadura TIG de precisi\u00f3n, alta eficiencia, arco estable, para metales como Al\/Acero inoxidable.<\/p>","protected":false},"featured_media":4730,"comment_status":"open","ping_status":"closed","template":"","meta":{"om_disable_all_campaigns":false,"_uag_custom_page_level_css":"","_monsterinsights_skip_tracking":false,"_monsterinsights_sitenote_active":false,"_monsterinsights_sitenote_note":"","_monsterinsights_sitenote_category":0,"site-sidebar-layout":"default","site-content-layout":"","ast-site-content-layout":"default","site-content-style":"default","site-sidebar-style":"default","ast-global-header-display":"","ast-banner-title-visibility":"","ast-main-header-display":"","ast-hfb-above-header-display":"","ast-hfb-below-header-display":"","ast-hfb-mobile-header-display":"","site-post-title":"","ast-breadcrumbs-content":"","ast-featured-img":"","footer-sml-layout":"","theme-transparent-header-meta":"","adv-header-id-meta":"","stick-header-meta":"","header-above-stick-meta":"","header-main-stick-meta":"","header-below-stick-meta":"","astra-migrate-meta-layouts":"set","ast-page-background-enabled":"default","ast-page-background-meta":{"desktop":{"background-color":"","background-image":"","background-repeat":"repeat","background-position":"center center","background-size":"auto","background-attachment":"scroll","background-type":"","background-media":"","overlay-type":"","overlay-color":"","overlay-opacity":"","overlay-gradient":""},"tablet":{"background-color":"","background-image":"","background-repeat":"repeat","background-position":"center center","background-size":"auto","background-attachment":"scroll","background-type":"","background-media":"","overlay-type":"","overlay-color":"","overlay-opacity":"","overlay-gradient":""},"mobile":{"background-color":"","background-image":"","background-repeat":"repeat","background-position":"center center","background-size":"auto","background-attachment":"scroll","background-type":"","background-media":"","overlay-type":"","overlay-color":"","overlay-opacity":"","overlay-gradient":""}},"ast-content-background-meta":{"desktop":{"background-color":"var(--ast-global-color-5)","background-image":"","background-repeat":"repeat","background-position":"center center","background-size":"auto","background-attachment":"scroll","background-type":"","background-media":"","overlay-type":"","overlay-color":"","overlay-opacity":"","overlay-gradient":""},"tablet":{"background-color":"var(--ast-global-color-5)","background-image":"","background-repeat":"repeat","background-position":"center center","background-size":"auto","background-attachment":"scroll","background-type":"","background-media":"","overlay-type":"","overlay-color":"","overlay-opacity":"","overlay-gradient":""},"mobile":{"background-color":"var(--ast-global-color-5)","background-image":"","background-repeat":"repeat","background-position":"center center","background-size":"auto","background-attachment":"scroll","background-type":"","background-media":"","overlay-type":"","overlay-color":"","overlay-opacity":"","overlay-gradient":""}}},"product_brand":[],"product_cat":[67,57,56],"product_tag":[],"class_list":{"0":"post-4715","1":"product","2":"type-product","3":"status-publish","4":"has-post-thumbnail","6":"product_cat-argon-arc-automatic-welding","7":"product_cat-automatic-welding-equipment","8":"product_cat-products","9":"desktop-align-left","10":"tablet-align-left","11":"mobile-align-left","13":"first","14":"instock","15":"shipping-taxable","16":"product-type-simple"},"aioseo_notices":[],"uagb_featured_image_src":{"full":["https:\/\/www.xinhaowelding.com\/wp-content\/uploads\/2025\/06\/1-1.jpg",800,800,false],"thumbnail":["https:\/\/www.xinhaowelding.com\/wp-content\/uploads\/2025\/06\/1-1-150x150.jpg",150,150,true],"medium":["https:\/\/www.xinhaowelding.com\/wp-content\/uploads\/2025\/06\/1-1-300x300.jpg",300,300,true],"medium_large":["https:\/\/www.xinhaowelding.com\/wp-content\/uploads\/2025\/06\/1-1-768x768.jpg",768,768,true],"large":["https:\/\/www.xinhaowelding.com\/wp-content\/uploads\/2025\/06\/1-1.jpg",800,800,false],"1536x1536":["https:\/\/www.xinhaowelding.com\/wp-content\/uploads\/2025\/06\/1-1.jpg",800,800,false],"2048x2048":["https:\/\/www.xinhaowelding.com\/wp-content\/uploads\/2025\/06\/1-1.jpg",800,800,false],"trp-custom-language-flag":["https:\/\/www.xinhaowelding.com\/wp-content\/uploads\/2025\/06\/1-1-12x12.jpg",12,12,true],"woocommerce_thumbnail":["https:\/\/www.xinhaowelding.com\/wp-content\/uploads\/2025\/06\/1-1-600x600.jpg",600,600,true],"woocommerce_single":["https:\/\/www.xinhaowelding.com\/wp-content\/uploads\/2025\/06\/1-1-600x600.jpg",600,600,true],"woocommerce_gallery_thumbnail":["https:\/\/www.xinhaowelding.com\/wp-content\/uploads\/2025\/06\/1-1-100x100.jpg",100,100,true]},"uagb_author_info":{"display_name":"jinxing6611@gmail.com","author_link":"https:\/\/www.xinhaowelding.com\/es\/author\/"},"uagb_comment_info":0,"uagb_excerpt":"ZDH-2365J Argon Arc Auto Welder\u00a0\u2013 Precision TIG welding, high efficiency, stable arc, for metals like Al\/Stainless Steel.","_links":{"self":[{"href":"https:\/\/www.xinhaowelding.com\/es\/wp-json\/wp\/v2\/product\/4715","targetHints":{"allow":["GET"]}}],"collection":[{"href":"https:\/\/www.xinhaowelding.com\/es\/wp-json\/wp\/v2\/product"}],"about":[{"href":"https:\/\/www.xinhaowelding.com\/es\/wp-json\/wp\/v2\/types\/product"}],"replies":[{"embeddable":true,"href":"https:\/\/www.xinhaowelding.com\/es\/wp-json\/wp\/v2\/comments?post=4715"}],"wp:featuredmedia":[{"embeddable":true,"href":"https:\/\/www.xinhaowelding.com\/es\/wp-json\/wp\/v2\/media\/4730"}],"wp:attachment":[{"href":"https:\/\/www.xinhaowelding.com\/es\/wp-json\/wp\/v2\/media?parent=4715"}],"wp:term":[{"taxonomy":"product_brand","embeddable":true,"href":"https:\/\/www.xinhaowelding.com\/es\/wp-json\/wp\/v2\/product_brand?post=4715"},{"taxonomy":"product_cat","embeddable":true,"href":"https:\/\/www.xinhaowelding.com\/es\/wp-json\/wp\/v2\/product_cat?post=4715"},{"taxonomy":"product_tag","embeddable":true,"href":"https:\/\/www.xinhaowelding.com\/es\/wp-json\/wp\/v2\/product_tag?post=4715"}],"curies":[{"name":"wp","href":"https:\/\/api.w.org\/{rel}","templated":true}]}}