{"id":3003,"date":"2024-11-21T09:12:15","date_gmt":"2024-11-21T09:12:15","guid":{"rendered":"https:\/\/xinhaowelding.com\/?post_type=product&#038;p=3003"},"modified":"2025-03-27T05:32:28","modified_gmt":"2025-03-27T05:32:28","slug":"1-ton-welding-positioner","status":"publish","type":"product","link":"https:\/\/www.xinhaowelding.com\/fr\/produit\/1-ton-welding-positioner\/","title":{"rendered":"Machine de positionnement de soudage de 1 tonne | Outils de soudage industriel"},"content":{"rendered":"<h2 class=\"wp-block-heading\"><strong><a href=\"https:\/\/www.xinhaowelding.com\/fr\/produit\/1-ton-welding-positioner\/\" title=\"1-2\u5428\u710a\u63a5\u53d8\u4f4d\u673a\">1-2\u5428\u710a\u63a5\u53d8\u4f4d\u673a<\/a><\/strong><\/h2>\n\n\n\n<h2 class=\"wp-block-heading\"><strong>Positionneur lourd de 1 \u00e0 2 tonnes<\/strong><\/h2>\n\n\n\n<p>\u25c6 Placer la pi\u00e8ce sur le mandrin. Le mandrin la serre rapidement, et l'\u00e9tabli \u00e9lectrique basculant s'incline \u00e0 un angle pour r\u00e9aliser le cordon de soudure dans une position de soudage \u00e0 plat, ce qui permet d'obtenir une bonne fusion du bain de soudure et une belle formation de la soudure.<\/p>\n\n\n\n<p>\u25c6En option, mandrins circulaires XH600\/XH750 ou mandrins triangulaires robustes XH1000\/XH1200\/XH1600. Le bo\u00eetier de commande utilise un convertisseur de fr\u00e9quence de marque renomm\u00e9e pour la r\u00e9gulation de la vitesse et est \u00e9quip\u00e9 d'un bo\u00eetier manuel pour la r\u00e9gulation de la vitesse, ce qui est pratique \u00e0 utiliser.<\/p>\n\n\n\n<p>\u25c6 Con\u00e7u sp\u00e9cifiquement pour la durabilit\u00e9 et la performance. Ce positionneur de soudage est fabriqu\u00e9 en acier haute r\u00e9sistance, offrant une capacit\u00e9 de charge exceptionnelle tout en maintenant la stabilit\u00e9.<\/p>\n\n\n\n<figure class=\"wp-block-table\"><table class=\"has-fixed-layout\"><tbody><tr><td><strong>Num\u00e9ro de mod\u00e8le<\/strong><strong><\/strong><\/td><td><strong>BWJ-1T<\/strong><strong><\/strong><\/td><td><strong>BWJ-1.2T<\/strong><strong><\/strong><\/td><td><strong>BWJ-2T<\/strong><strong><\/strong><\/td><td><strong>BWJ-3T<\/strong><strong><\/strong><\/td><td><strong>BWJ-5T<\/strong><strong><\/strong><\/td><td><strong>BWJ-10T<\/strong><strong><\/strong><\/td><td><strong>BWJ-15T<\/strong><strong><\/strong><\/td><td><strong>BWJ-20T<\/strong><strong><\/strong><\/td><\/tr><tr><td>porteur<\/td><td>1T<\/td><td>1.2T<\/td><td>2T<\/td><td>3T<\/td><td>5T<\/td><td>10T<\/td><td>15T<\/td><td>20T<\/td><\/tr><tr><td>Moteur d'inversion<\/td><td>0,75KW<\/td><td>0,75KW<\/td><td>1,5KW<\/td><td>1,5KW<\/td><td>3KW<\/td><td>4KW<\/td><td>5.5KW<\/td><td>7.5KW<\/td><\/tr><tr><td>Moteur rotatif<\/td><td>0,75KW<\/td><td>0,75KW<\/td><td>1,5KW<\/td><td>1,5KW<\/td><td>2.2KW<\/td><td>4KW<\/td><td>4KW<\/td><td>5.5KW<\/td><\/tr><tr><td>Vitesse de rotation<\/td><td>0,1-1r\/M<\/td><td>0,1-1r\/M<\/td><td>0,1-1r\/M<\/td><td>0,06-0,6r\/M<\/td><td>0,05-0,5r\/M<\/td><td>0,05-0,5r\/M<\/td><td>0,05-0,5r\/M<\/td><td>0,026-0,26r\/M<\/td><\/tr><tr><td>Diam\u00e8tre du tableau<\/td><td>1000mm<\/td><td>1000mm<\/td><td>1200mm<\/td><td>1400mm<\/td><td>1600mm<\/td><td>2000mm<\/td><td>2000mm<\/td><td>2500mm<\/td><\/tr><tr><td>Distance par rapport au centre de gravit\u00e9<\/td><td>250mm<\/td><td>250mm<\/td><td>250mm<\/td><td>300mm<\/td><td>300mm<\/td><td>400mm<\/td><td>500mm<\/td><td>630 mm<\/td><\/tr><tr><td>Excentricit\u00e9<\/td><td>150 mm<\/td><td>150 mm<\/td><td>150 mm<\/td><td>200mm<\/td><td>200mm<\/td><td>200mm<\/td><td>200mm<\/td><td>200mm<\/td><\/tr><tr><td>poids<\/td><td>1000kg<\/td><td>1000kg<\/td><td>1400kg<\/td><td>2000kg<\/td><td>3400kg<\/td><td>5800kg<\/td><td>7500kg<\/td><td>12000kg<\/td><\/tr><tr><td>Dimension globale<\/td><td>1200*1100*1100mm<\/td><td>1200*1100*1100mm<\/td><td>1550*1440*1000mm(Plus la largeur de l'oreille suspendue 1550 des deux c\u00f4t\u00e9s)<\/td><td>1600*1500*1250mm(Plus la largeur de l'oreille suspendue 1650 des deux c\u00f4t\u00e9s)<\/td><td>2300*1950*1550mm(Plus la largeur de l'oreille suspendue 2200 des deux c\u00f4t\u00e9s)<\/td><td>3000*2000*1900mm(Plus la largeur de l'oreille suspendue 2150 sur les deux c\u00f4t\u00e9s)<\/td><td>3100*2000*2050mm(Plus la largeur de l'oreille suspendue 2150 des deux c\u00f4t\u00e9s)<\/td><td>3900*2350*2100mm(Plus la largeur de l'oreille suspendue 2450 sur les deux c\u00f4t\u00e9s)<\/td><\/tr><tr><td>Diam\u00e8tre de braquage maximal \u00e0 90<\/td><td>\u03a61300<\/td><td>\u03a61300<\/td><td>\u03a61780<\/td><td>\u03a62100<\/td><td>\u03a62400<\/td><td>\u03a62900<\/td><td>\u03a62900<\/td><td>\u03a63200<\/td><\/tr><\/tbody><\/table><\/figure>\n\n\n\n<div class=\"wp-block-uagb-container uagb-block-86f950dd alignfull uagb-is-root-container\"><div class=\"uagb-container-inner-blocks-wrap\">\n<div class=\"wp-block-uagb-container uagb-block-04babfbb\">\n<figure class=\"wp-block-image size-full\"><a href=\"https:\/\/www.xinhaowelding.com\/fr\/produit\/1-ton-welding-positioner\/\"><img fetchpriority=\"high\" decoding=\"async\" width=\"800\" height=\"800\" src=\"https:\/\/www.xinhaowelding.com\/wp-content\/uploads\/2024\/11\/1\u5428\u53d8\u4f4d\u673a.png\" alt=\"\" class=\"wp-image-4077\" srcset=\"https:\/\/www.xinhaowelding.com\/wp-content\/uploads\/2024\/11\/1\u5428\u53d8\u4f4d\u673a.png 800w, https:\/\/www.xinhaowelding.com\/wp-content\/uploads\/2024\/11\/1\u5428\u53d8\u4f4d\u673a-300x300.png 300w, https:\/\/www.xinhaowelding.com\/wp-content\/uploads\/2024\/11\/1\u5428\u53d8\u4f4d\u673a-150x150.png 150w, https:\/\/www.xinhaowelding.com\/wp-content\/uploads\/2024\/11\/1\u5428\u53d8\u4f4d\u673a-768x768.png 768w, https:\/\/www.xinhaowelding.com\/wp-content\/uploads\/2024\/11\/1\u5428\u53d8\u4f4d\u673a-12x12.png 12w, https:\/\/www.xinhaowelding.com\/wp-content\/uploads\/2024\/11\/1\u5428\u53d8\u4f4d\u673a-600x600.png 600w, https:\/\/www.xinhaowelding.com\/wp-content\/uploads\/2024\/11\/1\u5428\u53d8\u4f4d\u673a-100x100.png 100w\" sizes=\"(max-width: 800px) 100vw, 800px\" \/><\/a><\/figure>\n<\/div>\n\n\n\n<div class=\"wp-block-uagb-container uagb-block-0d9c8167\">\n<figure class=\"wp-block-image size-full\"><a href=\"https:\/\/www.xinhaowelding.com\/fr\/produit\/2-ton-welding-positioner\/\"><img decoding=\"async\" width=\"538\" height=\"538\" src=\"https:\/\/www.xinhaowelding.com\/wp-content\/uploads\/2024\/11\/2\u5428\u53d8\u4f4d\u673a.png\" alt=\"\" class=\"wp-image-4079\" srcset=\"https:\/\/www.xinhaowelding.com\/wp-content\/uploads\/2024\/11\/2\u5428\u53d8\u4f4d\u673a.png 538w, https:\/\/www.xinhaowelding.com\/wp-content\/uploads\/2024\/11\/2\u5428\u53d8\u4f4d\u673a-300x300.png 300w, https:\/\/www.xinhaowelding.com\/wp-content\/uploads\/2024\/11\/2\u5428\u53d8\u4f4d\u673a-150x150.png 150w, https:\/\/www.xinhaowelding.com\/wp-content\/uploads\/2024\/11\/2\u5428\u53d8\u4f4d\u673a-12x12.png 12w, https:\/\/www.xinhaowelding.com\/wp-content\/uploads\/2024\/11\/2\u5428\u53d8\u4f4d\u673a-100x100.png 100w\" sizes=\"(max-width: 538px) 100vw, 538px\" \/><\/a><\/figure>\n<\/div>\n\n\n\n<div class=\"wp-block-uagb-container uagb-block-cd4a84f9\">\n<p class=\"has-text-align-center\">Positionneur de soudage de 1 tonne<\/p>\n<\/div>\n\n\n\n<div class=\"wp-block-uagb-container uagb-block-86aeae2d\">\n<p class=\"has-text-align-center\">Positionneur de soudage de 2 tonnes<\/p>\n<\/div>\n<\/div><\/div>\n\n\n\n<p class=\"has-large-font-size\"><strong><strong>\u4ea7\u54c1\u7ec6\u8282<\/strong><\/strong><\/p>\n\n\n\n<p class=\"has-large-font-size\"><strong>D\u00e9tails du produit<\/strong><strong><\/strong><\/p>\n\n\n\n<div class=\"wp-block-uagb-container uagb-block-8f59b050 alignfull uagb-is-root-container\"><div class=\"uagb-container-inner-blocks-wrap\">\n<div class=\"wp-block-uagb-container uagb-block-6b862565\">\n<figure class=\"wp-block-image size-large\"><img decoding=\"async\" width=\"1024\" height=\"819\" src=\"https:\/\/www.xinhaowelding.com\/wp-content\/uploads\/2024\/11\/\u7ec6\u82821-1024x819.png\" alt=\"\" class=\"wp-image-4091\" srcset=\"https:\/\/www.xinhaowelding.com\/wp-content\/uploads\/2024\/11\/\u7ec6\u82821-1024x819.png 1024w, https:\/\/www.xinhaowelding.com\/wp-content\/uploads\/2024\/11\/\u7ec6\u82821-300x240.png 300w, https:\/\/www.xinhaowelding.com\/wp-content\/uploads\/2024\/11\/\u7ec6\u82821-768x615.png 768w, https:\/\/www.xinhaowelding.com\/wp-content\/uploads\/2024\/11\/\u7ec6\u82821-1536x1229.png 1536w, https:\/\/www.xinhaowelding.com\/wp-content\/uploads\/2024\/11\/\u7ec6\u82821-2048x1639.png 2048w, https:\/\/www.xinhaowelding.com\/wp-content\/uploads\/2024\/11\/\u7ec6\u82821-15x12.png 15w, https:\/\/www.xinhaowelding.com\/wp-content\/uploads\/2024\/11\/\u7ec6\u82821-600x480.png 600w\" sizes=\"(max-width: 1024px) 100vw, 1024px\" \/><\/figure>\n<\/div>\n\n\n\n<div class=\"wp-block-uagb-container uagb-block-0cdf1640\">\n<p class=\"has-large-font-size\"><strong>Machine rotative<\/strong><\/p>\n\n\n\n<div class=\"wp-block-group is-layout-constrained wp-block-group-is-layout-constrained\">\n<p>Choisissez des moteurs de haute qualit\u00e9 provenant de fabricants nationaux r\u00e9put\u00e9s<\/p>\n\n\n\n<p>Il permet de r\u00e9guler en continu la vitesse de conversion de la fr\u00e9quence.<\/p>\n<\/div>\n<\/div>\n<\/div><\/div>\n\n\n\n<div class=\"wp-block-uagb-container uagb-block-84f5fe1e alignfull uagb-is-root-container\"><div class=\"uagb-container-inner-blocks-wrap\">\n<div class=\"wp-block-uagb-container uagb-block-8b9e9c75\">\n<figure class=\"wp-block-image size-large\"><img loading=\"lazy\" decoding=\"async\" width=\"1024\" height=\"819\" src=\"https:\/\/www.xinhaowelding.com\/wp-content\/uploads\/2024\/11\/\u7ec6\u82822-1024x819.png\" alt=\"\" class=\"wp-image-4092\" srcset=\"https:\/\/www.xinhaowelding.com\/wp-content\/uploads\/2024\/11\/\u7ec6\u82822-1024x819.png 1024w, https:\/\/www.xinhaowelding.com\/wp-content\/uploads\/2024\/11\/\u7ec6\u82822-300x240.png 300w, https:\/\/www.xinhaowelding.com\/wp-content\/uploads\/2024\/11\/\u7ec6\u82822-768x615.png 768w, https:\/\/www.xinhaowelding.com\/wp-content\/uploads\/2024\/11\/\u7ec6\u82822-1536x1229.png 1536w, https:\/\/www.xinhaowelding.com\/wp-content\/uploads\/2024\/11\/\u7ec6\u82822-2048x1639.png 2048w, https:\/\/www.xinhaowelding.com\/wp-content\/uploads\/2024\/11\/\u7ec6\u82822-15x12.png 15w, https:\/\/www.xinhaowelding.com\/wp-content\/uploads\/2024\/11\/\u7ec6\u82822-600x480.png 600w\" sizes=\"(max-width: 1024px) 100vw, 1024px\" \/><\/figure>\n<\/div>\n\n\n\n<div class=\"wp-block-uagb-container uagb-block-71165a30\">\n<p class=\"has-large-font-size\"><strong><strong>Barre de cuivre balai de carbone<\/strong><\/strong><\/p>\n\n\n\n<div class=\"wp-block-group is-layout-constrained wp-block-group-is-layout-constrained\">\n<p>Barreaux de cuivre \u00e0 haute teneur en cuivre<\/p>\n\n\n\n<p>Le moteur est retourn\u00e9 pour connecter le fil de terre.<\/p>\n\n\n\n<p>Une conductivit\u00e9 ultra-\u00e9lev\u00e9e pour une utilisation plus s\u00fbre<\/p>\n<\/div>\n<\/div>\n<\/div><\/div>\n\n\n\n<div class=\"wp-block-uagb-container uagb-block-ca2636a3 alignfull uagb-is-root-container\"><div class=\"uagb-container-inner-blocks-wrap\">\n<div class=\"wp-block-uagb-container uagb-block-9f717702\">\n<figure class=\"wp-block-image size-large\"><img loading=\"lazy\" decoding=\"async\" width=\"1024\" height=\"819\" src=\"https:\/\/www.xinhaowelding.com\/wp-content\/uploads\/2024\/11\/\u7ec6\u82823-1024x819.png\" alt=\"\" class=\"wp-image-4093\" srcset=\"https:\/\/www.xinhaowelding.com\/wp-content\/uploads\/2024\/11\/\u7ec6\u82823-1024x819.png 1024w, https:\/\/www.xinhaowelding.com\/wp-content\/uploads\/2024\/11\/\u7ec6\u82823-300x240.png 300w, https:\/\/www.xinhaowelding.com\/wp-content\/uploads\/2024\/11\/\u7ec6\u82823-768x615.png 768w, https:\/\/www.xinhaowelding.com\/wp-content\/uploads\/2024\/11\/\u7ec6\u82823-1536x1229.png 1536w, https:\/\/www.xinhaowelding.com\/wp-content\/uploads\/2024\/11\/\u7ec6\u82823-2048x1639.png 2048w, https:\/\/www.xinhaowelding.com\/wp-content\/uploads\/2024\/11\/\u7ec6\u82823-15x12.png 15w, https:\/\/www.xinhaowelding.com\/wp-content\/uploads\/2024\/11\/\u7ec6\u82823-600x480.png 600w\" sizes=\"(max-width: 1024px) 100vw, 1024px\" \/><\/figure>\n<\/div>\n\n\n\n<div class=\"wp-block-uagb-container uagb-block-b8b56904\">\n<p class=\"has-large-font-size\"><strong><strong>Moteur de basculement<\/strong><\/strong><\/p>\n\n\n\n<div class=\"wp-block-group is-layout-constrained wp-block-group-is-layout-constrained\">\n<p>Le moteur d'une marque nationale r\u00e9put\u00e9e a<\/p>\n\n\n\n<p>La pr\u00e9cision du contr\u00f4le est \u00e9lev\u00e9e et la fiabilit\u00e9 est forte.<\/p>\n\n\n\n<p>Longue dur\u00e9e de vie et autres caract\u00e9ristiques<\/p>\n<\/div>\n<\/div>\n<\/div><\/div>\n\n\n\n<div class=\"wp-block-uagb-container uagb-block-ef836698 alignfull uagb-is-root-container\"><div class=\"uagb-container-inner-blocks-wrap\">\n<div class=\"wp-block-uagb-container uagb-block-cd4aebb3\">\n<figure class=\"wp-block-image size-large\"><img loading=\"lazy\" decoding=\"async\" width=\"1024\" height=\"819\" src=\"https:\/\/www.xinhaowelding.com\/wp-content\/uploads\/2024\/11\/\u7ec6\u82824-1024x819.png\" alt=\"\" class=\"wp-image-4094\" srcset=\"https:\/\/www.xinhaowelding.com\/wp-content\/uploads\/2024\/11\/\u7ec6\u82824-1024x819.png 1024w, https:\/\/www.xinhaowelding.com\/wp-content\/uploads\/2024\/11\/\u7ec6\u82824-300x240.png 300w, https:\/\/www.xinhaowelding.com\/wp-content\/uploads\/2024\/11\/\u7ec6\u82824-768x615.png 768w, https:\/\/www.xinhaowelding.com\/wp-content\/uploads\/2024\/11\/\u7ec6\u82824-1536x1229.png 1536w, https:\/\/www.xinhaowelding.com\/wp-content\/uploads\/2024\/11\/\u7ec6\u82824-2048x1639.png 2048w, https:\/\/www.xinhaowelding.com\/wp-content\/uploads\/2024\/11\/\u7ec6\u82824-15x12.png 15w, https:\/\/www.xinhaowelding.com\/wp-content\/uploads\/2024\/11\/\u7ec6\u82824-600x480.png 600w\" sizes=\"(max-width: 1024px) 100vw, 1024px\" \/><\/figure>\n<\/div>\n\n\n\n<div class=\"wp-block-uagb-container uagb-block-865bd37d\">\n<p class=\"has-large-font-size\"><strong><strong><strong>Gravure d'angle<\/strong><\/strong><\/strong><\/p>\n\n\n\n<div class=\"wp-block-group is-layout-constrained wp-block-group-is-layout-constrained\">\n<p>Gravure d'angle claire et distincte<\/p>\n\n\n\n<p>Il peut faciliter la ma\u00eetrise des utilisateurs<\/p>\n\n\n\n<p>Angle de rotation de la pi\u00e8ce<\/p>\n\n\n\n<p>Rendre l'op\u00e9ration plus pr\u00e9cise et plus fiable<\/p>\n<\/div>\n<\/div>\n<\/div><\/div>\n\n\n\n<p class=\"has-large-font-size\"><strong>\u4ea7\u54c1\u89e3\u6790\/\u5c3a\u5bf8<\/strong><\/p>\n\n\n\n<p class=\"has-large-font-size\"><strong>Analyse du produit\/dimensions<\/strong><\/p>\n\n\n\n<div class=\"wp-block-uagb-container uagb-block-a55ec705 alignfull uagb-is-root-container\"><div class=\"uagb-container-inner-blocks-wrap\">\n<div class=\"wp-block-uagb-container uagb-block-bc06c54b\">\n<figure class=\"wp-block-image size-full\"><img loading=\"lazy\" decoding=\"async\" width=\"682\" height=\"533\" src=\"https:\/\/www.xinhaowelding.com\/wp-content\/uploads\/2024\/11\/\u4ea7\u54c1\u89e3\u67901-1.png\" alt=\"\" class=\"wp-image-4081\" srcset=\"https:\/\/www.xinhaowelding.com\/wp-content\/uploads\/2024\/11\/\u4ea7\u54c1\u89e3\u67901-1.png 682w, https:\/\/www.xinhaowelding.com\/wp-content\/uploads\/2024\/11\/\u4ea7\u54c1\u89e3\u67901-1-300x234.png 300w, https:\/\/www.xinhaowelding.com\/wp-content\/uploads\/2024\/11\/\u4ea7\u54c1\u89e3\u67901-1-15x12.png 15w, https:\/\/www.xinhaowelding.com\/wp-content\/uploads\/2024\/11\/\u4ea7\u54c1\u89e3\u67901-1-600x469.png 600w\" sizes=\"(max-width: 682px) 100vw, 682px\" \/><\/figure>\n<\/div>\n\n\n\n<div class=\"wp-block-uagb-container uagb-block-ed6b1d52\">\n<figure class=\"wp-block-image size-full\"><img loading=\"lazy\" decoding=\"async\" width=\"567\" height=\"512\" src=\"https:\/\/www.xinhaowelding.com\/wp-content\/uploads\/2024\/11\/\u4ea7\u54c1\u89e3\u67902.png\" alt=\"\" class=\"wp-image-4082\" srcset=\"https:\/\/www.xinhaowelding.com\/wp-content\/uploads\/2024\/11\/\u4ea7\u54c1\u89e3\u67902.png 567w, https:\/\/www.xinhaowelding.com\/wp-content\/uploads\/2024\/11\/\u4ea7\u54c1\u89e3\u67902-300x271.png 300w, https:\/\/www.xinhaowelding.com\/wp-content\/uploads\/2024\/11\/\u4ea7\u54c1\u89e3\u67902-13x12.png 13w\" sizes=\"(max-width: 567px) 100vw, 567px\" \/><\/figure>\n<\/div>\n\n\n\n<div class=\"wp-block-uagb-container uagb-block-636a5bf9\">\n<figure class=\"wp-block-image size-full\"><img loading=\"lazy\" decoding=\"async\" width=\"660\" height=\"799\" src=\"https:\/\/www.xinhaowelding.com\/wp-content\/uploads\/2024\/11\/1\u5428\u5c3a\u5bf8.png\" alt=\"\" class=\"wp-image-4078\" srcset=\"https:\/\/www.xinhaowelding.com\/wp-content\/uploads\/2024\/11\/1\u5428\u5c3a\u5bf8.png 660w, https:\/\/www.xinhaowelding.com\/wp-content\/uploads\/2024\/11\/1\u5428\u5c3a\u5bf8-248x300.png 248w, https:\/\/www.xinhaowelding.com\/wp-content\/uploads\/2024\/11\/1\u5428\u5c3a\u5bf8-10x12.png 10w, https:\/\/www.xinhaowelding.com\/wp-content\/uploads\/2024\/11\/1\u5428\u5c3a\u5bf8-600x726.png 600w\" sizes=\"(max-width: 660px) 100vw, 660px\" \/><\/figure>\n<\/div>\n<\/div><\/div>\n\n\n\n<p class=\"has-large-font-size\"><strong>\u73b0\u573a\u5b9e\u62cd<\/strong><\/p>\n\n\n\n<p class=\"has-large-font-size\"><strong>Prise de vue en direct<\/strong><\/p>\n\n\n\n<div class=\"wp-block-uagb-container uagb-block-c5bc7fd0 alignfull uagb-is-root-container\"><div class=\"uagb-container-inner-blocks-wrap\">\n<div class=\"wp-block-uagb-container uagb-block-4f745dd7\">\n<figure class=\"wp-block-image size-full\"><img loading=\"lazy\" decoding=\"async\" width=\"750\" height=\"1000\" src=\"https:\/\/www.xinhaowelding.com\/wp-content\/uploads\/2024\/11\/\u5b9e\u62cd4-5.jpg\" alt=\"\" class=\"wp-image-4087\" srcset=\"https:\/\/www.xinhaowelding.com\/wp-content\/uploads\/2024\/11\/\u5b9e\u62cd4-5.jpg 750w, https:\/\/www.xinhaowelding.com\/wp-content\/uploads\/2024\/11\/\u5b9e\u62cd4-5-225x300.jpg 225w, https:\/\/www.xinhaowelding.com\/wp-content\/uploads\/2024\/11\/\u5b9e\u62cd4-5-9x12.jpg 9w, https:\/\/www.xinhaowelding.com\/wp-content\/uploads\/2024\/11\/\u5b9e\u62cd4-5-600x800.jpg 600w\" sizes=\"(max-width: 750px) 100vw, 750px\" \/><\/figure>\n<\/div>\n\n\n\n<div class=\"wp-block-uagb-container uagb-block-e007e89f\">\n<figure class=\"wp-block-image size-full\"><img loading=\"lazy\" decoding=\"async\" width=\"750\" height=\"1000\" src=\"https:\/\/www.xinhaowelding.com\/wp-content\/uploads\/2024\/11\/\u5b9e\u62cd5-1.jpg\" alt=\"\" class=\"wp-image-4088\" srcset=\"https:\/\/www.xinhaowelding.com\/wp-content\/uploads\/2024\/11\/\u5b9e\u62cd5-1.jpg 750w, https:\/\/www.xinhaowelding.com\/wp-content\/uploads\/2024\/11\/\u5b9e\u62cd5-1-225x300.jpg 225w, https:\/\/www.xinhaowelding.com\/wp-content\/uploads\/2024\/11\/\u5b9e\u62cd5-1-9x12.jpg 9w, https:\/\/www.xinhaowelding.com\/wp-content\/uploads\/2024\/11\/\u5b9e\u62cd5-1-600x800.jpg 600w\" sizes=\"(max-width: 750px) 100vw, 750px\" \/><\/figure>\n<\/div>\n\n\n\n<div class=\"wp-block-uagb-container uagb-block-b25a68b2\">\n<figure class=\"wp-block-image size-full\"><img loading=\"lazy\" decoding=\"async\" width=\"750\" height=\"1000\" src=\"https:\/\/www.xinhaowelding.com\/wp-content\/uploads\/2024\/11\/\u5b9e\u62cd6.jpg\" alt=\"\" class=\"wp-image-4089\" srcset=\"https:\/\/www.xinhaowelding.com\/wp-content\/uploads\/2024\/11\/\u5b9e\u62cd6.jpg 750w, https:\/\/www.xinhaowelding.com\/wp-content\/uploads\/2024\/11\/\u5b9e\u62cd6-225x300.jpg 225w, https:\/\/www.xinhaowelding.com\/wp-content\/uploads\/2024\/11\/\u5b9e\u62cd6-9x12.jpg 9w, https:\/\/www.xinhaowelding.com\/wp-content\/uploads\/2024\/11\/\u5b9e\u62cd6-600x800.jpg 600w\" sizes=\"(max-width: 750px) 100vw, 750px\" \/><\/figure>\n<\/div>\n\n\n\n<div class=\"wp-block-uagb-container uagb-block-a1d3e211\">\n<figure class=\"wp-block-image size-large\"><img loading=\"lazy\" decoding=\"async\" width=\"768\" height=\"1024\" src=\"https:\/\/www.xinhaowelding.com\/wp-content\/uploads\/2024\/11\/\u5b9e\u62cd7-768x1024.jpg\" alt=\"\" class=\"wp-image-4090\" srcset=\"https:\/\/www.xinhaowelding.com\/wp-content\/uploads\/2024\/11\/\u5b9e\u62cd7-768x1024.jpg 768w, https:\/\/www.xinhaowelding.com\/wp-content\/uploads\/2024\/11\/\u5b9e\u62cd7-225x300.jpg 225w, https:\/\/www.xinhaowelding.com\/wp-content\/uploads\/2024\/11\/\u5b9e\u62cd7-1152x1536.jpg 1152w, https:\/\/www.xinhaowelding.com\/wp-content\/uploads\/2024\/11\/\u5b9e\u62cd7-1536x2048.jpg 1536w, https:\/\/www.xinhaowelding.com\/wp-content\/uploads\/2024\/11\/\u5b9e\u62cd7-9x12.jpg 9w, https:\/\/www.xinhaowelding.com\/wp-content\/uploads\/2024\/11\/\u5b9e\u62cd7-600x800.jpg 600w, https:\/\/www.xinhaowelding.com\/wp-content\/uploads\/2024\/11\/\u5b9e\u62cd7-scaled.jpg 1920w\" sizes=\"(max-width: 768px) 100vw, 768px\" \/><\/figure>\n<\/div>\n<\/div><\/div>\n\n\n\n<p><a href=\"http:\/\/www.google.com\" target=\"_blank\" rel=\"noopener\" title=\"\">http:\/\/www.google.com<\/a><\/p>","protected":false},"excerpt":{"rendered":"<p>Un positionneur de 1 tonne \u00e0 r\u00e9gulation progressive de la vitesse de rotation automatique, qui est un \u00e9tabli de soudage pouvant fonctionner avec un mandrin de soudage.<\/p>","protected":false},"featured_media":3004,"comment_status":"open","ping_status":"closed","template":"","meta":{"om_disable_all_campaigns":false,"_uag_custom_page_level_css":"","_monsterinsights_skip_tracking":false,"_monsterinsights_sitenote_active":false,"_monsterinsights_sitenote_note":"","_monsterinsights_sitenote_category":0,"site-sidebar-layout":"default","site-content-layout":"","ast-site-content-layout":"default","site-content-style":"default","site-sidebar-style":"default","ast-global-header-display":"","ast-banner-title-visibility":"","ast-main-header-display":"","ast-hfb-above-header-display":"","ast-hfb-below-header-display":"","ast-hfb-mobile-header-display":"","site-post-title":"","ast-breadcrumbs-content":"","ast-featured-img":"","footer-sml-layout":"","theme-transparent-header-meta":"default","adv-header-id-meta":"","stick-header-meta":"","header-above-stick-meta":"","header-main-stick-meta":"","header-below-stick-meta":"","astra-migrate-meta-layouts":"set","ast-page-background-enabled":"default","ast-page-background-meta":{"desktop":{"background-color":"","background-image":"","background-repeat":"repeat","background-position":"center center","background-size":"auto","background-attachment":"scroll","background-type":"","background-media":"","overlay-type":"","overlay-color":"","overlay-opacity":"","overlay-gradient":""},"tablet":{"background-color":"","background-image":"","background-repeat":"repeat","background-position":"center center","background-size":"auto","background-attachment":"scroll","background-type":"","background-media":"","overlay-type":"","overlay-color":"","overlay-opacity":"","overlay-gradient":""},"mobile":{"background-color":"","background-image":"","background-repeat":"repeat","background-position":"center center","background-size":"auto","background-attachment":"scroll","background-type":"","background-media":"","overlay-type":"","overlay-color":"","overlay-opacity":"","overlay-gradient":""}},"ast-content-background-meta":{"desktop":{"background-color":"var(--ast-global-color-5)","background-image":"","background-repeat":"repeat","background-position":"center center","background-size":"auto","background-attachment":"scroll","background-type":"","background-media":"","overlay-type":"","overlay-color":"","overlay-opacity":"","overlay-gradient":""},"tablet":{"background-color":"var(--ast-global-color-5)","background-image":"","background-repeat":"repeat","background-position":"center center","background-size":"auto","background-attachment":"scroll","background-type":"","background-media":"","overlay-type":"","overlay-color":"","overlay-opacity":"","overlay-gradient":""},"mobile":{"background-color":"var(--ast-global-color-5)","background-image":"","background-repeat":"repeat","background-position":"center center","background-size":"auto","background-attachment":"scroll","background-type":"","background-media":"","overlay-type":"","overlay-color":"","overlay-opacity":"","overlay-gradient":""}}},"product_brand":[],"product_cat":[58],"product_tag":[],"class_list":{"0":"post-3003","1":"product","2":"type-product","3":"status-publish","4":"has-post-thumbnail","6":"product_cat-welding-positioner","7":"desktop-align-left","8":"tablet-align-left","9":"mobile-align-left","11":"first","12":"instock","13":"shipping-taxable","14":"product-type-simple"},"aioseo_notices":[],"uagb_featured_image_src":{"full":["https:\/\/www.xinhaowelding.com\/wp-content\/uploads\/2024\/11\/3.png",800,800,false],"thumbnail":["https:\/\/www.xinhaowelding.com\/wp-content\/uploads\/2024\/11\/3-150x150.png",150,150,true],"medium":["https:\/\/www.xinhaowelding.com\/wp-content\/uploads\/2024\/11\/3-300x300.png",300,300,true],"medium_large":["https:\/\/www.xinhaowelding.com\/wp-content\/uploads\/2024\/11\/3-768x768.png",768,768,true],"large":["https:\/\/www.xinhaowelding.com\/wp-content\/uploads\/2024\/11\/3.png",800,800,false],"1536x1536":["https:\/\/www.xinhaowelding.com\/wp-content\/uploads\/2024\/11\/3.png",800,800,false],"2048x2048":["https:\/\/www.xinhaowelding.com\/wp-content\/uploads\/2024\/11\/3.png",800,800,false],"trp-custom-language-flag":["https:\/\/www.xinhaowelding.com\/wp-content\/uploads\/2024\/11\/3-12x12.png",12,12,true],"woocommerce_thumbnail":["https:\/\/www.xinhaowelding.com\/wp-content\/uploads\/2024\/11\/3-600x600.png",600,600,true],"woocommerce_single":["https:\/\/www.xinhaowelding.com\/wp-content\/uploads\/2024\/11\/3-600x600.png",600,600,true],"woocommerce_gallery_thumbnail":["https:\/\/www.xinhaowelding.com\/wp-content\/uploads\/2024\/11\/3-100x100.png",100,100,true]},"uagb_author_info":{"display_name":"jinxing6611@gmail.com","author_link":"https:\/\/www.xinhaowelding.com\/fr\/author\/"},"uagb_comment_info":0,"uagb_excerpt":"A 1-ton automatic turning stepless speed regulation positioner, which is a welding workbench that can work with a welding chuck.","_links":{"self":[{"href":"https:\/\/www.xinhaowelding.com\/fr\/wp-json\/wp\/v2\/product\/3003","targetHints":{"allow":["GET"]}}],"collection":[{"href":"https:\/\/www.xinhaowelding.com\/fr\/wp-json\/wp\/v2\/product"}],"about":[{"href":"https:\/\/www.xinhaowelding.com\/fr\/wp-json\/wp\/v2\/types\/product"}],"replies":[{"embeddable":true,"href":"https:\/\/www.xinhaowelding.com\/fr\/wp-json\/wp\/v2\/comments?post=3003"}],"wp:featuredmedia":[{"embeddable":true,"href":"https:\/\/www.xinhaowelding.com\/fr\/wp-json\/wp\/v2\/media\/3004"}],"wp:attachment":[{"href":"https:\/\/www.xinhaowelding.com\/fr\/wp-json\/wp\/v2\/media?parent=3003"}],"wp:term":[{"taxonomy":"product_brand","embeddable":true,"href":"https:\/\/www.xinhaowelding.com\/fr\/wp-json\/wp\/v2\/product_brand?post=3003"},{"taxonomy":"product_cat","embeddable":true,"href":"https:\/\/www.xinhaowelding.com\/fr\/wp-json\/wp\/v2\/product_cat?post=3003"},{"taxonomy":"product_tag","embeddable":true,"href":"https:\/\/www.xinhaowelding.com\/fr\/wp-json\/wp\/v2\/product_tag?post=3003"}],"curies":[{"name":"wp","href":"https:\/\/api.w.org\/{rel}","templated":true}]}}