{"id":3266,"date":"2024-11-22T08:24:58","date_gmt":"2024-11-22T08:24:58","guid":{"rendered":"https:\/\/xinhaowelding.com\/?post_type=product&#038;p=3266"},"modified":"2025-04-01T03:12:45","modified_gmt":"2025-04-01T03:12:45","slug":"heavy-duty-welding-operator","status":"publish","type":"product","link":"https:\/\/www.xinhaowelding.com\/fr\/produit\/heavy-duty-welding-operator\/","title":{"rendered":"Manipulateur automatique de soudage pour charges lourdes - Conception robuste"},"content":{"rendered":"<h2 class=\"wp-block-heading\"><strong><a href=\"https:\/\/www.xinhaowelding.com\/fr\/produit\/heavy-duty-welding-operator\/\" title=\"\u91cd\u578b\u710a\u63a5\u64cd\u4f5c\u673a\">\u91cd\u578b\u710a\u63a5\u64cd\u4f5c\u673a<\/a><\/strong><\/h2>\n\n\n\n<h2 class=\"wp-block-heading\">Op\u00e9rateur de soudure pour travaux lourds<\/h2>\n\n\n\n<p>\u25c6Il se compose principalement de la poutre, de la cha\u00eene de remorquage, du syst\u00e8me de levage, de la colonne, du rail de guidage, de la t\u00eate et de la plaque de remorquage, de l'op\u00e9rateur manuel, etc.<\/p>\n\n\n\n<p>La t\u00eate de la machine est install\u00e9e \u00e0 une extr\u00e9mit\u00e9 de la poutre, la poutre peut \u00eatre soulev\u00e9e et abaiss\u00e9e et t\u00e9lescop\u00e9e, et la colonne peut \u00eatre install\u00e9e sur le wagon \u00e0 plate-forme par l'interm\u00e9diaire de la plaque tournante. La vitesse d'expansion de la poutre est stable sans ramper, et la d\u00e9viation vers le bas apr\u00e8s l'extension est faible.<\/p>\n\n\n\n<p>\u25c6Cha\u00eene : Le levage de la poutre est r\u00e9alis\u00e9 en tirant la cha\u00eene. L'\u00e9quipement utilise une cha\u00eene de haute qualit\u00e9 avec une capacit\u00e9 de charge \u00e9lev\u00e9e.<\/p>\n\n\n\n<p>\u25c6Griffe de s\u00e9curit\u00e9 : En cas d'urgence, si la cha\u00eene se rompt soudainement, la griffe de s\u00e9curit\u00e9 peut \u00eatre rapidement relev\u00e9e et fix\u00e9e dans le trou de chute carr\u00e9 de la colonne. La griffe de s\u00e9curit\u00e9 peut \u00eatre rapidement tourn\u00e9e vers le haut et fix\u00e9e dans le trou de chute carr\u00e9 de la colonne pour emp\u00eacher la poutre de continuer \u00e0 tomber et jouer un r\u00f4le dans l'am\u00e9lioration de la s\u00e9curit\u00e9.<\/p>\n\n\n\n<p>\u25c6 Large gamme d'applications, peut convenir au soudage \u00e0 deux protections\/soudage \u00e0 l'arc \u00e0 l'argon\/soudage \u00e0 l'arc submerg\u00e9 et \u00e0 d'autres m\u00e9thodes de soudage.<\/p>\n\n\n\n<figure class=\"wp-block-table\"><table><tbody><tr><td rowspan=\"2\"><\/td><td rowspan=\"2\"><strong>Num\u00e9ro de mod\u00e8le<\/strong><strong><\/strong><\/td><td rowspan=\"2\"><strong>Vitesse d'expansion du faisceau<\/strong><strong><\/strong><\/td><td rowspan=\"2\"><strong>Dimension du faisceau<\/strong><strong><\/strong><\/td><td rowspan=\"2\"><strong>Dimension de la section de la colonne<\/strong><strong><\/strong><\/td><td colspan=\"3\"><strong>Dimensions g\u00e9n\u00e9rales<\/strong><strong>:m<\/strong><strong>\/poids<\/strong><strong>:kg<\/strong><strong><\/strong><\/td><\/tr><tr><td><strong>stationnaire<\/strong><strong><\/strong><\/td><td><strong>Rotatif (manuel\/\u00e9lectrique)<\/strong><strong><\/strong><\/td><td><strong>Chariot de type marcheur<\/strong><strong><\/strong><\/td><\/tr><tr><td rowspan=\"2\">minitype<\/td><td>ZDH-1.5*1.5<\/td><td>140-1400mm\/min<\/td><td>150*100*6mm<\/td><td>200*150*6mm<\/td><td>2,3*0,4*2,8(200kg)<\/td><td>2,3*0,6*2,9(300kg)<\/td><td>Moins d'utilisation<\/td><\/tr><tr><td>ZDH-2*2<\/td><td>140-1400mm\/min<\/td><td>150*100*6mm<\/td><td>200*150*6mm<\/td><td>2,8*0,4*3,3(250kg)<\/td><td>2,8*0,6*3,4(350kg)<\/td><td>Moins d'utilisation<\/td><\/tr><tr><td rowspan=\"3\">l\u00e9ger<\/td><td>ZDH-2*2<\/td><td>140-1400mm\/min<\/td><td>250*100*6mm<\/td><td>400*300*6mm<\/td><td>4*0,6*4(1500kg)<\/td><td>4*1. 3*4.2 (1700kg)<\/td><td>4*2,5*4,6(2500kg)<\/td><\/tr><tr><td>ZDH-3*3<\/td><td>140-1400mm\/min<\/td><td>250*100*6mm<\/td><td>400*300*6mm<\/td><td>5*0,6*5(1700kg)<\/td><td>5*1,3*5,2(1900kg)<\/td><td>5*2,5*5,6(2700kg)<\/td><\/tr><tr><td>ZDH-4*4<\/td><td>140-1400mm\/min<\/td><td>250*100*6mm<\/td><td>400*300*6mm<\/td><td>6*0,6*6(2000kg)<\/td><td>6*1,3*6,2(2200kg)<\/td><td>6*2,5*6,6(3000kg)<\/td><\/tr><tr><td rowspan=\"4\">Type lourd<\/td><td>ZDH-4*4<\/td><td>140-1400mm\/min<\/td><td>300*200*6mm<\/td><td>500*300*6mm<\/td><td>6,2*0,7*6,2(3200kg)<\/td><td>6,2*1,3*6,4(3400kg)<\/td><td>6,2*2,5*6,8(4400kg)<\/td><\/tr><tr><td>ZDH-5*5<\/td><td>140-1400mm\/min<\/td><td>300*200*6mm<\/td><td>500*300*6mm<\/td><td>7,2*0,7*7,2(3500kg)<\/td><td>7.2*1. 3*7.4(3700kg)<\/td><td>7,2*2,5*7,8(4700kg)<\/td><\/tr><tr><td>ZDH-6*6<\/td><td>140-1400mm\/min<\/td><td>300*200*6mm<\/td><td>500*300*6mm<\/td><td>8,2*0,7*8,2(3800kg)<\/td><td>8,2*1,3*8,4(4000kg)<\/td><td>8,2*2,5*8,8(5000kg)<\/td><\/tr><tr><td>ZDH-7*7<\/td><td>140-1400mm\/min<\/td><td>300*200*6mm<\/td><td>500*300*6mm<\/td><td>9,2*0,7*9,2(4100kg)<\/td><td>9,2*1,3*9,4(4300kg)<\/td><td>9,2*2,5*9 8(5300kg)<\/td><\/tr><\/tbody><\/table><\/figure>\n\n\n\n<h2 class=\"wp-block-heading has-large-font-size\"><strong>\u4ea7\u54c1\u7ec6\u8282<\/strong><\/h2>\n\n\n\n<h2 class=\"wp-block-heading has-large-font-size\"><strong>D\u00e9tails du produit<\/strong><strong><\/strong><\/h2>\n\n\n\n<div class=\"wp-block-uagb-container uagb-block-d4432a7c alignfull uagb-is-root-container\"><div class=\"uagb-container-inner-blocks-wrap\">\n<div class=\"wp-block-uagb-container uagb-block-d7b0c61a\">\n<figure class=\"wp-block-image size-large\"><img fetchpriority=\"high\" decoding=\"async\" width=\"1024\" height=\"768\" src=\"https:\/\/www.xinhaowelding.com\/wp-content\/uploads\/2024\/11\/\u7ec6\u82821-5-1024x768.jpg\" alt=\"\" class=\"wp-image-3917\" srcset=\"https:\/\/www.xinhaowelding.com\/wp-content\/uploads\/2024\/11\/\u7ec6\u82821-5-1024x768.jpg 1024w, https:\/\/www.xinhaowelding.com\/wp-content\/uploads\/2024\/11\/\u7ec6\u82821-5-300x225.jpg 300w, https:\/\/www.xinhaowelding.com\/wp-content\/uploads\/2024\/11\/\u7ec6\u82821-5-768x576.jpg 768w, https:\/\/www.xinhaowelding.com\/wp-content\/uploads\/2024\/11\/\u7ec6\u82821-5-1536x1152.jpg 1536w, https:\/\/www.xinhaowelding.com\/wp-content\/uploads\/2024\/11\/\u7ec6\u82821-5-16x12.jpg 16w, https:\/\/www.xinhaowelding.com\/wp-content\/uploads\/2024\/11\/\u7ec6\u82821-5-600x450.jpg 600w, https:\/\/www.xinhaowelding.com\/wp-content\/uploads\/2024\/11\/\u7ec6\u82821-5.jpg 1600w\" sizes=\"(max-width: 1024px) 100vw, 1024px\" \/><\/figure>\n<\/div>\n\n\n\n<div class=\"wp-block-uagb-container uagb-block-561ccc9c\">\n<p class=\"has-large-font-size\"><strong>Qualit\u00e9 Seiko<\/strong><\/p>\n\n\n\n<div class=\"wp-block-group is-layout-constrained wp-block-group-is-layout-constrained\">\n<p>L'\u00e9quipement se compose principalement de montants<\/p>\n\n\n\n<p>Bras transversal, dispositif de guidage<\/p>\n\n\n\n<p>Le m\u00e9canisme de levage est compos\u00e9<\/p>\n<\/div>\n<\/div>\n<\/div><\/div>\n\n\n\n<div class=\"wp-block-uagb-container uagb-block-f780644b alignfull uagb-is-root-container\"><div class=\"uagb-container-inner-blocks-wrap\">\n<div class=\"wp-block-uagb-container uagb-block-2aeb67d6\">\n<figure class=\"wp-block-image size-large\"><img decoding=\"async\" width=\"1024\" height=\"768\" src=\"https:\/\/www.xinhaowelding.com\/wp-content\/uploads\/2024\/11\/\u7ec6\u82822-6-1024x768.jpg\" alt=\"\" class=\"wp-image-3918\" srcset=\"https:\/\/www.xinhaowelding.com\/wp-content\/uploads\/2024\/11\/\u7ec6\u82822-6-1024x768.jpg 1024w, https:\/\/www.xinhaowelding.com\/wp-content\/uploads\/2024\/11\/\u7ec6\u82822-6-300x225.jpg 300w, https:\/\/www.xinhaowelding.com\/wp-content\/uploads\/2024\/11\/\u7ec6\u82822-6-768x576.jpg 768w, https:\/\/www.xinhaowelding.com\/wp-content\/uploads\/2024\/11\/\u7ec6\u82822-6-1536x1152.jpg 1536w, https:\/\/www.xinhaowelding.com\/wp-content\/uploads\/2024\/11\/\u7ec6\u82822-6-16x12.jpg 16w, https:\/\/www.xinhaowelding.com\/wp-content\/uploads\/2024\/11\/\u7ec6\u82822-6-600x450.jpg 600w, https:\/\/www.xinhaowelding.com\/wp-content\/uploads\/2024\/11\/\u7ec6\u82822-6.jpg 1600w\" sizes=\"(max-width: 1024px) 100vw, 1024px\" \/><\/figure>\n<\/div>\n\n\n\n<div class=\"wp-block-uagb-container uagb-block-323f1462\">\n<p class=\"has-large-font-size\"><strong><strong>Ajustement multidimensionnel<\/strong><\/strong><\/p>\n\n\n\n<div class=\"wp-block-group is-layout-constrained wp-block-group-is-layout-constrained\">\n<p>Permet de r\u00e9gler la torche de soudage dans les directions haut-bas, gauche-droite et avant-arri\u00e8re.<\/p>\n<\/div>\n<\/div>\n<\/div><\/div>\n\n\n\n<div class=\"wp-block-uagb-container uagb-block-06eed615 alignfull uagb-is-root-container\"><div class=\"uagb-container-inner-blocks-wrap\">\n<div class=\"wp-block-uagb-container uagb-block-d7ee8dc7\">\n<figure class=\"wp-block-image size-large\"><img decoding=\"async\" width=\"1024\" height=\"768\" src=\"https:\/\/www.xinhaowelding.com\/wp-content\/uploads\/2024\/11\/\u7ec6\u82823-5-1024x768.jpg\" alt=\"\" class=\"wp-image-3919\" srcset=\"https:\/\/www.xinhaowelding.com\/wp-content\/uploads\/2024\/11\/\u7ec6\u82823-5-1024x768.jpg 1024w, https:\/\/www.xinhaowelding.com\/wp-content\/uploads\/2024\/11\/\u7ec6\u82823-5-300x225.jpg 300w, https:\/\/www.xinhaowelding.com\/wp-content\/uploads\/2024\/11\/\u7ec6\u82823-5-768x576.jpg 768w, https:\/\/www.xinhaowelding.com\/wp-content\/uploads\/2024\/11\/\u7ec6\u82823-5-1536x1152.jpg 1536w, https:\/\/www.xinhaowelding.com\/wp-content\/uploads\/2024\/11\/\u7ec6\u82823-5-16x12.jpg 16w, https:\/\/www.xinhaowelding.com\/wp-content\/uploads\/2024\/11\/\u7ec6\u82823-5-600x450.jpg 600w, https:\/\/www.xinhaowelding.com\/wp-content\/uploads\/2024\/11\/\u7ec6\u82823-5.jpg 1600w\" sizes=\"(max-width: 1024px) 100vw, 1024px\" \/><\/figure>\n<\/div>\n\n\n\n<div class=\"wp-block-uagb-container uagb-block-deae9e10\">\n<p class=\"has-large-font-size\"><strong><strong><strong>Fonctionnement stable<\/strong><\/strong><\/strong><\/p>\n\n\n\n<div class=\"wp-block-group is-layout-constrained wp-block-group-is-layout-constrained\">\n<p>Le bras transversal est \u00e9galement form\u00e9 d'un tube rectangulaire<\/p>\n\n\n\n<p>Structure rectangulaire \u00e0 double rail de guidage<\/p>\n\n\n\n<p>Peut garantir le rail de guidage apr\u00e8s l'usinage<\/p>\n\n\n\n<p>Rectitude et stabilit\u00e9 du fonctionnement de l'\u00e9quipement<\/p>\n<\/div>\n<\/div>\n<\/div><\/div>\n\n\n\n<div class=\"wp-block-uagb-container uagb-block-4e884e41 alignfull uagb-is-root-container\"><div class=\"uagb-container-inner-blocks-wrap\">\n<div class=\"wp-block-uagb-container uagb-block-b828165b\">\n<figure class=\"wp-block-image size-large\"><img loading=\"lazy\" decoding=\"async\" width=\"1024\" height=\"768\" src=\"https:\/\/www.xinhaowelding.com\/wp-content\/uploads\/2024\/11\/\u7ec6\u82824-5-1024x768.jpg\" alt=\"\" class=\"wp-image-3920\" srcset=\"https:\/\/www.xinhaowelding.com\/wp-content\/uploads\/2024\/11\/\u7ec6\u82824-5-1024x768.jpg 1024w, https:\/\/www.xinhaowelding.com\/wp-content\/uploads\/2024\/11\/\u7ec6\u82824-5-300x225.jpg 300w, https:\/\/www.xinhaowelding.com\/wp-content\/uploads\/2024\/11\/\u7ec6\u82824-5-768x576.jpg 768w, https:\/\/www.xinhaowelding.com\/wp-content\/uploads\/2024\/11\/\u7ec6\u82824-5-1536x1152.jpg 1536w, https:\/\/www.xinhaowelding.com\/wp-content\/uploads\/2024\/11\/\u7ec6\u82824-5-16x12.jpg 16w, https:\/\/www.xinhaowelding.com\/wp-content\/uploads\/2024\/11\/\u7ec6\u82824-5-600x450.jpg 600w, https:\/\/www.xinhaowelding.com\/wp-content\/uploads\/2024\/11\/\u7ec6\u82824-5.jpg 1600w\" sizes=\"(max-width: 1024px) 100vw, 1024px\" \/><\/figure>\n<\/div>\n\n\n\n<div class=\"wp-block-uagb-container uagb-block-30eeac05\">\n<p class=\"has-large-font-size\"><strong><strong><strong><strong>Excellente performance<\/strong><\/strong><\/strong><\/strong><\/p>\n\n\n\n<div class=\"wp-block-group is-layout-constrained wp-block-group-is-layout-constrained\">\n<p>Diverses sp\u00e9cifications sont disponibles<\/p>\n\n\n\n<p>La structure entre le bras transversal et la poutre et le poteau est solide.<\/p>\n\n\n\n<p>N\u00e9cessaire pour assurer un soudage pr\u00e9cis<\/p>\n\n\n\n<p>Soutien pr\u00e9cis et stabilit\u00e9<\/p>\n<\/div>\n<\/div>\n<\/div><\/div>\n\n\n\n<h2 class=\"wp-block-heading has-large-font-size\"><strong>\u4ea7\u54c1\u89e3\u6790<\/strong><\/h2>\n\n\n\n<h2 class=\"wp-block-heading has-large-font-size\"><strong>Analyse des produits<\/strong><\/h2>\n\n\n\n<div class=\"wp-block-uagb-container uagb-block-38bc0b7c alignfull uagb-is-root-container\"><div class=\"uagb-container-inner-blocks-wrap\">\n<figure class=\"wp-block-image size-full\"><img loading=\"lazy\" decoding=\"async\" width=\"1006\" height=\"820\" src=\"https:\/\/www.xinhaowelding.com\/wp-content\/uploads\/2024\/11\/\u91cd\u578b\u710a\u63a5\u64cd\u4f5c\u673a\u89e3\u6790.png\" alt=\"\" class=\"wp-image-3921\" srcset=\"https:\/\/www.xinhaowelding.com\/wp-content\/uploads\/2024\/11\/\u91cd\u578b\u710a\u63a5\u64cd\u4f5c\u673a\u89e3\u6790.png 1006w, https:\/\/www.xinhaowelding.com\/wp-content\/uploads\/2024\/11\/\u91cd\u578b\u710a\u63a5\u64cd\u4f5c\u673a\u89e3\u6790-300x245.png 300w, https:\/\/www.xinhaowelding.com\/wp-content\/uploads\/2024\/11\/\u91cd\u578b\u710a\u63a5\u64cd\u4f5c\u673a\u89e3\u6790-768x626.png 768w, https:\/\/www.xinhaowelding.com\/wp-content\/uploads\/2024\/11\/\u91cd\u578b\u710a\u63a5\u64cd\u4f5c\u673a\u89e3\u6790-15x12.png 15w, https:\/\/www.xinhaowelding.com\/wp-content\/uploads\/2024\/11\/\u91cd\u578b\u710a\u63a5\u64cd\u4f5c\u673a\u89e3\u6790-600x489.png 600w\" sizes=\"(max-width: 1006px) 100vw, 1006px\" \/><\/figure>\n<\/div><\/div>\n\n\n\n<h2 class=\"wp-block-heading has-large-font-size\"><strong>\u73b0\u573a\u5b9e\u62cd<\/strong><\/h2>\n\n\n\n<h2 class=\"wp-block-heading has-large-font-size\"><strong>Prise de vue en direct<\/strong><\/h2>\n\n\n\n<div class=\"wp-block-uagb-container uagb-block-f4ddac65 alignfull uagb-is-root-container\"><div class=\"uagb-container-inner-blocks-wrap\">\n<div class=\"wp-block-uagb-container uagb-block-0f081d05\">\n<figure class=\"wp-block-image size-large\"><img loading=\"lazy\" decoding=\"async\" width=\"494\" height=\"1024\" src=\"https:\/\/www.xinhaowelding.com\/wp-content\/uploads\/2024\/11\/\u5b9e\u62cd1-494x1024.jpg\" alt=\"\" class=\"wp-image-3922\" srcset=\"https:\/\/www.xinhaowelding.com\/wp-content\/uploads\/2024\/11\/\u5b9e\u62cd1-494x1024.jpg 494w, https:\/\/www.xinhaowelding.com\/wp-content\/uploads\/2024\/11\/\u5b9e\u62cd1-145x300.jpg 145w, https:\/\/www.xinhaowelding.com\/wp-content\/uploads\/2024\/11\/\u5b9e\u62cd1-741x1536.jpg 741w, https:\/\/www.xinhaowelding.com\/wp-content\/uploads\/2024\/11\/\u5b9e\u62cd1-6x12.jpg 6w, https:\/\/www.xinhaowelding.com\/wp-content\/uploads\/2024\/11\/\u5b9e\u62cd1-600x1243.jpg 600w, https:\/\/www.xinhaowelding.com\/wp-content\/uploads\/2024\/11\/\u5b9e\u62cd1.jpg 750w\" sizes=\"(max-width: 494px) 100vw, 494px\" \/><\/figure>\n<\/div>\n\n\n\n<div class=\"wp-block-uagb-container uagb-block-c0cd9ac9\">\n<figure class=\"wp-block-image size-large\"><img loading=\"lazy\" decoding=\"async\" width=\"494\" height=\"1024\" src=\"https:\/\/www.xinhaowelding.com\/wp-content\/uploads\/2024\/11\/\u5b9e\u62cd2-494x1024.jpg\" alt=\"\" class=\"wp-image-3923\" srcset=\"https:\/\/www.xinhaowelding.com\/wp-content\/uploads\/2024\/11\/\u5b9e\u62cd2-494x1024.jpg 494w, https:\/\/www.xinhaowelding.com\/wp-content\/uploads\/2024\/11\/\u5b9e\u62cd2-145x300.jpg 145w, https:\/\/www.xinhaowelding.com\/wp-content\/uploads\/2024\/11\/\u5b9e\u62cd2-741x1536.jpg 741w, https:\/\/www.xinhaowelding.com\/wp-content\/uploads\/2024\/11\/\u5b9e\u62cd2-6x12.jpg 6w, https:\/\/www.xinhaowelding.com\/wp-content\/uploads\/2024\/11\/\u5b9e\u62cd2-600x1243.jpg 600w, https:\/\/www.xinhaowelding.com\/wp-content\/uploads\/2024\/11\/\u5b9e\u62cd2.jpg 750w\" sizes=\"(max-width: 494px) 100vw, 494px\" \/><\/figure>\n<\/div>\n<\/div><\/div>\n\n\n\n<p><a href=\"http:\/\/www.google.com\" title=\"www.google.com\">www.google.com<\/a><\/p>","protected":false},"excerpt":{"rendered":"<p><strong>Manipulateur de soudage automatique pour charges lourdes - Robot de soudage de qualit\u00e9 industrielle pour la fabrication \u00e0 grande \u00e9chelle, avec commande CNC de pr\u00e9cision et grande capacit\u00e9 de charge.<\/strong><\/p>","protected":false},"featured_media":3267,"comment_status":"open","ping_status":"closed","template":"","meta":{"om_disable_all_campaigns":false,"_uag_custom_page_level_css":"","_monsterinsights_skip_tracking":false,"_monsterinsights_sitenote_active":false,"_monsterinsights_sitenote_note":"","_monsterinsights_sitenote_category":0,"site-sidebar-layout":"default","site-content-layout":"","ast-site-content-layout":"default","site-content-style":"default","site-sidebar-style":"default","ast-global-header-display":"","ast-banner-title-visibility":"","ast-main-header-display":"","ast-hfb-above-header-display":"","ast-hfb-below-header-display":"","ast-hfb-mobile-header-display":"","site-post-title":"","ast-breadcrumbs-content":"","ast-featured-img":"","footer-sml-layout":"","theme-transparent-header-meta":"default","adv-header-id-meta":"","stick-header-meta":"","header-above-stick-meta":"","header-main-stick-meta":"","header-below-stick-meta":"","astra-migrate-meta-layouts":"set","ast-page-background-enabled":"default","ast-page-background-meta":{"desktop":{"background-color":"","background-image":"","background-repeat":"repeat","background-position":"center center","background-size":"auto","background-attachment":"scroll","background-type":"","background-media":"","overlay-type":"","overlay-color":"","overlay-opacity":"","overlay-gradient":""},"tablet":{"background-color":"","background-image":"","background-repeat":"repeat","background-position":"center center","background-size":"auto","background-attachment":"scroll","background-type":"","background-media":"","overlay-type":"","overlay-color":"","overlay-opacity":"","overlay-gradient":""},"mobile":{"background-color":"","background-image":"","background-repeat":"repeat","background-position":"center center","background-size":"auto","background-attachment":"scroll","background-type":"","background-media":"","overlay-type":"","overlay-color":"","overlay-opacity":"","overlay-gradient":""}},"ast-content-background-meta":{"desktop":{"background-color":"var(--ast-global-color-5)","background-image":"","background-repeat":"repeat","background-position":"center center","background-size":"auto","background-attachment":"scroll","background-type":"","background-media":"","overlay-type":"","overlay-color":"","overlay-opacity":"","overlay-gradient":""},"tablet":{"background-color":"var(--ast-global-color-5)","background-image":"","background-repeat":"repeat","background-position":"center center","background-size":"auto","background-attachment":"scroll","background-type":"","background-media":"","overlay-type":"","overlay-color":"","overlay-opacity":"","overlay-gradient":""},"mobile":{"background-color":"var(--ast-global-color-5)","background-image":"","background-repeat":"repeat","background-position":"center center","background-size":"auto","background-attachment":"scroll","background-type":"","background-media":"","overlay-type":"","overlay-color":"","overlay-opacity":"","overlay-gradient":""}}},"product_brand":[],"product_cat":[77,78],"product_tag":[],"class_list":{"0":"post-3266","1":"product","2":"type-product","3":"status-publish","4":"has-post-thumbnail","6":"product_cat-heavy-operator","7":"product_cat-submerged-arc-welding-operator","8":"desktop-align-left","9":"tablet-align-left","10":"mobile-align-left","12":"first","13":"instock","14":"shipping-taxable","15":"product-type-simple"},"aioseo_notices":[],"uagb_featured_image_src":{"full":["https:\/\/www.xinhaowelding.com\/wp-content\/uploads\/2024\/11\/\u753b\u677f-1-1.png",800,800,false],"thumbnail":["https:\/\/www.xinhaowelding.com\/wp-content\/uploads\/2024\/11\/\u753b\u677f-1-1-150x150.png",150,150,true],"medium":["https:\/\/www.xinhaowelding.com\/wp-content\/uploads\/2024\/11\/\u753b\u677f-1-1-300x300.png",300,300,true],"medium_large":["https:\/\/www.xinhaowelding.com\/wp-content\/uploads\/2024\/11\/\u753b\u677f-1-1-768x768.png",768,768,true],"large":["https:\/\/www.xinhaowelding.com\/wp-content\/uploads\/2024\/11\/\u753b\u677f-1-1.png",800,800,false],"1536x1536":["https:\/\/www.xinhaowelding.com\/wp-content\/uploads\/2024\/11\/\u753b\u677f-1-1.png",800,800,false],"2048x2048":["https:\/\/www.xinhaowelding.com\/wp-content\/uploads\/2024\/11\/\u753b\u677f-1-1.png",800,800,false],"trp-custom-language-flag":["https:\/\/www.xinhaowelding.com\/wp-content\/uploads\/2024\/11\/\u753b\u677f-1-1-12x12.png",12,12,true],"woocommerce_thumbnail":["https:\/\/www.xinhaowelding.com\/wp-content\/uploads\/2024\/11\/\u753b\u677f-1-1-600x600.png",600,600,true],"woocommerce_single":["https:\/\/www.xinhaowelding.com\/wp-content\/uploads\/2024\/11\/\u753b\u677f-1-1-600x600.png",600,600,true],"woocommerce_gallery_thumbnail":["https:\/\/www.xinhaowelding.com\/wp-content\/uploads\/2024\/11\/\u753b\u677f-1-1-100x100.png",100,100,true]},"uagb_author_info":{"display_name":"jinxing6611@gmail.com","author_link":"https:\/\/www.xinhaowelding.com\/fr\/author\/"},"uagb_comment_info":0,"uagb_excerpt":"Heavy Duty Automatic Welding Manipulator - Industrial-grade robotic welder for large-scale fabrication with precision CNC control and high load capacity.","_links":{"self":[{"href":"https:\/\/www.xinhaowelding.com\/fr\/wp-json\/wp\/v2\/product\/3266","targetHints":{"allow":["GET"]}}],"collection":[{"href":"https:\/\/www.xinhaowelding.com\/fr\/wp-json\/wp\/v2\/product"}],"about":[{"href":"https:\/\/www.xinhaowelding.com\/fr\/wp-json\/wp\/v2\/types\/product"}],"replies":[{"embeddable":true,"href":"https:\/\/www.xinhaowelding.com\/fr\/wp-json\/wp\/v2\/comments?post=3266"}],"wp:featuredmedia":[{"embeddable":true,"href":"https:\/\/www.xinhaowelding.com\/fr\/wp-json\/wp\/v2\/media\/3267"}],"wp:attachment":[{"href":"https:\/\/www.xinhaowelding.com\/fr\/wp-json\/wp\/v2\/media?parent=3266"}],"wp:term":[{"taxonomy":"product_brand","embeddable":true,"href":"https:\/\/www.xinhaowelding.com\/fr\/wp-json\/wp\/v2\/product_brand?post=3266"},{"taxonomy":"product_cat","embeddable":true,"href":"https:\/\/www.xinhaowelding.com\/fr\/wp-json\/wp\/v2\/product_cat?post=3266"},{"taxonomy":"product_tag","embeddable":true,"href":"https:\/\/www.xinhaowelding.com\/fr\/wp-json\/wp\/v2\/product_tag?post=3266"}],"curies":[{"name":"wp","href":"https:\/\/api.w.org\/{rel}","templated":true}]}}