{"id":3569,"date":"2024-11-26T11:59:39","date_gmt":"2024-11-26T11:59:39","guid":{"rendered":"https:\/\/www.xinhaowelding.com\/?post_type=product&#038;p=3569"},"modified":"2025-04-09T01:18:28","modified_gmt":"2025-04-09T01:18:28","slug":"welding-rotator","status":"publish","type":"product","link":"https:\/\/www.xinhaowelding.com\/fr\/produit\/welding-rotator\/","title":{"rendered":"Rotateur de soudage"},"content":{"rendered":"<h1 class=\"wp-block-heading\"><strong><b><a href=\"https:\/\/www.xinhaowelding.com\/fr\/produit\/welding-rotator\/\" title=\"\u710a\u63a5\u8f6c\u53f0\">\u710a\u63a5\u8f6c\u53f0<\/a><\/b><\/strong><\/h1>\n\n\n\n<h1 class=\"wp-block-heading\">Table tournante de soudage<\/h1>\n\n\n\n<p>&nbsp;<\/p>\n\n\n\n<h2 class=\"wp-block-heading\"> <strong>R\u00e9sistance aux interf\u00e9rences \u00e0 haute fr\u00e9quence<\/strong>:<\/h2>\n\n\n\n<p>Notre plateau tournant de soudage est con\u00e7u avec une technologie anti-interf\u00e9rence avanc\u00e9e, qui r\u00e9duit efficacement les interf\u00e9rences \u00e0 haute fr\u00e9quence g\u00e9n\u00e9r\u00e9es pendant le soudage TIG. Cela garantit un courant et une tension de soudage stables, ce qui se traduit par une meilleure qualit\u00e9 de soudage et moins de d\u00e9fauts.<\/p>\n\n\n\n<h2 class=\"wp-block-heading\"><strong>Luminaires personnalisables<\/strong>:<\/h2>\n\n\n\n<p> Nous proposons une vari\u00e9t\u00e9 de dispositifs sur mesure pour r\u00e9pondre aux diff\u00e9rents besoins de serrage des pi\u00e8ces \u00e0 usiner. Ces dispositifs sont faciles \u00e0 installer et \u00e0 retirer, ce qui permet des changements rapides entre les diff\u00e9rents travaux. En outre, nous pouvons concevoir et fabriquer des montages sp\u00e9ciaux en fonction de vos besoins sp\u00e9cifiques.<\/p>\n\n\n\n<h2 class=\"wp-block-heading\"><strong>La s\u00e9curit\u00e9 - la premi\u00e8re conception<\/strong>: <\/h2>\n\n\n\n<p>Le plateau tournant de soudage est \u00e9quip\u00e9 de nombreux dispositifs de s\u00e9curit\u00e9, tels que des boutons d'arr\u00eat d'urgence, des barri\u00e8res de protection et une protection contre les surcharges. Ces dispositifs garantissent la s\u00e9curit\u00e9 des op\u00e9rateurs et \u00e9vitent d'endommager l'\u00e9quipement en cas de situations inattendues.<\/p>\n\n\n\n<p><strong>Applications<\/strong><br>Ce plateau tournant de soudage est largement utilis\u00e9 dans diverses industries, notamment :<\/p>\n\n\n\n<p><strong>Fabrication de structures m\u00e9talliques<\/strong>: Pour le soudage de poutres, de colonnes et d'autres structures m\u00e9talliques.<\/p>\n\n\n\n<p><strong>Fabrication automobile<\/strong>: Pour le soudage des carrosseries, des ch\u00e2ssis et d'autres composants.<\/p>\n\n\n\n<p><strong>Fabrication d'appareils \u00e0 pression<\/strong>: Dans la production de chaudi\u00e8res, de r\u00e9servoirs et d'autres r\u00e9cipients sous pression.<\/p>\n\n\n\n<p>Le plateau tournant de soudage est g\u00e9n\u00e9ralement fix\u00e9 \u00e0 l'horizontale, il n'est pas n\u00e9cessaire de le retourner, la rotation horizontale de la table assure une bonne stabilit\u00e9.<\/p>\n\n\n\n<p> Le plateau tournant produit par notre soci\u00e9t\u00e9 peut \u00eatre personnalis\u00e9 en fonction des besoins du client, et la distance entre le plan de travail et le sol est faible.<\/p>\n\n\n\n<p> Le moteur peut \u00eatre \u00e9quip\u00e9 d'un moteur \u00e0 courant continu, d'un moteur \u00e0 courant alternatif, d'un moteur pas \u00e0 pas ou d'un servomoteur.<\/p>\n\n\n\n<p> Il peut \u00eatre associ\u00e9 \u00e0 un mandrin de soudage, \u00e0 un support de pistolet de soudage et \u00e0 un percuteur de soudage, ce qui permet d'obtenir un soudage automatique.<\/p>\n\n\n\n<p>&nbsp;<\/p>\n\n\n\n<figure class=\"wp-block-table\"><table class=\"has-fixed-layout\"><tbody><tr><td><strong><b>Num\u00e9ro de mod\u00e8le<\/b><\/strong><\/td><td><strong><b>ZT-100<\/b><\/strong><\/td><td><strong><b>ZT-300<\/b><\/strong><\/td><td><strong><b>ZT-600<\/b><\/strong><\/td><td><strong><b>ZT-1T<\/b><\/strong><\/td><\/tr><tr><td>charge<\/td><td>100KG<\/td><td>300KG<\/td><td>600KG<\/td><td>1000KG<\/td><\/tr><tr><td>Altitude<\/td><td>400mm<\/td><td>450mm<\/td><td>500mm<\/td><td>600mm<\/td><\/tr><tr><td>Machine \u00e9lectrique<\/td><td>Dc 120W<\/td><td>Moteur \u00e0 courant continu ou moteur pas \u00e0 pas<\/td><td>Moteur \u00e0 courant continu ou moteur pas \u00e0 pas<\/td><td>Moteur pas \u00e0 pas<\/td><\/tr><tr><td>poids<\/td><td>45KG<\/td><td>90KG<\/td><td>180KG<\/td><td>240KG<\/td><\/tr><tr><td>Diam\u00e8tre de travail<\/td><td>360mm<\/td><td>500mm<\/td><td>650mm<\/td><td>1000mm<\/td><\/tr><tr><td>Dimension globale<\/td><td>450*450*400mm<\/td><td>530*530*450mm<\/td><td>600*600*500mm<\/td><td>1000*1000*600mm<\/td><\/tr><\/tbody><\/table><\/figure>\n\n\n\n<figure class=\"wp-block-image\"><img fetchpriority=\"high\" decoding=\"async\" width=\"3000\" height=\"750\" src=\"https:\/\/www.xinhaowelding.com\/wp-content\/uploads\/2024\/11\/\u5c55\u793a.png\" alt=\"\" class=\"wp-image-3798\" srcset=\"https:\/\/www.xinhaowelding.com\/wp-content\/uploads\/2024\/11\/\u5c55\u793a.png 3000w, https:\/\/www.xinhaowelding.com\/wp-content\/uploads\/2024\/11\/\u5c55\u793a-300x75.png 300w, https:\/\/www.xinhaowelding.com\/wp-content\/uploads\/2024\/11\/\u5c55\u793a-1024x256.png 1024w, https:\/\/www.xinhaowelding.com\/wp-content\/uploads\/2024\/11\/\u5c55\u793a-768x192.png 768w, https:\/\/www.xinhaowelding.com\/wp-content\/uploads\/2024\/11\/\u5c55\u793a-1536x384.png 1536w, https:\/\/www.xinhaowelding.com\/wp-content\/uploads\/2024\/11\/\u5c55\u793a-2048x512.png 2048w, https:\/\/www.xinhaowelding.com\/wp-content\/uploads\/2024\/11\/\u5c55\u793a-18x5.png 18w, https:\/\/www.xinhaowelding.com\/wp-content\/uploads\/2024\/11\/\u5c55\u793a-600x150.png 600w\" sizes=\"(max-width: 3000px) 100vw, 3000px\" \/><\/figure>\n\n\n\n<p><\/p>\n\n\n\n<figure class=\"wp-block-image\"><img decoding=\"async\" width=\"2023\" height=\"558\" src=\"https:\/\/www.xinhaowelding.com\/wp-content\/uploads\/2024\/11\/\u4ea4\u6d41\u7535\u673a.png\" alt=\"\" class=\"wp-image-3806\" srcset=\"https:\/\/www.xinhaowelding.com\/wp-content\/uploads\/2024\/11\/\u4ea4\u6d41\u7535\u673a.png 2023w, https:\/\/www.xinhaowelding.com\/wp-content\/uploads\/2024\/11\/\u4ea4\u6d41\u7535\u673a-300x83.png 300w, https:\/\/www.xinhaowelding.com\/wp-content\/uploads\/2024\/11\/\u4ea4\u6d41\u7535\u673a-1024x282.png 1024w, https:\/\/www.xinhaowelding.com\/wp-content\/uploads\/2024\/11\/\u4ea4\u6d41\u7535\u673a-768x212.png 768w, https:\/\/www.xinhaowelding.com\/wp-content\/uploads\/2024\/11\/\u4ea4\u6d41\u7535\u673a-1536x424.png 1536w, https:\/\/www.xinhaowelding.com\/wp-content\/uploads\/2024\/11\/\u4ea4\u6d41\u7535\u673a-18x5.png 18w, https:\/\/www.xinhaowelding.com\/wp-content\/uploads\/2024\/11\/\u4ea4\u6d41\u7535\u673a-600x165.png 600w\" sizes=\"(max-width: 2023px) 100vw, 2023px\" \/><\/figure>\n\n\n\n<p><\/p>\n\n\n\n<p class=\"has-text-align-center\">Plaque tournante de soudage \u00e0 moteur \u00e0 courant alternatif Plaque tournante de soudage \u00e0 servomoteur sur mesure<\/p>\n\n\n\n<h2 class=\"wp-block-heading\">&nbsp;<\/h2>\n\n\n\n<h2 class=\"wp-block-heading\"><strong><u><b>\u4ea7\u54c1\u7ec6\u8282<\/b><\/u><\/strong><\/h2>\n\n\n\n<h2 class=\"wp-block-heading\"><strong><b>D\u00e9tails du produit<\/b><\/strong><\/h2>\n\n\n\n<p><\/p>\n\n\n\n<div class=\"wp-block-uagb-container uagb-block-a82a89ef alignfull uagb-is-root-container\"><div class=\"uagb-container-inner-blocks-wrap\">\n<div class=\"wp-block-uagb-container uagb-block-8b823450\">\n<figure class=\"wp-block-image size-full\"><img decoding=\"async\" width=\"1600\" height=\"1200\" src=\"https:\/\/www.xinhaowelding.com\/wp-content\/uploads\/2024\/11\/\u7ec6\u82820.jpg\" alt=\"\" class=\"wp-image-3874\" srcset=\"https:\/\/www.xinhaowelding.com\/wp-content\/uploads\/2024\/11\/\u7ec6\u82820.jpg 1600w, https:\/\/www.xinhaowelding.com\/wp-content\/uploads\/2024\/11\/\u7ec6\u82820-300x225.jpg 300w, https:\/\/www.xinhaowelding.com\/wp-content\/uploads\/2024\/11\/\u7ec6\u82820-1024x768.jpg 1024w, https:\/\/www.xinhaowelding.com\/wp-content\/uploads\/2024\/11\/\u7ec6\u82820-768x576.jpg 768w, https:\/\/www.xinhaowelding.com\/wp-content\/uploads\/2024\/11\/\u7ec6\u82820-1536x1152.jpg 1536w, https:\/\/www.xinhaowelding.com\/wp-content\/uploads\/2024\/11\/\u7ec6\u82820-16x12.jpg 16w, https:\/\/www.xinhaowelding.com\/wp-content\/uploads\/2024\/11\/\u7ec6\u82820-600x450.jpg 600w\" sizes=\"(max-width: 1600px) 100vw, 1600px\" \/><\/figure>\n<\/div>\n\n\n\n<div class=\"wp-block-uagb-container uagb-block-cc28b0a0\">\n<p class=\"has-large-font-size\"><strong>Table en fonte<\/strong><\/p>\n\n\n\n<div class=\"wp-block-group is-layout-constrained wp-block-group-is-layout-constrained\">\n<p>Fabriqu\u00e9 en fer fin, avec un trou au centre Forte capacit\u00e9 de charge, s\u00e9lection multi-sp\u00e9cifications<\/p>\n\n\n\n<p>Peut s'adapter \u00e0 diff\u00e9rents types de soudage de pi\u00e8ces<\/p>\n<\/div>\n<\/div>\n<\/div><\/div>\n\n\n\n<div class=\"wp-block-uagb-container uagb-block-8be93bb9 alignfull uagb-is-root-container\"><div class=\"uagb-container-inner-blocks-wrap\">\n<div class=\"wp-block-uagb-container uagb-block-77aa57e9\">\n<figure class=\"wp-block-image size-large\"><img loading=\"lazy\" decoding=\"async\" width=\"1024\" height=\"768\" src=\"https:\/\/www.xinhaowelding.com\/wp-content\/uploads\/2024\/11\/\u7ec6\u82822-1024x768.jpg\" alt=\"\" class=\"wp-image-3875\" srcset=\"https:\/\/www.xinhaowelding.com\/wp-content\/uploads\/2024\/11\/\u7ec6\u82822-1024x768.jpg 1024w, https:\/\/www.xinhaowelding.com\/wp-content\/uploads\/2024\/11\/\u7ec6\u82822-300x225.jpg 300w, https:\/\/www.xinhaowelding.com\/wp-content\/uploads\/2024\/11\/\u7ec6\u82822-768x576.jpg 768w, https:\/\/www.xinhaowelding.com\/wp-content\/uploads\/2024\/11\/\u7ec6\u82822-1536x1152.jpg 1536w, https:\/\/www.xinhaowelding.com\/wp-content\/uploads\/2024\/11\/\u7ec6\u82822-16x12.jpg 16w, https:\/\/www.xinhaowelding.com\/wp-content\/uploads\/2024\/11\/\u7ec6\u82822-600x450.jpg 600w, https:\/\/www.xinhaowelding.com\/wp-content\/uploads\/2024\/11\/\u7ec6\u82822.jpg 1600w\" sizes=\"(max-width: 1024px) 100vw, 1024px\" \/><\/figure>\n<\/div>\n\n\n\n<div class=\"wp-block-uagb-container uagb-block-dd86a2c2\">\n<p class=\"has-large-font-size\"><strong><strong>Configuration multiple<\/strong><\/strong><\/p>\n\n\n\n<div class=\"wp-block-group is-layout-constrained wp-block-group-is-layout-constrained\">\n<p>Le mandrin de soudage et le wobbler peuvent \u00eatre configur\u00e9s pour une oscillation pr\u00e9cise en vue d'un soudage automatique.<\/p>\n<\/div>\n<\/div>\n<\/div><\/div>\n\n\n\n<div class=\"wp-block-uagb-container uagb-block-d2b05337 alignfull uagb-is-root-container\"><div class=\"uagb-container-inner-blocks-wrap\">\n<div class=\"wp-block-uagb-container uagb-block-268db4b2\">\n<figure class=\"wp-block-image size-large\"><img loading=\"lazy\" decoding=\"async\" width=\"1024\" height=\"768\" src=\"https:\/\/www.xinhaowelding.com\/wp-content\/uploads\/2024\/11\/\u7ec6\u82823-1024x768.jpg\" alt=\"\" class=\"wp-image-3876\" srcset=\"https:\/\/www.xinhaowelding.com\/wp-content\/uploads\/2024\/11\/\u7ec6\u82823-1024x768.jpg 1024w, https:\/\/www.xinhaowelding.com\/wp-content\/uploads\/2024\/11\/\u7ec6\u82823-300x225.jpg 300w, https:\/\/www.xinhaowelding.com\/wp-content\/uploads\/2024\/11\/\u7ec6\u82823-768x576.jpg 768w, https:\/\/www.xinhaowelding.com\/wp-content\/uploads\/2024\/11\/\u7ec6\u82823-1536x1152.jpg 1536w, https:\/\/www.xinhaowelding.com\/wp-content\/uploads\/2024\/11\/\u7ec6\u82823-16x12.jpg 16w, https:\/\/www.xinhaowelding.com\/wp-content\/uploads\/2024\/11\/\u7ec6\u82823-600x450.jpg 600w, https:\/\/www.xinhaowelding.com\/wp-content\/uploads\/2024\/11\/\u7ec6\u82823.jpg 1600w\" sizes=\"(max-width: 1024px) 100vw, 1024px\" \/><\/figure>\n<\/div>\n\n\n\n<div class=\"wp-block-uagb-container uagb-block-c99afdb1\">\n<p class=\"has-large-font-size\"><strong><strong><strong>Bo\u00eete \u00e0 main soud\u00e9e<\/strong><\/strong><\/strong><\/p>\n\n\n\n<div class=\"wp-block-group is-layout-constrained wp-block-group-is-layout-constrained\">\n<p>Fonction d'ajustement clair<\/p>\n\n\n\n<p>Facile \u00e0 utiliser<\/p>\n<\/div>\n<\/div>\n<\/div><\/div>\n\n\n\n<div class=\"wp-block-uagb-container uagb-block-68b86d6c alignfull uagb-is-root-container\"><div class=\"uagb-container-inner-blocks-wrap\">\n<div class=\"wp-block-uagb-container uagb-block-81a71312\">\n<figure class=\"wp-block-image size-large\"><img loading=\"lazy\" decoding=\"async\" width=\"1024\" height=\"768\" src=\"https:\/\/www.xinhaowelding.com\/wp-content\/uploads\/2024\/11\/\u7ec6\u82824-1024x768.jpg\" alt=\"\" class=\"wp-image-3877\" srcset=\"https:\/\/www.xinhaowelding.com\/wp-content\/uploads\/2024\/11\/\u7ec6\u82824-1024x768.jpg 1024w, https:\/\/www.xinhaowelding.com\/wp-content\/uploads\/2024\/11\/\u7ec6\u82824-300x225.jpg 300w, https:\/\/www.xinhaowelding.com\/wp-content\/uploads\/2024\/11\/\u7ec6\u82824-768x576.jpg 768w, https:\/\/www.xinhaowelding.com\/wp-content\/uploads\/2024\/11\/\u7ec6\u82824-1536x1152.jpg 1536w, https:\/\/www.xinhaowelding.com\/wp-content\/uploads\/2024\/11\/\u7ec6\u82824-16x12.jpg 16w, https:\/\/www.xinhaowelding.com\/wp-content\/uploads\/2024\/11\/\u7ec6\u82824-600x450.jpg 600w, https:\/\/www.xinhaowelding.com\/wp-content\/uploads\/2024\/11\/\u7ec6\u82824.jpg 1600w\" sizes=\"(max-width: 1024px) 100vw, 1024px\" \/><\/figure>\n<\/div>\n\n\n\n<div class=\"wp-block-uagb-container uagb-block-cf919e63\">\n<p class=\"has-large-font-size\"><strong><strong><strong><strong>Personnalisation du support<\/strong><\/strong><\/strong><\/strong><\/p>\n\n\n\n<div class=\"wp-block-group is-layout-constrained wp-block-group-is-layout-constrained\">\n<p>Peut \u00eatre personnalis\u00e9 en fonction des besoins du client<\/p>\n<\/div>\n<\/div>\n<\/div><\/div>\n\n\n\n<p>&nbsp;<\/p>\n\n\n\n<h2 class=\"wp-block-heading\"><u>\u4ea7\u54c1\u89e3\u6790\/\u5c3a\u5bf8<\/u><\/h2>\n\n\n\n<h2 class=\"wp-block-heading\">Analyse du produit\/dimensions<\/h2>\n\n\n\n<p>&nbsp;<\/p>\n\n\n\n<div class=\"wp-block-uagb-container uagb-block-30be628a alignfull uagb-is-root-container\"><div class=\"uagb-container-inner-blocks-wrap\">\n<div class=\"wp-block-uagb-container uagb-block-b676e62c\">\n<figure class=\"wp-block-image size-full\"><img loading=\"lazy\" decoding=\"async\" width=\"1000\" height=\"750\" src=\"https:\/\/www.xinhaowelding.com\/wp-content\/uploads\/2024\/11\/300\u5361\u76d8-1.png\" alt=\"\" class=\"wp-image-3817\" srcset=\"https:\/\/www.xinhaowelding.com\/wp-content\/uploads\/2024\/11\/300\u5361\u76d8-1.png 1000w, https:\/\/www.xinhaowelding.com\/wp-content\/uploads\/2024\/11\/300\u5361\u76d8-1-300x225.png 300w, https:\/\/www.xinhaowelding.com\/wp-content\/uploads\/2024\/11\/300\u5361\u76d8-1-768x576.png 768w, https:\/\/www.xinhaowelding.com\/wp-content\/uploads\/2024\/11\/300\u5361\u76d8-1-16x12.png 16w, https:\/\/www.xinhaowelding.com\/wp-content\/uploads\/2024\/11\/300\u5361\u76d8-1-600x450.png 600w\" sizes=\"(max-width: 1000px) 100vw, 1000px\" \/><\/figure>\n<\/div>\n\n\n\n<div class=\"wp-block-uagb-container uagb-block-bec831a4\">\n<div class=\"wp-block-uagb-image uagb-block-ddb9c2b2 wp-block-uagb-image--layout-default wp-block-uagb-image--effect-static wp-block-uagb-image--align-none\"><figure class=\"wp-block-uagb-image__figure\"><img loading=\"lazy\" decoding=\"async\" srcset=\"https:\/\/www.xinhaowelding.com\/wp-content\/uploads\/2024\/11\/\u710a\u67aa\u652f\u67b6.png ,https:\/\/www.xinhaowelding.com\/wp-content\/uploads\/2024\/11\/\u710a\u67aa\u652f\u67b6.png 780w, https:\/\/www.xinhaowelding.com\/wp-content\/uploads\/2024\/11\/\u710a\u67aa\u652f\u67b6.png 360w\" sizes=\"auto, (max-width: 480px) 150px\" src=\"https:\/\/www.xinhaowelding.com\/wp-content\/uploads\/2024\/11\/\u710a\u67aa\u652f\u67b6.png\" alt=\"\" class=\"uag-image-3789\" width=\"1000\" height=\"750\" title=\"\u710a\u67aa\u652f\u67b6\" role=\"img\"\/><\/figure><\/div>\n<\/div>\n\n\n\n<div class=\"wp-block-uagb-container uagb-block-08c4f0fc\">\n<figure class=\"wp-block-image size-full\"><img loading=\"lazy\" decoding=\"async\" width=\"1000\" height=\"750\" src=\"https:\/\/www.xinhaowelding.com\/wp-content\/uploads\/2024\/11\/\u6446\u52a8\u5668.png\" alt=\"\" class=\"wp-image-3807\" srcset=\"https:\/\/www.xinhaowelding.com\/wp-content\/uploads\/2024\/11\/\u6446\u52a8\u5668.png 1000w, https:\/\/www.xinhaowelding.com\/wp-content\/uploads\/2024\/11\/\u6446\u52a8\u5668-300x225.png 300w, https:\/\/www.xinhaowelding.com\/wp-content\/uploads\/2024\/11\/\u6446\u52a8\u5668-768x576.png 768w, https:\/\/www.xinhaowelding.com\/wp-content\/uploads\/2024\/11\/\u6446\u52a8\u5668-16x12.png 16w, https:\/\/www.xinhaowelding.com\/wp-content\/uploads\/2024\/11\/\u6446\u52a8\u5668-600x450.png 600w\" sizes=\"(max-width: 1000px) 100vw, 1000px\" \/><\/figure>\n<\/div>\n\n\n\n<div class=\"wp-block-uagb-container uagb-block-8cba6a27\">\n<p class=\"has-text-align-center\">mandrin<\/p>\n<\/div>\n\n\n\n<div class=\"wp-block-uagb-container uagb-block-9105bd93\">\n<p class=\"has-text-align-center\">&nbsp;Support de torche de soudage<\/p>\n<\/div>\n\n\n\n<div class=\"wp-block-uagb-container uagb-block-2aceabf3\">\n<p class=\"has-text-align-center\">oscillateur<\/p>\n<\/div>\n<\/div><\/div>\n\n\n\n<p>&nbsp;&nbsp;<\/p>\n\n\n\n<p>&nbsp;<\/p>\n\n\n\n<h2 class=\"wp-block-heading\"><u>\u73b0\u573a\u5b9e\u62cd<\/u><\/h2>\n\n\n\n<h2 class=\"wp-block-heading\">Prise de vue en direct<\/h2>\n\n\n\n<figure class=\"wp-block-image\"><img loading=\"lazy\" decoding=\"async\" width=\"1600\" height=\"2121\" src=\"https:\/\/www.xinhaowelding.com\/wp-content\/uploads\/2024\/11\/\u5b9e\u62cd-1.png\" alt=\"\" class=\"wp-image-3804\" srcset=\"https:\/\/www.xinhaowelding.com\/wp-content\/uploads\/2024\/11\/\u5b9e\u62cd-1.png 1600w, https:\/\/www.xinhaowelding.com\/wp-content\/uploads\/2024\/11\/\u5b9e\u62cd-1-226x300.png 226w, https:\/\/www.xinhaowelding.com\/wp-content\/uploads\/2024\/11\/\u5b9e\u62cd-1-772x1024.png 772w, https:\/\/www.xinhaowelding.com\/wp-content\/uploads\/2024\/11\/\u5b9e\u62cd-1-768x1018.png 768w, https:\/\/www.xinhaowelding.com\/wp-content\/uploads\/2024\/11\/\u5b9e\u62cd-1-1159x1536.png 1159w, https:\/\/www.xinhaowelding.com\/wp-content\/uploads\/2024\/11\/\u5b9e\u62cd-1-1545x2048.png 1545w, https:\/\/www.xinhaowelding.com\/wp-content\/uploads\/2024\/11\/\u5b9e\u62cd-1-9x12.png 9w, https:\/\/www.xinhaowelding.com\/wp-content\/uploads\/2024\/11\/\u5b9e\u62cd-1-600x795.png 600w\" sizes=\"(max-width: 1600px) 100vw, 1600px\" \/><\/figure>\n\n\n\n<p class=\"has-text-align-center\"><a href=\"http:\/\/www.google.com\" title=\"www.google.com\">www.google.com<\/a><\/p>\n\n\n\n<p><\/p>","protected":false},"excerpt":{"rendered":"<p><strong>Plateau tournant de soudage de haute pr\u00e9cision - Positionneur rotatif \u00e0 360\u00b0 pour le soudage \u00e0 l'arc\/TIG\/MIG | Construction robuste en acier | Mod\u00e8les manuel\/automatique disponibles<\/strong><\/p>","protected":false},"featured_media":3570,"comment_status":"open","ping_status":"closed","template":"","meta":{"om_disable_all_campaigns":false,"_uag_custom_page_level_css":"","_monsterinsights_skip_tracking":false,"_monsterinsights_sitenote_active":false,"_monsterinsights_sitenote_note":"","_monsterinsights_sitenote_category":0,"site-sidebar-layout":"default","site-content-layout":"","ast-site-content-layout":"default","site-content-style":"default","site-sidebar-style":"default","ast-global-header-display":"","ast-banner-title-visibility":"","ast-main-header-display":"","ast-hfb-above-header-display":"","ast-hfb-below-header-display":"","ast-hfb-mobile-header-display":"","site-post-title":"","ast-breadcrumbs-content":"","ast-featured-img":"","footer-sml-layout":"","theme-transparent-header-meta":"default","adv-header-id-meta":"","stick-header-meta":"","header-above-stick-meta":"","header-main-stick-meta":"","header-below-stick-meta":"","astra-migrate-meta-layouts":"set","ast-page-background-enabled":"default","ast-page-background-meta":{"desktop":{"background-color":"","background-image":"","background-repeat":"repeat","background-position":"center center","background-size":"auto","background-attachment":"scroll","background-type":"","background-media":"","overlay-type":"","overlay-color":"","overlay-opacity":"","overlay-gradient":""},"tablet":{"background-color":"","background-image":"","background-repeat":"repeat","background-position":"center center","background-size":"auto","background-attachment":"scroll","background-type":"","background-media":"","overlay-type":"","overlay-color":"","overlay-opacity":"","overlay-gradient":""},"mobile":{"background-color":"","background-image":"","background-repeat":"repeat","background-position":"center center","background-size":"auto","background-attachment":"scroll","background-type":"","background-media":"","overlay-type":"","overlay-color":"","overlay-opacity":"","overlay-gradient":""}},"ast-content-background-meta":{"desktop":{"background-color":"var(--ast-global-color-5)","background-image":"","background-repeat":"repeat","background-position":"center center","background-size":"auto","background-attachment":"scroll","background-type":"","background-media":"","overlay-type":"","overlay-color":"","overlay-opacity":"","overlay-gradient":""},"tablet":{"background-color":"var(--ast-global-color-5)","background-image":"","background-repeat":"repeat","background-position":"center center","background-size":"auto","background-attachment":"scroll","background-type":"","background-media":"","overlay-type":"","overlay-color":"","overlay-opacity":"","overlay-gradient":""},"mobile":{"background-color":"var(--ast-global-color-5)","background-image":"","background-repeat":"repeat","background-position":"center center","background-size":"auto","background-attachment":"scroll","background-type":"","background-media":"","overlay-type":"","overlay-color":"","overlay-opacity":"","overlay-gradient":""}}},"product_brand":[],"product_cat":[59],"product_tag":[],"class_list":{"0":"post-3569","1":"product","2":"type-product","3":"status-publish","4":"has-post-thumbnail","6":"product_cat-welding-rotator","7":"desktop-align-left","8":"tablet-align-left","9":"mobile-align-left","11":"first","12":"instock","13":"shipping-taxable","14":"product-type-simple"},"aioseo_notices":[],"uagb_featured_image_src":{"full":["https:\/\/www.xinhaowelding.com\/wp-content\/uploads\/2024\/11\/\u753b\u677f-4-2.png",800,800,false],"thumbnail":["https:\/\/www.xinhaowelding.com\/wp-content\/uploads\/2024\/11\/\u753b\u677f-4-2-150x150.png",150,150,true],"medium":["https:\/\/www.xinhaowelding.com\/wp-content\/uploads\/2024\/11\/\u753b\u677f-4-2-300x300.png",300,300,true],"medium_large":["https:\/\/www.xinhaowelding.com\/wp-content\/uploads\/2024\/11\/\u753b\u677f-4-2-768x768.png",768,768,true],"large":["https:\/\/www.xinhaowelding.com\/wp-content\/uploads\/2024\/11\/\u753b\u677f-4-2.png",800,800,false],"1536x1536":["https:\/\/www.xinhaowelding.com\/wp-content\/uploads\/2024\/11\/\u753b\u677f-4-2.png",800,800,false],"2048x2048":["https:\/\/www.xinhaowelding.com\/wp-content\/uploads\/2024\/11\/\u753b\u677f-4-2.png",800,800,false],"trp-custom-language-flag":["https:\/\/www.xinhaowelding.com\/wp-content\/uploads\/2024\/11\/\u753b\u677f-4-2-12x12.png",12,12,true],"woocommerce_thumbnail":["https:\/\/www.xinhaowelding.com\/wp-content\/uploads\/2024\/11\/\u753b\u677f-4-2-600x600.png",600,600,true],"woocommerce_single":["https:\/\/www.xinhaowelding.com\/wp-content\/uploads\/2024\/11\/\u753b\u677f-4-2-600x600.png",600,600,true],"woocommerce_gallery_thumbnail":["https:\/\/www.xinhaowelding.com\/wp-content\/uploads\/2024\/11\/\u753b\u677f-4-2-100x100.png",100,100,true]},"uagb_author_info":{"display_name":"jinxing6611@gmail.com","author_link":"https:\/\/www.xinhaowelding.com\/fr\/author\/"},"uagb_comment_info":0,"uagb_excerpt":"High-Precision Welding Turntable - 360\u00b0 Rotating Positioner for Arc\/TIG\/MIG Welding | Sturdy Steel Construction | Manual\/Auto Models Available","_links":{"self":[{"href":"https:\/\/www.xinhaowelding.com\/fr\/wp-json\/wp\/v2\/product\/3569","targetHints":{"allow":["GET"]}}],"collection":[{"href":"https:\/\/www.xinhaowelding.com\/fr\/wp-json\/wp\/v2\/product"}],"about":[{"href":"https:\/\/www.xinhaowelding.com\/fr\/wp-json\/wp\/v2\/types\/product"}],"replies":[{"embeddable":true,"href":"https:\/\/www.xinhaowelding.com\/fr\/wp-json\/wp\/v2\/comments?post=3569"}],"wp:featuredmedia":[{"embeddable":true,"href":"https:\/\/www.xinhaowelding.com\/fr\/wp-json\/wp\/v2\/media\/3570"}],"wp:attachment":[{"href":"https:\/\/www.xinhaowelding.com\/fr\/wp-json\/wp\/v2\/media?parent=3569"}],"wp:term":[{"taxonomy":"product_brand","embeddable":true,"href":"https:\/\/www.xinhaowelding.com\/fr\/wp-json\/wp\/v2\/product_brand?post=3569"},{"taxonomy":"product_cat","embeddable":true,"href":"https:\/\/www.xinhaowelding.com\/fr\/wp-json\/wp\/v2\/product_cat?post=3569"},{"taxonomy":"product_tag","embeddable":true,"href":"https:\/\/www.xinhaowelding.com\/fr\/wp-json\/wp\/v2\/product_tag?post=3569"}],"curies":[{"name":"wp","href":"https:\/\/api.w.org\/{rel}","templated":true}]}}