{"id":4187,"date":"2024-12-07T02:11:43","date_gmt":"2024-12-07T02:11:43","guid":{"rendered":"https:\/\/www.xinhaowelding.com\/?post_type=product&#038;p=4187"},"modified":"2025-04-02T00:56:37","modified_gmt":"2025-04-02T00:56:37","slug":"heavy-duty-self-aligning-roller-stand","status":"publish","type":"product","link":"https:\/\/www.xinhaowelding.com\/fr\/produit\/heavy-duty-self-aligning-roller-stand\/","title":{"rendered":"Rotateurs de soudage auto-ajustables | Supports \u00e0 rouleaux robustes"},"content":{"rendered":"<h2 class=\"wp-block-heading\"><strong><a href=\"https:\/\/www.xinhaowelding.com\/fr\/produit\/heavy-duty-self-aligning-roller-stand\/\" title=\"\u91cd\u578b\u81ea\u8c03\u6eda\u8f6e\u67b6\">\u91cd\u578b\u81ea\u8c03\u6eda\u8f6e\u67b6<\/a><\/strong><\/h2>\n\n\n\n<h2 class=\"wp-block-heading\">Support \u00e0 rouleaux auto-alignants robustes<\/h2>\n\n\n\n<p> Conception et structure<\/p>\n\n\n\n<ul class=\"wp-block-list\">\n<li><strong>M\u00e9canisme d'auto-ajustement<\/strong>: Le ch\u00e2ssis des rouleaux est \u00e9quip\u00e9 d'un m\u00e9canisme auto-r\u00e9glable qui s'adapte automatiquement au diam\u00e8tre de la pi\u00e8ce \u00e0 usiner. Cela garantit que la pi\u00e8ce est toujours centr\u00e9e et maintenue fermement par les rouleaux, quelle que soit sa taille.<\/li>\n\n\n\n<li><strong>Construction robuste<\/strong>: Le ch\u00e2ssis est en acier \u00e0 haute r\u00e9sistance, capable de supporter les lourdes charges impos\u00e9es par les grandes pi\u00e8ces. Les rouleaux sont \u00e9galement con\u00e7us dans un souci de durabilit\u00e9, en utilisant des mat\u00e9riaux de haute qualit\u00e9 pour assurer une longue dur\u00e9e de vie.<\/li>\n<\/ul>\n\n\n\n<h4 class=\"wp-block-heading\">Caract\u00e9ristiques de performance<\/h4>\n\n\n\n<p><strong>Anti - Interf\u00e9rence \u00e9lectromagn\u00e9tique<\/strong>: Il est con\u00e7u avec des mesures anti-interf\u00e9rences \u00e9lectromagn\u00e9tiques pour minimiser l'impact des interf\u00e9rences \u00e0 haute fr\u00e9quence pendant le soudage, am\u00e9liorant ainsi la stabilit\u00e9 et la qualit\u00e9 du processus de soudage.<\/p>\n\n\n\n<p><strong>Charge - Capacit\u00e9 de charge<\/strong>: Avec une capacit\u00e9 de charge maximale de [tonnage sp\u00e9cifique], il peut prendre en charge les pi\u00e8ces cylindriques les plus lourdes que l'on rencontre couramment dans l'industrie.<\/p>\n\n\n\n<p><strong>Contr\u00f4le de la vitesse<\/strong>: Le ch\u00e2ssis \u00e0 rouleaux offre un contr\u00f4le pr\u00e9cis de la vitesse, ce qui permet une rotation r\u00e9guli\u00e8re de la pi\u00e8ce \u00e0 souder. La vitesse peut \u00eatre r\u00e9gl\u00e9e en fonction des exigences sp\u00e9cifiques du processus de soudage, ce qui garantit une qualit\u00e9 de soudage optimale.<\/p>\n\n\n\n<p>Le cadre \u00e0 rouleaux produit par notre soci\u00e9t\u00e9 peut \u00eatre divis\u00e9 en trois formes d'auto-ajustement, d'ajustement \u00e0 vis et d'ajustement \u00e0 vis en fonction de la m\u00e9thode d'ajustement.<\/p>\n\n\n\n<p> Choisissez le fameux inverseur, la bo\u00eete de contr\u00f4le de vitesse portable avec ou sans fil, l'affichage num\u00e9rique de la vitesse.<\/p>\n\n\n\n<p> Garantie gratuite d'un an pour le moteur et l'inverseur, transport national.<\/p>\n\n\n\n<figure class=\"wp-block-table\"><table class=\"has-fixed-layout\"><tbody><tr><td><strong>Num\u00e9ro de mod\u00e8le<\/strong><strong><\/strong><\/td><td><strong>charge<\/strong><strong><\/strong><\/td><td><strong>Champ d'application<\/strong><strong><\/strong><\/td><td><strong>Vitesse du rouleau<\/strong><strong><\/strong><\/td><td><strong>Taille du rouleau<\/strong><strong><\/strong><\/td><td><strong>Puissance du moteur<\/strong><strong><\/strong><\/td><td><strong>\u00catre ma\u00eetre de soi<\/strong><strong><\/strong><\/td><\/tr><tr><td>ZT-5<\/td><td>5T<\/td><td>350-2500mm<\/td><td>100-1000mm\/min<\/td><td>\u03a6220*120<\/td><td>2*0,37KW<\/td><td>500KG<\/td><\/tr><tr><td>ZT-10<\/td><td>10T<\/td><td>400-3700mm<\/td><td>100-1000mm\/min<\/td><td>\u03a6250*120<\/td><td>2*0,75KW<\/td><td>500KG<\/td><\/tr><tr><td>ZT-20<\/td><td>20T<\/td><td>600-4000mm<\/td><td>100-1000mm\/min<\/td><td>\u03a6300*140<\/td><td>2*0,75KW<\/td><td>980KG<\/td><\/tr><tr><td>ZT-30(L\u00e9ger)<\/td><td>30T<\/td><td>600-4500mm<\/td><td>100-1000mm\/min<\/td><td>\u03a6350*180<\/td><td>2*0,75KW<\/td><td>1200KG<\/td><\/tr><tr><td>ZT-30(standard)<\/td><td>30T<\/td><td>600-4500mm<\/td><td>100-1000mm\/min<\/td><td>\u03a6350*180<\/td><td>2*1,1KW<\/td><td>1500KG<\/td><\/tr><tr><td>ZT-40<\/td><td>40T<\/td><td>600-4500mm<\/td><td>100-1000mm\/min<\/td><td>\u03a6350*180<\/td><td>2*1,5KW<\/td><td>1600KG<\/td><\/tr><tr><td>ZT-50<\/td><td>50T<\/td><td>750-5000mm<\/td><td>100-1000mm\/min<\/td><td>\u03a6400*200<\/td><td>2*3KW<\/td><td>2000KG<\/td><\/tr><tr><td>ZT-60<\/td><td>60T<\/td><td>800-5000mm<\/td><td>100-1000mm\/min<\/td><td>\u03a6400*200<\/td><td>2*2.2KW<\/td><td>3100KG<\/td><\/tr><tr><td>ZT-100<\/td><td>100T<\/td><td>800-5500mm<\/td><td>100-1000mm\/min<\/td><td>\u03a6500*240<\/td><td>2*3KW<\/td><td>4200KG<\/td><\/tr><\/tbody><\/table><\/figure>\n\n\n\n<div class=\"wp-block-uagb-container uagb-block-7ce634f2 alignfull uagb-is-root-container\"><div class=\"uagb-container-inner-blocks-wrap\">\n<div class=\"wp-block-uagb-container uagb-block-6641adfc\">\n<figure class=\"wp-block-image size-full\"><img fetchpriority=\"high\" decoding=\"async\" width=\"1000\" height=\"800\" src=\"https:\/\/www.xinhaowelding.com\/wp-content\/uploads\/2024\/12\/\u5c553.png\" alt=\"\" class=\"wp-image-4197\" srcset=\"https:\/\/www.xinhaowelding.com\/wp-content\/uploads\/2024\/12\/\u5c553.png 1000w, https:\/\/www.xinhaowelding.com\/wp-content\/uploads\/2024\/12\/\u5c553-300x240.png 300w, https:\/\/www.xinhaowelding.com\/wp-content\/uploads\/2024\/12\/\u5c553-768x614.png 768w, https:\/\/www.xinhaowelding.com\/wp-content\/uploads\/2024\/12\/\u5c553-15x12.png 15w, https:\/\/www.xinhaowelding.com\/wp-content\/uploads\/2024\/12\/\u5c553-600x480.png 600w\" sizes=\"(max-width: 1000px) 100vw, 1000px\" \/><\/figure>\n<\/div>\n\n\n\n<div class=\"wp-block-uagb-container uagb-block-04f936f2\">\n<figure class=\"wp-block-image size-full\"><img decoding=\"async\" width=\"1000\" height=\"800\" src=\"https:\/\/www.xinhaowelding.com\/wp-content\/uploads\/2024\/12\/\u5c552.png\" alt=\"\" class=\"wp-image-4196\" srcset=\"https:\/\/www.xinhaowelding.com\/wp-content\/uploads\/2024\/12\/\u5c552.png 1000w, https:\/\/www.xinhaowelding.com\/wp-content\/uploads\/2024\/12\/\u5c552-300x240.png 300w, https:\/\/www.xinhaowelding.com\/wp-content\/uploads\/2024\/12\/\u5c552-768x614.png 768w, https:\/\/www.xinhaowelding.com\/wp-content\/uploads\/2024\/12\/\u5c552-15x12.png 15w, https:\/\/www.xinhaowelding.com\/wp-content\/uploads\/2024\/12\/\u5c552-600x480.png 600w\" sizes=\"(max-width: 1000px) 100vw, 1000px\" \/><\/figure>\n<\/div>\n\n\n\n<div class=\"wp-block-uagb-container uagb-block-27cac7c1\">\n<figure class=\"wp-block-image size-full\"><img decoding=\"async\" width=\"1000\" height=\"800\" src=\"https:\/\/www.xinhaowelding.com\/wp-content\/uploads\/2024\/12\/\u5c551.png\" alt=\"\" class=\"wp-image-4195\" srcset=\"https:\/\/www.xinhaowelding.com\/wp-content\/uploads\/2024\/12\/\u5c551.png 1000w, https:\/\/www.xinhaowelding.com\/wp-content\/uploads\/2024\/12\/\u5c551-300x240.png 300w, https:\/\/www.xinhaowelding.com\/wp-content\/uploads\/2024\/12\/\u5c551-768x614.png 768w, https:\/\/www.xinhaowelding.com\/wp-content\/uploads\/2024\/12\/\u5c551-15x12.png 15w, https:\/\/www.xinhaowelding.com\/wp-content\/uploads\/2024\/12\/\u5c551-600x480.png 600w\" sizes=\"(max-width: 1000px) 100vw, 1000px\" \/><\/figure>\n<\/div>\n<\/div><\/div>\n\n\n\n<h2 class=\"wp-block-heading has-large-font-size\"><strong><u><strong>\u4ea7\u54c1\u7ec6\u8282<\/strong><\/u><\/strong><strong><u><strong><\/strong><\/u><\/strong><\/h2>\n\n\n\n<h2 class=\"wp-block-heading has-large-font-size\"><strong>D\u00e9tails du produit<\/strong><strong><\/strong><\/h2>\n\n\n\n<div class=\"wp-block-uagb-container uagb-block-96e1f4c4 alignfull uagb-is-root-container\"><div class=\"uagb-container-inner-blocks-wrap\">\n<div class=\"wp-block-uagb-container uagb-block-62e10460\">\n<figure class=\"wp-block-image size-large\"><img loading=\"lazy\" decoding=\"async\" width=\"1024\" height=\"819\" src=\"https:\/\/www.xinhaowelding.com\/wp-content\/uploads\/2024\/11\/\u7ec6\u82821-7-1024x819.jpg\" alt=\"\" class=\"wp-image-3970\" srcset=\"https:\/\/www.xinhaowelding.com\/wp-content\/uploads\/2024\/11\/\u7ec6\u82821-7-1024x819.jpg 1024w, https:\/\/www.xinhaowelding.com\/wp-content\/uploads\/2024\/11\/\u7ec6\u82821-7-300x240.jpg 300w, https:\/\/www.xinhaowelding.com\/wp-content\/uploads\/2024\/11\/\u7ec6\u82821-7-768x615.jpg 768w, https:\/\/www.xinhaowelding.com\/wp-content\/uploads\/2024\/11\/\u7ec6\u82821-7-1536x1229.jpg 1536w, https:\/\/www.xinhaowelding.com\/wp-content\/uploads\/2024\/11\/\u7ec6\u82821-7-2048x1639.jpg 2048w, https:\/\/www.xinhaowelding.com\/wp-content\/uploads\/2024\/11\/\u7ec6\u82821-7-15x12.jpg 15w, https:\/\/www.xinhaowelding.com\/wp-content\/uploads\/2024\/11\/\u7ec6\u82821-7-600x480.jpg 600w\" sizes=\"(max-width: 1024px) 100vw, 1024px\" \/><\/figure>\n<\/div>\n\n\n\n<div class=\"wp-block-uagb-container uagb-block-2d7fb900\">\n<p class=\"has-large-font-size\"><strong>Structure \u00e9troite<\/strong><\/p>\n\n\n\n<div class=\"wp-block-group is-layout-constrained wp-block-group-is-layout-constrained\">\n<p>La structure est simple et compacte<\/p>\n\n\n\n<p>Petite taille, poids l\u00e9ger<\/p>\n<\/div>\n<\/div>\n<\/div><\/div>\n\n\n\n<div class=\"wp-block-uagb-container uagb-block-14b1bae4 alignfull uagb-is-root-container\"><div class=\"uagb-container-inner-blocks-wrap\">\n<div class=\"wp-block-uagb-container uagb-block-73116f61\">\n<figure class=\"wp-block-image size-full\"><img loading=\"lazy\" decoding=\"async\" width=\"1000\" height=\"800\" src=\"https:\/\/www.xinhaowelding.com\/wp-content\/uploads\/2024\/12\/\u7ec6\u82822-2.jpg\" alt=\"\" class=\"wp-image-4192\" srcset=\"https:\/\/www.xinhaowelding.com\/wp-content\/uploads\/2024\/12\/\u7ec6\u82822-2.jpg 1000w, https:\/\/www.xinhaowelding.com\/wp-content\/uploads\/2024\/12\/\u7ec6\u82822-2-300x240.jpg 300w, https:\/\/www.xinhaowelding.com\/wp-content\/uploads\/2024\/12\/\u7ec6\u82822-2-768x614.jpg 768w, https:\/\/www.xinhaowelding.com\/wp-content\/uploads\/2024\/12\/\u7ec6\u82822-2-15x12.jpg 15w, https:\/\/www.xinhaowelding.com\/wp-content\/uploads\/2024\/12\/\u7ec6\u82822-2-600x480.jpg 600w\" sizes=\"(max-width: 1000px) 100vw, 1000px\" \/><\/figure>\n<\/div>\n\n\n\n<div class=\"wp-block-uagb-container uagb-block-1b1cec2d\">\n<p class=\"has-large-font-size\"><strong><strong>Forte capacit\u00e9 de charge<\/strong><\/strong><\/p>\n\n\n\n<div class=\"wp-block-group is-layout-constrained wp-block-group-is-layout-constrained\">\n<p>Variateur de vitesse \u00e0 couple constant et \u00e0 fr\u00e9quence variable<\/p>\n\n\n\n<p>Forte capacit\u00e9 de charge, stabilit\u00e9 \u00e0 faible vitesse<\/p>\n<\/div>\n<\/div>\n<\/div><\/div>\n\n\n\n<div class=\"wp-block-uagb-container uagb-block-e9305866 alignfull uagb-is-root-container\"><div class=\"uagb-container-inner-blocks-wrap\">\n<div class=\"wp-block-uagb-container uagb-block-e5584eb4\">\n<figure class=\"wp-block-image size-full\"><img loading=\"lazy\" decoding=\"async\" width=\"1000\" height=\"800\" src=\"https:\/\/www.xinhaowelding.com\/wp-content\/uploads\/2024\/12\/\u7ec6\u82823-2.jpg\" alt=\"\" class=\"wp-image-4193\" srcset=\"https:\/\/www.xinhaowelding.com\/wp-content\/uploads\/2024\/12\/\u7ec6\u82823-2.jpg 1000w, https:\/\/www.xinhaowelding.com\/wp-content\/uploads\/2024\/12\/\u7ec6\u82823-2-300x240.jpg 300w, https:\/\/www.xinhaowelding.com\/wp-content\/uploads\/2024\/12\/\u7ec6\u82823-2-768x614.jpg 768w, https:\/\/www.xinhaowelding.com\/wp-content\/uploads\/2024\/12\/\u7ec6\u82823-2-15x12.jpg 15w, https:\/\/www.xinhaowelding.com\/wp-content\/uploads\/2024\/12\/\u7ec6\u82823-2-600x480.jpg 600w\" sizes=\"(max-width: 1000px) 100vw, 1000px\" \/><\/figure>\n<\/div>\n\n\n\n<div class=\"wp-block-uagb-container uagb-block-9a1ee853\">\n<p class=\"has-large-font-size\"><strong><strong><strong>Fonctionnement simple<\/strong><\/strong><\/strong><\/p>\n\n\n\n<div class=\"wp-block-group is-layout-constrained wp-block-group-is-layout-constrained\">\n<p>Facile \u00e0 utiliser<\/p>\n\n\n\n<p>Installation et manipulation ais\u00e9es, grande praticabilit\u00e9<\/p>\n<\/div>\n<\/div>\n<\/div><\/div>\n\n\n\n<div class=\"wp-block-uagb-container uagb-block-67353872 alignfull uagb-is-root-container\"><div class=\"uagb-container-inner-blocks-wrap\">\n<div class=\"wp-block-uagb-container uagb-block-2da2c2e9\">\n<figure class=\"wp-block-image size-large\"><img loading=\"lazy\" decoding=\"async\" width=\"1024\" height=\"819\" src=\"https:\/\/www.xinhaowelding.com\/wp-content\/uploads\/2024\/11\/xijie-4-1024x819.jpg\" alt=\"\" class=\"wp-image-3964\" srcset=\"https:\/\/www.xinhaowelding.com\/wp-content\/uploads\/2024\/11\/xijie-4-1024x819.jpg 1024w, https:\/\/www.xinhaowelding.com\/wp-content\/uploads\/2024\/11\/xijie-4-300x240.jpg 300w, https:\/\/www.xinhaowelding.com\/wp-content\/uploads\/2024\/11\/xijie-4-768x615.jpg 768w, https:\/\/www.xinhaowelding.com\/wp-content\/uploads\/2024\/11\/xijie-4-1536x1229.jpg 1536w, https:\/\/www.xinhaowelding.com\/wp-content\/uploads\/2024\/11\/xijie-4-2048x1639.jpg 2048w, https:\/\/www.xinhaowelding.com\/wp-content\/uploads\/2024\/11\/xijie-4-15x12.jpg 15w, https:\/\/www.xinhaowelding.com\/wp-content\/uploads\/2024\/11\/xijie-4-600x480.jpg 600w\" sizes=\"(max-width: 1024px) 100vw, 1024px\" \/><\/figure>\n<\/div>\n\n\n\n<div class=\"wp-block-uagb-container uagb-block-4d80128b\">\n<p class=\"has-large-font-size\"><strong><strong><strong><strong>Rouleau en polyur\u00e9thane<\/strong><\/strong><\/strong><\/strong><\/p>\n\n\n\n<div class=\"wp-block-group is-layout-constrained wp-block-group-is-layout-constrained\">\n<p>Augmenter la friction entre le rouleau et la pi\u00e8ce \u00e0 usiner<\/p>\n\n\n\n<p>R\u00e9sistant \u00e0 l'usure, \u00e0 l'humidit\u00e9 et antid\u00e9rapant<\/p>\n<\/div>\n<\/div>\n<\/div><\/div>\n\n\n\n<h2 class=\"wp-block-heading has-large-font-size\">\u4ea7\u54c1\u89e3\u6790<\/h2>\n\n\n\n<h2 class=\"wp-block-heading has-large-font-size\">Analyse des produits<\/h2>\n\n\n\n<div class=\"wp-block-uagb-container uagb-block-47b5cced alignfull uagb-is-root-container\"><div class=\"uagb-container-inner-blocks-wrap\">\n<figure class=\"wp-block-image size-full\"><img loading=\"lazy\" decoding=\"async\" width=\"1000\" height=\"750\" src=\"https:\/\/www.xinhaowelding.com\/wp-content\/uploads\/2024\/12\/\u81ea\u8c03\u8bd5\u89e3\u6790.png\" alt=\"\" class=\"wp-image-4194\" srcset=\"https:\/\/www.xinhaowelding.com\/wp-content\/uploads\/2024\/12\/\u81ea\u8c03\u8bd5\u89e3\u6790.png 1000w, https:\/\/www.xinhaowelding.com\/wp-content\/uploads\/2024\/12\/\u81ea\u8c03\u8bd5\u89e3\u6790-300x225.png 300w, https:\/\/www.xinhaowelding.com\/wp-content\/uploads\/2024\/12\/\u81ea\u8c03\u8bd5\u89e3\u6790-768x576.png 768w, https:\/\/www.xinhaowelding.com\/wp-content\/uploads\/2024\/12\/\u81ea\u8c03\u8bd5\u89e3\u6790-16x12.png 16w, https:\/\/www.xinhaowelding.com\/wp-content\/uploads\/2024\/12\/\u81ea\u8c03\u8bd5\u89e3\u6790-600x450.png 600w\" sizes=\"(max-width: 1000px) 100vw, 1000px\" \/><\/figure>\n<\/div><\/div>\n\n\n\n<h2 class=\"wp-block-heading has-large-font-size\">\u73b0\u573a\u5b9e\u62cd<\/h2>\n\n\n\n<h2 class=\"wp-block-heading has-large-font-size\">Prise de vue en direct<\/h2>\n\n\n\n<div class=\"wp-block-uagb-container uagb-block-35e00dc3 alignfull uagb-is-root-container\"><div class=\"uagb-container-inner-blocks-wrap\">\n<div class=\"wp-block-uagb-container uagb-block-c6885418\">\n<figure class=\"wp-block-image size-full\"><img loading=\"lazy\" decoding=\"async\" width=\"750\" height=\"1000\" src=\"https:\/\/www.xinhaowelding.com\/wp-content\/uploads\/2024\/12\/\u5b9e\u62cd1.png\" alt=\"\" class=\"wp-image-4188\" srcset=\"https:\/\/www.xinhaowelding.com\/wp-content\/uploads\/2024\/12\/\u5b9e\u62cd1.png 750w, https:\/\/www.xinhaowelding.com\/wp-content\/uploads\/2024\/12\/\u5b9e\u62cd1-225x300.png 225w, https:\/\/www.xinhaowelding.com\/wp-content\/uploads\/2024\/12\/\u5b9e\u62cd1-9x12.png 9w, https:\/\/www.xinhaowelding.com\/wp-content\/uploads\/2024\/12\/\u5b9e\u62cd1-600x800.png 600w\" sizes=\"(max-width: 750px) 100vw, 750px\" \/><\/figure>\n<\/div>\n\n\n\n<div class=\"wp-block-uagb-container uagb-block-18c90224\">\n<figure class=\"wp-block-image size-full\"><img loading=\"lazy\" decoding=\"async\" width=\"750\" height=\"1000\" src=\"https:\/\/www.xinhaowelding.com\/wp-content\/uploads\/2024\/12\/9.png\" alt=\"\" class=\"wp-image-4198\" srcset=\"https:\/\/www.xinhaowelding.com\/wp-content\/uploads\/2024\/12\/9.png 750w, https:\/\/www.xinhaowelding.com\/wp-content\/uploads\/2024\/12\/9-225x300.png 225w, https:\/\/www.xinhaowelding.com\/wp-content\/uploads\/2024\/12\/9-9x12.png 9w, https:\/\/www.xinhaowelding.com\/wp-content\/uploads\/2024\/12\/9-600x800.png 600w\" sizes=\"(max-width: 750px) 100vw, 750px\" \/><\/figure>\n<\/div>\n\n\n\n<div class=\"wp-block-uagb-container uagb-block-a557c475\">\n<figure class=\"wp-block-image size-full\"><img loading=\"lazy\" decoding=\"async\" width=\"750\" height=\"1000\" src=\"https:\/\/www.xinhaowelding.com\/wp-content\/uploads\/2024\/12\/\u5b9e\u62cd4-4.jpg\" alt=\"\" class=\"wp-image-4191\" srcset=\"https:\/\/www.xinhaowelding.com\/wp-content\/uploads\/2024\/12\/\u5b9e\u62cd4-4.jpg 750w, https:\/\/www.xinhaowelding.com\/wp-content\/uploads\/2024\/12\/\u5b9e\u62cd4-4-225x300.jpg 225w, https:\/\/www.xinhaowelding.com\/wp-content\/uploads\/2024\/12\/\u5b9e\u62cd4-4-9x12.jpg 9w, https:\/\/www.xinhaowelding.com\/wp-content\/uploads\/2024\/12\/\u5b9e\u62cd4-4-600x800.jpg 600w\" sizes=\"(max-width: 750px) 100vw, 750px\" \/><\/figure>\n<\/div>\n\n\n\n<div class=\"wp-block-uagb-container uagb-block-0a3b04c3\">\n<figure class=\"wp-block-image size-full\"><img loading=\"lazy\" decoding=\"async\" width=\"750\" height=\"1002\" src=\"https:\/\/www.xinhaowelding.com\/wp-content\/uploads\/2024\/12\/5.png\" alt=\"\" class=\"wp-image-4199\" srcset=\"https:\/\/www.xinhaowelding.com\/wp-content\/uploads\/2024\/12\/5.png 750w, https:\/\/www.xinhaowelding.com\/wp-content\/uploads\/2024\/12\/5-225x300.png 225w, https:\/\/www.xinhaowelding.com\/wp-content\/uploads\/2024\/12\/5-9x12.png 9w, https:\/\/www.xinhaowelding.com\/wp-content\/uploads\/2024\/12\/5-600x802.png 600w\" sizes=\"(max-width: 750px) 100vw, 750px\" \/><\/figure>\n<\/div>\n<\/div><\/div>\n\n\n\n<p><a href=\"http:\/\/www.google.com\" title=\"www.google.com\">www.google.com<\/a><\/p>","protected":false},"excerpt":{"rendered":"<p><strong>Rotateurs de soudage industriels \u00e0 alignement automatique pour les tuyaux\/r\u00e9servoirs lourds. Centrage automatique, capacit\u00e9 de charge \u00e9lev\u00e9e et rotation stable.<\/strong><\/p>","protected":false},"featured_media":4201,"comment_status":"open","ping_status":"closed","template":"","meta":{"om_disable_all_campaigns":false,"_uag_custom_page_level_css":"","_monsterinsights_skip_tracking":false,"_monsterinsights_sitenote_active":false,"_monsterinsights_sitenote_note":"","_monsterinsights_sitenote_category":0,"site-sidebar-layout":"default","site-content-layout":"","ast-site-content-layout":"default","site-content-style":"default","site-sidebar-style":"default","ast-global-header-display":"","ast-banner-title-visibility":"","ast-main-header-display":"","ast-hfb-above-header-display":"","ast-hfb-below-header-display":"","ast-hfb-mobile-header-display":"","site-post-title":"","ast-breadcrumbs-content":"","ast-featured-img":"","footer-sml-layout":"","theme-transparent-header-meta":"","adv-header-id-meta":"","stick-header-meta":"","header-above-stick-meta":"","header-main-stick-meta":"","header-below-stick-meta":"","astra-migrate-meta-layouts":"set","ast-page-background-enabled":"default","ast-page-background-meta":{"desktop":{"background-color":"","background-image":"","background-repeat":"repeat","background-position":"center center","background-size":"auto","background-attachment":"scroll","background-type":"","background-media":"","overlay-type":"","overlay-color":"","overlay-opacity":"","overlay-gradient":""},"tablet":{"background-color":"","background-image":"","background-repeat":"repeat","background-position":"center center","background-size":"auto","background-attachment":"scroll","background-type":"","background-media":"","overlay-type":"","overlay-color":"","overlay-opacity":"","overlay-gradient":""},"mobile":{"background-color":"","background-image":"","background-repeat":"repeat","background-position":"center center","background-size":"auto","background-attachment":"scroll","background-type":"","background-media":"","overlay-type":"","overlay-color":"","overlay-opacity":"","overlay-gradient":""}},"ast-content-background-meta":{"desktop":{"background-color":"var(--ast-global-color-5)","background-image":"","background-repeat":"repeat","background-position":"center center","background-size":"auto","background-attachment":"scroll","background-type":"","background-media":"","overlay-type":"","overlay-color":"","overlay-opacity":"","overlay-gradient":""},"tablet":{"background-color":"var(--ast-global-color-5)","background-image":"","background-repeat":"repeat","background-position":"center center","background-size":"auto","background-attachment":"scroll","background-type":"","background-media":"","overlay-type":"","overlay-color":"","overlay-opacity":"","overlay-gradient":""},"mobile":{"background-color":"var(--ast-global-color-5)","background-image":"","background-repeat":"repeat","background-position":"center center","background-size":"auto","background-attachment":"scroll","background-type":"","background-media":"","overlay-type":"","overlay-color":"","overlay-opacity":"","overlay-gradient":""}}},"product_brand":[],"product_cat":[73,59],"product_tag":[],"class_list":{"0":"post-4187","1":"product","2":"type-product","3":"status-publish","4":"has-post-thumbnail","6":"product_cat-self-adjusting-rotator","7":"product_cat-welding-rotator","8":"desktop-align-left","9":"tablet-align-left","10":"mobile-align-left","12":"first","13":"instock","14":"shipping-taxable","15":"product-type-simple"},"aioseo_notices":[],"uagb_featured_image_src":{"full":["https:\/\/www.xinhaowelding.com\/wp-content\/uploads\/2024\/12\/2-4.jpg",800,800,false],"thumbnail":["https:\/\/www.xinhaowelding.com\/wp-content\/uploads\/2024\/12\/2-4-150x150.jpg",150,150,true],"medium":["https:\/\/www.xinhaowelding.com\/wp-content\/uploads\/2024\/12\/2-4-300x300.jpg",300,300,true],"medium_large":["https:\/\/www.xinhaowelding.com\/wp-content\/uploads\/2024\/12\/2-4-768x768.jpg",768,768,true],"large":["https:\/\/www.xinhaowelding.com\/wp-content\/uploads\/2024\/12\/2-4.jpg",800,800,false],"1536x1536":["https:\/\/www.xinhaowelding.com\/wp-content\/uploads\/2024\/12\/2-4.jpg",800,800,false],"2048x2048":["https:\/\/www.xinhaowelding.com\/wp-content\/uploads\/2024\/12\/2-4.jpg",800,800,false],"trp-custom-language-flag":["https:\/\/www.xinhaowelding.com\/wp-content\/uploads\/2024\/12\/2-4-12x12.jpg",12,12,true],"woocommerce_thumbnail":["https:\/\/www.xinhaowelding.com\/wp-content\/uploads\/2024\/12\/2-4-600x600.jpg",600,600,true],"woocommerce_single":["https:\/\/www.xinhaowelding.com\/wp-content\/uploads\/2024\/12\/2-4-600x600.jpg",600,600,true],"woocommerce_gallery_thumbnail":["https:\/\/www.xinhaowelding.com\/wp-content\/uploads\/2024\/12\/2-4-100x100.jpg",100,100,true]},"uagb_author_info":{"display_name":"jinxing6611@gmail.com","author_link":"https:\/\/www.xinhaowelding.com\/fr\/author\/"},"uagb_comment_info":0,"uagb_excerpt":"Industrial self-aligning welding rotators for heavy pipes\/tanks. Automatic centering, high load capacity, and stable rotation.","_links":{"self":[{"href":"https:\/\/www.xinhaowelding.com\/fr\/wp-json\/wp\/v2\/product\/4187","targetHints":{"allow":["GET"]}}],"collection":[{"href":"https:\/\/www.xinhaowelding.com\/fr\/wp-json\/wp\/v2\/product"}],"about":[{"href":"https:\/\/www.xinhaowelding.com\/fr\/wp-json\/wp\/v2\/types\/product"}],"replies":[{"embeddable":true,"href":"https:\/\/www.xinhaowelding.com\/fr\/wp-json\/wp\/v2\/comments?post=4187"}],"wp:featuredmedia":[{"embeddable":true,"href":"https:\/\/www.xinhaowelding.com\/fr\/wp-json\/wp\/v2\/media\/4201"}],"wp:attachment":[{"href":"https:\/\/www.xinhaowelding.com\/fr\/wp-json\/wp\/v2\/media?parent=4187"}],"wp:term":[{"taxonomy":"product_brand","embeddable":true,"href":"https:\/\/www.xinhaowelding.com\/fr\/wp-json\/wp\/v2\/product_brand?post=4187"},{"taxonomy":"product_cat","embeddable":true,"href":"https:\/\/www.xinhaowelding.com\/fr\/wp-json\/wp\/v2\/product_cat?post=4187"},{"taxonomy":"product_tag","embeddable":true,"href":"https:\/\/www.xinhaowelding.com\/fr\/wp-json\/wp\/v2\/product_tag?post=4187"}],"curies":[{"name":"wp","href":"https:\/\/api.w.org\/{rel}","templated":true}]}}