{"id":4216,"date":"2024-12-07T03:06:35","date_gmt":"2024-12-07T03:06:35","guid":{"rendered":"https:\/\/www.xinhaowelding.com\/?post_type=product&#038;p=4216"},"modified":"2025-04-07T06:48:54","modified_gmt":"2025-04-07T06:48:54","slug":"tig-autoatic-welding","status":"publish","type":"product","link":"https:\/\/www.xinhaowelding.com\/fr\/produit\/tig-autoatic-welding\/","title":{"rendered":"ZDH-1*1*2 Soudeur automatique \u00e0 l'argon\/TIG avec op\u00e9rateur"},"content":{"rendered":"<h2 class=\"wp-block-heading\"><strong><a href=\"https:\/\/www.xinhaowelding.com\/fr\/produit\/tig-autoatic-welding\/\" title=\"\u6c29\u5f27\u81ea\u52a8\u710a1*1*2\">\u6c29\u5f27\u81ea\u52a8\u710a1*1*2<\/a><\/strong><\/h2>\n\n\n\n<h2 class=\"wp-block-heading\">Soudage automatique TIG<\/h2>\n\n\n\n<h3 class=\"wp-block-heading\">Machine \u00e0 souder automatique \u00e0 l'arc sous argon avec manipulateur<\/h3>\n\n\n\n<p>La machine automatique de soudage \u00e0 l'arc sous argon avec manipulateur est un \u00e9quipement de soudage avanc\u00e9 qui combine les avantages de la technologie de soudage automatique \u00e0 l'arc sous argon et la flexibilit\u00e9 d'un manipulateur.<\/p>\n\n\n\n<h4 class=\"wp-block-heading\">Principe de fonctionnement<\/h4>\n\n\n\n<p>Le soudage \u00e0 l'arc sous argon consiste \u00e0 utiliser une \u00e9lectrode en tungst\u00e8ne pour g\u00e9n\u00e9rer un arc entre l'\u00e9lectrode et la pi\u00e8ce \u00e0 souder dans un environnement prot\u00e9g\u00e9 par de l'argon. La chaleur de l'arc fait fondre le m\u00e9tal de base et le fil d'apport (s'il est utilis\u00e9), formant un bain de soudure. Le manipulateur, quant \u00e0 lui, est programm\u00e9 pour contr\u00f4ler le mouvement de la torche de soudage avec une grande pr\u00e9cision. Il peut suivre des trajectoires pr\u00e9d\u00e9finies, r\u00e9gler la vitesse de soudage et maintenir la distance appropri\u00e9e entre la torche et la pi\u00e8ce \u00e0 souder. Cela permet d'obtenir des soudures coh\u00e9rentes et de haute qualit\u00e9 tout au long du processus de soudage.<\/p>\n\n\n\n<p>Le syst\u00e8me de soudage automatique \u00e0 l'arc argon en croix produit par notre soci\u00e9t\u00e9 peut \u00eatre install\u00e9 avec une machine \u00e0 souder au C02 afin d'obtenir une double utilisation.<\/p>\n\n\n\n<p>La structure est divis\u00e9e en trois parties : la partie pistolet de soudage de l'op\u00e9rateur de soudage, la partie positionneur qui entra\u00eene la rotation de la pi\u00e8ce \u00e0 usiner et la commande \u00e9lectrique globale.<\/p>\n\n\n\n<p>Peut souder des brides en acier inoxydable\/acier au carbone Soudage en angle, soudage bout \u00e0 bout de tuyaux, joint annulaire et joint droit de cylindres.<\/p>\n\n\n\n<p>Machine \u00e0 souder \u00e0 l'arc sous argon Otai-Matsushita standard, y compris la tringlerie de soudage, le r\u00e9glage automatique de la hauteur de l'arc sous argon, la machine d'alimentation en fil CNC, le positionneur \u00e0 rail, le support, le d\u00e9 de d\u00e9marrage, la machine \u00e0 marcher, la t\u00e9l\u00e9commande sans fil, l'armoire de commande au sol PLC, etc.<\/p>\n\n\n\n<p>Garantie d'un an sur l'ensemble de la machine, installation et mise en service gratuites \u00e0 domicile, formation du personnel.<\/p>\n\n\n\n<p>Personnalisation de l'assistance.<\/p>\n\n\n\n<div class=\"wp-block-uagb-container uagb-block-5d498a93 alignfull uagb-is-root-container\"><div class=\"uagb-container-inner-blocks-wrap\">\n<figure class=\"wp-block-image size-large\"><img fetchpriority=\"high\" decoding=\"async\" width=\"1024\" height=\"730\" src=\"https:\/\/www.xinhaowelding.com\/wp-content\/uploads\/2024\/12\/\u56fe\u5c42-2-1024x730.png\" alt=\"\" class=\"wp-image-4222\" srcset=\"https:\/\/www.xinhaowelding.com\/wp-content\/uploads\/2024\/12\/\u56fe\u5c42-2-1024x730.png 1024w, https:\/\/www.xinhaowelding.com\/wp-content\/uploads\/2024\/12\/\u56fe\u5c42-2-300x214.png 300w, https:\/\/www.xinhaowelding.com\/wp-content\/uploads\/2024\/12\/\u56fe\u5c42-2-768x547.png 768w, https:\/\/www.xinhaowelding.com\/wp-content\/uploads\/2024\/12\/\u56fe\u5c42-2-1536x1095.png 1536w, https:\/\/www.xinhaowelding.com\/wp-content\/uploads\/2024\/12\/\u56fe\u5c42-2-2048x1460.png 2048w, https:\/\/www.xinhaowelding.com\/wp-content\/uploads\/2024\/12\/\u56fe\u5c42-2-18x12.png 18w, https:\/\/www.xinhaowelding.com\/wp-content\/uploads\/2024\/12\/\u56fe\u5c42-2-600x428.png 600w\" sizes=\"(max-width: 1024px) 100vw, 1024px\" \/><\/figure>\n<\/div><\/div>\n\n\n\n<figure class=\"wp-block-table\"><table class=\"has-fixed-layout\"><tbody><tr><td colspan=\"2\"><strong>Num\u00e9ro de mod\u00e8le<\/strong><strong><\/strong><\/td><td colspan=\"2\"><strong>ZDH-1*1*2<\/strong><strong><\/strong><\/td><\/tr><tr><td colspan=\"2\">Param\u00e8tres du positionneur<\/td><td colspan=\"2\">Param\u00e8tre du manipulateur<\/td><\/tr><tr><td>Charge horizontale<\/td><td>600KG<\/td><td>Course ascendante et descendante<\/td><td>1000mm<\/td><\/tr><tr><td>Diam\u00e8tre de serrage<\/td><td>30-650mm<\/td><td>Accident vasculaire c\u00e9r\u00e9bral ant\u00e9ro-post\u00e9rieur<\/td><td>1000mm<\/td><\/tr><tr><td>Angle de rotation<\/td><td>0-90\u00b0<\/td><td>D\u00e9placement en ligne droite \u00e0 gauche et \u00e0 droite<\/td><td>2000mm<\/td><\/tr><tr><td>Course de la contre-pointe<\/td><td>150\/2000mm<\/td><td>Course de pression de l'arc de pivotement<\/td><td>80\/80mm<\/td><\/tr><\/tbody><\/table><\/figure>\n\n\n\n<h2 class=\"wp-block-heading has-large-font-size\"><strong><u><strong>\u4ea7\u54c1\u7ec6\u8282<\/strong><\/u><\/strong><strong><u><strong><\/strong><\/u><\/strong><\/h2>\n\n\n\n<h2 class=\"wp-block-heading has-large-font-size\"><strong>D\u00e9tails du produit<\/strong><strong><\/strong><\/h2>\n\n\n\n<div class=\"wp-block-uagb-container uagb-block-124c1e91 alignfull uagb-is-root-container\"><div class=\"uagb-container-inner-blocks-wrap\">\n<div class=\"wp-block-uagb-container uagb-block-1c3659a5\">\n<figure class=\"wp-block-image size-full\"><img decoding=\"async\" width=\"1000\" height=\"800\" src=\"https:\/\/www.xinhaowelding.com\/wp-content\/uploads\/2024\/12\/\u7ec6\u82821-2.jpg\" alt=\"\" class=\"wp-image-4223\" srcset=\"https:\/\/www.xinhaowelding.com\/wp-content\/uploads\/2024\/12\/\u7ec6\u82821-2.jpg 1000w, https:\/\/www.xinhaowelding.com\/wp-content\/uploads\/2024\/12\/\u7ec6\u82821-2-300x240.jpg 300w, https:\/\/www.xinhaowelding.com\/wp-content\/uploads\/2024\/12\/\u7ec6\u82821-2-768x614.jpg 768w, https:\/\/www.xinhaowelding.com\/wp-content\/uploads\/2024\/12\/\u7ec6\u82821-2-15x12.jpg 15w, https:\/\/www.xinhaowelding.com\/wp-content\/uploads\/2024\/12\/\u7ec6\u82821-2-600x480.jpg 600w\" sizes=\"(max-width: 1000px) 100vw, 1000px\" \/><\/figure>\n<\/div>\n\n\n\n<div class=\"wp-block-uagb-container uagb-block-881f9d6d\">\n<p class=\"has-large-font-size\"><strong>Armoire de commande PLC<\/strong><\/p>\n\n\n\n<div class=\"wp-block-group is-layout-constrained wp-block-group-is-layout-constrained\">\n<p>Commande num\u00e9rique intelligente, fonctionnement sur \u00e9cran tactile<\/p>\n\n\n\n<p>Fonctionnement simple<\/p>\n<\/div>\n<\/div>\n<\/div><\/div>\n\n\n\n<div class=\"wp-block-uagb-container uagb-block-817706b3 alignfull uagb-is-root-container\"><div class=\"uagb-container-inner-blocks-wrap\">\n<div class=\"wp-block-uagb-container uagb-block-7d31009e\">\n<figure class=\"wp-block-image size-full\"><img decoding=\"async\" width=\"1000\" height=\"800\" src=\"https:\/\/www.xinhaowelding.com\/wp-content\/uploads\/2024\/12\/\u7ec6\u82822-3.jpg\" alt=\"\" class=\"wp-image-4224\" srcset=\"https:\/\/www.xinhaowelding.com\/wp-content\/uploads\/2024\/12\/\u7ec6\u82822-3.jpg 1000w, https:\/\/www.xinhaowelding.com\/wp-content\/uploads\/2024\/12\/\u7ec6\u82822-3-300x240.jpg 300w, https:\/\/www.xinhaowelding.com\/wp-content\/uploads\/2024\/12\/\u7ec6\u82822-3-768x614.jpg 768w, https:\/\/www.xinhaowelding.com\/wp-content\/uploads\/2024\/12\/\u7ec6\u82822-3-15x12.jpg 15w, https:\/\/www.xinhaowelding.com\/wp-content\/uploads\/2024\/12\/\u7ec6\u82822-3-600x480.jpg 600w\" sizes=\"(max-width: 1000px) 100vw, 1000px\" \/><\/figure>\n<\/div>\n\n\n\n<div class=\"wp-block-uagb-container uagb-block-810e9eee\">\n<p class=\"has-large-font-size\"><strong>Positionneur de trous traversants<\/strong><\/p>\n\n\n\n<div class=\"wp-block-group is-layout-constrained wp-block-group-is-layout-constrained\">\n<p>Il peut accueillir des pi\u00e8ces de diff\u00e9rents diam\u00e8tres<\/p>\n\n\n\n<p>Le serrage est stable et pr\u00e9cis<\/p>\n<\/div>\n<\/div>\n<\/div><\/div>\n\n\n\n<div class=\"wp-block-uagb-container uagb-block-686010d7 alignfull uagb-is-root-container\"><div class=\"uagb-container-inner-blocks-wrap\">\n<div class=\"wp-block-uagb-container uagb-block-f53aeb3d\">\n<figure class=\"wp-block-image size-full\"><img loading=\"lazy\" decoding=\"async\" width=\"1000\" height=\"800\" src=\"https:\/\/www.xinhaowelding.com\/wp-content\/uploads\/2024\/12\/\u7ec6\u82823-3.jpg\" alt=\"\" class=\"wp-image-4225\" srcset=\"https:\/\/www.xinhaowelding.com\/wp-content\/uploads\/2024\/12\/\u7ec6\u82823-3.jpg 1000w, https:\/\/www.xinhaowelding.com\/wp-content\/uploads\/2024\/12\/\u7ec6\u82823-3-300x240.jpg 300w, https:\/\/www.xinhaowelding.com\/wp-content\/uploads\/2024\/12\/\u7ec6\u82823-3-768x614.jpg 768w, https:\/\/www.xinhaowelding.com\/wp-content\/uploads\/2024\/12\/\u7ec6\u82823-3-15x12.jpg 15w, https:\/\/www.xinhaowelding.com\/wp-content\/uploads\/2024\/12\/\u7ec6\u82823-3-600x480.jpg 600w\" sizes=\"(max-width: 1000px) 100vw, 1000px\" \/><\/figure>\n<\/div>\n\n\n\n<div class=\"wp-block-uagb-container uagb-block-e92004d9\">\n<p class=\"has-large-font-size\"><strong>Support de rouleau de soudage<\/strong><\/p>\n\n\n\n<div class=\"wp-block-group is-layout-constrained wp-block-group-is-layout-constrained\">\n<p>Capacit\u00e9 de charge \u00e9lev\u00e9e, soul\u00e8vement de la pi\u00e8ce \u00e0 usiner<\/p>\n\n\n\n<p>Soudage auxiliaire<\/p>\n<\/div>\n<\/div>\n<\/div><\/div>\n\n\n\n<div class=\"wp-block-uagb-container uagb-block-7ef4329f alignfull uagb-is-root-container\"><div class=\"uagb-container-inner-blocks-wrap\">\n<div class=\"wp-block-uagb-container uagb-block-c6ef9d82\">\n<figure class=\"wp-block-image size-full\"><img loading=\"lazy\" decoding=\"async\" width=\"1000\" height=\"800\" src=\"https:\/\/www.xinhaowelding.com\/wp-content\/uploads\/2024\/12\/\u7ec6\u82824-2.jpg\" alt=\"\" class=\"wp-image-4226\" srcset=\"https:\/\/www.xinhaowelding.com\/wp-content\/uploads\/2024\/12\/\u7ec6\u82824-2.jpg 1000w, https:\/\/www.xinhaowelding.com\/wp-content\/uploads\/2024\/12\/\u7ec6\u82824-2-300x240.jpg 300w, https:\/\/www.xinhaowelding.com\/wp-content\/uploads\/2024\/12\/\u7ec6\u82824-2-768x614.jpg 768w, https:\/\/www.xinhaowelding.com\/wp-content\/uploads\/2024\/12\/\u7ec6\u82824-2-15x12.jpg 15w, https:\/\/www.xinhaowelding.com\/wp-content\/uploads\/2024\/12\/\u7ec6\u82824-2-600x480.jpg 600w\" sizes=\"(max-width: 1000px) 100vw, 1000px\" \/><\/figure>\n<\/div>\n\n\n\n<div class=\"wp-block-uagb-container uagb-block-2f2a1098\">\n<p class=\"has-large-font-size\"><strong>Mandrin de soudage<\/strong><\/p>\n\n\n\n<div class=\"wp-block-group is-layout-constrained wp-block-group-is-layout-constrained\">\n<p>Autocentrage fin, rotation concentrique<\/p>\n\n\n\n<p>Serrage rapide, grand trou<\/p>\n<\/div>\n<\/div>\n<\/div><\/div>\n\n\n\n<div class=\"wp-block-uagb-container uagb-block-d3e16619 alignfull uagb-is-root-container\"><div class=\"uagb-container-inner-blocks-wrap\">\n<div class=\"wp-block-uagb-container uagb-block-96faa589\">\n<figure class=\"wp-block-image size-full\"><img loading=\"lazy\" decoding=\"async\" width=\"1000\" height=\"800\" src=\"https:\/\/www.xinhaowelding.com\/wp-content\/uploads\/2024\/12\/\u7ec6\u82825-1.jpg\" alt=\"\" class=\"wp-image-4227\" srcset=\"https:\/\/www.xinhaowelding.com\/wp-content\/uploads\/2024\/12\/\u7ec6\u82825-1.jpg 1000w, https:\/\/www.xinhaowelding.com\/wp-content\/uploads\/2024\/12\/\u7ec6\u82825-1-300x240.jpg 300w, https:\/\/www.xinhaowelding.com\/wp-content\/uploads\/2024\/12\/\u7ec6\u82825-1-768x614.jpg 768w, https:\/\/www.xinhaowelding.com\/wp-content\/uploads\/2024\/12\/\u7ec6\u82825-1-15x12.jpg 15w, https:\/\/www.xinhaowelding.com\/wp-content\/uploads\/2024\/12\/\u7ec6\u82825-1-600x480.jpg 600w\" sizes=\"(max-width: 1000px) 100vw, 1000px\" \/><\/figure>\n<\/div>\n\n\n\n<div class=\"wp-block-uagb-container uagb-block-d1a79f0e\">\n<p class=\"has-large-font-size\"><strong>T\u00e9l\u00e9commande sans fil<\/strong><\/p>\n\n\n\n<div class=\"wp-block-group is-layout-constrained wp-block-group-is-layout-constrained\">\n<p>T\u00e9l\u00e9commande, soudage automatique<\/p>\n\n\n\n<p>Fonctionnement simple<\/p>\n<\/div>\n<\/div>\n<\/div><\/div>\n\n\n\n<h2 class=\"wp-block-heading has-large-font-size\">\u4ea7\u54c1\u89e3\u6790<\/h2>\n\n\n\n<h2 class=\"wp-block-heading has-large-font-size\">Analyse des produits<\/h2>\n\n\n\n<div class=\"wp-block-uagb-container uagb-block-8a4f2a9f alignfull uagb-is-root-container\"><div class=\"uagb-container-inner-blocks-wrap\">\n<figure class=\"wp-block-image size-large\"><img loading=\"lazy\" decoding=\"async\" width=\"1024\" height=\"699\" src=\"https:\/\/www.xinhaowelding.com\/wp-content\/uploads\/2024\/12\/\u89e3\u6790-1-1024x699.png\" alt=\"\" class=\"wp-image-4217\" srcset=\"https:\/\/www.xinhaowelding.com\/wp-content\/uploads\/2024\/12\/\u89e3\u6790-1-1024x699.png 1024w, https:\/\/www.xinhaowelding.com\/wp-content\/uploads\/2024\/12\/\u89e3\u6790-1-300x205.png 300w, https:\/\/www.xinhaowelding.com\/wp-content\/uploads\/2024\/12\/\u89e3\u6790-1-768x524.png 768w, https:\/\/www.xinhaowelding.com\/wp-content\/uploads\/2024\/12\/\u89e3\u6790-1-1536x1048.png 1536w, https:\/\/www.xinhaowelding.com\/wp-content\/uploads\/2024\/12\/\u89e3\u6790-1-18x12.png 18w, https:\/\/www.xinhaowelding.com\/wp-content\/uploads\/2024\/12\/\u89e3\u6790-1-600x410.png 600w, https:\/\/www.xinhaowelding.com\/wp-content\/uploads\/2024\/12\/\u89e3\u6790-1.png 1550w\" sizes=\"(max-width: 1024px) 100vw, 1024px\" \/><\/figure>\n<\/div><\/div>\n\n\n\n<figure class=\"wp-block-table\"><table class=\"has-fixed-layout\"><tbody><tr><td class=\"has-text-align-center\" data-align=\"center\">1<\/td><td>\u00c9tui pour ordinateur de poche sans fil<\/td><td class=\"has-text-align-center\" data-align=\"center\">7<\/td><td>Dispositif d'alimentation en fil<\/td><td class=\"has-text-align-center\" data-align=\"center\">13<\/td><td>Machine \u00e0 souder \u00e0 l'arc sous argon<\/td><\/tr><tr><td class=\"has-text-align-center\" data-align=\"center\">2<\/td><td>Armoire de commande<\/td><td class=\"has-text-align-center\" data-align=\"center\">8<\/td><td>Torche de soudage \u00e0 l'arc sous argon refroidie \u00e0 l'eau<\/td><td class=\"has-text-align-center\" data-align=\"center\">14<\/td><td>R\u00e9servoir d'eau de refroidissement<\/td><\/tr><tr><td class=\"has-text-align-center\" data-align=\"center\">3<\/td><td>Positionneur de soudage<\/td><td class=\"has-text-align-center\" data-align=\"center\">9<\/td><td>R\u00e9glage de l'angle de la torche de soudage<\/td><td class=\"has-text-align-center\" data-align=\"center\">15<\/td><td>Moteur de d\u00e9placement<\/td><\/tr><tr><td class=\"has-text-align-center\" data-align=\"center\">4<\/td><td>mandrin<\/td><td class=\"has-text-align-center\" data-align=\"center\">10<\/td><td>Colonnes sup\u00e9rieure et inf\u00e9rieure<\/td><td class=\"has-text-align-center\" data-align=\"center\">16<\/td><td>Base de marche<\/td><\/tr><tr><td class=\"has-text-align-center\" data-align=\"center\">5<\/td><td>Oscillateur de soudage<\/td><td class=\"has-text-align-center\" data-align=\"center\">11<\/td><td>D\u00e9vidoir de fil CNC<\/td><td class=\"has-text-align-center\" data-align=\"center\">17<\/td><td>Base du positionneur<\/td><\/tr><tr><td class=\"has-text-align-center\" data-align=\"center\">6<\/td><td>L'arc d'argon augmente automatiquement<\/td><td class=\"has-text-align-center\" data-align=\"center\">12<\/td><td>Largeur avant et arri\u00e8re<\/td><td class=\"has-text-align-center\" data-align=\"center\">18<\/td><td>Support de r\u00e9glage de la hauteur de la glissi\u00e8re<\/td><\/tr><\/tbody><\/table><\/figure>\n\n\n\n<h2 class=\"wp-block-heading has-large-font-size\">\u73b0\u573a\u5b9e\u62cd<\/h2>\n\n\n\n<h2 class=\"wp-block-heading has-large-font-size\">Prise de vue en direct<\/h2>\n\n\n\n<div class=\"wp-block-uagb-container uagb-block-cd0e33b4 alignfull uagb-is-root-container\"><div class=\"uagb-container-inner-blocks-wrap\">\n<figure class=\"wp-block-image size-full is-resized\"><img loading=\"lazy\" decoding=\"async\" width=\"1000\" height=\"750\" src=\"https:\/\/www.xinhaowelding.com\/wp-content\/uploads\/2024\/12\/\u5b9e\u62cd1-5.jpg\" alt=\"\" class=\"wp-image-4218\" style=\"width:1200px;height:auto\" srcset=\"https:\/\/www.xinhaowelding.com\/wp-content\/uploads\/2024\/12\/\u5b9e\u62cd1-5.jpg 1000w, https:\/\/www.xinhaowelding.com\/wp-content\/uploads\/2024\/12\/\u5b9e\u62cd1-5-300x225.jpg 300w, https:\/\/www.xinhaowelding.com\/wp-content\/uploads\/2024\/12\/\u5b9e\u62cd1-5-768x576.jpg 768w, https:\/\/www.xinhaowelding.com\/wp-content\/uploads\/2024\/12\/\u5b9e\u62cd1-5-16x12.jpg 16w, https:\/\/www.xinhaowelding.com\/wp-content\/uploads\/2024\/12\/\u5b9e\u62cd1-5-600x450.jpg 600w\" sizes=\"(max-width: 1000px) 100vw, 1000px\" \/><\/figure>\n\n\n\n<figure class=\"wp-block-image size-full is-resized\"><img loading=\"lazy\" decoding=\"async\" width=\"1000\" height=\"750\" src=\"https:\/\/www.xinhaowelding.com\/wp-content\/uploads\/2024\/12\/\u5b9e\u62cd2-5.jpg\" alt=\"\" class=\"wp-image-4219\" style=\"width:1200px;height:auto\" srcset=\"https:\/\/www.xinhaowelding.com\/wp-content\/uploads\/2024\/12\/\u5b9e\u62cd2-5.jpg 1000w, https:\/\/www.xinhaowelding.com\/wp-content\/uploads\/2024\/12\/\u5b9e\u62cd2-5-300x225.jpg 300w, https:\/\/www.xinhaowelding.com\/wp-content\/uploads\/2024\/12\/\u5b9e\u62cd2-5-768x576.jpg 768w, https:\/\/www.xinhaowelding.com\/wp-content\/uploads\/2024\/12\/\u5b9e\u62cd2-5-16x12.jpg 16w, https:\/\/www.xinhaowelding.com\/wp-content\/uploads\/2024\/12\/\u5b9e\u62cd2-5-600x450.jpg 600w\" sizes=\"(max-width: 1000px) 100vw, 1000px\" \/><\/figure>\n<\/div><\/div>\n\n\n\n<div class=\"wp-block-uagb-container uagb-block-a7f30020 alignfull uagb-is-root-container\"><div class=\"uagb-container-inner-blocks-wrap\">\n<div class=\"wp-block-uagb-container uagb-block-8726d231\">\n<figure class=\"wp-block-image size-full\"><img loading=\"lazy\" decoding=\"async\" width=\"750\" height=\"1000\" src=\"https:\/\/www.xinhaowelding.com\/wp-content\/uploads\/2024\/12\/\u5b9e\u62cd4-6.jpg\" alt=\"\" class=\"wp-image-4221\" srcset=\"https:\/\/www.xinhaowelding.com\/wp-content\/uploads\/2024\/12\/\u5b9e\u62cd4-6.jpg 750w, https:\/\/www.xinhaowelding.com\/wp-content\/uploads\/2024\/12\/\u5b9e\u62cd4-6-225x300.jpg 225w, https:\/\/www.xinhaowelding.com\/wp-content\/uploads\/2024\/12\/\u5b9e\u62cd4-6-9x12.jpg 9w, https:\/\/www.xinhaowelding.com\/wp-content\/uploads\/2024\/12\/\u5b9e\u62cd4-6-600x800.jpg 600w\" sizes=\"(max-width: 750px) 100vw, 750px\" \/><\/figure>\n<\/div>\n\n\n\n<div class=\"wp-block-uagb-container uagb-block-5370dfd7\">\n<figure class=\"wp-block-image size-full\"><img loading=\"lazy\" decoding=\"async\" width=\"750\" height=\"1000\" src=\"https:\/\/www.xinhaowelding.com\/wp-content\/uploads\/2024\/12\/\u5b9e\u62cd3-6.jpg\" alt=\"\" class=\"wp-image-4220\" srcset=\"https:\/\/www.xinhaowelding.com\/wp-content\/uploads\/2024\/12\/\u5b9e\u62cd3-6.jpg 750w, https:\/\/www.xinhaowelding.com\/wp-content\/uploads\/2024\/12\/\u5b9e\u62cd3-6-225x300.jpg 225w, https:\/\/www.xinhaowelding.com\/wp-content\/uploads\/2024\/12\/\u5b9e\u62cd3-6-9x12.jpg 9w, https:\/\/www.xinhaowelding.com\/wp-content\/uploads\/2024\/12\/\u5b9e\u62cd3-6-600x800.jpg 600w\" sizes=\"(max-width: 750px) 100vw, 750px\" \/><\/figure>\n<\/div>\n<\/div><\/div>\n\n\n\n<p><a href=\"http:\/\/www.google.com\" title=\"www.google.com\">www.google.com<\/a><\/p>\n\n\n\n<p><\/p>","protected":false},"excerpt":{"rendered":"<p><strong>ZDH-1*1*2 Machine automatique \u00e0 souder \u00e0 l'arc sous argon avec op\u00e9rateur - Equipement de soudage TIG de haute pr\u00e9cision pour une fabrication efficace.<\/strong><\/p>","protected":false},"featured_media":4229,"comment_status":"open","ping_status":"closed","template":"","meta":{"om_disable_all_campaigns":false,"_uag_custom_page_level_css":"","_monsterinsights_skip_tracking":false,"_monsterinsights_sitenote_active":false,"_monsterinsights_sitenote_note":"","_monsterinsights_sitenote_category":0,"site-sidebar-layout":"default","site-content-layout":"","ast-site-content-layout":"default","site-content-style":"default","site-sidebar-style":"default","ast-global-header-display":"","ast-banner-title-visibility":"","ast-main-header-display":"","ast-hfb-above-header-display":"","ast-hfb-below-header-display":"","ast-hfb-mobile-header-display":"","site-post-title":"","ast-breadcrumbs-content":"","ast-featured-img":"","footer-sml-layout":"","theme-transparent-header-meta":"","adv-header-id-meta":"","stick-header-meta":"","header-above-stick-meta":"","header-main-stick-meta":"","header-below-stick-meta":"","astra-migrate-meta-layouts":"set","ast-page-background-enabled":"default","ast-page-background-meta":{"desktop":{"background-color":"","background-image":"","background-repeat":"repeat","background-position":"center center","background-size":"auto","background-attachment":"scroll","background-type":"","background-media":"","overlay-type":"","overlay-color":"","overlay-opacity":"","overlay-gradient":""},"tablet":{"background-color":"","background-image":"","background-repeat":"repeat","background-position":"center center","background-size":"auto","background-attachment":"scroll","background-type":"","background-media":"","overlay-type":"","overlay-color":"","overlay-opacity":"","overlay-gradient":""},"mobile":{"background-color":"","background-image":"","background-repeat":"repeat","background-position":"center center","background-size":"auto","background-attachment":"scroll","background-type":"","background-media":"","overlay-type":"","overlay-color":"","overlay-opacity":"","overlay-gradient":""}},"ast-content-background-meta":{"desktop":{"background-color":"var(--ast-global-color-5)","background-image":"","background-repeat":"repeat","background-position":"center center","background-size":"auto","background-attachment":"scroll","background-type":"","background-media":"","overlay-type":"","overlay-color":"","overlay-opacity":"","overlay-gradient":""},"tablet":{"background-color":"var(--ast-global-color-5)","background-image":"","background-repeat":"repeat","background-position":"center center","background-size":"auto","background-attachment":"scroll","background-type":"","background-media":"","overlay-type":"","overlay-color":"","overlay-opacity":"","overlay-gradient":""},"mobile":{"background-color":"var(--ast-global-color-5)","background-image":"","background-repeat":"repeat","background-position":"center center","background-size":"auto","background-attachment":"scroll","background-type":"","background-media":"","overlay-type":"","overlay-color":"","overlay-opacity":"","overlay-gradient":""}}},"product_brand":[],"product_cat":[67,57],"product_tag":[],"class_list":{"0":"post-4216","1":"product","2":"type-product","3":"status-publish","4":"has-post-thumbnail","6":"product_cat-argon-arc-automatic-welding","7":"product_cat-automatic-welding-equipment","8":"desktop-align-left","9":"tablet-align-left","10":"mobile-align-left","12":"first","13":"instock","14":"shipping-taxable","15":"product-type-simple"},"aioseo_notices":[],"uagb_featured_image_src":{"full":["https:\/\/www.xinhaowelding.com\/wp-content\/uploads\/2024\/12\/1-5.jpg",800,800,false],"thumbnail":["https:\/\/www.xinhaowelding.com\/wp-content\/uploads\/2024\/12\/1-5-150x150.jpg",150,150,true],"medium":["https:\/\/www.xinhaowelding.com\/wp-content\/uploads\/2024\/12\/1-5-300x300.jpg",300,300,true],"medium_large":["https:\/\/www.xinhaowelding.com\/wp-content\/uploads\/2024\/12\/1-5-768x768.jpg",768,768,true],"large":["https:\/\/www.xinhaowelding.com\/wp-content\/uploads\/2024\/12\/1-5.jpg",800,800,false],"1536x1536":["https:\/\/www.xinhaowelding.com\/wp-content\/uploads\/2024\/12\/1-5.jpg",800,800,false],"2048x2048":["https:\/\/www.xinhaowelding.com\/wp-content\/uploads\/2024\/12\/1-5.jpg",800,800,false],"trp-custom-language-flag":["https:\/\/www.xinhaowelding.com\/wp-content\/uploads\/2024\/12\/1-5-12x12.jpg",12,12,true],"woocommerce_thumbnail":["https:\/\/www.xinhaowelding.com\/wp-content\/uploads\/2024\/12\/1-5-600x600.jpg",600,600,true],"woocommerce_single":["https:\/\/www.xinhaowelding.com\/wp-content\/uploads\/2024\/12\/1-5-600x600.jpg",600,600,true],"woocommerce_gallery_thumbnail":["https:\/\/www.xinhaowelding.com\/wp-content\/uploads\/2024\/12\/1-5-100x100.jpg",100,100,true]},"uagb_author_info":{"display_name":"jinxing6611@gmail.com","author_link":"https:\/\/www.xinhaowelding.com\/fr\/author\/"},"uagb_comment_info":0,"uagb_excerpt":"ZDH-1*1*2 Automatic Argon Arc Welding Machine with Operator \u2013 High Precision TIG Welding Equipment for Efficient Fabrication.","_links":{"self":[{"href":"https:\/\/www.xinhaowelding.com\/fr\/wp-json\/wp\/v2\/product\/4216","targetHints":{"allow":["GET"]}}],"collection":[{"href":"https:\/\/www.xinhaowelding.com\/fr\/wp-json\/wp\/v2\/product"}],"about":[{"href":"https:\/\/www.xinhaowelding.com\/fr\/wp-json\/wp\/v2\/types\/product"}],"replies":[{"embeddable":true,"href":"https:\/\/www.xinhaowelding.com\/fr\/wp-json\/wp\/v2\/comments?post=4216"}],"wp:featuredmedia":[{"embeddable":true,"href":"https:\/\/www.xinhaowelding.com\/fr\/wp-json\/wp\/v2\/media\/4229"}],"wp:attachment":[{"href":"https:\/\/www.xinhaowelding.com\/fr\/wp-json\/wp\/v2\/media?parent=4216"}],"wp:term":[{"taxonomy":"product_brand","embeddable":true,"href":"https:\/\/www.xinhaowelding.com\/fr\/wp-json\/wp\/v2\/product_brand?post=4216"},{"taxonomy":"product_cat","embeddable":true,"href":"https:\/\/www.xinhaowelding.com\/fr\/wp-json\/wp\/v2\/product_cat?post=4216"},{"taxonomy":"product_tag","embeddable":true,"href":"https:\/\/www.xinhaowelding.com\/fr\/wp-json\/wp\/v2\/product_tag?post=4216"}],"curies":[{"name":"wp","href":"https:\/\/api.w.org\/{rel}","templated":true}]}}