{"id":4234,"date":"2024-12-07T03:32:10","date_gmt":"2024-12-07T03:32:10","guid":{"rendered":"https:\/\/www.xinhaowelding.com\/?post_type=product&#038;p=4234"},"modified":"2025-04-08T01:52:28","modified_gmt":"2025-04-08T01:52:28","slug":"tig-autoatic-welding-2","status":"publish","type":"product","link":"https:\/\/www.xinhaowelding.com\/fr\/produit\/tig-autoatic-welding-2\/","title":{"rendered":"ZDH-1140 Auto TIG Welder | Machine \u00e0 souder \u00e0 l'arc sous argon"},"content":{"rendered":"<h2 class=\"wp-block-heading\"><strong><a href=\"https:\/\/www.xinhaowelding.com\/fr\/produit\/tig-autoatic-welding-2\/\" title=\"\u6c29\u5f27\u81ea\u52a8\u710a1140\">\u6c29\u5f27\u81ea\u52a8\u710a1140<\/a><\/strong><\/h2>\n\n\n\n<h2 class=\"wp-block-heading\">Soudage automatique TIG<\/h2>\n\n\n\n<p>\u25c6Convient pour le soudage \u00e0 plat de tuyaux, de coudes de tuyaux, de brides de tuyaux \u00e0 col haut et de brides de tuyaux \u00e0 angle.<\/p>\n\n\n\n<p>\u25c6Convient pour le soudage de l'acier au carbone et de l'acier inoxydable.<\/p>\n\n\n\n<p>\u25c6Les machines \u00e0 souder \u00e0 l'arc \u00e0 l'argon Autai WSM-400C et Panasonic YC-400TX4 peuvent \u00eatre s\u00e9lectionn\u00e9es.<\/p>\n\n\n\n<p>Conception int\u00e9gr\u00e9e, structure compacte, mature et fiable ; positionnement pr\u00e9cis de la rotation du mandrin \u00e0 trois mors \u00e0 centrage automatique.<\/p>\n\n\n\n<p>M\u00e9canisme de r\u00e9glage de l'angle du pistolet de soudage, pour assurer la conversion multi-position et multi-angle du pistolet de soudage.<\/p>\n\n\n\n<p>\u25c6Le syst\u00e8me de contr\u00f4le adopte une interface homme-machine \u00e0 grand \u00e9cran tactile, facile \u00e0 utiliser, contr\u00f4le int\u00e9gr\u00e9 des param\u00e8tres du positionneur, des param\u00e8tres d'oscillation, du courant de la machine \u00e0 souder, des param\u00e8tres d'alimentation du fil, des param\u00e8tres de tension de l'arc.<\/p>\n\n\n\n<p>La capacit\u00e9 de stockage du processus de soudage est de 50 ensembles, et le processus de soudage correspondant peut \u00eatre directement invoqu\u00e9 en fonction des sp\u00e9cifications et des num\u00e9ros de soudage.<\/p>\n\n\n\n<p>\u25c6Syst\u00e8me standard de suivi de la longueur de l'arc (AVC) et syst\u00e8me de lacet du pistolet de soudage (OSC).<\/p>\n\n\n\n<p>Machine de d\u00e9vidage automatique \u25c6CNC, avec fonction de d\u00e9vidage invers\u00e9 automatique et fonction de d\u00e9vidage puls\u00e9, haute pr\u00e9cision de d\u00e9vidage, support de fixation de d\u00e9vidage.<\/p>\n\n\n\n<p>\u25c6R\u00e9servoir d'eau de 10L de Shanghai Zhengte, syst\u00e8me de refroidissement de l'eau par circulation forc\u00e9e, pour garantir un fonctionnement fiable de la machine pendant une longue p\u00e9riode.<\/p>\n\n\n\n<p>Pistolet de soudage \u00e0 l'arc \u00e0 l'argon WP27 refroidi \u00e0 l'eau, 5 m\u00e8tres, guide de flux en filet, protection uniforme contre les gaz.<\/p>\n\n\n\n<p>\u25c6T\u00e9l\u00e9commande sans fil avec un seul bouton, ach\u00e8vement automatique de l'ensemble du processus de soudage ; l'intervention en temps r\u00e9el des param\u00e8tres de soudage peut \u00e9galement \u00eatre effectu\u00e9e en fonction des besoins.<\/p>\n\n\n\n<p>\u25c6Support customization.<\/p>\n\n\n\n<figure class=\"wp-block-table\"><table class=\"has-fixed-layout\"><tbody><tr><td><strong>Num\u00e9ro de mod\u00e8le<\/strong><strong><\/strong><\/td><td><strong>ZDH-1140<\/strong><strong><\/strong><\/td><\/tr><tr><td>Angle de rotation<\/td><td>0-90\u00b0<\/td><\/tr><tr><td>Diam\u00e8tre de serrage<\/td><td>20-550mm<\/td><\/tr><tr><td>Diam\u00e8tre du trou de passage<\/td><td>140\/170mm<\/td><\/tr><tr><td>Machine \u00e0 souder \u00e0 l'arc sous argon<\/td><td>Aotai WSM-400<\/td><\/tr><tr><td>R\u00e9servoir d'eau de refroidissement<\/td><td>CT-10<\/td><\/tr><tr><td>Pistolet de soudage automatique<\/td><td>WP-27\/refroidissement par eau<\/td><\/tr><tr><td>Diam\u00e8tre de fil adapt\u00e9<\/td><td>0.8\/1.0\/1.2\/1.6<\/td><\/tr><tr><td>Formation d'une r\u00e9glementation tridimensionnelle<\/td><td>600*600*600mm<\/td><\/tr><tr><td>Dimension globale<\/td><td>1200*1000*2000mm<\/td><\/tr><\/tbody><\/table><\/figure>\n\n\n\n<div class=\"wp-block-uagb-container uagb-block-9b00fc5e alignfull uagb-is-root-container\"><div class=\"uagb-container-inner-blocks-wrap\">\n<div class=\"wp-block-uagb-container uagb-block-2c88fbd5\">\n<figure class=\"wp-block-image size-full\"><img fetchpriority=\"high\" decoding=\"async\" width=\"1000\" height=\"750\" src=\"https:\/\/www.xinhaowelding.com\/wp-content\/uploads\/2024\/12\/\u8868\u683c\u4e0b\u710a\u7f1d\u5c55\u793a.jpg\" alt=\"\" class=\"wp-image-4236\" srcset=\"https:\/\/www.xinhaowelding.com\/wp-content\/uploads\/2024\/12\/\u8868\u683c\u4e0b\u710a\u7f1d\u5c55\u793a.jpg 1000w, https:\/\/www.xinhaowelding.com\/wp-content\/uploads\/2024\/12\/\u8868\u683c\u4e0b\u710a\u7f1d\u5c55\u793a-300x225.jpg 300w, https:\/\/www.xinhaowelding.com\/wp-content\/uploads\/2024\/12\/\u8868\u683c\u4e0b\u710a\u7f1d\u5c55\u793a-768x576.jpg 768w, https:\/\/www.xinhaowelding.com\/wp-content\/uploads\/2024\/12\/\u8868\u683c\u4e0b\u710a\u7f1d\u5c55\u793a-16x12.jpg 16w, https:\/\/www.xinhaowelding.com\/wp-content\/uploads\/2024\/12\/\u8868\u683c\u4e0b\u710a\u7f1d\u5c55\u793a-600x450.jpg 600w\" sizes=\"(max-width: 1000px) 100vw, 1000px\" \/><\/figure>\n<\/div>\n\n\n\n<div class=\"wp-block-uagb-container uagb-block-45574e07\">\n<figure class=\"wp-block-image size-full\"><img decoding=\"async\" width=\"1000\" height=\"750\" src=\"https:\/\/www.xinhaowelding.com\/wp-content\/uploads\/2024\/12\/\u8868\u683c\u4e0b\u710a\u7f1d\u5c55\u793a1.jpg\" alt=\"\" class=\"wp-image-4237\" srcset=\"https:\/\/www.xinhaowelding.com\/wp-content\/uploads\/2024\/12\/\u8868\u683c\u4e0b\u710a\u7f1d\u5c55\u793a1.jpg 1000w, https:\/\/www.xinhaowelding.com\/wp-content\/uploads\/2024\/12\/\u8868\u683c\u4e0b\u710a\u7f1d\u5c55\u793a1-300x225.jpg 300w, https:\/\/www.xinhaowelding.com\/wp-content\/uploads\/2024\/12\/\u8868\u683c\u4e0b\u710a\u7f1d\u5c55\u793a1-768x576.jpg 768w, https:\/\/www.xinhaowelding.com\/wp-content\/uploads\/2024\/12\/\u8868\u683c\u4e0b\u710a\u7f1d\u5c55\u793a1-16x12.jpg 16w, https:\/\/www.xinhaowelding.com\/wp-content\/uploads\/2024\/12\/\u8868\u683c\u4e0b\u710a\u7f1d\u5c55\u793a1-600x450.jpg 600w\" sizes=\"(max-width: 1000px) 100vw, 1000px\" \/><\/figure>\n<\/div>\n\n\n\n<div class=\"wp-block-uagb-container uagb-block-35cbd7a8\">\n<figure class=\"wp-block-image size-full\"><img decoding=\"async\" width=\"1000\" height=\"750\" src=\"https:\/\/www.xinhaowelding.com\/wp-content\/uploads\/2024\/12\/\u8868\u683c\u4e0b\u710a\u7f1d\u5c55\u793a2.jpg\" alt=\"\" class=\"wp-image-4238\" srcset=\"https:\/\/www.xinhaowelding.com\/wp-content\/uploads\/2024\/12\/\u8868\u683c\u4e0b\u710a\u7f1d\u5c55\u793a2.jpg 1000w, https:\/\/www.xinhaowelding.com\/wp-content\/uploads\/2024\/12\/\u8868\u683c\u4e0b\u710a\u7f1d\u5c55\u793a2-300x225.jpg 300w, https:\/\/www.xinhaowelding.com\/wp-content\/uploads\/2024\/12\/\u8868\u683c\u4e0b\u710a\u7f1d\u5c55\u793a2-768x576.jpg 768w, https:\/\/www.xinhaowelding.com\/wp-content\/uploads\/2024\/12\/\u8868\u683c\u4e0b\u710a\u7f1d\u5c55\u793a2-16x12.jpg 16w, https:\/\/www.xinhaowelding.com\/wp-content\/uploads\/2024\/12\/\u8868\u683c\u4e0b\u710a\u7f1d\u5c55\u793a2-600x450.jpg 600w\" sizes=\"(max-width: 1000px) 100vw, 1000px\" \/><\/figure>\n<\/div>\n\n\n\n<div class=\"wp-block-uagb-container uagb-block-6b2889e2\">\n<figure class=\"wp-block-image size-full\"><img loading=\"lazy\" decoding=\"async\" width=\"1000\" height=\"750\" src=\"https:\/\/www.xinhaowelding.com\/wp-content\/uploads\/2024\/12\/\u8868\u683c\u4e0b\u710a\u7f1d\u5c55\u793a3.jpg\" alt=\"\" class=\"wp-image-4239\" srcset=\"https:\/\/www.xinhaowelding.com\/wp-content\/uploads\/2024\/12\/\u8868\u683c\u4e0b\u710a\u7f1d\u5c55\u793a3.jpg 1000w, https:\/\/www.xinhaowelding.com\/wp-content\/uploads\/2024\/12\/\u8868\u683c\u4e0b\u710a\u7f1d\u5c55\u793a3-300x225.jpg 300w, https:\/\/www.xinhaowelding.com\/wp-content\/uploads\/2024\/12\/\u8868\u683c\u4e0b\u710a\u7f1d\u5c55\u793a3-768x576.jpg 768w, https:\/\/www.xinhaowelding.com\/wp-content\/uploads\/2024\/12\/\u8868\u683c\u4e0b\u710a\u7f1d\u5c55\u793a3-16x12.jpg 16w, https:\/\/www.xinhaowelding.com\/wp-content\/uploads\/2024\/12\/\u8868\u683c\u4e0b\u710a\u7f1d\u5c55\u793a3-600x450.jpg 600w\" sizes=\"(max-width: 1000px) 100vw, 1000px\" \/><\/figure>\n<\/div>\n<\/div><\/div>\n\n\n\n<h2 class=\"wp-block-heading has-large-font-size\"><strong><u><strong>\u4ea7\u54c1\u7ec6\u8282<\/strong><\/u><\/strong><strong><u><strong><\/strong><\/u><\/strong><\/h2>\n\n\n\n<h2 class=\"wp-block-heading has-large-font-size\"><strong>D\u00e9tails du produit<\/strong><strong><\/strong><\/h2>\n\n\n\n<div class=\"wp-block-uagb-container uagb-block-234febd0 alignfull uagb-is-root-container\"><div class=\"uagb-container-inner-blocks-wrap\">\n<div class=\"wp-block-uagb-container uagb-block-e2bdd873\">\n<figure class=\"wp-block-image size-full\"><img loading=\"lazy\" decoding=\"async\" width=\"1000\" height=\"800\" src=\"https:\/\/www.xinhaowelding.com\/wp-content\/uploads\/2024\/12\/\u7ec6\u82821-3.jpg\" alt=\"\" class=\"wp-image-4244\" srcset=\"https:\/\/www.xinhaowelding.com\/wp-content\/uploads\/2024\/12\/\u7ec6\u82821-3.jpg 1000w, https:\/\/www.xinhaowelding.com\/wp-content\/uploads\/2024\/12\/\u7ec6\u82821-3-300x240.jpg 300w, https:\/\/www.xinhaowelding.com\/wp-content\/uploads\/2024\/12\/\u7ec6\u82821-3-768x614.jpg 768w, https:\/\/www.xinhaowelding.com\/wp-content\/uploads\/2024\/12\/\u7ec6\u82821-3-15x12.jpg 15w, https:\/\/www.xinhaowelding.com\/wp-content\/uploads\/2024\/12\/\u7ec6\u82821-3-600x480.jpg 600w\" sizes=\"(max-width: 1000px) 100vw, 1000px\" \/><\/figure>\n<\/div>\n\n\n\n<div class=\"wp-block-uagb-container uagb-block-dab1cc3b\">\n<p class=\"has-large-font-size\"><strong>Positionneur de trous traversants<\/strong><\/p>\n\n\n\n<div class=\"wp-block-group is-layout-constrained wp-block-group-is-layout-constrained\">\n<p>Vitesse constante et uniforme<\/p>\n\n\n\n<p>Positionnement pr\u00e9cis<\/p>\n\n\n\n<p>Soudage automatique<\/p>\n<\/div>\n<\/div>\n<\/div><\/div>\n\n\n\n<div class=\"wp-block-uagb-container uagb-block-58119f91 alignfull uagb-is-root-container\"><div class=\"uagb-container-inner-blocks-wrap\">\n<div class=\"wp-block-uagb-container uagb-block-551064b1\">\n<figure class=\"wp-block-image size-full\"><img loading=\"lazy\" decoding=\"async\" width=\"1000\" height=\"800\" src=\"https:\/\/www.xinhaowelding.com\/wp-content\/uploads\/2024\/12\/\u7ec6\u82822-4.jpg\" alt=\"\" class=\"wp-image-4245\" srcset=\"https:\/\/www.xinhaowelding.com\/wp-content\/uploads\/2024\/12\/\u7ec6\u82822-4.jpg 1000w, https:\/\/www.xinhaowelding.com\/wp-content\/uploads\/2024\/12\/\u7ec6\u82822-4-300x240.jpg 300w, https:\/\/www.xinhaowelding.com\/wp-content\/uploads\/2024\/12\/\u7ec6\u82822-4-768x614.jpg 768w, https:\/\/www.xinhaowelding.com\/wp-content\/uploads\/2024\/12\/\u7ec6\u82822-4-15x12.jpg 15w, https:\/\/www.xinhaowelding.com\/wp-content\/uploads\/2024\/12\/\u7ec6\u82822-4-600x480.jpg 600w\" sizes=\"(max-width: 1000px) 100vw, 1000px\" \/><\/figure>\n<\/div>\n\n\n\n<div class=\"wp-block-uagb-container uagb-block-e5a2bc34\">\n<p class=\"has-large-font-size\"><strong><strong>D\u00e9vidoir de fil \u00e0 double entra\u00eenement<\/strong><\/strong><\/p>\n\n\n\n<div class=\"wp-block-group is-layout-constrained wp-block-group-is-layout-constrained\">\n<p>Antiparasitage haute fr\u00e9quence<\/p>\n\n\n\n<p>Pr\u00e9voir 50 jeux de param\u00e8tres de soudage<\/p>\n\n\n\n<p>Fonctionnement stable<\/p>\n<\/div>\n<\/div>\n<\/div><\/div>\n\n\n\n<div class=\"wp-block-uagb-container uagb-block-3a4075f4 alignfull uagb-is-root-container\"><div class=\"uagb-container-inner-blocks-wrap\">\n<div class=\"wp-block-uagb-container uagb-block-b80ebdf7\">\n<figure class=\"wp-block-image size-full\"><img loading=\"lazy\" decoding=\"async\" width=\"1000\" height=\"800\" src=\"https:\/\/www.xinhaowelding.com\/wp-content\/uploads\/2024\/12\/\u7ec6\u82823-4.jpg\" alt=\"\" class=\"wp-image-4246\" srcset=\"https:\/\/www.xinhaowelding.com\/wp-content\/uploads\/2024\/12\/\u7ec6\u82823-4.jpg 1000w, https:\/\/www.xinhaowelding.com\/wp-content\/uploads\/2024\/12\/\u7ec6\u82823-4-300x240.jpg 300w, https:\/\/www.xinhaowelding.com\/wp-content\/uploads\/2024\/12\/\u7ec6\u82823-4-768x614.jpg 768w, https:\/\/www.xinhaowelding.com\/wp-content\/uploads\/2024\/12\/\u7ec6\u82823-4-15x12.jpg 15w, https:\/\/www.xinhaowelding.com\/wp-content\/uploads\/2024\/12\/\u7ec6\u82823-4-600x480.jpg 600w\" sizes=\"(max-width: 1000px) 100vw, 1000px\" \/><\/figure>\n<\/div>\n\n\n\n<div class=\"wp-block-uagb-container uagb-block-2e13b767\">\n<p class=\"has-large-font-size\"><strong><strong><strong>Mandrin de soudage<\/strong><\/strong><\/strong><\/p>\n\n\n\n<div class=\"wp-block-group is-layout-constrained wp-block-group-is-layout-constrained\">\n<p>Autocentreur mince<\/p>\n\n\n\n<p>Rotation concentrique<\/p>\n\n\n\n<p>Serrage rapide<\/p>\n\n\n\n<p>Grand trou<\/p>\n<\/div>\n<\/div>\n<\/div><\/div>\n\n\n\n<div class=\"wp-block-uagb-container uagb-block-1303ea19 alignfull uagb-is-root-container\"><div class=\"uagb-container-inner-blocks-wrap\">\n<div class=\"wp-block-uagb-container uagb-block-0b226f29\">\n<figure class=\"wp-block-image size-full\"><img loading=\"lazy\" decoding=\"async\" width=\"1000\" height=\"800\" src=\"https:\/\/www.xinhaowelding.com\/wp-content\/uploads\/2024\/12\/\u7ec6\u82824-3.jpg\" alt=\"\" class=\"wp-image-4247\" srcset=\"https:\/\/www.xinhaowelding.com\/wp-content\/uploads\/2024\/12\/\u7ec6\u82824-3.jpg 1000w, https:\/\/www.xinhaowelding.com\/wp-content\/uploads\/2024\/12\/\u7ec6\u82824-3-300x240.jpg 300w, https:\/\/www.xinhaowelding.com\/wp-content\/uploads\/2024\/12\/\u7ec6\u82824-3-768x614.jpg 768w, https:\/\/www.xinhaowelding.com\/wp-content\/uploads\/2024\/12\/\u7ec6\u82824-3-15x12.jpg 15w, https:\/\/www.xinhaowelding.com\/wp-content\/uploads\/2024\/12\/\u7ec6\u82824-3-600x480.jpg 600w\" sizes=\"(max-width: 1000px) 100vw, 1000px\" \/><\/figure>\n<\/div>\n\n\n\n<div class=\"wp-block-uagb-container uagb-block-4f425b30\">\n<p class=\"has-large-font-size\"><strong><strong><strong><strong>Bo\u00eetier de commande PLC<\/strong><\/strong><\/strong><\/strong><\/p>\n\n\n\n<div class=\"wp-block-group is-layout-constrained wp-block-group-is-layout-constrained\">\n<p>Contr\u00f4le intelligent<\/p>\n\n\n\n<p>Fonctionnement sur \u00e9cran tactile<\/p>\n\n\n\n<p>Bouton d'arr\u00eat d'urgence<\/p>\n<\/div>\n<\/div>\n<\/div><\/div>\n\n\n\n<h2 class=\"wp-block-heading has-large-font-size\">\u4ea7\u54c1\u89e3\u6790<\/h2>\n\n\n\n<h2 class=\"wp-block-heading has-large-font-size\">Analyse des produits<\/h2>\n\n\n\n<div class=\"wp-block-uagb-container uagb-block-502be6a2 alignfull uagb-is-root-container\"><div class=\"uagb-container-inner-blocks-wrap\">\n<figure class=\"wp-block-image size-large\"><img loading=\"lazy\" decoding=\"async\" width=\"1024\" height=\"930\" src=\"https:\/\/www.xinhaowelding.com\/wp-content\/uploads\/2024\/12\/\u82f1\u6587\u8bbe\u5907\u6807\u6ce8-1-1024x930.png\" alt=\"\" class=\"wp-image-4541\" srcset=\"https:\/\/www.xinhaowelding.com\/wp-content\/uploads\/2024\/12\/\u82f1\u6587\u8bbe\u5907\u6807\u6ce8-1-1024x930.png 1024w, https:\/\/www.xinhaowelding.com\/wp-content\/uploads\/2024\/12\/\u82f1\u6587\u8bbe\u5907\u6807\u6ce8-1-300x272.png 300w, https:\/\/www.xinhaowelding.com\/wp-content\/uploads\/2024\/12\/\u82f1\u6587\u8bbe\u5907\u6807\u6ce8-1-768x697.png 768w, https:\/\/www.xinhaowelding.com\/wp-content\/uploads\/2024\/12\/\u82f1\u6587\u8bbe\u5907\u6807\u6ce8-1-1536x1395.png 1536w, https:\/\/www.xinhaowelding.com\/wp-content\/uploads\/2024\/12\/\u82f1\u6587\u8bbe\u5907\u6807\u6ce8-1-2048x1859.png 2048w, https:\/\/www.xinhaowelding.com\/wp-content\/uploads\/2024\/12\/\u82f1\u6587\u8bbe\u5907\u6807\u6ce8-1-13x12.png 13w, https:\/\/www.xinhaowelding.com\/wp-content\/uploads\/2024\/12\/\u82f1\u6587\u8bbe\u5907\u6807\u6ce8-1-600x545.png 600w\" sizes=\"(max-width: 1024px) 100vw, 1024px\" \/><\/figure>\n<\/div><\/div>\n\n\n\n<h2 class=\"wp-block-heading has-large-font-size\">\u73b0\u573a\u5b9e\u62cd<\/h2>\n\n\n\n<h2 class=\"wp-block-heading has-large-font-size\">Prise de vue en direct<\/h2>\n\n\n\n<div class=\"wp-block-uagb-container uagb-block-d0f483db alignfull uagb-is-root-container\"><div class=\"uagb-container-inner-blocks-wrap\">\n<div class=\"wp-block-uagb-container uagb-block-3772c1c9\">\n<figure class=\"wp-block-image size-large\"><img loading=\"lazy\" decoding=\"async\" width=\"768\" height=\"1024\" src=\"https:\/\/www.xinhaowelding.com\/wp-content\/uploads\/2024\/12\/IMG_2824-768x1024.jpg\" alt=\"\" class=\"wp-image-4538\" srcset=\"https:\/\/www.xinhaowelding.com\/wp-content\/uploads\/2024\/12\/IMG_2824-768x1024.jpg 768w, https:\/\/www.xinhaowelding.com\/wp-content\/uploads\/2024\/12\/IMG_2824-225x300.jpg 225w, https:\/\/www.xinhaowelding.com\/wp-content\/uploads\/2024\/12\/IMG_2824-1152x1536.jpg 1152w, https:\/\/www.xinhaowelding.com\/wp-content\/uploads\/2024\/12\/IMG_2824-1536x2048.jpg 1536w, https:\/\/www.xinhaowelding.com\/wp-content\/uploads\/2024\/12\/IMG_2824-9x12.jpg 9w, https:\/\/www.xinhaowelding.com\/wp-content\/uploads\/2024\/12\/IMG_2824-600x800.jpg 600w, https:\/\/www.xinhaowelding.com\/wp-content\/uploads\/2024\/12\/IMG_2824-scaled.jpg 1920w\" sizes=\"(max-width: 768px) 100vw, 768px\" \/><\/figure>\n<\/div>\n\n\n\n<div class=\"wp-block-uagb-container uagb-block-cff1d532\">\n<figure class=\"wp-block-image size-large\"><img loading=\"lazy\" decoding=\"async\" width=\"768\" height=\"1024\" src=\"https:\/\/www.xinhaowelding.com\/wp-content\/uploads\/2024\/12\/IMG_2825-768x1024.jpg\" alt=\"\" class=\"wp-image-4539\" srcset=\"https:\/\/www.xinhaowelding.com\/wp-content\/uploads\/2024\/12\/IMG_2825-768x1024.jpg 768w, https:\/\/www.xinhaowelding.com\/wp-content\/uploads\/2024\/12\/IMG_2825-225x300.jpg 225w, https:\/\/www.xinhaowelding.com\/wp-content\/uploads\/2024\/12\/IMG_2825-1152x1536.jpg 1152w, https:\/\/www.xinhaowelding.com\/wp-content\/uploads\/2024\/12\/IMG_2825-1536x2048.jpg 1536w, https:\/\/www.xinhaowelding.com\/wp-content\/uploads\/2024\/12\/IMG_2825-9x12.jpg 9w, https:\/\/www.xinhaowelding.com\/wp-content\/uploads\/2024\/12\/IMG_2825-600x800.jpg 600w, https:\/\/www.xinhaowelding.com\/wp-content\/uploads\/2024\/12\/IMG_2825-scaled.jpg 1920w\" sizes=\"(max-width: 768px) 100vw, 768px\" \/><\/figure>\n<\/div>\n\n\n\n<div class=\"wp-block-uagb-container uagb-block-d8a93748\">\n<figure class=\"wp-block-image size-large\"><img loading=\"lazy\" decoding=\"async\" width=\"768\" height=\"1024\" src=\"https:\/\/www.xinhaowelding.com\/wp-content\/uploads\/2024\/12\/IMG_2823-768x1024.jpg\" alt=\"\" class=\"wp-image-4537\" srcset=\"https:\/\/www.xinhaowelding.com\/wp-content\/uploads\/2024\/12\/IMG_2823-768x1024.jpg 768w, https:\/\/www.xinhaowelding.com\/wp-content\/uploads\/2024\/12\/IMG_2823-225x300.jpg 225w, https:\/\/www.xinhaowelding.com\/wp-content\/uploads\/2024\/12\/IMG_2823-1152x1536.jpg 1152w, https:\/\/www.xinhaowelding.com\/wp-content\/uploads\/2024\/12\/IMG_2823-1536x2048.jpg 1536w, https:\/\/www.xinhaowelding.com\/wp-content\/uploads\/2024\/12\/IMG_2823-9x12.jpg 9w, https:\/\/www.xinhaowelding.com\/wp-content\/uploads\/2024\/12\/IMG_2823-600x800.jpg 600w, https:\/\/www.xinhaowelding.com\/wp-content\/uploads\/2024\/12\/IMG_2823-scaled.jpg 1920w\" sizes=\"(max-width: 768px) 100vw, 768px\" \/><\/figure>\n<\/div>\n\n\n\n<div class=\"wp-block-uagb-container uagb-block-97c7cbe4\">\n<figure class=\"wp-block-image size-large\"><img loading=\"lazy\" decoding=\"async\" width=\"768\" height=\"1024\" src=\"https:\/\/www.xinhaowelding.com\/wp-content\/uploads\/2024\/12\/IMG_2814-1-768x1024.jpg\" alt=\"\" class=\"wp-image-4535\" srcset=\"https:\/\/www.xinhaowelding.com\/wp-content\/uploads\/2024\/12\/IMG_2814-1-768x1024.jpg 768w, https:\/\/www.xinhaowelding.com\/wp-content\/uploads\/2024\/12\/IMG_2814-1-225x300.jpg 225w, https:\/\/www.xinhaowelding.com\/wp-content\/uploads\/2024\/12\/IMG_2814-1-1152x1536.jpg 1152w, https:\/\/www.xinhaowelding.com\/wp-content\/uploads\/2024\/12\/IMG_2814-1-1536x2048.jpg 1536w, https:\/\/www.xinhaowelding.com\/wp-content\/uploads\/2024\/12\/IMG_2814-1-9x12.jpg 9w, https:\/\/www.xinhaowelding.com\/wp-content\/uploads\/2024\/12\/IMG_2814-1-600x800.jpg 600w, https:\/\/www.xinhaowelding.com\/wp-content\/uploads\/2024\/12\/IMG_2814-1-scaled.jpg 1920w\" sizes=\"(max-width: 768px) 100vw, 768px\" \/><\/figure>\n<\/div>\n<\/div><\/div>\n\n\n\n<p><a href=\"http:\/\/www.google.com\" title=\"www.google.com\">www.google.com<\/a><\/p>","protected":false},"excerpt":{"rendered":"<p><strong>ZDH-1140 Soudeur automatique \u00e0 l'arc sous argon | Machine \u00e0 souder TIG de pr\u00e9cision pour la fabrication industrielle | Haute vitesse et performance fiable<\/strong><\/p>","protected":false},"featured_media":4542,"comment_status":"open","ping_status":"closed","template":"","meta":{"om_disable_all_campaigns":false,"_uag_custom_page_level_css":"","_monsterinsights_skip_tracking":false,"_monsterinsights_sitenote_active":false,"_monsterinsights_sitenote_note":"","_monsterinsights_sitenote_category":0,"site-sidebar-layout":"default","site-content-layout":"","ast-site-content-layout":"default","site-content-style":"default","site-sidebar-style":"default","ast-global-header-display":"","ast-banner-title-visibility":"","ast-main-header-display":"","ast-hfb-above-header-display":"","ast-hfb-below-header-display":"","ast-hfb-mobile-header-display":"","site-post-title":"","ast-breadcrumbs-content":"","ast-featured-img":"","footer-sml-layout":"","theme-transparent-header-meta":"","adv-header-id-meta":"","stick-header-meta":"","header-above-stick-meta":"","header-main-stick-meta":"","header-below-stick-meta":"","astra-migrate-meta-layouts":"set","ast-page-background-enabled":"default","ast-page-background-meta":{"desktop":{"background-color":"","background-image":"","background-repeat":"repeat","background-position":"center center","background-size":"auto","background-attachment":"scroll","background-type":"","background-media":"","overlay-type":"","overlay-color":"","overlay-opacity":"","overlay-gradient":""},"tablet":{"background-color":"","background-image":"","background-repeat":"repeat","background-position":"center center","background-size":"auto","background-attachment":"scroll","background-type":"","background-media":"","overlay-type":"","overlay-color":"","overlay-opacity":"","overlay-gradient":""},"mobile":{"background-color":"","background-image":"","background-repeat":"repeat","background-position":"center center","background-size":"auto","background-attachment":"scroll","background-type":"","background-media":"","overlay-type":"","overlay-color":"","overlay-opacity":"","overlay-gradient":""}},"ast-content-background-meta":{"desktop":{"background-color":"var(--ast-global-color-5)","background-image":"","background-repeat":"repeat","background-position":"center center","background-size":"auto","background-attachment":"scroll","background-type":"","background-media":"","overlay-type":"","overlay-color":"","overlay-opacity":"","overlay-gradient":""},"tablet":{"background-color":"var(--ast-global-color-5)","background-image":"","background-repeat":"repeat","background-position":"center center","background-size":"auto","background-attachment":"scroll","background-type":"","background-media":"","overlay-type":"","overlay-color":"","overlay-opacity":"","overlay-gradient":""},"mobile":{"background-color":"var(--ast-global-color-5)","background-image":"","background-repeat":"repeat","background-position":"center center","background-size":"auto","background-attachment":"scroll","background-type":"","background-media":"","overlay-type":"","overlay-color":"","overlay-opacity":"","overlay-gradient":""}}},"product_brand":[],"product_cat":[67,57],"product_tag":[],"class_list":{"0":"post-4234","1":"product","2":"type-product","3":"status-publish","4":"has-post-thumbnail","6":"product_cat-argon-arc-automatic-welding","7":"product_cat-automatic-welding-equipment","8":"desktop-align-left","9":"tablet-align-left","10":"mobile-align-left","12":"first","13":"instock","14":"shipping-taxable","15":"product-type-simple"},"aioseo_notices":[],"uagb_featured_image_src":{"full":["https:\/\/www.xinhaowelding.com\/wp-content\/uploads\/2024\/12\/1-15.jpg",800,800,false],"thumbnail":["https:\/\/www.xinhaowelding.com\/wp-content\/uploads\/2024\/12\/1-15-150x150.jpg",150,150,true],"medium":["https:\/\/www.xinhaowelding.com\/wp-content\/uploads\/2024\/12\/1-15-300x300.jpg",300,300,true],"medium_large":["https:\/\/www.xinhaowelding.com\/wp-content\/uploads\/2024\/12\/1-15-768x768.jpg",768,768,true],"large":["https:\/\/www.xinhaowelding.com\/wp-content\/uploads\/2024\/12\/1-15.jpg",800,800,false],"1536x1536":["https:\/\/www.xinhaowelding.com\/wp-content\/uploads\/2024\/12\/1-15.jpg",800,800,false],"2048x2048":["https:\/\/www.xinhaowelding.com\/wp-content\/uploads\/2024\/12\/1-15.jpg",800,800,false],"trp-custom-language-flag":["https:\/\/www.xinhaowelding.com\/wp-content\/uploads\/2024\/12\/1-15-12x12.jpg",12,12,true],"woocommerce_thumbnail":["https:\/\/www.xinhaowelding.com\/wp-content\/uploads\/2024\/12\/1-15-600x600.jpg",600,600,true],"woocommerce_single":["https:\/\/www.xinhaowelding.com\/wp-content\/uploads\/2024\/12\/1-15-600x600.jpg",600,600,true],"woocommerce_gallery_thumbnail":["https:\/\/www.xinhaowelding.com\/wp-content\/uploads\/2024\/12\/1-15-100x100.jpg",100,100,true]},"uagb_author_info":{"display_name":"jinxing6611@gmail.com","author_link":"https:\/\/www.xinhaowelding.com\/fr\/author\/"},"uagb_comment_info":0,"uagb_excerpt":"ZDH-1140 Automatic Argon Arc Welder | Precision TIG Welding Machine for Industrial Fabrication | High-Speed &amp; Reliable Performance","_links":{"self":[{"href":"https:\/\/www.xinhaowelding.com\/fr\/wp-json\/wp\/v2\/product\/4234","targetHints":{"allow":["GET"]}}],"collection":[{"href":"https:\/\/www.xinhaowelding.com\/fr\/wp-json\/wp\/v2\/product"}],"about":[{"href":"https:\/\/www.xinhaowelding.com\/fr\/wp-json\/wp\/v2\/types\/product"}],"replies":[{"embeddable":true,"href":"https:\/\/www.xinhaowelding.com\/fr\/wp-json\/wp\/v2\/comments?post=4234"}],"wp:featuredmedia":[{"embeddable":true,"href":"https:\/\/www.xinhaowelding.com\/fr\/wp-json\/wp\/v2\/media\/4542"}],"wp:attachment":[{"href":"https:\/\/www.xinhaowelding.com\/fr\/wp-json\/wp\/v2\/media?parent=4234"}],"wp:term":[{"taxonomy":"product_brand","embeddable":true,"href":"https:\/\/www.xinhaowelding.com\/fr\/wp-json\/wp\/v2\/product_brand?post=4234"},{"taxonomy":"product_cat","embeddable":true,"href":"https:\/\/www.xinhaowelding.com\/fr\/wp-json\/wp\/v2\/product_cat?post=4234"},{"taxonomy":"product_tag","embeddable":true,"href":"https:\/\/www.xinhaowelding.com\/fr\/wp-json\/wp\/v2\/product_tag?post=4234"}],"curies":[{"name":"wp","href":"https:\/\/api.w.org\/{rel}","templated":true}]}}