{"id":4295,"date":"2024-12-07T06:16:02","date_gmt":"2024-12-07T06:16:02","guid":{"rendered":"https:\/\/www.xinhaowelding.com\/?post_type=product&#038;p=4295"},"modified":"2025-04-02T01:41:21","modified_gmt":"2025-04-02T01:41:21","slug":"horizontal-autoatic-welding","status":"publish","type":"product","link":"https:\/\/www.xinhaowelding.com\/fr\/produit\/horizontal-autoatic-welding\/","title":{"rendered":"Machines \u00e0 souder automatiques horizontales - Fabrication de r\u00e9servoirs"},"content":{"rendered":"<h2 class=\"wp-block-heading\"><strong><a href=\"https:\/\/www.xinhaowelding.com\/fr\/produit\/horizontal-autoatic-welding\/\" title=\"\u5367\u5f0f\u81ea\u52a8\u710a\">\u5367\u5f0f\u81ea\u52a8\u710a<\/a><\/strong><\/h2>\n\n\n\n<h2 class=\"wp-block-heading\">Soudage automatique horizontal<\/h2>\n\n\n\n<ul class=\"wp-block-list\">\n<li><strong>Contr\u00f4le des mouvements de pr\u00e9cision<\/strong>: Le ch\u00e2ssis est \u00e9quip\u00e9 d'un syst\u00e8me de contr\u00f4le des mouvements de haute pr\u00e9cision qui peut contr\u00f4ler avec exactitude le mouvement de l'\u00e9quipement de soudage dans la direction horizontale. Cela garantit que la torche de soudage suit la trajectoire de soudage souhait\u00e9e avec une grande pr\u00e9cision, ce qui permet d'obtenir une excellente qualit\u00e9 de soudage.<\/li>\n\n\n\n<li><strong>Syst\u00e8me d'entra\u00eenement puissant<\/strong>: Un puissant syst\u00e8me d'entra\u00eenement fournit la force n\u00e9cessaire pour d\u00e9placer l'\u00e9quipement de soudage rapidement et en douceur. Le syst\u00e8me offre une commande de vitesse variable, ce qui permet d'ajuster les diff\u00e9rentes vitesses de soudage en fonction du processus de soudage sp\u00e9cifique et des exigences du mat\u00e9riau.<\/li>\n\n\n\n<li><strong>Protection de la s\u00e9curit\u00e9<\/strong>: Le cadre est \u00e9quip\u00e9 d'un syst\u00e8me de protection complet, comprenant des boutons d'arr\u00eat d'urgence, des protections et une protection contre les surcharges. Ces caract\u00e9ristiques garantissent la s\u00e9curit\u00e9 des op\u00e9rateurs et de l'\u00e9quipement pendant le processus de soudage.<\/li>\n<\/ul>\n\n\n\n<p>Le lit est soud\u00e9 par un tube rectangulaire, et l'apparence est peinte. La transmission est assur\u00e9e par un moteur pas \u00e0 pas \u00e0 engrenage, durable. Le dispositif de d\u00e9placement est constitu\u00e9 d'un rail de guidage et d'un curseur, avec des mouvements fluides et une grande pr\u00e9cision. Il est \u00e9quip\u00e9 d'un m\u00e9canisme d'oscillation, de joints mobiles bidimensionnels et peut ajuster l'angle de la torche de soudage. Il convient au soudage automatique des joints annulaires C02, et deux ensembles de dispositifs de torche de soudage peuvent \u00eatre configur\u00e9s.<\/p>\n\n\n\n<p> Configuration standard : moteur principal, base, support de levage, hayon pneumatique, poutre coulissante, pistolet inf\u00e9rieur pneumatique, soudeuse Autec, bo\u00eete de commande \u00e0 \u00e9cran tactile PLC\/bo\u00eete de commande manuelle, p\u00e9dale de commande, etc.<\/p>\n\n\n\n<p> L'ensemble de la machine est garanti gratuitement pendant un an, l'installation et le d\u00e9bogage sont gratuits, le processus de soudage est guid\u00e9, le personnel est form\u00e9.<\/p>\n\n\n\n<p>Personnalisation de l'assistance.<\/p>\n\n\n\n<figure class=\"wp-block-table\"><table class=\"has-fixed-layout\"><tbody><tr><td><strong>Num\u00e9ro de mod\u00e8le<\/strong><strong><\/strong><\/td><td><strong>Soudage automatique horizontal<\/strong><strong><\/strong><\/td><\/tr><tr><td>charge<\/td><td>300KG<\/td><\/tr><tr><td>Vitesse de rotation<\/td><td>0,5-5r\/M<\/td><\/tr><tr><td>Voyage en cal\u00e8che<\/td><td>200mm<\/td><\/tr><tr><td>Hauteur de la colonne<\/td><td>1000mm<\/td><\/tr><tr><td>Diam\u00e8tre de serrage<\/td><td>20-500mm<\/td><\/tr><tr><td>Poids de l'\u00e9quipement<\/td><td>680KG<\/td><\/tr><tr><td>Course ascendante et descendante de la torche de soudage<\/td><td>100mm<\/td><\/tr><tr><td>Course pneumatique de l'extr\u00e9mit\u00e9 sup\u00e9rieure de la queue<\/td><td>150 mm<\/td><\/tr><tr><td>Tension d'entr\u00e9e<\/td><td>AC22V 50HZ<\/td><\/tr><tr><td>Machine tournante<\/td><td>86 moteur pas \u00e0 pas<\/td><\/tr><\/tbody><\/table><\/figure>\n\n\n\n<div class=\"wp-block-uagb-container uagb-block-e5f1db80 alignfull uagb-is-root-container\"><div class=\"uagb-container-inner-blocks-wrap\">\n<figure class=\"wp-block-image size-large is-resized\"><img fetchpriority=\"high\" decoding=\"async\" width=\"1024\" height=\"521\" src=\"https:\/\/www.xinhaowelding.com\/wp-content\/uploads\/2024\/12\/\u5c55\u793a-1024x521.png\" alt=\"\" class=\"wp-image-4305\" style=\"width:1200px;height:auto\" srcset=\"https:\/\/www.xinhaowelding.com\/wp-content\/uploads\/2024\/12\/\u5c55\u793a-1024x521.png 1024w, https:\/\/www.xinhaowelding.com\/wp-content\/uploads\/2024\/12\/\u5c55\u793a-300x153.png 300w, https:\/\/www.xinhaowelding.com\/wp-content\/uploads\/2024\/12\/\u5c55\u793a-768x390.png 768w, https:\/\/www.xinhaowelding.com\/wp-content\/uploads\/2024\/12\/\u5c55\u793a-1536x781.png 1536w, https:\/\/www.xinhaowelding.com\/wp-content\/uploads\/2024\/12\/\u5c55\u793a-18x9.png 18w, https:\/\/www.xinhaowelding.com\/wp-content\/uploads\/2024\/12\/\u5c55\u793a-600x305.png 600w, https:\/\/www.xinhaowelding.com\/wp-content\/uploads\/2024\/12\/\u5c55\u793a.png 1957w\" sizes=\"(max-width: 1024px) 100vw, 1024px\" \/><\/figure>\n<\/div><\/div>\n\n\n\n<h2 class=\"wp-block-heading has-large-font-size\"><strong><u><strong>\u4ea7\u54c1\u7ec6\u8282<\/strong><\/u><\/strong><strong><u><strong><\/strong><\/u><\/strong><\/h2>\n\n\n\n<h2 class=\"wp-block-heading has-large-font-size\"><strong>D\u00e9tails du produit<\/strong><strong><\/strong><\/h2>\n\n\n\n<div class=\"wp-block-uagb-container uagb-block-71941ccb alignfull uagb-is-root-container\"><div class=\"uagb-container-inner-blocks-wrap\">\n<div class=\"wp-block-uagb-container uagb-block-129d47e6\">\n<figure class=\"wp-block-image size-full\"><img decoding=\"async\" width=\"1000\" height=\"800\" src=\"https:\/\/www.xinhaowelding.com\/wp-content\/uploads\/2024\/12\/\u7ec6\u82821-6.jpg\" alt=\"\" class=\"wp-image-4301\" srcset=\"https:\/\/www.xinhaowelding.com\/wp-content\/uploads\/2024\/12\/\u7ec6\u82821-6.jpg 1000w, https:\/\/www.xinhaowelding.com\/wp-content\/uploads\/2024\/12\/\u7ec6\u82821-6-300x240.jpg 300w, https:\/\/www.xinhaowelding.com\/wp-content\/uploads\/2024\/12\/\u7ec6\u82821-6-768x614.jpg 768w, https:\/\/www.xinhaowelding.com\/wp-content\/uploads\/2024\/12\/\u7ec6\u82821-6-15x12.jpg 15w, https:\/\/www.xinhaowelding.com\/wp-content\/uploads\/2024\/12\/\u7ec6\u82821-6-600x480.jpg 600w\" sizes=\"(max-width: 1000px) 100vw, 1000px\" \/><\/figure>\n<\/div>\n\n\n\n<div class=\"wp-block-uagb-container uagb-block-3c5ef77e\">\n<p class=\"has-large-font-size\"><strong>Bo\u00eetier de commande PLC<\/strong><\/p>\n\n\n\n<div class=\"wp-block-group is-layout-constrained wp-block-group-is-layout-constrained\">\n<p>Armoire de commande verticale en option<\/p>\n\n\n\n<p>Commande num\u00e9rique intelligente, fonctionnement stable<\/p>\n<\/div>\n<\/div>\n<\/div><\/div>\n\n\n\n<div class=\"wp-block-uagb-container uagb-block-af7526e4 alignfull uagb-is-root-container\"><div class=\"uagb-container-inner-blocks-wrap\">\n<div class=\"wp-block-uagb-container uagb-block-e6e7afab\">\n<figure class=\"wp-block-image size-full\"><img decoding=\"async\" width=\"1000\" height=\"800\" src=\"https:\/\/www.xinhaowelding.com\/wp-content\/uploads\/2024\/12\/\u7ec6\u82822.1-1.jpg\" alt=\"\" class=\"wp-image-4307\" srcset=\"https:\/\/www.xinhaowelding.com\/wp-content\/uploads\/2024\/12\/\u7ec6\u82822.1-1.jpg 1000w, https:\/\/www.xinhaowelding.com\/wp-content\/uploads\/2024\/12\/\u7ec6\u82822.1-1-300x240.jpg 300w, https:\/\/www.xinhaowelding.com\/wp-content\/uploads\/2024\/12\/\u7ec6\u82822.1-1-768x614.jpg 768w, https:\/\/www.xinhaowelding.com\/wp-content\/uploads\/2024\/12\/\u7ec6\u82822.1-1-15x12.jpg 15w, https:\/\/www.xinhaowelding.com\/wp-content\/uploads\/2024\/12\/\u7ec6\u82822.1-1-600x480.jpg 600w\" sizes=\"(max-width: 1000px) 100vw, 1000px\" \/><\/figure>\n<\/div>\n\n\n\n<div class=\"wp-block-uagb-container uagb-block-dc3ca5b0\">\n<p class=\"has-large-font-size\"><strong><strong>Positionneur de trous traversants<\/strong><\/strong><\/p>\n\n\n\n<div class=\"wp-block-group is-layout-constrained wp-block-group-is-layout-constrained\">\n<p>Il peut accueillir des pi\u00e8ces de diff\u00e9rents diam\u00e8tres<\/p>\n\n\n\n<p>Le serrage est stable et pr\u00e9cis<\/p>\n<\/div>\n<\/div>\n<\/div><\/div>\n\n\n\n<div class=\"wp-block-uagb-container uagb-block-a97b0d20 alignfull uagb-is-root-container\"><div class=\"uagb-container-inner-blocks-wrap\">\n<div class=\"wp-block-uagb-container uagb-block-ea8e798e\">\n<figure class=\"wp-block-image size-full\"><img loading=\"lazy\" decoding=\"async\" width=\"1000\" height=\"800\" src=\"https:\/\/www.xinhaowelding.com\/wp-content\/uploads\/2024\/12\/\u7ec6\u82823-6.jpg\" alt=\"\" class=\"wp-image-4303\" srcset=\"https:\/\/www.xinhaowelding.com\/wp-content\/uploads\/2024\/12\/\u7ec6\u82823-6.jpg 1000w, https:\/\/www.xinhaowelding.com\/wp-content\/uploads\/2024\/12\/\u7ec6\u82823-6-300x240.jpg 300w, https:\/\/www.xinhaowelding.com\/wp-content\/uploads\/2024\/12\/\u7ec6\u82823-6-768x614.jpg 768w, https:\/\/www.xinhaowelding.com\/wp-content\/uploads\/2024\/12\/\u7ec6\u82823-6-15x12.jpg 15w, https:\/\/www.xinhaowelding.com\/wp-content\/uploads\/2024\/12\/\u7ec6\u82823-6-600x480.jpg 600w\" sizes=\"(max-width: 1000px) 100vw, 1000px\" \/><\/figure>\n<\/div>\n\n\n\n<div class=\"wp-block-uagb-container uagb-block-c9893407\">\n<p class=\"has-large-font-size\"><strong><strong><strong>D\u00e9vidoir de fil de fer \u00e0 86 \u00e9chelons<\/strong><\/strong><\/strong><\/p>\n\n\n\n<div class=\"wp-block-group is-layout-constrained wp-block-group-is-layout-constrained\">\n<p>Avancement automatique du fil<\/p>\n\n\n\n<p>Soudage facile<\/p>\n<\/div>\n<\/div>\n<\/div><\/div>\n\n\n\n<div class=\"wp-block-uagb-container uagb-block-ec443b08 alignfull uagb-is-root-container\"><div class=\"uagb-container-inner-blocks-wrap\">\n<div class=\"wp-block-uagb-container uagb-block-cd182961\">\n<figure class=\"wp-block-image size-full\"><img loading=\"lazy\" decoding=\"async\" width=\"1000\" height=\"800\" src=\"https:\/\/www.xinhaowelding.com\/wp-content\/uploads\/2024\/12\/\u7ec6\u82824-5.jpg\" alt=\"\" class=\"wp-image-4304\" srcset=\"https:\/\/www.xinhaowelding.com\/wp-content\/uploads\/2024\/12\/\u7ec6\u82824-5.jpg 1000w, https:\/\/www.xinhaowelding.com\/wp-content\/uploads\/2024\/12\/\u7ec6\u82824-5-300x240.jpg 300w, https:\/\/www.xinhaowelding.com\/wp-content\/uploads\/2024\/12\/\u7ec6\u82824-5-768x614.jpg 768w, https:\/\/www.xinhaowelding.com\/wp-content\/uploads\/2024\/12\/\u7ec6\u82824-5-15x12.jpg 15w, https:\/\/www.xinhaowelding.com\/wp-content\/uploads\/2024\/12\/\u7ec6\u82824-5-600x480.jpg 600w\" sizes=\"(max-width: 1000px) 100vw, 1000px\" \/><\/figure>\n<\/div>\n\n\n\n<div class=\"wp-block-uagb-container uagb-block-d5cd0891\">\n<p class=\"has-large-font-size\"><strong><strong><strong><strong>Mandrin de soudage<\/strong><\/strong><\/strong><\/strong><\/p>\n\n\n\n<div class=\"wp-block-group is-layout-constrained wp-block-group-is-layout-constrained\">\n<p>Autocentreur mince<\/p>\n\n\n\n<p>Rotation concentrique<\/p>\n\n\n\n<p>Serrage rapide<\/p>\n\n\n\n<p>Grand trou<\/p>\n<\/div>\n<\/div>\n<\/div><\/div>\n\n\n\n<h2 class=\"wp-block-heading has-large-font-size\">\u4ea7\u54c1\u89e3\u6790<\/h2>\n\n\n\n<h2 class=\"wp-block-heading has-large-font-size\">Analyse des produits<\/h2>\n\n\n\n<div class=\"wp-block-uagb-container uagb-block-3a94d245 alignfull uagb-is-root-container\"><div class=\"uagb-container-inner-blocks-wrap\">\n<figure class=\"wp-block-image size-full is-resized\"><img loading=\"lazy\" decoding=\"async\" width=\"1000\" height=\"750\" src=\"https:\/\/www.xinhaowelding.com\/wp-content\/uploads\/2024\/12\/\u5367\u5f0f\u53cc\u67aa\u81ea\u52a8\u710a\u89e3\u6790.png\" alt=\"\" class=\"wp-image-4300\" style=\"width:1200px;height:auto\" srcset=\"https:\/\/www.xinhaowelding.com\/wp-content\/uploads\/2024\/12\/\u5367\u5f0f\u53cc\u67aa\u81ea\u52a8\u710a\u89e3\u6790.png 1000w, https:\/\/www.xinhaowelding.com\/wp-content\/uploads\/2024\/12\/\u5367\u5f0f\u53cc\u67aa\u81ea\u52a8\u710a\u89e3\u6790-300x225.png 300w, https:\/\/www.xinhaowelding.com\/wp-content\/uploads\/2024\/12\/\u5367\u5f0f\u53cc\u67aa\u81ea\u52a8\u710a\u89e3\u6790-768x576.png 768w, https:\/\/www.xinhaowelding.com\/wp-content\/uploads\/2024\/12\/\u5367\u5f0f\u53cc\u67aa\u81ea\u52a8\u710a\u89e3\u6790-16x12.png 16w, https:\/\/www.xinhaowelding.com\/wp-content\/uploads\/2024\/12\/\u5367\u5f0f\u53cc\u67aa\u81ea\u52a8\u710a\u89e3\u6790-600x450.png 600w\" sizes=\"(max-width: 1000px) 100vw, 1000px\" \/><\/figure>\n<\/div><\/div>\n\n\n\n<h2 class=\"wp-block-heading has-large-font-size\">\u73b0\u573a\u5b9e\u62cd<\/h2>\n\n\n\n<h2 class=\"wp-block-heading has-large-font-size\">Prise de vue en direct<\/h2>\n\n\n\n<div class=\"wp-block-uagb-container uagb-block-c353cc48 alignfull uagb-is-root-container\"><div class=\"uagb-container-inner-blocks-wrap\">\n<div class=\"wp-block-uagb-container uagb-block-fd9261dc\">\n<figure class=\"wp-block-image size-full\"><img loading=\"lazy\" decoding=\"async\" width=\"1000\" height=\"750\" src=\"https:\/\/www.xinhaowelding.com\/wp-content\/uploads\/2024\/12\/\u5b9e\u62cd1-9.jpg\" alt=\"\" class=\"wp-image-4296\" srcset=\"https:\/\/www.xinhaowelding.com\/wp-content\/uploads\/2024\/12\/\u5b9e\u62cd1-9.jpg 1000w, https:\/\/www.xinhaowelding.com\/wp-content\/uploads\/2024\/12\/\u5b9e\u62cd1-9-300x225.jpg 300w, https:\/\/www.xinhaowelding.com\/wp-content\/uploads\/2024\/12\/\u5b9e\u62cd1-9-768x576.jpg 768w, https:\/\/www.xinhaowelding.com\/wp-content\/uploads\/2024\/12\/\u5b9e\u62cd1-9-16x12.jpg 16w, https:\/\/www.xinhaowelding.com\/wp-content\/uploads\/2024\/12\/\u5b9e\u62cd1-9-600x450.jpg 600w\" sizes=\"(max-width: 1000px) 100vw, 1000px\" \/><\/figure>\n<\/div>\n\n\n\n<div class=\"wp-block-uagb-container uagb-block-e8136135\">\n<figure class=\"wp-block-image size-full\"><img loading=\"lazy\" decoding=\"async\" width=\"1000\" height=\"750\" src=\"https:\/\/www.xinhaowelding.com\/wp-content\/uploads\/2024\/12\/\u5b9e\u62cd2-9.jpg\" alt=\"\" class=\"wp-image-4297\" srcset=\"https:\/\/www.xinhaowelding.com\/wp-content\/uploads\/2024\/12\/\u5b9e\u62cd2-9.jpg 1000w, https:\/\/www.xinhaowelding.com\/wp-content\/uploads\/2024\/12\/\u5b9e\u62cd2-9-300x225.jpg 300w, https:\/\/www.xinhaowelding.com\/wp-content\/uploads\/2024\/12\/\u5b9e\u62cd2-9-768x576.jpg 768w, https:\/\/www.xinhaowelding.com\/wp-content\/uploads\/2024\/12\/\u5b9e\u62cd2-9-16x12.jpg 16w, https:\/\/www.xinhaowelding.com\/wp-content\/uploads\/2024\/12\/\u5b9e\u62cd2-9-600x450.jpg 600w\" sizes=\"(max-width: 1000px) 100vw, 1000px\" \/><\/figure>\n<\/div>\n\n\n\n<div class=\"wp-block-uagb-container uagb-block-2159fc2a\">\n<figure class=\"wp-block-image size-full\"><img loading=\"lazy\" decoding=\"async\" width=\"1000\" height=\"750\" src=\"https:\/\/www.xinhaowelding.com\/wp-content\/uploads\/2024\/12\/\u5b9e\u62cd3-10.jpg\" alt=\"\" class=\"wp-image-4298\" srcset=\"https:\/\/www.xinhaowelding.com\/wp-content\/uploads\/2024\/12\/\u5b9e\u62cd3-10.jpg 1000w, https:\/\/www.xinhaowelding.com\/wp-content\/uploads\/2024\/12\/\u5b9e\u62cd3-10-300x225.jpg 300w, https:\/\/www.xinhaowelding.com\/wp-content\/uploads\/2024\/12\/\u5b9e\u62cd3-10-768x576.jpg 768w, https:\/\/www.xinhaowelding.com\/wp-content\/uploads\/2024\/12\/\u5b9e\u62cd3-10-16x12.jpg 16w, https:\/\/www.xinhaowelding.com\/wp-content\/uploads\/2024\/12\/\u5b9e\u62cd3-10-600x450.jpg 600w\" sizes=\"(max-width: 1000px) 100vw, 1000px\" \/><\/figure>\n<\/div>\n\n\n\n<div class=\"wp-block-uagb-container uagb-block-bfcc4543\">\n<figure class=\"wp-block-image size-full\"><img loading=\"lazy\" decoding=\"async\" width=\"1000\" height=\"750\" src=\"https:\/\/www.xinhaowelding.com\/wp-content\/uploads\/2024\/12\/\u5b9e\u62cd4-10.jpg\" alt=\"\" class=\"wp-image-4299\" srcset=\"https:\/\/www.xinhaowelding.com\/wp-content\/uploads\/2024\/12\/\u5b9e\u62cd4-10.jpg 1000w, https:\/\/www.xinhaowelding.com\/wp-content\/uploads\/2024\/12\/\u5b9e\u62cd4-10-300x225.jpg 300w, https:\/\/www.xinhaowelding.com\/wp-content\/uploads\/2024\/12\/\u5b9e\u62cd4-10-768x576.jpg 768w, https:\/\/www.xinhaowelding.com\/wp-content\/uploads\/2024\/12\/\u5b9e\u62cd4-10-16x12.jpg 16w, https:\/\/www.xinhaowelding.com\/wp-content\/uploads\/2024\/12\/\u5b9e\u62cd4-10-600x450.jpg 600w\" sizes=\"(max-width: 1000px) 100vw, 1000px\" \/><\/figure>\n<\/div>\n<\/div><\/div>\n\n\n\n<p><a href=\"http:\/\/www.google.com\" title=\"www.google.com\">www.google.com<\/a><\/p>","protected":false},"excerpt":{"rendered":"<p>Machine \u00e0 souder horizontale automatique \u00e0 double pistolet soudage \u00e0 l'arc sous argon soudage \u00e0 deux protections soudage automatique soudage \u00e0 l'anneau \u00e9quipement pneumatique<\/p>","protected":false},"featured_media":4320,"comment_status":"open","ping_status":"closed","template":"","meta":{"om_disable_all_campaigns":false,"_uag_custom_page_level_css":"","_monsterinsights_skip_tracking":false,"_monsterinsights_sitenote_active":false,"_monsterinsights_sitenote_note":"","_monsterinsights_sitenote_category":0,"site-sidebar-layout":"default","site-content-layout":"","ast-site-content-layout":"default","site-content-style":"default","site-sidebar-style":"default","ast-global-header-display":"","ast-banner-title-visibility":"","ast-main-header-display":"","ast-hfb-above-header-display":"","ast-hfb-below-header-display":"","ast-hfb-mobile-header-display":"","site-post-title":"","ast-breadcrumbs-content":"","ast-featured-img":"","footer-sml-layout":"","theme-transparent-header-meta":"","adv-header-id-meta":"","stick-header-meta":"","header-above-stick-meta":"","header-main-stick-meta":"","header-below-stick-meta":"","astra-migrate-meta-layouts":"set","ast-page-background-enabled":"default","ast-page-background-meta":{"desktop":{"background-color":"","background-image":"","background-repeat":"repeat","background-position":"center center","background-size":"auto","background-attachment":"scroll","background-type":"","background-media":"","overlay-type":"","overlay-color":"","overlay-opacity":"","overlay-gradient":""},"tablet":{"background-color":"","background-image":"","background-repeat":"repeat","background-position":"center center","background-size":"auto","background-attachment":"scroll","background-type":"","background-media":"","overlay-type":"","overlay-color":"","overlay-opacity":"","overlay-gradient":""},"mobile":{"background-color":"","background-image":"","background-repeat":"repeat","background-position":"center center","background-size":"auto","background-attachment":"scroll","background-type":"","background-media":"","overlay-type":"","overlay-color":"","overlay-opacity":"","overlay-gradient":""}},"ast-content-background-meta":{"desktop":{"background-color":"var(--ast-global-color-5)","background-image":"","background-repeat":"repeat","background-position":"center center","background-size":"auto","background-attachment":"scroll","background-type":"","background-media":"","overlay-type":"","overlay-color":"","overlay-opacity":"","overlay-gradient":""},"tablet":{"background-color":"var(--ast-global-color-5)","background-image":"","background-repeat":"repeat","background-position":"center center","background-size":"auto","background-attachment":"scroll","background-type":"","background-media":"","overlay-type":"","overlay-color":"","overlay-opacity":"","overlay-gradient":""},"mobile":{"background-color":"var(--ast-global-color-5)","background-image":"","background-repeat":"repeat","background-position":"center center","background-size":"auto","background-attachment":"scroll","background-type":"","background-media":"","overlay-type":"","overlay-color":"","overlay-opacity":"","overlay-gradient":""}}},"product_brand":[],"product_cat":[67,57],"product_tag":[],"class_list":{"0":"post-4295","1":"product","2":"type-product","3":"status-publish","4":"has-post-thumbnail","6":"product_cat-argon-arc-automatic-welding","7":"product_cat-automatic-welding-equipment","8":"desktop-align-left","9":"tablet-align-left","10":"mobile-align-left","12":"first","13":"instock","14":"shipping-taxable","15":"product-type-simple"},"aioseo_notices":[],"uagb_featured_image_src":{"full":["https:\/\/www.xinhaowelding.com\/wp-content\/uploads\/2024\/12\/1-9.jpg",800,800,false],"thumbnail":["https:\/\/www.xinhaowelding.com\/wp-content\/uploads\/2024\/12\/1-9-150x150.jpg",150,150,true],"medium":["https:\/\/www.xinhaowelding.com\/wp-content\/uploads\/2024\/12\/1-9-300x300.jpg",300,300,true],"medium_large":["https:\/\/www.xinhaowelding.com\/wp-content\/uploads\/2024\/12\/1-9-768x768.jpg",768,768,true],"large":["https:\/\/www.xinhaowelding.com\/wp-content\/uploads\/2024\/12\/1-9.jpg",800,800,false],"1536x1536":["https:\/\/www.xinhaowelding.com\/wp-content\/uploads\/2024\/12\/1-9.jpg",800,800,false],"2048x2048":["https:\/\/www.xinhaowelding.com\/wp-content\/uploads\/2024\/12\/1-9.jpg",800,800,false],"trp-custom-language-flag":["https:\/\/www.xinhaowelding.com\/wp-content\/uploads\/2024\/12\/1-9-12x12.jpg",12,12,true],"woocommerce_thumbnail":["https:\/\/www.xinhaowelding.com\/wp-content\/uploads\/2024\/12\/1-9-600x600.jpg",600,600,true],"woocommerce_single":["https:\/\/www.xinhaowelding.com\/wp-content\/uploads\/2024\/12\/1-9-600x600.jpg",600,600,true],"woocommerce_gallery_thumbnail":["https:\/\/www.xinhaowelding.com\/wp-content\/uploads\/2024\/12\/1-9-100x100.jpg",100,100,true]},"uagb_author_info":{"display_name":"jinxing6611@gmail.com","author_link":"https:\/\/www.xinhaowelding.com\/fr\/author\/"},"uagb_comment_info":0,"uagb_excerpt":"Horizontal double gun automatic welding machine argon arc welding two protection welding automatic welding ring welding pneumatic equipment","_links":{"self":[{"href":"https:\/\/www.xinhaowelding.com\/fr\/wp-json\/wp\/v2\/product\/4295","targetHints":{"allow":["GET"]}}],"collection":[{"href":"https:\/\/www.xinhaowelding.com\/fr\/wp-json\/wp\/v2\/product"}],"about":[{"href":"https:\/\/www.xinhaowelding.com\/fr\/wp-json\/wp\/v2\/types\/product"}],"replies":[{"embeddable":true,"href":"https:\/\/www.xinhaowelding.com\/fr\/wp-json\/wp\/v2\/comments?post=4295"}],"wp:featuredmedia":[{"embeddable":true,"href":"https:\/\/www.xinhaowelding.com\/fr\/wp-json\/wp\/v2\/media\/4320"}],"wp:attachment":[{"href":"https:\/\/www.xinhaowelding.com\/fr\/wp-json\/wp\/v2\/media?parent=4295"}],"wp:term":[{"taxonomy":"product_brand","embeddable":true,"href":"https:\/\/www.xinhaowelding.com\/fr\/wp-json\/wp\/v2\/product_brand?post=4295"},{"taxonomy":"product_cat","embeddable":true,"href":"https:\/\/www.xinhaowelding.com\/fr\/wp-json\/wp\/v2\/product_cat?post=4295"},{"taxonomy":"product_tag","embeddable":true,"href":"https:\/\/www.xinhaowelding.com\/fr\/wp-json\/wp\/v2\/product_tag?post=4295"}],"curies":[{"name":"wp","href":"https:\/\/api.w.org\/{rel}","templated":true}]}}