{"id":4565,"date":"2025-04-09T06:44:36","date_gmt":"2025-04-09T06:44:36","guid":{"rendered":"https:\/\/www.xinhaowelding.com\/?post_type=product&#038;p=4565"},"modified":"2025-04-09T06:46:02","modified_gmt":"2025-04-09T06:46:02","slug":"zdh-1140-6-axis-cnc-tig-welder-auto-argon-arc-welding","status":"publish","type":"product","link":"https:\/\/www.xinhaowelding.com\/fr\/produit\/zdh-1140-6-axis-cnc-tig-welder-auto-argon-arc-welding\/","title":{"rendered":"ZDH-1140 Soudeuse TIG CNC 6 axes | Soudage \u00e0 l'arc sous argon automatique"},"content":{"rendered":"<h2 class=\"wp-block-heading\"><a href=\"https:\/\/www.xinhaowelding.com\/fr\/produit\/zdh-1140-6-axis-cnc-tig-welder-auto-argon-arc-welding\/\" title=\"\u6c29\u5f27\u81ea\u52a8\u710a1140\uff08\u516d\u8f74\uff09\">\u6c29\u5f27\u81ea\u52a8\u710a1140\uff08\u516d\u8f74\uff09<\/a><\/h2>\n\n\n\n<h3 class=\"wp-block-heading\">ZDH - 1140 Machine \u00e0 souder TIG automatique \u00e0 six axes<\/h3>\n\n\n\n<p>\u25c6Convient pour le soudage \u00e0 plat de tuyaux, de coudes de tuyaux, de brides de tuyaux \u00e0 col haut et de brides de tuyaux \u00e0 angle.<\/p>\n\n\n\n<p>\u25c6Convient pour le soudage de l'acier au carbone et de l'acier inoxydable.<\/p>\n\n\n\n<p>\u25c6Les machines \u00e0 souder \u00e0 l'arc \u00e0 l'argon Autai WSM-400C et Panasonic YC-400TX4 peuvent \u00eatre s\u00e9lectionn\u00e9es.<\/p>\n\n\n\n<p>Conception int\u00e9gr\u00e9e, structure compacte, mature et fiable ; positionnement pr\u00e9cis de la rotation du mandrin \u00e0 trois mors \u00e0 centrage automatique.<\/p>\n\n\n\n<p>M\u00e9canisme de r\u00e9glage de l'angle du pistolet de soudage, pour assurer la conversion multi-position et multi-angle du pistolet de soudage.<\/p>\n\n\n\n<p>\u25c6Le syst\u00e8me de contr\u00f4le adopte une interface homme-machine \u00e0 grand \u00e9cran tactile, facile \u00e0 utiliser, contr\u00f4le int\u00e9gr\u00e9 des param\u00e8tres du positionneur, des param\u00e8tres d'oscillation, du courant de la machine \u00e0 souder, des param\u00e8tres d'alimentation du fil, des param\u00e8tres de tension de l'arc.<\/p>\n\n\n\n<p>La capacit\u00e9 de stockage du processus de soudage est de 50 ensembles, et le processus de soudage correspondant peut \u00eatre directement invoqu\u00e9 en fonction des sp\u00e9cifications et des num\u00e9ros de soudage.<\/p>\n\n\n\n<p>\u25c6Syst\u00e8me standard de suivi de la longueur de l'arc (AVC) et syst\u00e8me de lacet du pistolet de soudage (OSC).<\/p>\n\n\n\n<p>Machine de d\u00e9vidage automatique \u25c6CNC, avec fonction de d\u00e9vidage invers\u00e9 automatique et fonction de d\u00e9vidage puls\u00e9, haute pr\u00e9cision de d\u00e9vidage, support de fixation de d\u00e9vidage.<\/p>\n\n\n\n<p>\u25c6R\u00e9servoir d'eau de 10L de Shanghai Zhengte, syst\u00e8me de refroidissement de l'eau par circulation forc\u00e9e, pour garantir un fonctionnement fiable de la machine pendant une longue p\u00e9riode.<\/p>\n\n\n\n<p>Pistolet de soudage \u00e0 l'arc \u00e0 l'argon WP27 refroidi \u00e0 l'eau, 5 m\u00e8tres, guide de flux en filet, protection uniforme contre les gaz.<\/p>\n\n\n\n<p>\u25c6T\u00e9l\u00e9commande sans fil avec un seul bouton, ach\u00e8vement automatique de l'ensemble du processus de soudage ; l'intervention en temps r\u00e9el des param\u00e8tres de soudage peut \u00e9galement \u00eatre effectu\u00e9e en fonction des besoins.<\/p>\n\n\n\n<p>\u25c6Support customization.<\/p>\n\n\n\n<figure class=\"wp-block-table\"><table class=\"has-fixed-layout\"><tbody><tr><td><strong>Num\u00e9ro de mod\u00e8le<\/strong><strong><\/strong><\/td><td><strong>ZDH-1140<\/strong><strong><\/strong><\/td><\/tr><tr><td>Angle de rotation<\/td><td>0-90\u00b0<\/td><\/tr><tr><td>Diam\u00e8tre de serrage<\/td><td>20-550mm<\/td><\/tr><tr><td>Diam\u00e8tre du trou de passage<\/td><td>140\/170mm<\/td><\/tr><tr><td>Machine \u00e0 souder \u00e0 l'arc sous argon<\/td><td>Aotai WSM-400<\/td><\/tr><tr><td>R\u00e9servoir d'eau de refroidissement<\/td><td>CT-10<\/td><\/tr><tr><td>Pistolet de soudage automatique<\/td><td>WP-27\/refroidissement par eau<\/td><\/tr><tr><td>Diam\u00e8tre de fil adapt\u00e9<\/td><td>0.8\/1.0\/1.2\/1.6<\/td><\/tr><tr><td>Formation d'une r\u00e9glementation tridimensionnelle<\/td><td>500*500*500mm<\/td><\/tr><tr><td>Dimension globale<\/td><td>1250*1000*1600mm<\/td><\/tr><\/tbody><\/table><\/figure>\n\n\n\n<h2 class=\"wp-block-heading\"><strong><u><strong>\u4ea7\u54c1\u7ec6\u8282<\/strong><\/u><\/strong><\/h2>\n\n\n\n<p><strong>D\u00e9tails du produit<\/strong><\/p>\n\n\n\n<div class=\"wp-block-uagb-container uagb-block-f62404cb alignfull uagb-is-root-container\"><div class=\"uagb-container-inner-blocks-wrap\">\n<div class=\"wp-block-uagb-container uagb-block-911b9a19\">\n<figure class=\"wp-block-image size-full\"><img fetchpriority=\"high\" decoding=\"async\" width=\"1000\" height=\"750\" src=\"https:\/\/www.xinhaowelding.com\/wp-content\/uploads\/2025\/04\/\u7ec6\u82821.jpg\" alt=\"\" class=\"wp-image-4575\" srcset=\"https:\/\/www.xinhaowelding.com\/wp-content\/uploads\/2025\/04\/\u7ec6\u82821.jpg 1000w, https:\/\/www.xinhaowelding.com\/wp-content\/uploads\/2025\/04\/\u7ec6\u82821-300x225.jpg 300w, https:\/\/www.xinhaowelding.com\/wp-content\/uploads\/2025\/04\/\u7ec6\u82821-768x576.jpg 768w, https:\/\/www.xinhaowelding.com\/wp-content\/uploads\/2025\/04\/\u7ec6\u82821-16x12.jpg 16w, https:\/\/www.xinhaowelding.com\/wp-content\/uploads\/2025\/04\/\u7ec6\u82821-600x450.jpg 600w\" sizes=\"(max-width: 1000px) 100vw, 1000px\" \/><\/figure>\n<\/div>\n\n\n\n<div class=\"wp-block-uagb-container uagb-block-81203862\">\n<h2 class=\"wp-block-heading has-large-font-size\">Bo\u00eetier de commande PLC<\/h2>\n\n\n\n<div class=\"wp-block-group is-layout-constrained wp-block-group-is-layout-constrained\">\n<p>La capacit\u00e9 de stockage des proc\u00e9d\u00e9s de soudage est de 50 jeux. <\/p>\n\n\n\n<p>Selon les sp\u00e9cifications des pi\u00e8ces soud\u00e9es,<\/p>\n\n\n\n<p> les proc\u00e9d\u00e9s de soudage correspondants peuvent \u00eatre directement appel\u00e9s par un num\u00e9ro.<\/p>\n<\/div>\n<\/div>\n<\/div><\/div>\n\n\n\n<div class=\"wp-block-uagb-container uagb-block-8a84bf10 alignfull uagb-is-root-container\"><div class=\"uagb-container-inner-blocks-wrap\">\n<div class=\"wp-block-uagb-container uagb-block-9e39a3de\">\n<figure class=\"wp-block-image size-full\"><img decoding=\"async\" width=\"1000\" height=\"750\" src=\"https:\/\/www.xinhaowelding.com\/wp-content\/uploads\/2025\/04\/\u7ec6\u82822.jpg\" alt=\"\" class=\"wp-image-4576\" srcset=\"https:\/\/www.xinhaowelding.com\/wp-content\/uploads\/2025\/04\/\u7ec6\u82822.jpg 1000w, https:\/\/www.xinhaowelding.com\/wp-content\/uploads\/2025\/04\/\u7ec6\u82822-300x225.jpg 300w, https:\/\/www.xinhaowelding.com\/wp-content\/uploads\/2025\/04\/\u7ec6\u82822-768x576.jpg 768w, https:\/\/www.xinhaowelding.com\/wp-content\/uploads\/2025\/04\/\u7ec6\u82822-16x12.jpg 16w, https:\/\/www.xinhaowelding.com\/wp-content\/uploads\/2025\/04\/\u7ec6\u82822-600x450.jpg 600w\" sizes=\"(max-width: 1000px) 100vw, 1000px\" \/><\/figure>\n<\/div>\n\n\n\n<div class=\"wp-block-uagb-container uagb-block-479a5f09\">\n<h2 class=\"wp-block-heading has-large-font-size\">R\u00e9glage \u00e9lectrique<\/h2>\n\n\n\n<div class=\"wp-block-group is-layout-constrained wp-block-group-is-layout-constrained\">\n<p>R\u00e9glage \u00e9lectrique de haut en bas, de gauche \u00e0 droite. <\/p>\n\n\n\n<p>Am\u00e9liorer l'efficacit\u00e9 et assurer un fonctionnement simple.<\/p>\n<\/div>\n<\/div>\n<\/div><\/div>\n\n\n\n<div class=\"wp-block-uagb-container uagb-block-92ba1ac9 alignfull uagb-is-root-container\"><div class=\"uagb-container-inner-blocks-wrap\">\n<div class=\"wp-block-uagb-container uagb-block-6593c9b9\">\n<figure class=\"wp-block-image size-full\"><img decoding=\"async\" width=\"1000\" height=\"750\" src=\"https:\/\/www.xinhaowelding.com\/wp-content\/uploads\/2025\/04\/\u7ec6\u82823.jpg\" alt=\"\" class=\"wp-image-4577\" srcset=\"https:\/\/www.xinhaowelding.com\/wp-content\/uploads\/2025\/04\/\u7ec6\u82823.jpg 1000w, https:\/\/www.xinhaowelding.com\/wp-content\/uploads\/2025\/04\/\u7ec6\u82823-300x225.jpg 300w, https:\/\/www.xinhaowelding.com\/wp-content\/uploads\/2025\/04\/\u7ec6\u82823-768x576.jpg 768w, https:\/\/www.xinhaowelding.com\/wp-content\/uploads\/2025\/04\/\u7ec6\u82823-16x12.jpg 16w, https:\/\/www.xinhaowelding.com\/wp-content\/uploads\/2025\/04\/\u7ec6\u82823-600x450.jpg 600w\" sizes=\"(max-width: 1000px) 100vw, 1000px\" \/><\/figure>\n<\/div>\n\n\n\n<div class=\"wp-block-uagb-container uagb-block-f3925901\">\n<h2 class=\"wp-block-heading has-large-font-size\">Positionneur de trous traversants<\/h2>\n\n\n\n<div class=\"wp-block-group is-layout-constrained wp-block-group-is-layout-constrained\">\n<p>Il peut serrer des pi\u00e8ces de diff\u00e9rents diam\u00e8tres.<\/p>\n\n\n\n<p>Le serrage est stable et la pr\u00e9cision est exacte.<\/p>\n\n\n\n<p>La personnalisation est possible.<\/p>\n<\/div>\n<\/div>\n<\/div><\/div>\n\n\n\n<div class=\"wp-block-uagb-container uagb-block-e2fb2cea alignfull uagb-is-root-container\"><div class=\"uagb-container-inner-blocks-wrap\">\n<div class=\"wp-block-uagb-container uagb-block-69d78821\">\n<figure class=\"wp-block-image size-full\"><img loading=\"lazy\" decoding=\"async\" width=\"1000\" height=\"750\" src=\"https:\/\/www.xinhaowelding.com\/wp-content\/uploads\/2025\/04\/\u7ec6\u82824.jpg\" alt=\"\" class=\"wp-image-4578\" srcset=\"https:\/\/www.xinhaowelding.com\/wp-content\/uploads\/2025\/04\/\u7ec6\u82824.jpg 1000w, https:\/\/www.xinhaowelding.com\/wp-content\/uploads\/2025\/04\/\u7ec6\u82824-300x225.jpg 300w, https:\/\/www.xinhaowelding.com\/wp-content\/uploads\/2025\/04\/\u7ec6\u82824-768x576.jpg 768w, https:\/\/www.xinhaowelding.com\/wp-content\/uploads\/2025\/04\/\u7ec6\u82824-16x12.jpg 16w, https:\/\/www.xinhaowelding.com\/wp-content\/uploads\/2025\/04\/\u7ec6\u82824-600x450.jpg 600w\" sizes=\"(max-width: 1000px) 100vw, 1000px\" \/><\/figure>\n<\/div>\n\n\n\n<div class=\"wp-block-uagb-container uagb-block-628dba77\">\n<h2 class=\"wp-block-heading has-large-font-size\">Volant de r\u00e9glage<\/h2>\n\n\n\n<div class=\"wp-block-group is-layout-constrained wp-block-group-is-layout-constrained\">\n<p>R\u00e9gler manuellement l'angle d'inclinaison du positionneur. <\/p>\n\n\n\n<p>Ajustement pour le soudage sous n'importe quel angle.<\/p>\n<\/div>\n<\/div>\n<\/div><\/div>\n\n\n\n<h2 class=\"wp-block-heading\">\u4ea7\u54c1\u89e3\u6790<\/h2>\n\n\n\n<p>Analyse des produits<\/p>\n\n\n\n<p><\/p>\n\n\n\n<div class=\"wp-block-uagb-image uagb-block-9fb81ade wp-block-uagb-image--layout-default wp-block-uagb-image--effect-static wp-block-uagb-image--align-none\"><figure class=\"wp-block-uagb-image__figure\"><img loading=\"lazy\" decoding=\"async\" srcset=\"https:\/\/www.xinhaowelding.com\/wp-content\/uploads\/2025\/04\/\u82f1\u6587\u8bbe\u5907\u6807\u6ce8-1024x796.png ,https:\/\/www.xinhaowelding.com\/wp-content\/uploads\/2025\/04\/\u82f1\u6587\u8bbe\u5907\u6807\u6ce8.png 780w, https:\/\/www.xinhaowelding.com\/wp-content\/uploads\/2025\/04\/\u82f1\u6587\u8bbe\u5907\u6807\u6ce8.png 360w\" sizes=\"auto, (max-width: 480px) 150px\" src=\"https:\/\/www.xinhaowelding.com\/wp-content\/uploads\/2025\/04\/\u82f1\u6587\u8bbe\u5907\u6807\u6ce8-1024x796.png\" alt=\"\" class=\"uag-image-4579\" width=\"1024\" height=\"796\" title=\"\u82f1\u6587\u8bbe\u5907\u6807\u6ce8\" role=\"img\"\/><\/figure><\/div>\n\n\n\n<h2 class=\"wp-block-heading\">\u73b0\u573a\u5b9e\u62cd<\/h2>\n\n\n\n<p>Prise de vue en direct<\/p>\n\n\n\n<p><\/p>\n\n\n\n<div class=\"wp-block-uagb-container uagb-block-758dfea8 alignfull uagb-is-root-container\"><div class=\"uagb-container-inner-blocks-wrap\">\n<div class=\"wp-block-uagb-container uagb-block-880eb709\">\n<figure class=\"wp-block-image size-full\"><img loading=\"lazy\" decoding=\"async\" width=\"750\" height=\"1000\" src=\"https:\/\/www.xinhaowelding.com\/wp-content\/uploads\/2025\/04\/9803.jpg\" alt=\"\" class=\"wp-image-4571\" srcset=\"https:\/\/www.xinhaowelding.com\/wp-content\/uploads\/2025\/04\/9803.jpg 750w, https:\/\/www.xinhaowelding.com\/wp-content\/uploads\/2025\/04\/9803-225x300.jpg 225w, https:\/\/www.xinhaowelding.com\/wp-content\/uploads\/2025\/04\/9803-9x12.jpg 9w, https:\/\/www.xinhaowelding.com\/wp-content\/uploads\/2025\/04\/9803-600x800.jpg 600w\" sizes=\"(max-width: 750px) 100vw, 750px\" \/><\/figure>\n<\/div>\n\n\n\n<div class=\"wp-block-uagb-container uagb-block-74ad9c80\">\n<figure class=\"wp-block-image size-full\"><img loading=\"lazy\" decoding=\"async\" width=\"750\" height=\"1000\" src=\"https:\/\/www.xinhaowelding.com\/wp-content\/uploads\/2025\/04\/9806.jpg\" alt=\"\" class=\"wp-image-4573\" srcset=\"https:\/\/www.xinhaowelding.com\/wp-content\/uploads\/2025\/04\/9806.jpg 750w, https:\/\/www.xinhaowelding.com\/wp-content\/uploads\/2025\/04\/9806-225x300.jpg 225w, https:\/\/www.xinhaowelding.com\/wp-content\/uploads\/2025\/04\/9806-9x12.jpg 9w, https:\/\/www.xinhaowelding.com\/wp-content\/uploads\/2025\/04\/9806-600x800.jpg 600w\" sizes=\"(max-width: 750px) 100vw, 750px\" \/><\/figure>\n<\/div>\n\n\n\n<div class=\"wp-block-uagb-container uagb-block-c4811df2\">\n<figure class=\"wp-block-image size-full\"><img loading=\"lazy\" decoding=\"async\" width=\"750\" height=\"1000\" src=\"https:\/\/www.xinhaowelding.com\/wp-content\/uploads\/2025\/04\/9826.jpg\" alt=\"\" class=\"wp-image-4574\" srcset=\"https:\/\/www.xinhaowelding.com\/wp-content\/uploads\/2025\/04\/9826.jpg 750w, https:\/\/www.xinhaowelding.com\/wp-content\/uploads\/2025\/04\/9826-225x300.jpg 225w, https:\/\/www.xinhaowelding.com\/wp-content\/uploads\/2025\/04\/9826-9x12.jpg 9w, https:\/\/www.xinhaowelding.com\/wp-content\/uploads\/2025\/04\/9826-600x800.jpg 600w\" sizes=\"(max-width: 750px) 100vw, 750px\" \/><\/figure>\n<\/div>\n\n\n\n<div class=\"wp-block-uagb-container uagb-block-80de2b8a\">\n<figure class=\"wp-block-image size-full\"><img loading=\"lazy\" decoding=\"async\" width=\"750\" height=\"1000\" src=\"https:\/\/www.xinhaowelding.com\/wp-content\/uploads\/2025\/04\/9804.jpg\" alt=\"\" class=\"wp-image-4572\" srcset=\"https:\/\/www.xinhaowelding.com\/wp-content\/uploads\/2025\/04\/9804.jpg 750w, https:\/\/www.xinhaowelding.com\/wp-content\/uploads\/2025\/04\/9804-225x300.jpg 225w, https:\/\/www.xinhaowelding.com\/wp-content\/uploads\/2025\/04\/9804-9x12.jpg 9w, https:\/\/www.xinhaowelding.com\/wp-content\/uploads\/2025\/04\/9804-600x800.jpg 600w\" sizes=\"(max-width: 750px) 100vw, 750px\" \/><\/figure>\n<\/div>\n<\/div><\/div>\n\n\n\n<p class=\"has-text-align-center\"><a href=\"http:\/\/www.google.com\" title=\"www.google.com\">www.google.com<\/a><\/p>","protected":false},"excerpt":{"rendered":"<p><strong>ZDH-1140 6-Axis Auto TIG Welder | Precision Argon Arc Welding for Aerospace &amp; Precision Parts | CNC-Controlled Stability.<\/strong><\/p>","protected":false},"featured_media":4566,"comment_status":"open","ping_status":"closed","template":"","meta":{"om_disable_all_campaigns":false,"_uag_custom_page_level_css":"","_monsterinsights_skip_tracking":false,"_monsterinsights_sitenote_active":false,"_monsterinsights_sitenote_note":"","_monsterinsights_sitenote_category":0,"site-sidebar-layout":"default","site-content-layout":"","ast-site-content-layout":"default","site-content-style":"default","site-sidebar-style":"default","ast-global-header-display":"","ast-banner-title-visibility":"","ast-main-header-display":"","ast-hfb-above-header-display":"","ast-hfb-below-header-display":"","ast-hfb-mobile-header-display":"","site-post-title":"","ast-breadcrumbs-content":"","ast-featured-img":"","footer-sml-layout":"","theme-transparent-header-meta":"","adv-header-id-meta":"","stick-header-meta":"","header-above-stick-meta":"","header-main-stick-meta":"","header-below-stick-meta":"","astra-migrate-meta-layouts":"set","ast-page-background-enabled":"default","ast-page-background-meta":{"desktop":{"background-color":"","background-image":"","background-repeat":"repeat","background-position":"center center","background-size":"auto","background-attachment":"scroll","background-type":"","background-media":"","overlay-type":"","overlay-color":"","overlay-opacity":"","overlay-gradient":""},"tablet":{"background-color":"","background-image":"","background-repeat":"repeat","background-position":"center center","background-size":"auto","background-attachment":"scroll","background-type":"","background-media":"","overlay-type":"","overlay-color":"","overlay-opacity":"","overlay-gradient":""},"mobile":{"background-color":"","background-image":"","background-repeat":"repeat","background-position":"center center","background-size":"auto","background-attachment":"scroll","background-type":"","background-media":"","overlay-type":"","overlay-color":"","overlay-opacity":"","overlay-gradient":""}},"ast-content-background-meta":{"desktop":{"background-color":"var(--ast-global-color-5)","background-image":"","background-repeat":"repeat","background-position":"center center","background-size":"auto","background-attachment":"scroll","background-type":"","background-media":"","overlay-type":"","overlay-color":"","overlay-opacity":"","overlay-gradient":""},"tablet":{"background-color":"var(--ast-global-color-5)","background-image":"","background-repeat":"repeat","background-position":"center center","background-size":"auto","background-attachment":"scroll","background-type":"","background-media":"","overlay-type":"","overlay-color":"","overlay-opacity":"","overlay-gradient":""},"mobile":{"background-color":"var(--ast-global-color-5)","background-image":"","background-repeat":"repeat","background-position":"center center","background-size":"auto","background-attachment":"scroll","background-type":"","background-media":"","overlay-type":"","overlay-color":"","overlay-opacity":"","overlay-gradient":""}}},"product_brand":[],"product_cat":[57,56],"product_tag":[],"class_list":{"0":"post-4565","1":"product","2":"type-product","3":"status-publish","4":"has-post-thumbnail","6":"product_cat-automatic-welding-equipment","7":"product_cat-products","8":"desktop-align-left","9":"tablet-align-left","10":"mobile-align-left","12":"first","13":"instock","14":"shipping-taxable","15":"product-type-simple"},"aioseo_notices":[],"uagb_featured_image_src":{"full":["https:\/\/www.xinhaowelding.com\/wp-content\/uploads\/2025\/04\/1.jpg",800,800,false],"thumbnail":["https:\/\/www.xinhaowelding.com\/wp-content\/uploads\/2025\/04\/1-150x150.jpg",150,150,true],"medium":["https:\/\/www.xinhaowelding.com\/wp-content\/uploads\/2025\/04\/1-300x300.jpg",300,300,true],"medium_large":["https:\/\/www.xinhaowelding.com\/wp-content\/uploads\/2025\/04\/1-768x768.jpg",768,768,true],"large":["https:\/\/www.xinhaowelding.com\/wp-content\/uploads\/2025\/04\/1.jpg",800,800,false],"1536x1536":["https:\/\/www.xinhaowelding.com\/wp-content\/uploads\/2025\/04\/1.jpg",800,800,false],"2048x2048":["https:\/\/www.xinhaowelding.com\/wp-content\/uploads\/2025\/04\/1.jpg",800,800,false],"trp-custom-language-flag":["https:\/\/www.xinhaowelding.com\/wp-content\/uploads\/2025\/04\/1-12x12.jpg",12,12,true],"woocommerce_thumbnail":["https:\/\/www.xinhaowelding.com\/wp-content\/uploads\/2025\/04\/1-600x600.jpg",600,600,true],"woocommerce_single":["https:\/\/www.xinhaowelding.com\/wp-content\/uploads\/2025\/04\/1-600x600.jpg",600,600,true],"woocommerce_gallery_thumbnail":["https:\/\/www.xinhaowelding.com\/wp-content\/uploads\/2025\/04\/1-100x100.jpg",100,100,true]},"uagb_author_info":{"display_name":"jinxing6611@gmail.com","author_link":"https:\/\/www.xinhaowelding.com\/fr\/author\/"},"uagb_comment_info":0,"uagb_excerpt":"ZDH-1140 6-Axis Auto TIG Welder | Precision Argon Arc Welding for Aerospace &amp; Precision Parts | CNC-Controlled Stability.","_links":{"self":[{"href":"https:\/\/www.xinhaowelding.com\/fr\/wp-json\/wp\/v2\/product\/4565","targetHints":{"allow":["GET"]}}],"collection":[{"href":"https:\/\/www.xinhaowelding.com\/fr\/wp-json\/wp\/v2\/product"}],"about":[{"href":"https:\/\/www.xinhaowelding.com\/fr\/wp-json\/wp\/v2\/types\/product"}],"replies":[{"embeddable":true,"href":"https:\/\/www.xinhaowelding.com\/fr\/wp-json\/wp\/v2\/comments?post=4565"}],"wp:featuredmedia":[{"embeddable":true,"href":"https:\/\/www.xinhaowelding.com\/fr\/wp-json\/wp\/v2\/media\/4566"}],"wp:attachment":[{"href":"https:\/\/www.xinhaowelding.com\/fr\/wp-json\/wp\/v2\/media?parent=4565"}],"wp:term":[{"taxonomy":"product_brand","embeddable":true,"href":"https:\/\/www.xinhaowelding.com\/fr\/wp-json\/wp\/v2\/product_brand?post=4565"},{"taxonomy":"product_cat","embeddable":true,"href":"https:\/\/www.xinhaowelding.com\/fr\/wp-json\/wp\/v2\/product_cat?post=4565"},{"taxonomy":"product_tag","embeddable":true,"href":"https:\/\/www.xinhaowelding.com\/fr\/wp-json\/wp\/v2\/product_tag?post=4565"}],"curies":[{"name":"wp","href":"https:\/\/api.w.org\/{rel}","templated":true}]}}