{"id":4597,"date":"2025-04-24T02:52:14","date_gmt":"2025-04-24T02:52:14","guid":{"rendered":"https:\/\/www.xinhaowelding.com\/?post_type=product&#038;p=4597"},"modified":"2025-04-24T02:52:38","modified_gmt":"2025-04-24T02:52:38","slug":"dual-axis-rotating-welder-jinan-xinhao-solution","status":"publish","type":"product","link":"https:\/\/www.xinhaowelding.com\/fr\/produit\/dual-axis-rotating-welder-jinan-xinhao-solution\/","title":{"rendered":"Soudeuse rotative \u00e0 deux axes - Jinan Xinhao Solution<font _mstmutation=\"1\"><\/font>"},"content":{"rendered":"<h2 class=\"wp-block-heading\"><a href=\"https:\/\/www.xinhaowelding.com\/fr\/produit\/dual-axis-rotating-welder-jinan-xinhao-solution\/\" title=\"Soudage automatique au pistolet\">Soudage automatique au pistolet<\/a><\/h2>\n\n\n\n<p>\u25c6 Le m\u00e9canisme de r\u00e9glage permet d'ajuster la position du pistolet de soudage. Le positionnement du c\u00f4ne sup\u00e9rieur est pr\u00e9cis et la formation du cordon de soudure est belle.<\/p>\n\n\n\n<p>\u25c6 Entra\u00eenement par moteur pas \u00e0 pas (un axe) ou servomoteur (deux axes), syst\u00e8me de contr\u00f4le par \u00e9cran tactile PLC, peut stocker 10 groupes de param\u00e8tres de processus de soudage, avec un fonctionnement simple, une interface conviviale et d'autres caract\u00e9ristiques.<\/p>\n\n\n\n<p>\u25c6Lorsque la pi\u00e8ce \u00e0 souder est positionn\u00e9e, le cylindre comprime la pi\u00e8ce apr\u00e8s l'insertion ou le soudage par points. Le pistolet de soudage de la machine \u00e0 souder les joints annulaires avance et avance avec la structure du c\u00f4ne sup\u00e9rieur, et l'Angle et la distance de la soudure doivent \u00eatre r\u00e9gl\u00e9s manuellement \u00e0 l'avance ; Le nombre de tours de l'anneau de la torche a l'induction de l'origine et revient \u00e0 la position apr\u00e8s l'ach\u00e8vement.<\/p>\n\n\n\n<p><strong>Manipulateur de soudage de joints annulaires \u00e0 pistolet rotatif mobile et machine \u00e0 souder les selles \u00e0 l'horizontale<\/strong><\/p>\n\n\n\n<p>\u25c6 Principalement utilis\u00e9 pour le soudage automatique multicouche de l'anneau vertical ; L'\u00e9quipement adopte la structure du bras pliant du chariot, le syst\u00e8me de contr\u00f4le de l'\u00e9cran tactile PLC, selon les besoins r\u00e9els des diff\u00e9rents utilisateurs peut \u00eatre le soudage du pistolet de soudage, la formation de la soudure belle, uniforme, la profondeur de fusion, la largeur de fusion pour r\u00e9pondre aux exigences ; La machine de soudage est flexible et simple dans l'op\u00e9ration, pratique dans le positionnement de la pi\u00e8ce, fiable dans la performance, \u00e9lev\u00e9e dans l'automatisation et faible dans l'intensit\u00e9 de la main-d'\u0153uvre. Largement utilis\u00e9e dans la fabrication de v\u00e9hicules, les machines de levage, les machines de construction et d'autres industries.<\/p>\n\n\n\n<p>\u25c6Support customization.<\/p>\n\n\n\n<h3 class=\"wp-block-heading\"><strong>\u00c9quipement de soudage au pistolet rotatif \u00e0 deux axes - Jinan Xinhao Welding Technology Co.<\/strong><\/h3>\n\n\n\n<p><strong>Une pr\u00e9cision innovante pour des performances de soudage sup\u00e9rieures<\/strong><\/p>\n\n\n\n<p>Jinan Xinhao Welding Technology Co. est un fabricant de premier plan de solutions de soudage avanc\u00e9es, sp\u00e9cialis\u00e9 dans les syst\u00e8mes de soudage \u00e0 haut rendement.&nbsp;<strong>\u00c9quipement de soudage au pistolet rotatif \u00e0 deux axes<\/strong>. Con\u00e7us pour la pr\u00e9cision et la durabilit\u00e9, nos \u00e9quipements sont id\u00e9aux pour les applications industrielles n\u00e9cessitant des soudures r\u00e9guli\u00e8res et de haute qualit\u00e9 dans des g\u00e9om\u00e9tries complexes.<\/p>\n\n\n\n<h4 class=\"wp-block-heading\"><strong>Caract\u00e9ristiques principales :<\/strong><\/h4>\n\n\n\n<ul class=\"wp-block-list\">\n<li><strong>Rotation \u00e0 deux axes<\/strong>: Permet des angles de soudage flexibles \u00e0 360\u00b0, garantissant des cordons de soudure uniformes sur des pi\u00e8ces cylindriques ou incurv\u00e9es.<\/li>\n\n\n\n<li><strong>Stabilit\u00e9 \u00e9lev\u00e9e<\/strong>: La structure robuste minimise les vibrations, ce qui am\u00e9liore la pr\u00e9cision et la r\u00e9p\u00e9tabilit\u00e9.<\/li>\n\n\n\n<li><strong>Fonctionnement automatis\u00e9<\/strong>: Compatible avec les syst\u00e8mes robotiques pour am\u00e9liorer la productivit\u00e9 et r\u00e9duire les co\u00fbts de main-d'\u0153uvre.<\/li>\n\n\n\n<li><strong>Large compatibilit\u00e9<\/strong>: Prise en charge des proc\u00e9d\u00e9s de soudage MIG\/MAG, TIG et autres pour divers mat\u00e9riaux (acier, aluminium, alliages).<\/li>\n\n\n\n<li><strong>Interface conviviale<\/strong>: Commandes intuitives et r\u00e9glages programmables pour un fonctionnement sans faille.<\/li>\n<\/ul>\n\n\n\n<figure class=\"wp-block-table\"><table class=\"has-fixed-layout\"><tbody><tr><td><strong>Num\u00e9ro de mod\u00e8le<\/strong><strong><\/strong><\/td><td><strong>ZQH-<\/strong>50<\/td><\/tr><tr><td>Correspondre \u00e0 l'\u00e9ventail des emplois<\/td><td>20-50mm<\/td><\/tr><tr><td>La course du cylindre d'air est r\u00e9glable<\/td><td>200mm<\/td><\/tr><tr><td>Dimension globale<\/td><td>540*720*2160mm<\/td><\/tr><\/tbody><\/table><\/figure>\n\n\n\n<h2 class=\"wp-block-heading\"><strong><u><strong>\u4ea7\u54c1\u7ec6\u8282<\/strong><\/u><\/strong><strong><u><strong><\/strong><\/u><\/strong><\/h2>\n\n\n\n<h2 class=\"wp-block-heading\"><strong>D\u00e9tails du produit<\/strong><\/h2>\n\n\n\n<div class=\"wp-block-uagb-container uagb-block-70c0ba06 alignfull uagb-is-root-container\"><div class=\"uagb-container-inner-blocks-wrap\">\n<div class=\"wp-block-uagb-container uagb-block-ae04c474\">\n<figure class=\"wp-block-image size-full\"><img fetchpriority=\"high\" decoding=\"async\" width=\"1000\" height=\"750\" src=\"https:\/\/www.xinhaowelding.com\/wp-content\/uploads\/2025\/04\/\u7ec6\u82821-1.jpg\" alt=\"\" class=\"wp-image-4605\" srcset=\"https:\/\/www.xinhaowelding.com\/wp-content\/uploads\/2025\/04\/\u7ec6\u82821-1.jpg 1000w, https:\/\/www.xinhaowelding.com\/wp-content\/uploads\/2025\/04\/\u7ec6\u82821-1-300x225.jpg 300w, https:\/\/www.xinhaowelding.com\/wp-content\/uploads\/2025\/04\/\u7ec6\u82821-1-768x576.jpg 768w, https:\/\/www.xinhaowelding.com\/wp-content\/uploads\/2025\/04\/\u7ec6\u82821-1-16x12.jpg 16w, https:\/\/www.xinhaowelding.com\/wp-content\/uploads\/2025\/04\/\u7ec6\u82821-1-600x450.jpg 600w\" sizes=\"(max-width: 1000px) 100vw, 1000px\" \/><\/figure>\n<\/div>\n\n\n\n<div class=\"wp-block-uagb-container uagb-block-ec07f264\">\n<h2 class=\"wp-block-heading has-large-font-size\">Bo\u00eetier de contr\u00f4le intelligent PLC<\/h2>\n\n\n\n<div class=\"wp-block-group is-layout-constrained wp-block-group-is-layout-constrained\">\n<p>Bo\u00eete de contr\u00f4le \u00e0 \u00e9cran tactile PLC <\/p>\n\n\n\n<p>Contr\u00f4le complet avec une seule touche<\/p>\n<\/div>\n<\/div>\n<\/div><\/div>\n\n\n\n<div class=\"wp-block-uagb-container uagb-block-9f6c001b alignfull uagb-is-root-container\"><div class=\"uagb-container-inner-blocks-wrap\">\n<div class=\"wp-block-uagb-container uagb-block-07cbf944\">\n<figure class=\"wp-block-image size-full\"><img decoding=\"async\" width=\"1000\" height=\"750\" src=\"https:\/\/www.xinhaowelding.com\/wp-content\/uploads\/2025\/04\/\u7ec6\u82822-1.jpg\" alt=\"\" class=\"wp-image-4606\" srcset=\"https:\/\/www.xinhaowelding.com\/wp-content\/uploads\/2025\/04\/\u7ec6\u82822-1.jpg 1000w, https:\/\/www.xinhaowelding.com\/wp-content\/uploads\/2025\/04\/\u7ec6\u82822-1-300x225.jpg 300w, https:\/\/www.xinhaowelding.com\/wp-content\/uploads\/2025\/04\/\u7ec6\u82822-1-768x576.jpg 768w, https:\/\/www.xinhaowelding.com\/wp-content\/uploads\/2025\/04\/\u7ec6\u82822-1-16x12.jpg 16w, https:\/\/www.xinhaowelding.com\/wp-content\/uploads\/2025\/04\/\u7ec6\u82822-1-600x450.jpg 600w\" sizes=\"(max-width: 1000px) 100vw, 1000px\" \/><\/figure>\n<\/div>\n\n\n\n<div class=\"wp-block-uagb-container uagb-block-626bb416\">\n<h2 class=\"wp-block-heading has-large-font-size\">Le centre est serr\u00e9<\/h2>\n\n\n\n<div class=\"wp-block-group is-layout-constrained wp-block-group-is-layout-constrained\">\n<p>Lorsque la pi\u00e8ce \u00e0 souder est correctement positionn\u00e9e, le cylindre d'air presse la pi\u00e8ce qui a \u00e9t\u00e9 ins\u00e9r\u00e9e ou soud\u00e9e. La torche de soudage de la machine \u00e0 souder les cordons circonf\u00e9rentiels se d\u00e9place vers l'avant et vers l'arri\u00e8re en m\u00eame temps que la structure d'appui. La position angulaire et la distance de la torche par rapport au cordon de soudure doivent \u00eatre r\u00e9gl\u00e9es manuellement \u00e0 l'avance. Le nombre de tours de la torche de soudage est d\u00e9tect\u00e9 par le capteur d'origine, et la torche revient \u00e0 sa position initiale une fois le soudage termin\u00e9.<\/p>\n<\/div>\n<\/div>\n<\/div><\/div>\n\n\n\n<div class=\"wp-block-uagb-container uagb-block-462ad840 alignfull uagb-is-root-container\"><div class=\"uagb-container-inner-blocks-wrap\">\n<div class=\"wp-block-uagb-container uagb-block-a3bded57\">\n<figure class=\"wp-block-image size-full\"><img decoding=\"async\" width=\"1000\" height=\"750\" src=\"https:\/\/www.xinhaowelding.com\/wp-content\/uploads\/2025\/04\/\u7ec6\u82823-1.jpg\" alt=\"\" class=\"wp-image-4607\" srcset=\"https:\/\/www.xinhaowelding.com\/wp-content\/uploads\/2025\/04\/\u7ec6\u82823-1.jpg 1000w, https:\/\/www.xinhaowelding.com\/wp-content\/uploads\/2025\/04\/\u7ec6\u82823-1-300x225.jpg 300w, https:\/\/www.xinhaowelding.com\/wp-content\/uploads\/2025\/04\/\u7ec6\u82823-1-768x576.jpg 768w, https:\/\/www.xinhaowelding.com\/wp-content\/uploads\/2025\/04\/\u7ec6\u82823-1-16x12.jpg 16w, https:\/\/www.xinhaowelding.com\/wp-content\/uploads\/2025\/04\/\u7ec6\u82823-1-600x450.jpg 600w\" sizes=\"(max-width: 1000px) 100vw, 1000px\" \/><\/figure>\n<\/div>\n\n\n\n<div class=\"wp-block-uagb-container uagb-block-9ac1c2ea\">\n<h2 class=\"wp-block-heading has-large-font-size\">Plate-forme de soudage<\/h2>\n\n\n\n<div class=\"wp-block-group is-layout-constrained wp-block-group-is-layout-constrained\">\n<p>La conception de l'ensemble du syst\u00e8me d'alimentation de la machine \u00e0 souder horizontale \u00e0 cordon circonf\u00e9rentiel occupe principalement plus d'espace dans la direction longitudinale, ce qui laisse plus de place pour accueillir les pi\u00e8ces \u00e0 souder. Elle dispose donc d'une flexibilit\u00e9 relativement importante en termes de volume des pi\u00e8ces \u00e0 souder.<\/p>\n<\/div>\n<\/div>\n<\/div><\/div>\n\n\n\n<div class=\"wp-block-uagb-container uagb-block-d8c314b6 alignfull uagb-is-root-container\"><div class=\"uagb-container-inner-blocks-wrap\">\n<div class=\"wp-block-uagb-container uagb-block-29ab696a\">\n<figure class=\"wp-block-image size-full\"><img loading=\"lazy\" decoding=\"async\" width=\"1000\" height=\"750\" src=\"https:\/\/www.xinhaowelding.com\/wp-content\/uploads\/2025\/04\/\u7ec6\u82824-1.jpg\" alt=\"\" class=\"wp-image-4608\" srcset=\"https:\/\/www.xinhaowelding.com\/wp-content\/uploads\/2025\/04\/\u7ec6\u82824-1.jpg 1000w, https:\/\/www.xinhaowelding.com\/wp-content\/uploads\/2025\/04\/\u7ec6\u82824-1-300x225.jpg 300w, https:\/\/www.xinhaowelding.com\/wp-content\/uploads\/2025\/04\/\u7ec6\u82824-1-768x576.jpg 768w, https:\/\/www.xinhaowelding.com\/wp-content\/uploads\/2025\/04\/\u7ec6\u82824-1-16x12.jpg 16w, https:\/\/www.xinhaowelding.com\/wp-content\/uploads\/2025\/04\/\u7ec6\u82824-1-600x450.jpg 600w\" sizes=\"(max-width: 1000px) 100vw, 1000px\" \/><\/figure>\n<\/div>\n\n\n\n<div class=\"wp-block-uagb-container uagb-block-0de313b1\">\n<h2 class=\"wp-block-heading has-large-font-size\">Support de levage<\/h2>\n\n\n\n<div class=\"wp-block-group is-layout-constrained wp-block-group-is-layout-constrained\">\n<p>Lors du soudage vertical, fixer la pi\u00e8ce \u00e0 souder sur le support. De m\u00eame, la position de verrouillage de l'\u00e9crou r\u00e9glable \u00e0 la main peut \u00eatre utilis\u00e9e pour limiter le levage et l'abaissement ; d\u00e9placez le support en position de verrouillage sur le pi\u00e9destal pour accueillir des pi\u00e8ces \u00e0 souder de diff\u00e9rents diam\u00e8tres.<\/p>\n<\/div>\n<\/div>\n<\/div><\/div>\n\n\n\n<h2 class=\"wp-block-heading\"><strong>\u4ea7\u54c1\u89e3\u6790\/\u5c3a\u5bf8<\/strong><\/h2>\n\n\n\n<h2 class=\"wp-block-heading has-medium-font-size\"><strong>Analyse du produit\/dimensions<\/strong><\/h2>\n\n\n\n<div class=\"wp-block-uagb-container uagb-block-1bec2e6d alignfull uagb-is-root-container\"><div class=\"uagb-container-inner-blocks-wrap\">\n<div class=\"wp-block-uagb-container uagb-block-08c96a75\">\n<figure class=\"wp-block-image size-full\"><img loading=\"lazy\" decoding=\"async\" width=\"504\" height=\"965\" src=\"https:\/\/www.xinhaowelding.com\/wp-content\/uploads\/2025\/04\/\u5c3a\u5bf8.png\" alt=\"\" class=\"wp-image-4603\" srcset=\"https:\/\/www.xinhaowelding.com\/wp-content\/uploads\/2025\/04\/\u5c3a\u5bf8.png 504w, https:\/\/www.xinhaowelding.com\/wp-content\/uploads\/2025\/04\/\u5c3a\u5bf8-157x300.png 157w, https:\/\/www.xinhaowelding.com\/wp-content\/uploads\/2025\/04\/\u5c3a\u5bf8-6x12.png 6w\" sizes=\"(max-width: 504px) 100vw, 504px\" \/><\/figure>\n<\/div>\n\n\n\n<div class=\"wp-block-uagb-container uagb-block-fb049ce5\">\n<figure class=\"wp-block-image size-large\"><img loading=\"lazy\" decoding=\"async\" width=\"590\" height=\"1024\" src=\"https:\/\/www.xinhaowelding.com\/wp-content\/uploads\/2025\/04\/\u89e3\u6790-590x1024.png\" alt=\"\" class=\"wp-image-4604\" srcset=\"https:\/\/www.xinhaowelding.com\/wp-content\/uploads\/2025\/04\/\u89e3\u6790-590x1024.png 590w, https:\/\/www.xinhaowelding.com\/wp-content\/uploads\/2025\/04\/\u89e3\u6790-173x300.png 173w, https:\/\/www.xinhaowelding.com\/wp-content\/uploads\/2025\/04\/\u89e3\u6790-768x1333.png 768w, https:\/\/www.xinhaowelding.com\/wp-content\/uploads\/2025\/04\/\u89e3\u6790-7x12.png 7w, https:\/\/www.xinhaowelding.com\/wp-content\/uploads\/2025\/04\/\u89e3\u6790-600x1041.png 600w, https:\/\/www.xinhaowelding.com\/wp-content\/uploads\/2025\/04\/\u89e3\u6790.png 809w\" sizes=\"(max-width: 590px) 100vw, 590px\" \/><\/figure>\n<\/div>\n<\/div><\/div>\n\n\n\n<h2 class=\"wp-block-heading\"><strong>\u73b0\u573a\u5b9e\u62cd<\/strong><\/h2>\n\n\n\n<h2 class=\"wp-block-heading has-medium-font-size\"><strong>Prise de vue en direct<\/strong><\/h2>\n\n\n\n<div class=\"wp-block-uagb-container uagb-block-1346c36e alignfull uagb-is-root-container\"><div class=\"uagb-container-inner-blocks-wrap\">\n<div class=\"wp-block-uagb-container uagb-block-71b330e0\">\n<figure class=\"wp-block-image size-full\"><img loading=\"lazy\" decoding=\"async\" width=\"750\" height=\"1000\" src=\"https:\/\/www.xinhaowelding.com\/wp-content\/uploads\/2025\/04\/\u5c55\u793a1.jpg\" alt=\"\" class=\"wp-image-4609\" srcset=\"https:\/\/www.xinhaowelding.com\/wp-content\/uploads\/2025\/04\/\u5c55\u793a1.jpg 750w, https:\/\/www.xinhaowelding.com\/wp-content\/uploads\/2025\/04\/\u5c55\u793a1-225x300.jpg 225w, https:\/\/www.xinhaowelding.com\/wp-content\/uploads\/2025\/04\/\u5c55\u793a1-9x12.jpg 9w, https:\/\/www.xinhaowelding.com\/wp-content\/uploads\/2025\/04\/\u5c55\u793a1-600x800.jpg 600w\" sizes=\"(max-width: 750px) 100vw, 750px\" \/><\/figure>\n<\/div>\n\n\n\n<div class=\"wp-block-uagb-container uagb-block-6d61f12d\">\n<figure class=\"wp-block-image size-full\"><img loading=\"lazy\" decoding=\"async\" width=\"750\" height=\"1000\" src=\"https:\/\/www.xinhaowelding.com\/wp-content\/uploads\/2025\/04\/\u5c55\u793a3.jpg\" alt=\"\" class=\"wp-image-4611\" srcset=\"https:\/\/www.xinhaowelding.com\/wp-content\/uploads\/2025\/04\/\u5c55\u793a3.jpg 750w, https:\/\/www.xinhaowelding.com\/wp-content\/uploads\/2025\/04\/\u5c55\u793a3-225x300.jpg 225w, https:\/\/www.xinhaowelding.com\/wp-content\/uploads\/2025\/04\/\u5c55\u793a3-9x12.jpg 9w, https:\/\/www.xinhaowelding.com\/wp-content\/uploads\/2025\/04\/\u5c55\u793a3-600x800.jpg 600w\" sizes=\"(max-width: 750px) 100vw, 750px\" \/><\/figure>\n<\/div>\n\n\n\n<div class=\"wp-block-uagb-container uagb-block-b2cd1388\">\n<figure class=\"wp-block-image size-full\"><img loading=\"lazy\" decoding=\"async\" width=\"750\" height=\"1000\" src=\"https:\/\/www.xinhaowelding.com\/wp-content\/uploads\/2025\/04\/\u5c55\u793a2.jpg\" alt=\"\" class=\"wp-image-4610\" srcset=\"https:\/\/www.xinhaowelding.com\/wp-content\/uploads\/2025\/04\/\u5c55\u793a2.jpg 750w, https:\/\/www.xinhaowelding.com\/wp-content\/uploads\/2025\/04\/\u5c55\u793a2-225x300.jpg 225w, https:\/\/www.xinhaowelding.com\/wp-content\/uploads\/2025\/04\/\u5c55\u793a2-9x12.jpg 9w, https:\/\/www.xinhaowelding.com\/wp-content\/uploads\/2025\/04\/\u5c55\u793a2-600x800.jpg 600w\" sizes=\"(max-width: 750px) 100vw, 750px\" \/><\/figure>\n<\/div>\n\n\n\n<div class=\"wp-block-uagb-container uagb-block-2bf43244\">\n<figure class=\"wp-block-image size-full\"><img loading=\"lazy\" decoding=\"async\" width=\"750\" height=\"1000\" src=\"https:\/\/www.xinhaowelding.com\/wp-content\/uploads\/2025\/04\/\u5c55\u793a4.jpg\" alt=\"\" class=\"wp-image-4612\" srcset=\"https:\/\/www.xinhaowelding.com\/wp-content\/uploads\/2025\/04\/\u5c55\u793a4.jpg 750w, https:\/\/www.xinhaowelding.com\/wp-content\/uploads\/2025\/04\/\u5c55\u793a4-225x300.jpg 225w, https:\/\/www.xinhaowelding.com\/wp-content\/uploads\/2025\/04\/\u5c55\u793a4-9x12.jpg 9w, https:\/\/www.xinhaowelding.com\/wp-content\/uploads\/2025\/04\/\u5c55\u793a4-600x800.jpg 600w\" sizes=\"(max-width: 750px) 100vw, 750px\" \/><\/figure>\n<\/div>\n<\/div><\/div>\n\n\n\n<p class=\"has-text-align-center\"><a href=\"http:\/\/www.google.com\" title=\"www.google.com\">www.google.com<\/a><\/p>","protected":false},"excerpt":{"rendered":"<p>Automatic gun welding \u25c6 The adjustment mechanism can adjust the position of the welding gun. The top cone positioning is accurate and the welding seam forming is beautiful. \u25c6Drive using stepper motor (single axis) or servo motor (double axis) drive, PLC touch screen control system, can store 10 groups of welding process parameters, with simple [&hellip;]<\/p>","protected":false},"featured_media":4598,"comment_status":"open","ping_status":"closed","template":"","meta":{"om_disable_all_campaigns":false,"_uag_custom_page_level_css":"","_monsterinsights_skip_tracking":false,"_monsterinsights_sitenote_active":false,"_monsterinsights_sitenote_note":"","_monsterinsights_sitenote_category":0,"site-sidebar-layout":"default","site-content-layout":"","ast-site-content-layout":"default","site-content-style":"default","site-sidebar-style":"default","ast-global-header-display":"","ast-banner-title-visibility":"","ast-main-header-display":"","ast-hfb-above-header-display":"","ast-hfb-below-header-display":"","ast-hfb-mobile-header-display":"","site-post-title":"","ast-breadcrumbs-content":"","ast-featured-img":"","footer-sml-layout":"","theme-transparent-header-meta":"","adv-header-id-meta":"","stick-header-meta":"","header-above-stick-meta":"","header-main-stick-meta":"","header-below-stick-meta":"","astra-migrate-meta-layouts":"set","ast-page-background-enabled":"default","ast-page-background-meta":{"desktop":{"background-color":"","background-image":"","background-repeat":"repeat","background-position":"center center","background-size":"auto","background-attachment":"scroll","background-type":"","background-media":"","overlay-type":"","overlay-color":"","overlay-opacity":"","overlay-gradient":""},"tablet":{"background-color":"","background-image":"","background-repeat":"repeat","background-position":"center center","background-size":"auto","background-attachment":"scroll","background-type":"","background-media":"","overlay-type":"","overlay-color":"","overlay-opacity":"","overlay-gradient":""},"mobile":{"background-color":"","background-image":"","background-repeat":"repeat","background-position":"center center","background-size":"auto","background-attachment":"scroll","background-type":"","background-media":"","overlay-type":"","overlay-color":"","overlay-opacity":"","overlay-gradient":""}},"ast-content-background-meta":{"desktop":{"background-color":"var(--ast-global-color-5)","background-image":"","background-repeat":"repeat","background-position":"center center","background-size":"auto","background-attachment":"scroll","background-type":"","background-media":"","overlay-type":"","overlay-color":"","overlay-opacity":"","overlay-gradient":""},"tablet":{"background-color":"var(--ast-global-color-5)","background-image":"","background-repeat":"repeat","background-position":"center center","background-size":"auto","background-attachment":"scroll","background-type":"","background-media":"","overlay-type":"","overlay-color":"","overlay-opacity":"","overlay-gradient":""},"mobile":{"background-color":"var(--ast-global-color-5)","background-image":"","background-repeat":"repeat","background-position":"center center","background-size":"auto","background-attachment":"scroll","background-type":"","background-media":"","overlay-type":"","overlay-color":"","overlay-opacity":"","overlay-gradient":""}}},"product_brand":[],"product_cat":[67],"product_tag":[],"class_list":{"0":"post-4597","1":"product","2":"type-product","3":"status-publish","4":"has-post-thumbnail","6":"product_cat-argon-arc-automatic-welding","7":"desktop-align-left","8":"tablet-align-left","9":"mobile-align-left","11":"first","12":"instock","13":"shipping-taxable","14":"product-type-simple"},"aioseo_notices":[],"uagb_featured_image_src":{"full":["https:\/\/www.xinhaowelding.com\/wp-content\/uploads\/2025\/04\/1-1.jpg",800,800,false],"thumbnail":["https:\/\/www.xinhaowelding.com\/wp-content\/uploads\/2025\/04\/1-1-150x150.jpg",150,150,true],"medium":["https:\/\/www.xinhaowelding.com\/wp-content\/uploads\/2025\/04\/1-1-300x300.jpg",300,300,true],"medium_large":["https:\/\/www.xinhaowelding.com\/wp-content\/uploads\/2025\/04\/1-1-768x768.jpg",768,768,true],"large":["https:\/\/www.xinhaowelding.com\/wp-content\/uploads\/2025\/04\/1-1.jpg",800,800,false],"1536x1536":["https:\/\/www.xinhaowelding.com\/wp-content\/uploads\/2025\/04\/1-1.jpg",800,800,false],"2048x2048":["https:\/\/www.xinhaowelding.com\/wp-content\/uploads\/2025\/04\/1-1.jpg",800,800,false],"trp-custom-language-flag":["https:\/\/www.xinhaowelding.com\/wp-content\/uploads\/2025\/04\/1-1-12x12.jpg",12,12,true],"woocommerce_thumbnail":["https:\/\/www.xinhaowelding.com\/wp-content\/uploads\/2025\/04\/1-1-600x600.jpg",600,600,true],"woocommerce_single":["https:\/\/www.xinhaowelding.com\/wp-content\/uploads\/2025\/04\/1-1-600x600.jpg",600,600,true],"woocommerce_gallery_thumbnail":["https:\/\/www.xinhaowelding.com\/wp-content\/uploads\/2025\/04\/1-1-100x100.jpg",100,100,true]},"uagb_author_info":{"display_name":"jinxing6611@gmail.com","author_link":"https:\/\/www.xinhaowelding.com\/fr\/author\/"},"uagb_comment_info":0,"uagb_excerpt":"Automatic gun welding \u25c6 The adjustment mechanism can adjust the position of the welding gun. The top cone positioning is accurate and the welding seam forming is beautiful. \u25c6Drive using stepper motor (single axis) or servo motor (double axis) drive, PLC touch screen control system, can store 10 groups of welding process parameters, with simple\u2026","_links":{"self":[{"href":"https:\/\/www.xinhaowelding.com\/fr\/wp-json\/wp\/v2\/product\/4597","targetHints":{"allow":["GET"]}}],"collection":[{"href":"https:\/\/www.xinhaowelding.com\/fr\/wp-json\/wp\/v2\/product"}],"about":[{"href":"https:\/\/www.xinhaowelding.com\/fr\/wp-json\/wp\/v2\/types\/product"}],"replies":[{"embeddable":true,"href":"https:\/\/www.xinhaowelding.com\/fr\/wp-json\/wp\/v2\/comments?post=4597"}],"wp:featuredmedia":[{"embeddable":true,"href":"https:\/\/www.xinhaowelding.com\/fr\/wp-json\/wp\/v2\/media\/4598"}],"wp:attachment":[{"href":"https:\/\/www.xinhaowelding.com\/fr\/wp-json\/wp\/v2\/media?parent=4597"}],"wp:term":[{"taxonomy":"product_brand","embeddable":true,"href":"https:\/\/www.xinhaowelding.com\/fr\/wp-json\/wp\/v2\/product_brand?post=4597"},{"taxonomy":"product_cat","embeddable":true,"href":"https:\/\/www.xinhaowelding.com\/fr\/wp-json\/wp\/v2\/product_cat?post=4597"},{"taxonomy":"product_tag","embeddable":true,"href":"https:\/\/www.xinhaowelding.com\/fr\/wp-json\/wp\/v2\/product_tag?post=4597"}],"curies":[{"name":"wp","href":"https:\/\/api.w.org\/{rel}","templated":true}]}}