{"id":4679,"date":"2025-06-02T07:10:19","date_gmt":"2025-06-02T07:10:19","guid":{"rendered":"https:\/\/www.xinhaowelding.com\/?post_type=product&#038;p=4679"},"modified":"2025-06-02T07:11:25","modified_gmt":"2025-06-02T07:11:25","slug":"7-axis-tig-welder-components-jinan-xinhao","status":"publish","type":"product","link":"https:\/\/www.xinhaowelding.com\/fr\/produit\/7-axis-tig-welder-components-jinan-xinhao\/","title":{"rendered":"Composants de la soudeuse TIG 7 axes | Jinan Xinhao"},"content":{"rendered":"<h1 class=\"wp-block-heading\" style=\"font-size:28px\"><strong><a href=\"https:\/\/www.xinhaowelding.com\/fr\/produit\/7-axis-tig-welder-components-jinan-xinhao\/\" title=\"Jinan Xinhao Welding Technology Co : Innovations en mati\u00e8re de pr\u00e9cision avec les syst\u00e8mes de soudage TIG \u00e0 7 axes\">Jinan Xinhao Welding Technology Co : Innovations en mati\u00e8re de pr\u00e9cision avec les syst\u00e8mes de soudage TIG \u00e0 7 axes<\/a><\/strong><\/h1>\n\n\n\n<h2 class=\"wp-block-heading has-medium-font-size\"><strong>Introduction<\/strong><\/h2>\n\n\n\n<p>Jinan Xinhao Welding Technology Co. est un fabricant de premier plan de solutions de soudage avanc\u00e9es, sp\u00e9cialis\u00e9 dans le soudage de haute pr\u00e9cision.&nbsp;<strong>Machines \u00e0 souder TIG (Tungsten Inert Gas) \u00e0 7 axes<\/strong>. Con\u00e7us pour les industries exigeant une pr\u00e9cision de soudage ultrafine, telles que l'a\u00e9rospatiale, l'automobile et la fabrication haut de gamme, les syst\u00e8mes de pointe de Xinhao offrent des performances, une efficacit\u00e9 et une fiabilit\u00e9 in\u00e9gal\u00e9es.<\/p>\n\n\n\n<h2 class=\"wp-block-heading has-medium-font-size\"><strong>Pourquoi choisir le soudage TIG 7 axes ?<\/strong><\/h2>\n\n\n\n<p>Les m\u00e9thodes de soudage traditionnelles se heurtent souvent aux limites des g\u00e9om\u00e9tries complexes et des tol\u00e9rances serr\u00e9es. Les m\u00e9thodes de soudage de Xinhao&nbsp;<strong>Syst\u00e8mes de soudage TIG robotis\u00e9s \u00e0 7 axes<\/strong>&nbsp;surmonter ces d\u00e9fis en offrant :<\/p>\n\n\n\n<ol class=\"wp-block-list\">\n<li><strong>Flexibilit\u00e9 de soudage \u00e0 360<\/strong>: L'articulation multiaxiale permet de souder des pi\u00e8ces complexes sous n'importe quel angle.<\/li>\n\n\n\n<li><strong>Pr\u00e9cision guid\u00e9e par laser<\/strong>: Les capteurs int\u00e9gr\u00e9s garantissent une pr\u00e9cision de l'ordre du micron, r\u00e9duisant ainsi le gaspillage de mat\u00e9riaux.<\/li>\n\n\n\n<li><strong>Efficacit\u00e9 automatis\u00e9e<\/strong>: La logique programmable minimise les erreurs humaines, ce qui stimule la productivit\u00e9.<\/li>\n\n\n\n<li><strong>Qualit\u00e9 de soudure sup\u00e9rieure<\/strong>: Le blindage \u00e0 l'argon \u00e9limine l'oxydation, ce qui permet d'obtenir des joints propres et robustes.<\/li>\n<\/ol>\n\n\n\n<h2 class=\"wp-block-heading has-medium-font-size\"><strong>L'avance technologique de Xinhao<\/strong><\/h2>\n\n\n\n<ol start=\"1\" class=\"wp-block-list\">\n<li><strong>Solutions personnalis\u00e9es<\/strong>: Con\u00e7u pour l'acier inoxydable, l'aluminium, le titane et d'autres alliages.<\/li>\n\n\n\n<li><strong>Syst\u00e8mes de contr\u00f4le intelligents<\/strong>: Interfaces conviviales avec contr\u00f4le en temps r\u00e9el et param\u00e8tres de soudage adaptatifs.<\/li>\n\n\n\n<li><strong>Durabilit\u00e9<\/strong>: Construction robuste pour les environnements industriels.<\/li>\n\n\n\n<li><strong>Conformit\u00e9 mondiale<\/strong>: Conforme aux normes de s\u00e9curit\u00e9 ISO, CE et internationales.<\/li>\n<\/ol>\n\n\n\n<h2 class=\"wp-block-heading has-medium-font-size\"><strong>Applications<\/strong><\/h2>\n\n\n\n<p>Les soudeuses TIG \u00e0 7 axes de Xinhao sont id\u00e9ales pour.. :<br>\u00a0<strong>A\u00e9rospatiale<\/strong>\u00a0(composants du moteur, syst\u00e8mes de carburant)<br>\u00a0<strong>Automobile<\/strong>\u00a0(plateaux de batteries de v\u00e9hicules \u00e9lectriques, syst\u00e8mes d'\u00e9chappement)<br>\u00a0<strong>Dispositifs m\u00e9dicaux<\/strong>\u00a0(instruments chirurgicaux, implants)<br>\u00a0<strong>Secteur de l'\u00e9nergie<\/strong>\u00a0(pipelines, composants nucl\u00e9aires)<\/p>\n\n\n\n<p>Jinan Xinhao Welding Technology Co. associe l'innovation \u00e0 l'artisanat pour red\u00e9finir l'automatisation du soudage. Ses&nbsp;<strong>Machines de soudage TIG \u00e0 7 axes<\/strong>&nbsp;\u00e9tablissent de nouvelles r\u00e9f\u00e9rences en mati\u00e8re de vitesse, de pr\u00e9cision et de polyvalence, permettant aux industries d'obtenir des r\u00e9sultats irr\u00e9prochables.<\/p>\n\n\n\n<p><strong>Contacter Xinhao aujourd'hui<\/strong>&nbsp;pour d\u00e9couvrir comment leur technologie peut am\u00e9liorer votre cha\u00eene de production !<\/p>\n\n\n\n<figure class=\"wp-block-table\"><table class=\"has-fixed-layout\"><tbody><tr><td>Nom de l'\u00e9quipement<\/td><td>ZDH-3365<\/td><td>Torche de soudage automatique<\/td><td>WP-27\/Refroidi \u00e0 l'eau<\/td><\/tr><tr><td>Capacit\u00e9 de charge horizontale<\/td><td>600KG<\/td><td>Machine \u00e0 souder TIG<\/td><td>Machine \u00e0 souder Panasonic<\/td><\/tr><tr><td>Pi\u00e8ces \u00e0 usiner appropri\u00e9es<\/td><td>50-900mm<\/td><td>Mode swing<\/td><td>Angle d'oscillation<\/td><\/tr><tr><td>Trou de passage de la machine<\/td><td>365mm<\/td><td>D\u00e9vidoir de fil<\/td><td>86 d\u00e9vidoir de fil de fer<\/td><\/tr><tr><td>Course \u00e9lectrique de la base<\/td><td>1000mm<\/td><td>Course \u00e9lectrique de la colonne<\/td><td>800mm<\/td><\/tr><tr><td>Dimensions de l'\u00e9quipement<\/td><td>1500*1790*1900mm<\/td><td>Course \u00e9lectrique de la traverse<\/td><td>500mm<\/td><\/tr><\/tbody><\/table><\/figure>\n\n\n\n<h2 class=\"wp-block-heading\"><strong><u><strong>\u4ea7\u54c1\u7ec6\u8282<\/strong><\/u><\/strong><strong><u><strong><\/strong><\/u><\/strong><\/h2>\n\n\n\n<h2 class=\"wp-block-heading\"><strong>D\u00e9tails du produit<\/strong><\/h2>\n\n\n\n<div class=\"wp-block-uagb-container uagb-block-29372bf1 alignfull uagb-is-root-container\"><div class=\"uagb-container-inner-blocks-wrap\">\n<div class=\"wp-block-uagb-container uagb-block-ab41d8c3\">\n<figure class=\"wp-block-image size-full\"><img fetchpriority=\"high\" decoding=\"async\" width=\"1000\" height=\"750\" src=\"https:\/\/www.xinhaowelding.com\/wp-content\/uploads\/2025\/06\/\u7ec6\u82821.jpg\" alt=\"\" class=\"wp-image-4687\" srcset=\"https:\/\/www.xinhaowelding.com\/wp-content\/uploads\/2025\/06\/\u7ec6\u82821.jpg 1000w, https:\/\/www.xinhaowelding.com\/wp-content\/uploads\/2025\/06\/\u7ec6\u82821-300x225.jpg 300w, https:\/\/www.xinhaowelding.com\/wp-content\/uploads\/2025\/06\/\u7ec6\u82821-768x576.jpg 768w, https:\/\/www.xinhaowelding.com\/wp-content\/uploads\/2025\/06\/\u7ec6\u82821-16x12.jpg 16w, https:\/\/www.xinhaowelding.com\/wp-content\/uploads\/2025\/06\/\u7ec6\u82821-600x450.jpg 600w\" sizes=\"(max-width: 1000px) 100vw, 1000px\" \/><\/figure>\n<\/div>\n\n\n\n<div class=\"wp-block-uagb-container uagb-block-e701ce0b\">\n<div class=\"wp-block-group is-layout-constrained wp-block-group-is-layout-constrained\">\n<p class=\"has-large-font-size\"><strong>Bo\u00eetier de contr\u00f4le PLC<\/strong><\/p>\n\n\n\n<div class=\"wp-block-group is-layout-constrained wp-block-group-is-layout-constrained\">\n<p>Commande num\u00e9rique intelligente, fonctionnement simple<\/p>\n\n\n\n<p>Avec un r\u00e9servoir d'eau de refroidissement<\/p>\n\n\n\n<p>Machine \u00e0 souder Panasonic, fonctions multiples pour un r\u00e9glage libre<\/p>\n\n\n\n<p>Fonctionnement stable<\/p>\n<\/div>\n<\/div>\n<\/div>\n<\/div><\/div>\n\n\n\n<div class=\"wp-block-uagb-container uagb-block-8b8066ac alignfull uagb-is-root-container\"><div class=\"uagb-container-inner-blocks-wrap\">\n<div class=\"wp-block-uagb-container uagb-block-f5e22ca2\">\n<figure class=\"wp-block-image size-full\"><img decoding=\"async\" width=\"1000\" height=\"750\" src=\"https:\/\/www.xinhaowelding.com\/wp-content\/uploads\/2025\/06\/\u7ec6\u82822.jpg\" alt=\"\" class=\"wp-image-4688\" srcset=\"https:\/\/www.xinhaowelding.com\/wp-content\/uploads\/2025\/06\/\u7ec6\u82822.jpg 1000w, https:\/\/www.xinhaowelding.com\/wp-content\/uploads\/2025\/06\/\u7ec6\u82822-300x225.jpg 300w, https:\/\/www.xinhaowelding.com\/wp-content\/uploads\/2025\/06\/\u7ec6\u82822-768x576.jpg 768w, https:\/\/www.xinhaowelding.com\/wp-content\/uploads\/2025\/06\/\u7ec6\u82822-16x12.jpg 16w, https:\/\/www.xinhaowelding.com\/wp-content\/uploads\/2025\/06\/\u7ec6\u82822-600x450.jpg 600w\" sizes=\"(max-width: 1000px) 100vw, 1000px\" \/><\/figure>\n<\/div>\n\n\n\n<div class=\"wp-block-uagb-container uagb-block-a7349e46\">\n<div class=\"wp-block-group is-layout-constrained wp-block-group-is-layout-constrained\">\n<p class=\"has-large-font-size\"><strong>R\u00e9glage \u00e9lectrique vers le haut et vers le bas<\/strong><\/p>\n\n\n\n<div class=\"wp-block-group is-layout-constrained wp-block-group-is-layout-constrained\">\n<div class=\"wp-block-group is-layout-constrained wp-block-group-is-layout-constrained\">\n<p>R\u00e9glage \u00e9lectrique<br><\/p>\n\n\n\n<p>Positionnement pr\u00e9cis<\/p>\n<\/div>\n\n\n\n<div class=\"wp-block-group is-layout-constrained wp-block-group-is-layout-constrained\"><\/div>\n<\/div>\n<\/div>\n<\/div>\n<\/div><\/div>\n\n\n\n<div class=\"wp-block-uagb-container uagb-block-21a3a21e alignfull uagb-is-root-container\"><div class=\"uagb-container-inner-blocks-wrap\">\n<div class=\"wp-block-uagb-container uagb-block-fc7a09d2\">\n<figure class=\"wp-block-image size-full\"><img decoding=\"async\" width=\"1000\" height=\"750\" src=\"https:\/\/www.xinhaowelding.com\/wp-content\/uploads\/2025\/06\/\u7ec6\u82823.jpg\" alt=\"\" class=\"wp-image-4689\" srcset=\"https:\/\/www.xinhaowelding.com\/wp-content\/uploads\/2025\/06\/\u7ec6\u82823.jpg 1000w, https:\/\/www.xinhaowelding.com\/wp-content\/uploads\/2025\/06\/\u7ec6\u82823-300x225.jpg 300w, https:\/\/www.xinhaowelding.com\/wp-content\/uploads\/2025\/06\/\u7ec6\u82823-768x576.jpg 768w, https:\/\/www.xinhaowelding.com\/wp-content\/uploads\/2025\/06\/\u7ec6\u82823-16x12.jpg 16w, https:\/\/www.xinhaowelding.com\/wp-content\/uploads\/2025\/06\/\u7ec6\u82823-600x450.jpg 600w\" sizes=\"(max-width: 1000px) 100vw, 1000px\" \/><\/figure>\n<\/div>\n\n\n\n<div class=\"wp-block-uagb-container uagb-block-246ed865\">\n<div class=\"wp-block-group is-layout-constrained wp-block-group-is-layout-constrained\">\n<p class=\"has-large-font-size\"><strong>Positionneur de trous traversants<\/strong><\/p>\n\n\n\n<p>Il peut serrer des pi\u00e8ces de diff\u00e9rents diam\u00e8tres.<\/p>\n\n\n\n<p>Serrage stable et positionnement pr\u00e9cis.<\/p>\n\n\n\n<div class=\"wp-block-group is-layout-constrained wp-block-group-is-layout-constrained\">\n<p>La personnalisation est possible.<\/p>\n<\/div>\n<\/div>\n<\/div>\n<\/div><\/div>\n\n\n\n<div class=\"wp-block-uagb-container uagb-block-1b32b6e0 alignfull uagb-is-root-container\"><div class=\"uagb-container-inner-blocks-wrap\">\n<div class=\"wp-block-uagb-container uagb-block-230fa5b6\">\n<figure class=\"wp-block-image size-full\"><img loading=\"lazy\" decoding=\"async\" width=\"1000\" height=\"750\" src=\"https:\/\/www.xinhaowelding.com\/wp-content\/uploads\/2025\/06\/\u7ec6\u82824.jpg\" alt=\"\" class=\"wp-image-4690\" srcset=\"https:\/\/www.xinhaowelding.com\/wp-content\/uploads\/2025\/06\/\u7ec6\u82824.jpg 1000w, https:\/\/www.xinhaowelding.com\/wp-content\/uploads\/2025\/06\/\u7ec6\u82824-300x225.jpg 300w, https:\/\/www.xinhaowelding.com\/wp-content\/uploads\/2025\/06\/\u7ec6\u82824-768x576.jpg 768w, https:\/\/www.xinhaowelding.com\/wp-content\/uploads\/2025\/06\/\u7ec6\u82824-16x12.jpg 16w, https:\/\/www.xinhaowelding.com\/wp-content\/uploads\/2025\/06\/\u7ec6\u82824-600x450.jpg 600w\" sizes=\"(max-width: 1000px) 100vw, 1000px\" \/><\/figure>\n<\/div>\n\n\n\n<div class=\"wp-block-uagb-container uagb-block-d79b0281\">\n<div class=\"wp-block-group is-layout-constrained wp-block-group-is-layout-constrained\">\n<p class=\"has-large-font-size\"><strong>Volant de r\u00e9glage<\/strong><\/p>\n\n\n\n<p>R\u00e9glage manuel de l'angle d'inclinaison du positionneur<\/p>\n\n\n\n<p>Ajuster le soudage \u00e0 n'importe quel angle<\/p>\n<\/div>\n<\/div>\n<\/div><\/div>\n\n\n\n<div class=\"wp-block-uagb-container uagb-block-d9285cf1 alignfull uagb-is-root-container\"><div class=\"uagb-container-inner-blocks-wrap\">\n<div class=\"wp-block-uagb-container uagb-block-4af81e4a\">\n<figure class=\"wp-block-image size-full\"><img loading=\"lazy\" decoding=\"async\" width=\"1000\" height=\"750\" src=\"https:\/\/www.xinhaowelding.com\/wp-content\/uploads\/2025\/06\/\u7ec6\u82825.jpg\" alt=\"\" class=\"wp-image-4691\" srcset=\"https:\/\/www.xinhaowelding.com\/wp-content\/uploads\/2025\/06\/\u7ec6\u82825.jpg 1000w, https:\/\/www.xinhaowelding.com\/wp-content\/uploads\/2025\/06\/\u7ec6\u82825-300x225.jpg 300w, https:\/\/www.xinhaowelding.com\/wp-content\/uploads\/2025\/06\/\u7ec6\u82825-768x576.jpg 768w, https:\/\/www.xinhaowelding.com\/wp-content\/uploads\/2025\/06\/\u7ec6\u82825-16x12.jpg 16w, https:\/\/www.xinhaowelding.com\/wp-content\/uploads\/2025\/06\/\u7ec6\u82825-600x450.jpg 600w\" sizes=\"(max-width: 1000px) 100vw, 1000px\" \/><\/figure>\n<\/div>\n\n\n\n<div class=\"wp-block-uagb-container uagb-block-05ab637a\">\n<div class=\"wp-block-group is-layout-constrained wp-block-group-is-layout-constrained\">\n<p class=\"has-large-font-size\"><strong>T\u00e9l\u00e9commande de soudage<\/strong><\/p>\n\n\n\n<p>Des fonctions compl\u00e8tes et un fonctionnement intelligent<\/p>\n\n\n\n<p>Forte capacit\u00e9 anti-interf\u00e9rence<\/p>\n\n\n\n<p>Contr\u00f4le \u00e0 distance<\/p>\n<\/div>\n<\/div>\n<\/div><\/div>\n\n\n\n<h2 class=\"wp-block-heading\">\u4ea7\u54c1\u89e3\u6790\/\u5c3a\u5bf8<\/h2>\n\n\n\n<p>Analyse du produit\/Dimensions<\/p>\n\n\n\n<div class=\"wp-block-uagb-container uagb-block-13aa04fc alignfull uagb-is-root-container\"><div class=\"uagb-container-inner-blocks-wrap\">\n<div class=\"wp-block-uagb-container uagb-block-4db9cd15\">\n<figure class=\"wp-block-image size-full\"><img loading=\"lazy\" decoding=\"async\" width=\"643\" height=\"649\" src=\"https:\/\/www.xinhaowelding.com\/wp-content\/uploads\/2025\/06\/\u5c3a\u5bf8.png\" alt=\"\" class=\"wp-image-4685\" srcset=\"https:\/\/www.xinhaowelding.com\/wp-content\/uploads\/2025\/06\/\u5c3a\u5bf8.png 643w, https:\/\/www.xinhaowelding.com\/wp-content\/uploads\/2025\/06\/\u5c3a\u5bf8-297x300.png 297w, https:\/\/www.xinhaowelding.com\/wp-content\/uploads\/2025\/06\/\u5c3a\u5bf8-150x150.png 150w, https:\/\/www.xinhaowelding.com\/wp-content\/uploads\/2025\/06\/\u5c3a\u5bf8-12x12.png 12w, https:\/\/www.xinhaowelding.com\/wp-content\/uploads\/2025\/06\/\u5c3a\u5bf8-600x606.png 600w, https:\/\/www.xinhaowelding.com\/wp-content\/uploads\/2025\/06\/\u5c3a\u5bf8-100x100.png 100w\" sizes=\"(max-width: 643px) 100vw, 643px\" \/><\/figure>\n<\/div>\n\n\n\n<div class=\"wp-block-uagb-container uagb-block-e84de448\">\n<figure class=\"wp-block-image size-large\"><img loading=\"lazy\" decoding=\"async\" width=\"1024\" height=\"625\" src=\"https:\/\/www.xinhaowelding.com\/wp-content\/uploads\/2025\/06\/\u89e3\u6790\u82f1\u6587-1024x625.png\" alt=\"\" class=\"wp-image-4686\" srcset=\"https:\/\/www.xinhaowelding.com\/wp-content\/uploads\/2025\/06\/\u89e3\u6790\u82f1\u6587-1024x625.png 1024w, https:\/\/www.xinhaowelding.com\/wp-content\/uploads\/2025\/06\/\u89e3\u6790\u82f1\u6587-300x183.png 300w, https:\/\/www.xinhaowelding.com\/wp-content\/uploads\/2025\/06\/\u89e3\u6790\u82f1\u6587-768x469.png 768w, https:\/\/www.xinhaowelding.com\/wp-content\/uploads\/2025\/06\/\u89e3\u6790\u82f1\u6587-1536x938.png 1536w, https:\/\/www.xinhaowelding.com\/wp-content\/uploads\/2025\/06\/\u89e3\u6790\u82f1\u6587-2048x1250.png 2048w\" sizes=\"(max-width: 1024px) 100vw, 1024px\" \/><\/figure>\n<\/div>\n<\/div><\/div>\n\n\n\n<h2 class=\"wp-block-heading\">\u73b0\u573a\u5b9e\u62cd<\/h2>\n\n\n\n<h2 class=\"wp-block-heading\">Prise de vue en direct<\/h2>\n\n\n\n<div class=\"wp-block-uagb-container uagb-block-03da7a64 alignfull uagb-is-root-container\"><div class=\"uagb-container-inner-blocks-wrap\">\n<div class=\"wp-block-uagb-container uagb-block-d59365ad\">\n<figure class=\"wp-block-image size-full\"><img loading=\"lazy\" decoding=\"async\" width=\"750\" height=\"1000\" src=\"https:\/\/www.xinhaowelding.com\/wp-content\/uploads\/2025\/06\/\u5c55\u793a1.jpg\" alt=\"\" class=\"wp-image-4692\" srcset=\"https:\/\/www.xinhaowelding.com\/wp-content\/uploads\/2025\/06\/\u5c55\u793a1.jpg 750w, https:\/\/www.xinhaowelding.com\/wp-content\/uploads\/2025\/06\/\u5c55\u793a1-225x300.jpg 225w, https:\/\/www.xinhaowelding.com\/wp-content\/uploads\/2025\/06\/\u5c55\u793a1-9x12.jpg 9w, https:\/\/www.xinhaowelding.com\/wp-content\/uploads\/2025\/06\/\u5c55\u793a1-600x800.jpg 600w\" sizes=\"(max-width: 750px) 100vw, 750px\" \/><\/figure>\n<\/div>\n\n\n\n<div class=\"wp-block-uagb-container uagb-block-25b6a97a\">\n<figure class=\"wp-block-image size-full\"><img loading=\"lazy\" decoding=\"async\" width=\"750\" height=\"1000\" src=\"https:\/\/www.xinhaowelding.com\/wp-content\/uploads\/2025\/06\/\u5c55\u793a2.jpg\" alt=\"\" class=\"wp-image-4693\" srcset=\"https:\/\/www.xinhaowelding.com\/wp-content\/uploads\/2025\/06\/\u5c55\u793a2.jpg 750w, https:\/\/www.xinhaowelding.com\/wp-content\/uploads\/2025\/06\/\u5c55\u793a2-225x300.jpg 225w, https:\/\/www.xinhaowelding.com\/wp-content\/uploads\/2025\/06\/\u5c55\u793a2-9x12.jpg 9w, https:\/\/www.xinhaowelding.com\/wp-content\/uploads\/2025\/06\/\u5c55\u793a2-600x800.jpg 600w\" sizes=\"(max-width: 750px) 100vw, 750px\" \/><\/figure>\n<\/div>\n<\/div><\/div>\n\n\n\n<div class=\"wp-block-uagb-container uagb-block-ed701279 alignfull uagb-is-root-container\"><div class=\"uagb-container-inner-blocks-wrap\">\n<figure class=\"wp-block-image size-full\"><img loading=\"lazy\" decoding=\"async\" width=\"1000\" height=\"750\" src=\"https:\/\/www.xinhaowelding.com\/wp-content\/uploads\/2025\/06\/\u5c55\u793a4.jpg\" alt=\"\" class=\"wp-image-4695\" srcset=\"https:\/\/www.xinhaowelding.com\/wp-content\/uploads\/2025\/06\/\u5c55\u793a4.jpg 1000w, https:\/\/www.xinhaowelding.com\/wp-content\/uploads\/2025\/06\/\u5c55\u793a4-300x225.jpg 300w, https:\/\/www.xinhaowelding.com\/wp-content\/uploads\/2025\/06\/\u5c55\u793a4-768x576.jpg 768w, https:\/\/www.xinhaowelding.com\/wp-content\/uploads\/2025\/06\/\u5c55\u793a4-16x12.jpg 16w, https:\/\/www.xinhaowelding.com\/wp-content\/uploads\/2025\/06\/\u5c55\u793a4-600x450.jpg 600w\" sizes=\"(max-width: 1000px) 100vw, 1000px\" \/><\/figure>\n<\/div><\/div>\n\n\n\n<div class=\"wp-block-uagb-container uagb-block-ff5bc369 alignfull uagb-is-root-container\"><div class=\"uagb-container-inner-blocks-wrap\">\n<figure class=\"wp-block-image size-full\"><img loading=\"lazy\" decoding=\"async\" width=\"1000\" height=\"750\" src=\"https:\/\/www.xinhaowelding.com\/wp-content\/uploads\/2025\/06\/\u5c55\u793a3.jpg\" alt=\"\" class=\"wp-image-4694\" srcset=\"https:\/\/www.xinhaowelding.com\/wp-content\/uploads\/2025\/06\/\u5c55\u793a3.jpg 1000w, https:\/\/www.xinhaowelding.com\/wp-content\/uploads\/2025\/06\/\u5c55\u793a3-300x225.jpg 300w, https:\/\/www.xinhaowelding.com\/wp-content\/uploads\/2025\/06\/\u5c55\u793a3-768x576.jpg 768w, https:\/\/www.xinhaowelding.com\/wp-content\/uploads\/2025\/06\/\u5c55\u793a3-16x12.jpg 16w, https:\/\/www.xinhaowelding.com\/wp-content\/uploads\/2025\/06\/\u5c55\u793a3-600x450.jpg 600w\" sizes=\"(max-width: 1000px) 100vw, 1000px\" \/><\/figure>\n<\/div><\/div>\n\n\n\n<p class=\"has-text-align-center\"><a href=\"http:\/\/www.google.com\" title=\"www.google.com\">www.google.com<\/a><\/p>","protected":false},"excerpt":{"rendered":"<p>Jinan Xinhao Welding Tech propose des \u00e9quipements de soudage TIG \u00e0 7 axes pour des solutions de soudage de pr\u00e9cision. Haute efficacit\u00e9, automatisation et qualit\u00e9 sup\u00e9rieure.<\/p>","protected":false},"featured_media":4680,"comment_status":"open","ping_status":"closed","template":"","meta":{"om_disable_all_campaigns":false,"_uag_custom_page_level_css":"","_monsterinsights_skip_tracking":false,"_monsterinsights_sitenote_active":false,"_monsterinsights_sitenote_note":"","_monsterinsights_sitenote_category":0,"site-sidebar-layout":"default","site-content-layout":"","ast-site-content-layout":"default","site-content-style":"default","site-sidebar-style":"default","ast-global-header-display":"","ast-banner-title-visibility":"","ast-main-header-display":"","ast-hfb-above-header-display":"","ast-hfb-below-header-display":"","ast-hfb-mobile-header-display":"","site-post-title":"","ast-breadcrumbs-content":"","ast-featured-img":"","footer-sml-layout":"","theme-transparent-header-meta":"","adv-header-id-meta":"","stick-header-meta":"","header-above-stick-meta":"","header-main-stick-meta":"","header-below-stick-meta":"","astra-migrate-meta-layouts":"set","ast-page-background-enabled":"default","ast-page-background-meta":{"desktop":{"background-color":"","background-image":"","background-repeat":"repeat","background-position":"center center","background-size":"auto","background-attachment":"scroll","background-type":"","background-media":"","overlay-type":"","overlay-color":"","overlay-opacity":"","overlay-gradient":""},"tablet":{"background-color":"","background-image":"","background-repeat":"repeat","background-position":"center center","background-size":"auto","background-attachment":"scroll","background-type":"","background-media":"","overlay-type":"","overlay-color":"","overlay-opacity":"","overlay-gradient":""},"mobile":{"background-color":"","background-image":"","background-repeat":"repeat","background-position":"center center","background-size":"auto","background-attachment":"scroll","background-type":"","background-media":"","overlay-type":"","overlay-color":"","overlay-opacity":"","overlay-gradient":""}},"ast-content-background-meta":{"desktop":{"background-color":"var(--ast-global-color-5)","background-image":"","background-repeat":"repeat","background-position":"center center","background-size":"auto","background-attachment":"scroll","background-type":"","background-media":"","overlay-type":"","overlay-color":"","overlay-opacity":"","overlay-gradient":""},"tablet":{"background-color":"var(--ast-global-color-5)","background-image":"","background-repeat":"repeat","background-position":"center center","background-size":"auto","background-attachment":"scroll","background-type":"","background-media":"","overlay-type":"","overlay-color":"","overlay-opacity":"","overlay-gradient":""},"mobile":{"background-color":"var(--ast-global-color-5)","background-image":"","background-repeat":"repeat","background-position":"center center","background-size":"auto","background-attachment":"scroll","background-type":"","background-media":"","overlay-type":"","overlay-color":"","overlay-opacity":"","overlay-gradient":""}}},"product_brand":[],"product_cat":[67,57],"product_tag":[],"class_list":{"0":"post-4679","1":"product","2":"type-product","3":"status-publish","4":"has-post-thumbnail","6":"product_cat-argon-arc-automatic-welding","7":"product_cat-automatic-welding-equipment","8":"desktop-align-left","9":"tablet-align-left","10":"mobile-align-left","12":"first","13":"instock","14":"shipping-taxable","15":"product-type-simple"},"aioseo_notices":[],"uagb_featured_image_src":{"full":["https:\/\/www.xinhaowelding.com\/wp-content\/uploads\/2025\/06\/1.jpg",800,800,false],"thumbnail":["https:\/\/www.xinhaowelding.com\/wp-content\/uploads\/2025\/06\/1-150x150.jpg",150,150,true],"medium":["https:\/\/www.xinhaowelding.com\/wp-content\/uploads\/2025\/06\/1-300x300.jpg",300,300,true],"medium_large":["https:\/\/www.xinhaowelding.com\/wp-content\/uploads\/2025\/06\/1-768x768.jpg",768,768,true],"large":["https:\/\/www.xinhaowelding.com\/wp-content\/uploads\/2025\/06\/1.jpg",800,800,false],"1536x1536":["https:\/\/www.xinhaowelding.com\/wp-content\/uploads\/2025\/06\/1.jpg",800,800,false],"2048x2048":["https:\/\/www.xinhaowelding.com\/wp-content\/uploads\/2025\/06\/1.jpg",800,800,false],"trp-custom-language-flag":["https:\/\/www.xinhaowelding.com\/wp-content\/uploads\/2025\/06\/1-12x12.jpg",12,12,true],"woocommerce_thumbnail":["https:\/\/www.xinhaowelding.com\/wp-content\/uploads\/2025\/06\/1-600x600.jpg",600,600,true],"woocommerce_single":["https:\/\/www.xinhaowelding.com\/wp-content\/uploads\/2025\/06\/1-600x600.jpg",600,600,true],"woocommerce_gallery_thumbnail":["https:\/\/www.xinhaowelding.com\/wp-content\/uploads\/2025\/06\/1-100x100.jpg",100,100,true]},"uagb_author_info":{"display_name":"jinxing6611@gmail.com","author_link":"https:\/\/www.xinhaowelding.com\/fr\/author\/"},"uagb_comment_info":0,"uagb_excerpt":"Jinan Xinhao Welding Tech offers advanced 7-axis TIG welding equipment for precision welding solutions. High efficiency, automation, and superior quality.","_links":{"self":[{"href":"https:\/\/www.xinhaowelding.com\/fr\/wp-json\/wp\/v2\/product\/4679","targetHints":{"allow":["GET"]}}],"collection":[{"href":"https:\/\/www.xinhaowelding.com\/fr\/wp-json\/wp\/v2\/product"}],"about":[{"href":"https:\/\/www.xinhaowelding.com\/fr\/wp-json\/wp\/v2\/types\/product"}],"replies":[{"embeddable":true,"href":"https:\/\/www.xinhaowelding.com\/fr\/wp-json\/wp\/v2\/comments?post=4679"}],"wp:featuredmedia":[{"embeddable":true,"href":"https:\/\/www.xinhaowelding.com\/fr\/wp-json\/wp\/v2\/media\/4680"}],"wp:attachment":[{"href":"https:\/\/www.xinhaowelding.com\/fr\/wp-json\/wp\/v2\/media?parent=4679"}],"wp:term":[{"taxonomy":"product_brand","embeddable":true,"href":"https:\/\/www.xinhaowelding.com\/fr\/wp-json\/wp\/v2\/product_brand?post=4679"},{"taxonomy":"product_cat","embeddable":true,"href":"https:\/\/www.xinhaowelding.com\/fr\/wp-json\/wp\/v2\/product_cat?post=4679"},{"taxonomy":"product_tag","embeddable":true,"href":"https:\/\/www.xinhaowelding.com\/fr\/wp-json\/wp\/v2\/product_tag?post=4679"}],"curies":[{"name":"wp","href":"https:\/\/api.w.org\/{rel}","templated":true}]}}