{"id":3003,"date":"2024-11-21T09:12:15","date_gmt":"2024-11-21T09:12:15","guid":{"rendered":"https:\/\/xinhaowelding.com\/?post_type=product&#038;p=3003"},"modified":"2025-03-27T05:32:28","modified_gmt":"2025-03-27T05:32:28","slug":"1-ton-welding-positioner","status":"publish","type":"product","link":"https:\/\/www.xinhaowelding.com\/pt\/produto\/1-ton-welding-positioner\/","title":{"rendered":"M\u00e1quina posicionadora de soldadura de 1 tonelada | Ferramentas de soldadura industrial"},"content":{"rendered":"<h2 class=\"wp-block-heading\"><strong><a href=\"https:\/\/www.xinhaowelding.com\/pt\/produto\/1-ton-welding-positioner\/\" title=\"1-2\u5428\u710a\u63a5\u53d8\u4f4d\u673a\">1-2\u5428\u710a\u63a5\u53d8\u4f4d\u673a<\/a><\/strong><\/h2>\n\n\n\n<h2 class=\"wp-block-heading\"><strong>posicionador pesado de 1-2 toneladas<\/strong><\/h2>\n\n\n\n<p>Colocar a pe\u00e7a de trabalho no mandril. O mandril prende-a rapidamente e a bancada basculante el\u00e9ctrica inclina-se num \u00e2ngulo para fazer a costura de soldadura numa posi\u00e7\u00e3o de soldadura plana, conseguindo uma boa fus\u00e3o da po\u00e7a de fus\u00e3o e uma bela forma\u00e7\u00e3o de soldadura.<\/p>\n\n\n\n<p>Mandris circulares XH600\/XH750 ou mandris triangulares XH1000\/XH1200\/XH1600 para trabalhos pesados, opcionais. A caixa de controlo utiliza um conversor de frequ\u00eancia de marca de renome para a regula\u00e7\u00e3o da velocidade e est\u00e1 equipada com uma caixa manual para a regula\u00e7\u00e3o da velocidade, que \u00e9 conveniente de utilizar.<\/p>\n\n\n\n<p>Especificamente concebido para durabilidade e desempenho. Este posicionador de soldadura \u00e9 feito de a\u00e7o de alta resist\u00eancia, oferecendo uma capacidade de carga excecional, mantendo a estabilidade.<\/p>\n\n\n\n<figure class=\"wp-block-table\"><table class=\"has-fixed-layout\"><tbody><tr><td><strong>N\u00famero do modelo<\/strong><strong><\/strong><\/td><td><strong>BWJ-1T<\/strong><strong><\/strong><\/td><td><strong>BWJ-1.2T<\/strong><strong><\/strong><\/td><td><strong>BWJ-2T<\/strong><strong><\/strong><\/td><td><strong>BWJ-3T<\/strong><strong><\/strong><\/td><td><strong>BWJ-5T<\/strong><strong><\/strong><\/td><td><strong>BWJ-10T<\/strong><strong><\/strong><\/td><td><strong>BWJ-15T<\/strong><strong><\/strong><\/td><td><strong>BWJ-20T<\/strong><strong><\/strong><\/td><\/tr><tr><td>suporte de carga<\/td><td>1T<\/td><td>1.2T<\/td><td>2T<\/td><td>3T<\/td><td>5T<\/td><td>10T<\/td><td>15T<\/td><td>20T<\/td><\/tr><tr><td>Motor de invers\u00e3o<\/td><td>0,75KW<\/td><td>0,75KW<\/td><td>1.5KW<\/td><td>1.5KW<\/td><td>3KW<\/td><td>4KW<\/td><td>5.5KW<\/td><td>7,5KW<\/td><\/tr><tr><td>Motor rotativo<\/td><td>0,75KW<\/td><td>0,75KW<\/td><td>1.5KW<\/td><td>1.5KW<\/td><td>2.2KW<\/td><td>4KW<\/td><td>4KW<\/td><td>5.5KW<\/td><\/tr><tr><td>Velocidade de rota\u00e7\u00e3o<\/td><td>0,1-1r\/M<\/td><td>0,1-1r\/M<\/td><td>0,1-1r\/M<\/td><td>0,06-0,6r\/M<\/td><td>0,05-0,5r\/M<\/td><td>0,05-0,5r\/M<\/td><td>0,05-0,5r\/M<\/td><td>0,026-0,26r\/M<\/td><\/tr><tr><td>Di\u00e2metro do quadro<\/td><td>1000mm<\/td><td>1000mm<\/td><td>1200mm<\/td><td>1400mm<\/td><td>1600mm<\/td><td>2000mm<\/td><td>2000mm<\/td><td>2500 mm<\/td><\/tr><tr><td>Dist\u00e2ncia do centro de gravidade<\/td><td>250 mm<\/td><td>250 mm<\/td><td>250 mm<\/td><td>300 mm<\/td><td>300 mm<\/td><td>400mm<\/td><td>500 mm<\/td><td>630 mm<\/td><\/tr><tr><td>Excentricidade<\/td><td>150 mm<\/td><td>150 mm<\/td><td>150 mm<\/td><td>200 mm<\/td><td>200 mm<\/td><td>200 mm<\/td><td>200 mm<\/td><td>200 mm<\/td><\/tr><tr><td>peso<\/td><td>1000kg<\/td><td>1000kg<\/td><td>1400kg<\/td><td>2000kg<\/td><td>3400kg<\/td><td>5800kg<\/td><td>7500kg<\/td><td>12000kg<\/td><\/tr><tr><td>Dimens\u00e3o global<\/td><td>1200*1100*1100mm<\/td><td>1200*1100*1100mm<\/td><td>1550*1440*1000mm (mais a largura da orelha de suspens\u00e3o 1550 em ambos os lados)<\/td><td>1600*1500*1250mm (mais a largura da orelha de suspens\u00e3o 1650 em ambos os lados)<\/td><td>2300*1950*1550mm (mais a largura da orelha de suspens\u00e3o 2200 em ambos os lados)<\/td><td>3000*2000*1900mm (mais a largura da orelha de suspens\u00e3o 2150 em ambos os lados)<\/td><td>3100*2000*2050mm(Mais a largura da orelha de suspens\u00e3o 2150 em ambos os lados)<\/td><td>3900*2350*2100mm (mais a largura da orelha de suspens\u00e3o 2450 em ambos os lados)<\/td><\/tr><tr><td>Di\u00e2metro m\u00e1ximo de viragem a 90\u00b0<\/td><td>\u03a61300<\/td><td>\u03a61300<\/td><td>\u03a61780<\/td><td>\u03a62100<\/td><td>\u03a62400<\/td><td>\u03a62900<\/td><td>\u03a62900<\/td><td>\u03a63200<\/td><\/tr><\/tbody><\/table><\/figure>\n\n\n\n<div class=\"wp-block-uagb-container uagb-block-86f950dd alignfull uagb-is-root-container\"><div class=\"uagb-container-inner-blocks-wrap\">\n<div class=\"wp-block-uagb-container uagb-block-04babfbb\">\n<figure class=\"wp-block-image size-full\"><a href=\"https:\/\/www.xinhaowelding.com\/pt\/produto\/1-ton-welding-positioner\/\"><img fetchpriority=\"high\" decoding=\"async\" width=\"800\" height=\"800\" src=\"https:\/\/www.xinhaowelding.com\/wp-content\/uploads\/2024\/11\/1\u5428\u53d8\u4f4d\u673a.png\" alt=\"\" class=\"wp-image-4077\" srcset=\"https:\/\/www.xinhaowelding.com\/wp-content\/uploads\/2024\/11\/1\u5428\u53d8\u4f4d\u673a.png 800w, https:\/\/www.xinhaowelding.com\/wp-content\/uploads\/2024\/11\/1\u5428\u53d8\u4f4d\u673a-300x300.png 300w, https:\/\/www.xinhaowelding.com\/wp-content\/uploads\/2024\/11\/1\u5428\u53d8\u4f4d\u673a-150x150.png 150w, https:\/\/www.xinhaowelding.com\/wp-content\/uploads\/2024\/11\/1\u5428\u53d8\u4f4d\u673a-768x768.png 768w, https:\/\/www.xinhaowelding.com\/wp-content\/uploads\/2024\/11\/1\u5428\u53d8\u4f4d\u673a-12x12.png 12w, https:\/\/www.xinhaowelding.com\/wp-content\/uploads\/2024\/11\/1\u5428\u53d8\u4f4d\u673a-600x600.png 600w, https:\/\/www.xinhaowelding.com\/wp-content\/uploads\/2024\/11\/1\u5428\u53d8\u4f4d\u673a-100x100.png 100w\" sizes=\"(max-width: 800px) 100vw, 800px\" \/><\/a><\/figure>\n<\/div>\n\n\n\n<div class=\"wp-block-uagb-container uagb-block-0d9c8167\">\n<figure class=\"wp-block-image size-full\"><a href=\"https:\/\/www.xinhaowelding.com\/pt\/produto\/2-ton-welding-positioner\/\"><img decoding=\"async\" width=\"538\" height=\"538\" src=\"https:\/\/www.xinhaowelding.com\/wp-content\/uploads\/2024\/11\/2\u5428\u53d8\u4f4d\u673a.png\" alt=\"\" class=\"wp-image-4079\" srcset=\"https:\/\/www.xinhaowelding.com\/wp-content\/uploads\/2024\/11\/2\u5428\u53d8\u4f4d\u673a.png 538w, https:\/\/www.xinhaowelding.com\/wp-content\/uploads\/2024\/11\/2\u5428\u53d8\u4f4d\u673a-300x300.png 300w, https:\/\/www.xinhaowelding.com\/wp-content\/uploads\/2024\/11\/2\u5428\u53d8\u4f4d\u673a-150x150.png 150w, https:\/\/www.xinhaowelding.com\/wp-content\/uploads\/2024\/11\/2\u5428\u53d8\u4f4d\u673a-12x12.png 12w, https:\/\/www.xinhaowelding.com\/wp-content\/uploads\/2024\/11\/2\u5428\u53d8\u4f4d\u673a-100x100.png 100w\" sizes=\"(max-width: 538px) 100vw, 538px\" \/><\/a><\/figure>\n<\/div>\n\n\n\n<div class=\"wp-block-uagb-container uagb-block-cd4a84f9\">\n<p class=\"has-text-align-center\">Posicionador de soldadura de 1 tonelada<\/p>\n<\/div>\n\n\n\n<div class=\"wp-block-uagb-container uagb-block-86aeae2d\">\n<p class=\"has-text-align-center\">Posicionador de soldadura de 2 toneladas<\/p>\n<\/div>\n<\/div><\/div>\n\n\n\n<p class=\"has-large-font-size\"><strong><strong>\u4ea7\u54c1\u7ec6\u8282<\/strong><\/strong><\/p>\n\n\n\n<p class=\"has-large-font-size\"><strong>Detalhes do produto<\/strong><strong><\/strong><\/p>\n\n\n\n<div class=\"wp-block-uagb-container uagb-block-8f59b050 alignfull uagb-is-root-container\"><div class=\"uagb-container-inner-blocks-wrap\">\n<div class=\"wp-block-uagb-container uagb-block-6b862565\">\n<figure class=\"wp-block-image size-large\"><img decoding=\"async\" width=\"1024\" height=\"819\" src=\"https:\/\/www.xinhaowelding.com\/wp-content\/uploads\/2024\/11\/\u7ec6\u82821-1024x819.png\" alt=\"\" class=\"wp-image-4091\" srcset=\"https:\/\/www.xinhaowelding.com\/wp-content\/uploads\/2024\/11\/\u7ec6\u82821-1024x819.png 1024w, https:\/\/www.xinhaowelding.com\/wp-content\/uploads\/2024\/11\/\u7ec6\u82821-300x240.png 300w, https:\/\/www.xinhaowelding.com\/wp-content\/uploads\/2024\/11\/\u7ec6\u82821-768x615.png 768w, https:\/\/www.xinhaowelding.com\/wp-content\/uploads\/2024\/11\/\u7ec6\u82821-1536x1229.png 1536w, https:\/\/www.xinhaowelding.com\/wp-content\/uploads\/2024\/11\/\u7ec6\u82821-2048x1639.png 2048w, https:\/\/www.xinhaowelding.com\/wp-content\/uploads\/2024\/11\/\u7ec6\u82821-15x12.png 15w, https:\/\/www.xinhaowelding.com\/wp-content\/uploads\/2024\/11\/\u7ec6\u82821-600x480.png 600w\" sizes=\"(max-width: 1024px) 100vw, 1024px\" \/><\/figure>\n<\/div>\n\n\n\n<div class=\"wp-block-uagb-container uagb-block-0cdf1640\">\n<p class=\"has-large-font-size\"><strong>M\u00e1quina rotativa<\/strong><\/p>\n\n\n\n<div class=\"wp-block-group is-layout-constrained wp-block-group-is-layout-constrained\">\n<p>Escolha motores de alta qualidade de fabricantes nacionais conhecidos<\/p>\n\n\n\n<p>Pode efetuar uma regula\u00e7\u00e3o cont\u00ednua da velocidade de convers\u00e3o de frequ\u00eancia<\/p>\n<\/div>\n<\/div>\n<\/div><\/div>\n\n\n\n<div class=\"wp-block-uagb-container uagb-block-84f5fe1e alignfull uagb-is-root-container\"><div class=\"uagb-container-inner-blocks-wrap\">\n<div class=\"wp-block-uagb-container uagb-block-8b9e9c75\">\n<figure class=\"wp-block-image size-large\"><img loading=\"lazy\" decoding=\"async\" width=\"1024\" height=\"819\" src=\"https:\/\/www.xinhaowelding.com\/wp-content\/uploads\/2024\/11\/\u7ec6\u82822-1024x819.png\" alt=\"\" class=\"wp-image-4092\" srcset=\"https:\/\/www.xinhaowelding.com\/wp-content\/uploads\/2024\/11\/\u7ec6\u82822-1024x819.png 1024w, https:\/\/www.xinhaowelding.com\/wp-content\/uploads\/2024\/11\/\u7ec6\u82822-300x240.png 300w, https:\/\/www.xinhaowelding.com\/wp-content\/uploads\/2024\/11\/\u7ec6\u82822-768x615.png 768w, https:\/\/www.xinhaowelding.com\/wp-content\/uploads\/2024\/11\/\u7ec6\u82822-1536x1229.png 1536w, https:\/\/www.xinhaowelding.com\/wp-content\/uploads\/2024\/11\/\u7ec6\u82822-2048x1639.png 2048w, https:\/\/www.xinhaowelding.com\/wp-content\/uploads\/2024\/11\/\u7ec6\u82822-15x12.png 15w, https:\/\/www.xinhaowelding.com\/wp-content\/uploads\/2024\/11\/\u7ec6\u82822-600x480.png 600w\" sizes=\"(max-width: 1024px) 100vw, 1024px\" \/><\/figure>\n<\/div>\n\n\n\n<div class=\"wp-block-uagb-container uagb-block-71165a30\">\n<p class=\"has-large-font-size\"><strong><strong>Escova de carv\u00e3o em barra de cobre<\/strong><\/strong><\/p>\n\n\n\n<div class=\"wp-block-group is-layout-constrained wp-block-group-is-layout-constrained\">\n<p>Desenho de barras de cobre com material de alto teor de cobre<\/p>\n\n\n\n<p>O motor \u00e9 virado para ligar o fio de terra<\/p>\n\n\n\n<p>A condutividade ultra-elevada \u00e9 mais segura de utilizar<\/p>\n<\/div>\n<\/div>\n<\/div><\/div>\n\n\n\n<div class=\"wp-block-uagb-container uagb-block-ca2636a3 alignfull uagb-is-root-container\"><div class=\"uagb-container-inner-blocks-wrap\">\n<div class=\"wp-block-uagb-container uagb-block-9f717702\">\n<figure class=\"wp-block-image size-large\"><img loading=\"lazy\" decoding=\"async\" width=\"1024\" height=\"819\" src=\"https:\/\/www.xinhaowelding.com\/wp-content\/uploads\/2024\/11\/\u7ec6\u82823-1024x819.png\" alt=\"\" class=\"wp-image-4093\" srcset=\"https:\/\/www.xinhaowelding.com\/wp-content\/uploads\/2024\/11\/\u7ec6\u82823-1024x819.png 1024w, https:\/\/www.xinhaowelding.com\/wp-content\/uploads\/2024\/11\/\u7ec6\u82823-300x240.png 300w, https:\/\/www.xinhaowelding.com\/wp-content\/uploads\/2024\/11\/\u7ec6\u82823-768x615.png 768w, https:\/\/www.xinhaowelding.com\/wp-content\/uploads\/2024\/11\/\u7ec6\u82823-1536x1229.png 1536w, https:\/\/www.xinhaowelding.com\/wp-content\/uploads\/2024\/11\/\u7ec6\u82823-2048x1639.png 2048w, https:\/\/www.xinhaowelding.com\/wp-content\/uploads\/2024\/11\/\u7ec6\u82823-15x12.png 15w, https:\/\/www.xinhaowelding.com\/wp-content\/uploads\/2024\/11\/\u7ec6\u82823-600x480.png 600w\" sizes=\"(max-width: 1024px) 100vw, 1024px\" \/><\/figure>\n<\/div>\n\n\n\n<div class=\"wp-block-uagb-container uagb-block-b8b56904\">\n<p class=\"has-large-font-size\"><strong><strong>Motor de rota\u00e7\u00e3o<\/strong><\/strong><\/p>\n\n\n\n<div class=\"wp-block-group is-layout-constrained wp-block-group-is-layout-constrained\">\n<p>O motor de marca nacional bem conhecida tem<\/p>\n\n\n\n<p>A precis\u00e3o do controlo \u00e9 elevada e a fiabilidade \u00e9 forte<\/p>\n\n\n\n<p>Longa vida \u00fatil e outras carater\u00edsticas<\/p>\n<\/div>\n<\/div>\n<\/div><\/div>\n\n\n\n<div class=\"wp-block-uagb-container uagb-block-ef836698 alignfull uagb-is-root-container\"><div class=\"uagb-container-inner-blocks-wrap\">\n<div class=\"wp-block-uagb-container uagb-block-cd4aebb3\">\n<figure class=\"wp-block-image size-large\"><img loading=\"lazy\" decoding=\"async\" width=\"1024\" height=\"819\" src=\"https:\/\/www.xinhaowelding.com\/wp-content\/uploads\/2024\/11\/\u7ec6\u82824-1024x819.png\" alt=\"\" class=\"wp-image-4094\" srcset=\"https:\/\/www.xinhaowelding.com\/wp-content\/uploads\/2024\/11\/\u7ec6\u82824-1024x819.png 1024w, https:\/\/www.xinhaowelding.com\/wp-content\/uploads\/2024\/11\/\u7ec6\u82824-300x240.png 300w, https:\/\/www.xinhaowelding.com\/wp-content\/uploads\/2024\/11\/\u7ec6\u82824-768x615.png 768w, https:\/\/www.xinhaowelding.com\/wp-content\/uploads\/2024\/11\/\u7ec6\u82824-1536x1229.png 1536w, https:\/\/www.xinhaowelding.com\/wp-content\/uploads\/2024\/11\/\u7ec6\u82824-2048x1639.png 2048w, https:\/\/www.xinhaowelding.com\/wp-content\/uploads\/2024\/11\/\u7ec6\u82824-15x12.png 15w, https:\/\/www.xinhaowelding.com\/wp-content\/uploads\/2024\/11\/\u7ec6\u82824-600x480.png 600w\" sizes=\"(max-width: 1024px) 100vw, 1024px\" \/><\/figure>\n<\/div>\n\n\n\n<div class=\"wp-block-uagb-container uagb-block-865bd37d\">\n<p class=\"has-large-font-size\"><strong><strong><strong>Grava\u00e7\u00e3o em \u00e2ngulo<\/strong><\/strong><\/strong><\/p>\n\n\n\n<div class=\"wp-block-group is-layout-constrained wp-block-group-is-layout-constrained\">\n<p>Grava\u00e7\u00e3o em \u00e2ngulo clara e distinta<\/p>\n\n\n\n<p>Pode tornar os utilizadores mais convenientes para dominar<\/p>\n\n\n\n<p>\u00c2ngulo de rota\u00e7\u00e3o da pe\u00e7a de trabalho<\/p>\n\n\n\n<p>Tornar a opera\u00e7\u00e3o mais precisa e fi\u00e1vel<\/p>\n<\/div>\n<\/div>\n<\/div><\/div>\n\n\n\n<p class=\"has-large-font-size\"><strong>\u4ea7\u54c1\u89e3\u6790\/\u5c3a\u5bf8<\/strong><\/p>\n\n\n\n<p class=\"has-large-font-size\"><strong>An\u00e1lise\/dimens\u00f5es do produto<\/strong><\/p>\n\n\n\n<div class=\"wp-block-uagb-container uagb-block-a55ec705 alignfull uagb-is-root-container\"><div class=\"uagb-container-inner-blocks-wrap\">\n<div class=\"wp-block-uagb-container uagb-block-bc06c54b\">\n<figure class=\"wp-block-image size-full\"><img loading=\"lazy\" decoding=\"async\" width=\"682\" height=\"533\" src=\"https:\/\/www.xinhaowelding.com\/wp-content\/uploads\/2024\/11\/\u4ea7\u54c1\u89e3\u67901-1.png\" alt=\"\" class=\"wp-image-4081\" srcset=\"https:\/\/www.xinhaowelding.com\/wp-content\/uploads\/2024\/11\/\u4ea7\u54c1\u89e3\u67901-1.png 682w, https:\/\/www.xinhaowelding.com\/wp-content\/uploads\/2024\/11\/\u4ea7\u54c1\u89e3\u67901-1-300x234.png 300w, https:\/\/www.xinhaowelding.com\/wp-content\/uploads\/2024\/11\/\u4ea7\u54c1\u89e3\u67901-1-15x12.png 15w, https:\/\/www.xinhaowelding.com\/wp-content\/uploads\/2024\/11\/\u4ea7\u54c1\u89e3\u67901-1-600x469.png 600w\" sizes=\"(max-width: 682px) 100vw, 682px\" \/><\/figure>\n<\/div>\n\n\n\n<div class=\"wp-block-uagb-container uagb-block-ed6b1d52\">\n<figure class=\"wp-block-image size-full\"><img loading=\"lazy\" decoding=\"async\" width=\"567\" height=\"512\" src=\"https:\/\/www.xinhaowelding.com\/wp-content\/uploads\/2024\/11\/\u4ea7\u54c1\u89e3\u67902.png\" alt=\"\" class=\"wp-image-4082\" srcset=\"https:\/\/www.xinhaowelding.com\/wp-content\/uploads\/2024\/11\/\u4ea7\u54c1\u89e3\u67902.png 567w, https:\/\/www.xinhaowelding.com\/wp-content\/uploads\/2024\/11\/\u4ea7\u54c1\u89e3\u67902-300x271.png 300w, https:\/\/www.xinhaowelding.com\/wp-content\/uploads\/2024\/11\/\u4ea7\u54c1\u89e3\u67902-13x12.png 13w\" sizes=\"(max-width: 567px) 100vw, 567px\" \/><\/figure>\n<\/div>\n\n\n\n<div class=\"wp-block-uagb-container uagb-block-636a5bf9\">\n<figure class=\"wp-block-image size-full\"><img loading=\"lazy\" decoding=\"async\" width=\"660\" height=\"799\" src=\"https:\/\/www.xinhaowelding.com\/wp-content\/uploads\/2024\/11\/1\u5428\u5c3a\u5bf8.png\" alt=\"\" class=\"wp-image-4078\" srcset=\"https:\/\/www.xinhaowelding.com\/wp-content\/uploads\/2024\/11\/1\u5428\u5c3a\u5bf8.png 660w, https:\/\/www.xinhaowelding.com\/wp-content\/uploads\/2024\/11\/1\u5428\u5c3a\u5bf8-248x300.png 248w, https:\/\/www.xinhaowelding.com\/wp-content\/uploads\/2024\/11\/1\u5428\u5c3a\u5bf8-10x12.png 10w, https:\/\/www.xinhaowelding.com\/wp-content\/uploads\/2024\/11\/1\u5428\u5c3a\u5bf8-600x726.png 600w\" sizes=\"(max-width: 660px) 100vw, 660px\" \/><\/figure>\n<\/div>\n<\/div><\/div>\n\n\n\n<p class=\"has-large-font-size\"><strong>\u73b0\u573a\u5b9e\u62cd<\/strong><\/p>\n\n\n\n<p class=\"has-large-font-size\"><strong>Filmagem em direto<\/strong><\/p>\n\n\n\n<div class=\"wp-block-uagb-container uagb-block-c5bc7fd0 alignfull uagb-is-root-container\"><div class=\"uagb-container-inner-blocks-wrap\">\n<div class=\"wp-block-uagb-container uagb-block-4f745dd7\">\n<figure class=\"wp-block-image size-full\"><img loading=\"lazy\" decoding=\"async\" width=\"750\" height=\"1000\" src=\"https:\/\/www.xinhaowelding.com\/wp-content\/uploads\/2024\/11\/\u5b9e\u62cd4-5.jpg\" alt=\"\" class=\"wp-image-4087\" srcset=\"https:\/\/www.xinhaowelding.com\/wp-content\/uploads\/2024\/11\/\u5b9e\u62cd4-5.jpg 750w, https:\/\/www.xinhaowelding.com\/wp-content\/uploads\/2024\/11\/\u5b9e\u62cd4-5-225x300.jpg 225w, https:\/\/www.xinhaowelding.com\/wp-content\/uploads\/2024\/11\/\u5b9e\u62cd4-5-9x12.jpg 9w, https:\/\/www.xinhaowelding.com\/wp-content\/uploads\/2024\/11\/\u5b9e\u62cd4-5-600x800.jpg 600w\" sizes=\"(max-width: 750px) 100vw, 750px\" \/><\/figure>\n<\/div>\n\n\n\n<div class=\"wp-block-uagb-container uagb-block-e007e89f\">\n<figure class=\"wp-block-image size-full\"><img loading=\"lazy\" decoding=\"async\" width=\"750\" height=\"1000\" src=\"https:\/\/www.xinhaowelding.com\/wp-content\/uploads\/2024\/11\/\u5b9e\u62cd5-1.jpg\" alt=\"\" class=\"wp-image-4088\" srcset=\"https:\/\/www.xinhaowelding.com\/wp-content\/uploads\/2024\/11\/\u5b9e\u62cd5-1.jpg 750w, https:\/\/www.xinhaowelding.com\/wp-content\/uploads\/2024\/11\/\u5b9e\u62cd5-1-225x300.jpg 225w, https:\/\/www.xinhaowelding.com\/wp-content\/uploads\/2024\/11\/\u5b9e\u62cd5-1-9x12.jpg 9w, https:\/\/www.xinhaowelding.com\/wp-content\/uploads\/2024\/11\/\u5b9e\u62cd5-1-600x800.jpg 600w\" sizes=\"(max-width: 750px) 100vw, 750px\" \/><\/figure>\n<\/div>\n\n\n\n<div class=\"wp-block-uagb-container uagb-block-b25a68b2\">\n<figure class=\"wp-block-image size-full\"><img loading=\"lazy\" decoding=\"async\" width=\"750\" height=\"1000\" src=\"https:\/\/www.xinhaowelding.com\/wp-content\/uploads\/2024\/11\/\u5b9e\u62cd6.jpg\" alt=\"\" class=\"wp-image-4089\" srcset=\"https:\/\/www.xinhaowelding.com\/wp-content\/uploads\/2024\/11\/\u5b9e\u62cd6.jpg 750w, https:\/\/www.xinhaowelding.com\/wp-content\/uploads\/2024\/11\/\u5b9e\u62cd6-225x300.jpg 225w, https:\/\/www.xinhaowelding.com\/wp-content\/uploads\/2024\/11\/\u5b9e\u62cd6-9x12.jpg 9w, https:\/\/www.xinhaowelding.com\/wp-content\/uploads\/2024\/11\/\u5b9e\u62cd6-600x800.jpg 600w\" sizes=\"(max-width: 750px) 100vw, 750px\" \/><\/figure>\n<\/div>\n\n\n\n<div class=\"wp-block-uagb-container uagb-block-a1d3e211\">\n<figure class=\"wp-block-image size-large\"><img loading=\"lazy\" decoding=\"async\" width=\"768\" height=\"1024\" src=\"https:\/\/www.xinhaowelding.com\/wp-content\/uploads\/2024\/11\/\u5b9e\u62cd7-768x1024.jpg\" alt=\"\" class=\"wp-image-4090\" srcset=\"https:\/\/www.xinhaowelding.com\/wp-content\/uploads\/2024\/11\/\u5b9e\u62cd7-768x1024.jpg 768w, https:\/\/www.xinhaowelding.com\/wp-content\/uploads\/2024\/11\/\u5b9e\u62cd7-225x300.jpg 225w, https:\/\/www.xinhaowelding.com\/wp-content\/uploads\/2024\/11\/\u5b9e\u62cd7-1152x1536.jpg 1152w, https:\/\/www.xinhaowelding.com\/wp-content\/uploads\/2024\/11\/\u5b9e\u62cd7-1536x2048.jpg 1536w, https:\/\/www.xinhaowelding.com\/wp-content\/uploads\/2024\/11\/\u5b9e\u62cd7-9x12.jpg 9w, https:\/\/www.xinhaowelding.com\/wp-content\/uploads\/2024\/11\/\u5b9e\u62cd7-600x800.jpg 600w, https:\/\/www.xinhaowelding.com\/wp-content\/uploads\/2024\/11\/\u5b9e\u62cd7-scaled.jpg 1920w\" sizes=\"(max-width: 768px) 100vw, 768px\" \/><\/figure>\n<\/div>\n<\/div><\/div>\n\n\n\n<p><a href=\"http:\/\/www.google.com\" target=\"_blank\" rel=\"noopener\" title=\"\">http:\/\/www.google.com<\/a><\/p>","protected":false},"excerpt":{"rendered":"<p>Um posicionador de regula\u00e7\u00e3o de velocidade cont\u00ednua de torneamento autom\u00e1tico de 1 tonelada, que \u00e9 uma bancada de trabalho de soldadura que pode trabalhar com um mandril de soldadura.<\/p>","protected":false},"featured_media":3004,"comment_status":"open","ping_status":"closed","template":"","meta":{"om_disable_all_campaigns":false,"_uag_custom_page_level_css":"","_monsterinsights_skip_tracking":false,"_monsterinsights_sitenote_active":false,"_monsterinsights_sitenote_note":"","_monsterinsights_sitenote_category":0,"site-sidebar-layout":"default","site-content-layout":"","ast-site-content-layout":"default","site-content-style":"default","site-sidebar-style":"default","ast-global-header-display":"","ast-banner-title-visibility":"","ast-main-header-display":"","ast-hfb-above-header-display":"","ast-hfb-below-header-display":"","ast-hfb-mobile-header-display":"","site-post-title":"","ast-breadcrumbs-content":"","ast-featured-img":"","footer-sml-layout":"","theme-transparent-header-meta":"default","adv-header-id-meta":"","stick-header-meta":"","header-above-stick-meta":"","header-main-stick-meta":"","header-below-stick-meta":"","astra-migrate-meta-layouts":"set","ast-page-background-enabled":"default","ast-page-background-meta":{"desktop":{"background-color":"","background-image":"","background-repeat":"repeat","background-position":"center center","background-size":"auto","background-attachment":"scroll","background-type":"","background-media":"","overlay-type":"","overlay-color":"","overlay-opacity":"","overlay-gradient":""},"tablet":{"background-color":"","background-image":"","background-repeat":"repeat","background-position":"center center","background-size":"auto","background-attachment":"scroll","background-type":"","background-media":"","overlay-type":"","overlay-color":"","overlay-opacity":"","overlay-gradient":""},"mobile":{"background-color":"","background-image":"","background-repeat":"repeat","background-position":"center center","background-size":"auto","background-attachment":"scroll","background-type":"","background-media":"","overlay-type":"","overlay-color":"","overlay-opacity":"","overlay-gradient":""}},"ast-content-background-meta":{"desktop":{"background-color":"var(--ast-global-color-5)","background-image":"","background-repeat":"repeat","background-position":"center center","background-size":"auto","background-attachment":"scroll","background-type":"","background-media":"","overlay-type":"","overlay-color":"","overlay-opacity":"","overlay-gradient":""},"tablet":{"background-color":"var(--ast-global-color-5)","background-image":"","background-repeat":"repeat","background-position":"center center","background-size":"auto","background-attachment":"scroll","background-type":"","background-media":"","overlay-type":"","overlay-color":"","overlay-opacity":"","overlay-gradient":""},"mobile":{"background-color":"var(--ast-global-color-5)","background-image":"","background-repeat":"repeat","background-position":"center center","background-size":"auto","background-attachment":"scroll","background-type":"","background-media":"","overlay-type":"","overlay-color":"","overlay-opacity":"","overlay-gradient":""}}},"product_brand":[],"product_cat":[58],"product_tag":[],"class_list":{"0":"post-3003","1":"product","2":"type-product","3":"status-publish","4":"has-post-thumbnail","6":"product_cat-welding-positioner","7":"desktop-align-left","8":"tablet-align-left","9":"mobile-align-left","11":"first","12":"instock","13":"shipping-taxable","14":"product-type-simple"},"aioseo_notices":[],"uagb_featured_image_src":{"full":["https:\/\/www.xinhaowelding.com\/wp-content\/uploads\/2024\/11\/3.png",800,800,false],"thumbnail":["https:\/\/www.xinhaowelding.com\/wp-content\/uploads\/2024\/11\/3-150x150.png",150,150,true],"medium":["https:\/\/www.xinhaowelding.com\/wp-content\/uploads\/2024\/11\/3-300x300.png",300,300,true],"medium_large":["https:\/\/www.xinhaowelding.com\/wp-content\/uploads\/2024\/11\/3-768x768.png",768,768,true],"large":["https:\/\/www.xinhaowelding.com\/wp-content\/uploads\/2024\/11\/3.png",800,800,false],"1536x1536":["https:\/\/www.xinhaowelding.com\/wp-content\/uploads\/2024\/11\/3.png",800,800,false],"2048x2048":["https:\/\/www.xinhaowelding.com\/wp-content\/uploads\/2024\/11\/3.png",800,800,false],"trp-custom-language-flag":["https:\/\/www.xinhaowelding.com\/wp-content\/uploads\/2024\/11\/3-12x12.png",12,12,true],"woocommerce_thumbnail":["https:\/\/www.xinhaowelding.com\/wp-content\/uploads\/2024\/11\/3-600x600.png",600,600,true],"woocommerce_single":["https:\/\/www.xinhaowelding.com\/wp-content\/uploads\/2024\/11\/3-600x600.png",600,600,true],"woocommerce_gallery_thumbnail":["https:\/\/www.xinhaowelding.com\/wp-content\/uploads\/2024\/11\/3-100x100.png",100,100,true]},"uagb_author_info":{"display_name":"jinxing6611@gmail.com","author_link":"https:\/\/www.xinhaowelding.com\/pt\/author\/"},"uagb_comment_info":0,"uagb_excerpt":"A 1-ton automatic turning stepless speed regulation positioner, which is a welding workbench that can work with a welding chuck.","_links":{"self":[{"href":"https:\/\/www.xinhaowelding.com\/pt\/wp-json\/wp\/v2\/product\/3003","targetHints":{"allow":["GET"]}}],"collection":[{"href":"https:\/\/www.xinhaowelding.com\/pt\/wp-json\/wp\/v2\/product"}],"about":[{"href":"https:\/\/www.xinhaowelding.com\/pt\/wp-json\/wp\/v2\/types\/product"}],"replies":[{"embeddable":true,"href":"https:\/\/www.xinhaowelding.com\/pt\/wp-json\/wp\/v2\/comments?post=3003"}],"wp:featuredmedia":[{"embeddable":true,"href":"https:\/\/www.xinhaowelding.com\/pt\/wp-json\/wp\/v2\/media\/3004"}],"wp:attachment":[{"href":"https:\/\/www.xinhaowelding.com\/pt\/wp-json\/wp\/v2\/media?parent=3003"}],"wp:term":[{"taxonomy":"product_brand","embeddable":true,"href":"https:\/\/www.xinhaowelding.com\/pt\/wp-json\/wp\/v2\/product_brand?post=3003"},{"taxonomy":"product_cat","embeddable":true,"href":"https:\/\/www.xinhaowelding.com\/pt\/wp-json\/wp\/v2\/product_cat?post=3003"},{"taxonomy":"product_tag","embeddable":true,"href":"https:\/\/www.xinhaowelding.com\/pt\/wp-json\/wp\/v2\/product_tag?post=3003"}],"curies":[{"name":"wp","href":"https:\/\/api.w.org\/{rel}","templated":true}]}}