{"id":3283,"date":"2024-11-22T08:38:21","date_gmt":"2024-11-22T08:38:21","guid":{"rendered":"https:\/\/xinhaowelding.com\/?post_type=product&#038;p=3283"},"modified":"2025-04-02T04:32:09","modified_gmt":"2025-04-02T04:32:09","slug":"laser-automatic-welding","status":"publish","type":"product","link":"https:\/\/www.xinhaowelding.com\/pt\/produto\/laser-automatic-welding\/","title":{"rendered":"Sistemas rob\u00f3ticos de soldadura a laser | Jun\u00e7\u00e3o automatizada de metais"},"content":{"rendered":"<h1 class=\"wp-block-heading\"><strong><b><a href=\"https:\/\/www.xinhaowelding.com\/pt\/produto\/laser-automatic-welding\/\" title=\"\u6fc0\u5149\u81ea\u52a8\u710a\">\u6fc0\u5149\u81ea\u52a8\u710a<\/a><\/b><\/strong><\/h1>\n\n\n\n<h1 class=\"wp-block-heading\">Soldadura autom\u00e1tica a laser<\/h1>\n\n\n\n<p>&nbsp;<\/p>\n\n\n\n<p>A soldadura autom\u00e1tica a laser utiliza a elevada densidade de energia do laser e a capacidade de controlo preciso para focar o feixe de laser na parte de soldadura da pe\u00e7a de trabalho, de modo a que o metal local aque\u00e7a e derreta instantaneamente, formando uma soldadura. A energia do feixe de laser pode ser controlada com precis\u00e3o, permitindo uma soldadura de alta qualidade.<\/p>\n\n\n\n<p>Pode ser adaptado a uma variedade de formas diferentes, diferentes materiais de soldadura da pe\u00e7a de trabalho, com forte flexibilidade e versatilidade.<\/p>\n\n\n\n<p>Pode soldar a\u00e7o inoxid\u00e1vel \/ a\u00e7o carbono \/ liga de alum\u00ednio e outras formas complexas de soldadura.<\/p>\n\n\n\n<p>Utilizado para a soldadura em v\u00e1rios dom\u00ednios.<\/p>\n\n\n\n<p>Toda a m\u00e1quina \u00e9 de design integrado, estrutura compacta, equipada com gabinete de controle PLC, posicionador de \u00e2ngulo completo, mecanismo de ajuste de pistola de soldagem, para garantir que a pistola de soldagem multi-posi\u00e7\u00e3o, soldagem multi-\u00e2ngulo.<\/p>\n\n\n\n<figure class=\"wp-block-table\"><table class=\"has-fixed-layout\"><tbody><tr><td colspan=\"2\"><strong><b>N\u00famero do modelo<\/b><\/strong><\/td><td colspan=\"2\"><strong><b>ZDH-1240<\/b><\/strong><\/td><\/tr><tr><td colspan=\"2\">Par\u00e2metros do posicionador<\/td><td colspan=\"2\">Par\u00e2metro do manipulador<\/td><\/tr><tr><td>Carga horizontal<\/td><td>600KG<\/td><td>Movimento da m\u00e3o para cima e para baixo<\/td><td>600 mm<\/td><\/tr><tr><td>M\u00e1quina rotativa<\/td><td>86 motor de passo<\/td><td>Desloca\u00e7\u00e3o manual \u00e0 frente e atr\u00e1s<\/td><td>600 mm<\/td><\/tr><tr><td>Tens\u00e3o de entrada<\/td><td>220V<\/td><td>Golpe da m\u00e3o esquerda<\/td><td>600 mm<\/td><\/tr><tr><td>Velocidade de rota\u00e7\u00e3o<\/td><td>0,1-2r\/M<\/td><td>Curso de balan\u00e7o de soldadura<\/td><td>80 mm<\/td><\/tr><tr><td>Di\u00e2metro do orif\u00edcio de passagem<\/td><td>240 mm<\/td><td>Velocidade de oscila\u00e7\u00e3o<\/td><td>0-1000mm\/M<\/td><\/tr><tr><td>\u00c2ngulo de rota\u00e7\u00e3o<\/td><td>0-90\u00b0<\/td><td>Pot\u00eancia do soldador<\/td><td>1500Kw<\/td><\/tr><tr><td colspan=\"2\">Dimens\u00e3o global<\/td><td colspan=\"2\">1500*1200*1960mm<\/td><\/tr><\/tbody><\/table><\/figure>\n\n\n\n<h2 class=\"wp-block-heading\"><strong><u><b>\u4ea7\u54c1\u7ec6\u8282<\/b><\/u><\/strong><\/h2>\n\n\n\n<h2 class=\"wp-block-heading\"><strong><b>Detalhes do produto<\/b><\/strong><\/h2>\n\n\n\n<p>&nbsp;<\/p>\n\n\n\n<div class=\"wp-block-uagb-container uagb-block-63a169f7 alignfull uagb-is-root-container\"><div class=\"uagb-container-inner-blocks-wrap\">\n<div class=\"wp-block-uagb-container uagb-block-30c48eee\">\n<figure class=\"wp-block-image size-large\"><img fetchpriority=\"high\" decoding=\"async\" width=\"1024\" height=\"768\" src=\"https:\/\/www.xinhaowelding.com\/wp-content\/uploads\/2024\/11\/\u7ec6\u82821-3-1024x768.jpg\" alt=\"\" class=\"wp-image-3893\" srcset=\"https:\/\/www.xinhaowelding.com\/wp-content\/uploads\/2024\/11\/\u7ec6\u82821-3-1024x768.jpg 1024w, https:\/\/www.xinhaowelding.com\/wp-content\/uploads\/2024\/11\/\u7ec6\u82821-3-300x225.jpg 300w, https:\/\/www.xinhaowelding.com\/wp-content\/uploads\/2024\/11\/\u7ec6\u82821-3-768x576.jpg 768w, https:\/\/www.xinhaowelding.com\/wp-content\/uploads\/2024\/11\/\u7ec6\u82821-3-1536x1152.jpg 1536w, https:\/\/www.xinhaowelding.com\/wp-content\/uploads\/2024\/11\/\u7ec6\u82821-3-16x12.jpg 16w, https:\/\/www.xinhaowelding.com\/wp-content\/uploads\/2024\/11\/\u7ec6\u82821-3-600x450.jpg 600w, https:\/\/www.xinhaowelding.com\/wp-content\/uploads\/2024\/11\/\u7ec6\u82821-3.jpg 1600w\" sizes=\"(max-width: 1024px) 100vw, 1024px\" \/><\/figure>\n<\/div>\n\n\n\n<div class=\"wp-block-uagb-container uagb-block-471143b6\">\n<p class=\"has-large-font-size\"><strong>Pistola de soldadura a laser<\/strong><\/p>\n\n\n\n<div class=\"wp-block-group is-layout-constrained wp-block-group-is-layout-constrained\">\n<p>Em compara\u00e7\u00e3o com o m\u00e9todo de soldadura tradicional, a pistola de soldadura a laser tem as vantagens da concentra\u00e7\u00e3o de energia e da velocidade de soldadura r\u00e1pida<\/p>\n\n\n\n<p>A soldadura pode ser conclu\u00edda num curto espa\u00e7o de tempo e, devido \u00e0 pequena zona afetada pelo calor<\/p>\n\n\n\n<p>A qualidade da soldadura \u00e9 elevada, a soldadura \u00e9 estreita e profunda, e \u00e9 poss\u00edvel obter uma soldadura de alta precis\u00e3o<\/p>\n<\/div>\n<\/div>\n<\/div><\/div>\n\n\n\n<div class=\"wp-block-uagb-container uagb-block-334f646e alignfull uagb-is-root-container\"><div class=\"uagb-container-inner-blocks-wrap\">\n<div class=\"wp-block-uagb-container uagb-block-382a921e\">\n<figure class=\"wp-block-image size-large\"><img decoding=\"async\" width=\"1024\" height=\"768\" src=\"https:\/\/www.xinhaowelding.com\/wp-content\/uploads\/2024\/11\/\u7ec6\u82822-4-1024x768.jpg\" alt=\"\" class=\"wp-image-3894\" srcset=\"https:\/\/www.xinhaowelding.com\/wp-content\/uploads\/2024\/11\/\u7ec6\u82822-4-1024x768.jpg 1024w, https:\/\/www.xinhaowelding.com\/wp-content\/uploads\/2024\/11\/\u7ec6\u82822-4-300x225.jpg 300w, https:\/\/www.xinhaowelding.com\/wp-content\/uploads\/2024\/11\/\u7ec6\u82822-4-768x576.jpg 768w, https:\/\/www.xinhaowelding.com\/wp-content\/uploads\/2024\/11\/\u7ec6\u82822-4-1536x1152.jpg 1536w, https:\/\/www.xinhaowelding.com\/wp-content\/uploads\/2024\/11\/\u7ec6\u82822-4-16x12.jpg 16w, https:\/\/www.xinhaowelding.com\/wp-content\/uploads\/2024\/11\/\u7ec6\u82822-4-600x450.jpg 600w, https:\/\/www.xinhaowelding.com\/wp-content\/uploads\/2024\/11\/\u7ec6\u82822-4.jpg 1600w\" sizes=\"(max-width: 1024px) 100vw, 1024px\" \/><\/figure>\n<\/div>\n\n\n\n<div class=\"wp-block-uagb-container uagb-block-d07a2934\">\n<p class=\"has-large-font-size\"><strong>Oscilador de soldadura<\/strong><\/p>\n\n\n\n<p>Configurar o dispositivo de soldadura<br>Soldar escamas de peixe<\/p>\n<\/div>\n<\/div><\/div>\n\n\n\n<div class=\"wp-block-uagb-container uagb-block-f0e0a04d alignfull uagb-is-root-container\"><div class=\"uagb-container-inner-blocks-wrap\">\n<div class=\"wp-block-uagb-container uagb-block-3d1da400\">\n<figure class=\"wp-block-image size-large\"><img decoding=\"async\" width=\"1024\" height=\"768\" src=\"https:\/\/www.xinhaowelding.com\/wp-content\/uploads\/2024\/11\/\u7ec6\u82823-3-1024x768.jpg\" alt=\"\" class=\"wp-image-3895\" srcset=\"https:\/\/www.xinhaowelding.com\/wp-content\/uploads\/2024\/11\/\u7ec6\u82823-3-1024x768.jpg 1024w, https:\/\/www.xinhaowelding.com\/wp-content\/uploads\/2024\/11\/\u7ec6\u82823-3-300x225.jpg 300w, https:\/\/www.xinhaowelding.com\/wp-content\/uploads\/2024\/11\/\u7ec6\u82823-3-768x576.jpg 768w, https:\/\/www.xinhaowelding.com\/wp-content\/uploads\/2024\/11\/\u7ec6\u82823-3-1536x1152.jpg 1536w, https:\/\/www.xinhaowelding.com\/wp-content\/uploads\/2024\/11\/\u7ec6\u82823-3-16x12.jpg 16w, https:\/\/www.xinhaowelding.com\/wp-content\/uploads\/2024\/11\/\u7ec6\u82823-3-600x450.jpg 600w, https:\/\/www.xinhaowelding.com\/wp-content\/uploads\/2024\/11\/\u7ec6\u82823-3.jpg 1600w\" sizes=\"(max-width: 1024px) 100vw, 1024px\" \/><\/figure>\n<\/div>\n\n\n\n<div class=\"wp-block-uagb-container uagb-block-84069cf8\">\n<p class=\"has-large-font-size\"><strong>Caixa de controlo PLC<\/strong><\/p>\n\n\n\n<div class=\"wp-block-group is-layout-constrained wp-block-group-is-layout-constrained\">\n<p>Caixa de controlo com ecr\u00e3 t\u00e1til PLC<\/p>\n\n\n\n<p>Controlo geral com uma tecla<\/p>\n<\/div>\n<\/div>\n<\/div><\/div>\n\n\n\n<div class=\"wp-block-uagb-container uagb-block-5536a3f1 alignfull uagb-is-root-container\"><div class=\"uagb-container-inner-blocks-wrap\">\n<div class=\"wp-block-uagb-container uagb-block-53c6b4da\">\n<figure class=\"wp-block-image size-large\"><img loading=\"lazy\" decoding=\"async\" width=\"1024\" height=\"768\" src=\"https:\/\/www.xinhaowelding.com\/wp-content\/uploads\/2024\/11\/\u7ec6\u82824-3-1024x768.jpg\" alt=\"\" class=\"wp-image-3896\" srcset=\"https:\/\/www.xinhaowelding.com\/wp-content\/uploads\/2024\/11\/\u7ec6\u82824-3-1024x768.jpg 1024w, https:\/\/www.xinhaowelding.com\/wp-content\/uploads\/2024\/11\/\u7ec6\u82824-3-300x225.jpg 300w, https:\/\/www.xinhaowelding.com\/wp-content\/uploads\/2024\/11\/\u7ec6\u82824-3-768x576.jpg 768w, https:\/\/www.xinhaowelding.com\/wp-content\/uploads\/2024\/11\/\u7ec6\u82824-3-1536x1152.jpg 1536w, https:\/\/www.xinhaowelding.com\/wp-content\/uploads\/2024\/11\/\u7ec6\u82824-3-16x12.jpg 16w, https:\/\/www.xinhaowelding.com\/wp-content\/uploads\/2024\/11\/\u7ec6\u82824-3-600x450.jpg 600w, https:\/\/www.xinhaowelding.com\/wp-content\/uploads\/2024\/11\/\u7ec6\u82824-3.jpg 1600w\" sizes=\"(max-width: 1024px) 100vw, 1024px\" \/><\/figure>\n<\/div>\n\n\n\n<div class=\"wp-block-uagb-container uagb-block-836f1ab5\">\n<p class=\"has-large-font-size\"><strong>Posicionador de furos passantes<\/strong><\/p>\n\n\n\n<div class=\"wp-block-group is-layout-constrained wp-block-group-is-layout-constrained\">\n<p>Velocidade est\u00e1vel e uniforme<\/p>\n\n\n\n<p>Posicionamento preciso<\/p>\n\n\n\n<p>Soldadura autom\u00e1tica<\/p>\n<\/div>\n<\/div>\n<\/div><\/div>\n\n\n\n<div class=\"wp-block-uagb-container uagb-block-7fb2d3de alignfull uagb-is-root-container\"><div class=\"uagb-container-inner-blocks-wrap\">\n<div class=\"wp-block-uagb-container uagb-block-4982a311\">\n<figure class=\"wp-block-image size-large\"><img loading=\"lazy\" decoding=\"async\" width=\"1024\" height=\"768\" src=\"https:\/\/www.xinhaowelding.com\/wp-content\/uploads\/2024\/11\/\u7ec6\u82825-1024x768.jpg\" alt=\"\" class=\"wp-image-3897\" srcset=\"https:\/\/www.xinhaowelding.com\/wp-content\/uploads\/2024\/11\/\u7ec6\u82825-1024x768.jpg 1024w, https:\/\/www.xinhaowelding.com\/wp-content\/uploads\/2024\/11\/\u7ec6\u82825-300x225.jpg 300w, https:\/\/www.xinhaowelding.com\/wp-content\/uploads\/2024\/11\/\u7ec6\u82825-768x576.jpg 768w, https:\/\/www.xinhaowelding.com\/wp-content\/uploads\/2024\/11\/\u7ec6\u82825-1536x1152.jpg 1536w, https:\/\/www.xinhaowelding.com\/wp-content\/uploads\/2024\/11\/\u7ec6\u82825-16x12.jpg 16w, https:\/\/www.xinhaowelding.com\/wp-content\/uploads\/2024\/11\/\u7ec6\u82825-600x450.jpg 600w, https:\/\/www.xinhaowelding.com\/wp-content\/uploads\/2024\/11\/\u7ec6\u82825.jpg 1600w\" sizes=\"(max-width: 1024px) 100vw, 1024px\" \/><\/figure>\n<\/div>\n\n\n\n<div class=\"wp-block-uagb-container uagb-block-b474638c\">\n<p class=\"has-large-font-size\"><strong>Mandril de soldadura<\/strong><\/p>\n\n\n\n<div class=\"wp-block-group is-layout-constrained wp-block-group-is-layout-constrained\">\n<p>Mandril fino auto-centrante<\/p>\n\n\n\n<p>Rota\u00e7\u00e3o conc\u00eantrica<\/p>\n\n\n\n<p>Aperto r\u00e1pido, design com orif\u00edcio grande<\/p>\n<\/div>\n<\/div>\n<\/div><\/div>\n\n\n\n<div class=\"wp-block-uagb-container uagb-block-9fafb4d2 alignfull uagb-is-root-container\"><div class=\"uagb-container-inner-blocks-wrap\">\n<div class=\"wp-block-uagb-container uagb-block-89ae736a\">\n<figure class=\"wp-block-image size-large\"><img loading=\"lazy\" decoding=\"async\" width=\"1024\" height=\"768\" src=\"https:\/\/www.xinhaowelding.com\/wp-content\/uploads\/2024\/11\/\u7ec6\u82826-1024x768.jpg\" alt=\"\" class=\"wp-image-3898\" srcset=\"https:\/\/www.xinhaowelding.com\/wp-content\/uploads\/2024\/11\/\u7ec6\u82826-1024x768.jpg 1024w, https:\/\/www.xinhaowelding.com\/wp-content\/uploads\/2024\/11\/\u7ec6\u82826-300x225.jpg 300w, https:\/\/www.xinhaowelding.com\/wp-content\/uploads\/2024\/11\/\u7ec6\u82826-768x576.jpg 768w, https:\/\/www.xinhaowelding.com\/wp-content\/uploads\/2024\/11\/\u7ec6\u82826-1536x1152.jpg 1536w, https:\/\/www.xinhaowelding.com\/wp-content\/uploads\/2024\/11\/\u7ec6\u82826-16x12.jpg 16w, https:\/\/www.xinhaowelding.com\/wp-content\/uploads\/2024\/11\/\u7ec6\u82826-600x450.jpg 600w, https:\/\/www.xinhaowelding.com\/wp-content\/uploads\/2024\/11\/\u7ec6\u82826.jpg 1600w\" sizes=\"(max-width: 1024px) 100vw, 1024px\" \/><\/figure>\n<\/div>\n\n\n\n<div class=\"wp-block-uagb-container uagb-block-6ed872a7\">\n<p class=\"has-large-font-size\"><strong>Interruptor de p\u00e9<\/strong><\/p>\n\n\n\n<div class=\"wp-block-group is-layout-constrained wp-block-group-is-layout-constrained\">\n<p>Interruptor de p\u00e9 Mingde<\/p>\n\n\n\n<p>Cabo de alimenta\u00e7\u00e3o internacional\uff0cGarantia de seguran\u00e7a<\/p>\n<\/div>\n<\/div>\n<\/div><\/div>\n\n\n\n<p>&nbsp;<\/p>\n\n\n\n<h2 class=\"wp-block-heading\"><u>\u4ea7\u54c1\u89e3\u6790<\/u><\/h2>\n\n\n\n<h2 class=\"wp-block-heading\">An\u00e1lise do produto<\/h2>\n\n\n\n<figure class=\"wp-block-image aligncenter\"><img loading=\"lazy\" decoding=\"async\" width=\"1001\" height=\"1024\" src=\"https:\/\/www.xinhaowelding.com\/wp-content\/uploads\/2024\/11\/\u89e3\u6790\u6587\u4ef6-1001x1024.png\" alt=\"\" class=\"wp-image-3845\" srcset=\"https:\/\/www.xinhaowelding.com\/wp-content\/uploads\/2024\/11\/\u89e3\u6790\u6587\u4ef6-1001x1024.png 1001w, https:\/\/www.xinhaowelding.com\/wp-content\/uploads\/2024\/11\/\u89e3\u6790\u6587\u4ef6-293x300.png 293w, https:\/\/www.xinhaowelding.com\/wp-content\/uploads\/2024\/11\/\u89e3\u6790\u6587\u4ef6-768x786.png 768w, https:\/\/www.xinhaowelding.com\/wp-content\/uploads\/2024\/11\/\u89e3\u6790\u6587\u4ef6-1501x1536.png 1501w, https:\/\/www.xinhaowelding.com\/wp-content\/uploads\/2024\/11\/\u89e3\u6790\u6587\u4ef6-2001x2048.png 2001w, https:\/\/www.xinhaowelding.com\/wp-content\/uploads\/2024\/11\/\u89e3\u6790\u6587\u4ef6-12x12.png 12w, https:\/\/www.xinhaowelding.com\/wp-content\/uploads\/2024\/11\/\u89e3\u6790\u6587\u4ef6-600x614.png 600w\" sizes=\"(max-width: 1001px) 100vw, 1001px\" \/><\/figure>\n\n\n\n<p><\/p>\n\n\n\n<figure class=\"wp-block-table\"><table class=\"has-fixed-layout\"><tbody><tr><td>1<\/td><td>Arm\u00e1rio de controlo soldado a laser<\/td><td>8<\/td><td>Alimentador de fio de soldadura<\/td><\/tr><tr><td>2<\/td><td>Posicionador de soldadura<\/td><td>9<\/td><td>Caixa de controlo PLC<\/td><\/tr><tr><td>3<\/td><td>Mandril de soldadura<\/td><td>10<\/td><td>turbelha<\/td><\/tr><tr><td>4<\/td><td>Pistola de soldadura a laser<\/td><td>11<\/td><td>Motor de engrenagens<\/td><\/tr><tr><td>5<\/td><td>Oscilador de soldadura<\/td><td>12<\/td><td>vertical<\/td><\/tr><tr><td>6<\/td><td>Corte manual para cima e para baixo<\/td><td>13<\/td><td>Base fixa deslizante<\/td><\/tr><tr><td>7<\/td><td>Viga de vante e de r\u00e9<\/td><td>14<\/td><td>Base da m\u00e1quina<\/td><\/tr><\/tbody><\/table><\/figure>\n\n\n\n<h2 class=\"wp-block-heading\"><u>\u73b0\u573a\u5b9e\u62cd<\/u><\/h2>\n\n\n\n<h2 class=\"wp-block-heading\">Filmagem em direto<\/h2>\n\n\n\n<figure class=\"wp-block-image\"><img loading=\"lazy\" decoding=\"async\" width=\"1600\" height=\"2204\" src=\"https:\/\/www.xinhaowelding.com\/wp-content\/uploads\/2024\/11\/\u5c55\u793a-3.png\" alt=\"\" class=\"wp-image-3848\" srcset=\"https:\/\/www.xinhaowelding.com\/wp-content\/uploads\/2024\/11\/\u5c55\u793a-3.png 1600w, https:\/\/www.xinhaowelding.com\/wp-content\/uploads\/2024\/11\/\u5c55\u793a-3-218x300.png 218w, https:\/\/www.xinhaowelding.com\/wp-content\/uploads\/2024\/11\/\u5c55\u793a-3-743x1024.png 743w, https:\/\/www.xinhaowelding.com\/wp-content\/uploads\/2024\/11\/\u5c55\u793a-3-768x1058.png 768w, https:\/\/www.xinhaowelding.com\/wp-content\/uploads\/2024\/11\/\u5c55\u793a-3-1115x1536.png 1115w, https:\/\/www.xinhaowelding.com\/wp-content\/uploads\/2024\/11\/\u5c55\u793a-3-1487x2048.png 1487w, https:\/\/www.xinhaowelding.com\/wp-content\/uploads\/2024\/11\/\u5c55\u793a-3-9x12.png 9w, https:\/\/www.xinhaowelding.com\/wp-content\/uploads\/2024\/11\/\u5c55\u793a-3-600x827.png 600w\" sizes=\"(max-width: 1600px) 100vw, 1600px\" \/><\/figure>\n\n\n\n<p><a href=\"http:\/\/www.google.com\" title=\"www.google.com\">www.google.com<\/a><\/p>\n\n\n\n<h2 class=\"wp-block-heading\">&nbsp;<\/h2>","protected":false},"excerpt":{"rendered":"<p><strong>Soldadores laser rob\u00f3ticos com controlo CNC - perfeitos para soldadura de a\u00e7o inoxid\u00e1vel, alum\u00ednio e ligas. Costuras consistentes e de alta qualidade com o m\u00ednimo de distor\u00e7\u00e3o t\u00e9rmica.<\/strong><\/p>","protected":false},"featured_media":3284,"comment_status":"open","ping_status":"closed","template":"","meta":{"om_disable_all_campaigns":false,"_uag_custom_page_level_css":"","_monsterinsights_skip_tracking":false,"_monsterinsights_sitenote_active":false,"_monsterinsights_sitenote_note":"","_monsterinsights_sitenote_category":0,"site-sidebar-layout":"default","site-content-layout":"","ast-site-content-layout":"default","site-content-style":"default","site-sidebar-style":"default","ast-global-header-display":"","ast-banner-title-visibility":"","ast-main-header-display":"","ast-hfb-above-header-display":"","ast-hfb-below-header-display":"","ast-hfb-mobile-header-display":"","site-post-title":"","ast-breadcrumbs-content":"","ast-featured-img":"","footer-sml-layout":"","theme-transparent-header-meta":"default","adv-header-id-meta":"","stick-header-meta":"","header-above-stick-meta":"","header-main-stick-meta":"","header-below-stick-meta":"","astra-migrate-meta-layouts":"set","ast-page-background-enabled":"default","ast-page-background-meta":{"desktop":{"background-color":"","background-image":"","background-repeat":"repeat","background-position":"center center","background-size":"auto","background-attachment":"scroll","background-type":"","background-media":"","overlay-type":"","overlay-color":"","overlay-opacity":"","overlay-gradient":""},"tablet":{"background-color":"","background-image":"","background-repeat":"repeat","background-position":"center center","background-size":"auto","background-attachment":"scroll","background-type":"","background-media":"","overlay-type":"","overlay-color":"","overlay-opacity":"","overlay-gradient":""},"mobile":{"background-color":"","background-image":"","background-repeat":"repeat","background-position":"center center","background-size":"auto","background-attachment":"scroll","background-type":"","background-media":"","overlay-type":"","overlay-color":"","overlay-opacity":"","overlay-gradient":""}},"ast-content-background-meta":{"desktop":{"background-color":"var(--ast-global-color-5)","background-image":"","background-repeat":"repeat","background-position":"center center","background-size":"auto","background-attachment":"scroll","background-type":"","background-media":"","overlay-type":"","overlay-color":"","overlay-opacity":"","overlay-gradient":""},"tablet":{"background-color":"var(--ast-global-color-5)","background-image":"","background-repeat":"repeat","background-position":"center center","background-size":"auto","background-attachment":"scroll","background-type":"","background-media":"","overlay-type":"","overlay-color":"","overlay-opacity":"","overlay-gradient":""},"mobile":{"background-color":"var(--ast-global-color-5)","background-image":"","background-repeat":"repeat","background-position":"center center","background-size":"auto","background-attachment":"scroll","background-type":"","background-media":"","overlay-type":"","overlay-color":"","overlay-opacity":"","overlay-gradient":""}}},"product_brand":[],"product_cat":[70],"product_tag":[],"class_list":{"0":"post-3283","1":"product","2":"type-product","3":"status-publish","4":"has-post-thumbnail","6":"product_cat-automatic-laser-welding","7":"desktop-align-left","8":"tablet-align-left","9":"mobile-align-left","11":"first","12":"instock","13":"shipping-taxable","14":"product-type-simple"},"aioseo_notices":[],"uagb_featured_image_src":{"full":["https:\/\/www.xinhaowelding.com\/wp-content\/uploads\/2024\/11\/\u672a\u6807\u9898-1-1.jpg",800,800,false],"thumbnail":["https:\/\/www.xinhaowelding.com\/wp-content\/uploads\/2024\/11\/\u672a\u6807\u9898-1-1-150x150.jpg",150,150,true],"medium":["https:\/\/www.xinhaowelding.com\/wp-content\/uploads\/2024\/11\/\u672a\u6807\u9898-1-1-300x300.jpg",300,300,true],"medium_large":["https:\/\/www.xinhaowelding.com\/wp-content\/uploads\/2024\/11\/\u672a\u6807\u9898-1-1-768x768.jpg",768,768,true],"large":["https:\/\/www.xinhaowelding.com\/wp-content\/uploads\/2024\/11\/\u672a\u6807\u9898-1-1.jpg",800,800,false],"1536x1536":["https:\/\/www.xinhaowelding.com\/wp-content\/uploads\/2024\/11\/\u672a\u6807\u9898-1-1.jpg",800,800,false],"2048x2048":["https:\/\/www.xinhaowelding.com\/wp-content\/uploads\/2024\/11\/\u672a\u6807\u9898-1-1.jpg",800,800,false],"trp-custom-language-flag":["https:\/\/www.xinhaowelding.com\/wp-content\/uploads\/2024\/11\/\u672a\u6807\u9898-1-1-12x12.jpg",12,12,true],"woocommerce_thumbnail":["https:\/\/www.xinhaowelding.com\/wp-content\/uploads\/2024\/11\/\u672a\u6807\u9898-1-1-600x600.jpg",600,600,true],"woocommerce_single":["https:\/\/www.xinhaowelding.com\/wp-content\/uploads\/2024\/11\/\u672a\u6807\u9898-1-1-600x600.jpg",600,600,true],"woocommerce_gallery_thumbnail":["https:\/\/www.xinhaowelding.com\/wp-content\/uploads\/2024\/11\/\u672a\u6807\u9898-1-1-100x100.jpg",100,100,true]},"uagb_author_info":{"display_name":"jinxing6611@gmail.com","author_link":"https:\/\/www.xinhaowelding.com\/pt\/author\/"},"uagb_comment_info":0,"uagb_excerpt":"Robotic laser welders with CNC control - perfect for stainless steel, aluminum &amp; alloy welding. Consistent, high-quality seams with minimal heat distortion.","_links":{"self":[{"href":"https:\/\/www.xinhaowelding.com\/pt\/wp-json\/wp\/v2\/product\/3283","targetHints":{"allow":["GET"]}}],"collection":[{"href":"https:\/\/www.xinhaowelding.com\/pt\/wp-json\/wp\/v2\/product"}],"about":[{"href":"https:\/\/www.xinhaowelding.com\/pt\/wp-json\/wp\/v2\/types\/product"}],"replies":[{"embeddable":true,"href":"https:\/\/www.xinhaowelding.com\/pt\/wp-json\/wp\/v2\/comments?post=3283"}],"wp:featuredmedia":[{"embeddable":true,"href":"https:\/\/www.xinhaowelding.com\/pt\/wp-json\/wp\/v2\/media\/3284"}],"wp:attachment":[{"href":"https:\/\/www.xinhaowelding.com\/pt\/wp-json\/wp\/v2\/media?parent=3283"}],"wp:term":[{"taxonomy":"product_brand","embeddable":true,"href":"https:\/\/www.xinhaowelding.com\/pt\/wp-json\/wp\/v2\/product_brand?post=3283"},{"taxonomy":"product_cat","embeddable":true,"href":"https:\/\/www.xinhaowelding.com\/pt\/wp-json\/wp\/v2\/product_cat?post=3283"},{"taxonomy":"product_tag","embeddable":true,"href":"https:\/\/www.xinhaowelding.com\/pt\/wp-json\/wp\/v2\/product_tag?post=3283"}],"curies":[{"name":"wp","href":"https:\/\/api.w.org\/{rel}","templated":true}]}}