{"id":3569,"date":"2024-11-26T11:59:39","date_gmt":"2024-11-26T11:59:39","guid":{"rendered":"https:\/\/www.xinhaowelding.com\/?post_type=product&#038;p=3569"},"modified":"2025-04-09T01:18:28","modified_gmt":"2025-04-09T01:18:28","slug":"welding-rotator","status":"publish","type":"product","link":"https:\/\/www.xinhaowelding.com\/pt\/produto\/welding-rotator\/","title":{"rendered":"Rotador de soldadura"},"content":{"rendered":"<h1 class=\"wp-block-heading\"><strong><b><a href=\"https:\/\/www.xinhaowelding.com\/pt\/produto\/welding-rotator\/\" title=\"\u710a\u63a5\u8f6c\u53f0\">\u710a\u63a5\u8f6c\u53f0<\/a><\/b><\/strong><\/h1>\n\n\n\n<h1 class=\"wp-block-heading\">Mesa girat\u00f3ria de soldadura<\/h1>\n\n\n\n<p>&nbsp;<\/p>\n\n\n\n<h2 class=\"wp-block-heading\"> <strong>Resist\u00eancia a interfer\u00eancias de alta frequ\u00eancia<\/strong>:<\/h2>\n\n\n\n<p>A nossa mesa girat\u00f3ria de soldadura foi concebida com tecnologia anti-interfer\u00eancia avan\u00e7ada, que reduz eficazmente a interfer\u00eancia de alta frequ\u00eancia gerada durante a soldadura TIG. Isto garante uma corrente e tens\u00e3o de soldadura est\u00e1veis, resultando numa melhor qualidade de soldadura e menos defeitos.<\/p>\n\n\n\n<h2 class=\"wp-block-heading\"><strong>Lumin\u00e1rias personaliz\u00e1veis<\/strong>:<\/h2>\n\n\n\n<p> Oferecemos uma variedade de acess\u00f3rios feitos \u00e0 medida para satisfazer diferentes necessidades de fixa\u00e7\u00e3o de pe\u00e7as de trabalho. Estes acess\u00f3rios s\u00e3o f\u00e1ceis de instalar e remover, permitindo mudan\u00e7as r\u00e1pidas entre diferentes trabalhos. Al\u00e9m disso, podemos conceber e fabricar dispositivos especiais de acordo com os seus requisitos espec\u00edficos.<\/p>\n\n\n\n<h2 class=\"wp-block-heading\"><strong>Seguran\u00e7a - primeiro design<\/strong>: <\/h2>\n\n\n\n<p>A mesa girat\u00f3ria de soldadura est\u00e1 equipada com v\u00e1rias carater\u00edsticas de seguran\u00e7a, tais como bot\u00f5es de paragem de emerg\u00eancia, barreiras de prote\u00e7\u00e3o e prote\u00e7\u00e3o contra sobrecarga. Estas carater\u00edsticas garantem a seguran\u00e7a dos operadores e evitam danos no equipamento em caso de situa\u00e7\u00f5es inesperadas.<\/p>\n\n\n\n<p><strong>Aplica\u00e7\u00f5es<\/strong><br>Esta mesa girat\u00f3ria de soldadura \u00e9 amplamente utilizada em v\u00e1rias ind\u00fastrias, incluindo:<\/p>\n\n\n\n<p><strong>Fabrico de estruturas met\u00e1licas<\/strong>: Para a soldadura de vigas, colunas e outras estruturas met\u00e1licas.<\/p>\n\n\n\n<p><strong>Fabrico de autom\u00f3veis<\/strong>: Para soldar carro\u00e7arias de autom\u00f3veis, chassis e outros componentes.<\/p>\n\n\n\n<p><strong>Fabrico de recipientes sob press\u00e3o<\/strong>: Na produ\u00e7\u00e3o de caldeiras, tanques e outros recipientes sob press\u00e3o.<\/p>\n\n\n\n<p>A mesa girat\u00f3ria de soldadura \u00e9 geralmente fixa na horizontal, n\u00e3o precisa de ser virada, rota\u00e7\u00e3o horizontal da mesa, boa estabilidade.<\/p>\n\n\n\n<p> A mesa girat\u00f3ria produzida pela nossa empresa pode ser personalizada de acordo com as necessidades do cliente, e a dist\u00e2ncia entre o plano de trabalho e o solo \u00e9 baixa.<\/p>\n\n\n\n<p> O motor pode ser equipado com um motor de corrente cont\u00ednua, de corrente alternada, de passo ou servo-motor.<\/p>\n\n\n\n<p> Pode ser combinado com o mandril de soldadura, o suporte da pistola de soldadura e o dispositivo de soldadura para obter uma soldadura autom\u00e1tica.<\/p>\n\n\n\n<p>&nbsp;<\/p>\n\n\n\n<figure class=\"wp-block-table\"><table class=\"has-fixed-layout\"><tbody><tr><td><strong><b>N\u00famero do modelo<\/b><\/strong><\/td><td><strong><b>ZT-100<\/b><\/strong><\/td><td><strong><b>ZT-300<\/b><\/strong><\/td><td><strong><b>ZT-600<\/b><\/strong><\/td><td><strong><b>ZT-1T<\/b><\/strong><\/td><\/tr><tr><td>carga<\/td><td>100KG<\/td><td>300KG<\/td><td>600KG<\/td><td>1000KG<\/td><\/tr><tr><td>Altitude<\/td><td>400mm<\/td><td>450 mm<\/td><td>500 mm<\/td><td>600 mm<\/td><\/tr><tr><td>M\u00e1quina el\u00e9ctrica<\/td><td>Dc 120W<\/td><td>Motor de corrente cont\u00ednua ou de passo<\/td><td>Motor de corrente cont\u00ednua ou de passo<\/td><td>Motor de passo<\/td><\/tr><tr><td>peso<\/td><td>45KG<\/td><td>90KG<\/td><td>180KG<\/td><td>240KG<\/td><\/tr><tr><td>Di\u00e2metro de trabalho<\/td><td>360 mm<\/td><td>500 mm<\/td><td>650 mm<\/td><td>1000mm<\/td><\/tr><tr><td>Dimens\u00e3o global<\/td><td>450*450*400mm<\/td><td>530*530*450mm<\/td><td>600*600*500mm<\/td><td>1000*1000*600mm<\/td><\/tr><\/tbody><\/table><\/figure>\n\n\n\n<figure class=\"wp-block-image\"><img fetchpriority=\"high\" decoding=\"async\" width=\"3000\" height=\"750\" src=\"https:\/\/www.xinhaowelding.com\/wp-content\/uploads\/2024\/11\/\u5c55\u793a.png\" alt=\"\" class=\"wp-image-3798\" srcset=\"https:\/\/www.xinhaowelding.com\/wp-content\/uploads\/2024\/11\/\u5c55\u793a.png 3000w, https:\/\/www.xinhaowelding.com\/wp-content\/uploads\/2024\/11\/\u5c55\u793a-300x75.png 300w, https:\/\/www.xinhaowelding.com\/wp-content\/uploads\/2024\/11\/\u5c55\u793a-1024x256.png 1024w, https:\/\/www.xinhaowelding.com\/wp-content\/uploads\/2024\/11\/\u5c55\u793a-768x192.png 768w, https:\/\/www.xinhaowelding.com\/wp-content\/uploads\/2024\/11\/\u5c55\u793a-1536x384.png 1536w, https:\/\/www.xinhaowelding.com\/wp-content\/uploads\/2024\/11\/\u5c55\u793a-2048x512.png 2048w, https:\/\/www.xinhaowelding.com\/wp-content\/uploads\/2024\/11\/\u5c55\u793a-18x5.png 18w, https:\/\/www.xinhaowelding.com\/wp-content\/uploads\/2024\/11\/\u5c55\u793a-600x150.png 600w\" sizes=\"(max-width: 3000px) 100vw, 3000px\" \/><\/figure>\n\n\n\n<p><\/p>\n\n\n\n<figure class=\"wp-block-image\"><img decoding=\"async\" width=\"2023\" height=\"558\" src=\"https:\/\/www.xinhaowelding.com\/wp-content\/uploads\/2024\/11\/\u4ea4\u6d41\u7535\u673a.png\" alt=\"\" class=\"wp-image-3806\" srcset=\"https:\/\/www.xinhaowelding.com\/wp-content\/uploads\/2024\/11\/\u4ea4\u6d41\u7535\u673a.png 2023w, https:\/\/www.xinhaowelding.com\/wp-content\/uploads\/2024\/11\/\u4ea4\u6d41\u7535\u673a-300x83.png 300w, https:\/\/www.xinhaowelding.com\/wp-content\/uploads\/2024\/11\/\u4ea4\u6d41\u7535\u673a-1024x282.png 1024w, https:\/\/www.xinhaowelding.com\/wp-content\/uploads\/2024\/11\/\u4ea4\u6d41\u7535\u673a-768x212.png 768w, https:\/\/www.xinhaowelding.com\/wp-content\/uploads\/2024\/11\/\u4ea4\u6d41\u7535\u673a-1536x424.png 1536w, https:\/\/www.xinhaowelding.com\/wp-content\/uploads\/2024\/11\/\u4ea4\u6d41\u7535\u673a-18x5.png 18w, https:\/\/www.xinhaowelding.com\/wp-content\/uploads\/2024\/11\/\u4ea4\u6d41\u7535\u673a-600x165.png 600w\" sizes=\"(max-width: 2023px) 100vw, 2023px\" \/><\/figure>\n\n\n\n<p><\/p>\n\n\n\n<p class=\"has-text-align-center\">Mesa girat\u00f3ria para soldadura com motor de corrente alternada Mesa girat\u00f3ria para soldadura com servo motor personalizado<\/p>\n\n\n\n<h2 class=\"wp-block-heading\">&nbsp;<\/h2>\n\n\n\n<h2 class=\"wp-block-heading\"><strong><u><b>\u4ea7\u54c1\u7ec6\u8282<\/b><\/u><\/strong><\/h2>\n\n\n\n<h2 class=\"wp-block-heading\"><strong><b>Detalhes do produto<\/b><\/strong><\/h2>\n\n\n\n<p><\/p>\n\n\n\n<div class=\"wp-block-uagb-container uagb-block-a82a89ef alignfull uagb-is-root-container\"><div class=\"uagb-container-inner-blocks-wrap\">\n<div class=\"wp-block-uagb-container uagb-block-8b823450\">\n<figure class=\"wp-block-image size-full\"><img decoding=\"async\" width=\"1600\" height=\"1200\" src=\"https:\/\/www.xinhaowelding.com\/wp-content\/uploads\/2024\/11\/\u7ec6\u82820.jpg\" alt=\"\" class=\"wp-image-3874\" srcset=\"https:\/\/www.xinhaowelding.com\/wp-content\/uploads\/2024\/11\/\u7ec6\u82820.jpg 1600w, https:\/\/www.xinhaowelding.com\/wp-content\/uploads\/2024\/11\/\u7ec6\u82820-300x225.jpg 300w, https:\/\/www.xinhaowelding.com\/wp-content\/uploads\/2024\/11\/\u7ec6\u82820-1024x768.jpg 1024w, https:\/\/www.xinhaowelding.com\/wp-content\/uploads\/2024\/11\/\u7ec6\u82820-768x576.jpg 768w, https:\/\/www.xinhaowelding.com\/wp-content\/uploads\/2024\/11\/\u7ec6\u82820-1536x1152.jpg 1536w, https:\/\/www.xinhaowelding.com\/wp-content\/uploads\/2024\/11\/\u7ec6\u82820-16x12.jpg 16w, https:\/\/www.xinhaowelding.com\/wp-content\/uploads\/2024\/11\/\u7ec6\u82820-600x450.jpg 600w\" sizes=\"(max-width: 1600px) 100vw, 1600px\" \/><\/figure>\n<\/div>\n\n\n\n<div class=\"wp-block-uagb-container uagb-block-cc28b0a0\">\n<p class=\"has-large-font-size\"><strong>Mesa de ferro fundido<\/strong><\/p>\n\n\n\n<div class=\"wp-block-group is-layout-constrained wp-block-group-is-layout-constrained\">\n<p>Feito de ferro fino, com um orif\u00edcio no centro Forte capacidade de suporte, sele\u00e7\u00e3o multi-especifica\u00e7\u00e3o<\/p>\n\n\n\n<p>Pode acomodar diferentes tipos de soldadura de pe\u00e7as de trabalho<\/p>\n<\/div>\n<\/div>\n<\/div><\/div>\n\n\n\n<div class=\"wp-block-uagb-container uagb-block-8be93bb9 alignfull uagb-is-root-container\"><div class=\"uagb-container-inner-blocks-wrap\">\n<div class=\"wp-block-uagb-container uagb-block-77aa57e9\">\n<figure class=\"wp-block-image size-large\"><img loading=\"lazy\" decoding=\"async\" width=\"1024\" height=\"768\" src=\"https:\/\/www.xinhaowelding.com\/wp-content\/uploads\/2024\/11\/\u7ec6\u82822-1024x768.jpg\" alt=\"\" class=\"wp-image-3875\" srcset=\"https:\/\/www.xinhaowelding.com\/wp-content\/uploads\/2024\/11\/\u7ec6\u82822-1024x768.jpg 1024w, https:\/\/www.xinhaowelding.com\/wp-content\/uploads\/2024\/11\/\u7ec6\u82822-300x225.jpg 300w, https:\/\/www.xinhaowelding.com\/wp-content\/uploads\/2024\/11\/\u7ec6\u82822-768x576.jpg 768w, https:\/\/www.xinhaowelding.com\/wp-content\/uploads\/2024\/11\/\u7ec6\u82822-1536x1152.jpg 1536w, https:\/\/www.xinhaowelding.com\/wp-content\/uploads\/2024\/11\/\u7ec6\u82822-16x12.jpg 16w, https:\/\/www.xinhaowelding.com\/wp-content\/uploads\/2024\/11\/\u7ec6\u82822-600x450.jpg 600w, https:\/\/www.xinhaowelding.com\/wp-content\/uploads\/2024\/11\/\u7ec6\u82822.jpg 1600w\" sizes=\"(max-width: 1024px) 100vw, 1024px\" \/><\/figure>\n<\/div>\n\n\n\n<div class=\"wp-block-uagb-container uagb-block-dd86a2c2\">\n<p class=\"has-large-font-size\"><strong><strong>Configura\u00e7\u00e3o m\u00faltipla<\/strong><\/strong><\/p>\n\n\n\n<div class=\"wp-block-group is-layout-constrained wp-block-group-is-layout-constrained\">\n<p>O mandril de soldadura e o wobbler podem ser configurados para uma oscila\u00e7\u00e3o precisa para soldadura autom\u00e1tica<\/p>\n<\/div>\n<\/div>\n<\/div><\/div>\n\n\n\n<div class=\"wp-block-uagb-container uagb-block-d2b05337 alignfull uagb-is-root-container\"><div class=\"uagb-container-inner-blocks-wrap\">\n<div class=\"wp-block-uagb-container uagb-block-268db4b2\">\n<figure class=\"wp-block-image size-large\"><img loading=\"lazy\" decoding=\"async\" width=\"1024\" height=\"768\" src=\"https:\/\/www.xinhaowelding.com\/wp-content\/uploads\/2024\/11\/\u7ec6\u82823-1024x768.jpg\" alt=\"\" class=\"wp-image-3876\" srcset=\"https:\/\/www.xinhaowelding.com\/wp-content\/uploads\/2024\/11\/\u7ec6\u82823-1024x768.jpg 1024w, https:\/\/www.xinhaowelding.com\/wp-content\/uploads\/2024\/11\/\u7ec6\u82823-300x225.jpg 300w, https:\/\/www.xinhaowelding.com\/wp-content\/uploads\/2024\/11\/\u7ec6\u82823-768x576.jpg 768w, https:\/\/www.xinhaowelding.com\/wp-content\/uploads\/2024\/11\/\u7ec6\u82823-1536x1152.jpg 1536w, https:\/\/www.xinhaowelding.com\/wp-content\/uploads\/2024\/11\/\u7ec6\u82823-16x12.jpg 16w, https:\/\/www.xinhaowelding.com\/wp-content\/uploads\/2024\/11\/\u7ec6\u82823-600x450.jpg 600w, https:\/\/www.xinhaowelding.com\/wp-content\/uploads\/2024\/11\/\u7ec6\u82823.jpg 1600w\" sizes=\"(max-width: 1024px) 100vw, 1024px\" \/><\/figure>\n<\/div>\n\n\n\n<div class=\"wp-block-uagb-container uagb-block-c99afdb1\">\n<p class=\"has-large-font-size\"><strong><strong><strong>Caixa de m\u00e3o soldada<\/strong><\/strong><\/strong><\/p>\n\n\n\n<div class=\"wp-block-group is-layout-constrained wp-block-group-is-layout-constrained\">\n<p>Fun\u00e7\u00e3o de regula\u00e7\u00e3o clara<\/p>\n\n\n\n<p>F\u00e1cil de utilizar<\/p>\n<\/div>\n<\/div>\n<\/div><\/div>\n\n\n\n<div class=\"wp-block-uagb-container uagb-block-68b86d6c alignfull uagb-is-root-container\"><div class=\"uagb-container-inner-blocks-wrap\">\n<div class=\"wp-block-uagb-container uagb-block-81a71312\">\n<figure class=\"wp-block-image size-large\"><img loading=\"lazy\" decoding=\"async\" width=\"1024\" height=\"768\" src=\"https:\/\/www.xinhaowelding.com\/wp-content\/uploads\/2024\/11\/\u7ec6\u82824-1024x768.jpg\" alt=\"\" class=\"wp-image-3877\" srcset=\"https:\/\/www.xinhaowelding.com\/wp-content\/uploads\/2024\/11\/\u7ec6\u82824-1024x768.jpg 1024w, https:\/\/www.xinhaowelding.com\/wp-content\/uploads\/2024\/11\/\u7ec6\u82824-300x225.jpg 300w, https:\/\/www.xinhaowelding.com\/wp-content\/uploads\/2024\/11\/\u7ec6\u82824-768x576.jpg 768w, https:\/\/www.xinhaowelding.com\/wp-content\/uploads\/2024\/11\/\u7ec6\u82824-1536x1152.jpg 1536w, https:\/\/www.xinhaowelding.com\/wp-content\/uploads\/2024\/11\/\u7ec6\u82824-16x12.jpg 16w, https:\/\/www.xinhaowelding.com\/wp-content\/uploads\/2024\/11\/\u7ec6\u82824-600x450.jpg 600w, https:\/\/www.xinhaowelding.com\/wp-content\/uploads\/2024\/11\/\u7ec6\u82824.jpg 1600w\" sizes=\"(max-width: 1024px) 100vw, 1024px\" \/><\/figure>\n<\/div>\n\n\n\n<div class=\"wp-block-uagb-container uagb-block-cf919e63\">\n<p class=\"has-large-font-size\"><strong><strong><strong><strong>Personaliza\u00e7\u00e3o do suporte<\/strong><\/strong><\/strong><\/strong><\/p>\n\n\n\n<div class=\"wp-block-group is-layout-constrained wp-block-group-is-layout-constrained\">\n<p>Pode ser personalizado de acordo com as necessidades do cliente<\/p>\n<\/div>\n<\/div>\n<\/div><\/div>\n\n\n\n<p>&nbsp;<\/p>\n\n\n\n<h2 class=\"wp-block-heading\"><u>\u4ea7\u54c1\u89e3\u6790\/\u5c3a\u5bf8<\/u><\/h2>\n\n\n\n<h2 class=\"wp-block-heading\">An\u00e1lise\/dimens\u00f5es do produto<\/h2>\n\n\n\n<p>&nbsp;<\/p>\n\n\n\n<div class=\"wp-block-uagb-container uagb-block-30be628a alignfull uagb-is-root-container\"><div class=\"uagb-container-inner-blocks-wrap\">\n<div class=\"wp-block-uagb-container uagb-block-b676e62c\">\n<figure class=\"wp-block-image size-full\"><img loading=\"lazy\" decoding=\"async\" width=\"1000\" height=\"750\" src=\"https:\/\/www.xinhaowelding.com\/wp-content\/uploads\/2024\/11\/300\u5361\u76d8-1.png\" alt=\"\" class=\"wp-image-3817\" srcset=\"https:\/\/www.xinhaowelding.com\/wp-content\/uploads\/2024\/11\/300\u5361\u76d8-1.png 1000w, https:\/\/www.xinhaowelding.com\/wp-content\/uploads\/2024\/11\/300\u5361\u76d8-1-300x225.png 300w, https:\/\/www.xinhaowelding.com\/wp-content\/uploads\/2024\/11\/300\u5361\u76d8-1-768x576.png 768w, https:\/\/www.xinhaowelding.com\/wp-content\/uploads\/2024\/11\/300\u5361\u76d8-1-16x12.png 16w, https:\/\/www.xinhaowelding.com\/wp-content\/uploads\/2024\/11\/300\u5361\u76d8-1-600x450.png 600w\" sizes=\"(max-width: 1000px) 100vw, 1000px\" \/><\/figure>\n<\/div>\n\n\n\n<div class=\"wp-block-uagb-container uagb-block-bec831a4\">\n<div class=\"wp-block-uagb-image uagb-block-ddb9c2b2 wp-block-uagb-image--layout-default wp-block-uagb-image--effect-static wp-block-uagb-image--align-none\"><figure class=\"wp-block-uagb-image__figure\"><img loading=\"lazy\" decoding=\"async\" srcset=\"https:\/\/www.xinhaowelding.com\/wp-content\/uploads\/2024\/11\/\u710a\u67aa\u652f\u67b6.png ,https:\/\/www.xinhaowelding.com\/wp-content\/uploads\/2024\/11\/\u710a\u67aa\u652f\u67b6.png 780w, https:\/\/www.xinhaowelding.com\/wp-content\/uploads\/2024\/11\/\u710a\u67aa\u652f\u67b6.png 360w\" sizes=\"auto, (max-width: 480px) 150px\" src=\"https:\/\/www.xinhaowelding.com\/wp-content\/uploads\/2024\/11\/\u710a\u67aa\u652f\u67b6.png\" alt=\"\" class=\"uag-image-3789\" width=\"1000\" height=\"750\" title=\"\u710a\u67aa\u652f\u67b6\" role=\"img\"\/><\/figure><\/div>\n<\/div>\n\n\n\n<div class=\"wp-block-uagb-container uagb-block-08c4f0fc\">\n<figure class=\"wp-block-image size-full\"><img loading=\"lazy\" decoding=\"async\" width=\"1000\" height=\"750\" src=\"https:\/\/www.xinhaowelding.com\/wp-content\/uploads\/2024\/11\/\u6446\u52a8\u5668.png\" alt=\"\" class=\"wp-image-3807\" srcset=\"https:\/\/www.xinhaowelding.com\/wp-content\/uploads\/2024\/11\/\u6446\u52a8\u5668.png 1000w, https:\/\/www.xinhaowelding.com\/wp-content\/uploads\/2024\/11\/\u6446\u52a8\u5668-300x225.png 300w, https:\/\/www.xinhaowelding.com\/wp-content\/uploads\/2024\/11\/\u6446\u52a8\u5668-768x576.png 768w, https:\/\/www.xinhaowelding.com\/wp-content\/uploads\/2024\/11\/\u6446\u52a8\u5668-16x12.png 16w, https:\/\/www.xinhaowelding.com\/wp-content\/uploads\/2024\/11\/\u6446\u52a8\u5668-600x450.png 600w\" sizes=\"(max-width: 1000px) 100vw, 1000px\" \/><\/figure>\n<\/div>\n\n\n\n<div class=\"wp-block-uagb-container uagb-block-8cba6a27\">\n<p class=\"has-text-align-center\">mandril<\/p>\n<\/div>\n\n\n\n<div class=\"wp-block-uagb-container uagb-block-9105bd93\">\n<p class=\"has-text-align-center\">&nbsp;Suporte da tocha de soldadura<\/p>\n<\/div>\n\n\n\n<div class=\"wp-block-uagb-container uagb-block-2aceabf3\">\n<p class=\"has-text-align-center\">oscilador<\/p>\n<\/div>\n<\/div><\/div>\n\n\n\n<p>&nbsp;&nbsp;<\/p>\n\n\n\n<p>&nbsp;<\/p>\n\n\n\n<h2 class=\"wp-block-heading\"><u>\u73b0\u573a\u5b9e\u62cd<\/u><\/h2>\n\n\n\n<h2 class=\"wp-block-heading\">Filmagem em direto<\/h2>\n\n\n\n<figure class=\"wp-block-image\"><img loading=\"lazy\" decoding=\"async\" width=\"1600\" height=\"2121\" src=\"https:\/\/www.xinhaowelding.com\/wp-content\/uploads\/2024\/11\/\u5b9e\u62cd-1.png\" alt=\"\" class=\"wp-image-3804\" srcset=\"https:\/\/www.xinhaowelding.com\/wp-content\/uploads\/2024\/11\/\u5b9e\u62cd-1.png 1600w, https:\/\/www.xinhaowelding.com\/wp-content\/uploads\/2024\/11\/\u5b9e\u62cd-1-226x300.png 226w, https:\/\/www.xinhaowelding.com\/wp-content\/uploads\/2024\/11\/\u5b9e\u62cd-1-772x1024.png 772w, https:\/\/www.xinhaowelding.com\/wp-content\/uploads\/2024\/11\/\u5b9e\u62cd-1-768x1018.png 768w, https:\/\/www.xinhaowelding.com\/wp-content\/uploads\/2024\/11\/\u5b9e\u62cd-1-1159x1536.png 1159w, https:\/\/www.xinhaowelding.com\/wp-content\/uploads\/2024\/11\/\u5b9e\u62cd-1-1545x2048.png 1545w, https:\/\/www.xinhaowelding.com\/wp-content\/uploads\/2024\/11\/\u5b9e\u62cd-1-9x12.png 9w, https:\/\/www.xinhaowelding.com\/wp-content\/uploads\/2024\/11\/\u5b9e\u62cd-1-600x795.png 600w\" sizes=\"(max-width: 1600px) 100vw, 1600px\" \/><\/figure>\n\n\n\n<p class=\"has-text-align-center\"><a href=\"http:\/\/www.google.com\" title=\"www.google.com\">www.google.com<\/a><\/p>\n\n\n\n<p><\/p>","protected":false},"excerpt":{"rendered":"<p><strong>Mesa girat\u00f3ria de soldadura de alta precis\u00e3o - Posicionador rotativo de 360\u00b0 para soldadura por arco\/TIG\/MIG | Constru\u00e7\u00e3o robusta em a\u00e7o | Modelos manual\/autom\u00e1tico dispon\u00edveis<\/strong><\/p>","protected":false},"featured_media":3570,"comment_status":"open","ping_status":"closed","template":"","meta":{"om_disable_all_campaigns":false,"_uag_custom_page_level_css":"","_monsterinsights_skip_tracking":false,"_monsterinsights_sitenote_active":false,"_monsterinsights_sitenote_note":"","_monsterinsights_sitenote_category":0,"site-sidebar-layout":"default","site-content-layout":"","ast-site-content-layout":"default","site-content-style":"default","site-sidebar-style":"default","ast-global-header-display":"","ast-banner-title-visibility":"","ast-main-header-display":"","ast-hfb-above-header-display":"","ast-hfb-below-header-display":"","ast-hfb-mobile-header-display":"","site-post-title":"","ast-breadcrumbs-content":"","ast-featured-img":"","footer-sml-layout":"","theme-transparent-header-meta":"default","adv-header-id-meta":"","stick-header-meta":"","header-above-stick-meta":"","header-main-stick-meta":"","header-below-stick-meta":"","astra-migrate-meta-layouts":"set","ast-page-background-enabled":"default","ast-page-background-meta":{"desktop":{"background-color":"","background-image":"","background-repeat":"repeat","background-position":"center center","background-size":"auto","background-attachment":"scroll","background-type":"","background-media":"","overlay-type":"","overlay-color":"","overlay-opacity":"","overlay-gradient":""},"tablet":{"background-color":"","background-image":"","background-repeat":"repeat","background-position":"center center","background-size":"auto","background-attachment":"scroll","background-type":"","background-media":"","overlay-type":"","overlay-color":"","overlay-opacity":"","overlay-gradient":""},"mobile":{"background-color":"","background-image":"","background-repeat":"repeat","background-position":"center center","background-size":"auto","background-attachment":"scroll","background-type":"","background-media":"","overlay-type":"","overlay-color":"","overlay-opacity":"","overlay-gradient":""}},"ast-content-background-meta":{"desktop":{"background-color":"var(--ast-global-color-5)","background-image":"","background-repeat":"repeat","background-position":"center center","background-size":"auto","background-attachment":"scroll","background-type":"","background-media":"","overlay-type":"","overlay-color":"","overlay-opacity":"","overlay-gradient":""},"tablet":{"background-color":"var(--ast-global-color-5)","background-image":"","background-repeat":"repeat","background-position":"center center","background-size":"auto","background-attachment":"scroll","background-type":"","background-media":"","overlay-type":"","overlay-color":"","overlay-opacity":"","overlay-gradient":""},"mobile":{"background-color":"var(--ast-global-color-5)","background-image":"","background-repeat":"repeat","background-position":"center center","background-size":"auto","background-attachment":"scroll","background-type":"","background-media":"","overlay-type":"","overlay-color":"","overlay-opacity":"","overlay-gradient":""}}},"product_brand":[],"product_cat":[59],"product_tag":[],"class_list":{"0":"post-3569","1":"product","2":"type-product","3":"status-publish","4":"has-post-thumbnail","6":"product_cat-welding-rotator","7":"desktop-align-left","8":"tablet-align-left","9":"mobile-align-left","11":"first","12":"instock","13":"shipping-taxable","14":"product-type-simple"},"aioseo_notices":[],"uagb_featured_image_src":{"full":["https:\/\/www.xinhaowelding.com\/wp-content\/uploads\/2024\/11\/\u753b\u677f-4-2.png",800,800,false],"thumbnail":["https:\/\/www.xinhaowelding.com\/wp-content\/uploads\/2024\/11\/\u753b\u677f-4-2-150x150.png",150,150,true],"medium":["https:\/\/www.xinhaowelding.com\/wp-content\/uploads\/2024\/11\/\u753b\u677f-4-2-300x300.png",300,300,true],"medium_large":["https:\/\/www.xinhaowelding.com\/wp-content\/uploads\/2024\/11\/\u753b\u677f-4-2-768x768.png",768,768,true],"large":["https:\/\/www.xinhaowelding.com\/wp-content\/uploads\/2024\/11\/\u753b\u677f-4-2.png",800,800,false],"1536x1536":["https:\/\/www.xinhaowelding.com\/wp-content\/uploads\/2024\/11\/\u753b\u677f-4-2.png",800,800,false],"2048x2048":["https:\/\/www.xinhaowelding.com\/wp-content\/uploads\/2024\/11\/\u753b\u677f-4-2.png",800,800,false],"trp-custom-language-flag":["https:\/\/www.xinhaowelding.com\/wp-content\/uploads\/2024\/11\/\u753b\u677f-4-2-12x12.png",12,12,true],"woocommerce_thumbnail":["https:\/\/www.xinhaowelding.com\/wp-content\/uploads\/2024\/11\/\u753b\u677f-4-2-600x600.png",600,600,true],"woocommerce_single":["https:\/\/www.xinhaowelding.com\/wp-content\/uploads\/2024\/11\/\u753b\u677f-4-2-600x600.png",600,600,true],"woocommerce_gallery_thumbnail":["https:\/\/www.xinhaowelding.com\/wp-content\/uploads\/2024\/11\/\u753b\u677f-4-2-100x100.png",100,100,true]},"uagb_author_info":{"display_name":"jinxing6611@gmail.com","author_link":"https:\/\/www.xinhaowelding.com\/pt\/author\/"},"uagb_comment_info":0,"uagb_excerpt":"High-Precision Welding Turntable - 360\u00b0 Rotating Positioner for Arc\/TIG\/MIG Welding | Sturdy Steel Construction | Manual\/Auto Models Available","_links":{"self":[{"href":"https:\/\/www.xinhaowelding.com\/pt\/wp-json\/wp\/v2\/product\/3569","targetHints":{"allow":["GET"]}}],"collection":[{"href":"https:\/\/www.xinhaowelding.com\/pt\/wp-json\/wp\/v2\/product"}],"about":[{"href":"https:\/\/www.xinhaowelding.com\/pt\/wp-json\/wp\/v2\/types\/product"}],"replies":[{"embeddable":true,"href":"https:\/\/www.xinhaowelding.com\/pt\/wp-json\/wp\/v2\/comments?post=3569"}],"wp:featuredmedia":[{"embeddable":true,"href":"https:\/\/www.xinhaowelding.com\/pt\/wp-json\/wp\/v2\/media\/3570"}],"wp:attachment":[{"href":"https:\/\/www.xinhaowelding.com\/pt\/wp-json\/wp\/v2\/media?parent=3569"}],"wp:term":[{"taxonomy":"product_brand","embeddable":true,"href":"https:\/\/www.xinhaowelding.com\/pt\/wp-json\/wp\/v2\/product_brand?post=3569"},{"taxonomy":"product_cat","embeddable":true,"href":"https:\/\/www.xinhaowelding.com\/pt\/wp-json\/wp\/v2\/product_cat?post=3569"},{"taxonomy":"product_tag","embeddable":true,"href":"https:\/\/www.xinhaowelding.com\/pt\/wp-json\/wp\/v2\/product_tag?post=3569"}],"curies":[{"name":"wp","href":"https:\/\/api.w.org\/{rel}","templated":true}]}}