{"id":4187,"date":"2024-12-07T02:11:43","date_gmt":"2024-12-07T02:11:43","guid":{"rendered":"https:\/\/www.xinhaowelding.com\/?post_type=product&#038;p=4187"},"modified":"2025-04-02T00:56:37","modified_gmt":"2025-04-02T00:56:37","slug":"heavy-duty-self-aligning-roller-stand","status":"publish","type":"product","link":"https:\/\/www.xinhaowelding.com\/pt\/produto\/heavy-duty-self-aligning-roller-stand\/","title":{"rendered":"Rotadores de soldadura auto-ajust\u00e1veis | Suportes de rolos para trabalhos pesados"},"content":{"rendered":"<h2 class=\"wp-block-heading\"><strong><a href=\"https:\/\/www.xinhaowelding.com\/pt\/produto\/heavy-duty-self-aligning-roller-stand\/\" title=\"\u91cd\u578b\u81ea\u8c03\u6eda\u8f6e\u67b6\">\u91cd\u578b\u81ea\u8c03\u6eda\u8f6e\u67b6<\/a><\/strong><\/h2>\n\n\n\n<h2 class=\"wp-block-heading\">Suporte de rolos autocompensadores para servi\u00e7o pesado<\/h2>\n\n\n\n<p> Conce\u00e7\u00e3o e estrutura<\/p>\n\n\n\n<ul class=\"wp-block-list\">\n<li><strong>Mecanismo de auto-ajuste<\/strong>: A estrutura de rolos est\u00e1 equipada com um mecanismo de auto-ajuste que se adapta automaticamente ao di\u00e2metro da pe\u00e7a de trabalho. Isto assegura que a pe\u00e7a de trabalho est\u00e1 sempre centrada e segura firmemente pelos rolos, independentemente do seu tamanho.<\/li>\n\n\n\n<li><strong>Constru\u00e7\u00e3o robusta<\/strong>: A estrutura \u00e9 feita de a\u00e7o de alta resist\u00eancia, que pode suportar as cargas pesadas impostas por grandes pe\u00e7as de trabalho. Os rolos tamb\u00e9m foram concebidos tendo em conta a durabilidade, utilizando materiais de alta qualidade para garantir uma vida \u00fatil longa.<\/li>\n<\/ul>\n\n\n\n<h4 class=\"wp-block-heading\">Carater\u00edsticas de desempenho<\/h4>\n\n\n\n<p><strong>Anti-interfer\u00eancia electromagn\u00e9tica<\/strong>: Foi concebido com medidas anti-interfer\u00eancia electromagn\u00e9tica para minimizar o impacto da interfer\u00eancia de alta frequ\u00eancia durante a soldadura, melhorando assim a estabilidade e a qualidade do processo de soldadura.<\/p>\n\n\n\n<p><strong>Carga - Capacidade de suporte<\/strong>: Com uma capacidade de carga m\u00e1xima de [tonelagem espec\u00edfica], pode suportar mesmo as pe\u00e7as cil\u00edndricas mais pesadas que se encontram habitualmente no sector industrial.<\/p>\n\n\n\n<p><strong>Controlo de velocidade<\/strong>: A estrutura de rolos oferece um controlo preciso da velocidade, permitindo uma rota\u00e7\u00e3o suave e consistente da pe\u00e7a de trabalho. A velocidade pode ser ajustada de acordo com os requisitos espec\u00edficos do processo de soldadura, garantindo uma qualidade de soldadura \u00f3ptima.<\/p>\n\n\n\n<p>A estrutura de rolos produzida pela nossa empresa pode ser dividida em tr\u00eas formas de auto-ajuste, ajuste de parafuso e ajuste de parafuso de acordo com o m\u00e9todo de ajuste.<\/p>\n\n\n\n<p> Escolha o famoso inversor, controlo de velocidade de caixa port\u00e1til com ou sem fios, velocidade de visualiza\u00e7\u00e3o digital.<\/p>\n\n\n\n<p> Garantia gratuita de um ano para o motor e o inversor, frete nacional.<\/p>\n\n\n\n<figure class=\"wp-block-table\"><table class=\"has-fixed-layout\"><tbody><tr><td><strong>N\u00famero do modelo<\/strong><strong><\/strong><\/td><td><strong>carga<\/strong><strong><\/strong><\/td><td><strong>\u00c2mbito de aplica\u00e7\u00e3o<\/strong><strong><\/strong><\/td><td><strong>Velocidade do rolo<\/strong><strong><\/strong><\/td><td><strong>Tamanho do rolo<\/strong><strong><\/strong><\/td><td><strong>Pot\u00eancia do motor<\/strong><strong><\/strong><\/td><td><strong>Ter autocontrolo<\/strong><strong><\/strong><\/td><\/tr><tr><td>ZT-5<\/td><td>5T<\/td><td>350-2500mm<\/td><td>100-1000mm\/min<\/td><td>\u03a6220*120<\/td><td>2*0,37KW<\/td><td>500KG<\/td><\/tr><tr><td>ZT-10<\/td><td>10T<\/td><td>400-3700mm<\/td><td>100-1000mm\/min<\/td><td>\u03a6250*120<\/td><td>2*0,75KW<\/td><td>500KG<\/td><\/tr><tr><td>ZT-20<\/td><td>20T<\/td><td>600-4000mm<\/td><td>100-1000mm\/min<\/td><td>\u03a6300*140<\/td><td>2*0,75KW<\/td><td>980KG<\/td><\/tr><tr><td>ZT-30(Luz)<\/td><td>30T<\/td><td>600-4500mm<\/td><td>100-1000mm\/min<\/td><td>\u03a6350*180<\/td><td>2*0,75KW<\/td><td>1200KG<\/td><\/tr><tr><td>ZT-30(standard)<\/td><td>30T<\/td><td>600-4500mm<\/td><td>100-1000mm\/min<\/td><td>\u03a6350*180<\/td><td>2*1,1KW<\/td><td>1500KG<\/td><\/tr><tr><td>ZT-40<\/td><td>40T<\/td><td>600-4500mm<\/td><td>100-1000mm\/min<\/td><td>\u03a6350*180<\/td><td>2*1,5KW<\/td><td>1600KG<\/td><\/tr><tr><td>ZT-50<\/td><td>50T<\/td><td>750-5000mm<\/td><td>100-1000mm\/min<\/td><td>\u03a6400*200<\/td><td>2*3KW<\/td><td>2000KG<\/td><\/tr><tr><td>ZT-60<\/td><td>60T<\/td><td>800-5000mm<\/td><td>100-1000mm\/min<\/td><td>\u03a6400*200<\/td><td>2*2,2KW<\/td><td>3100KG<\/td><\/tr><tr><td>ZT-100<\/td><td>100T<\/td><td>800-5500mm<\/td><td>100-1000mm\/min<\/td><td>\u03a6500*240<\/td><td>2*3KW<\/td><td>4200KG<\/td><\/tr><\/tbody><\/table><\/figure>\n\n\n\n<div class=\"wp-block-uagb-container uagb-block-7ce634f2 alignfull uagb-is-root-container\"><div class=\"uagb-container-inner-blocks-wrap\">\n<div class=\"wp-block-uagb-container uagb-block-6641adfc\">\n<figure class=\"wp-block-image size-full\"><img fetchpriority=\"high\" decoding=\"async\" width=\"1000\" height=\"800\" src=\"https:\/\/www.xinhaowelding.com\/wp-content\/uploads\/2024\/12\/\u5c553.png\" alt=\"\" class=\"wp-image-4197\" srcset=\"https:\/\/www.xinhaowelding.com\/wp-content\/uploads\/2024\/12\/\u5c553.png 1000w, https:\/\/www.xinhaowelding.com\/wp-content\/uploads\/2024\/12\/\u5c553-300x240.png 300w, https:\/\/www.xinhaowelding.com\/wp-content\/uploads\/2024\/12\/\u5c553-768x614.png 768w, https:\/\/www.xinhaowelding.com\/wp-content\/uploads\/2024\/12\/\u5c553-15x12.png 15w, https:\/\/www.xinhaowelding.com\/wp-content\/uploads\/2024\/12\/\u5c553-600x480.png 600w\" sizes=\"(max-width: 1000px) 100vw, 1000px\" \/><\/figure>\n<\/div>\n\n\n\n<div class=\"wp-block-uagb-container uagb-block-04f936f2\">\n<figure class=\"wp-block-image size-full\"><img decoding=\"async\" width=\"1000\" height=\"800\" src=\"https:\/\/www.xinhaowelding.com\/wp-content\/uploads\/2024\/12\/\u5c552.png\" alt=\"\" class=\"wp-image-4196\" srcset=\"https:\/\/www.xinhaowelding.com\/wp-content\/uploads\/2024\/12\/\u5c552.png 1000w, https:\/\/www.xinhaowelding.com\/wp-content\/uploads\/2024\/12\/\u5c552-300x240.png 300w, https:\/\/www.xinhaowelding.com\/wp-content\/uploads\/2024\/12\/\u5c552-768x614.png 768w, https:\/\/www.xinhaowelding.com\/wp-content\/uploads\/2024\/12\/\u5c552-15x12.png 15w, https:\/\/www.xinhaowelding.com\/wp-content\/uploads\/2024\/12\/\u5c552-600x480.png 600w\" sizes=\"(max-width: 1000px) 100vw, 1000px\" \/><\/figure>\n<\/div>\n\n\n\n<div class=\"wp-block-uagb-container uagb-block-27cac7c1\">\n<figure class=\"wp-block-image size-full\"><img decoding=\"async\" width=\"1000\" height=\"800\" src=\"https:\/\/www.xinhaowelding.com\/wp-content\/uploads\/2024\/12\/\u5c551.png\" alt=\"\" class=\"wp-image-4195\" srcset=\"https:\/\/www.xinhaowelding.com\/wp-content\/uploads\/2024\/12\/\u5c551.png 1000w, https:\/\/www.xinhaowelding.com\/wp-content\/uploads\/2024\/12\/\u5c551-300x240.png 300w, https:\/\/www.xinhaowelding.com\/wp-content\/uploads\/2024\/12\/\u5c551-768x614.png 768w, https:\/\/www.xinhaowelding.com\/wp-content\/uploads\/2024\/12\/\u5c551-15x12.png 15w, https:\/\/www.xinhaowelding.com\/wp-content\/uploads\/2024\/12\/\u5c551-600x480.png 600w\" sizes=\"(max-width: 1000px) 100vw, 1000px\" \/><\/figure>\n<\/div>\n<\/div><\/div>\n\n\n\n<h2 class=\"wp-block-heading has-large-font-size\"><strong><u><strong>\u4ea7\u54c1\u7ec6\u8282<\/strong><\/u><\/strong><strong><u><strong><\/strong><\/u><\/strong><\/h2>\n\n\n\n<h2 class=\"wp-block-heading has-large-font-size\"><strong>Detalhes do produto<\/strong><strong><\/strong><\/h2>\n\n\n\n<div class=\"wp-block-uagb-container uagb-block-96e1f4c4 alignfull uagb-is-root-container\"><div class=\"uagb-container-inner-blocks-wrap\">\n<div class=\"wp-block-uagb-container uagb-block-62e10460\">\n<figure class=\"wp-block-image size-large\"><img loading=\"lazy\" decoding=\"async\" width=\"1024\" height=\"819\" src=\"https:\/\/www.xinhaowelding.com\/wp-content\/uploads\/2024\/11\/\u7ec6\u82821-7-1024x819.jpg\" alt=\"\" class=\"wp-image-3970\" srcset=\"https:\/\/www.xinhaowelding.com\/wp-content\/uploads\/2024\/11\/\u7ec6\u82821-7-1024x819.jpg 1024w, https:\/\/www.xinhaowelding.com\/wp-content\/uploads\/2024\/11\/\u7ec6\u82821-7-300x240.jpg 300w, https:\/\/www.xinhaowelding.com\/wp-content\/uploads\/2024\/11\/\u7ec6\u82821-7-768x615.jpg 768w, https:\/\/www.xinhaowelding.com\/wp-content\/uploads\/2024\/11\/\u7ec6\u82821-7-1536x1229.jpg 1536w, https:\/\/www.xinhaowelding.com\/wp-content\/uploads\/2024\/11\/\u7ec6\u82821-7-2048x1639.jpg 2048w, https:\/\/www.xinhaowelding.com\/wp-content\/uploads\/2024\/11\/\u7ec6\u82821-7-15x12.jpg 15w, https:\/\/www.xinhaowelding.com\/wp-content\/uploads\/2024\/11\/\u7ec6\u82821-7-600x480.jpg 600w\" sizes=\"(max-width: 1024px) 100vw, 1024px\" \/><\/figure>\n<\/div>\n\n\n\n<div class=\"wp-block-uagb-container uagb-block-2d7fb900\">\n<p class=\"has-large-font-size\"><strong>Estrutura r\u00edgida<\/strong><\/p>\n\n\n\n<div class=\"wp-block-group is-layout-constrained wp-block-group-is-layout-constrained\">\n<p>A conce\u00e7\u00e3o da estrutura \u00e9 simples e compacta<\/p>\n\n\n\n<p>Tamanho pequeno, peso leve<\/p>\n<\/div>\n<\/div>\n<\/div><\/div>\n\n\n\n<div class=\"wp-block-uagb-container uagb-block-14b1bae4 alignfull uagb-is-root-container\"><div class=\"uagb-container-inner-blocks-wrap\">\n<div class=\"wp-block-uagb-container uagb-block-73116f61\">\n<figure class=\"wp-block-image size-full\"><img loading=\"lazy\" decoding=\"async\" width=\"1000\" height=\"800\" src=\"https:\/\/www.xinhaowelding.com\/wp-content\/uploads\/2024\/12\/\u7ec6\u82822-2.jpg\" alt=\"\" class=\"wp-image-4192\" srcset=\"https:\/\/www.xinhaowelding.com\/wp-content\/uploads\/2024\/12\/\u7ec6\u82822-2.jpg 1000w, https:\/\/www.xinhaowelding.com\/wp-content\/uploads\/2024\/12\/\u7ec6\u82822-2-300x240.jpg 300w, https:\/\/www.xinhaowelding.com\/wp-content\/uploads\/2024\/12\/\u7ec6\u82822-2-768x614.jpg 768w, https:\/\/www.xinhaowelding.com\/wp-content\/uploads\/2024\/12\/\u7ec6\u82822-2-15x12.jpg 15w, https:\/\/www.xinhaowelding.com\/wp-content\/uploads\/2024\/12\/\u7ec6\u82822-2-600x480.jpg 600w\" sizes=\"(max-width: 1000px) 100vw, 1000px\" \/><\/figure>\n<\/div>\n\n\n\n<div class=\"wp-block-uagb-container uagb-block-1b1cec2d\">\n<p class=\"has-large-font-size\"><strong><strong>Forte capacidade de carga<\/strong><\/strong><\/p>\n\n\n\n<div class=\"wp-block-group is-layout-constrained wp-block-group-is-layout-constrained\">\n<p>Motor de controlo de frequ\u00eancia vari\u00e1vel de bin\u00e1rio constante<\/p>\n\n\n\n<p>Forte capacidade de carga, estabilidade a baixa velocidade<\/p>\n<\/div>\n<\/div>\n<\/div><\/div>\n\n\n\n<div class=\"wp-block-uagb-container uagb-block-e9305866 alignfull uagb-is-root-container\"><div class=\"uagb-container-inner-blocks-wrap\">\n<div class=\"wp-block-uagb-container uagb-block-e5584eb4\">\n<figure class=\"wp-block-image size-full\"><img loading=\"lazy\" decoding=\"async\" width=\"1000\" height=\"800\" src=\"https:\/\/www.xinhaowelding.com\/wp-content\/uploads\/2024\/12\/\u7ec6\u82823-2.jpg\" alt=\"\" class=\"wp-image-4193\" srcset=\"https:\/\/www.xinhaowelding.com\/wp-content\/uploads\/2024\/12\/\u7ec6\u82823-2.jpg 1000w, https:\/\/www.xinhaowelding.com\/wp-content\/uploads\/2024\/12\/\u7ec6\u82823-2-300x240.jpg 300w, https:\/\/www.xinhaowelding.com\/wp-content\/uploads\/2024\/12\/\u7ec6\u82823-2-768x614.jpg 768w, https:\/\/www.xinhaowelding.com\/wp-content\/uploads\/2024\/12\/\u7ec6\u82823-2-15x12.jpg 15w, https:\/\/www.xinhaowelding.com\/wp-content\/uploads\/2024\/12\/\u7ec6\u82823-2-600x480.jpg 600w\" sizes=\"(max-width: 1000px) 100vw, 1000px\" \/><\/figure>\n<\/div>\n\n\n\n<div class=\"wp-block-uagb-container uagb-block-9a1ee853\">\n<p class=\"has-large-font-size\"><strong><strong><strong>Funcionamento simples<\/strong><\/strong><\/strong><\/p>\n\n\n\n<div class=\"wp-block-group is-layout-constrained wp-block-group-is-layout-constrained\">\n<p>F\u00e1cil de utilizar<\/p>\n\n\n\n<p>Instala\u00e7\u00e3o e manuseamento c\u00f3modos, grande praticabilidade<\/p>\n<\/div>\n<\/div>\n<\/div><\/div>\n\n\n\n<div class=\"wp-block-uagb-container uagb-block-67353872 alignfull uagb-is-root-container\"><div class=\"uagb-container-inner-blocks-wrap\">\n<div class=\"wp-block-uagb-container uagb-block-2da2c2e9\">\n<figure class=\"wp-block-image size-large\"><img loading=\"lazy\" decoding=\"async\" width=\"1024\" height=\"819\" src=\"https:\/\/www.xinhaowelding.com\/wp-content\/uploads\/2024\/11\/xijie-4-1024x819.jpg\" alt=\"\" class=\"wp-image-3964\" srcset=\"https:\/\/www.xinhaowelding.com\/wp-content\/uploads\/2024\/11\/xijie-4-1024x819.jpg 1024w, https:\/\/www.xinhaowelding.com\/wp-content\/uploads\/2024\/11\/xijie-4-300x240.jpg 300w, https:\/\/www.xinhaowelding.com\/wp-content\/uploads\/2024\/11\/xijie-4-768x615.jpg 768w, https:\/\/www.xinhaowelding.com\/wp-content\/uploads\/2024\/11\/xijie-4-1536x1229.jpg 1536w, https:\/\/www.xinhaowelding.com\/wp-content\/uploads\/2024\/11\/xijie-4-2048x1639.jpg 2048w, https:\/\/www.xinhaowelding.com\/wp-content\/uploads\/2024\/11\/xijie-4-15x12.jpg 15w, https:\/\/www.xinhaowelding.com\/wp-content\/uploads\/2024\/11\/xijie-4-600x480.jpg 600w\" sizes=\"(max-width: 1024px) 100vw, 1024px\" \/><\/figure>\n<\/div>\n\n\n\n<div class=\"wp-block-uagb-container uagb-block-4d80128b\">\n<p class=\"has-large-font-size\"><strong><strong><strong><strong>Rolo de poliuretano<\/strong><\/strong><\/strong><\/strong><\/p>\n\n\n\n<div class=\"wp-block-group is-layout-constrained wp-block-group-is-layout-constrained\">\n<p>Aumentar o atrito entre o rolo e a pe\u00e7a de trabalho<\/p>\n\n\n\n<p>Resistente ao desgaste, resistente \u00e0 humidade, antiderrapante<\/p>\n<\/div>\n<\/div>\n<\/div><\/div>\n\n\n\n<h2 class=\"wp-block-heading has-large-font-size\">\u4ea7\u54c1\u89e3\u6790<\/h2>\n\n\n\n<h2 class=\"wp-block-heading has-large-font-size\">An\u00e1lise do produto<\/h2>\n\n\n\n<div class=\"wp-block-uagb-container uagb-block-47b5cced alignfull uagb-is-root-container\"><div class=\"uagb-container-inner-blocks-wrap\">\n<figure class=\"wp-block-image size-full\"><img loading=\"lazy\" decoding=\"async\" width=\"1000\" height=\"750\" src=\"https:\/\/www.xinhaowelding.com\/wp-content\/uploads\/2024\/12\/\u81ea\u8c03\u8bd5\u89e3\u6790.png\" alt=\"\" class=\"wp-image-4194\" srcset=\"https:\/\/www.xinhaowelding.com\/wp-content\/uploads\/2024\/12\/\u81ea\u8c03\u8bd5\u89e3\u6790.png 1000w, https:\/\/www.xinhaowelding.com\/wp-content\/uploads\/2024\/12\/\u81ea\u8c03\u8bd5\u89e3\u6790-300x225.png 300w, https:\/\/www.xinhaowelding.com\/wp-content\/uploads\/2024\/12\/\u81ea\u8c03\u8bd5\u89e3\u6790-768x576.png 768w, https:\/\/www.xinhaowelding.com\/wp-content\/uploads\/2024\/12\/\u81ea\u8c03\u8bd5\u89e3\u6790-16x12.png 16w, https:\/\/www.xinhaowelding.com\/wp-content\/uploads\/2024\/12\/\u81ea\u8c03\u8bd5\u89e3\u6790-600x450.png 600w\" sizes=\"(max-width: 1000px) 100vw, 1000px\" \/><\/figure>\n<\/div><\/div>\n\n\n\n<h2 class=\"wp-block-heading has-large-font-size\">\u73b0\u573a\u5b9e\u62cd<\/h2>\n\n\n\n<h2 class=\"wp-block-heading has-large-font-size\">Filmagem em direto<\/h2>\n\n\n\n<div class=\"wp-block-uagb-container uagb-block-35e00dc3 alignfull uagb-is-root-container\"><div class=\"uagb-container-inner-blocks-wrap\">\n<div class=\"wp-block-uagb-container uagb-block-c6885418\">\n<figure class=\"wp-block-image size-full\"><img loading=\"lazy\" decoding=\"async\" width=\"750\" height=\"1000\" src=\"https:\/\/www.xinhaowelding.com\/wp-content\/uploads\/2024\/12\/\u5b9e\u62cd1.png\" alt=\"\" class=\"wp-image-4188\" srcset=\"https:\/\/www.xinhaowelding.com\/wp-content\/uploads\/2024\/12\/\u5b9e\u62cd1.png 750w, https:\/\/www.xinhaowelding.com\/wp-content\/uploads\/2024\/12\/\u5b9e\u62cd1-225x300.png 225w, https:\/\/www.xinhaowelding.com\/wp-content\/uploads\/2024\/12\/\u5b9e\u62cd1-9x12.png 9w, https:\/\/www.xinhaowelding.com\/wp-content\/uploads\/2024\/12\/\u5b9e\u62cd1-600x800.png 600w\" sizes=\"(max-width: 750px) 100vw, 750px\" \/><\/figure>\n<\/div>\n\n\n\n<div class=\"wp-block-uagb-container uagb-block-18c90224\">\n<figure class=\"wp-block-image size-full\"><img loading=\"lazy\" decoding=\"async\" width=\"750\" height=\"1000\" src=\"https:\/\/www.xinhaowelding.com\/wp-content\/uploads\/2024\/12\/9.png\" alt=\"\" class=\"wp-image-4198\" srcset=\"https:\/\/www.xinhaowelding.com\/wp-content\/uploads\/2024\/12\/9.png 750w, https:\/\/www.xinhaowelding.com\/wp-content\/uploads\/2024\/12\/9-225x300.png 225w, https:\/\/www.xinhaowelding.com\/wp-content\/uploads\/2024\/12\/9-9x12.png 9w, https:\/\/www.xinhaowelding.com\/wp-content\/uploads\/2024\/12\/9-600x800.png 600w\" sizes=\"(max-width: 750px) 100vw, 750px\" \/><\/figure>\n<\/div>\n\n\n\n<div class=\"wp-block-uagb-container uagb-block-a557c475\">\n<figure class=\"wp-block-image size-full\"><img loading=\"lazy\" decoding=\"async\" width=\"750\" height=\"1000\" src=\"https:\/\/www.xinhaowelding.com\/wp-content\/uploads\/2024\/12\/\u5b9e\u62cd4-4.jpg\" alt=\"\" class=\"wp-image-4191\" srcset=\"https:\/\/www.xinhaowelding.com\/wp-content\/uploads\/2024\/12\/\u5b9e\u62cd4-4.jpg 750w, https:\/\/www.xinhaowelding.com\/wp-content\/uploads\/2024\/12\/\u5b9e\u62cd4-4-225x300.jpg 225w, https:\/\/www.xinhaowelding.com\/wp-content\/uploads\/2024\/12\/\u5b9e\u62cd4-4-9x12.jpg 9w, https:\/\/www.xinhaowelding.com\/wp-content\/uploads\/2024\/12\/\u5b9e\u62cd4-4-600x800.jpg 600w\" sizes=\"(max-width: 750px) 100vw, 750px\" \/><\/figure>\n<\/div>\n\n\n\n<div class=\"wp-block-uagb-container uagb-block-0a3b04c3\">\n<figure class=\"wp-block-image size-full\"><img loading=\"lazy\" decoding=\"async\" width=\"750\" height=\"1002\" src=\"https:\/\/www.xinhaowelding.com\/wp-content\/uploads\/2024\/12\/5.png\" alt=\"\" class=\"wp-image-4199\" srcset=\"https:\/\/www.xinhaowelding.com\/wp-content\/uploads\/2024\/12\/5.png 750w, https:\/\/www.xinhaowelding.com\/wp-content\/uploads\/2024\/12\/5-225x300.png 225w, https:\/\/www.xinhaowelding.com\/wp-content\/uploads\/2024\/12\/5-9x12.png 9w, https:\/\/www.xinhaowelding.com\/wp-content\/uploads\/2024\/12\/5-600x802.png 600w\" sizes=\"(max-width: 750px) 100vw, 750px\" \/><\/figure>\n<\/div>\n<\/div><\/div>\n\n\n\n<p><a href=\"http:\/\/www.google.com\" title=\"www.google.com\">www.google.com<\/a><\/p>","protected":false},"excerpt":{"rendered":"<p><strong>Rotores de soldadura industriais com auto-alinhamento para tubos\/tanques pesados. Centragem autom\u00e1tica, elevada capacidade de carga e rota\u00e7\u00e3o est\u00e1vel.<\/strong><\/p>","protected":false},"featured_media":4201,"comment_status":"open","ping_status":"closed","template":"","meta":{"om_disable_all_campaigns":false,"_uag_custom_page_level_css":"","_monsterinsights_skip_tracking":false,"_monsterinsights_sitenote_active":false,"_monsterinsights_sitenote_note":"","_monsterinsights_sitenote_category":0,"site-sidebar-layout":"default","site-content-layout":"","ast-site-content-layout":"default","site-content-style":"default","site-sidebar-style":"default","ast-global-header-display":"","ast-banner-title-visibility":"","ast-main-header-display":"","ast-hfb-above-header-display":"","ast-hfb-below-header-display":"","ast-hfb-mobile-header-display":"","site-post-title":"","ast-breadcrumbs-content":"","ast-featured-img":"","footer-sml-layout":"","theme-transparent-header-meta":"","adv-header-id-meta":"","stick-header-meta":"","header-above-stick-meta":"","header-main-stick-meta":"","header-below-stick-meta":"","astra-migrate-meta-layouts":"set","ast-page-background-enabled":"default","ast-page-background-meta":{"desktop":{"background-color":"","background-image":"","background-repeat":"repeat","background-position":"center center","background-size":"auto","background-attachment":"scroll","background-type":"","background-media":"","overlay-type":"","overlay-color":"","overlay-opacity":"","overlay-gradient":""},"tablet":{"background-color":"","background-image":"","background-repeat":"repeat","background-position":"center center","background-size":"auto","background-attachment":"scroll","background-type":"","background-media":"","overlay-type":"","overlay-color":"","overlay-opacity":"","overlay-gradient":""},"mobile":{"background-color":"","background-image":"","background-repeat":"repeat","background-position":"center center","background-size":"auto","background-attachment":"scroll","background-type":"","background-media":"","overlay-type":"","overlay-color":"","overlay-opacity":"","overlay-gradient":""}},"ast-content-background-meta":{"desktop":{"background-color":"var(--ast-global-color-5)","background-image":"","background-repeat":"repeat","background-position":"center center","background-size":"auto","background-attachment":"scroll","background-type":"","background-media":"","overlay-type":"","overlay-color":"","overlay-opacity":"","overlay-gradient":""},"tablet":{"background-color":"var(--ast-global-color-5)","background-image":"","background-repeat":"repeat","background-position":"center center","background-size":"auto","background-attachment":"scroll","background-type":"","background-media":"","overlay-type":"","overlay-color":"","overlay-opacity":"","overlay-gradient":""},"mobile":{"background-color":"var(--ast-global-color-5)","background-image":"","background-repeat":"repeat","background-position":"center center","background-size":"auto","background-attachment":"scroll","background-type":"","background-media":"","overlay-type":"","overlay-color":"","overlay-opacity":"","overlay-gradient":""}}},"product_brand":[],"product_cat":[73,59],"product_tag":[],"class_list":{"0":"post-4187","1":"product","2":"type-product","3":"status-publish","4":"has-post-thumbnail","6":"product_cat-self-adjusting-rotator","7":"product_cat-welding-rotator","8":"desktop-align-left","9":"tablet-align-left","10":"mobile-align-left","12":"first","13":"instock","14":"shipping-taxable","15":"product-type-simple"},"aioseo_notices":[],"uagb_featured_image_src":{"full":["https:\/\/www.xinhaowelding.com\/wp-content\/uploads\/2024\/12\/2-4.jpg",800,800,false],"thumbnail":["https:\/\/www.xinhaowelding.com\/wp-content\/uploads\/2024\/12\/2-4-150x150.jpg",150,150,true],"medium":["https:\/\/www.xinhaowelding.com\/wp-content\/uploads\/2024\/12\/2-4-300x300.jpg",300,300,true],"medium_large":["https:\/\/www.xinhaowelding.com\/wp-content\/uploads\/2024\/12\/2-4-768x768.jpg",768,768,true],"large":["https:\/\/www.xinhaowelding.com\/wp-content\/uploads\/2024\/12\/2-4.jpg",800,800,false],"1536x1536":["https:\/\/www.xinhaowelding.com\/wp-content\/uploads\/2024\/12\/2-4.jpg",800,800,false],"2048x2048":["https:\/\/www.xinhaowelding.com\/wp-content\/uploads\/2024\/12\/2-4.jpg",800,800,false],"trp-custom-language-flag":["https:\/\/www.xinhaowelding.com\/wp-content\/uploads\/2024\/12\/2-4-12x12.jpg",12,12,true],"woocommerce_thumbnail":["https:\/\/www.xinhaowelding.com\/wp-content\/uploads\/2024\/12\/2-4-600x600.jpg",600,600,true],"woocommerce_single":["https:\/\/www.xinhaowelding.com\/wp-content\/uploads\/2024\/12\/2-4-600x600.jpg",600,600,true],"woocommerce_gallery_thumbnail":["https:\/\/www.xinhaowelding.com\/wp-content\/uploads\/2024\/12\/2-4-100x100.jpg",100,100,true]},"uagb_author_info":{"display_name":"jinxing6611@gmail.com","author_link":"https:\/\/www.xinhaowelding.com\/pt\/author\/"},"uagb_comment_info":0,"uagb_excerpt":"Industrial self-aligning welding rotators for heavy pipes\/tanks. Automatic centering, high load capacity, and stable rotation.","_links":{"self":[{"href":"https:\/\/www.xinhaowelding.com\/pt\/wp-json\/wp\/v2\/product\/4187","targetHints":{"allow":["GET"]}}],"collection":[{"href":"https:\/\/www.xinhaowelding.com\/pt\/wp-json\/wp\/v2\/product"}],"about":[{"href":"https:\/\/www.xinhaowelding.com\/pt\/wp-json\/wp\/v2\/types\/product"}],"replies":[{"embeddable":true,"href":"https:\/\/www.xinhaowelding.com\/pt\/wp-json\/wp\/v2\/comments?post=4187"}],"wp:featuredmedia":[{"embeddable":true,"href":"https:\/\/www.xinhaowelding.com\/pt\/wp-json\/wp\/v2\/media\/4201"}],"wp:attachment":[{"href":"https:\/\/www.xinhaowelding.com\/pt\/wp-json\/wp\/v2\/media?parent=4187"}],"wp:term":[{"taxonomy":"product_brand","embeddable":true,"href":"https:\/\/www.xinhaowelding.com\/pt\/wp-json\/wp\/v2\/product_brand?post=4187"},{"taxonomy":"product_cat","embeddable":true,"href":"https:\/\/www.xinhaowelding.com\/pt\/wp-json\/wp\/v2\/product_cat?post=4187"},{"taxonomy":"product_tag","embeddable":true,"href":"https:\/\/www.xinhaowelding.com\/pt\/wp-json\/wp\/v2\/product_tag?post=4187"}],"curies":[{"name":"wp","href":"https:\/\/api.w.org\/{rel}","templated":true}]}}