{"id":4216,"date":"2024-12-07T03:06:35","date_gmt":"2024-12-07T03:06:35","guid":{"rendered":"https:\/\/www.xinhaowelding.com\/?post_type=product&#038;p=4216"},"modified":"2025-04-07T06:48:54","modified_gmt":"2025-04-07T06:48:54","slug":"tig-autoatic-welding","status":"publish","type":"product","link":"https:\/\/www.xinhaowelding.com\/pt\/produto\/tig-autoatic-welding\/","title":{"rendered":"Soldador autom\u00e1tico de \u00e1rgon\/TIG ZDH-1*1*2 com operador"},"content":{"rendered":"<h2 class=\"wp-block-heading\"><strong><a href=\"https:\/\/www.xinhaowelding.com\/pt\/produto\/tig-autoatic-welding\/\" title=\"\u6c29\u5f27\u81ea\u52a8\u710a1*1*2\">\u6c29\u5f27\u81ea\u52a8\u710a1*1*2<\/a><\/strong><\/h2>\n\n\n\n<h2 class=\"wp-block-heading\">Soldadura autom\u00e1tica TIG<\/h2>\n\n\n\n<h3 class=\"wp-block-heading\">M\u00e1quina de soldadura por arco de \u00e1rgon autom\u00e1tica com manipulador<\/h3>\n\n\n\n<p>A m\u00e1quina de soldadura autom\u00e1tica por arco de \u00e1rgon com manipulador \u00e9 um equipamento de soldadura avan\u00e7ado que combina as vantagens da tecnologia de soldadura autom\u00e1tica por arco de \u00e1rgon e a flexibilidade de um manipulador.<\/p>\n\n\n\n<h4 class=\"wp-block-heading\">Princ\u00edpio de funcionamento<\/h4>\n\n\n\n<p>A pe\u00e7a de soldadura por arco de \u00e1rgon funciona utilizando um el\u00e9trodo de tungst\u00e9nio para gerar um arco entre o el\u00e9trodo e a pe\u00e7a de trabalho num ambiente protegido por \u00e1rgon. O calor do arco funde o metal de base e o fio de enchimento (se utilizado), formando um banho de soldadura. O manipulador, por outro lado, est\u00e1 programado para controlar o movimento da tocha de soldadura com elevada precis\u00e3o. Pode seguir traject\u00f3rias pr\u00e9 - definidas, ajustar a velocidade de soldadura e manter a dist\u00e2ncia adequada entre a tocha e a pe\u00e7a de trabalho. Isto garante soldaduras consistentes e de alta qualidade durante todo o processo de soldadura.<\/p>\n\n\n\n<p>A soldadura autom\u00e1tica por arco de \u00e1rgon do tipo cruzado produzido pela nossa empresa pode ser instalada com a m\u00e1quina de soldar C02 para obter uma utiliza\u00e7\u00e3o dupla.<\/p>\n\n\n\n<p>A estrutura est\u00e1 dividida em tr\u00eas partes: a parte da pistola de soldadura do operador de soldadura, a parte do posicionador que acciona a rota\u00e7\u00e3o da pe\u00e7a de trabalho e o controlo el\u00e9trico geral.<\/p>\n\n\n\n<p>Pode soldar flanges de a\u00e7o inoxid\u00e1vel\/carbono Soldadura em \u00e2ngulo, soldadura de topo de tubos, costura em anel e costura reta de cilindros.<\/p>\n\n\n\n<p>M\u00e1quina de soldadura por arco de \u00e1rgon Otai-Matsushita standard, incluindo liga\u00e7\u00e3o de soldadura, ajuste autom\u00e1tico de altura do arco de \u00e1rgon, m\u00e1quina de alimenta\u00e7\u00e3o de fio CNC, posicionador de tipo de calha, suporte, dedal de arranque, m\u00e1quina de andar, controlo remoto sem fios, arm\u00e1rio de controlo de piso PLC, etc<\/p>\n\n\n\n<p>Toda a garantia da m\u00e1quina durante um ano, instala\u00e7\u00e3o e coloca\u00e7\u00e3o em funcionamento porta-a-porta gratuitas, pessoal de forma\u00e7\u00e3o.<\/p>\n\n\n\n<p>Suporte \u00e0 personaliza\u00e7\u00e3o.<\/p>\n\n\n\n<div class=\"wp-block-uagb-container uagb-block-5d498a93 alignfull uagb-is-root-container\"><div class=\"uagb-container-inner-blocks-wrap\">\n<figure class=\"wp-block-image size-large\"><img fetchpriority=\"high\" decoding=\"async\" width=\"1024\" height=\"730\" src=\"https:\/\/www.xinhaowelding.com\/wp-content\/uploads\/2024\/12\/\u56fe\u5c42-2-1024x730.png\" alt=\"\" class=\"wp-image-4222\" srcset=\"https:\/\/www.xinhaowelding.com\/wp-content\/uploads\/2024\/12\/\u56fe\u5c42-2-1024x730.png 1024w, https:\/\/www.xinhaowelding.com\/wp-content\/uploads\/2024\/12\/\u56fe\u5c42-2-300x214.png 300w, https:\/\/www.xinhaowelding.com\/wp-content\/uploads\/2024\/12\/\u56fe\u5c42-2-768x547.png 768w, https:\/\/www.xinhaowelding.com\/wp-content\/uploads\/2024\/12\/\u56fe\u5c42-2-1536x1095.png 1536w, https:\/\/www.xinhaowelding.com\/wp-content\/uploads\/2024\/12\/\u56fe\u5c42-2-2048x1460.png 2048w, https:\/\/www.xinhaowelding.com\/wp-content\/uploads\/2024\/12\/\u56fe\u5c42-2-18x12.png 18w, https:\/\/www.xinhaowelding.com\/wp-content\/uploads\/2024\/12\/\u56fe\u5c42-2-600x428.png 600w\" sizes=\"(max-width: 1024px) 100vw, 1024px\" \/><\/figure>\n<\/div><\/div>\n\n\n\n<figure class=\"wp-block-table\"><table class=\"has-fixed-layout\"><tbody><tr><td colspan=\"2\"><strong>N\u00famero do modelo<\/strong><strong><\/strong><\/td><td colspan=\"2\"><strong>ZDH-1*1*2<\/strong><strong><\/strong><\/td><\/tr><tr><td colspan=\"2\">Par\u00e2metros do posicionador<\/td><td colspan=\"2\">Par\u00e2metro do manipulador<\/td><\/tr><tr><td>Carga horizontal<\/td><td>600KG<\/td><td>Curso para cima e para baixo<\/td><td>1000mm<\/td><\/tr><tr><td>Di\u00e2metro de aperto<\/td><td>30-650mm<\/td><td>Acidente vascular cerebral antero-posterior<\/td><td>1000mm<\/td><\/tr><tr><td>\u00c2ngulo de rota\u00e7\u00e3o<\/td><td>0-90\u00b0<\/td><td>Desloca\u00e7\u00e3o em linha reta \u00e0 esquerda e \u00e0 direita<\/td><td>2000mm<\/td><\/tr><tr><td>Curso do cabe\u00e7ote m\u00f3vel<\/td><td>150\/2000mm<\/td><td>Curso de press\u00e3o do arco oscilante<\/td><td>80\/80mm<\/td><\/tr><\/tbody><\/table><\/figure>\n\n\n\n<h2 class=\"wp-block-heading has-large-font-size\"><strong><u><strong>\u4ea7\u54c1\u7ec6\u8282<\/strong><\/u><\/strong><strong><u><strong><\/strong><\/u><\/strong><\/h2>\n\n\n\n<h2 class=\"wp-block-heading has-large-font-size\"><strong>Detalhes do produto<\/strong><strong><\/strong><\/h2>\n\n\n\n<div class=\"wp-block-uagb-container uagb-block-124c1e91 alignfull uagb-is-root-container\"><div class=\"uagb-container-inner-blocks-wrap\">\n<div class=\"wp-block-uagb-container uagb-block-1c3659a5\">\n<figure class=\"wp-block-image size-full\"><img decoding=\"async\" width=\"1000\" height=\"800\" src=\"https:\/\/www.xinhaowelding.com\/wp-content\/uploads\/2024\/12\/\u7ec6\u82821-2.jpg\" alt=\"\" class=\"wp-image-4223\" srcset=\"https:\/\/www.xinhaowelding.com\/wp-content\/uploads\/2024\/12\/\u7ec6\u82821-2.jpg 1000w, https:\/\/www.xinhaowelding.com\/wp-content\/uploads\/2024\/12\/\u7ec6\u82821-2-300x240.jpg 300w, https:\/\/www.xinhaowelding.com\/wp-content\/uploads\/2024\/12\/\u7ec6\u82821-2-768x614.jpg 768w, https:\/\/www.xinhaowelding.com\/wp-content\/uploads\/2024\/12\/\u7ec6\u82821-2-15x12.jpg 15w, https:\/\/www.xinhaowelding.com\/wp-content\/uploads\/2024\/12\/\u7ec6\u82821-2-600x480.jpg 600w\" sizes=\"(max-width: 1000px) 100vw, 1000px\" \/><\/figure>\n<\/div>\n\n\n\n<div class=\"wp-block-uagb-container uagb-block-881f9d6d\">\n<p class=\"has-large-font-size\"><strong>Arm\u00e1rio de controlo PLC<\/strong><\/p>\n\n\n\n<div class=\"wp-block-group is-layout-constrained wp-block-group-is-layout-constrained\">\n<p>Controlo num\u00e9rico inteligente, opera\u00e7\u00e3o com ecr\u00e3 t\u00e1til<\/p>\n\n\n\n<p>Funcionamento simples<\/p>\n<\/div>\n<\/div>\n<\/div><\/div>\n\n\n\n<div class=\"wp-block-uagb-container uagb-block-817706b3 alignfull uagb-is-root-container\"><div class=\"uagb-container-inner-blocks-wrap\">\n<div class=\"wp-block-uagb-container uagb-block-7d31009e\">\n<figure class=\"wp-block-image size-full\"><img decoding=\"async\" width=\"1000\" height=\"800\" src=\"https:\/\/www.xinhaowelding.com\/wp-content\/uploads\/2024\/12\/\u7ec6\u82822-3.jpg\" alt=\"\" class=\"wp-image-4224\" srcset=\"https:\/\/www.xinhaowelding.com\/wp-content\/uploads\/2024\/12\/\u7ec6\u82822-3.jpg 1000w, https:\/\/www.xinhaowelding.com\/wp-content\/uploads\/2024\/12\/\u7ec6\u82822-3-300x240.jpg 300w, https:\/\/www.xinhaowelding.com\/wp-content\/uploads\/2024\/12\/\u7ec6\u82822-3-768x614.jpg 768w, https:\/\/www.xinhaowelding.com\/wp-content\/uploads\/2024\/12\/\u7ec6\u82822-3-15x12.jpg 15w, https:\/\/www.xinhaowelding.com\/wp-content\/uploads\/2024\/12\/\u7ec6\u82822-3-600x480.jpg 600w\" sizes=\"(max-width: 1000px) 100vw, 1000px\" \/><\/figure>\n<\/div>\n\n\n\n<div class=\"wp-block-uagb-container uagb-block-810e9eee\">\n<p class=\"has-large-font-size\"><strong>Posicionador de furos passantes<\/strong><\/p>\n\n\n\n<div class=\"wp-block-group is-layout-constrained wp-block-group-is-layout-constrained\">\n<p>Pode suportar pe\u00e7as de trabalho com diferentes di\u00e2metros<\/p>\n\n\n\n<p>A fixa\u00e7\u00e3o \u00e9 est\u00e1vel e precisa<\/p>\n<\/div>\n<\/div>\n<\/div><\/div>\n\n\n\n<div class=\"wp-block-uagb-container uagb-block-686010d7 alignfull uagb-is-root-container\"><div class=\"uagb-container-inner-blocks-wrap\">\n<div class=\"wp-block-uagb-container uagb-block-f53aeb3d\">\n<figure class=\"wp-block-image size-full\"><img loading=\"lazy\" decoding=\"async\" width=\"1000\" height=\"800\" src=\"https:\/\/www.xinhaowelding.com\/wp-content\/uploads\/2024\/12\/\u7ec6\u82823-3.jpg\" alt=\"\" class=\"wp-image-4225\" srcset=\"https:\/\/www.xinhaowelding.com\/wp-content\/uploads\/2024\/12\/\u7ec6\u82823-3.jpg 1000w, https:\/\/www.xinhaowelding.com\/wp-content\/uploads\/2024\/12\/\u7ec6\u82823-3-300x240.jpg 300w, https:\/\/www.xinhaowelding.com\/wp-content\/uploads\/2024\/12\/\u7ec6\u82823-3-768x614.jpg 768w, https:\/\/www.xinhaowelding.com\/wp-content\/uploads\/2024\/12\/\u7ec6\u82823-3-15x12.jpg 15w, https:\/\/www.xinhaowelding.com\/wp-content\/uploads\/2024\/12\/\u7ec6\u82823-3-600x480.jpg 600w\" sizes=\"(max-width: 1000px) 100vw, 1000px\" \/><\/figure>\n<\/div>\n\n\n\n<div class=\"wp-block-uagb-container uagb-block-e92004d9\">\n<p class=\"has-large-font-size\"><strong>Suporte do rolo de soldadura<\/strong><\/p>\n\n\n\n<div class=\"wp-block-group is-layout-constrained wp-block-group-is-layout-constrained\">\n<p>Elevada capacidade de carga, eleva\u00e7\u00e3o da pe\u00e7a de trabalho<\/p>\n\n\n\n<p>Soldadura auxiliar<\/p>\n<\/div>\n<\/div>\n<\/div><\/div>\n\n\n\n<div class=\"wp-block-uagb-container uagb-block-7ef4329f alignfull uagb-is-root-container\"><div class=\"uagb-container-inner-blocks-wrap\">\n<div class=\"wp-block-uagb-container uagb-block-c6ef9d82\">\n<figure class=\"wp-block-image size-full\"><img loading=\"lazy\" decoding=\"async\" width=\"1000\" height=\"800\" src=\"https:\/\/www.xinhaowelding.com\/wp-content\/uploads\/2024\/12\/\u7ec6\u82824-2.jpg\" alt=\"\" class=\"wp-image-4226\" srcset=\"https:\/\/www.xinhaowelding.com\/wp-content\/uploads\/2024\/12\/\u7ec6\u82824-2.jpg 1000w, https:\/\/www.xinhaowelding.com\/wp-content\/uploads\/2024\/12\/\u7ec6\u82824-2-300x240.jpg 300w, https:\/\/www.xinhaowelding.com\/wp-content\/uploads\/2024\/12\/\u7ec6\u82824-2-768x614.jpg 768w, https:\/\/www.xinhaowelding.com\/wp-content\/uploads\/2024\/12\/\u7ec6\u82824-2-15x12.jpg 15w, https:\/\/www.xinhaowelding.com\/wp-content\/uploads\/2024\/12\/\u7ec6\u82824-2-600x480.jpg 600w\" sizes=\"(max-width: 1000px) 100vw, 1000px\" \/><\/figure>\n<\/div>\n\n\n\n<div class=\"wp-block-uagb-container uagb-block-2f2a1098\">\n<p class=\"has-large-font-size\"><strong>Mandril de soldadura<\/strong><\/p>\n\n\n\n<div class=\"wp-block-group is-layout-constrained wp-block-group-is-layout-constrained\">\n<p>Fino auto-centrante, rota\u00e7\u00e3o conc\u00eantrica<\/p>\n\n\n\n<p>Aperto r\u00e1pido, furo grande<\/p>\n<\/div>\n<\/div>\n<\/div><\/div>\n\n\n\n<div class=\"wp-block-uagb-container uagb-block-d3e16619 alignfull uagb-is-root-container\"><div class=\"uagb-container-inner-blocks-wrap\">\n<div class=\"wp-block-uagb-container uagb-block-96faa589\">\n<figure class=\"wp-block-image size-full\"><img loading=\"lazy\" decoding=\"async\" width=\"1000\" height=\"800\" src=\"https:\/\/www.xinhaowelding.com\/wp-content\/uploads\/2024\/12\/\u7ec6\u82825-1.jpg\" alt=\"\" class=\"wp-image-4227\" srcset=\"https:\/\/www.xinhaowelding.com\/wp-content\/uploads\/2024\/12\/\u7ec6\u82825-1.jpg 1000w, https:\/\/www.xinhaowelding.com\/wp-content\/uploads\/2024\/12\/\u7ec6\u82825-1-300x240.jpg 300w, https:\/\/www.xinhaowelding.com\/wp-content\/uploads\/2024\/12\/\u7ec6\u82825-1-768x614.jpg 768w, https:\/\/www.xinhaowelding.com\/wp-content\/uploads\/2024\/12\/\u7ec6\u82825-1-15x12.jpg 15w, https:\/\/www.xinhaowelding.com\/wp-content\/uploads\/2024\/12\/\u7ec6\u82825-1-600x480.jpg 600w\" sizes=\"(max-width: 1000px) 100vw, 1000px\" \/><\/figure>\n<\/div>\n\n\n\n<div class=\"wp-block-uagb-container uagb-block-d1a79f0e\">\n<p class=\"has-large-font-size\"><strong>Controlo remoto sem fios<\/strong><\/p>\n\n\n\n<div class=\"wp-block-group is-layout-constrained wp-block-group-is-layout-constrained\">\n<p>Controlo remoto, soldadura autom\u00e1tica<\/p>\n\n\n\n<p>Funcionamento simples<\/p>\n<\/div>\n<\/div>\n<\/div><\/div>\n\n\n\n<h2 class=\"wp-block-heading has-large-font-size\">\u4ea7\u54c1\u89e3\u6790<\/h2>\n\n\n\n<h2 class=\"wp-block-heading has-large-font-size\">An\u00e1lise do produto<\/h2>\n\n\n\n<div class=\"wp-block-uagb-container uagb-block-8a4f2a9f alignfull uagb-is-root-container\"><div class=\"uagb-container-inner-blocks-wrap\">\n<figure class=\"wp-block-image size-large\"><img loading=\"lazy\" decoding=\"async\" width=\"1024\" height=\"699\" src=\"https:\/\/www.xinhaowelding.com\/wp-content\/uploads\/2024\/12\/\u89e3\u6790-1-1024x699.png\" alt=\"\" class=\"wp-image-4217\" srcset=\"https:\/\/www.xinhaowelding.com\/wp-content\/uploads\/2024\/12\/\u89e3\u6790-1-1024x699.png 1024w, https:\/\/www.xinhaowelding.com\/wp-content\/uploads\/2024\/12\/\u89e3\u6790-1-300x205.png 300w, https:\/\/www.xinhaowelding.com\/wp-content\/uploads\/2024\/12\/\u89e3\u6790-1-768x524.png 768w, https:\/\/www.xinhaowelding.com\/wp-content\/uploads\/2024\/12\/\u89e3\u6790-1-1536x1048.png 1536w, https:\/\/www.xinhaowelding.com\/wp-content\/uploads\/2024\/12\/\u89e3\u6790-1-18x12.png 18w, https:\/\/www.xinhaowelding.com\/wp-content\/uploads\/2024\/12\/\u89e3\u6790-1-600x410.png 600w, https:\/\/www.xinhaowelding.com\/wp-content\/uploads\/2024\/12\/\u89e3\u6790-1.png 1550w\" sizes=\"(max-width: 1024px) 100vw, 1024px\" \/><\/figure>\n<\/div><\/div>\n\n\n\n<figure class=\"wp-block-table\"><table class=\"has-fixed-layout\"><tbody><tr><td class=\"has-text-align-center\" data-align=\"center\">1<\/td><td>Estojo de m\u00e3o sem fios<\/td><td class=\"has-text-align-center\" data-align=\"center\">7<\/td><td>Dispositivo de alimenta\u00e7\u00e3o de arame<\/td><td class=\"has-text-align-center\" data-align=\"center\">13<\/td><td>M\u00e1quina de soldadura por arco de \u00e1rgon<\/td><\/tr><tr><td class=\"has-text-align-center\" data-align=\"center\">2<\/td><td>Arm\u00e1rio de controlo<\/td><td class=\"has-text-align-center\" data-align=\"center\">8<\/td><td>Tocha de soldadura de arco de \u00e1rgon arrefecida a \u00e1gua<\/td><td class=\"has-text-align-center\" data-align=\"center\">14<\/td><td>Dep\u00f3sito de \u00e1gua de refrigera\u00e7\u00e3o<\/td><\/tr><tr><td class=\"has-text-align-center\" data-align=\"center\">3<\/td><td>Posicionador de soldadura<\/td><td class=\"has-text-align-center\" data-align=\"center\">9<\/td><td>Ajuste do \u00e2ngulo da tocha de soldadura<\/td><td class=\"has-text-align-center\" data-align=\"center\">15<\/td><td>Motor de transla\u00e7\u00e3o<\/td><\/tr><tr><td class=\"has-text-align-center\" data-align=\"center\">4<\/td><td>mandril<\/td><td class=\"has-text-align-center\" data-align=\"center\">10<\/td><td>Colunas superiores e inferiores<\/td><td class=\"has-text-align-center\" data-align=\"center\">16<\/td><td>Base de marcha<\/td><\/tr><tr><td class=\"has-text-align-center\" data-align=\"center\">5<\/td><td>Oscilador de soldadura<\/td><td class=\"has-text-align-center\" data-align=\"center\">11<\/td><td>Alimentador de fio CNC<\/td><td class=\"has-text-align-center\" data-align=\"center\">17<\/td><td>Base do posicionador<\/td><\/tr><tr><td class=\"has-text-align-center\" data-align=\"center\">6<\/td><td>O arco de \u00e1rgon aumenta automaticamente<\/td><td class=\"has-text-align-center\" data-align=\"center\">12<\/td><td>Viga de vante e de r\u00e9<\/td><td class=\"has-text-align-center\" data-align=\"center\">18<\/td><td>Suporte de ajuste da altura do escorrega<\/td><\/tr><\/tbody><\/table><\/figure>\n\n\n\n<h2 class=\"wp-block-heading has-large-font-size\">\u73b0\u573a\u5b9e\u62cd<\/h2>\n\n\n\n<h2 class=\"wp-block-heading has-large-font-size\">Filmagem em direto<\/h2>\n\n\n\n<div class=\"wp-block-uagb-container uagb-block-cd0e33b4 alignfull uagb-is-root-container\"><div class=\"uagb-container-inner-blocks-wrap\">\n<figure class=\"wp-block-image size-full is-resized\"><img loading=\"lazy\" decoding=\"async\" width=\"1000\" height=\"750\" src=\"https:\/\/www.xinhaowelding.com\/wp-content\/uploads\/2024\/12\/\u5b9e\u62cd1-5.jpg\" alt=\"\" class=\"wp-image-4218\" style=\"width:1200px;height:auto\" srcset=\"https:\/\/www.xinhaowelding.com\/wp-content\/uploads\/2024\/12\/\u5b9e\u62cd1-5.jpg 1000w, https:\/\/www.xinhaowelding.com\/wp-content\/uploads\/2024\/12\/\u5b9e\u62cd1-5-300x225.jpg 300w, https:\/\/www.xinhaowelding.com\/wp-content\/uploads\/2024\/12\/\u5b9e\u62cd1-5-768x576.jpg 768w, https:\/\/www.xinhaowelding.com\/wp-content\/uploads\/2024\/12\/\u5b9e\u62cd1-5-16x12.jpg 16w, https:\/\/www.xinhaowelding.com\/wp-content\/uploads\/2024\/12\/\u5b9e\u62cd1-5-600x450.jpg 600w\" sizes=\"(max-width: 1000px) 100vw, 1000px\" \/><\/figure>\n\n\n\n<figure class=\"wp-block-image size-full is-resized\"><img loading=\"lazy\" decoding=\"async\" width=\"1000\" height=\"750\" src=\"https:\/\/www.xinhaowelding.com\/wp-content\/uploads\/2024\/12\/\u5b9e\u62cd2-5.jpg\" alt=\"\" class=\"wp-image-4219\" style=\"width:1200px;height:auto\" srcset=\"https:\/\/www.xinhaowelding.com\/wp-content\/uploads\/2024\/12\/\u5b9e\u62cd2-5.jpg 1000w, https:\/\/www.xinhaowelding.com\/wp-content\/uploads\/2024\/12\/\u5b9e\u62cd2-5-300x225.jpg 300w, https:\/\/www.xinhaowelding.com\/wp-content\/uploads\/2024\/12\/\u5b9e\u62cd2-5-768x576.jpg 768w, https:\/\/www.xinhaowelding.com\/wp-content\/uploads\/2024\/12\/\u5b9e\u62cd2-5-16x12.jpg 16w, https:\/\/www.xinhaowelding.com\/wp-content\/uploads\/2024\/12\/\u5b9e\u62cd2-5-600x450.jpg 600w\" sizes=\"(max-width: 1000px) 100vw, 1000px\" \/><\/figure>\n<\/div><\/div>\n\n\n\n<div class=\"wp-block-uagb-container uagb-block-a7f30020 alignfull uagb-is-root-container\"><div class=\"uagb-container-inner-blocks-wrap\">\n<div class=\"wp-block-uagb-container uagb-block-8726d231\">\n<figure class=\"wp-block-image size-full\"><img loading=\"lazy\" decoding=\"async\" width=\"750\" height=\"1000\" src=\"https:\/\/www.xinhaowelding.com\/wp-content\/uploads\/2024\/12\/\u5b9e\u62cd4-6.jpg\" alt=\"\" class=\"wp-image-4221\" srcset=\"https:\/\/www.xinhaowelding.com\/wp-content\/uploads\/2024\/12\/\u5b9e\u62cd4-6.jpg 750w, https:\/\/www.xinhaowelding.com\/wp-content\/uploads\/2024\/12\/\u5b9e\u62cd4-6-225x300.jpg 225w, https:\/\/www.xinhaowelding.com\/wp-content\/uploads\/2024\/12\/\u5b9e\u62cd4-6-9x12.jpg 9w, https:\/\/www.xinhaowelding.com\/wp-content\/uploads\/2024\/12\/\u5b9e\u62cd4-6-600x800.jpg 600w\" sizes=\"(max-width: 750px) 100vw, 750px\" \/><\/figure>\n<\/div>\n\n\n\n<div class=\"wp-block-uagb-container uagb-block-5370dfd7\">\n<figure class=\"wp-block-image size-full\"><img loading=\"lazy\" decoding=\"async\" width=\"750\" height=\"1000\" src=\"https:\/\/www.xinhaowelding.com\/wp-content\/uploads\/2024\/12\/\u5b9e\u62cd3-6.jpg\" alt=\"\" class=\"wp-image-4220\" srcset=\"https:\/\/www.xinhaowelding.com\/wp-content\/uploads\/2024\/12\/\u5b9e\u62cd3-6.jpg 750w, https:\/\/www.xinhaowelding.com\/wp-content\/uploads\/2024\/12\/\u5b9e\u62cd3-6-225x300.jpg 225w, https:\/\/www.xinhaowelding.com\/wp-content\/uploads\/2024\/12\/\u5b9e\u62cd3-6-9x12.jpg 9w, https:\/\/www.xinhaowelding.com\/wp-content\/uploads\/2024\/12\/\u5b9e\u62cd3-6-600x800.jpg 600w\" sizes=\"(max-width: 750px) 100vw, 750px\" \/><\/figure>\n<\/div>\n<\/div><\/div>\n\n\n\n<p><a href=\"http:\/\/www.google.com\" title=\"www.google.com\">www.google.com<\/a><\/p>\n\n\n\n<p><\/p>","protected":false},"excerpt":{"rendered":"<p><strong>M\u00e1quina de soldadura por arco de \u00e1rgon autom\u00e1tica ZDH-1*1*2 com operador - Equipamento de soldadura TIG de alta precis\u00e3o para um fabrico eficiente.<\/strong><\/p>","protected":false},"featured_media":4229,"comment_status":"open","ping_status":"closed","template":"","meta":{"om_disable_all_campaigns":false,"_uag_custom_page_level_css":"","_monsterinsights_skip_tracking":false,"_monsterinsights_sitenote_active":false,"_monsterinsights_sitenote_note":"","_monsterinsights_sitenote_category":0,"site-sidebar-layout":"default","site-content-layout":"","ast-site-content-layout":"default","site-content-style":"default","site-sidebar-style":"default","ast-global-header-display":"","ast-banner-title-visibility":"","ast-main-header-display":"","ast-hfb-above-header-display":"","ast-hfb-below-header-display":"","ast-hfb-mobile-header-display":"","site-post-title":"","ast-breadcrumbs-content":"","ast-featured-img":"","footer-sml-layout":"","theme-transparent-header-meta":"","adv-header-id-meta":"","stick-header-meta":"","header-above-stick-meta":"","header-main-stick-meta":"","header-below-stick-meta":"","astra-migrate-meta-layouts":"set","ast-page-background-enabled":"default","ast-page-background-meta":{"desktop":{"background-color":"","background-image":"","background-repeat":"repeat","background-position":"center center","background-size":"auto","background-attachment":"scroll","background-type":"","background-media":"","overlay-type":"","overlay-color":"","overlay-opacity":"","overlay-gradient":""},"tablet":{"background-color":"","background-image":"","background-repeat":"repeat","background-position":"center center","background-size":"auto","background-attachment":"scroll","background-type":"","background-media":"","overlay-type":"","overlay-color":"","overlay-opacity":"","overlay-gradient":""},"mobile":{"background-color":"","background-image":"","background-repeat":"repeat","background-position":"center center","background-size":"auto","background-attachment":"scroll","background-type":"","background-media":"","overlay-type":"","overlay-color":"","overlay-opacity":"","overlay-gradient":""}},"ast-content-background-meta":{"desktop":{"background-color":"var(--ast-global-color-5)","background-image":"","background-repeat":"repeat","background-position":"center center","background-size":"auto","background-attachment":"scroll","background-type":"","background-media":"","overlay-type":"","overlay-color":"","overlay-opacity":"","overlay-gradient":""},"tablet":{"background-color":"var(--ast-global-color-5)","background-image":"","background-repeat":"repeat","background-position":"center center","background-size":"auto","background-attachment":"scroll","background-type":"","background-media":"","overlay-type":"","overlay-color":"","overlay-opacity":"","overlay-gradient":""},"mobile":{"background-color":"var(--ast-global-color-5)","background-image":"","background-repeat":"repeat","background-position":"center center","background-size":"auto","background-attachment":"scroll","background-type":"","background-media":"","overlay-type":"","overlay-color":"","overlay-opacity":"","overlay-gradient":""}}},"product_brand":[],"product_cat":[67,57],"product_tag":[],"class_list":{"0":"post-4216","1":"product","2":"type-product","3":"status-publish","4":"has-post-thumbnail","6":"product_cat-argon-arc-automatic-welding","7":"product_cat-automatic-welding-equipment","8":"desktop-align-left","9":"tablet-align-left","10":"mobile-align-left","12":"first","13":"instock","14":"shipping-taxable","15":"product-type-simple"},"aioseo_notices":[],"uagb_featured_image_src":{"full":["https:\/\/www.xinhaowelding.com\/wp-content\/uploads\/2024\/12\/1-5.jpg",800,800,false],"thumbnail":["https:\/\/www.xinhaowelding.com\/wp-content\/uploads\/2024\/12\/1-5-150x150.jpg",150,150,true],"medium":["https:\/\/www.xinhaowelding.com\/wp-content\/uploads\/2024\/12\/1-5-300x300.jpg",300,300,true],"medium_large":["https:\/\/www.xinhaowelding.com\/wp-content\/uploads\/2024\/12\/1-5-768x768.jpg",768,768,true],"large":["https:\/\/www.xinhaowelding.com\/wp-content\/uploads\/2024\/12\/1-5.jpg",800,800,false],"1536x1536":["https:\/\/www.xinhaowelding.com\/wp-content\/uploads\/2024\/12\/1-5.jpg",800,800,false],"2048x2048":["https:\/\/www.xinhaowelding.com\/wp-content\/uploads\/2024\/12\/1-5.jpg",800,800,false],"trp-custom-language-flag":["https:\/\/www.xinhaowelding.com\/wp-content\/uploads\/2024\/12\/1-5-12x12.jpg",12,12,true],"woocommerce_thumbnail":["https:\/\/www.xinhaowelding.com\/wp-content\/uploads\/2024\/12\/1-5-600x600.jpg",600,600,true],"woocommerce_single":["https:\/\/www.xinhaowelding.com\/wp-content\/uploads\/2024\/12\/1-5-600x600.jpg",600,600,true],"woocommerce_gallery_thumbnail":["https:\/\/www.xinhaowelding.com\/wp-content\/uploads\/2024\/12\/1-5-100x100.jpg",100,100,true]},"uagb_author_info":{"display_name":"jinxing6611@gmail.com","author_link":"https:\/\/www.xinhaowelding.com\/pt\/author\/"},"uagb_comment_info":0,"uagb_excerpt":"ZDH-1*1*2 Automatic Argon Arc Welding Machine with Operator \u2013 High Precision TIG Welding Equipment for Efficient Fabrication.","_links":{"self":[{"href":"https:\/\/www.xinhaowelding.com\/pt\/wp-json\/wp\/v2\/product\/4216","targetHints":{"allow":["GET"]}}],"collection":[{"href":"https:\/\/www.xinhaowelding.com\/pt\/wp-json\/wp\/v2\/product"}],"about":[{"href":"https:\/\/www.xinhaowelding.com\/pt\/wp-json\/wp\/v2\/types\/product"}],"replies":[{"embeddable":true,"href":"https:\/\/www.xinhaowelding.com\/pt\/wp-json\/wp\/v2\/comments?post=4216"}],"wp:featuredmedia":[{"embeddable":true,"href":"https:\/\/www.xinhaowelding.com\/pt\/wp-json\/wp\/v2\/media\/4229"}],"wp:attachment":[{"href":"https:\/\/www.xinhaowelding.com\/pt\/wp-json\/wp\/v2\/media?parent=4216"}],"wp:term":[{"taxonomy":"product_brand","embeddable":true,"href":"https:\/\/www.xinhaowelding.com\/pt\/wp-json\/wp\/v2\/product_brand?post=4216"},{"taxonomy":"product_cat","embeddable":true,"href":"https:\/\/www.xinhaowelding.com\/pt\/wp-json\/wp\/v2\/product_cat?post=4216"},{"taxonomy":"product_tag","embeddable":true,"href":"https:\/\/www.xinhaowelding.com\/pt\/wp-json\/wp\/v2\/product_tag?post=4216"}],"curies":[{"name":"wp","href":"https:\/\/api.w.org\/{rel}","templated":true}]}}