{"id":4234,"date":"2024-12-07T03:32:10","date_gmt":"2024-12-07T03:32:10","guid":{"rendered":"https:\/\/www.xinhaowelding.com\/?post_type=product&#038;p=4234"},"modified":"2025-04-08T01:52:28","modified_gmt":"2025-04-08T01:52:28","slug":"tig-autoatic-welding-2","status":"publish","type":"product","link":"https:\/\/www.xinhaowelding.com\/pt\/produto\/tig-autoatic-welding-2\/","title":{"rendered":"M\u00e1quina de soldadura TIG autom\u00e1tica ZDH-1140 | M\u00e1quina de soldadura por arco de \u00e1rgon"},"content":{"rendered":"<h2 class=\"wp-block-heading\"><strong><a href=\"https:\/\/www.xinhaowelding.com\/pt\/produto\/tig-autoatic-welding-2\/\" title=\"\u6c29\u5f27\u81ea\u52a8\u710a1140\">\u6c29\u5f27\u81ea\u52a8\u710a1140<\/a><\/strong><\/h2>\n\n\n\n<h2 class=\"wp-block-heading\">Soldadura autom\u00e1tica TIG<\/h2>\n\n\n\n<p>Adequado para soldagem de costura plana de flange de pesco\u00e7o alto e soldagem de costura de canto de flange de tubo, curva de tubo, tubo.<\/p>\n\n\n\n<p>Adequado para a soldadura de a\u00e7o carbono e a\u00e7o inoxid\u00e1vel.<\/p>\n\n\n\n<p>Pode ser selecionada a m\u00e1quina de soldadura por arco de \u00e1rgon Autai WSM-400C, a m\u00e1quina de soldadura por arco de \u00e1rgon Panasonic YC-400TX4.<\/p>\n\n\n\n<p>Design integrado, estrutura compacta, madura e confi\u00e1vel; Posicionamento preciso da rota\u00e7\u00e3o do mandril autocentrante de tr\u00eas mand\u00edbulas.<\/p>\n\n\n\n<p>Cruz de soldadura manual 3D + posicionador de furo passante + pistola de soldadura Mecanismo de ajuste de \u00e2ngulo, para garantir a convers\u00e3o multi-posi\u00e7\u00e3o e multi-\u00e2ngulo da pistola de soldadura.<\/p>\n\n\n\n<p>O sistema de controlo adopta uma interface homem-m\u00e1quina com ecr\u00e3 t\u00e1til de grande dimens\u00e3o, opera\u00e7\u00e3o f\u00e1cil, controlo integrado dos par\u00e2metros do posicionador, par\u00e2metros de oscila\u00e7\u00e3o, corrente da m\u00e1quina de soldar, par\u00e2metros de alimenta\u00e7\u00e3o do fio, par\u00e2metros de tens\u00e3o do arco.<\/p>\n\n\n\n<p>A capacidade de armazenamento do processo de soldadura \u00e9 de 50 conjuntos, e o processo de soldadura correspondente pode ser invocado diretamente de acordo com as especifica\u00e7\u00f5es e n\u00fameros de soldadura.<\/p>\n\n\n\n<p>Sistema normalizado de seguimento do comprimento do arco (AVC) e sistema de guinada da pistola de soldadura (OSC).<\/p>\n\n\n\n<p>M\u00e1quina de alimenta\u00e7\u00e3o autom\u00e1tica de fio CNC, com fun\u00e7\u00e3o de desenho de fio reverso autom\u00e1tico e fun\u00e7\u00e3o de alimenta\u00e7\u00e3o de fio pulsante, alta precis\u00e3o de alimenta\u00e7\u00e3o de fio, suporte de fixa\u00e7\u00e3o de alimenta\u00e7\u00e3o de fio.<\/p>\n\n\n\n<p>Tanque de \u00e1gua de Shanghai Zhengte 10L, sistema de refrigera\u00e7\u00e3o de \u00e1gua de circula\u00e7\u00e3o for\u00e7ada, para garantir a m\u00e1quina por um longo tempo de opera\u00e7\u00e3o confi\u00e1vel.<\/p>\n\n\n\n<p>Pistola de soldadura de arco de \u00e1rgon arrefecida a \u00e1gua WP27 de 5 metros, guia de fluxo de cobertura de malha, prote\u00e7\u00e3o uniforme de g\u00e1s.<\/p>\n\n\n\n<p>Opera\u00e7\u00e3o de um bot\u00e3o de controle remoto sem fio, conclus\u00e3o autom\u00e1tica de todo o processo de soldagem; A interven\u00e7\u00e3o em tempo real dos par\u00e2metros de soldagem tamb\u00e9m pode ser realizada conforme necess\u00e1rio.<\/p>\n\n\n\n<p>Apoio \u00e0 personaliza\u00e7\u00e3o.<\/p>\n\n\n\n<figure class=\"wp-block-table\"><table class=\"has-fixed-layout\"><tbody><tr><td><strong>N\u00famero do modelo<\/strong><strong><\/strong><\/td><td><strong>ZDH-1140<\/strong><strong><\/strong><\/td><\/tr><tr><td>\u00c2ngulo de rota\u00e7\u00e3o<\/td><td>0-90\u00b0<\/td><\/tr><tr><td>Di\u00e2metro de aperto<\/td><td>20-550mm<\/td><\/tr><tr><td>Di\u00e2metro do orif\u00edcio de passagem<\/td><td>140\/170 mm<\/td><\/tr><tr><td>M\u00e1quina de soldadura por arco de \u00e1rgon<\/td><td>Aotai WSM-400<\/td><\/tr><tr><td>Dep\u00f3sito de \u00e1gua de refrigera\u00e7\u00e3o<\/td><td>CT-10<\/td><\/tr><tr><td>Pistola de soldadura autom\u00e1tica<\/td><td>WP-27\/arrefecimento a \u00e1gua<\/td><\/tr><tr><td>Di\u00e2metro do fio adequado<\/td><td>0.8\/1.0\/1.2\/1.6<\/td><\/tr><tr><td>Forma\u00e7\u00e3o de regula\u00e7\u00e3o tridimensional<\/td><td>600*600*600mm<\/td><\/tr><tr><td>Dimens\u00e3o global<\/td><td>1200*1000*2000mm<\/td><\/tr><\/tbody><\/table><\/figure>\n\n\n\n<div class=\"wp-block-uagb-container uagb-block-9b00fc5e alignfull uagb-is-root-container\"><div class=\"uagb-container-inner-blocks-wrap\">\n<div class=\"wp-block-uagb-container uagb-block-2c88fbd5\">\n<figure class=\"wp-block-image size-full\"><img fetchpriority=\"high\" decoding=\"async\" width=\"1000\" height=\"750\" src=\"https:\/\/www.xinhaowelding.com\/wp-content\/uploads\/2024\/12\/\u8868\u683c\u4e0b\u710a\u7f1d\u5c55\u793a.jpg\" alt=\"\" class=\"wp-image-4236\" srcset=\"https:\/\/www.xinhaowelding.com\/wp-content\/uploads\/2024\/12\/\u8868\u683c\u4e0b\u710a\u7f1d\u5c55\u793a.jpg 1000w, https:\/\/www.xinhaowelding.com\/wp-content\/uploads\/2024\/12\/\u8868\u683c\u4e0b\u710a\u7f1d\u5c55\u793a-300x225.jpg 300w, https:\/\/www.xinhaowelding.com\/wp-content\/uploads\/2024\/12\/\u8868\u683c\u4e0b\u710a\u7f1d\u5c55\u793a-768x576.jpg 768w, https:\/\/www.xinhaowelding.com\/wp-content\/uploads\/2024\/12\/\u8868\u683c\u4e0b\u710a\u7f1d\u5c55\u793a-16x12.jpg 16w, https:\/\/www.xinhaowelding.com\/wp-content\/uploads\/2024\/12\/\u8868\u683c\u4e0b\u710a\u7f1d\u5c55\u793a-600x450.jpg 600w\" sizes=\"(max-width: 1000px) 100vw, 1000px\" \/><\/figure>\n<\/div>\n\n\n\n<div class=\"wp-block-uagb-container uagb-block-45574e07\">\n<figure class=\"wp-block-image size-full\"><img decoding=\"async\" width=\"1000\" height=\"750\" src=\"https:\/\/www.xinhaowelding.com\/wp-content\/uploads\/2024\/12\/\u8868\u683c\u4e0b\u710a\u7f1d\u5c55\u793a1.jpg\" alt=\"\" class=\"wp-image-4237\" srcset=\"https:\/\/www.xinhaowelding.com\/wp-content\/uploads\/2024\/12\/\u8868\u683c\u4e0b\u710a\u7f1d\u5c55\u793a1.jpg 1000w, https:\/\/www.xinhaowelding.com\/wp-content\/uploads\/2024\/12\/\u8868\u683c\u4e0b\u710a\u7f1d\u5c55\u793a1-300x225.jpg 300w, https:\/\/www.xinhaowelding.com\/wp-content\/uploads\/2024\/12\/\u8868\u683c\u4e0b\u710a\u7f1d\u5c55\u793a1-768x576.jpg 768w, https:\/\/www.xinhaowelding.com\/wp-content\/uploads\/2024\/12\/\u8868\u683c\u4e0b\u710a\u7f1d\u5c55\u793a1-16x12.jpg 16w, https:\/\/www.xinhaowelding.com\/wp-content\/uploads\/2024\/12\/\u8868\u683c\u4e0b\u710a\u7f1d\u5c55\u793a1-600x450.jpg 600w\" sizes=\"(max-width: 1000px) 100vw, 1000px\" \/><\/figure>\n<\/div>\n\n\n\n<div class=\"wp-block-uagb-container uagb-block-35cbd7a8\">\n<figure class=\"wp-block-image size-full\"><img decoding=\"async\" width=\"1000\" height=\"750\" src=\"https:\/\/www.xinhaowelding.com\/wp-content\/uploads\/2024\/12\/\u8868\u683c\u4e0b\u710a\u7f1d\u5c55\u793a2.jpg\" alt=\"\" class=\"wp-image-4238\" srcset=\"https:\/\/www.xinhaowelding.com\/wp-content\/uploads\/2024\/12\/\u8868\u683c\u4e0b\u710a\u7f1d\u5c55\u793a2.jpg 1000w, https:\/\/www.xinhaowelding.com\/wp-content\/uploads\/2024\/12\/\u8868\u683c\u4e0b\u710a\u7f1d\u5c55\u793a2-300x225.jpg 300w, https:\/\/www.xinhaowelding.com\/wp-content\/uploads\/2024\/12\/\u8868\u683c\u4e0b\u710a\u7f1d\u5c55\u793a2-768x576.jpg 768w, https:\/\/www.xinhaowelding.com\/wp-content\/uploads\/2024\/12\/\u8868\u683c\u4e0b\u710a\u7f1d\u5c55\u793a2-16x12.jpg 16w, https:\/\/www.xinhaowelding.com\/wp-content\/uploads\/2024\/12\/\u8868\u683c\u4e0b\u710a\u7f1d\u5c55\u793a2-600x450.jpg 600w\" sizes=\"(max-width: 1000px) 100vw, 1000px\" \/><\/figure>\n<\/div>\n\n\n\n<div class=\"wp-block-uagb-container uagb-block-6b2889e2\">\n<figure class=\"wp-block-image size-full\"><img loading=\"lazy\" decoding=\"async\" width=\"1000\" height=\"750\" src=\"https:\/\/www.xinhaowelding.com\/wp-content\/uploads\/2024\/12\/\u8868\u683c\u4e0b\u710a\u7f1d\u5c55\u793a3.jpg\" alt=\"\" class=\"wp-image-4239\" srcset=\"https:\/\/www.xinhaowelding.com\/wp-content\/uploads\/2024\/12\/\u8868\u683c\u4e0b\u710a\u7f1d\u5c55\u793a3.jpg 1000w, https:\/\/www.xinhaowelding.com\/wp-content\/uploads\/2024\/12\/\u8868\u683c\u4e0b\u710a\u7f1d\u5c55\u793a3-300x225.jpg 300w, https:\/\/www.xinhaowelding.com\/wp-content\/uploads\/2024\/12\/\u8868\u683c\u4e0b\u710a\u7f1d\u5c55\u793a3-768x576.jpg 768w, https:\/\/www.xinhaowelding.com\/wp-content\/uploads\/2024\/12\/\u8868\u683c\u4e0b\u710a\u7f1d\u5c55\u793a3-16x12.jpg 16w, https:\/\/www.xinhaowelding.com\/wp-content\/uploads\/2024\/12\/\u8868\u683c\u4e0b\u710a\u7f1d\u5c55\u793a3-600x450.jpg 600w\" sizes=\"(max-width: 1000px) 100vw, 1000px\" \/><\/figure>\n<\/div>\n<\/div><\/div>\n\n\n\n<h2 class=\"wp-block-heading has-large-font-size\"><strong><u><strong>\u4ea7\u54c1\u7ec6\u8282<\/strong><\/u><\/strong><strong><u><strong><\/strong><\/u><\/strong><\/h2>\n\n\n\n<h2 class=\"wp-block-heading has-large-font-size\"><strong>Detalhes do produto<\/strong><strong><\/strong><\/h2>\n\n\n\n<div class=\"wp-block-uagb-container uagb-block-234febd0 alignfull uagb-is-root-container\"><div class=\"uagb-container-inner-blocks-wrap\">\n<div class=\"wp-block-uagb-container uagb-block-e2bdd873\">\n<figure class=\"wp-block-image size-full\"><img loading=\"lazy\" decoding=\"async\" width=\"1000\" height=\"800\" src=\"https:\/\/www.xinhaowelding.com\/wp-content\/uploads\/2024\/12\/\u7ec6\u82821-3.jpg\" alt=\"\" class=\"wp-image-4244\" srcset=\"https:\/\/www.xinhaowelding.com\/wp-content\/uploads\/2024\/12\/\u7ec6\u82821-3.jpg 1000w, https:\/\/www.xinhaowelding.com\/wp-content\/uploads\/2024\/12\/\u7ec6\u82821-3-300x240.jpg 300w, https:\/\/www.xinhaowelding.com\/wp-content\/uploads\/2024\/12\/\u7ec6\u82821-3-768x614.jpg 768w, https:\/\/www.xinhaowelding.com\/wp-content\/uploads\/2024\/12\/\u7ec6\u82821-3-15x12.jpg 15w, https:\/\/www.xinhaowelding.com\/wp-content\/uploads\/2024\/12\/\u7ec6\u82821-3-600x480.jpg 600w\" sizes=\"(max-width: 1000px) 100vw, 1000px\" \/><\/figure>\n<\/div>\n\n\n\n<div class=\"wp-block-uagb-container uagb-block-dab1cc3b\">\n<p class=\"has-large-font-size\"><strong>Posicionador de furos passantes<\/strong><\/p>\n\n\n\n<div class=\"wp-block-group is-layout-constrained wp-block-group-is-layout-constrained\">\n<p>Velocidade est\u00e1vel e uniforme<\/p>\n\n\n\n<p>Posicionamento preciso<\/p>\n\n\n\n<p>Soldadura autom\u00e1tica<\/p>\n<\/div>\n<\/div>\n<\/div><\/div>\n\n\n\n<div class=\"wp-block-uagb-container uagb-block-58119f91 alignfull uagb-is-root-container\"><div class=\"uagb-container-inner-blocks-wrap\">\n<div class=\"wp-block-uagb-container uagb-block-551064b1\">\n<figure class=\"wp-block-image size-full\"><img loading=\"lazy\" decoding=\"async\" width=\"1000\" height=\"800\" src=\"https:\/\/www.xinhaowelding.com\/wp-content\/uploads\/2024\/12\/\u7ec6\u82822-4.jpg\" alt=\"\" class=\"wp-image-4245\" srcset=\"https:\/\/www.xinhaowelding.com\/wp-content\/uploads\/2024\/12\/\u7ec6\u82822-4.jpg 1000w, https:\/\/www.xinhaowelding.com\/wp-content\/uploads\/2024\/12\/\u7ec6\u82822-4-300x240.jpg 300w, https:\/\/www.xinhaowelding.com\/wp-content\/uploads\/2024\/12\/\u7ec6\u82822-4-768x614.jpg 768w, https:\/\/www.xinhaowelding.com\/wp-content\/uploads\/2024\/12\/\u7ec6\u82822-4-15x12.jpg 15w, https:\/\/www.xinhaowelding.com\/wp-content\/uploads\/2024\/12\/\u7ec6\u82822-4-600x480.jpg 600w\" sizes=\"(max-width: 1000px) 100vw, 1000px\" \/><\/figure>\n<\/div>\n\n\n\n<div class=\"wp-block-uagb-container uagb-block-e5a2bc34\">\n<p class=\"has-large-font-size\"><strong><strong>Alimentador de arame de acionamento duplo<\/strong><\/strong><\/p>\n\n\n\n<div class=\"wp-block-group is-layout-constrained wp-block-group-is-layout-constrained\">\n<p>Anti-interfer\u00eancia de alta frequ\u00eancia<\/p>\n\n\n\n<p>Prestore 50 conjuntos de par\u00e2metros de soldadura<\/p>\n\n\n\n<p>Funcionamento est\u00e1vel<\/p>\n<\/div>\n<\/div>\n<\/div><\/div>\n\n\n\n<div class=\"wp-block-uagb-container uagb-block-3a4075f4 alignfull uagb-is-root-container\"><div class=\"uagb-container-inner-blocks-wrap\">\n<div class=\"wp-block-uagb-container uagb-block-b80ebdf7\">\n<figure class=\"wp-block-image size-full\"><img loading=\"lazy\" decoding=\"async\" width=\"1000\" height=\"800\" src=\"https:\/\/www.xinhaowelding.com\/wp-content\/uploads\/2024\/12\/\u7ec6\u82823-4.jpg\" alt=\"\" class=\"wp-image-4246\" srcset=\"https:\/\/www.xinhaowelding.com\/wp-content\/uploads\/2024\/12\/\u7ec6\u82823-4.jpg 1000w, https:\/\/www.xinhaowelding.com\/wp-content\/uploads\/2024\/12\/\u7ec6\u82823-4-300x240.jpg 300w, https:\/\/www.xinhaowelding.com\/wp-content\/uploads\/2024\/12\/\u7ec6\u82823-4-768x614.jpg 768w, https:\/\/www.xinhaowelding.com\/wp-content\/uploads\/2024\/12\/\u7ec6\u82823-4-15x12.jpg 15w, https:\/\/www.xinhaowelding.com\/wp-content\/uploads\/2024\/12\/\u7ec6\u82823-4-600x480.jpg 600w\" sizes=\"(max-width: 1000px) 100vw, 1000px\" \/><\/figure>\n<\/div>\n\n\n\n<div class=\"wp-block-uagb-container uagb-block-2e13b767\">\n<p class=\"has-large-font-size\"><strong><strong><strong>Mandril de soldadura<\/strong><\/strong><\/strong><\/p>\n\n\n\n<div class=\"wp-block-group is-layout-constrained wp-block-group-is-layout-constrained\">\n<p>Fina auto-centrante<\/p>\n\n\n\n<p>Rota\u00e7\u00e3o conc\u00eantrica<\/p>\n\n\n\n<p>Aperto r\u00e1pido<\/p>\n\n\n\n<p>Furo grande<\/p>\n<\/div>\n<\/div>\n<\/div><\/div>\n\n\n\n<div class=\"wp-block-uagb-container uagb-block-1303ea19 alignfull uagb-is-root-container\"><div class=\"uagb-container-inner-blocks-wrap\">\n<div class=\"wp-block-uagb-container uagb-block-0b226f29\">\n<figure class=\"wp-block-image size-full\"><img loading=\"lazy\" decoding=\"async\" width=\"1000\" height=\"800\" src=\"https:\/\/www.xinhaowelding.com\/wp-content\/uploads\/2024\/12\/\u7ec6\u82824-3.jpg\" alt=\"\" class=\"wp-image-4247\" srcset=\"https:\/\/www.xinhaowelding.com\/wp-content\/uploads\/2024\/12\/\u7ec6\u82824-3.jpg 1000w, https:\/\/www.xinhaowelding.com\/wp-content\/uploads\/2024\/12\/\u7ec6\u82824-3-300x240.jpg 300w, https:\/\/www.xinhaowelding.com\/wp-content\/uploads\/2024\/12\/\u7ec6\u82824-3-768x614.jpg 768w, https:\/\/www.xinhaowelding.com\/wp-content\/uploads\/2024\/12\/\u7ec6\u82824-3-15x12.jpg 15w, https:\/\/www.xinhaowelding.com\/wp-content\/uploads\/2024\/12\/\u7ec6\u82824-3-600x480.jpg 600w\" sizes=\"(max-width: 1000px) 100vw, 1000px\" \/><\/figure>\n<\/div>\n\n\n\n<div class=\"wp-block-uagb-container uagb-block-4f425b30\">\n<p class=\"has-large-font-size\"><strong><strong><strong><strong>Caixa de controlo PLC<\/strong><\/strong><\/strong><\/strong><\/p>\n\n\n\n<div class=\"wp-block-group is-layout-constrained wp-block-group-is-layout-constrained\">\n<p>Controlo inteligente<\/p>\n\n\n\n<p>Funcionamento com ecr\u00e3 t\u00e1til<\/p>\n\n\n\n<p>Bot\u00e3o de paragem de emerg\u00eancia<\/p>\n<\/div>\n<\/div>\n<\/div><\/div>\n\n\n\n<h2 class=\"wp-block-heading has-large-font-size\">\u4ea7\u54c1\u89e3\u6790<\/h2>\n\n\n\n<h2 class=\"wp-block-heading has-large-font-size\">An\u00e1lise do produto<\/h2>\n\n\n\n<div class=\"wp-block-uagb-container uagb-block-502be6a2 alignfull uagb-is-root-container\"><div class=\"uagb-container-inner-blocks-wrap\">\n<figure class=\"wp-block-image size-large\"><img loading=\"lazy\" decoding=\"async\" width=\"1024\" height=\"930\" src=\"https:\/\/www.xinhaowelding.com\/wp-content\/uploads\/2024\/12\/\u82f1\u6587\u8bbe\u5907\u6807\u6ce8-1-1024x930.png\" alt=\"\" class=\"wp-image-4541\" srcset=\"https:\/\/www.xinhaowelding.com\/wp-content\/uploads\/2024\/12\/\u82f1\u6587\u8bbe\u5907\u6807\u6ce8-1-1024x930.png 1024w, https:\/\/www.xinhaowelding.com\/wp-content\/uploads\/2024\/12\/\u82f1\u6587\u8bbe\u5907\u6807\u6ce8-1-300x272.png 300w, https:\/\/www.xinhaowelding.com\/wp-content\/uploads\/2024\/12\/\u82f1\u6587\u8bbe\u5907\u6807\u6ce8-1-768x697.png 768w, https:\/\/www.xinhaowelding.com\/wp-content\/uploads\/2024\/12\/\u82f1\u6587\u8bbe\u5907\u6807\u6ce8-1-1536x1395.png 1536w, https:\/\/www.xinhaowelding.com\/wp-content\/uploads\/2024\/12\/\u82f1\u6587\u8bbe\u5907\u6807\u6ce8-1-2048x1859.png 2048w, https:\/\/www.xinhaowelding.com\/wp-content\/uploads\/2024\/12\/\u82f1\u6587\u8bbe\u5907\u6807\u6ce8-1-13x12.png 13w, https:\/\/www.xinhaowelding.com\/wp-content\/uploads\/2024\/12\/\u82f1\u6587\u8bbe\u5907\u6807\u6ce8-1-600x545.png 600w\" sizes=\"(max-width: 1024px) 100vw, 1024px\" \/><\/figure>\n<\/div><\/div>\n\n\n\n<h2 class=\"wp-block-heading has-large-font-size\">\u73b0\u573a\u5b9e\u62cd<\/h2>\n\n\n\n<h2 class=\"wp-block-heading has-large-font-size\">Filmagem em direto<\/h2>\n\n\n\n<div class=\"wp-block-uagb-container uagb-block-d0f483db alignfull uagb-is-root-container\"><div class=\"uagb-container-inner-blocks-wrap\">\n<div class=\"wp-block-uagb-container uagb-block-3772c1c9\">\n<figure class=\"wp-block-image size-large\"><img loading=\"lazy\" decoding=\"async\" width=\"768\" height=\"1024\" src=\"https:\/\/www.xinhaowelding.com\/wp-content\/uploads\/2024\/12\/IMG_2824-768x1024.jpg\" alt=\"\" class=\"wp-image-4538\" srcset=\"https:\/\/www.xinhaowelding.com\/wp-content\/uploads\/2024\/12\/IMG_2824-768x1024.jpg 768w, https:\/\/www.xinhaowelding.com\/wp-content\/uploads\/2024\/12\/IMG_2824-225x300.jpg 225w, https:\/\/www.xinhaowelding.com\/wp-content\/uploads\/2024\/12\/IMG_2824-1152x1536.jpg 1152w, https:\/\/www.xinhaowelding.com\/wp-content\/uploads\/2024\/12\/IMG_2824-1536x2048.jpg 1536w, https:\/\/www.xinhaowelding.com\/wp-content\/uploads\/2024\/12\/IMG_2824-9x12.jpg 9w, https:\/\/www.xinhaowelding.com\/wp-content\/uploads\/2024\/12\/IMG_2824-600x800.jpg 600w, https:\/\/www.xinhaowelding.com\/wp-content\/uploads\/2024\/12\/IMG_2824-scaled.jpg 1920w\" sizes=\"(max-width: 768px) 100vw, 768px\" \/><\/figure>\n<\/div>\n\n\n\n<div class=\"wp-block-uagb-container uagb-block-cff1d532\">\n<figure class=\"wp-block-image size-large\"><img loading=\"lazy\" decoding=\"async\" width=\"768\" height=\"1024\" src=\"https:\/\/www.xinhaowelding.com\/wp-content\/uploads\/2024\/12\/IMG_2825-768x1024.jpg\" alt=\"\" class=\"wp-image-4539\" srcset=\"https:\/\/www.xinhaowelding.com\/wp-content\/uploads\/2024\/12\/IMG_2825-768x1024.jpg 768w, https:\/\/www.xinhaowelding.com\/wp-content\/uploads\/2024\/12\/IMG_2825-225x300.jpg 225w, https:\/\/www.xinhaowelding.com\/wp-content\/uploads\/2024\/12\/IMG_2825-1152x1536.jpg 1152w, https:\/\/www.xinhaowelding.com\/wp-content\/uploads\/2024\/12\/IMG_2825-1536x2048.jpg 1536w, https:\/\/www.xinhaowelding.com\/wp-content\/uploads\/2024\/12\/IMG_2825-9x12.jpg 9w, https:\/\/www.xinhaowelding.com\/wp-content\/uploads\/2024\/12\/IMG_2825-600x800.jpg 600w, https:\/\/www.xinhaowelding.com\/wp-content\/uploads\/2024\/12\/IMG_2825-scaled.jpg 1920w\" sizes=\"(max-width: 768px) 100vw, 768px\" \/><\/figure>\n<\/div>\n\n\n\n<div class=\"wp-block-uagb-container uagb-block-d8a93748\">\n<figure class=\"wp-block-image size-large\"><img loading=\"lazy\" decoding=\"async\" width=\"768\" height=\"1024\" src=\"https:\/\/www.xinhaowelding.com\/wp-content\/uploads\/2024\/12\/IMG_2823-768x1024.jpg\" alt=\"\" class=\"wp-image-4537\" srcset=\"https:\/\/www.xinhaowelding.com\/wp-content\/uploads\/2024\/12\/IMG_2823-768x1024.jpg 768w, https:\/\/www.xinhaowelding.com\/wp-content\/uploads\/2024\/12\/IMG_2823-225x300.jpg 225w, https:\/\/www.xinhaowelding.com\/wp-content\/uploads\/2024\/12\/IMG_2823-1152x1536.jpg 1152w, https:\/\/www.xinhaowelding.com\/wp-content\/uploads\/2024\/12\/IMG_2823-1536x2048.jpg 1536w, https:\/\/www.xinhaowelding.com\/wp-content\/uploads\/2024\/12\/IMG_2823-9x12.jpg 9w, https:\/\/www.xinhaowelding.com\/wp-content\/uploads\/2024\/12\/IMG_2823-600x800.jpg 600w, https:\/\/www.xinhaowelding.com\/wp-content\/uploads\/2024\/12\/IMG_2823-scaled.jpg 1920w\" sizes=\"(max-width: 768px) 100vw, 768px\" \/><\/figure>\n<\/div>\n\n\n\n<div class=\"wp-block-uagb-container uagb-block-97c7cbe4\">\n<figure class=\"wp-block-image size-large\"><img loading=\"lazy\" decoding=\"async\" width=\"768\" height=\"1024\" src=\"https:\/\/www.xinhaowelding.com\/wp-content\/uploads\/2024\/12\/IMG_2814-1-768x1024.jpg\" alt=\"\" class=\"wp-image-4535\" srcset=\"https:\/\/www.xinhaowelding.com\/wp-content\/uploads\/2024\/12\/IMG_2814-1-768x1024.jpg 768w, https:\/\/www.xinhaowelding.com\/wp-content\/uploads\/2024\/12\/IMG_2814-1-225x300.jpg 225w, https:\/\/www.xinhaowelding.com\/wp-content\/uploads\/2024\/12\/IMG_2814-1-1152x1536.jpg 1152w, https:\/\/www.xinhaowelding.com\/wp-content\/uploads\/2024\/12\/IMG_2814-1-1536x2048.jpg 1536w, https:\/\/www.xinhaowelding.com\/wp-content\/uploads\/2024\/12\/IMG_2814-1-9x12.jpg 9w, https:\/\/www.xinhaowelding.com\/wp-content\/uploads\/2024\/12\/IMG_2814-1-600x800.jpg 600w, https:\/\/www.xinhaowelding.com\/wp-content\/uploads\/2024\/12\/IMG_2814-1-scaled.jpg 1920w\" sizes=\"(max-width: 768px) 100vw, 768px\" \/><\/figure>\n<\/div>\n<\/div><\/div>\n\n\n\n<p><a href=\"http:\/\/www.google.com\" title=\"www.google.com\">www.google.com<\/a><\/p>","protected":false},"excerpt":{"rendered":"<p><strong>M\u00e1quina de soldar a arco de \u00e1rgon autom\u00e1tica ZDH-1140 | M\u00e1quina de soldar TIG de precis\u00e3o para fabrico industrial | Alta velocidade e desempenho fi\u00e1vel<\/strong><\/p>","protected":false},"featured_media":4542,"comment_status":"open","ping_status":"closed","template":"","meta":{"om_disable_all_campaigns":false,"_uag_custom_page_level_css":"","_monsterinsights_skip_tracking":false,"_monsterinsights_sitenote_active":false,"_monsterinsights_sitenote_note":"","_monsterinsights_sitenote_category":0,"site-sidebar-layout":"default","site-content-layout":"","ast-site-content-layout":"default","site-content-style":"default","site-sidebar-style":"default","ast-global-header-display":"","ast-banner-title-visibility":"","ast-main-header-display":"","ast-hfb-above-header-display":"","ast-hfb-below-header-display":"","ast-hfb-mobile-header-display":"","site-post-title":"","ast-breadcrumbs-content":"","ast-featured-img":"","footer-sml-layout":"","theme-transparent-header-meta":"","adv-header-id-meta":"","stick-header-meta":"","header-above-stick-meta":"","header-main-stick-meta":"","header-below-stick-meta":"","astra-migrate-meta-layouts":"set","ast-page-background-enabled":"default","ast-page-background-meta":{"desktop":{"background-color":"","background-image":"","background-repeat":"repeat","background-position":"center center","background-size":"auto","background-attachment":"scroll","background-type":"","background-media":"","overlay-type":"","overlay-color":"","overlay-opacity":"","overlay-gradient":""},"tablet":{"background-color":"","background-image":"","background-repeat":"repeat","background-position":"center center","background-size":"auto","background-attachment":"scroll","background-type":"","background-media":"","overlay-type":"","overlay-color":"","overlay-opacity":"","overlay-gradient":""},"mobile":{"background-color":"","background-image":"","background-repeat":"repeat","background-position":"center center","background-size":"auto","background-attachment":"scroll","background-type":"","background-media":"","overlay-type":"","overlay-color":"","overlay-opacity":"","overlay-gradient":""}},"ast-content-background-meta":{"desktop":{"background-color":"var(--ast-global-color-5)","background-image":"","background-repeat":"repeat","background-position":"center center","background-size":"auto","background-attachment":"scroll","background-type":"","background-media":"","overlay-type":"","overlay-color":"","overlay-opacity":"","overlay-gradient":""},"tablet":{"background-color":"var(--ast-global-color-5)","background-image":"","background-repeat":"repeat","background-position":"center center","background-size":"auto","background-attachment":"scroll","background-type":"","background-media":"","overlay-type":"","overlay-color":"","overlay-opacity":"","overlay-gradient":""},"mobile":{"background-color":"var(--ast-global-color-5)","background-image":"","background-repeat":"repeat","background-position":"center center","background-size":"auto","background-attachment":"scroll","background-type":"","background-media":"","overlay-type":"","overlay-color":"","overlay-opacity":"","overlay-gradient":""}}},"product_brand":[],"product_cat":[67,57],"product_tag":[],"class_list":{"0":"post-4234","1":"product","2":"type-product","3":"status-publish","4":"has-post-thumbnail","6":"product_cat-argon-arc-automatic-welding","7":"product_cat-automatic-welding-equipment","8":"desktop-align-left","9":"tablet-align-left","10":"mobile-align-left","12":"first","13":"instock","14":"shipping-taxable","15":"product-type-simple"},"aioseo_notices":[],"uagb_featured_image_src":{"full":["https:\/\/www.xinhaowelding.com\/wp-content\/uploads\/2024\/12\/1-15.jpg",800,800,false],"thumbnail":["https:\/\/www.xinhaowelding.com\/wp-content\/uploads\/2024\/12\/1-15-150x150.jpg",150,150,true],"medium":["https:\/\/www.xinhaowelding.com\/wp-content\/uploads\/2024\/12\/1-15-300x300.jpg",300,300,true],"medium_large":["https:\/\/www.xinhaowelding.com\/wp-content\/uploads\/2024\/12\/1-15-768x768.jpg",768,768,true],"large":["https:\/\/www.xinhaowelding.com\/wp-content\/uploads\/2024\/12\/1-15.jpg",800,800,false],"1536x1536":["https:\/\/www.xinhaowelding.com\/wp-content\/uploads\/2024\/12\/1-15.jpg",800,800,false],"2048x2048":["https:\/\/www.xinhaowelding.com\/wp-content\/uploads\/2024\/12\/1-15.jpg",800,800,false],"trp-custom-language-flag":["https:\/\/www.xinhaowelding.com\/wp-content\/uploads\/2024\/12\/1-15-12x12.jpg",12,12,true],"woocommerce_thumbnail":["https:\/\/www.xinhaowelding.com\/wp-content\/uploads\/2024\/12\/1-15-600x600.jpg",600,600,true],"woocommerce_single":["https:\/\/www.xinhaowelding.com\/wp-content\/uploads\/2024\/12\/1-15-600x600.jpg",600,600,true],"woocommerce_gallery_thumbnail":["https:\/\/www.xinhaowelding.com\/wp-content\/uploads\/2024\/12\/1-15-100x100.jpg",100,100,true]},"uagb_author_info":{"display_name":"jinxing6611@gmail.com","author_link":"https:\/\/www.xinhaowelding.com\/pt\/author\/"},"uagb_comment_info":0,"uagb_excerpt":"ZDH-1140 Automatic Argon Arc Welder | Precision TIG Welding Machine for Industrial Fabrication | High-Speed &amp; Reliable Performance","_links":{"self":[{"href":"https:\/\/www.xinhaowelding.com\/pt\/wp-json\/wp\/v2\/product\/4234","targetHints":{"allow":["GET"]}}],"collection":[{"href":"https:\/\/www.xinhaowelding.com\/pt\/wp-json\/wp\/v2\/product"}],"about":[{"href":"https:\/\/www.xinhaowelding.com\/pt\/wp-json\/wp\/v2\/types\/product"}],"replies":[{"embeddable":true,"href":"https:\/\/www.xinhaowelding.com\/pt\/wp-json\/wp\/v2\/comments?post=4234"}],"wp:featuredmedia":[{"embeddable":true,"href":"https:\/\/www.xinhaowelding.com\/pt\/wp-json\/wp\/v2\/media\/4542"}],"wp:attachment":[{"href":"https:\/\/www.xinhaowelding.com\/pt\/wp-json\/wp\/v2\/media?parent=4234"}],"wp:term":[{"taxonomy":"product_brand","embeddable":true,"href":"https:\/\/www.xinhaowelding.com\/pt\/wp-json\/wp\/v2\/product_brand?post=4234"},{"taxonomy":"product_cat","embeddable":true,"href":"https:\/\/www.xinhaowelding.com\/pt\/wp-json\/wp\/v2\/product_cat?post=4234"},{"taxonomy":"product_tag","embeddable":true,"href":"https:\/\/www.xinhaowelding.com\/pt\/wp-json\/wp\/v2\/product_tag?post=4234"}],"curies":[{"name":"wp","href":"https:\/\/api.w.org\/{rel}","templated":true}]}}