{"id":4388,"date":"2024-12-11T03:38:01","date_gmt":"2024-12-11T03:38:01","guid":{"rendered":"https:\/\/www.xinhaowelding.com\/?post_type=product&#038;p=4388"},"modified":"2025-04-02T02:44:37","modified_gmt":"2025-04-02T02:44:37","slug":"laser-automatic-welding-2","status":"publish","type":"product","link":"https:\/\/www.xinhaowelding.com\/pt\/produto\/laser-automatic-welding-2\/","title":{"rendered":"Equipamento de auto-soldadura CO2\/MIG | Classe industrial"},"content":{"rendered":"<h2 class=\"wp-block-heading\"><strong><a href=\"https:\/\/www.xinhaowelding.com\/pt\/produto\/laser-automatic-welding-2\/\" title=\"CO2\u81ea\u52a8\u710a\">CO2\u81ea\u52a8\u710a<\/a><\/strong><\/h2>\n\n\n\n<h2 class=\"wp-block-heading\">Soldadura autom\u00e1tica a laser<\/h2>\n\n\n\n<h4 class=\"wp-block-heading\">Carater\u00edsticas estruturais<\/h4>\n\n\n\n<ul class=\"wp-block-list\">\n<li><strong>Estrutura para servi\u00e7o pesado<\/strong>: A estante \u00e9 constru\u00edda com uma estrutura de a\u00e7o robusta que pode suportar o peso da fonte de energia de soldadura, do alimentador de fio e de outros equipamentos associados. Foi concebida para ter uma elevada capacidade de carga, garantindo estabilidade durante o funcionamento.<\/li>\n\n\n\n<li><strong>Altura ajust\u00e1vel<\/strong>: A altura do suporte do equipamento pode ser facilmente ajustada para satisfazer os requisitos espec\u00edficos das diferentes tarefas de soldadura e as prefer\u00eancias do operador. Este ajuste ajuda a melhorar a ergonomia do posto de trabalho de soldadura, reduzindo a fadiga do operador.<\/li>\n\n\n\n<li><strong>Suporte integrado para alimentador de arame<\/strong>: Existe um suporte dedicado para o alimentador de arame, que foi concebido para manter o alimentador de arame numa posi\u00e7\u00e3o est\u00e1vel e assegurar uma alimenta\u00e7\u00e3o de arame suave. O suporte permite um acesso f\u00e1cil ao alimentador de arame para manuten\u00e7\u00e3o e ajuste.<\/li>\n\n\n\n<li><strong>Suporte para garrafas de g\u00e1s<\/strong>: A cremalheira est\u00e1 equipada com um suporte de botija de g\u00e1s que pode segurar com seguran\u00e7a a botija de g\u00e1s CO\u2082. Possui um mecanismo de bloqueio de seguran\u00e7a para evitar que a botija de g\u00e1s tombe, garantindo a seguran\u00e7a da opera\u00e7\u00e3o de soldadura.<\/li>\n<\/ul>\n\n\n\n<p>A m\u00e1quina de soldadura produzida pela nossa empresa \u00e9 amplamente utilizada na soldadura por C02\/plasma\/laser\/arco de \u00e1rgon\/soldadura por arco submerso<\/p>\n\n\n\n<p>A soldadura autom\u00e1tica por arco de \u00e1rgon est\u00e1 equipada com um sistema autom\u00e1tico de regula\u00e7\u00e3o da tens\u00e3o do arco, um sistema de alimenta\u00e7\u00e3o do fio de soldadura por arco de \u00e1rgon, etc. O controlo de toda a m\u00e1quina permite a soldadura autom\u00e1tica<\/p>\n\n\n\n<p>Pode ser combinado com o posicionador de soldadura\/ mesa girat\u00f3ria de soldadura\/ estrutura de rolos de soldadura para obter um controlo de liga\u00e7\u00e3o.<\/p>\n\n\n\n<figure class=\"wp-block-table\"><table><tbody><tr><td rowspan=\"2\"><\/td><td rowspan=\"2\"><strong>N\u00famero do modelo<\/strong><strong><\/strong><\/td><td rowspan=\"2\"><strong>Velocidade de expans\u00e3o do feixe<\/strong><strong><\/strong><\/td><td rowspan=\"2\"><strong>Dimens\u00e3o do feixe<\/strong><strong><\/strong><\/td><td rowspan=\"2\"><strong>Dimens\u00e3o da sec\u00e7\u00e3o do pilar<\/strong><strong><\/strong><\/td><td colspan=\"3\"><strong>Dimens\u00f5es gerais<\/strong><strong>:m<\/strong><strong>\/peso<\/strong><strong>:kg<\/strong><strong><\/strong><\/td><\/tr><tr><td><strong>fixo<\/strong><strong><\/strong><\/td><td><strong>Rotativo (manual\/el\u00e9trico)<\/strong><strong><\/strong><\/td><td><strong>Tipo de carrinho de passeio<\/strong><strong><\/strong><\/td><\/tr><tr><td rowspan=\"2\">minit\u00edpo<\/td><td>ZDH-1,5*1,5<\/td><td>140-1400mm\/min<\/td><td>150*100*6mm<\/td><td>200*150*6mm<\/td><td>2,3*0,4*2,8(200kg)<\/td><td>2,3*0,6*2,9(300kg)<\/td><td>Menos utiliza\u00e7\u00e3o<\/td><\/tr><tr><td>ZDH-2*2<\/td><td>140-1400mm\/min<\/td><td>150*100*6mm<\/td><td>200*150*6mm<\/td><td>2,8*0,4*3,3(250kg)<\/td><td>2,8*0,6*3,4(350kg)<\/td><td>Menos utiliza\u00e7\u00e3o<\/td><\/tr><tr><td rowspan=\"3\">ligeiro<\/td><td>ZDH-2*2<\/td><td>140-1400mm\/min<\/td><td>250*100*6mm<\/td><td>400*300*6mm<\/td><td>4*0,6*4(1500kg)<\/td><td>4*1. 3*4.2 (1700kg)<\/td><td>4*2,5*4,6(2500kg)<\/td><\/tr><tr><td>ZDH-3*3<\/td><td>140-1400mm\/min<\/td><td>250*100*6mm<\/td><td>400*300*6mm<\/td><td>5*0,6*5(1700kg)<\/td><td>5*1,3*5,2(1900kg)<\/td><td>5*2,5*5,6(2700kg)<\/td><\/tr><tr><td>ZDH-4*4<\/td><td>140-1400mm\/min<\/td><td>250*100*6mm<\/td><td>400*300*6mm<\/td><td>6*0,6*6(2000kg)<\/td><td>6*1,3*6,2(2200kg)<\/td><td>6*2,5*6,6(3000kg)<\/td><\/tr><tr><td rowspan=\"4\">Tipo pesado<\/td><td>ZDH-4*4<\/td><td>140-1400mm\/min<\/td><td>300*200*6mm<\/td><td>500*300*6mm<\/td><td>6,2*0,7*6,2(3200kg)<\/td><td>6,2*1,3*6,4(3400kg)<\/td><td>6,2*2,5*6,8(4400kg)<\/td><\/tr><tr><td>ZDH-5*5<\/td><td>140-1400mm\/min<\/td><td>300*200*6mm<\/td><td>500*300*6mm<\/td><td>7,2*0,7*7,2(3500kg)<\/td><td>7.2*1. 3*7,4(3700kg)<\/td><td>7,2*2,5*7,8(4700kg)<\/td><\/tr><tr><td>ZDH-6*6<\/td><td>140-1400mm\/min<\/td><td>300*200*6mm<\/td><td>500*300*6mm<\/td><td>8,2*0,7*8,2(3800kg)<\/td><td>8,2*1,3*8,4(4000kg)<\/td><td>8,2*2,5*8,8(5000kg)<\/td><\/tr><tr><td>ZDH-7*7<\/td><td>140-1400mm\/min<\/td><td>300*200*6mm<\/td><td>500*300*6mm<\/td><td>9,2*0,7*9,2(4100kg)<\/td><td>9,2*1,3*9,4(4300kg)<\/td><td>9,2*2,5*9 8(5300kg)<\/td><\/tr><\/tbody><\/table><\/figure>\n\n\n\n<h2 class=\"wp-block-heading has-large-font-size\"><strong><u><strong>\u4ea7\u54c1\u7ec6\u8282<\/strong><\/u><\/strong><strong><u><strong><\/strong><\/u><\/strong><\/h2>\n\n\n\n<h2 class=\"wp-block-heading has-large-font-size\"><strong>Detalhes do produto<\/strong><strong><\/strong><\/h2>\n\n\n\n<div class=\"wp-block-uagb-container uagb-block-edcc93f9 alignfull uagb-is-root-container\"><div class=\"uagb-container-inner-blocks-wrap\">\n<div class=\"wp-block-uagb-container uagb-block-473f55ad\">\n<figure class=\"wp-block-image size-large\"><img fetchpriority=\"high\" decoding=\"async\" width=\"1024\" height=\"768\" src=\"https:\/\/www.xinhaowelding.com\/wp-content\/uploads\/2024\/12\/\u7ec6\u82821-8-1024x768.jpg\" alt=\"\" class=\"wp-image-4390\" srcset=\"https:\/\/www.xinhaowelding.com\/wp-content\/uploads\/2024\/12\/\u7ec6\u82821-8-1024x768.jpg 1024w, https:\/\/www.xinhaowelding.com\/wp-content\/uploads\/2024\/12\/\u7ec6\u82821-8-300x225.jpg 300w, https:\/\/www.xinhaowelding.com\/wp-content\/uploads\/2024\/12\/\u7ec6\u82821-8-768x576.jpg 768w, https:\/\/www.xinhaowelding.com\/wp-content\/uploads\/2024\/12\/\u7ec6\u82821-8-1536x1152.jpg 1536w, https:\/\/www.xinhaowelding.com\/wp-content\/uploads\/2024\/12\/\u7ec6\u82821-8-16x12.jpg 16w, https:\/\/www.xinhaowelding.com\/wp-content\/uploads\/2024\/12\/\u7ec6\u82821-8-600x450.jpg 600w, https:\/\/www.xinhaowelding.com\/wp-content\/uploads\/2024\/12\/\u7ec6\u82821-8.jpg 1600w\" sizes=\"(max-width: 1024px) 100vw, 1024px\" \/><\/figure>\n<\/div>\n\n\n\n<div class=\"wp-block-uagb-container uagb-block-d6510c1a\">\n<p class=\"has-large-font-size\"><strong>Caixa de controlo PLC<\/strong><\/p>\n\n\n\n<div class=\"wp-block-group is-layout-constrained wp-block-group-is-layout-constrained\">\n<p>Controlo num\u00e9rico inteligente<\/p>\n\n\n\n<p>Realizar a soldadura autom\u00e1tica<\/p>\n<\/div>\n<\/div>\n<\/div><\/div>\n\n\n\n<div class=\"wp-block-uagb-container uagb-block-441daf2f alignfull uagb-is-root-container\"><div class=\"uagb-container-inner-blocks-wrap\">\n<div class=\"wp-block-uagb-container uagb-block-b88c67cc\">\n<figure class=\"wp-block-image size-large\"><img decoding=\"async\" width=\"1024\" height=\"768\" src=\"https:\/\/www.xinhaowelding.com\/wp-content\/uploads\/2024\/12\/\u7ec6\u82822-6-1024x768.jpg\" alt=\"\" class=\"wp-image-4391\" srcset=\"https:\/\/www.xinhaowelding.com\/wp-content\/uploads\/2024\/12\/\u7ec6\u82822-6-1024x768.jpg 1024w, https:\/\/www.xinhaowelding.com\/wp-content\/uploads\/2024\/12\/\u7ec6\u82822-6-300x225.jpg 300w, https:\/\/www.xinhaowelding.com\/wp-content\/uploads\/2024\/12\/\u7ec6\u82822-6-768x576.jpg 768w, https:\/\/www.xinhaowelding.com\/wp-content\/uploads\/2024\/12\/\u7ec6\u82822-6-1536x1152.jpg 1536w, https:\/\/www.xinhaowelding.com\/wp-content\/uploads\/2024\/12\/\u7ec6\u82822-6-16x12.jpg 16w, https:\/\/www.xinhaowelding.com\/wp-content\/uploads\/2024\/12\/\u7ec6\u82822-6-600x450.jpg 600w, https:\/\/www.xinhaowelding.com\/wp-content\/uploads\/2024\/12\/\u7ec6\u82822-6.jpg 1600w\" sizes=\"(max-width: 1024px) 100vw, 1024px\" \/><\/figure>\n<\/div>\n\n\n\n<div class=\"wp-block-uagb-container uagb-block-d7104a25\">\n<p class=\"has-large-font-size\"><strong><strong>Tocha de soldadura CO2<\/strong><\/strong><\/p>\n\n\n\n<div class=\"wp-block-group is-layout-constrained wp-block-group-is-layout-constrained\">\n<p>A velocidade de soldadura da pistola de soldadura CO\u2082 \u00e9 muito mais r\u00e1pida do que a tradicional soldadura por arco manual<\/p>\n\n\n\n<p>O g\u00e1s CO\u2082 desempenha um papel protetor no processo de soldadura, e a qualidade da soldadura \u00e9 boa<\/p>\n<\/div>\n<\/div>\n<\/div><\/div>\n\n\n\n<div class=\"wp-block-uagb-container uagb-block-253accc1 alignfull uagb-is-root-container\"><div class=\"uagb-container-inner-blocks-wrap\">\n<div class=\"wp-block-uagb-container uagb-block-56d2f163\">\n<figure class=\"wp-block-image size-large\"><img decoding=\"async\" width=\"1024\" height=\"768\" src=\"https:\/\/www.xinhaowelding.com\/wp-content\/uploads\/2024\/12\/\u7ec6\u82823-8-1024x768.jpg\" alt=\"\" class=\"wp-image-4392\" srcset=\"https:\/\/www.xinhaowelding.com\/wp-content\/uploads\/2024\/12\/\u7ec6\u82823-8-1024x768.jpg 1024w, https:\/\/www.xinhaowelding.com\/wp-content\/uploads\/2024\/12\/\u7ec6\u82823-8-300x225.jpg 300w, https:\/\/www.xinhaowelding.com\/wp-content\/uploads\/2024\/12\/\u7ec6\u82823-8-768x576.jpg 768w, https:\/\/www.xinhaowelding.com\/wp-content\/uploads\/2024\/12\/\u7ec6\u82823-8-1536x1152.jpg 1536w, https:\/\/www.xinhaowelding.com\/wp-content\/uploads\/2024\/12\/\u7ec6\u82823-8-16x12.jpg 16w, https:\/\/www.xinhaowelding.com\/wp-content\/uploads\/2024\/12\/\u7ec6\u82823-8-600x450.jpg 600w, https:\/\/www.xinhaowelding.com\/wp-content\/uploads\/2024\/12\/\u7ec6\u82823-8.jpg 1600w\" sizes=\"(max-width: 1024px) 100vw, 1024px\" \/><\/figure>\n<\/div>\n\n\n\n<div class=\"wp-block-uagb-container uagb-block-9d7d371d\">\n<p class=\"has-large-font-size\"><strong><strong><strong>Alimentador de fio de soldadura<\/strong><\/strong><\/strong><\/p>\n\n\n\n<div class=\"wp-block-group is-layout-constrained wp-block-group-is-layout-constrained\">\n<p>Alimenta\u00e7\u00e3o autom\u00e1tica do fio<\/p>\n\n\n\n<p>Soldadura f\u00e1cil<strong><\/strong><\/p>\n<\/div>\n<\/div>\n<\/div><\/div>\n\n\n\n<div class=\"wp-block-uagb-container uagb-block-e3d9d83e alignfull uagb-is-root-container\"><div class=\"uagb-container-inner-blocks-wrap\">\n<div class=\"wp-block-uagb-container uagb-block-3a2ae5f7\">\n<figure class=\"wp-block-image size-large\"><img loading=\"lazy\" decoding=\"async\" width=\"1024\" height=\"768\" src=\"https:\/\/www.xinhaowelding.com\/wp-content\/uploads\/2024\/12\/\u7ec6\u82824-6-1024x768.jpg\" alt=\"\" class=\"wp-image-4393\" srcset=\"https:\/\/www.xinhaowelding.com\/wp-content\/uploads\/2024\/12\/\u7ec6\u82824-6-1024x768.jpg 1024w, https:\/\/www.xinhaowelding.com\/wp-content\/uploads\/2024\/12\/\u7ec6\u82824-6-300x225.jpg 300w, https:\/\/www.xinhaowelding.com\/wp-content\/uploads\/2024\/12\/\u7ec6\u82824-6-768x576.jpg 768w, https:\/\/www.xinhaowelding.com\/wp-content\/uploads\/2024\/12\/\u7ec6\u82824-6-1536x1152.jpg 1536w, https:\/\/www.xinhaowelding.com\/wp-content\/uploads\/2024\/12\/\u7ec6\u82824-6-16x12.jpg 16w, https:\/\/www.xinhaowelding.com\/wp-content\/uploads\/2024\/12\/\u7ec6\u82824-6-600x450.jpg 600w, https:\/\/www.xinhaowelding.com\/wp-content\/uploads\/2024\/12\/\u7ec6\u82824-6.jpg 1600w\" sizes=\"(max-width: 1024px) 100vw, 1024px\" \/><\/figure>\n<\/div>\n\n\n\n<div class=\"wp-block-uagb-container uagb-block-6742424c\">\n<p class=\"has-large-font-size\"><strong><strong><strong><strong>Bico de soldadura<\/strong><\/strong><\/strong><\/strong><\/p>\n\n\n\n<div class=\"wp-block-group is-layout-constrained wp-block-group-is-layout-constrained\">\n<p>Curso livre ajust\u00e1vel<\/p>\n\n\n\n<p>Pr\u00e1tico para soldar a diferentes alturas<\/p>\n<\/div>\n<\/div>\n<\/div><\/div>\n\n\n\n<h2 class=\"wp-block-heading has-large-font-size\">\u4ea7\u54c1\u89e3\u6790<\/h2>\n\n\n\n<h2 class=\"wp-block-heading has-large-font-size\">An\u00e1lise do produto<\/h2>\n\n\n\n<div class=\"wp-block-uagb-container uagb-block-8d458b83 alignfull uagb-is-root-container\"><div class=\"uagb-container-inner-blocks-wrap\">\n<figure class=\"wp-block-image size-large is-resized\"><img loading=\"lazy\" decoding=\"async\" width=\"1024\" height=\"768\" src=\"https:\/\/www.xinhaowelding.com\/wp-content\/uploads\/2024\/12\/\u89e3\u6790-3-1024x768.png\" alt=\"\" class=\"wp-image-4389\" style=\"width:1200px;height:auto\" srcset=\"https:\/\/www.xinhaowelding.com\/wp-content\/uploads\/2024\/12\/\u89e3\u6790-3-1024x768.png 1024w, https:\/\/www.xinhaowelding.com\/wp-content\/uploads\/2024\/12\/\u89e3\u6790-3-300x225.png 300w, https:\/\/www.xinhaowelding.com\/wp-content\/uploads\/2024\/12\/\u89e3\u6790-3-768x576.png 768w, https:\/\/www.xinhaowelding.com\/wp-content\/uploads\/2024\/12\/\u89e3\u6790-3-1536x1152.png 1536w, https:\/\/www.xinhaowelding.com\/wp-content\/uploads\/2024\/12\/\u89e3\u6790-3-2048x1536.png 2048w, https:\/\/www.xinhaowelding.com\/wp-content\/uploads\/2024\/12\/\u89e3\u6790-3-16x12.png 16w, https:\/\/www.xinhaowelding.com\/wp-content\/uploads\/2024\/12\/\u89e3\u6790-3-600x450.png 600w\" sizes=\"(max-width: 1024px) 100vw, 1024px\" \/><\/figure>\n<\/div><\/div>\n\n\n\n<h2 class=\"wp-block-heading has-large-font-size\">\u73b0\u573a\u5b9e\u62cd<\/h2>\n\n\n\n<h2 class=\"wp-block-heading has-large-font-size\">Filmagem em direto<\/h2>\n\n\n\n<p><\/p>\n\n\n\n<div class=\"wp-block-uagb-container uagb-block-9117cdbd alignfull uagb-is-root-container\"><div class=\"uagb-container-inner-blocks-wrap\">\n<div class=\"wp-block-uagb-container uagb-block-a9f27640\">\n<figure class=\"wp-block-image size-full\"><img loading=\"lazy\" decoding=\"async\" width=\"750\" height=\"1000\" src=\"https:\/\/www.xinhaowelding.com\/wp-content\/uploads\/2024\/12\/\u5c55\u793a4.jpg\" alt=\"\" class=\"wp-image-4397\" srcset=\"https:\/\/www.xinhaowelding.com\/wp-content\/uploads\/2024\/12\/\u5c55\u793a4.jpg 750w, https:\/\/www.xinhaowelding.com\/wp-content\/uploads\/2024\/12\/\u5c55\u793a4-225x300.jpg 225w, https:\/\/www.xinhaowelding.com\/wp-content\/uploads\/2024\/12\/\u5c55\u793a4-9x12.jpg 9w, https:\/\/www.xinhaowelding.com\/wp-content\/uploads\/2024\/12\/\u5c55\u793a4-600x800.jpg 600w\" sizes=\"(max-width: 750px) 100vw, 750px\" \/><\/figure>\n<\/div>\n\n\n\n<div class=\"wp-block-uagb-container uagb-block-0286623a\">\n<figure class=\"wp-block-image size-full\"><img loading=\"lazy\" decoding=\"async\" width=\"750\" height=\"1000\" src=\"https:\/\/www.xinhaowelding.com\/wp-content\/uploads\/2024\/12\/\u5c55\u793a2-2.jpg\" alt=\"\" class=\"wp-image-4395\" srcset=\"https:\/\/www.xinhaowelding.com\/wp-content\/uploads\/2024\/12\/\u5c55\u793a2-2.jpg 750w, https:\/\/www.xinhaowelding.com\/wp-content\/uploads\/2024\/12\/\u5c55\u793a2-2-225x300.jpg 225w, https:\/\/www.xinhaowelding.com\/wp-content\/uploads\/2024\/12\/\u5c55\u793a2-2-9x12.jpg 9w, https:\/\/www.xinhaowelding.com\/wp-content\/uploads\/2024\/12\/\u5c55\u793a2-2-600x800.jpg 600w\" sizes=\"(max-width: 750px) 100vw, 750px\" \/><\/figure>\n<\/div>\n<\/div><\/div>\n\n\n\n<p><a href=\"http:\/\/www.google.com\" title=\"www.google.com\">www.google.com<\/a><\/p>","protected":false},"excerpt":{"rendered":"<p><strong>Rotador de soldadura CO2 para tubos e reservat\u00f3rios - os rolos de auto-alinhamento garantem uma rota\u00e7\u00e3o suave com soldadura MIG\/MAG, ideal para um fabrico de elevada efici\u00eancia.<\/strong><\/p>","protected":false},"featured_media":4398,"comment_status":"open","ping_status":"closed","template":"","meta":{"om_disable_all_campaigns":false,"_uag_custom_page_level_css":"","_monsterinsights_skip_tracking":false,"_monsterinsights_sitenote_active":false,"_monsterinsights_sitenote_note":"","_monsterinsights_sitenote_category":0,"site-sidebar-layout":"default","site-content-layout":"","ast-site-content-layout":"default","site-content-style":"default","site-sidebar-style":"default","ast-global-header-display":"","ast-banner-title-visibility":"","ast-main-header-display":"","ast-hfb-above-header-display":"","ast-hfb-below-header-display":"","ast-hfb-mobile-header-display":"","site-post-title":"","ast-breadcrumbs-content":"","ast-featured-img":"","footer-sml-layout":"","theme-transparent-header-meta":"","adv-header-id-meta":"","stick-header-meta":"","header-above-stick-meta":"","header-main-stick-meta":"","header-below-stick-meta":"","astra-migrate-meta-layouts":"set","ast-page-background-enabled":"default","ast-page-background-meta":{"desktop":{"background-color":"","background-image":"","background-repeat":"repeat","background-position":"center center","background-size":"auto","background-attachment":"scroll","background-type":"","background-media":"","overlay-type":"","overlay-color":"","overlay-opacity":"","overlay-gradient":""},"tablet":{"background-color":"","background-image":"","background-repeat":"repeat","background-position":"center center","background-size":"auto","background-attachment":"scroll","background-type":"","background-media":"","overlay-type":"","overlay-color":"","overlay-opacity":"","overlay-gradient":""},"mobile":{"background-color":"","background-image":"","background-repeat":"repeat","background-position":"center center","background-size":"auto","background-attachment":"scroll","background-type":"","background-media":"","overlay-type":"","overlay-color":"","overlay-opacity":"","overlay-gradient":""}},"ast-content-background-meta":{"desktop":{"background-color":"var(--ast-global-color-5)","background-image":"","background-repeat":"repeat","background-position":"center center","background-size":"auto","background-attachment":"scroll","background-type":"","background-media":"","overlay-type":"","overlay-color":"","overlay-opacity":"","overlay-gradient":""},"tablet":{"background-color":"var(--ast-global-color-5)","background-image":"","background-repeat":"repeat","background-position":"center center","background-size":"auto","background-attachment":"scroll","background-type":"","background-media":"","overlay-type":"","overlay-color":"","overlay-opacity":"","overlay-gradient":""},"mobile":{"background-color":"var(--ast-global-color-5)","background-image":"","background-repeat":"repeat","background-position":"center center","background-size":"auto","background-attachment":"scroll","background-type":"","background-media":"","overlay-type":"","overlay-color":"","overlay-opacity":"","overlay-gradient":""}}},"product_brand":[],"product_cat":[57,69],"product_tag":[],"class_list":{"0":"post-4388","1":"product","2":"type-product","3":"status-publish","4":"has-post-thumbnail","6":"product_cat-automatic-welding-equipment","7":"product_cat-co2-automatic-welding","8":"desktop-align-left","9":"tablet-align-left","10":"mobile-align-left","12":"first","13":"instock","14":"shipping-taxable","15":"product-type-simple"},"aioseo_notices":[],"uagb_featured_image_src":{"full":["https:\/\/www.xinhaowelding.com\/wp-content\/uploads\/2024\/12\/1-12.jpg",800,800,false],"thumbnail":["https:\/\/www.xinhaowelding.com\/wp-content\/uploads\/2024\/12\/1-12-150x150.jpg",150,150,true],"medium":["https:\/\/www.xinhaowelding.com\/wp-content\/uploads\/2024\/12\/1-12-300x300.jpg",300,300,true],"medium_large":["https:\/\/www.xinhaowelding.com\/wp-content\/uploads\/2024\/12\/1-12-768x768.jpg",768,768,true],"large":["https:\/\/www.xinhaowelding.com\/wp-content\/uploads\/2024\/12\/1-12.jpg",800,800,false],"1536x1536":["https:\/\/www.xinhaowelding.com\/wp-content\/uploads\/2024\/12\/1-12.jpg",800,800,false],"2048x2048":["https:\/\/www.xinhaowelding.com\/wp-content\/uploads\/2024\/12\/1-12.jpg",800,800,false],"trp-custom-language-flag":["https:\/\/www.xinhaowelding.com\/wp-content\/uploads\/2024\/12\/1-12-12x12.jpg",12,12,true],"woocommerce_thumbnail":["https:\/\/www.xinhaowelding.com\/wp-content\/uploads\/2024\/12\/1-12-600x600.jpg",600,600,true],"woocommerce_single":["https:\/\/www.xinhaowelding.com\/wp-content\/uploads\/2024\/12\/1-12-600x600.jpg",600,600,true],"woocommerce_gallery_thumbnail":["https:\/\/www.xinhaowelding.com\/wp-content\/uploads\/2024\/12\/1-12-100x100.jpg",100,100,true]},"uagb_author_info":{"display_name":"jinxing6611@gmail.com","author_link":"https:\/\/www.xinhaowelding.com\/pt\/author\/"},"uagb_comment_info":0,"uagb_excerpt":"CO2 welding rotator for pipes &amp; tanks \u2013 self-aligning rollers ensure smooth rotation with MIG\/MAG welding, ideal for high-efficiency fabrication.","_links":{"self":[{"href":"https:\/\/www.xinhaowelding.com\/pt\/wp-json\/wp\/v2\/product\/4388","targetHints":{"allow":["GET"]}}],"collection":[{"href":"https:\/\/www.xinhaowelding.com\/pt\/wp-json\/wp\/v2\/product"}],"about":[{"href":"https:\/\/www.xinhaowelding.com\/pt\/wp-json\/wp\/v2\/types\/product"}],"replies":[{"embeddable":true,"href":"https:\/\/www.xinhaowelding.com\/pt\/wp-json\/wp\/v2\/comments?post=4388"}],"wp:featuredmedia":[{"embeddable":true,"href":"https:\/\/www.xinhaowelding.com\/pt\/wp-json\/wp\/v2\/media\/4398"}],"wp:attachment":[{"href":"https:\/\/www.xinhaowelding.com\/pt\/wp-json\/wp\/v2\/media?parent=4388"}],"wp:term":[{"taxonomy":"product_brand","embeddable":true,"href":"https:\/\/www.xinhaowelding.com\/pt\/wp-json\/wp\/v2\/product_brand?post=4388"},{"taxonomy":"product_cat","embeddable":true,"href":"https:\/\/www.xinhaowelding.com\/pt\/wp-json\/wp\/v2\/product_cat?post=4388"},{"taxonomy":"product_tag","embeddable":true,"href":"https:\/\/www.xinhaowelding.com\/pt\/wp-json\/wp\/v2\/product_tag?post=4388"}],"curies":[{"name":"wp","href":"https:\/\/api.w.org\/{rel}","templated":true}]}}