{"id":4427,"date":"2024-12-21T05:37:18","date_gmt":"2024-12-21T05:37:18","guid":{"rendered":"https:\/\/www.xinhaowelding.com\/?post_type=product&#038;p=4427"},"modified":"2025-04-03T00:34:49","modified_gmt":"2025-04-03T00:34:49","slug":"submerged-arc-welding-manipulator","status":"publish","type":"product","link":"https:\/\/www.xinhaowelding.com\/pt\/produto\/submerged-arc-welding-manipulator\/","title":{"rendered":"M\u00e1quinas de soldadura por arco submerso | Operadores de SAW automatizados"},"content":{"rendered":"<h2 class=\"wp-block-heading\"><strong><a href=\"https:\/\/www.xinhaowelding.com\/pt\/produto\/submerged-arc-welding-manipulator\/\" title=\"\u57cb\u5f27\u710a\u63a5\u64cd\u4f5c\u673a\">\u57cb\u5f27\u710a\u63a5\u64cd\u4f5c\u673a<\/a><\/strong><\/h2>\n\n\n\n<h2 class=\"wp-block-heading\">Manipulador de soldadura por arco submerso<\/h2>\n\n\n\n<p>\u00c9 composto principalmente de viga, corrente de reboque, sistema de eleva\u00e7\u00e3o, coluna, trilho de guia, cabe\u00e7a e placa de reboque, operador manual, etc.<\/p>\n\n\n\n<p>A cabe\u00e7a da m\u00e1quina \u00e9 instalada em uma extremidade da viga, a viga pode ser levantada para cima e para baixo e telesc\u00f3pica ao redor, e a coluna pode ser instalada no carro da plataforma atrav\u00e9s da plataforma girat\u00f3ria. A velocidade de expans\u00e3o do feixe \u00e9 est\u00e1vel sem rastejar, e a deflex\u00e3o para baixo ap\u00f3s a extens\u00e3o \u00e9 pequena.<\/p>\n\n\n\n<p>Corrente: A eleva\u00e7\u00e3o da viga \u00e9 efectuada puxando a corrente. O equipamento utiliza corrente de alta qualidade com elevada capacidade de carga.<\/p>\n\n\n\n<p>Garra de seguran\u00e7a: Em caso de emerg\u00eancia, se a corrente quebrar repentinamente. A garra de seguran\u00e7a pode ser rapidamente virada para cima e fixada no orif\u00edcio quadrado da coluna para evitar que a viga continue a cair e desempenhar um papel na melhoria da seguran\u00e7a.<\/p>\n\n\n\n<p>Ampla gama de aplica\u00e7\u00f5es, pode ser adequado para soldagem de duas prote\u00e7\u00f5es \/ soldagem a arco de arg\u00f4nio \/ soldagem a arco submerso e outros m\u00e9todos de soldagem.<\/p>\n\n\n\n<figure class=\"wp-block-table\"><table><tbody><tr><td rowspan=\"2\"><\/td><td rowspan=\"2\"><strong>N\u00famero do modelo<\/strong><strong><\/strong><\/td><td rowspan=\"2\"><strong>Velocidade de expans\u00e3o do feixe<\/strong><strong><\/strong><\/td><td rowspan=\"2\"><strong>Dimens\u00e3o do feixe<\/strong><strong><\/strong><\/td><td rowspan=\"2\"><strong>Dimens\u00e3o da sec\u00e7\u00e3o do pilar<\/strong><strong><\/strong><\/td><td colspan=\"3\"><strong>Dimens\u00f5es gerais<\/strong><strong>:m<\/strong><strong>\/peso<\/strong><strong>:kg<\/strong><strong><\/strong><\/td><\/tr><tr><td><strong>fixo<\/strong><strong><\/strong><\/td><td><strong>Rotativo (manual\/el\u00e9trico)<\/strong><strong><\/strong><\/td><td><strong>Tipo de carrinho de passeio<\/strong><strong><\/strong><\/td><\/tr><tr><td rowspan=\"2\">minit\u00edpo<\/td><td>ZDH-1,5*1,5<\/td><td>140-1400mm\/min<\/td><td>150*100*6mm<\/td><td>200*150*6mm<\/td><td>2,3*0,4*2,8(200kg)<\/td><td>2,3*0,6*2,9(300kg)<\/td><td>Menos utiliza\u00e7\u00e3o<\/td><\/tr><tr><td>ZDH-2*2<\/td><td>140-1400mm\/min<\/td><td>150*100*6mm<\/td><td>200*150*6mm<\/td><td>2,8*0,4*3,3(250kg)<\/td><td>2,8*0,6*3,4(350kg)<\/td><td>Menos utiliza\u00e7\u00e3o<\/td><\/tr><tr><td rowspan=\"3\">ligeiro<\/td><td>ZDH-2*2<\/td><td>140-1400mm\/min<\/td><td>250*100*6mm<\/td><td>400*300*6mm<\/td><td>4*0,6*4(1500kg)<\/td><td>4*1. 3*4.2 (1700kg)<\/td><td>4*2,5*4,6(2500kg)<\/td><\/tr><tr><td>ZDH-3*3<\/td><td>140-1400mm\/min<\/td><td>250*100*6mm<\/td><td>400*300*6mm<\/td><td>5*0,6*5(1700kg)<\/td><td>5*1,3*5,2(1900kg)<\/td><td>5*2,5*5,6(2700kg)<\/td><\/tr><tr><td>ZDH-4*4<\/td><td>140-1400mm\/min<\/td><td>250*100*6mm<\/td><td>400*300*6mm<\/td><td>6*0,6*6(2000kg)<\/td><td>6*1,3*6,2(2200kg)<\/td><td>6*2,5*6,6(3000kg)<\/td><\/tr><tr><td rowspan=\"4\">Tipo pesado<\/td><td>ZDH-4*4<\/td><td>140-1400mm\/min<\/td><td>300*200*6mm<\/td><td>500*300*6mm<\/td><td>6,2*0,7*6,2(3200kg)<\/td><td>6,2*1,3*6,4(3400kg)<\/td><td>6,2*2,5*6,8(4400kg)<\/td><\/tr><tr><td>ZDH-5*5<\/td><td>140-1400mm\/min<\/td><td>300*200*6mm<\/td><td>500*300*6mm<\/td><td>7,2*0,7*7,2(3500kg)<\/td><td>7.2*1. 3*7,4(3700kg)<\/td><td>7,2*2,5*7,8(4700kg)<\/td><\/tr><tr><td>ZDH-6*6<\/td><td>140-1400mm\/min<\/td><td>300*200*6mm<\/td><td>500*300*6mm<\/td><td>8,2*0,7*8,2(3800kg)<\/td><td>8,2*1,3*8,4(4000kg)<\/td><td>8,2*2,5*8,8(5000kg)<\/td><\/tr><tr><td>ZDH-7*7<\/td><td>140-1400mm\/min<\/td><td>300*200*6mm<\/td><td>500*300*6mm<\/td><td>9,2*0,7*9,2(4100kg)<\/td><td>9,2*1,3*9,4(4300kg)<\/td><td>9,2*2,5*9 8(5300kg)<\/td><\/tr><\/tbody><\/table><\/figure>\n\n\n\n<div class=\"wp-block-uagb-container uagb-block-e336b08c alignfull uagb-is-root-container\"><div class=\"uagb-container-inner-blocks-wrap\">\n<div class=\"wp-block-uagb-container uagb-block-5f13290c\">\n<figure class=\"wp-block-image size-large\"><img fetchpriority=\"high\" decoding=\"async\" width=\"768\" height=\"1024\" src=\"https:\/\/www.xinhaowelding.com\/wp-content\/uploads\/2024\/12\/IMG_0611-768x1024.png\" alt=\"\" class=\"wp-image-4435\" srcset=\"https:\/\/www.xinhaowelding.com\/wp-content\/uploads\/2024\/12\/IMG_0611-768x1024.png 768w, https:\/\/www.xinhaowelding.com\/wp-content\/uploads\/2024\/12\/IMG_0611-225x300.png 225w, https:\/\/www.xinhaowelding.com\/wp-content\/uploads\/2024\/12\/IMG_0611-1152x1536.png 1152w, https:\/\/www.xinhaowelding.com\/wp-content\/uploads\/2024\/12\/IMG_0611-1536x2048.png 1536w, https:\/\/www.xinhaowelding.com\/wp-content\/uploads\/2024\/12\/IMG_0611-9x12.png 9w, https:\/\/www.xinhaowelding.com\/wp-content\/uploads\/2024\/12\/IMG_0611-600x800.png 600w\" sizes=\"(max-width: 768px) 100vw, 768px\" \/><\/figure>\n<\/div>\n\n\n\n<div class=\"wp-block-uagb-container uagb-block-bd77749d\">\n<figure class=\"wp-block-image size-large\"><img decoding=\"async\" width=\"768\" height=\"1024\" src=\"https:\/\/www.xinhaowelding.com\/wp-content\/uploads\/2024\/12\/IMG_0612-768x1024.png\" alt=\"\" class=\"wp-image-4436\" srcset=\"https:\/\/www.xinhaowelding.com\/wp-content\/uploads\/2024\/12\/IMG_0612-768x1024.png 768w, https:\/\/www.xinhaowelding.com\/wp-content\/uploads\/2024\/12\/IMG_0612-225x300.png 225w, https:\/\/www.xinhaowelding.com\/wp-content\/uploads\/2024\/12\/IMG_0612-1152x1536.png 1152w, https:\/\/www.xinhaowelding.com\/wp-content\/uploads\/2024\/12\/IMG_0612-1536x2048.png 1536w, https:\/\/www.xinhaowelding.com\/wp-content\/uploads\/2024\/12\/IMG_0612-9x12.png 9w, https:\/\/www.xinhaowelding.com\/wp-content\/uploads\/2024\/12\/IMG_0612-600x800.png 600w\" sizes=\"(max-width: 768px) 100vw, 768px\" \/><\/figure>\n<\/div>\n<\/div><\/div>\n\n\n\n<h2 class=\"wp-block-heading has-large-font-size\"><strong>\u4ea7\u54c1\u7ec6\u8282<\/strong><\/h2>\n\n\n\n<h2 class=\"wp-block-heading has-large-font-size\"><strong>Detalhes do produto<\/strong><strong><\/strong><\/h2>\n\n\n\n<div class=\"wp-block-uagb-container uagb-block-d4432a7c alignfull uagb-is-root-container\"><div class=\"uagb-container-inner-blocks-wrap\">\n<div class=\"wp-block-uagb-container uagb-block-d7b0c61a\">\n<figure class=\"wp-block-image size-large\"><img decoding=\"async\" width=\"1024\" height=\"768\" src=\"https:\/\/www.xinhaowelding.com\/wp-content\/uploads\/2024\/11\/\u7ec6\u82821-5-1024x768.jpg\" alt=\"\" class=\"wp-image-3917\" srcset=\"https:\/\/www.xinhaowelding.com\/wp-content\/uploads\/2024\/11\/\u7ec6\u82821-5-1024x768.jpg 1024w, https:\/\/www.xinhaowelding.com\/wp-content\/uploads\/2024\/11\/\u7ec6\u82821-5-300x225.jpg 300w, https:\/\/www.xinhaowelding.com\/wp-content\/uploads\/2024\/11\/\u7ec6\u82821-5-768x576.jpg 768w, https:\/\/www.xinhaowelding.com\/wp-content\/uploads\/2024\/11\/\u7ec6\u82821-5-1536x1152.jpg 1536w, https:\/\/www.xinhaowelding.com\/wp-content\/uploads\/2024\/11\/\u7ec6\u82821-5-16x12.jpg 16w, https:\/\/www.xinhaowelding.com\/wp-content\/uploads\/2024\/11\/\u7ec6\u82821-5-600x450.jpg 600w, https:\/\/www.xinhaowelding.com\/wp-content\/uploads\/2024\/11\/\u7ec6\u82821-5.jpg 1600w\" sizes=\"(max-width: 1024px) 100vw, 1024px\" \/><\/figure>\n<\/div>\n\n\n\n<div class=\"wp-block-uagb-container uagb-block-561ccc9c\">\n<p class=\"has-large-font-size\"><strong>Qualidade Seiko<\/strong><\/p>\n\n\n\n<div class=\"wp-block-group is-layout-constrained wp-block-group-is-layout-constrained\">\n<p>O equipamento \u00e9 constitu\u00eddo principalmente por montantes<\/p>\n\n\n\n<p>Bra\u00e7o transversal, dispositivo de guia<\/p>\n\n\n\n<p>O mecanismo de eleva\u00e7\u00e3o \u00e9 composto por<\/p>\n<\/div>\n<\/div>\n<\/div><\/div>\n\n\n\n<div class=\"wp-block-uagb-container uagb-block-f780644b alignfull uagb-is-root-container\"><div class=\"uagb-container-inner-blocks-wrap\">\n<div class=\"wp-block-uagb-container uagb-block-2aeb67d6\">\n<figure class=\"wp-block-image size-large\"><img loading=\"lazy\" decoding=\"async\" width=\"1024\" height=\"768\" src=\"https:\/\/www.xinhaowelding.com\/wp-content\/uploads\/2024\/11\/\u7ec6\u82822-6-1024x768.jpg\" alt=\"\" class=\"wp-image-3918\" srcset=\"https:\/\/www.xinhaowelding.com\/wp-content\/uploads\/2024\/11\/\u7ec6\u82822-6-1024x768.jpg 1024w, https:\/\/www.xinhaowelding.com\/wp-content\/uploads\/2024\/11\/\u7ec6\u82822-6-300x225.jpg 300w, https:\/\/www.xinhaowelding.com\/wp-content\/uploads\/2024\/11\/\u7ec6\u82822-6-768x576.jpg 768w, https:\/\/www.xinhaowelding.com\/wp-content\/uploads\/2024\/11\/\u7ec6\u82822-6-1536x1152.jpg 1536w, https:\/\/www.xinhaowelding.com\/wp-content\/uploads\/2024\/11\/\u7ec6\u82822-6-16x12.jpg 16w, https:\/\/www.xinhaowelding.com\/wp-content\/uploads\/2024\/11\/\u7ec6\u82822-6-600x450.jpg 600w, https:\/\/www.xinhaowelding.com\/wp-content\/uploads\/2024\/11\/\u7ec6\u82822-6.jpg 1600w\" sizes=\"(max-width: 1024px) 100vw, 1024px\" \/><\/figure>\n<\/div>\n\n\n\n<div class=\"wp-block-uagb-container uagb-block-323f1462\">\n<p class=\"has-large-font-size\"><strong><strong>Ajustamento multidimensional<\/strong><\/strong><\/p>\n\n\n\n<div class=\"wp-block-group is-layout-constrained wp-block-group-is-layout-constrained\">\n<p>Permite o ajuste da tocha de soldadura nas direc\u00e7\u00f5es de cima para baixo, esquerda para a direita e frente para tr\u00e1s<\/p>\n<\/div>\n<\/div>\n<\/div><\/div>\n\n\n\n<div class=\"wp-block-uagb-container uagb-block-06eed615 alignfull uagb-is-root-container\"><div class=\"uagb-container-inner-blocks-wrap\">\n<div class=\"wp-block-uagb-container uagb-block-d7ee8dc7\">\n<figure class=\"wp-block-image size-large\"><img loading=\"lazy\" decoding=\"async\" width=\"1024\" height=\"768\" src=\"https:\/\/www.xinhaowelding.com\/wp-content\/uploads\/2024\/11\/\u7ec6\u82823-5-1024x768.jpg\" alt=\"\" class=\"wp-image-3919\" srcset=\"https:\/\/www.xinhaowelding.com\/wp-content\/uploads\/2024\/11\/\u7ec6\u82823-5-1024x768.jpg 1024w, https:\/\/www.xinhaowelding.com\/wp-content\/uploads\/2024\/11\/\u7ec6\u82823-5-300x225.jpg 300w, https:\/\/www.xinhaowelding.com\/wp-content\/uploads\/2024\/11\/\u7ec6\u82823-5-768x576.jpg 768w, https:\/\/www.xinhaowelding.com\/wp-content\/uploads\/2024\/11\/\u7ec6\u82823-5-1536x1152.jpg 1536w, https:\/\/www.xinhaowelding.com\/wp-content\/uploads\/2024\/11\/\u7ec6\u82823-5-16x12.jpg 16w, https:\/\/www.xinhaowelding.com\/wp-content\/uploads\/2024\/11\/\u7ec6\u82823-5-600x450.jpg 600w, https:\/\/www.xinhaowelding.com\/wp-content\/uploads\/2024\/11\/\u7ec6\u82823-5.jpg 1600w\" sizes=\"(max-width: 1024px) 100vw, 1024px\" \/><\/figure>\n<\/div>\n\n\n\n<div class=\"wp-block-uagb-container uagb-block-deae9e10\">\n<p class=\"has-large-font-size\"><strong><strong><strong>Funcionamento est\u00e1vel<\/strong><\/strong><\/strong><\/p>\n\n\n\n<div class=\"wp-block-group is-layout-constrained wp-block-group-is-layout-constrained\">\n<p>O bra\u00e7o transversal tamb\u00e9m tem a forma de um tubo retangular<\/p>\n\n\n\n<p>Estrutura retangular de carril de guia duplo<\/p>\n\n\n\n<p>Pode assegurar a calha de guia ap\u00f3s a maquinagem<\/p>\n\n\n\n<p>Retid\u00e3o e estabilidade do funcionamento do equipamento<\/p>\n<\/div>\n<\/div>\n<\/div><\/div>\n\n\n\n<div class=\"wp-block-uagb-container uagb-block-4e884e41 alignfull uagb-is-root-container\"><div class=\"uagb-container-inner-blocks-wrap\">\n<div class=\"wp-block-uagb-container uagb-block-b828165b\">\n<figure class=\"wp-block-image size-large\"><img loading=\"lazy\" decoding=\"async\" width=\"1024\" height=\"768\" src=\"https:\/\/www.xinhaowelding.com\/wp-content\/uploads\/2024\/11\/\u7ec6\u82824-5-1024x768.jpg\" alt=\"\" class=\"wp-image-3920\" srcset=\"https:\/\/www.xinhaowelding.com\/wp-content\/uploads\/2024\/11\/\u7ec6\u82824-5-1024x768.jpg 1024w, https:\/\/www.xinhaowelding.com\/wp-content\/uploads\/2024\/11\/\u7ec6\u82824-5-300x225.jpg 300w, https:\/\/www.xinhaowelding.com\/wp-content\/uploads\/2024\/11\/\u7ec6\u82824-5-768x576.jpg 768w, https:\/\/www.xinhaowelding.com\/wp-content\/uploads\/2024\/11\/\u7ec6\u82824-5-1536x1152.jpg 1536w, https:\/\/www.xinhaowelding.com\/wp-content\/uploads\/2024\/11\/\u7ec6\u82824-5-16x12.jpg 16w, https:\/\/www.xinhaowelding.com\/wp-content\/uploads\/2024\/11\/\u7ec6\u82824-5-600x450.jpg 600w, https:\/\/www.xinhaowelding.com\/wp-content\/uploads\/2024\/11\/\u7ec6\u82824-5.jpg 1600w\" sizes=\"(max-width: 1024px) 100vw, 1024px\" \/><\/figure>\n<\/div>\n\n\n\n<div class=\"wp-block-uagb-container uagb-block-30eeac05\">\n<p class=\"has-large-font-size\"><strong><strong><strong><strong>Excelente desempenho<\/strong><\/strong><\/strong><\/strong><\/p>\n\n\n\n<div class=\"wp-block-group is-layout-constrained wp-block-group-is-layout-constrained\">\n<p>Est\u00e3o dispon\u00edveis v\u00e1rias especifica\u00e7\u00f5es<\/p>\n\n\n\n<p>A estrutura entre o bra\u00e7o transversal e a viga e o pilar \u00e9 forte<\/p>\n\n\n\n<p>Necess\u00e1rio para garantir uma soldadura precisa<\/p>\n\n\n\n<p>Apoio e estabilidade precisos<\/p>\n<\/div>\n<\/div>\n<\/div><\/div>\n\n\n\n<h2 class=\"wp-block-heading has-large-font-size\"><strong>\u4ea7\u54c1\u89e3\u6790<\/strong><\/h2>\n\n\n\n<h2 class=\"wp-block-heading has-large-font-size\"><strong>An\u00e1lise do produto<\/strong><\/h2>\n\n\n\n<div class=\"wp-block-uagb-container uagb-block-38bc0b7c alignfull uagb-is-root-container\"><div class=\"uagb-container-inner-blocks-wrap\">\n<figure class=\"wp-block-image size-full\"><img loading=\"lazy\" decoding=\"async\" width=\"1006\" height=\"820\" src=\"https:\/\/www.xinhaowelding.com\/wp-content\/uploads\/2024\/11\/\u91cd\u578b\u710a\u63a5\u64cd\u4f5c\u673a\u89e3\u6790.png\" alt=\"\" class=\"wp-image-3921\" srcset=\"https:\/\/www.xinhaowelding.com\/wp-content\/uploads\/2024\/11\/\u91cd\u578b\u710a\u63a5\u64cd\u4f5c\u673a\u89e3\u6790.png 1006w, https:\/\/www.xinhaowelding.com\/wp-content\/uploads\/2024\/11\/\u91cd\u578b\u710a\u63a5\u64cd\u4f5c\u673a\u89e3\u6790-300x245.png 300w, https:\/\/www.xinhaowelding.com\/wp-content\/uploads\/2024\/11\/\u91cd\u578b\u710a\u63a5\u64cd\u4f5c\u673a\u89e3\u6790-768x626.png 768w, https:\/\/www.xinhaowelding.com\/wp-content\/uploads\/2024\/11\/\u91cd\u578b\u710a\u63a5\u64cd\u4f5c\u673a\u89e3\u6790-15x12.png 15w, https:\/\/www.xinhaowelding.com\/wp-content\/uploads\/2024\/11\/\u91cd\u578b\u710a\u63a5\u64cd\u4f5c\u673a\u89e3\u6790-600x489.png 600w\" sizes=\"(max-width: 1006px) 100vw, 1006px\" \/><\/figure>\n<\/div><\/div>\n\n\n\n<p><a href=\"http:\/\/www.google.com\" title=\"www.google.com\">www.google.com<\/a><\/p>","protected":false},"excerpt":{"rendered":"<p>Descubra as m\u00e1quinas de soldadura por arco submerso (SAW) de qualidade superior para uma soldadura eficiente e de alta precis\u00e3o. Aumente a produtividade com solu\u00e7\u00f5es SAW automatizadas.<\/p>","protected":false},"featured_media":4428,"comment_status":"open","ping_status":"closed","template":"","meta":{"om_disable_all_campaigns":false,"_uag_custom_page_level_css":"","_monsterinsights_skip_tracking":false,"_monsterinsights_sitenote_active":false,"_monsterinsights_sitenote_note":"","_monsterinsights_sitenote_category":0,"site-sidebar-layout":"default","site-content-layout":"","ast-site-content-layout":"default","site-content-style":"default","site-sidebar-style":"default","ast-global-header-display":"","ast-banner-title-visibility":"","ast-main-header-display":"","ast-hfb-above-header-display":"","ast-hfb-below-header-display":"","ast-hfb-mobile-header-display":"","site-post-title":"","ast-breadcrumbs-content":"","ast-featured-img":"","footer-sml-layout":"","theme-transparent-header-meta":"default","adv-header-id-meta":"","stick-header-meta":"","header-above-stick-meta":"","header-main-stick-meta":"","header-below-stick-meta":"","astra-migrate-meta-layouts":"set","ast-page-background-enabled":"default","ast-page-background-meta":{"desktop":{"background-color":"","background-image":"","background-repeat":"repeat","background-position":"center center","background-size":"auto","background-attachment":"scroll","background-type":"","background-media":"","overlay-type":"","overlay-color":"","overlay-opacity":"","overlay-gradient":""},"tablet":{"background-color":"","background-image":"","background-repeat":"repeat","background-position":"center center","background-size":"auto","background-attachment":"scroll","background-type":"","background-media":"","overlay-type":"","overlay-color":"","overlay-opacity":"","overlay-gradient":""},"mobile":{"background-color":"","background-image":"","background-repeat":"repeat","background-position":"center center","background-size":"auto","background-attachment":"scroll","background-type":"","background-media":"","overlay-type":"","overlay-color":"","overlay-opacity":"","overlay-gradient":""}},"ast-content-background-meta":{"desktop":{"background-color":"var(--ast-global-color-5)","background-image":"","background-repeat":"repeat","background-position":"center center","background-size":"auto","background-attachment":"scroll","background-type":"","background-media":"","overlay-type":"","overlay-color":"","overlay-opacity":"","overlay-gradient":""},"tablet":{"background-color":"var(--ast-global-color-5)","background-image":"","background-repeat":"repeat","background-position":"center center","background-size":"auto","background-attachment":"scroll","background-type":"","background-media":"","overlay-type":"","overlay-color":"","overlay-opacity":"","overlay-gradient":""},"mobile":{"background-color":"var(--ast-global-color-5)","background-image":"","background-repeat":"repeat","background-position":"center center","background-size":"auto","background-attachment":"scroll","background-type":"","background-media":"","overlay-type":"","overlay-color":"","overlay-opacity":"","overlay-gradient":""}}},"product_brand":[],"product_cat":[78,60],"product_tag":[],"class_list":{"0":"post-4427","1":"product","2":"type-product","3":"status-publish","4":"has-post-thumbnail","6":"product_cat-submerged-arc-welding-operator","7":"product_cat-welding-manipulator","8":"desktop-align-left","9":"tablet-align-left","10":"mobile-align-left","12":"first","13":"instock","14":"shipping-taxable","15":"product-type-simple"},"aioseo_notices":[],"uagb_featured_image_src":{"full":["https:\/\/www.xinhaowelding.com\/wp-content\/uploads\/2024\/12\/1-14.jpg",800,800,false],"thumbnail":["https:\/\/www.xinhaowelding.com\/wp-content\/uploads\/2024\/12\/1-14-150x150.jpg",150,150,true],"medium":["https:\/\/www.xinhaowelding.com\/wp-content\/uploads\/2024\/12\/1-14-300x300.jpg",300,300,true],"medium_large":["https:\/\/www.xinhaowelding.com\/wp-content\/uploads\/2024\/12\/1-14-768x768.jpg",768,768,true],"large":["https:\/\/www.xinhaowelding.com\/wp-content\/uploads\/2024\/12\/1-14.jpg",800,800,false],"1536x1536":["https:\/\/www.xinhaowelding.com\/wp-content\/uploads\/2024\/12\/1-14.jpg",800,800,false],"2048x2048":["https:\/\/www.xinhaowelding.com\/wp-content\/uploads\/2024\/12\/1-14.jpg",800,800,false],"trp-custom-language-flag":["https:\/\/www.xinhaowelding.com\/wp-content\/uploads\/2024\/12\/1-14-12x12.jpg",12,12,true],"woocommerce_thumbnail":["https:\/\/www.xinhaowelding.com\/wp-content\/uploads\/2024\/12\/1-14-600x600.jpg",600,600,true],"woocommerce_single":["https:\/\/www.xinhaowelding.com\/wp-content\/uploads\/2024\/12\/1-14-600x600.jpg",600,600,true],"woocommerce_gallery_thumbnail":["https:\/\/www.xinhaowelding.com\/wp-content\/uploads\/2024\/12\/1-14-100x100.jpg",100,100,true]},"uagb_author_info":{"display_name":"jinxing6611@gmail.com","author_link":"https:\/\/www.xinhaowelding.com\/pt\/author\/"},"uagb_comment_info":0,"uagb_excerpt":"Discover top-quality submerged arc welding (SAW) operator machines for efficient, high-precision welding. Boost productivity with automated SAW solutions.","_links":{"self":[{"href":"https:\/\/www.xinhaowelding.com\/pt\/wp-json\/wp\/v2\/product\/4427","targetHints":{"allow":["GET"]}}],"collection":[{"href":"https:\/\/www.xinhaowelding.com\/pt\/wp-json\/wp\/v2\/product"}],"about":[{"href":"https:\/\/www.xinhaowelding.com\/pt\/wp-json\/wp\/v2\/types\/product"}],"replies":[{"embeddable":true,"href":"https:\/\/www.xinhaowelding.com\/pt\/wp-json\/wp\/v2\/comments?post=4427"}],"wp:featuredmedia":[{"embeddable":true,"href":"https:\/\/www.xinhaowelding.com\/pt\/wp-json\/wp\/v2\/media\/4428"}],"wp:attachment":[{"href":"https:\/\/www.xinhaowelding.com\/pt\/wp-json\/wp\/v2\/media?parent=4427"}],"wp:term":[{"taxonomy":"product_brand","embeddable":true,"href":"https:\/\/www.xinhaowelding.com\/pt\/wp-json\/wp\/v2\/product_brand?post=4427"},{"taxonomy":"product_cat","embeddable":true,"href":"https:\/\/www.xinhaowelding.com\/pt\/wp-json\/wp\/v2\/product_cat?post=4427"},{"taxonomy":"product_tag","embeddable":true,"href":"https:\/\/www.xinhaowelding.com\/pt\/wp-json\/wp\/v2\/product_tag?post=4427"}],"curies":[{"name":"wp","href":"https:\/\/api.w.org\/{rel}","templated":true}]}}