{"id":4565,"date":"2025-04-09T06:44:36","date_gmt":"2025-04-09T06:44:36","guid":{"rendered":"https:\/\/www.xinhaowelding.com\/?post_type=product&#038;p=4565"},"modified":"2025-04-09T06:46:02","modified_gmt":"2025-04-09T06:46:02","slug":"zdh-1140-6-axis-cnc-tig-welder-auto-argon-arc-welding","status":"publish","type":"product","link":"https:\/\/www.xinhaowelding.com\/pt\/produto\/zdh-1140-6-axis-cnc-tig-welder-auto-argon-arc-welding\/","title":{"rendered":"M\u00e1quina de soldar TIG CNC de 6 eixos ZDH-1140 | Soldadura autom\u00e1tica por arco de \u00e1rgon"},"content":{"rendered":"<h2 class=\"wp-block-heading\"><a href=\"https:\/\/www.xinhaowelding.com\/pt\/produto\/zdh-1140-6-axis-cnc-tig-welder-auto-argon-arc-welding\/\" title=\"\u6c29\u5f27\u81ea\u52a8\u710a1140\uff08\u516d\u8f74\uff09\">\u6c29\u5f27\u81ea\u52a8\u710a1140\uff08\u516d\u8f74\uff09<\/a><\/h2>\n\n\n\n<h3 class=\"wp-block-heading\">M\u00e1quina de soldadura TIG autom\u00e1tica de seis eixos ZDH - 1140<\/h3>\n\n\n\n<p>Adequado para soldagem de costura plana de flange de pesco\u00e7o alto e soldagem de costura de canto de flange de tubo, curva de tubo, tubo.<\/p>\n\n\n\n<p>Adequado para a soldadura de a\u00e7o carbono e a\u00e7o inoxid\u00e1vel.<\/p>\n\n\n\n<p>Pode ser selecionada a m\u00e1quina de soldadura por arco de \u00e1rgon Autai WSM-400C, a m\u00e1quina de soldadura por arco de \u00e1rgon Panasonic YC-400TX4.<\/p>\n\n\n\n<p>Design integrado, estrutura compacta, madura e confi\u00e1vel; Posicionamento preciso da rota\u00e7\u00e3o do mandril autocentrante de tr\u00eas mand\u00edbulas.<\/p>\n\n\n\n<p>Cruz de soldadura manual 3D + posicionador de furo passante + pistola de soldadura Mecanismo de ajuste de \u00e2ngulo, para garantir a convers\u00e3o multi-posi\u00e7\u00e3o e multi-\u00e2ngulo da pistola de soldadura.<\/p>\n\n\n\n<p>O sistema de controlo adopta uma interface homem-m\u00e1quina com ecr\u00e3 t\u00e1til de grande dimens\u00e3o, opera\u00e7\u00e3o f\u00e1cil, controlo integrado dos par\u00e2metros do posicionador, par\u00e2metros de oscila\u00e7\u00e3o, corrente da m\u00e1quina de soldar, par\u00e2metros de alimenta\u00e7\u00e3o do fio, par\u00e2metros de tens\u00e3o do arco.<\/p>\n\n\n\n<p>A capacidade de armazenamento do processo de soldadura \u00e9 de 50 conjuntos, e o processo de soldadura correspondente pode ser invocado diretamente de acordo com as especifica\u00e7\u00f5es e n\u00fameros de soldadura.<\/p>\n\n\n\n<p>Sistema normalizado de seguimento do comprimento do arco (AVC) e sistema de guinada da pistola de soldadura (OSC).<\/p>\n\n\n\n<p>M\u00e1quina de alimenta\u00e7\u00e3o autom\u00e1tica de fio CNC, com fun\u00e7\u00e3o de desenho de fio reverso autom\u00e1tico e fun\u00e7\u00e3o de alimenta\u00e7\u00e3o de fio pulsante, alta precis\u00e3o de alimenta\u00e7\u00e3o de fio, suporte de fixa\u00e7\u00e3o de alimenta\u00e7\u00e3o de fio.<\/p>\n\n\n\n<p>Tanque de \u00e1gua de Shanghai Zhengte 10L, sistema de refrigera\u00e7\u00e3o de \u00e1gua de circula\u00e7\u00e3o for\u00e7ada, para garantir a m\u00e1quina por um longo tempo de opera\u00e7\u00e3o confi\u00e1vel.<\/p>\n\n\n\n<p>Pistola de soldadura de arco de \u00e1rgon arrefecida a \u00e1gua WP27 de 5 metros, guia de fluxo de cobertura de malha, prote\u00e7\u00e3o uniforme de g\u00e1s.<\/p>\n\n\n\n<p>Opera\u00e7\u00e3o de um bot\u00e3o de controle remoto sem fio, conclus\u00e3o autom\u00e1tica de todo o processo de soldagem; A interven\u00e7\u00e3o em tempo real dos par\u00e2metros de soldagem tamb\u00e9m pode ser realizada conforme necess\u00e1rio.<\/p>\n\n\n\n<p>Apoio \u00e0 personaliza\u00e7\u00e3o.<\/p>\n\n\n\n<figure class=\"wp-block-table\"><table class=\"has-fixed-layout\"><tbody><tr><td><strong>N\u00famero do modelo<\/strong><strong><\/strong><\/td><td><strong>ZDH-1140<\/strong><strong><\/strong><\/td><\/tr><tr><td>\u00c2ngulo de rota\u00e7\u00e3o<\/td><td>0-90\u00b0<\/td><\/tr><tr><td>Di\u00e2metro de aperto<\/td><td>20-550mm<\/td><\/tr><tr><td>Di\u00e2metro do orif\u00edcio de passagem<\/td><td>140\/170 mm<\/td><\/tr><tr><td>M\u00e1quina de soldadura por arco de \u00e1rgon<\/td><td>Aotai WSM-400<\/td><\/tr><tr><td>Dep\u00f3sito de \u00e1gua de refrigera\u00e7\u00e3o<\/td><td>CT-10<\/td><\/tr><tr><td>Pistola de soldadura autom\u00e1tica<\/td><td>WP-27\/arrefecimento a \u00e1gua<\/td><\/tr><tr><td>Di\u00e2metro do fio adequado<\/td><td>0.8\/1.0\/1.2\/1.6<\/td><\/tr><tr><td>Forma\u00e7\u00e3o de regula\u00e7\u00e3o tridimensional<\/td><td>500*500*500mm<\/td><\/tr><tr><td>Dimens\u00e3o global<\/td><td>1250*1000*1600mm<\/td><\/tr><\/tbody><\/table><\/figure>\n\n\n\n<h2 class=\"wp-block-heading\"><strong><u><strong>\u4ea7\u54c1\u7ec6\u8282<\/strong><\/u><\/strong><\/h2>\n\n\n\n<p><strong>Detalhes do produto<\/strong><\/p>\n\n\n\n<div class=\"wp-block-uagb-container uagb-block-f62404cb alignfull uagb-is-root-container\"><div class=\"uagb-container-inner-blocks-wrap\">\n<div class=\"wp-block-uagb-container uagb-block-911b9a19\">\n<figure class=\"wp-block-image size-full\"><img fetchpriority=\"high\" decoding=\"async\" width=\"1000\" height=\"750\" src=\"https:\/\/www.xinhaowelding.com\/wp-content\/uploads\/2025\/04\/\u7ec6\u82821.jpg\" alt=\"\" class=\"wp-image-4575\" srcset=\"https:\/\/www.xinhaowelding.com\/wp-content\/uploads\/2025\/04\/\u7ec6\u82821.jpg 1000w, https:\/\/www.xinhaowelding.com\/wp-content\/uploads\/2025\/04\/\u7ec6\u82821-300x225.jpg 300w, https:\/\/www.xinhaowelding.com\/wp-content\/uploads\/2025\/04\/\u7ec6\u82821-768x576.jpg 768w, https:\/\/www.xinhaowelding.com\/wp-content\/uploads\/2025\/04\/\u7ec6\u82821-16x12.jpg 16w, https:\/\/www.xinhaowelding.com\/wp-content\/uploads\/2025\/04\/\u7ec6\u82821-600x450.jpg 600w\" sizes=\"(max-width: 1000px) 100vw, 1000px\" \/><\/figure>\n<\/div>\n\n\n\n<div class=\"wp-block-uagb-container uagb-block-81203862\">\n<h2 class=\"wp-block-heading has-large-font-size\">Caixa de controlo PLC<\/h2>\n\n\n\n<div class=\"wp-block-group is-layout-constrained wp-block-group-is-layout-constrained\">\n<p>A capacidade de armazenamento dos processos de soldadura \u00e9 de 50 conjuntos. <\/p>\n\n\n\n<p>De acordo com as especifica\u00e7\u00f5es das pe\u00e7as soldadas,<\/p>\n\n\n\n<p> os processos de soldadura correspondentes podem ser diretamente chamados pelo n\u00famero.<\/p>\n<\/div>\n<\/div>\n<\/div><\/div>\n\n\n\n<div class=\"wp-block-uagb-container uagb-block-8a84bf10 alignfull uagb-is-root-container\"><div class=\"uagb-container-inner-blocks-wrap\">\n<div class=\"wp-block-uagb-container uagb-block-9e39a3de\">\n<figure class=\"wp-block-image size-full\"><img decoding=\"async\" width=\"1000\" height=\"750\" src=\"https:\/\/www.xinhaowelding.com\/wp-content\/uploads\/2025\/04\/\u7ec6\u82822.jpg\" alt=\"\" class=\"wp-image-4576\" srcset=\"https:\/\/www.xinhaowelding.com\/wp-content\/uploads\/2025\/04\/\u7ec6\u82822.jpg 1000w, https:\/\/www.xinhaowelding.com\/wp-content\/uploads\/2025\/04\/\u7ec6\u82822-300x225.jpg 300w, https:\/\/www.xinhaowelding.com\/wp-content\/uploads\/2025\/04\/\u7ec6\u82822-768x576.jpg 768w, https:\/\/www.xinhaowelding.com\/wp-content\/uploads\/2025\/04\/\u7ec6\u82822-16x12.jpg 16w, https:\/\/www.xinhaowelding.com\/wp-content\/uploads\/2025\/04\/\u7ec6\u82822-600x450.jpg 600w\" sizes=\"(max-width: 1000px) 100vw, 1000px\" \/><\/figure>\n<\/div>\n\n\n\n<div class=\"wp-block-uagb-container uagb-block-479a5f09\">\n<h2 class=\"wp-block-heading has-large-font-size\">Regula\u00e7\u00e3o el\u00e9ctrica<\/h2>\n\n\n\n<div class=\"wp-block-group is-layout-constrained wp-block-group-is-layout-constrained\">\n<p>Regula\u00e7\u00e3o el\u00e9ctrica para cima e para baixo, para a esquerda e para a direita. <\/p>\n\n\n\n<p>Melhorar a efici\u00eancia e garantir um funcionamento simples.<\/p>\n<\/div>\n<\/div>\n<\/div><\/div>\n\n\n\n<div class=\"wp-block-uagb-container uagb-block-92ba1ac9 alignfull uagb-is-root-container\"><div class=\"uagb-container-inner-blocks-wrap\">\n<div class=\"wp-block-uagb-container uagb-block-6593c9b9\">\n<figure class=\"wp-block-image size-full\"><img decoding=\"async\" width=\"1000\" height=\"750\" src=\"https:\/\/www.xinhaowelding.com\/wp-content\/uploads\/2025\/04\/\u7ec6\u82823.jpg\" alt=\"\" class=\"wp-image-4577\" srcset=\"https:\/\/www.xinhaowelding.com\/wp-content\/uploads\/2025\/04\/\u7ec6\u82823.jpg 1000w, https:\/\/www.xinhaowelding.com\/wp-content\/uploads\/2025\/04\/\u7ec6\u82823-300x225.jpg 300w, https:\/\/www.xinhaowelding.com\/wp-content\/uploads\/2025\/04\/\u7ec6\u82823-768x576.jpg 768w, https:\/\/www.xinhaowelding.com\/wp-content\/uploads\/2025\/04\/\u7ec6\u82823-16x12.jpg 16w, https:\/\/www.xinhaowelding.com\/wp-content\/uploads\/2025\/04\/\u7ec6\u82823-600x450.jpg 600w\" sizes=\"(max-width: 1000px) 100vw, 1000px\" \/><\/figure>\n<\/div>\n\n\n\n<div class=\"wp-block-uagb-container uagb-block-f3925901\">\n<h2 class=\"wp-block-heading has-large-font-size\">Posicionador de furos<\/h2>\n\n\n\n<div class=\"wp-block-group is-layout-constrained wp-block-group-is-layout-constrained\">\n<p>Pode fixar pe\u00e7as de trabalho com diferentes di\u00e2metros.<\/p>\n\n\n\n<p>A fixa\u00e7\u00e3o \u00e9 est\u00e1vel e a precis\u00e3o \u00e9 exacta.<\/p>\n\n\n\n<p>A personaliza\u00e7\u00e3o \u00e9 suportada.<\/p>\n<\/div>\n<\/div>\n<\/div><\/div>\n\n\n\n<div class=\"wp-block-uagb-container uagb-block-e2fb2cea alignfull uagb-is-root-container\"><div class=\"uagb-container-inner-blocks-wrap\">\n<div class=\"wp-block-uagb-container uagb-block-69d78821\">\n<figure class=\"wp-block-image size-full\"><img loading=\"lazy\" decoding=\"async\" width=\"1000\" height=\"750\" src=\"https:\/\/www.xinhaowelding.com\/wp-content\/uploads\/2025\/04\/\u7ec6\u82824.jpg\" alt=\"\" class=\"wp-image-4578\" srcset=\"https:\/\/www.xinhaowelding.com\/wp-content\/uploads\/2025\/04\/\u7ec6\u82824.jpg 1000w, https:\/\/www.xinhaowelding.com\/wp-content\/uploads\/2025\/04\/\u7ec6\u82824-300x225.jpg 300w, https:\/\/www.xinhaowelding.com\/wp-content\/uploads\/2025\/04\/\u7ec6\u82824-768x576.jpg 768w, https:\/\/www.xinhaowelding.com\/wp-content\/uploads\/2025\/04\/\u7ec6\u82824-16x12.jpg 16w, https:\/\/www.xinhaowelding.com\/wp-content\/uploads\/2025\/04\/\u7ec6\u82824-600x450.jpg 600w\" sizes=\"(max-width: 1000px) 100vw, 1000px\" \/><\/figure>\n<\/div>\n\n\n\n<div class=\"wp-block-uagb-container uagb-block-628dba77\">\n<h2 class=\"wp-block-heading has-large-font-size\">Volante de ajuste<\/h2>\n\n\n\n<div class=\"wp-block-group is-layout-constrained wp-block-group-is-layout-constrained\">\n<p>Ajustar manualmente o \u00e2ngulo de inclina\u00e7\u00e3o do posicionador. <\/p>\n\n\n\n<p>Ajuste para soldar em qualquer \u00e2ngulo.<\/p>\n<\/div>\n<\/div>\n<\/div><\/div>\n\n\n\n<h2 class=\"wp-block-heading\">\u4ea7\u54c1\u89e3\u6790<\/h2>\n\n\n\n<p>An\u00e1lise do produto<\/p>\n\n\n\n<p><\/p>\n\n\n\n<div class=\"wp-block-uagb-image uagb-block-9fb81ade wp-block-uagb-image--layout-default wp-block-uagb-image--effect-static wp-block-uagb-image--align-none\"><figure class=\"wp-block-uagb-image__figure\"><img loading=\"lazy\" decoding=\"async\" srcset=\"https:\/\/www.xinhaowelding.com\/wp-content\/uploads\/2025\/04\/\u82f1\u6587\u8bbe\u5907\u6807\u6ce8-1024x796.png ,https:\/\/www.xinhaowelding.com\/wp-content\/uploads\/2025\/04\/\u82f1\u6587\u8bbe\u5907\u6807\u6ce8.png 780w, https:\/\/www.xinhaowelding.com\/wp-content\/uploads\/2025\/04\/\u82f1\u6587\u8bbe\u5907\u6807\u6ce8.png 360w\" sizes=\"auto, (max-width: 480px) 150px\" src=\"https:\/\/www.xinhaowelding.com\/wp-content\/uploads\/2025\/04\/\u82f1\u6587\u8bbe\u5907\u6807\u6ce8-1024x796.png\" alt=\"\" class=\"uag-image-4579\" width=\"1024\" height=\"796\" title=\"\u82f1\u6587\u8bbe\u5907\u6807\u6ce8\" role=\"img\"\/><\/figure><\/div>\n\n\n\n<h2 class=\"wp-block-heading\">\u73b0\u573a\u5b9e\u62cd<\/h2>\n\n\n\n<p>Filmagem em direto<\/p>\n\n\n\n<p><\/p>\n\n\n\n<div class=\"wp-block-uagb-container uagb-block-758dfea8 alignfull uagb-is-root-container\"><div class=\"uagb-container-inner-blocks-wrap\">\n<div class=\"wp-block-uagb-container uagb-block-880eb709\">\n<figure class=\"wp-block-image size-full\"><img loading=\"lazy\" decoding=\"async\" width=\"750\" height=\"1000\" src=\"https:\/\/www.xinhaowelding.com\/wp-content\/uploads\/2025\/04\/9803.jpg\" alt=\"\" class=\"wp-image-4571\" srcset=\"https:\/\/www.xinhaowelding.com\/wp-content\/uploads\/2025\/04\/9803.jpg 750w, https:\/\/www.xinhaowelding.com\/wp-content\/uploads\/2025\/04\/9803-225x300.jpg 225w, https:\/\/www.xinhaowelding.com\/wp-content\/uploads\/2025\/04\/9803-9x12.jpg 9w, https:\/\/www.xinhaowelding.com\/wp-content\/uploads\/2025\/04\/9803-600x800.jpg 600w\" sizes=\"(max-width: 750px) 100vw, 750px\" \/><\/figure>\n<\/div>\n\n\n\n<div class=\"wp-block-uagb-container uagb-block-74ad9c80\">\n<figure class=\"wp-block-image size-full\"><img loading=\"lazy\" decoding=\"async\" width=\"750\" height=\"1000\" src=\"https:\/\/www.xinhaowelding.com\/wp-content\/uploads\/2025\/04\/9806.jpg\" alt=\"\" class=\"wp-image-4573\" srcset=\"https:\/\/www.xinhaowelding.com\/wp-content\/uploads\/2025\/04\/9806.jpg 750w, https:\/\/www.xinhaowelding.com\/wp-content\/uploads\/2025\/04\/9806-225x300.jpg 225w, https:\/\/www.xinhaowelding.com\/wp-content\/uploads\/2025\/04\/9806-9x12.jpg 9w, https:\/\/www.xinhaowelding.com\/wp-content\/uploads\/2025\/04\/9806-600x800.jpg 600w\" sizes=\"(max-width: 750px) 100vw, 750px\" \/><\/figure>\n<\/div>\n\n\n\n<div class=\"wp-block-uagb-container uagb-block-c4811df2\">\n<figure class=\"wp-block-image size-full\"><img loading=\"lazy\" decoding=\"async\" width=\"750\" height=\"1000\" src=\"https:\/\/www.xinhaowelding.com\/wp-content\/uploads\/2025\/04\/9826.jpg\" alt=\"\" class=\"wp-image-4574\" srcset=\"https:\/\/www.xinhaowelding.com\/wp-content\/uploads\/2025\/04\/9826.jpg 750w, https:\/\/www.xinhaowelding.com\/wp-content\/uploads\/2025\/04\/9826-225x300.jpg 225w, https:\/\/www.xinhaowelding.com\/wp-content\/uploads\/2025\/04\/9826-9x12.jpg 9w, https:\/\/www.xinhaowelding.com\/wp-content\/uploads\/2025\/04\/9826-600x800.jpg 600w\" sizes=\"(max-width: 750px) 100vw, 750px\" \/><\/figure>\n<\/div>\n\n\n\n<div class=\"wp-block-uagb-container uagb-block-80de2b8a\">\n<figure class=\"wp-block-image size-full\"><img loading=\"lazy\" decoding=\"async\" width=\"750\" height=\"1000\" src=\"https:\/\/www.xinhaowelding.com\/wp-content\/uploads\/2025\/04\/9804.jpg\" alt=\"\" class=\"wp-image-4572\" srcset=\"https:\/\/www.xinhaowelding.com\/wp-content\/uploads\/2025\/04\/9804.jpg 750w, https:\/\/www.xinhaowelding.com\/wp-content\/uploads\/2025\/04\/9804-225x300.jpg 225w, https:\/\/www.xinhaowelding.com\/wp-content\/uploads\/2025\/04\/9804-9x12.jpg 9w, https:\/\/www.xinhaowelding.com\/wp-content\/uploads\/2025\/04\/9804-600x800.jpg 600w\" sizes=\"(max-width: 750px) 100vw, 750px\" \/><\/figure>\n<\/div>\n<\/div><\/div>\n\n\n\n<p class=\"has-text-align-center\"><a href=\"http:\/\/www.google.com\" title=\"www.google.com\">www.google.com<\/a><\/p>","protected":false},"excerpt":{"rendered":"<p><strong>Soldador TIG autom\u00e1tico de 6 eixos ZDH-1140 | Soldadura de precis\u00e3o por arco de \u00e1rgon para pe\u00e7as aeroespaciais e de precis\u00e3o | Estabilidade controlada por CNC.<\/strong><\/p>","protected":false},"featured_media":4566,"comment_status":"open","ping_status":"closed","template":"","meta":{"om_disable_all_campaigns":false,"_uag_custom_page_level_css":"","_monsterinsights_skip_tracking":false,"_monsterinsights_sitenote_active":false,"_monsterinsights_sitenote_note":"","_monsterinsights_sitenote_category":0,"site-sidebar-layout":"default","site-content-layout":"","ast-site-content-layout":"default","site-content-style":"default","site-sidebar-style":"default","ast-global-header-display":"","ast-banner-title-visibility":"","ast-main-header-display":"","ast-hfb-above-header-display":"","ast-hfb-below-header-display":"","ast-hfb-mobile-header-display":"","site-post-title":"","ast-breadcrumbs-content":"","ast-featured-img":"","footer-sml-layout":"","theme-transparent-header-meta":"","adv-header-id-meta":"","stick-header-meta":"","header-above-stick-meta":"","header-main-stick-meta":"","header-below-stick-meta":"","astra-migrate-meta-layouts":"set","ast-page-background-enabled":"default","ast-page-background-meta":{"desktop":{"background-color":"","background-image":"","background-repeat":"repeat","background-position":"center center","background-size":"auto","background-attachment":"scroll","background-type":"","background-media":"","overlay-type":"","overlay-color":"","overlay-opacity":"","overlay-gradient":""},"tablet":{"background-color":"","background-image":"","background-repeat":"repeat","background-position":"center center","background-size":"auto","background-attachment":"scroll","background-type":"","background-media":"","overlay-type":"","overlay-color":"","overlay-opacity":"","overlay-gradient":""},"mobile":{"background-color":"","background-image":"","background-repeat":"repeat","background-position":"center center","background-size":"auto","background-attachment":"scroll","background-type":"","background-media":"","overlay-type":"","overlay-color":"","overlay-opacity":"","overlay-gradient":""}},"ast-content-background-meta":{"desktop":{"background-color":"var(--ast-global-color-5)","background-image":"","background-repeat":"repeat","background-position":"center center","background-size":"auto","background-attachment":"scroll","background-type":"","background-media":"","overlay-type":"","overlay-color":"","overlay-opacity":"","overlay-gradient":""},"tablet":{"background-color":"var(--ast-global-color-5)","background-image":"","background-repeat":"repeat","background-position":"center center","background-size":"auto","background-attachment":"scroll","background-type":"","background-media":"","overlay-type":"","overlay-color":"","overlay-opacity":"","overlay-gradient":""},"mobile":{"background-color":"var(--ast-global-color-5)","background-image":"","background-repeat":"repeat","background-position":"center center","background-size":"auto","background-attachment":"scroll","background-type":"","background-media":"","overlay-type":"","overlay-color":"","overlay-opacity":"","overlay-gradient":""}}},"product_brand":[],"product_cat":[57,56],"product_tag":[],"class_list":{"0":"post-4565","1":"product","2":"type-product","3":"status-publish","4":"has-post-thumbnail","6":"product_cat-automatic-welding-equipment","7":"product_cat-products","8":"desktop-align-left","9":"tablet-align-left","10":"mobile-align-left","12":"first","13":"instock","14":"shipping-taxable","15":"product-type-simple"},"aioseo_notices":[],"uagb_featured_image_src":{"full":["https:\/\/www.xinhaowelding.com\/wp-content\/uploads\/2025\/04\/1.jpg",800,800,false],"thumbnail":["https:\/\/www.xinhaowelding.com\/wp-content\/uploads\/2025\/04\/1-150x150.jpg",150,150,true],"medium":["https:\/\/www.xinhaowelding.com\/wp-content\/uploads\/2025\/04\/1-300x300.jpg",300,300,true],"medium_large":["https:\/\/www.xinhaowelding.com\/wp-content\/uploads\/2025\/04\/1-768x768.jpg",768,768,true],"large":["https:\/\/www.xinhaowelding.com\/wp-content\/uploads\/2025\/04\/1.jpg",800,800,false],"1536x1536":["https:\/\/www.xinhaowelding.com\/wp-content\/uploads\/2025\/04\/1.jpg",800,800,false],"2048x2048":["https:\/\/www.xinhaowelding.com\/wp-content\/uploads\/2025\/04\/1.jpg",800,800,false],"trp-custom-language-flag":["https:\/\/www.xinhaowelding.com\/wp-content\/uploads\/2025\/04\/1-12x12.jpg",12,12,true],"woocommerce_thumbnail":["https:\/\/www.xinhaowelding.com\/wp-content\/uploads\/2025\/04\/1-600x600.jpg",600,600,true],"woocommerce_single":["https:\/\/www.xinhaowelding.com\/wp-content\/uploads\/2025\/04\/1-600x600.jpg",600,600,true],"woocommerce_gallery_thumbnail":["https:\/\/www.xinhaowelding.com\/wp-content\/uploads\/2025\/04\/1-100x100.jpg",100,100,true]},"uagb_author_info":{"display_name":"jinxing6611@gmail.com","author_link":"https:\/\/www.xinhaowelding.com\/pt\/author\/"},"uagb_comment_info":0,"uagb_excerpt":"ZDH-1140 6-Axis Auto TIG Welder | Precision Argon Arc Welding for Aerospace &amp; Precision Parts | CNC-Controlled Stability.","_links":{"self":[{"href":"https:\/\/www.xinhaowelding.com\/pt\/wp-json\/wp\/v2\/product\/4565","targetHints":{"allow":["GET"]}}],"collection":[{"href":"https:\/\/www.xinhaowelding.com\/pt\/wp-json\/wp\/v2\/product"}],"about":[{"href":"https:\/\/www.xinhaowelding.com\/pt\/wp-json\/wp\/v2\/types\/product"}],"replies":[{"embeddable":true,"href":"https:\/\/www.xinhaowelding.com\/pt\/wp-json\/wp\/v2\/comments?post=4565"}],"wp:featuredmedia":[{"embeddable":true,"href":"https:\/\/www.xinhaowelding.com\/pt\/wp-json\/wp\/v2\/media\/4566"}],"wp:attachment":[{"href":"https:\/\/www.xinhaowelding.com\/pt\/wp-json\/wp\/v2\/media?parent=4565"}],"wp:term":[{"taxonomy":"product_brand","embeddable":true,"href":"https:\/\/www.xinhaowelding.com\/pt\/wp-json\/wp\/v2\/product_brand?post=4565"},{"taxonomy":"product_cat","embeddable":true,"href":"https:\/\/www.xinhaowelding.com\/pt\/wp-json\/wp\/v2\/product_cat?post=4565"},{"taxonomy":"product_tag","embeddable":true,"href":"https:\/\/www.xinhaowelding.com\/pt\/wp-json\/wp\/v2\/product_tag?post=4565"}],"curies":[{"name":"wp","href":"https:\/\/api.w.org\/{rel}","templated":true}]}}