{"id":4597,"date":"2025-04-24T02:52:14","date_gmt":"2025-04-24T02:52:14","guid":{"rendered":"https:\/\/www.xinhaowelding.com\/?post_type=product&#038;p=4597"},"modified":"2025-04-24T02:52:38","modified_gmt":"2025-04-24T02:52:38","slug":"dual-axis-rotating-welder-jinan-xinhao-solution","status":"publish","type":"product","link":"https:\/\/www.xinhaowelding.com\/pt\/produto\/dual-axis-rotating-welder-jinan-xinhao-solution\/","title":{"rendered":"Soldador rotativo de eixo duplo - Jinan Xinhao Solution<font _mstmutation=\"1\"><\/font>"},"content":{"rendered":"<h2 class=\"wp-block-heading\"><a href=\"https:\/\/www.xinhaowelding.com\/pt\/produto\/dual-axis-rotating-welder-jinan-xinhao-solution\/\" title=\"Soldadura autom\u00e1tica com pistola\">Soldadura autom\u00e1tica com pistola<\/a><\/h2>\n\n\n\n<p>\u25c6 O mecanismo de ajuste pode ajustar a posi\u00e7\u00e3o da pistola de soldadura. O posicionamento do cone superior \u00e9 preciso e a forma\u00e7\u00e3o da costura de soldadura \u00e9 bonita.<\/p>\n\n\n\n<p>\u25c6Drive usando motor de passo (eixo \u00fanico) ou servo motor (eixo duplo) drive, sistema de controle de tela de toque PLC, pode armazenar 10 grupos de par\u00e2metros de processo de soldagem, com opera\u00e7\u00e3o simples, interface amig\u00e1vel e outros recursos.<\/p>\n\n\n\n<p>Quando a soldadura \u00e9 posicionada, o cilindro comprime a pe\u00e7a de trabalho ap\u00f3s a inser\u00e7\u00e3o ou a soldadura por pontos. A pistola de solda da m\u00e1quina de solda de costura de anel avan\u00e7a e avan\u00e7a com a estrutura do cone superior, e o \u00e2ngulo e a dist\u00e2ncia da solda devem ser ajustados manualmente com anteced\u00eancia; O n\u00famero de voltas do anel da tocha tem a indu\u00e7\u00e3o de origem e retorna \u00e0 posi\u00e7\u00e3o ap\u00f3s a conclus\u00e3o.<\/p>\n\n\n\n<p><strong>Manipulador de soldadura de anel de jun\u00e7\u00e3o com pistola rotativa m\u00f3vel e m\u00e1quina de soldadura de sela horizontal<\/strong><\/p>\n\n\n\n<p>Usado principalmente para soldagem autom\u00e1tica de balan\u00e7o de v\u00e1rias camadas de solda de anel vertical; O equipamento adota a estrutura do bra\u00e7o dobr\u00e1vel do carrinho, sistema de controle de tela de toque PLC, de acordo com as necessidades reais de diferentes usu\u00e1rios pode estar balan\u00e7ando soldagem de pistola de soldagem, solda formando bonito, uniforme, profundidade de fus\u00e3o, largura de fus\u00e3o para atender aos requisitos; A m\u00e1quina de solda \u00e9 flex\u00edvel e simples em opera\u00e7\u00e3o, conveniente no posicionamento da pe\u00e7a de trabalho, confi\u00e1vel no desempenho, alta em automa\u00e7\u00e3o e baixa intensidade de trabalho. Amplamente utilizado no fabrico de ve\u00edculos, m\u00e1quinas de eleva\u00e7\u00e3o, m\u00e1quinas de constru\u00e7\u00e3o e outras ind\u00fastrias.<\/p>\n\n\n\n<p>Apoio \u00e0 personaliza\u00e7\u00e3o.<\/p>\n\n\n\n<h3 class=\"wp-block-heading\"><strong>Equipamento de soldadura com pistola rotativa de eixo duplo - Jinan Xinhao Welding Technology Co., Ltd.<\/strong><\/h3>\n\n\n\n<p><strong>Precis\u00e3o inovadora para um desempenho de soldadura superior<\/strong><\/p>\n\n\n\n<p>A Jinan Xinhao Welding Technology Co., Ltd. \u00e9 um fabricante l\u00edder de solu\u00e7\u00f5es de soldadura avan\u00e7adas, especializado em soldadura de alta efici\u00eancia&nbsp;<strong>Equipamento de soldadura com pistola rotativa de eixo duplo<\/strong>. Concebido para precis\u00e3o e durabilidade, o nosso equipamento \u00e9 ideal para aplica\u00e7\u00f5es industriais que requerem soldaduras consistentes e de alta qualidade em geometrias complexas.<\/p>\n\n\n\n<h4 class=\"wp-block-heading\"><strong>Carater\u00edsticas principais:<\/strong><\/h4>\n\n\n\n<ul class=\"wp-block-list\">\n<li><strong>Rota\u00e7\u00e3o de eixo duplo<\/strong>: Permite \u00e2ngulos de soldadura flex\u00edveis de 360\u00b0, garantindo cord\u00f5es de soldadura uniformes em pe\u00e7as de trabalho cil\u00edndricas ou curvas.<\/li>\n\n\n\n<li><strong>Alta estabilidade<\/strong>: A estrutura robusta minimiza as vibra\u00e7\u00f5es, aumentando a precis\u00e3o e a repetibilidade.<\/li>\n\n\n\n<li><strong>Funcionamento automatizado<\/strong>: Compat\u00edvel com sistemas rob\u00f3ticos para melhorar a produtividade e reduzir os custos de m\u00e3o de obra.<\/li>\n\n\n\n<li><strong>Ampla compatibilidade<\/strong>: Suporta os processos de soldadura MIG\/MAG, TIG e outros para diversos materiais (a\u00e7o, alum\u00ednio, ligas).<\/li>\n\n\n\n<li><strong>Interface de f\u00e1cil utiliza\u00e7\u00e3o<\/strong>: Controlos intuitivos e defini\u00e7\u00f5es program\u00e1veis para um funcionamento sem falhas.<\/li>\n<\/ul>\n\n\n\n<figure class=\"wp-block-table\"><table class=\"has-fixed-layout\"><tbody><tr><td><strong>N\u00famero do modelo<\/strong><strong><\/strong><\/td><td><strong>ZQH-<\/strong>50<\/td><\/tr><tr><td>Adequar a gama de empregos<\/td><td>20-50mm<\/td><\/tr><tr><td>O curso do cilindro de ar \u00e9 regul\u00e1vel<\/td><td>200 mm<\/td><\/tr><tr><td>Dimens\u00e3o global<\/td><td>540*720*2160mm<\/td><\/tr><\/tbody><\/table><\/figure>\n\n\n\n<h2 class=\"wp-block-heading\"><strong><u><strong>\u4ea7\u54c1\u7ec6\u8282<\/strong><\/u><\/strong><strong><u><strong><\/strong><\/u><\/strong><\/h2>\n\n\n\n<h2 class=\"wp-block-heading\"><strong>Detalhes do produto<\/strong><\/h2>\n\n\n\n<div class=\"wp-block-uagb-container uagb-block-70c0ba06 alignfull uagb-is-root-container\"><div class=\"uagb-container-inner-blocks-wrap\">\n<div class=\"wp-block-uagb-container uagb-block-ae04c474\">\n<figure class=\"wp-block-image size-full\"><img fetchpriority=\"high\" decoding=\"async\" width=\"1000\" height=\"750\" src=\"https:\/\/www.xinhaowelding.com\/wp-content\/uploads\/2025\/04\/\u7ec6\u82821-1.jpg\" alt=\"\" class=\"wp-image-4605\" srcset=\"https:\/\/www.xinhaowelding.com\/wp-content\/uploads\/2025\/04\/\u7ec6\u82821-1.jpg 1000w, https:\/\/www.xinhaowelding.com\/wp-content\/uploads\/2025\/04\/\u7ec6\u82821-1-300x225.jpg 300w, https:\/\/www.xinhaowelding.com\/wp-content\/uploads\/2025\/04\/\u7ec6\u82821-1-768x576.jpg 768w, https:\/\/www.xinhaowelding.com\/wp-content\/uploads\/2025\/04\/\u7ec6\u82821-1-16x12.jpg 16w, https:\/\/www.xinhaowelding.com\/wp-content\/uploads\/2025\/04\/\u7ec6\u82821-1-600x450.jpg 600w\" sizes=\"(max-width: 1000px) 100vw, 1000px\" \/><\/figure>\n<\/div>\n\n\n\n<div class=\"wp-block-uagb-container uagb-block-ec07f264\">\n<h2 class=\"wp-block-heading has-large-font-size\">Caixa de controlo inteligente PLC<\/h2>\n\n\n\n<div class=\"wp-block-group is-layout-constrained wp-block-group-is-layout-constrained\">\n<p>Caixa de controlo com ecr\u00e3 t\u00e1til PLC <\/p>\n\n\n\n<p>Controlo abrangente com opera\u00e7\u00e3o de uma tecla<\/p>\n<\/div>\n<\/div>\n<\/div><\/div>\n\n\n\n<div class=\"wp-block-uagb-container uagb-block-9f6c001b alignfull uagb-is-root-container\"><div class=\"uagb-container-inner-blocks-wrap\">\n<div class=\"wp-block-uagb-container uagb-block-07cbf944\">\n<figure class=\"wp-block-image size-full\"><img decoding=\"async\" width=\"1000\" height=\"750\" src=\"https:\/\/www.xinhaowelding.com\/wp-content\/uploads\/2025\/04\/\u7ec6\u82822-1.jpg\" alt=\"\" class=\"wp-image-4606\" srcset=\"https:\/\/www.xinhaowelding.com\/wp-content\/uploads\/2025\/04\/\u7ec6\u82822-1.jpg 1000w, https:\/\/www.xinhaowelding.com\/wp-content\/uploads\/2025\/04\/\u7ec6\u82822-1-300x225.jpg 300w, https:\/\/www.xinhaowelding.com\/wp-content\/uploads\/2025\/04\/\u7ec6\u82822-1-768x576.jpg 768w, https:\/\/www.xinhaowelding.com\/wp-content\/uploads\/2025\/04\/\u7ec6\u82822-1-16x12.jpg 16w, https:\/\/www.xinhaowelding.com\/wp-content\/uploads\/2025\/04\/\u7ec6\u82822-1-600x450.jpg 600w\" sizes=\"(max-width: 1000px) 100vw, 1000px\" \/><\/figure>\n<\/div>\n\n\n\n<div class=\"wp-block-uagb-container uagb-block-626bb416\">\n<h2 class=\"wp-block-heading has-large-font-size\">O centro \u00e9 pressionado firmemente<\/h2>\n\n\n\n<div class=\"wp-block-group is-layout-constrained wp-block-group-is-layout-constrained\">\n<p>Quando a pe\u00e7a de trabalho de soldadura est\u00e1 corretamente posicionada, o cilindro de ar pressiona a pe\u00e7a de trabalho que foi inserida ou soldada. A tocha de soldadura da m\u00e1quina de soldadura de cord\u00e3o circunferencial move-se para a frente e para tr\u00e1s juntamente com a estrutura de encosto. A posi\u00e7\u00e3o angular e a dist\u00e2ncia da tocha em rela\u00e7\u00e3o ao cord\u00e3o de soldadura devem ser ajustadas manualmente com anteced\u00eancia. O n\u00famero de rota\u00e7\u00f5es da tocha de soldadura \u00e9 detectado pelo sensor de origem e regressa \u00e0 sua posi\u00e7\u00e3o original ap\u00f3s a conclus\u00e3o da soldadura.<\/p>\n<\/div>\n<\/div>\n<\/div><\/div>\n\n\n\n<div class=\"wp-block-uagb-container uagb-block-462ad840 alignfull uagb-is-root-container\"><div class=\"uagb-container-inner-blocks-wrap\">\n<div class=\"wp-block-uagb-container uagb-block-a3bded57\">\n<figure class=\"wp-block-image size-full\"><img decoding=\"async\" width=\"1000\" height=\"750\" src=\"https:\/\/www.xinhaowelding.com\/wp-content\/uploads\/2025\/04\/\u7ec6\u82823-1.jpg\" alt=\"\" class=\"wp-image-4607\" srcset=\"https:\/\/www.xinhaowelding.com\/wp-content\/uploads\/2025\/04\/\u7ec6\u82823-1.jpg 1000w, https:\/\/www.xinhaowelding.com\/wp-content\/uploads\/2025\/04\/\u7ec6\u82823-1-300x225.jpg 300w, https:\/\/www.xinhaowelding.com\/wp-content\/uploads\/2025\/04\/\u7ec6\u82823-1-768x576.jpg 768w, https:\/\/www.xinhaowelding.com\/wp-content\/uploads\/2025\/04\/\u7ec6\u82823-1-16x12.jpg 16w, https:\/\/www.xinhaowelding.com\/wp-content\/uploads\/2025\/04\/\u7ec6\u82823-1-600x450.jpg 600w\" sizes=\"(max-width: 1000px) 100vw, 1000px\" \/><\/figure>\n<\/div>\n\n\n\n<div class=\"wp-block-uagb-container uagb-block-9ac1c2ea\">\n<h2 class=\"wp-block-heading has-large-font-size\">Plataforma de soldadura<\/h2>\n\n\n\n<div class=\"wp-block-group is-layout-constrained wp-block-group-is-layout-constrained\">\n<p>A conce\u00e7\u00e3o de todo o sistema de energia da m\u00e1quina de soldadura por costura circunferencial horizontal ocupa principalmente mais espa\u00e7o na dire\u00e7\u00e3o longitudinal, deixando mais espa\u00e7o para acomodar as pe\u00e7as de trabalho de soldadura. Por conseguinte, tem uma flexibilidade relativamente ampla em termos de requisitos de volume das pe\u00e7as de trabalho de soldadura.<\/p>\n<\/div>\n<\/div>\n<\/div><\/div>\n\n\n\n<div class=\"wp-block-uagb-container uagb-block-d8c314b6 alignfull uagb-is-root-container\"><div class=\"uagb-container-inner-blocks-wrap\">\n<div class=\"wp-block-uagb-container uagb-block-29ab696a\">\n<figure class=\"wp-block-image size-full\"><img loading=\"lazy\" decoding=\"async\" width=\"1000\" height=\"750\" src=\"https:\/\/www.xinhaowelding.com\/wp-content\/uploads\/2025\/04\/\u7ec6\u82824-1.jpg\" alt=\"\" class=\"wp-image-4608\" srcset=\"https:\/\/www.xinhaowelding.com\/wp-content\/uploads\/2025\/04\/\u7ec6\u82824-1.jpg 1000w, https:\/\/www.xinhaowelding.com\/wp-content\/uploads\/2025\/04\/\u7ec6\u82824-1-300x225.jpg 300w, https:\/\/www.xinhaowelding.com\/wp-content\/uploads\/2025\/04\/\u7ec6\u82824-1-768x576.jpg 768w, https:\/\/www.xinhaowelding.com\/wp-content\/uploads\/2025\/04\/\u7ec6\u82824-1-16x12.jpg 16w, https:\/\/www.xinhaowelding.com\/wp-content\/uploads\/2025\/04\/\u7ec6\u82824-1-600x450.jpg 600w\" sizes=\"(max-width: 1000px) 100vw, 1000px\" \/><\/figure>\n<\/div>\n\n\n\n<div class=\"wp-block-uagb-container uagb-block-0de313b1\">\n<h2 class=\"wp-block-heading has-large-font-size\">Suporte de eleva\u00e7\u00e3o<\/h2>\n\n\n\n<div class=\"wp-block-group is-layout-constrained wp-block-group-is-layout-constrained\">\n<p>Ao soldar verticalmente, fixar a pe\u00e7a de trabalho de soldadura no suporte. Da mesma forma, a posi\u00e7\u00e3o de bloqueio da porca ajust\u00e1vel manualmente pode ser utilizada para limitar a eleva\u00e7\u00e3o e a descida; mover o suporte para a posi\u00e7\u00e3o de bloqueio no pedestal para acomodar pe\u00e7as de trabalho de soldadura de diferentes di\u00e2metros.<\/p>\n<\/div>\n<\/div>\n<\/div><\/div>\n\n\n\n<h2 class=\"wp-block-heading\"><strong>\u4ea7\u54c1\u89e3\u6790\/\u5c3a\u5bf8<\/strong><\/h2>\n\n\n\n<h2 class=\"wp-block-heading has-medium-font-size\"><strong>An\u00e1lise\/dimens\u00f5es do produto<\/strong><\/h2>\n\n\n\n<div class=\"wp-block-uagb-container uagb-block-1bec2e6d alignfull uagb-is-root-container\"><div class=\"uagb-container-inner-blocks-wrap\">\n<div class=\"wp-block-uagb-container uagb-block-08c96a75\">\n<figure class=\"wp-block-image size-full\"><img loading=\"lazy\" decoding=\"async\" width=\"504\" height=\"965\" src=\"https:\/\/www.xinhaowelding.com\/wp-content\/uploads\/2025\/04\/\u5c3a\u5bf8.png\" alt=\"\" class=\"wp-image-4603\" srcset=\"https:\/\/www.xinhaowelding.com\/wp-content\/uploads\/2025\/04\/\u5c3a\u5bf8.png 504w, https:\/\/www.xinhaowelding.com\/wp-content\/uploads\/2025\/04\/\u5c3a\u5bf8-157x300.png 157w, https:\/\/www.xinhaowelding.com\/wp-content\/uploads\/2025\/04\/\u5c3a\u5bf8-6x12.png 6w\" sizes=\"(max-width: 504px) 100vw, 504px\" \/><\/figure>\n<\/div>\n\n\n\n<div class=\"wp-block-uagb-container uagb-block-fb049ce5\">\n<figure class=\"wp-block-image size-large\"><img loading=\"lazy\" decoding=\"async\" width=\"590\" height=\"1024\" src=\"https:\/\/www.xinhaowelding.com\/wp-content\/uploads\/2025\/04\/\u89e3\u6790-590x1024.png\" alt=\"\" class=\"wp-image-4604\" srcset=\"https:\/\/www.xinhaowelding.com\/wp-content\/uploads\/2025\/04\/\u89e3\u6790-590x1024.png 590w, https:\/\/www.xinhaowelding.com\/wp-content\/uploads\/2025\/04\/\u89e3\u6790-173x300.png 173w, https:\/\/www.xinhaowelding.com\/wp-content\/uploads\/2025\/04\/\u89e3\u6790-768x1333.png 768w, https:\/\/www.xinhaowelding.com\/wp-content\/uploads\/2025\/04\/\u89e3\u6790-7x12.png 7w, https:\/\/www.xinhaowelding.com\/wp-content\/uploads\/2025\/04\/\u89e3\u6790-600x1041.png 600w, https:\/\/www.xinhaowelding.com\/wp-content\/uploads\/2025\/04\/\u89e3\u6790.png 809w\" sizes=\"(max-width: 590px) 100vw, 590px\" \/><\/figure>\n<\/div>\n<\/div><\/div>\n\n\n\n<h2 class=\"wp-block-heading\"><strong>\u73b0\u573a\u5b9e\u62cd<\/strong><\/h2>\n\n\n\n<h2 class=\"wp-block-heading has-medium-font-size\"><strong>Filmagem em direto<\/strong><\/h2>\n\n\n\n<div class=\"wp-block-uagb-container uagb-block-1346c36e alignfull uagb-is-root-container\"><div class=\"uagb-container-inner-blocks-wrap\">\n<div class=\"wp-block-uagb-container uagb-block-71b330e0\">\n<figure class=\"wp-block-image size-full\"><img loading=\"lazy\" decoding=\"async\" width=\"750\" height=\"1000\" src=\"https:\/\/www.xinhaowelding.com\/wp-content\/uploads\/2025\/04\/\u5c55\u793a1.jpg\" alt=\"\" class=\"wp-image-4609\" srcset=\"https:\/\/www.xinhaowelding.com\/wp-content\/uploads\/2025\/04\/\u5c55\u793a1.jpg 750w, https:\/\/www.xinhaowelding.com\/wp-content\/uploads\/2025\/04\/\u5c55\u793a1-225x300.jpg 225w, https:\/\/www.xinhaowelding.com\/wp-content\/uploads\/2025\/04\/\u5c55\u793a1-9x12.jpg 9w, https:\/\/www.xinhaowelding.com\/wp-content\/uploads\/2025\/04\/\u5c55\u793a1-600x800.jpg 600w\" sizes=\"(max-width: 750px) 100vw, 750px\" \/><\/figure>\n<\/div>\n\n\n\n<div class=\"wp-block-uagb-container uagb-block-6d61f12d\">\n<figure class=\"wp-block-image size-full\"><img loading=\"lazy\" decoding=\"async\" width=\"750\" height=\"1000\" src=\"https:\/\/www.xinhaowelding.com\/wp-content\/uploads\/2025\/04\/\u5c55\u793a3.jpg\" alt=\"\" class=\"wp-image-4611\" srcset=\"https:\/\/www.xinhaowelding.com\/wp-content\/uploads\/2025\/04\/\u5c55\u793a3.jpg 750w, https:\/\/www.xinhaowelding.com\/wp-content\/uploads\/2025\/04\/\u5c55\u793a3-225x300.jpg 225w, https:\/\/www.xinhaowelding.com\/wp-content\/uploads\/2025\/04\/\u5c55\u793a3-9x12.jpg 9w, https:\/\/www.xinhaowelding.com\/wp-content\/uploads\/2025\/04\/\u5c55\u793a3-600x800.jpg 600w\" sizes=\"(max-width: 750px) 100vw, 750px\" \/><\/figure>\n<\/div>\n\n\n\n<div class=\"wp-block-uagb-container uagb-block-b2cd1388\">\n<figure class=\"wp-block-image size-full\"><img loading=\"lazy\" decoding=\"async\" width=\"750\" height=\"1000\" src=\"https:\/\/www.xinhaowelding.com\/wp-content\/uploads\/2025\/04\/\u5c55\u793a2.jpg\" alt=\"\" class=\"wp-image-4610\" srcset=\"https:\/\/www.xinhaowelding.com\/wp-content\/uploads\/2025\/04\/\u5c55\u793a2.jpg 750w, https:\/\/www.xinhaowelding.com\/wp-content\/uploads\/2025\/04\/\u5c55\u793a2-225x300.jpg 225w, https:\/\/www.xinhaowelding.com\/wp-content\/uploads\/2025\/04\/\u5c55\u793a2-9x12.jpg 9w, https:\/\/www.xinhaowelding.com\/wp-content\/uploads\/2025\/04\/\u5c55\u793a2-600x800.jpg 600w\" sizes=\"(max-width: 750px) 100vw, 750px\" \/><\/figure>\n<\/div>\n\n\n\n<div class=\"wp-block-uagb-container uagb-block-2bf43244\">\n<figure class=\"wp-block-image size-full\"><img loading=\"lazy\" decoding=\"async\" width=\"750\" height=\"1000\" src=\"https:\/\/www.xinhaowelding.com\/wp-content\/uploads\/2025\/04\/\u5c55\u793a4.jpg\" alt=\"\" class=\"wp-image-4612\" srcset=\"https:\/\/www.xinhaowelding.com\/wp-content\/uploads\/2025\/04\/\u5c55\u793a4.jpg 750w, https:\/\/www.xinhaowelding.com\/wp-content\/uploads\/2025\/04\/\u5c55\u793a4-225x300.jpg 225w, https:\/\/www.xinhaowelding.com\/wp-content\/uploads\/2025\/04\/\u5c55\u793a4-9x12.jpg 9w, https:\/\/www.xinhaowelding.com\/wp-content\/uploads\/2025\/04\/\u5c55\u793a4-600x800.jpg 600w\" sizes=\"(max-width: 750px) 100vw, 750px\" \/><\/figure>\n<\/div>\n<\/div><\/div>\n\n\n\n<p class=\"has-text-align-center\"><a href=\"http:\/\/www.google.com\" title=\"www.google.com\">www.google.com<\/a><\/p>","protected":false},"excerpt":{"rendered":"<p>Automatic gun welding \u25c6 The adjustment mechanism can adjust the position of the welding gun. The top cone positioning is accurate and the welding seam forming is beautiful. \u25c6Drive using stepper motor (single axis) or servo motor (double axis) drive, PLC touch screen control system, can store 10 groups of welding process parameters, with simple [&hellip;]<\/p>","protected":false},"featured_media":4598,"comment_status":"open","ping_status":"closed","template":"","meta":{"om_disable_all_campaigns":false,"_uag_custom_page_level_css":"","_monsterinsights_skip_tracking":false,"_monsterinsights_sitenote_active":false,"_monsterinsights_sitenote_note":"","_monsterinsights_sitenote_category":0,"site-sidebar-layout":"default","site-content-layout":"","ast-site-content-layout":"default","site-content-style":"default","site-sidebar-style":"default","ast-global-header-display":"","ast-banner-title-visibility":"","ast-main-header-display":"","ast-hfb-above-header-display":"","ast-hfb-below-header-display":"","ast-hfb-mobile-header-display":"","site-post-title":"","ast-breadcrumbs-content":"","ast-featured-img":"","footer-sml-layout":"","theme-transparent-header-meta":"","adv-header-id-meta":"","stick-header-meta":"","header-above-stick-meta":"","header-main-stick-meta":"","header-below-stick-meta":"","astra-migrate-meta-layouts":"set","ast-page-background-enabled":"default","ast-page-background-meta":{"desktop":{"background-color":"","background-image":"","background-repeat":"repeat","background-position":"center center","background-size":"auto","background-attachment":"scroll","background-type":"","background-media":"","overlay-type":"","overlay-color":"","overlay-opacity":"","overlay-gradient":""},"tablet":{"background-color":"","background-image":"","background-repeat":"repeat","background-position":"center center","background-size":"auto","background-attachment":"scroll","background-type":"","background-media":"","overlay-type":"","overlay-color":"","overlay-opacity":"","overlay-gradient":""},"mobile":{"background-color":"","background-image":"","background-repeat":"repeat","background-position":"center center","background-size":"auto","background-attachment":"scroll","background-type":"","background-media":"","overlay-type":"","overlay-color":"","overlay-opacity":"","overlay-gradient":""}},"ast-content-background-meta":{"desktop":{"background-color":"var(--ast-global-color-5)","background-image":"","background-repeat":"repeat","background-position":"center center","background-size":"auto","background-attachment":"scroll","background-type":"","background-media":"","overlay-type":"","overlay-color":"","overlay-opacity":"","overlay-gradient":""},"tablet":{"background-color":"var(--ast-global-color-5)","background-image":"","background-repeat":"repeat","background-position":"center center","background-size":"auto","background-attachment":"scroll","background-type":"","background-media":"","overlay-type":"","overlay-color":"","overlay-opacity":"","overlay-gradient":""},"mobile":{"background-color":"var(--ast-global-color-5)","background-image":"","background-repeat":"repeat","background-position":"center center","background-size":"auto","background-attachment":"scroll","background-type":"","background-media":"","overlay-type":"","overlay-color":"","overlay-opacity":"","overlay-gradient":""}}},"product_brand":[],"product_cat":[67],"product_tag":[],"class_list":{"0":"post-4597","1":"product","2":"type-product","3":"status-publish","4":"has-post-thumbnail","6":"product_cat-argon-arc-automatic-welding","7":"desktop-align-left","8":"tablet-align-left","9":"mobile-align-left","11":"first","12":"instock","13":"shipping-taxable","14":"product-type-simple"},"aioseo_notices":[],"uagb_featured_image_src":{"full":["https:\/\/www.xinhaowelding.com\/wp-content\/uploads\/2025\/04\/1-1.jpg",800,800,false],"thumbnail":["https:\/\/www.xinhaowelding.com\/wp-content\/uploads\/2025\/04\/1-1-150x150.jpg",150,150,true],"medium":["https:\/\/www.xinhaowelding.com\/wp-content\/uploads\/2025\/04\/1-1-300x300.jpg",300,300,true],"medium_large":["https:\/\/www.xinhaowelding.com\/wp-content\/uploads\/2025\/04\/1-1-768x768.jpg",768,768,true],"large":["https:\/\/www.xinhaowelding.com\/wp-content\/uploads\/2025\/04\/1-1.jpg",800,800,false],"1536x1536":["https:\/\/www.xinhaowelding.com\/wp-content\/uploads\/2025\/04\/1-1.jpg",800,800,false],"2048x2048":["https:\/\/www.xinhaowelding.com\/wp-content\/uploads\/2025\/04\/1-1.jpg",800,800,false],"trp-custom-language-flag":["https:\/\/www.xinhaowelding.com\/wp-content\/uploads\/2025\/04\/1-1-12x12.jpg",12,12,true],"woocommerce_thumbnail":["https:\/\/www.xinhaowelding.com\/wp-content\/uploads\/2025\/04\/1-1-600x600.jpg",600,600,true],"woocommerce_single":["https:\/\/www.xinhaowelding.com\/wp-content\/uploads\/2025\/04\/1-1-600x600.jpg",600,600,true],"woocommerce_gallery_thumbnail":["https:\/\/www.xinhaowelding.com\/wp-content\/uploads\/2025\/04\/1-1-100x100.jpg",100,100,true]},"uagb_author_info":{"display_name":"jinxing6611@gmail.com","author_link":"https:\/\/www.xinhaowelding.com\/pt\/author\/"},"uagb_comment_info":0,"uagb_excerpt":"Automatic gun welding \u25c6 The adjustment mechanism can adjust the position of the welding gun. The top cone positioning is accurate and the welding seam forming is beautiful. \u25c6Drive using stepper motor (single axis) or servo motor (double axis) drive, PLC touch screen control system, can store 10 groups of welding process parameters, with simple&hellip;","_links":{"self":[{"href":"https:\/\/www.xinhaowelding.com\/pt\/wp-json\/wp\/v2\/product\/4597","targetHints":{"allow":["GET"]}}],"collection":[{"href":"https:\/\/www.xinhaowelding.com\/pt\/wp-json\/wp\/v2\/product"}],"about":[{"href":"https:\/\/www.xinhaowelding.com\/pt\/wp-json\/wp\/v2\/types\/product"}],"replies":[{"embeddable":true,"href":"https:\/\/www.xinhaowelding.com\/pt\/wp-json\/wp\/v2\/comments?post=4597"}],"wp:featuredmedia":[{"embeddable":true,"href":"https:\/\/www.xinhaowelding.com\/pt\/wp-json\/wp\/v2\/media\/4598"}],"wp:attachment":[{"href":"https:\/\/www.xinhaowelding.com\/pt\/wp-json\/wp\/v2\/media?parent=4597"}],"wp:term":[{"taxonomy":"product_brand","embeddable":true,"href":"https:\/\/www.xinhaowelding.com\/pt\/wp-json\/wp\/v2\/product_brand?post=4597"},{"taxonomy":"product_cat","embeddable":true,"href":"https:\/\/www.xinhaowelding.com\/pt\/wp-json\/wp\/v2\/product_cat?post=4597"},{"taxonomy":"product_tag","embeddable":true,"href":"https:\/\/www.xinhaowelding.com\/pt\/wp-json\/wp\/v2\/product_tag?post=4597"}],"curies":[{"name":"wp","href":"https:\/\/api.w.org\/{rel}","templated":true}]}}