{"id":4679,"date":"2025-06-02T07:10:19","date_gmt":"2025-06-02T07:10:19","guid":{"rendered":"https:\/\/www.xinhaowelding.com\/?post_type=product&#038;p=4679"},"modified":"2025-06-02T07:11:25","modified_gmt":"2025-06-02T07:11:25","slug":"7-axis-tig-welder-components-jinan-xinhao","status":"publish","type":"product","link":"https:\/\/www.xinhaowelding.com\/pt\/produto\/7-axis-tig-welder-components-jinan-xinhao\/","title":{"rendered":"Componentes da m\u00e1quina de solda TIG de 7 eixos | Jinan Xinhao"},"content":{"rendered":"<h1 class=\"wp-block-heading\" style=\"font-size:28px\"><strong><a href=\"https:\/\/www.xinhaowelding.com\/pt\/produto\/7-axis-tig-welder-components-jinan-xinhao\/\" title=\"Jinan Xinhao Welding Technology Co., Ltd.: Inovando a precis\u00e3o com sistemas de soldadura TIG de 7 eixos\">Jinan Xinhao Welding Technology Co., Ltd.: Inovando a precis\u00e3o com sistemas de soldadura TIG de 7 eixos<\/a><\/strong><\/h1>\n\n\n\n<h2 class=\"wp-block-heading has-medium-font-size\"><strong>Introdu\u00e7\u00e3o<\/strong><\/h2>\n\n\n\n<p>Jinan Xinhao Welding Technology Co., Ltd. \u00e9 um fabricante l\u00edder de solu\u00e7\u00f5es avan\u00e7adas de soldadura, especializado em soldadura de alta precis\u00e3o&nbsp;<strong>M\u00e1quinas de soldadura TIG (g\u00e1s inerte de tungst\u00e9nio) de 7 eixos<\/strong>. Concebidos para ind\u00fastrias que requerem uma precis\u00e3o de soldadura ultra-fina - como a aeroespacial, a autom\u00f3vel e o fabrico de topo de gama - os sistemas de ponta da Xinhao proporcionam um desempenho, efici\u00eancia e fiabilidade inigual\u00e1veis.<\/p>\n\n\n\n<h2 class=\"wp-block-heading has-medium-font-size\"><strong>Porqu\u00ea escolher a soldadura TIG de 7 eixos?<\/strong><\/h2>\n\n\n\n<p>Os m\u00e9todos de soldadura tradicionais enfrentam frequentemente limita\u00e7\u00f5es em geometrias complexas e toler\u00e2ncias apertadas. Os m\u00e9todos de soldadura da Xinhao&nbsp;<strong>Sistemas de soldadura TIG robotizados de 7 eixos<\/strong>&nbsp;superar estes desafios, oferecendo:<\/p>\n\n\n\n<ol class=\"wp-block-list\">\n<li><strong>Flexibilidade de soldadura de 360\u00b0<\/strong>: A articula\u00e7\u00e3o multieixos permite uma soldadura perfeita de componentes complexos a partir de qualquer \u00e2ngulo.<\/li>\n\n\n\n<li><strong>Precis\u00e3o guiada por laser<\/strong>: Os sensores integrados garantem uma precis\u00e3o ao n\u00edvel do m\u00edcron, reduzindo o desperd\u00edcio de material.<\/li>\n\n\n\n<li><strong>Efici\u00eancia automatizada<\/strong>: A l\u00f3gica program\u00e1vel minimiza os erros humanos, aumentando a produtividade.<\/li>\n\n\n\n<li><strong>Qualidade de soldadura superior<\/strong>: A blindagem com g\u00e1s \u00e1rgon elimina a oxida\u00e7\u00e3o, produzindo juntas limpas e robustas.<\/li>\n<\/ol>\n\n\n\n<h2 class=\"wp-block-heading has-medium-font-size\"><strong>A vantagem tecnol\u00f3gica da Xinhao<\/strong><\/h2>\n\n\n\n<ol start=\"1\" class=\"wp-block-list\">\n<li><strong>Solu\u00e7\u00f5es personalizadas<\/strong>: Adaptado para a\u00e7o inoxid\u00e1vel, alum\u00ednio, tit\u00e2nio e outras ligas.<\/li>\n\n\n\n<li><strong>Sistemas de controlo inteligentes<\/strong>: Interfaces de f\u00e1cil utiliza\u00e7\u00e3o com monitoriza\u00e7\u00e3o em tempo real e par\u00e2metros de soldadura adapt\u00e1veis.<\/li>\n\n\n\n<li><strong>Durabilidade<\/strong>: Constru\u00e7\u00e3o robusta para ambientes industriais.<\/li>\n\n\n\n<li><strong>Conformidade global<\/strong>: Cumpre as normas de seguran\u00e7a ISO, CE e internacionais.<\/li>\n<\/ol>\n\n\n\n<h2 class=\"wp-block-heading has-medium-font-size\"><strong>Aplica\u00e7\u00f5es<\/strong><\/h2>\n\n\n\n<p>As m\u00e1quinas de soldar TIG de 7 eixos da Xinhao s\u00e3o ideais para:<br>\u00a0<strong>Aeroespacial<\/strong>\u00a0(componentes do motor, sistemas de combust\u00edvel)<br>\u00a0<strong>Autom\u00f3vel<\/strong>\u00a0(tabuleiros de baterias EV, sistemas de exaust\u00e3o)<br>\u00a0<strong>Dispositivos m\u00e9dicos<\/strong>\u00a0(instrumentos cir\u00fargicos, implantes)<br>\u00a0<strong>Setor da energia<\/strong>\u00a0(condutas, componentes nucleares)<\/p>\n\n\n\n<p>A Jinan Xinhao Welding Technology Co., Ltd. combina a inova\u00e7\u00e3o com a per\u00edcia para redefinir a automatiza\u00e7\u00e3o da soldadura. Os seus&nbsp;<strong>M\u00e1quinas de soldadura TIG de 7 eixos<\/strong>&nbsp;estabelecem novos padr\u00f5es de refer\u00eancia em termos de velocidade, precis\u00e3o e versatilidade, permitindo que as ind\u00fastrias obtenham resultados perfeitos.<\/p>\n\n\n\n<p><strong>Contactar a Xinhao hoje<\/strong>&nbsp;para explorar a forma como a sua tecnologia pode melhorar a sua linha de produ\u00e7\u00e3o!<\/p>\n\n\n\n<figure class=\"wp-block-table\"><table class=\"has-fixed-layout\"><tbody><tr><td>Nome do equipamento<\/td><td>ZDH-3365<\/td><td>Tocha de soldadura autom\u00e1tica<\/td><td>WP-27\/Refrigerado a \u00e1gua<\/td><\/tr><tr><td>Capacidade de carga horizontal<\/td><td>600KG<\/td><td>M\u00e1quina de soldadura TIG<\/td><td>M\u00e1quina de soldar Panasonic<\/td><\/tr><tr><td>Pe\u00e7as de trabalho adequadas<\/td><td>50-900mm<\/td><td>Modo de oscila\u00e7\u00e3o<\/td><td>Balan\u00e7o angular<\/td><\/tr><tr><td>Furo de passagem da m\u00e1quina<\/td><td>365 mm<\/td><td>Alimentador de arame<\/td><td>86 alimentador de arame<\/td><\/tr><tr><td>Curso el\u00e9trico da base<\/td><td>1000mm<\/td><td>Curso el\u00e9trico da coluna<\/td><td>800 mm<\/td><\/tr><tr><td>Dimens\u00f5es do equipamento<\/td><td>1500*1790*1900mm<\/td><td>Curso el\u00e9trico da viga transversal<\/td><td>500 mm<\/td><\/tr><\/tbody><\/table><\/figure>\n\n\n\n<h2 class=\"wp-block-heading\"><strong><u><strong>\u4ea7\u54c1\u7ec6\u8282<\/strong><\/u><\/strong><strong><u><strong><\/strong><\/u><\/strong><\/h2>\n\n\n\n<h2 class=\"wp-block-heading\"><strong>Detalhes do produto<\/strong><\/h2>\n\n\n\n<div class=\"wp-block-uagb-container uagb-block-29372bf1 alignfull uagb-is-root-container\"><div class=\"uagb-container-inner-blocks-wrap\">\n<div class=\"wp-block-uagb-container uagb-block-ab41d8c3\">\n<figure class=\"wp-block-image size-full\"><img fetchpriority=\"high\" decoding=\"async\" width=\"1000\" height=\"750\" src=\"https:\/\/www.xinhaowelding.com\/wp-content\/uploads\/2025\/06\/\u7ec6\u82821.jpg\" alt=\"\" class=\"wp-image-4687\" srcset=\"https:\/\/www.xinhaowelding.com\/wp-content\/uploads\/2025\/06\/\u7ec6\u82821.jpg 1000w, https:\/\/www.xinhaowelding.com\/wp-content\/uploads\/2025\/06\/\u7ec6\u82821-300x225.jpg 300w, https:\/\/www.xinhaowelding.com\/wp-content\/uploads\/2025\/06\/\u7ec6\u82821-768x576.jpg 768w, https:\/\/www.xinhaowelding.com\/wp-content\/uploads\/2025\/06\/\u7ec6\u82821-16x12.jpg 16w, https:\/\/www.xinhaowelding.com\/wp-content\/uploads\/2025\/06\/\u7ec6\u82821-600x450.jpg 600w\" sizes=\"(max-width: 1000px) 100vw, 1000px\" \/><\/figure>\n<\/div>\n\n\n\n<div class=\"wp-block-uagb-container uagb-block-e701ce0b\">\n<div class=\"wp-block-group is-layout-constrained wp-block-group-is-layout-constrained\">\n<p class=\"has-large-font-size\"><strong>Caixa de controlo PLC<\/strong><\/p>\n\n\n\n<div class=\"wp-block-group is-layout-constrained wp-block-group-is-layout-constrained\">\n<p>Controlo num\u00e9rico inteligente, opera\u00e7\u00e3o simples<\/p>\n\n\n\n<p>Com um dep\u00f3sito de \u00e1gua de arrefecimento<\/p>\n\n\n\n<p>M\u00e1quina de soldar Panasonic, m\u00faltiplas fun\u00e7\u00f5es para ajuste livre<\/p>\n\n\n\n<p>Funcionamento est\u00e1vel<\/p>\n<\/div>\n<\/div>\n<\/div>\n<\/div><\/div>\n\n\n\n<div class=\"wp-block-uagb-container uagb-block-8b8066ac alignfull uagb-is-root-container\"><div class=\"uagb-container-inner-blocks-wrap\">\n<div class=\"wp-block-uagb-container uagb-block-f5e22ca2\">\n<figure class=\"wp-block-image size-full\"><img decoding=\"async\" width=\"1000\" height=\"750\" src=\"https:\/\/www.xinhaowelding.com\/wp-content\/uploads\/2025\/06\/\u7ec6\u82822.jpg\" alt=\"\" class=\"wp-image-4688\" srcset=\"https:\/\/www.xinhaowelding.com\/wp-content\/uploads\/2025\/06\/\u7ec6\u82822.jpg 1000w, https:\/\/www.xinhaowelding.com\/wp-content\/uploads\/2025\/06\/\u7ec6\u82822-300x225.jpg 300w, https:\/\/www.xinhaowelding.com\/wp-content\/uploads\/2025\/06\/\u7ec6\u82822-768x576.jpg 768w, https:\/\/www.xinhaowelding.com\/wp-content\/uploads\/2025\/06\/\u7ec6\u82822-16x12.jpg 16w, https:\/\/www.xinhaowelding.com\/wp-content\/uploads\/2025\/06\/\u7ec6\u82822-600x450.jpg 600w\" sizes=\"(max-width: 1000px) 100vw, 1000px\" \/><\/figure>\n<\/div>\n\n\n\n<div class=\"wp-block-uagb-container uagb-block-a7349e46\">\n<div class=\"wp-block-group is-layout-constrained wp-block-group-is-layout-constrained\">\n<p class=\"has-large-font-size\"><strong>Regula\u00e7\u00e3o el\u00e9ctrica para cima e para baixo<\/strong><\/p>\n\n\n\n<div class=\"wp-block-group is-layout-constrained wp-block-group-is-layout-constrained\">\n<div class=\"wp-block-group is-layout-constrained wp-block-group-is-layout-constrained\">\n<p>Regula\u00e7\u00e3o el\u00e9ctrica<br><\/p>\n\n\n\n<p>Posicionamento preciso<\/p>\n<\/div>\n\n\n\n<div class=\"wp-block-group is-layout-constrained wp-block-group-is-layout-constrained\"><\/div>\n<\/div>\n<\/div>\n<\/div>\n<\/div><\/div>\n\n\n\n<div class=\"wp-block-uagb-container uagb-block-21a3a21e alignfull uagb-is-root-container\"><div class=\"uagb-container-inner-blocks-wrap\">\n<div class=\"wp-block-uagb-container uagb-block-fc7a09d2\">\n<figure class=\"wp-block-image size-full\"><img decoding=\"async\" width=\"1000\" height=\"750\" src=\"https:\/\/www.xinhaowelding.com\/wp-content\/uploads\/2025\/06\/\u7ec6\u82823.jpg\" alt=\"\" class=\"wp-image-4689\" srcset=\"https:\/\/www.xinhaowelding.com\/wp-content\/uploads\/2025\/06\/\u7ec6\u82823.jpg 1000w, https:\/\/www.xinhaowelding.com\/wp-content\/uploads\/2025\/06\/\u7ec6\u82823-300x225.jpg 300w, https:\/\/www.xinhaowelding.com\/wp-content\/uploads\/2025\/06\/\u7ec6\u82823-768x576.jpg 768w, https:\/\/www.xinhaowelding.com\/wp-content\/uploads\/2025\/06\/\u7ec6\u82823-16x12.jpg 16w, https:\/\/www.xinhaowelding.com\/wp-content\/uploads\/2025\/06\/\u7ec6\u82823-600x450.jpg 600w\" sizes=\"(max-width: 1000px) 100vw, 1000px\" \/><\/figure>\n<\/div>\n\n\n\n<div class=\"wp-block-uagb-container uagb-block-246ed865\">\n<div class=\"wp-block-group is-layout-constrained wp-block-group-is-layout-constrained\">\n<p class=\"has-large-font-size\"><strong>Posicionador de furos<\/strong><\/p>\n\n\n\n<p>Pode fixar pe\u00e7as de trabalho com diferentes di\u00e2metros.<\/p>\n\n\n\n<p>Fixa\u00e7\u00e3o est\u00e1vel e posicionamento exato.<\/p>\n\n\n\n<div class=\"wp-block-group is-layout-constrained wp-block-group-is-layout-constrained\">\n<p>A personaliza\u00e7\u00e3o \u00e9 suportada.<\/p>\n<\/div>\n<\/div>\n<\/div>\n<\/div><\/div>\n\n\n\n<div class=\"wp-block-uagb-container uagb-block-1b32b6e0 alignfull uagb-is-root-container\"><div class=\"uagb-container-inner-blocks-wrap\">\n<div class=\"wp-block-uagb-container uagb-block-230fa5b6\">\n<figure class=\"wp-block-image size-full\"><img loading=\"lazy\" decoding=\"async\" width=\"1000\" height=\"750\" src=\"https:\/\/www.xinhaowelding.com\/wp-content\/uploads\/2025\/06\/\u7ec6\u82824.jpg\" alt=\"\" class=\"wp-image-4690\" srcset=\"https:\/\/www.xinhaowelding.com\/wp-content\/uploads\/2025\/06\/\u7ec6\u82824.jpg 1000w, https:\/\/www.xinhaowelding.com\/wp-content\/uploads\/2025\/06\/\u7ec6\u82824-300x225.jpg 300w, https:\/\/www.xinhaowelding.com\/wp-content\/uploads\/2025\/06\/\u7ec6\u82824-768x576.jpg 768w, https:\/\/www.xinhaowelding.com\/wp-content\/uploads\/2025\/06\/\u7ec6\u82824-16x12.jpg 16w, https:\/\/www.xinhaowelding.com\/wp-content\/uploads\/2025\/06\/\u7ec6\u82824-600x450.jpg 600w\" sizes=\"(max-width: 1000px) 100vw, 1000px\" \/><\/figure>\n<\/div>\n\n\n\n<div class=\"wp-block-uagb-container uagb-block-d79b0281\">\n<div class=\"wp-block-group is-layout-constrained wp-block-group-is-layout-constrained\">\n<p class=\"has-large-font-size\"><strong>Volante de ajuste<\/strong><\/p>\n\n\n\n<p>Ajustar manualmente o \u00e2ngulo de inclina\u00e7\u00e3o do posicionador<\/p>\n\n\n\n<p>Ajustar a soldadura em qualquer \u00e2ngulo<\/p>\n<\/div>\n<\/div>\n<\/div><\/div>\n\n\n\n<div class=\"wp-block-uagb-container uagb-block-d9285cf1 alignfull uagb-is-root-container\"><div class=\"uagb-container-inner-blocks-wrap\">\n<div class=\"wp-block-uagb-container uagb-block-4af81e4a\">\n<figure class=\"wp-block-image size-full\"><img loading=\"lazy\" decoding=\"async\" width=\"1000\" height=\"750\" src=\"https:\/\/www.xinhaowelding.com\/wp-content\/uploads\/2025\/06\/\u7ec6\u82825.jpg\" alt=\"\" class=\"wp-image-4691\" srcset=\"https:\/\/www.xinhaowelding.com\/wp-content\/uploads\/2025\/06\/\u7ec6\u82825.jpg 1000w, https:\/\/www.xinhaowelding.com\/wp-content\/uploads\/2025\/06\/\u7ec6\u82825-300x225.jpg 300w, https:\/\/www.xinhaowelding.com\/wp-content\/uploads\/2025\/06\/\u7ec6\u82825-768x576.jpg 768w, https:\/\/www.xinhaowelding.com\/wp-content\/uploads\/2025\/06\/\u7ec6\u82825-16x12.jpg 16w, https:\/\/www.xinhaowelding.com\/wp-content\/uploads\/2025\/06\/\u7ec6\u82825-600x450.jpg 600w\" sizes=\"(max-width: 1000px) 100vw, 1000px\" \/><\/figure>\n<\/div>\n\n\n\n<div class=\"wp-block-uagb-container uagb-block-05ab637a\">\n<div class=\"wp-block-group is-layout-constrained wp-block-group-is-layout-constrained\">\n<p class=\"has-large-font-size\"><strong>Controlo remoto de soldadura<\/strong><\/p>\n\n\n\n<p>Fun\u00e7\u00f5es abrangentes e funcionamento inteligente<\/p>\n\n\n\n<p>Forte capacidade anti-interfer\u00eancia<\/p>\n\n\n\n<p>Controlo a longa dist\u00e2ncia<\/p>\n<\/div>\n<\/div>\n<\/div><\/div>\n\n\n\n<h2 class=\"wp-block-heading\">\u4ea7\u54c1\u89e3\u6790\/\u5c3a\u5bf8<\/h2>\n\n\n\n<p>An\u00e1lise do produto\/dimens\u00f5es<\/p>\n\n\n\n<div class=\"wp-block-uagb-container uagb-block-13aa04fc alignfull uagb-is-root-container\"><div class=\"uagb-container-inner-blocks-wrap\">\n<div class=\"wp-block-uagb-container uagb-block-4db9cd15\">\n<figure class=\"wp-block-image size-full\"><img loading=\"lazy\" decoding=\"async\" width=\"643\" height=\"649\" src=\"https:\/\/www.xinhaowelding.com\/wp-content\/uploads\/2025\/06\/\u5c3a\u5bf8.png\" alt=\"\" class=\"wp-image-4685\" srcset=\"https:\/\/www.xinhaowelding.com\/wp-content\/uploads\/2025\/06\/\u5c3a\u5bf8.png 643w, https:\/\/www.xinhaowelding.com\/wp-content\/uploads\/2025\/06\/\u5c3a\u5bf8-297x300.png 297w, https:\/\/www.xinhaowelding.com\/wp-content\/uploads\/2025\/06\/\u5c3a\u5bf8-150x150.png 150w, https:\/\/www.xinhaowelding.com\/wp-content\/uploads\/2025\/06\/\u5c3a\u5bf8-12x12.png 12w, https:\/\/www.xinhaowelding.com\/wp-content\/uploads\/2025\/06\/\u5c3a\u5bf8-600x606.png 600w, https:\/\/www.xinhaowelding.com\/wp-content\/uploads\/2025\/06\/\u5c3a\u5bf8-100x100.png 100w\" sizes=\"(max-width: 643px) 100vw, 643px\" \/><\/figure>\n<\/div>\n\n\n\n<div class=\"wp-block-uagb-container uagb-block-e84de448\">\n<figure class=\"wp-block-image size-large\"><img loading=\"lazy\" decoding=\"async\" width=\"1024\" height=\"625\" src=\"https:\/\/www.xinhaowelding.com\/wp-content\/uploads\/2025\/06\/\u89e3\u6790\u82f1\u6587-1024x625.png\" alt=\"\" class=\"wp-image-4686\" srcset=\"https:\/\/www.xinhaowelding.com\/wp-content\/uploads\/2025\/06\/\u89e3\u6790\u82f1\u6587-1024x625.png 1024w, https:\/\/www.xinhaowelding.com\/wp-content\/uploads\/2025\/06\/\u89e3\u6790\u82f1\u6587-300x183.png 300w, https:\/\/www.xinhaowelding.com\/wp-content\/uploads\/2025\/06\/\u89e3\u6790\u82f1\u6587-768x469.png 768w, https:\/\/www.xinhaowelding.com\/wp-content\/uploads\/2025\/06\/\u89e3\u6790\u82f1\u6587-1536x938.png 1536w, https:\/\/www.xinhaowelding.com\/wp-content\/uploads\/2025\/06\/\u89e3\u6790\u82f1\u6587-2048x1250.png 2048w\" sizes=\"(max-width: 1024px) 100vw, 1024px\" \/><\/figure>\n<\/div>\n<\/div><\/div>\n\n\n\n<h2 class=\"wp-block-heading\">\u73b0\u573a\u5b9e\u62cd<\/h2>\n\n\n\n<h2 class=\"wp-block-heading\">Filmagem em direto<\/h2>\n\n\n\n<div class=\"wp-block-uagb-container uagb-block-03da7a64 alignfull uagb-is-root-container\"><div class=\"uagb-container-inner-blocks-wrap\">\n<div class=\"wp-block-uagb-container uagb-block-d59365ad\">\n<figure class=\"wp-block-image size-full\"><img loading=\"lazy\" decoding=\"async\" width=\"750\" height=\"1000\" src=\"https:\/\/www.xinhaowelding.com\/wp-content\/uploads\/2025\/06\/\u5c55\u793a1.jpg\" alt=\"\" class=\"wp-image-4692\" srcset=\"https:\/\/www.xinhaowelding.com\/wp-content\/uploads\/2025\/06\/\u5c55\u793a1.jpg 750w, https:\/\/www.xinhaowelding.com\/wp-content\/uploads\/2025\/06\/\u5c55\u793a1-225x300.jpg 225w, https:\/\/www.xinhaowelding.com\/wp-content\/uploads\/2025\/06\/\u5c55\u793a1-9x12.jpg 9w, https:\/\/www.xinhaowelding.com\/wp-content\/uploads\/2025\/06\/\u5c55\u793a1-600x800.jpg 600w\" sizes=\"(max-width: 750px) 100vw, 750px\" \/><\/figure>\n<\/div>\n\n\n\n<div class=\"wp-block-uagb-container uagb-block-25b6a97a\">\n<figure class=\"wp-block-image size-full\"><img loading=\"lazy\" decoding=\"async\" width=\"750\" height=\"1000\" src=\"https:\/\/www.xinhaowelding.com\/wp-content\/uploads\/2025\/06\/\u5c55\u793a2.jpg\" alt=\"\" class=\"wp-image-4693\" srcset=\"https:\/\/www.xinhaowelding.com\/wp-content\/uploads\/2025\/06\/\u5c55\u793a2.jpg 750w, https:\/\/www.xinhaowelding.com\/wp-content\/uploads\/2025\/06\/\u5c55\u793a2-225x300.jpg 225w, https:\/\/www.xinhaowelding.com\/wp-content\/uploads\/2025\/06\/\u5c55\u793a2-9x12.jpg 9w, https:\/\/www.xinhaowelding.com\/wp-content\/uploads\/2025\/06\/\u5c55\u793a2-600x800.jpg 600w\" sizes=\"(max-width: 750px) 100vw, 750px\" \/><\/figure>\n<\/div>\n<\/div><\/div>\n\n\n\n<div class=\"wp-block-uagb-container uagb-block-ed701279 alignfull uagb-is-root-container\"><div class=\"uagb-container-inner-blocks-wrap\">\n<figure class=\"wp-block-image size-full\"><img loading=\"lazy\" decoding=\"async\" width=\"1000\" height=\"750\" src=\"https:\/\/www.xinhaowelding.com\/wp-content\/uploads\/2025\/06\/\u5c55\u793a4.jpg\" alt=\"\" class=\"wp-image-4695\" srcset=\"https:\/\/www.xinhaowelding.com\/wp-content\/uploads\/2025\/06\/\u5c55\u793a4.jpg 1000w, https:\/\/www.xinhaowelding.com\/wp-content\/uploads\/2025\/06\/\u5c55\u793a4-300x225.jpg 300w, https:\/\/www.xinhaowelding.com\/wp-content\/uploads\/2025\/06\/\u5c55\u793a4-768x576.jpg 768w, https:\/\/www.xinhaowelding.com\/wp-content\/uploads\/2025\/06\/\u5c55\u793a4-16x12.jpg 16w, https:\/\/www.xinhaowelding.com\/wp-content\/uploads\/2025\/06\/\u5c55\u793a4-600x450.jpg 600w\" sizes=\"(max-width: 1000px) 100vw, 1000px\" \/><\/figure>\n<\/div><\/div>\n\n\n\n<div class=\"wp-block-uagb-container uagb-block-ff5bc369 alignfull uagb-is-root-container\"><div class=\"uagb-container-inner-blocks-wrap\">\n<figure class=\"wp-block-image size-full\"><img loading=\"lazy\" decoding=\"async\" width=\"1000\" height=\"750\" src=\"https:\/\/www.xinhaowelding.com\/wp-content\/uploads\/2025\/06\/\u5c55\u793a3.jpg\" alt=\"\" class=\"wp-image-4694\" srcset=\"https:\/\/www.xinhaowelding.com\/wp-content\/uploads\/2025\/06\/\u5c55\u793a3.jpg 1000w, https:\/\/www.xinhaowelding.com\/wp-content\/uploads\/2025\/06\/\u5c55\u793a3-300x225.jpg 300w, https:\/\/www.xinhaowelding.com\/wp-content\/uploads\/2025\/06\/\u5c55\u793a3-768x576.jpg 768w, https:\/\/www.xinhaowelding.com\/wp-content\/uploads\/2025\/06\/\u5c55\u793a3-16x12.jpg 16w, https:\/\/www.xinhaowelding.com\/wp-content\/uploads\/2025\/06\/\u5c55\u793a3-600x450.jpg 600w\" sizes=\"(max-width: 1000px) 100vw, 1000px\" \/><\/figure>\n<\/div><\/div>\n\n\n\n<p class=\"has-text-align-center\"><a href=\"http:\/\/www.google.com\" title=\"www.google.com\">www.google.com<\/a><\/p>","protected":false},"excerpt":{"rendered":"<p>A Jinan Xinhao Welding Tech oferece equipamento avan\u00e7ado de soldadura TIG de 7 eixos para solu\u00e7\u00f5es de soldadura de precis\u00e3o. Alta efici\u00eancia, automa\u00e7\u00e3o e qualidade superior.<\/p>","protected":false},"featured_media":4680,"comment_status":"open","ping_status":"closed","template":"","meta":{"om_disable_all_campaigns":false,"_uag_custom_page_level_css":"","_monsterinsights_skip_tracking":false,"_monsterinsights_sitenote_active":false,"_monsterinsights_sitenote_note":"","_monsterinsights_sitenote_category":0,"site-sidebar-layout":"default","site-content-layout":"","ast-site-content-layout":"default","site-content-style":"default","site-sidebar-style":"default","ast-global-header-display":"","ast-banner-title-visibility":"","ast-main-header-display":"","ast-hfb-above-header-display":"","ast-hfb-below-header-display":"","ast-hfb-mobile-header-display":"","site-post-title":"","ast-breadcrumbs-content":"","ast-featured-img":"","footer-sml-layout":"","theme-transparent-header-meta":"","adv-header-id-meta":"","stick-header-meta":"","header-above-stick-meta":"","header-main-stick-meta":"","header-below-stick-meta":"","astra-migrate-meta-layouts":"set","ast-page-background-enabled":"default","ast-page-background-meta":{"desktop":{"background-color":"","background-image":"","background-repeat":"repeat","background-position":"center center","background-size":"auto","background-attachment":"scroll","background-type":"","background-media":"","overlay-type":"","overlay-color":"","overlay-opacity":"","overlay-gradient":""},"tablet":{"background-color":"","background-image":"","background-repeat":"repeat","background-position":"center center","background-size":"auto","background-attachment":"scroll","background-type":"","background-media":"","overlay-type":"","overlay-color":"","overlay-opacity":"","overlay-gradient":""},"mobile":{"background-color":"","background-image":"","background-repeat":"repeat","background-position":"center center","background-size":"auto","background-attachment":"scroll","background-type":"","background-media":"","overlay-type":"","overlay-color":"","overlay-opacity":"","overlay-gradient":""}},"ast-content-background-meta":{"desktop":{"background-color":"var(--ast-global-color-5)","background-image":"","background-repeat":"repeat","background-position":"center center","background-size":"auto","background-attachment":"scroll","background-type":"","background-media":"","overlay-type":"","overlay-color":"","overlay-opacity":"","overlay-gradient":""},"tablet":{"background-color":"var(--ast-global-color-5)","background-image":"","background-repeat":"repeat","background-position":"center center","background-size":"auto","background-attachment":"scroll","background-type":"","background-media":"","overlay-type":"","overlay-color":"","overlay-opacity":"","overlay-gradient":""},"mobile":{"background-color":"var(--ast-global-color-5)","background-image":"","background-repeat":"repeat","background-position":"center center","background-size":"auto","background-attachment":"scroll","background-type":"","background-media":"","overlay-type":"","overlay-color":"","overlay-opacity":"","overlay-gradient":""}}},"product_brand":[],"product_cat":[67,57],"product_tag":[],"class_list":{"0":"post-4679","1":"product","2":"type-product","3":"status-publish","4":"has-post-thumbnail","6":"product_cat-argon-arc-automatic-welding","7":"product_cat-automatic-welding-equipment","8":"desktop-align-left","9":"tablet-align-left","10":"mobile-align-left","12":"first","13":"instock","14":"shipping-taxable","15":"product-type-simple"},"aioseo_notices":[],"uagb_featured_image_src":{"full":["https:\/\/www.xinhaowelding.com\/wp-content\/uploads\/2025\/06\/1.jpg",800,800,false],"thumbnail":["https:\/\/www.xinhaowelding.com\/wp-content\/uploads\/2025\/06\/1-150x150.jpg",150,150,true],"medium":["https:\/\/www.xinhaowelding.com\/wp-content\/uploads\/2025\/06\/1-300x300.jpg",300,300,true],"medium_large":["https:\/\/www.xinhaowelding.com\/wp-content\/uploads\/2025\/06\/1-768x768.jpg",768,768,true],"large":["https:\/\/www.xinhaowelding.com\/wp-content\/uploads\/2025\/06\/1.jpg",800,800,false],"1536x1536":["https:\/\/www.xinhaowelding.com\/wp-content\/uploads\/2025\/06\/1.jpg",800,800,false],"2048x2048":["https:\/\/www.xinhaowelding.com\/wp-content\/uploads\/2025\/06\/1.jpg",800,800,false],"trp-custom-language-flag":["https:\/\/www.xinhaowelding.com\/wp-content\/uploads\/2025\/06\/1-12x12.jpg",12,12,true],"woocommerce_thumbnail":["https:\/\/www.xinhaowelding.com\/wp-content\/uploads\/2025\/06\/1-600x600.jpg",600,600,true],"woocommerce_single":["https:\/\/www.xinhaowelding.com\/wp-content\/uploads\/2025\/06\/1-600x600.jpg",600,600,true],"woocommerce_gallery_thumbnail":["https:\/\/www.xinhaowelding.com\/wp-content\/uploads\/2025\/06\/1-100x100.jpg",100,100,true]},"uagb_author_info":{"display_name":"jinxing6611@gmail.com","author_link":"https:\/\/www.xinhaowelding.com\/pt\/author\/"},"uagb_comment_info":0,"uagb_excerpt":"Jinan Xinhao Welding Tech offers advanced 7-axis TIG welding equipment for precision welding solutions. High efficiency, automation, and superior quality.","_links":{"self":[{"href":"https:\/\/www.xinhaowelding.com\/pt\/wp-json\/wp\/v2\/product\/4679","targetHints":{"allow":["GET"]}}],"collection":[{"href":"https:\/\/www.xinhaowelding.com\/pt\/wp-json\/wp\/v2\/product"}],"about":[{"href":"https:\/\/www.xinhaowelding.com\/pt\/wp-json\/wp\/v2\/types\/product"}],"replies":[{"embeddable":true,"href":"https:\/\/www.xinhaowelding.com\/pt\/wp-json\/wp\/v2\/comments?post=4679"}],"wp:featuredmedia":[{"embeddable":true,"href":"https:\/\/www.xinhaowelding.com\/pt\/wp-json\/wp\/v2\/media\/4680"}],"wp:attachment":[{"href":"https:\/\/www.xinhaowelding.com\/pt\/wp-json\/wp\/v2\/media?parent=4679"}],"wp:term":[{"taxonomy":"product_brand","embeddable":true,"href":"https:\/\/www.xinhaowelding.com\/pt\/wp-json\/wp\/v2\/product_brand?post=4679"},{"taxonomy":"product_cat","embeddable":true,"href":"https:\/\/www.xinhaowelding.com\/pt\/wp-json\/wp\/v2\/product_cat?post=4679"},{"taxonomy":"product_tag","embeddable":true,"href":"https:\/\/www.xinhaowelding.com\/pt\/wp-json\/wp\/v2\/product_tag?post=4679"}],"curies":[{"name":"wp","href":"https:\/\/api.w.org\/{rel}","templated":true}]}}