{"id":4715,"date":"2025-06-18T07:44:19","date_gmt":"2025-06-18T07:44:19","guid":{"rendered":"https:\/\/www.xinhaowelding.com\/?post_type=product&#038;p=4715"},"modified":"2025-06-18T07:44:38","modified_gmt":"2025-06-18T07:44:38","slug":"auto-tig-welder-zdh-2365j-with-argon-protection","status":"publish","type":"product","link":"https:\/\/www.xinhaowelding.com\/pt\/produto\/auto-tig-welder-zdh-2365j-with-argon-protection\/","title":{"rendered":"Soldador TIG autom\u00e1tico ZDH-2365J com prote\u00e7\u00e3o de \u00e1rgon"},"content":{"rendered":"<p><strong><a href=\"https:\/\/www.xinhaowelding.com\/pt\/produto\/auto-tig-welder-zdh-2365j-with-argon-protection\/\" title=\"Apresentamos a m\u00e1quina de soldar TIG autom\u00e1tica ZDH-2365J - Precis\u00e3o, pot\u00eancia e desempenho\">Apresentamos a m\u00e1quina de soldar TIG autom\u00e1tica ZDH-2365J - Precis\u00e3o, pot\u00eancia e desempenho<\/a><\/strong><\/p>\n\n\n\n<p><strong>Revolucione o seu processo de soldadura com a ZDH-2365J<\/strong><\/p>\n\n\n\n<p>O&nbsp;<strong>Soldador TIG autom\u00e1tico ZDH-2365J<\/strong>&nbsp;\u00e9 a mais recente inova\u00e7\u00e3o em tecnologia de soldadura de alta precis\u00e3o, concebida para proporcionar uma efici\u00eancia, durabilidade e facilidade de utiliza\u00e7\u00e3o inigual\u00e1veis. Quer esteja a trabalhar em componentes aeroespaciais, pe\u00e7as autom\u00f3veis ou no fabrico de metais complexos, a ZDH-2365J garante soldaduras perfeitas com estabilidade e controlo de arco superiores.<\/p>\n\n\n\n<h3 class=\"wp-block-heading\"><strong>Carater\u00edsticas principais:<\/strong><\/h3>\n\n\n\n<p>1.\u00a0<strong>Tecnologia TIG de impulso avan\u00e7ado<\/strong>\u00a0- Garante soldaduras limpas e sem salpicos com distor\u00e7\u00e3o t\u00e9rmica reduzida.<br>2.\u00a0<strong>Arranque de alta frequ\u00eancia<\/strong>\u00a0- Igni\u00e7\u00e3o por arco fi\u00e1vel para um desempenho consistente.<br>3.\u00a0<strong>Corrente de auto-ajuste e controlo de g\u00e1s<\/strong>\u00a0- Optimiza os par\u00e2metros de soldadura para diferentes materiais.<br>4.\u00a0<strong>Design industrial robusto<\/strong>\u00a0- Constru\u00eddo para ambientes exigentes com arrefecimento e durabilidade melhorados.<br>5.\u00a0<strong>Interface de f\u00e1cil utiliza\u00e7\u00e3o<\/strong>\u00a0- Controlos intuitivos para principiantes e profissionais.<\/p>\n\n\n\n<h3 class=\"wp-block-heading\"><strong>Porqu\u00ea escolher o ZDH-2365J?<\/strong><\/h3>\n\n\n\n<ol class=\"wp-block-list\">\n<li><strong>Soldadura de precis\u00e3o<\/strong>\u00a0- Ideal para metais finos, a\u00e7o inoxid\u00e1vel, alum\u00ednio e muito mais.<\/li>\n\n\n\n<li><strong>Efici\u00eancia energ\u00e9tica<\/strong>\u00a0- Reduz o consumo de energia sem comprometer o desempenho.<\/li>\n\n\n\n<li><strong>Aplica\u00e7\u00f5es vers\u00e1teis<\/strong>\u00a0- Perfeito para fabrico, repara\u00e7\u00e3o e fabrico personalizado.<\/li>\n<\/ol>\n\n\n\n<p>Melhore as suas capacidades de soldadura com o&nbsp;<strong>Soldador TIG autom\u00e1tico ZDH-2365J<\/strong>&nbsp;- onde a inova\u00e7\u00e3o encontra a for\u00e7a industrial.<\/p>\n\n\n\n<p><strong>Dispon\u00edvel agora!<\/strong>&nbsp;Contacte-nos para encomendas e op\u00e7\u00f5es de personaliza\u00e7\u00e3o.<\/p>\n\n\n\n<figure class=\"wp-block-table\"><table class=\"has-fixed-layout\"><tbody><tr><td><strong>N\u00famero do modelo<\/strong><strong><\/strong><\/td><td><strong>ZDH-2365J<\/strong><\/td><\/tr><tr><td>O di\u00e2metro da mesa de trabalho<\/td><td>750 mm<\/td><\/tr><tr><td>Di\u00e2metro do orif\u00edcio de passagem<\/td><td>365 mm<\/td><\/tr><tr><td>\u00c2ngulo de viragem<\/td><td>0-90\u00b0<\/td><\/tr><tr><td>Di\u00e2metro de soldadura<\/td><td>950 mm<\/td><\/tr><tr><td>Raio de oscila\u00e7\u00e3o<\/td><td>800 mm<\/td><\/tr><tr><td>Modo de oscila\u00e7\u00e3o<\/td><td>Balan\u00e7o angular<\/td><\/tr><tr><td>Comprimento efetivo de soldadura<\/td><td>3000mm<\/td><\/tr><tr><td>Dimens\u00f5es totais da m\u00e1quina<\/td><td>3500*1820*2500mm<\/td><\/tr><\/tbody><\/table><\/figure>\n\n\n\n<div class=\"wp-block-uagb-container uagb-block-19c74d43 alignfull uagb-is-root-container\"><div class=\"uagb-container-inner-blocks-wrap\">\n<div class=\"wp-block-uagb-container uagb-block-5923db6f\">\n<figure class=\"wp-block-image size-large\"><img fetchpriority=\"high\" decoding=\"async\" width=\"1024\" height=\"768\" src=\"https:\/\/www.xinhaowelding.com\/wp-content\/uploads\/2025\/06\/IMG_3954-1024x768.png\" alt=\"\" class=\"wp-image-4716\" srcset=\"https:\/\/www.xinhaowelding.com\/wp-content\/uploads\/2025\/06\/IMG_3954-1024x768.png 1024w, https:\/\/www.xinhaowelding.com\/wp-content\/uploads\/2025\/06\/IMG_3954-300x225.png 300w, https:\/\/www.xinhaowelding.com\/wp-content\/uploads\/2025\/06\/IMG_3954-768x576.png 768w, https:\/\/www.xinhaowelding.com\/wp-content\/uploads\/2025\/06\/IMG_3954-1536x1152.png 1536w, https:\/\/www.xinhaowelding.com\/wp-content\/uploads\/2025\/06\/IMG_3954-2048x1536.png 2048w, https:\/\/www.xinhaowelding.com\/wp-content\/uploads\/2025\/06\/IMG_3954-16x12.png 16w, https:\/\/www.xinhaowelding.com\/wp-content\/uploads\/2025\/06\/IMG_3954-600x450.png 600w\" sizes=\"(max-width: 1024px) 100vw, 1024px\" \/><\/figure>\n<\/div>\n\n\n\n<div class=\"wp-block-uagb-container uagb-block-6258c8a8\">\n<figure class=\"wp-block-image size-large\"><img decoding=\"async\" width=\"1024\" height=\"768\" src=\"https:\/\/www.xinhaowelding.com\/wp-content\/uploads\/2025\/06\/IMG_3957-1024x768.png\" alt=\"\" class=\"wp-image-4717\" srcset=\"https:\/\/www.xinhaowelding.com\/wp-content\/uploads\/2025\/06\/IMG_3957-1024x768.png 1024w, https:\/\/www.xinhaowelding.com\/wp-content\/uploads\/2025\/06\/IMG_3957-300x225.png 300w, https:\/\/www.xinhaowelding.com\/wp-content\/uploads\/2025\/06\/IMG_3957-768x576.png 768w, https:\/\/www.xinhaowelding.com\/wp-content\/uploads\/2025\/06\/IMG_3957-1536x1152.png 1536w, https:\/\/www.xinhaowelding.com\/wp-content\/uploads\/2025\/06\/IMG_3957-2048x1536.png 2048w, https:\/\/www.xinhaowelding.com\/wp-content\/uploads\/2025\/06\/IMG_3957-16x12.png 16w, https:\/\/www.xinhaowelding.com\/wp-content\/uploads\/2025\/06\/IMG_3957-600x450.png 600w\" sizes=\"(max-width: 1024px) 100vw, 1024px\" \/><\/figure>\n<\/div>\n<\/div><\/div>\n\n\n\n<h2 class=\"wp-block-heading\"><strong><u><strong>\u4ea7\u54c1\u7ec6\u8282<\/strong><\/u><\/strong><strong><u><strong><\/strong><\/u><\/strong><\/h2>\n\n\n\n<h2 class=\"wp-block-heading\"><strong>Detalhes do produto<\/strong><\/h2>\n\n\n\n<div class=\"wp-block-uagb-container uagb-block-a557925d alignfull uagb-is-root-container\"><div class=\"uagb-container-inner-blocks-wrap\">\n<div class=\"wp-block-uagb-container uagb-block-b25a7312\">\n<figure class=\"wp-block-image size-full\"><img decoding=\"async\" width=\"1000\" height=\"750\" src=\"https:\/\/www.xinhaowelding.com\/wp-content\/uploads\/2025\/06\/\u7ec6\u82821-1.jpg\" alt=\"\" class=\"wp-image-4718\" srcset=\"https:\/\/www.xinhaowelding.com\/wp-content\/uploads\/2025\/06\/\u7ec6\u82821-1.jpg 1000w, https:\/\/www.xinhaowelding.com\/wp-content\/uploads\/2025\/06\/\u7ec6\u82821-1-300x225.jpg 300w, https:\/\/www.xinhaowelding.com\/wp-content\/uploads\/2025\/06\/\u7ec6\u82821-1-768x576.jpg 768w, https:\/\/www.xinhaowelding.com\/wp-content\/uploads\/2025\/06\/\u7ec6\u82821-1-16x12.jpg 16w, https:\/\/www.xinhaowelding.com\/wp-content\/uploads\/2025\/06\/\u7ec6\u82821-1-600x450.jpg 600w\" sizes=\"(max-width: 1000px) 100vw, 1000px\" \/><\/figure>\n<\/div>\n\n\n\n<div class=\"wp-block-uagb-container uagb-block-58dc0f73\">\n<h2 class=\"wp-block-heading has-large-font-size\">Arm\u00e1rio de controlo PLC<\/h2>\n\n\n\n<div class=\"wp-block-group is-layout-constrained wp-block-group-is-layout-constrained\">\n<p>Os par\u00e2metros de soldadura podem ser ajustados em tempo real, conforme necess\u00e1rio. <\/p>\n\n\n\n<p>Opera\u00e7\u00e3o com um bot\u00e3o para completar automaticamente o processo de soldadura.<\/p>\n<\/div>\n<\/div>\n<\/div><\/div>\n\n\n\n<div class=\"wp-block-uagb-container uagb-block-99bfef0b alignfull uagb-is-root-container\"><div class=\"uagb-container-inner-blocks-wrap\">\n<div class=\"wp-block-uagb-container uagb-block-b2606bbd\">\n<figure class=\"wp-block-image size-full\"><img loading=\"lazy\" decoding=\"async\" width=\"1000\" height=\"750\" src=\"https:\/\/www.xinhaowelding.com\/wp-content\/uploads\/2025\/06\/\u7ec6\u82822-1.jpg\" alt=\"\" class=\"wp-image-4719\" srcset=\"https:\/\/www.xinhaowelding.com\/wp-content\/uploads\/2025\/06\/\u7ec6\u82822-1.jpg 1000w, https:\/\/www.xinhaowelding.com\/wp-content\/uploads\/2025\/06\/\u7ec6\u82822-1-300x225.jpg 300w, https:\/\/www.xinhaowelding.com\/wp-content\/uploads\/2025\/06\/\u7ec6\u82822-1-768x576.jpg 768w, https:\/\/www.xinhaowelding.com\/wp-content\/uploads\/2025\/06\/\u7ec6\u82822-1-16x12.jpg 16w, https:\/\/www.xinhaowelding.com\/wp-content\/uploads\/2025\/06\/\u7ec6\u82822-1-600x450.jpg 600w\" sizes=\"(max-width: 1000px) 100vw, 1000px\" \/><\/figure>\n<\/div>\n\n\n\n<div class=\"wp-block-uagb-container uagb-block-42e1d553\">\n<h2 class=\"wp-block-heading has-large-font-size\">Posicionador de furos<\/h2>\n\n\n\n<div class=\"wp-block-group is-layout-constrained wp-block-group-is-layout-constrained\">\n<p>Pode fixar pe\u00e7as de trabalho com diferentes di\u00e2metros. <\/p>\n\n\n\n<p>A fixa\u00e7\u00e3o \u00e9 est\u00e1vel e a precis\u00e3o \u00e9 exacta.<\/p>\n<\/div>\n<\/div>\n<\/div><\/div>\n\n\n\n<div class=\"wp-block-uagb-container uagb-block-3464e075 alignfull uagb-is-root-container\"><div class=\"uagb-container-inner-blocks-wrap\">\n<div class=\"wp-block-uagb-container uagb-block-7f0d4c45\">\n<figure class=\"wp-block-image size-full\"><img loading=\"lazy\" decoding=\"async\" width=\"1000\" height=\"750\" src=\"https:\/\/www.xinhaowelding.com\/wp-content\/uploads\/2025\/06\/\u7ec6\u82823-1.jpg\" alt=\"\" class=\"wp-image-4720\" srcset=\"https:\/\/www.xinhaowelding.com\/wp-content\/uploads\/2025\/06\/\u7ec6\u82823-1.jpg 1000w, https:\/\/www.xinhaowelding.com\/wp-content\/uploads\/2025\/06\/\u7ec6\u82823-1-300x225.jpg 300w, https:\/\/www.xinhaowelding.com\/wp-content\/uploads\/2025\/06\/\u7ec6\u82823-1-768x576.jpg 768w, https:\/\/www.xinhaowelding.com\/wp-content\/uploads\/2025\/06\/\u7ec6\u82823-1-16x12.jpg 16w, https:\/\/www.xinhaowelding.com\/wp-content\/uploads\/2025\/06\/\u7ec6\u82823-1-600x450.jpg 600w\" sizes=\"(max-width: 1000px) 100vw, 1000px\" \/><\/figure>\n<\/div>\n\n\n\n<div class=\"wp-block-uagb-container uagb-block-a1fb708a\">\n<h2 class=\"wp-block-heading has-large-font-size\"><strong>Mandril de soldadura<\/strong><\/h2>\n\n\n\n<div class=\"wp-block-group is-layout-constrained wp-block-group-is-layout-constrained\">\n<p>Furo passante opcional.<\/p>\n\n\n\n<p>Adequado para soldar pe\u00e7as de trabalho de tubo longo.<\/p>\n\n\n\n<p>Motor de marca de qualidade superior.<\/p>\n<\/div>\n<\/div>\n<\/div><\/div>\n\n\n\n<div class=\"wp-block-uagb-container uagb-block-c45e50a6 alignfull uagb-is-root-container\"><div class=\"uagb-container-inner-blocks-wrap\">\n<div class=\"wp-block-uagb-container uagb-block-e3eb2b9c\">\n<figure class=\"wp-block-image size-full\"><img loading=\"lazy\" decoding=\"async\" width=\"1000\" height=\"750\" src=\"https:\/\/www.xinhaowelding.com\/wp-content\/uploads\/2025\/06\/\u7ec6\u82824-1.jpg\" alt=\"\" class=\"wp-image-4721\" srcset=\"https:\/\/www.xinhaowelding.com\/wp-content\/uploads\/2025\/06\/\u7ec6\u82824-1.jpg 1000w, https:\/\/www.xinhaowelding.com\/wp-content\/uploads\/2025\/06\/\u7ec6\u82824-1-300x225.jpg 300w, https:\/\/www.xinhaowelding.com\/wp-content\/uploads\/2025\/06\/\u7ec6\u82824-1-768x576.jpg 768w, https:\/\/www.xinhaowelding.com\/wp-content\/uploads\/2025\/06\/\u7ec6\u82824-1-16x12.jpg 16w, https:\/\/www.xinhaowelding.com\/wp-content\/uploads\/2025\/06\/\u7ec6\u82824-1-600x450.jpg 600w\" sizes=\"(max-width: 1000px) 100vw, 1000px\" \/><\/figure>\n<\/div>\n\n\n\n<div class=\"wp-block-uagb-container uagb-block-29d232a7\">\n<h2 class=\"wp-block-heading has-large-font-size\"><strong>Regula\u00e7\u00e3o el\u00e9ctrica<\/strong><\/h2>\n\n\n\n<div class=\"wp-block-group is-layout-constrained wp-block-group-is-layout-constrained\">\n<p>Posicionamento exato.<\/p>\n\n\n\n<p>Soldadura de \u00e2ngulo oscilante.<\/p>\n<\/div>\n<\/div>\n<\/div><\/div>\n\n\n\n<div class=\"wp-block-uagb-container uagb-block-6e74e6b5 alignfull uagb-is-root-container\"><div class=\"uagb-container-inner-blocks-wrap\">\n<div class=\"wp-block-uagb-container uagb-block-0257bbeb\">\n<figure class=\"wp-block-image size-full\"><img loading=\"lazy\" decoding=\"async\" width=\"1000\" height=\"750\" src=\"https:\/\/www.xinhaowelding.com\/wp-content\/uploads\/2025\/06\/\u7ec6\u82825-1.jpg\" alt=\"\" class=\"wp-image-4722\" srcset=\"https:\/\/www.xinhaowelding.com\/wp-content\/uploads\/2025\/06\/\u7ec6\u82825-1.jpg 1000w, https:\/\/www.xinhaowelding.com\/wp-content\/uploads\/2025\/06\/\u7ec6\u82825-1-300x225.jpg 300w, https:\/\/www.xinhaowelding.com\/wp-content\/uploads\/2025\/06\/\u7ec6\u82825-1-768x576.jpg 768w, https:\/\/www.xinhaowelding.com\/wp-content\/uploads\/2025\/06\/\u7ec6\u82825-1-16x12.jpg 16w, https:\/\/www.xinhaowelding.com\/wp-content\/uploads\/2025\/06\/\u7ec6\u82825-1-600x450.jpg 600w\" sizes=\"(max-width: 1000px) 100vw, 1000px\" \/><\/figure>\n<\/div>\n\n\n\n<div class=\"wp-block-uagb-container uagb-block-990d6b46\">\n<h2 class=\"wp-block-heading has-large-font-size\"><strong>Suporte do rolo de soldadura<\/strong><\/h2>\n\n\n\n<div class=\"wp-block-group is-layout-constrained wp-block-group-is-layout-constrained\">\n<p>Elevada capacidade de carga para segurar as pe\u00e7as de trabalho.<\/p>\n\n\n\n<p>Ajudar na soldadura.<\/p>\n<\/div>\n<\/div>\n<\/div><\/div>\n\n\n\n<h2 class=\"wp-block-heading\">\u4ea7\u54c1\u89e3\u6790<\/h2>\n\n\n\n<h2 class=\"wp-block-heading\">An\u00e1lise do produto<\/h2>\n\n\n\n<div class=\"wp-block-uagb-container uagb-block-1bc3b6fd alignfull uagb-is-root-container\"><div class=\"uagb-container-inner-blocks-wrap\">\n<figure class=\"wp-block-image size-full\"><img loading=\"lazy\" decoding=\"async\" width=\"1000\" height=\"750\" src=\"https:\/\/www.xinhaowelding.com\/wp-content\/uploads\/2025\/06\/\u89e3\u6790.png\" alt=\"\" class=\"wp-image-4723\" srcset=\"https:\/\/www.xinhaowelding.com\/wp-content\/uploads\/2025\/06\/\u89e3\u6790.png 1000w, https:\/\/www.xinhaowelding.com\/wp-content\/uploads\/2025\/06\/\u89e3\u6790-300x225.png 300w, https:\/\/www.xinhaowelding.com\/wp-content\/uploads\/2025\/06\/\u89e3\u6790-768x576.png 768w, https:\/\/www.xinhaowelding.com\/wp-content\/uploads\/2025\/06\/\u89e3\u6790-16x12.png 16w, https:\/\/www.xinhaowelding.com\/wp-content\/uploads\/2025\/06\/\u89e3\u6790-600x450.png 600w\" sizes=\"(max-width: 1000px) 100vw, 1000px\" \/><\/figure>\n<\/div><\/div>\n\n\n\n<figure class=\"wp-block-table\"><table class=\"has-fixed-layout\"><tbody><tr><td class=\"has-text-align-center\" data-align=\"center\"><strong>N\u00famero de s\u00e9rie<\/strong><\/td><td class=\"has-text-align-center\" data-align=\"center\"><strong>Nome<\/strong><\/td><td class=\"has-text-align-center\" data-align=\"center\"><strong>N\u00famero de s\u00e9rie<\/strong><\/td><td class=\"has-text-align-center\" data-align=\"center\"><strong>Nome<\/strong><\/td><\/tr><tr><td class=\"has-text-align-center\" data-align=\"center\">1<\/td><td class=\"has-text-align-center\" data-align=\"center\">Arm\u00e1rio de controlo PLC<\/td><td class=\"has-text-align-center\" data-align=\"center\">6<\/td><td class=\"has-text-align-center\" data-align=\"center\">Alimentador de fio de soldadura<\/td><\/tr><tr><td class=\"has-text-align-center\" data-align=\"center\">2<\/td><td class=\"has-text-align-center\" data-align=\"center\">Posicionador de soldadura<\/td><td class=\"has-text-align-center\" data-align=\"center\">7<\/td><td class=\"has-text-align-center\" data-align=\"center\">Coluna<\/td><\/tr><tr><td class=\"has-text-align-center\" data-align=\"center\">3<\/td><td class=\"has-text-align-center\" data-align=\"center\">Mandril de soldadura<\/td><td class=\"has-text-align-center\" data-align=\"center\">8<\/td><td class=\"has-text-align-center\" data-align=\"center\">Base m\u00f3vel<\/td><\/tr><tr><td class=\"has-text-align-center\" data-align=\"center\">4<\/td><td class=\"has-text-align-center\" data-align=\"center\">Ma\u00e7arico de soldadura TIG<\/td><td class=\"has-text-align-center\" data-align=\"center\">9<\/td><td class=\"has-text-align-center\" data-align=\"center\">Suporte de soldadura<\/td><\/tr><tr><td class=\"has-text-align-center\" data-align=\"center\">5<\/td><td class=\"has-text-align-center\" data-align=\"center\">Regula\u00e7\u00e3o el\u00e9ctrica da altura<\/td><td class=\"has-text-align-center\" data-align=\"center\">10<\/td><td class=\"has-text-align-center\" data-align=\"center\">Base fixa<\/td><\/tr><\/tbody><\/table><\/figure>\n\n\n\n<h2 class=\"wp-block-heading\">\u4ea7\u54c1\u5c3a\u5bf8<\/h2>\n\n\n\n<h2 class=\"wp-block-heading\">Dimens\u00f5es do produto<\/h2>\n\n\n\n<div class=\"wp-block-uagb-container uagb-block-3287ac1a alignfull uagb-is-root-container\"><div class=\"uagb-container-inner-blocks-wrap\">\n<figure class=\"wp-block-image size-full\"><img loading=\"lazy\" decoding=\"async\" width=\"1000\" height=\"750\" src=\"https:\/\/www.xinhaowelding.com\/wp-content\/uploads\/2025\/06\/\u5c3a\u5bf8-1.png\" alt=\"\" class=\"wp-image-4724\" srcset=\"https:\/\/www.xinhaowelding.com\/wp-content\/uploads\/2025\/06\/\u5c3a\u5bf8-1.png 1000w, https:\/\/www.xinhaowelding.com\/wp-content\/uploads\/2025\/06\/\u5c3a\u5bf8-1-300x225.png 300w, https:\/\/www.xinhaowelding.com\/wp-content\/uploads\/2025\/06\/\u5c3a\u5bf8-1-768x576.png 768w, https:\/\/www.xinhaowelding.com\/wp-content\/uploads\/2025\/06\/\u5c3a\u5bf8-1-16x12.png 16w, https:\/\/www.xinhaowelding.com\/wp-content\/uploads\/2025\/06\/\u5c3a\u5bf8-1-600x450.png 600w\" sizes=\"(max-width: 1000px) 100vw, 1000px\" \/><\/figure>\n<\/div><\/div>\n\n\n\n<h2 class=\"wp-block-heading\">\u73b0\u573a\u5b9e\u62cd<\/h2>\n\n\n\n<h2 class=\"wp-block-heading\">Filmagem em direto<\/h2>\n\n\n\n<div class=\"wp-block-uagb-container uagb-block-8e1bee22 alignfull uagb-is-root-container\"><div class=\"uagb-container-inner-blocks-wrap\">\n<div class=\"wp-block-uagb-container uagb-block-aa1ecfe4\">\n<figure class=\"wp-block-image size-full\"><img loading=\"lazy\" decoding=\"async\" width=\"750\" height=\"1000\" src=\"https:\/\/www.xinhaowelding.com\/wp-content\/uploads\/2025\/06\/10.jpg\" alt=\"\" class=\"wp-image-4725\" srcset=\"https:\/\/www.xinhaowelding.com\/wp-content\/uploads\/2025\/06\/10.jpg 750w, https:\/\/www.xinhaowelding.com\/wp-content\/uploads\/2025\/06\/10-225x300.jpg 225w, https:\/\/www.xinhaowelding.com\/wp-content\/uploads\/2025\/06\/10-9x12.jpg 9w, https:\/\/www.xinhaowelding.com\/wp-content\/uploads\/2025\/06\/10-600x800.jpg 600w\" sizes=\"(max-width: 750px) 100vw, 750px\" \/><\/figure>\n<\/div>\n\n\n\n<div class=\"wp-block-uagb-container uagb-block-9ad33068\">\n<figure class=\"wp-block-image size-full\"><img loading=\"lazy\" decoding=\"async\" width=\"750\" height=\"1002\" src=\"https:\/\/www.xinhaowelding.com\/wp-content\/uploads\/2025\/06\/5-1.jpg\" alt=\"\" class=\"wp-image-4726\" srcset=\"https:\/\/www.xinhaowelding.com\/wp-content\/uploads\/2025\/06\/5-1.jpg 750w, https:\/\/www.xinhaowelding.com\/wp-content\/uploads\/2025\/06\/5-1-225x300.jpg 225w, https:\/\/www.xinhaowelding.com\/wp-content\/uploads\/2025\/06\/5-1-9x12.jpg 9w, https:\/\/www.xinhaowelding.com\/wp-content\/uploads\/2025\/06\/5-1-600x802.jpg 600w\" sizes=\"(max-width: 750px) 100vw, 750px\" \/><\/figure>\n<\/div>\n<\/div><\/div>\n\n\n\n<p class=\"has-text-align-center\"><a href=\"http:\/\/www.google.com\" title=\"www.google.com\">www.google.com<\/a><\/p>","protected":false},"excerpt":{"rendered":"<p><strong>Soldador autom\u00e1tico de arco de \u00e1rgon ZDH-2365J<\/strong>\u00a0- Soldadura TIG de precis\u00e3o, elevada efici\u00eancia, arco est\u00e1vel, para metais como Al\/A\u00e7o inoxid\u00e1vel.<\/p>","protected":false},"featured_media":4730,"comment_status":"open","ping_status":"closed","template":"","meta":{"om_disable_all_campaigns":false,"_uag_custom_page_level_css":"","_monsterinsights_skip_tracking":false,"_monsterinsights_sitenote_active":false,"_monsterinsights_sitenote_note":"","_monsterinsights_sitenote_category":0,"site-sidebar-layout":"default","site-content-layout":"","ast-site-content-layout":"default","site-content-style":"default","site-sidebar-style":"default","ast-global-header-display":"","ast-banner-title-visibility":"","ast-main-header-display":"","ast-hfb-above-header-display":"","ast-hfb-below-header-display":"","ast-hfb-mobile-header-display":"","site-post-title":"","ast-breadcrumbs-content":"","ast-featured-img":"","footer-sml-layout":"","theme-transparent-header-meta":"","adv-header-id-meta":"","stick-header-meta":"","header-above-stick-meta":"","header-main-stick-meta":"","header-below-stick-meta":"","astra-migrate-meta-layouts":"set","ast-page-background-enabled":"default","ast-page-background-meta":{"desktop":{"background-color":"","background-image":"","background-repeat":"repeat","background-position":"center center","background-size":"auto","background-attachment":"scroll","background-type":"","background-media":"","overlay-type":"","overlay-color":"","overlay-opacity":"","overlay-gradient":""},"tablet":{"background-color":"","background-image":"","background-repeat":"repeat","background-position":"center center","background-size":"auto","background-attachment":"scroll","background-type":"","background-media":"","overlay-type":"","overlay-color":"","overlay-opacity":"","overlay-gradient":""},"mobile":{"background-color":"","background-image":"","background-repeat":"repeat","background-position":"center center","background-size":"auto","background-attachment":"scroll","background-type":"","background-media":"","overlay-type":"","overlay-color":"","overlay-opacity":"","overlay-gradient":""}},"ast-content-background-meta":{"desktop":{"background-color":"var(--ast-global-color-5)","background-image":"","background-repeat":"repeat","background-position":"center center","background-size":"auto","background-attachment":"scroll","background-type":"","background-media":"","overlay-type":"","overlay-color":"","overlay-opacity":"","overlay-gradient":""},"tablet":{"background-color":"var(--ast-global-color-5)","background-image":"","background-repeat":"repeat","background-position":"center center","background-size":"auto","background-attachment":"scroll","background-type":"","background-media":"","overlay-type":"","overlay-color":"","overlay-opacity":"","overlay-gradient":""},"mobile":{"background-color":"var(--ast-global-color-5)","background-image":"","background-repeat":"repeat","background-position":"center center","background-size":"auto","background-attachment":"scroll","background-type":"","background-media":"","overlay-type":"","overlay-color":"","overlay-opacity":"","overlay-gradient":""}}},"product_brand":[],"product_cat":[67,57,56],"product_tag":[],"class_list":{"0":"post-4715","1":"product","2":"type-product","3":"status-publish","4":"has-post-thumbnail","6":"product_cat-argon-arc-automatic-welding","7":"product_cat-automatic-welding-equipment","8":"product_cat-products","9":"desktop-align-left","10":"tablet-align-left","11":"mobile-align-left","13":"first","14":"instock","15":"shipping-taxable","16":"product-type-simple"},"aioseo_notices":[],"uagb_featured_image_src":{"full":["https:\/\/www.xinhaowelding.com\/wp-content\/uploads\/2025\/06\/1-1.jpg",800,800,false],"thumbnail":["https:\/\/www.xinhaowelding.com\/wp-content\/uploads\/2025\/06\/1-1-150x150.jpg",150,150,true],"medium":["https:\/\/www.xinhaowelding.com\/wp-content\/uploads\/2025\/06\/1-1-300x300.jpg",300,300,true],"medium_large":["https:\/\/www.xinhaowelding.com\/wp-content\/uploads\/2025\/06\/1-1-768x768.jpg",768,768,true],"large":["https:\/\/www.xinhaowelding.com\/wp-content\/uploads\/2025\/06\/1-1.jpg",800,800,false],"1536x1536":["https:\/\/www.xinhaowelding.com\/wp-content\/uploads\/2025\/06\/1-1.jpg",800,800,false],"2048x2048":["https:\/\/www.xinhaowelding.com\/wp-content\/uploads\/2025\/06\/1-1.jpg",800,800,false],"trp-custom-language-flag":["https:\/\/www.xinhaowelding.com\/wp-content\/uploads\/2025\/06\/1-1-12x12.jpg",12,12,true],"woocommerce_thumbnail":["https:\/\/www.xinhaowelding.com\/wp-content\/uploads\/2025\/06\/1-1-600x600.jpg",600,600,true],"woocommerce_single":["https:\/\/www.xinhaowelding.com\/wp-content\/uploads\/2025\/06\/1-1-600x600.jpg",600,600,true],"woocommerce_gallery_thumbnail":["https:\/\/www.xinhaowelding.com\/wp-content\/uploads\/2025\/06\/1-1-100x100.jpg",100,100,true]},"uagb_author_info":{"display_name":"jinxing6611@gmail.com","author_link":"https:\/\/www.xinhaowelding.com\/pt\/author\/"},"uagb_comment_info":0,"uagb_excerpt":"ZDH-2365J Argon Arc Auto Welder\u00a0\u2013 Precision TIG welding, high efficiency, stable arc, for metals like Al\/Stainless Steel.","_links":{"self":[{"href":"https:\/\/www.xinhaowelding.com\/pt\/wp-json\/wp\/v2\/product\/4715","targetHints":{"allow":["GET"]}}],"collection":[{"href":"https:\/\/www.xinhaowelding.com\/pt\/wp-json\/wp\/v2\/product"}],"about":[{"href":"https:\/\/www.xinhaowelding.com\/pt\/wp-json\/wp\/v2\/types\/product"}],"replies":[{"embeddable":true,"href":"https:\/\/www.xinhaowelding.com\/pt\/wp-json\/wp\/v2\/comments?post=4715"}],"wp:featuredmedia":[{"embeddable":true,"href":"https:\/\/www.xinhaowelding.com\/pt\/wp-json\/wp\/v2\/media\/4730"}],"wp:attachment":[{"href":"https:\/\/www.xinhaowelding.com\/pt\/wp-json\/wp\/v2\/media?parent=4715"}],"wp:term":[{"taxonomy":"product_brand","embeddable":true,"href":"https:\/\/www.xinhaowelding.com\/pt\/wp-json\/wp\/v2\/product_brand?post=4715"},{"taxonomy":"product_cat","embeddable":true,"href":"https:\/\/www.xinhaowelding.com\/pt\/wp-json\/wp\/v2\/product_cat?post=4715"},{"taxonomy":"product_tag","embeddable":true,"href":"https:\/\/www.xinhaowelding.com\/pt\/wp-json\/wp\/v2\/product_tag?post=4715"}],"curies":[{"name":"wp","href":"https:\/\/api.w.org\/{rel}","templated":true}]}}